{"id":4940,"date":"2023-05-19T17:00:54","date_gmt":"2023-05-19T15:00:54","guid":{"rendered":"https:\/\/www.lesrencontreseconomiques.fr\/?page_id=4940"},"modified":"2024-07-01T18:37:09","modified_gmt":"2024-07-01T16:37:09","slug":"inscription","status":"publish","type":"page","link":"https:\/\/www.lesrencontreseconomiques.fr\/inscription\/","title":{"rendered":"Inscription"},"content":{"rendered":"<div class=\"-wrapper -668 -mt-90 -mb-90\">\n<div class=\"cp-intro -texte\">\n<div class=\"description\">\n<div class=\"cp-texte\">\n<h2>\u00c0 Aix-en-Provence ou en ligne, inscrivez-vous pour vivre les 24e Rencontres \u00c9conomiques d&rsquo;Aix-en-Provence<\/h2>\n<p>Les Rencontres \u00c9conomiques d\u2019Aix-en-Provence, les 5 et 6 juillet 2024, sont le plus grand d\u00e9bat \u00e9conomique d\u2019Europe ouvert \u00e0 tous, en pr\u00e9sentiel ou \u00e0 distance. Pendant deux jours, <a href=\"https:\/\/www.lesrencontreseconomiques.fr\/programme\/\">70 d\u00e9bats et discussions<\/a> seront anim\u00e9s par <a href=\"https:\/\/www.lesrencontreseconomiques.fr\/intervenants\/\">380 intervenants<\/a> autour du th\u00e8me \u00ab Relier les mondes \u00bb.<\/p>\n<p>Inscrivez-vous gratuitement et entrez dans le d\u00e9bat !<\/p>\n<p>&nbsp;<\/p>\n<p><a class=\"cp-cta-bouton\" href=\"#inscription_presentiel\">Formulaire d&rsquo;inscription pr\u00e9sentiel<\/a>\u00a0 <a class=\"cp-cta-bouton\" href=\"#inscription_online\">Formulaire d&rsquo;inscription en ligne<\/a><\/p>\n<\/p><\/div>\n<\/p><\/div>\n<\/p><\/div>\n<\/p><\/div>\n<div class=\"-wrapper -668 -is-hr -mt-90 -mb-90\">\n<hr>\n<\/div>\n<div class=\"-wrapper -668 -mt-90 -mb-90\">\n<div class=\"cp-intro -texte\">\n<div class=\"description\">\n<div class=\"cp-texte\">\n<h2><a id=\"inscription_presentiel\" class=\"c-anchor\"><\/a>Formulaire d&rsquo;inscription pr\u00e9sentiel<\/h2>\n<p>Veuillez saisir les informations pour compl\u00e9ter votre inscription. Chaque demande est nominale. Veuillez remplir un formulaire pour chaque participant \u00e0 accr\u00e9diter.<\/p>\n<\/p><\/div>\n<\/p><\/div>\n<\/p><\/div>\n<\/p><\/div>\n<div class=\"-wrapper -668 -mt-90 -mb-90\">\n<div class=\"cp-intro -texte\">\n<div class=\"description\">\n<div class=\"cp-texte\">\n<div class=\"df-form-widget\" data-form-code=\"reaix_gp_presentiel_2024\" data-domain=\"cercle.digifactory.fr\"><\/div>\n<\/p><\/div>\n<\/p><\/div>\n<\/p><\/div>\n<\/div>\n<div class=\"-wrapper -668 -is-hr -mt-90 -mb-90\">\n<hr>\n<\/div>\n<div class=\"-wrapper -668 -mt-90 -mb-90\">\n<div class=\"cp-intro -texte\">\n<div class=\"description\">\n<div class=\"cp-texte\">\n<h2><a id=\"inscription_online\" class=\"c-anchor\"><\/a>Formulaire d&rsquo;inscription en ligne<\/h2>\n<p>Veuillez saisir les informations pour compl\u00e9ter votre inscription. Chaque demande est nominale. Veuillez remplir un formulaire pour chaque participant \u00e0 accr\u00e9diter.<\/p>\n<\/p><\/div>\n<\/p><\/div>\n<\/p><\/div>\n<\/p><\/div>\n<div class=\"-wrapper -668 -mt-90 -mb-90\">\n<div class=\"cp-intro -texte\">\n<div class=\"description\">\n<div class=\"cp-texte\">\n<div class=\"df-form-widget\" data-form-code=\"reaix_gp_distanciel_2024\" data-domain=\"cercle.digifactory.fr\"><\/div>\n<\/p><\/div>\n<\/p><\/div>\n<\/p><\/div>\n<\/div>\n","protected":false},"excerpt":{"rendered":"<p>\u00c0 Aix-en-Provence ou en ligne, inscrivez-vous pour vivre les 24e Rencontres \u00c9conomiques d&rsquo;Aix-en-Provence Les Rencontres \u00c9conomiques d\u2019Aix-en-Provence, les 5 et 6 juillet 2024, sont le plus grand d\u00e9bat \u00e9conomique d\u2019Europe ouvert \u00e0 tous, en pr\u00e9sentiel ou \u00e0 distance. Pendant deux jours, 70 d\u00e9bats et discussions seront anim\u00e9s par 380 intervenants autour du th\u00e8me \u00ab Relier [&hellip;]<\/p>\n","protected":false},"author":6,"featured_media":0,"parent":0,"menu_order":0,"comment_status":"closed","ping_status":"closed","template":"","meta":{"_acf_changed":false,"footnotes":""},"class_list":["post-4940","page","type-page","status-publish","hentry"],"acf":[],"yoast_head":"<!-- This site is optimized with the Yoast SEO plugin v24.5 - https:\/\/yoast.com\/wordpress\/plugins\/seo\/ -->\n<title>Inscription - Les Rencontres \u00c9conomiques<\/title>\n<meta name=\"robots\" content=\"index, follow, max-snippet:-1, max-image-preview:large, max-video-preview:-1\" \/>\n<link rel=\"canonical\" href=\"https:\/\/www.lesrencontreseconomiques.fr\/inscription\/\" \/>\n<meta property=\"og:locale\" content=\"fr_FR\" \/>\n<meta property=\"og:type\" content=\"article\" \/>\n<meta property=\"og:description\" content=\"\u00c0 Aix-en-Provence ou en ligne, inscrivez-vous pour vivre les 24e Rencontres \u00c9conomiques d&rsquo;Aix-en-Provence Les Rencontres \u00c9conomiques d\u2019Aix-en-Provence, les 5 et 6 juillet 2024, sont le plus grand d\u00e9bat \u00e9conomique d\u2019Europe ouvert \u00e0 tous, en pr\u00e9sentiel ou \u00e0 distance. Pendant deux jours, 70 d\u00e9bats et discussions seront anim\u00e9s par 380 intervenants autour du th\u00e8me \u00ab Relier [&hellip;]\" \/>\n<meta property=\"og:url\" content=\"https:\/\/www.lesrencontreseconomiques.fr\/inscription\/\" \/>\n<meta property=\"og:site_name\" content=\"Les Rencontres \u00c9conomiques\" \/>\n<meta property=\"article:publisher\" content=\"https:\/\/www.facebook.com\/Le.Cercle.des.Economistes\/\" \/>\n<meta property=\"article:modified_time\" content=\"2024-07-01T16:37:09+00:00\" \/>\n<meta property=\"og:image\" content=\"https:\/\/www.lesrencontreseconomiques.fr\/wp-content\/uploads\/2024\/07\/7e-Assises-de-la-Cooperation-et-du-Mutualisme-1.png\" \/>\n\t<meta property=\"og:image:width\" content=\"1600\" \/>\n\t<meta property=\"og:image:height\" content=\"900\" \/>\n\t<meta property=\"og:image:type\" content=\"image\/png\" \/>\n<meta name=\"twitter:card\" content=\"summary_large_image\" \/>\n<meta name=\"twitter:site\" content=\"@Cercle_eco\" \/>\n<script type=\"application\/ld+json\" class=\"yoast-schema-graph\">{\"@context\":\"https:\/\/schema.org\",\"@graph\":[{\"@type\":\"WebPage\",\"@id\":\"https:\/\/www.lesrencontreseconomiques.fr\/inscription\/\",\"url\":\"https:\/\/www.lesrencontreseconomiques.fr\/inscription\/\",\"name\":\"Inscription - Les Rencontres \u00c9conomiques\",\"isPartOf\":{\"@id\":\"https:\/\/www.lesrencontreseconomiques.fr\/#website\"},\"datePublished\":\"2023-05-19T15:00:54+00:00\",\"dateModified\":\"2024-07-01T16:37:09+00:00\",\"breadcrumb\":{\"@id\":\"https:\/\/www.lesrencontreseconomiques.fr\/inscription\/#breadcrumb\"},\"inLanguage\":\"fr-FR\",\"potentialAction\":[{\"@type\":\"ReadAction\",\"target\":[\"https:\/\/www.lesrencontreseconomiques.fr\/inscription\/\"]}]},{\"@type\":\"BreadcrumbList\",\"@id\":\"https:\/\/www.lesrencontreseconomiques.fr\/inscription\/#breadcrumb\",\"itemListElement\":[{\"@type\":\"ListItem\",\"position\":1,\"name\":\"Accueil\",\"item\":\"https:\/\/www.lesrencontreseconomiques.fr\/\"},{\"@type\":\"ListItem\",\"position\":2,\"name\":\"Inscription\"}]},{\"@type\":\"WebSite\",\"@id\":\"https:\/\/www.lesrencontreseconomiques.fr\/#website\",\"url\":\"https:\/\/www.lesrencontreseconomiques.fr\/\",\"name\":\"Les Rencontres \u00c9conomiques\",\"description\":\"\",\"potentialAction\":[{\"@type\":\"SearchAction\",\"target\":{\"@type\":\"EntryPoint\",\"urlTemplate\":\"https:\/\/www.lesrencontreseconomiques.fr\/?s={search_term_string}\"},\"query-input\":{\"@type\":\"PropertyValueSpecification\",\"valueRequired\":true,\"valueName\":\"search_term_string\"}}],\"inLanguage\":\"fr-FR\"}]}<\/script>\n<!-- \/ Yoast SEO plugin. -->","yoast_head_json":{"title":"Inscription - Les Rencontres \u00c9conomiques","robots":{"index":"index","follow":"follow","max-snippet":"max-snippet:-1","max-image-preview":"max-image-preview:large","max-video-preview":"max-video-preview:-1"},"canonical":"https:\/\/www.lesrencontreseconomiques.fr\/inscription\/","og_locale":"fr_FR","og_type":"article","og_description":"\u00c0 Aix-en-Provence ou en ligne, inscrivez-vous pour vivre les 24e Rencontres \u00c9conomiques d&rsquo;Aix-en-Provence Les Rencontres \u00c9conomiques d\u2019Aix-en-Provence, les 5 et 6 juillet 2024, sont le plus grand d\u00e9bat \u00e9conomique d\u2019Europe ouvert \u00e0 tous, en pr\u00e9sentiel ou \u00e0 distance. Pendant deux jours, 70 d\u00e9bats et discussions seront anim\u00e9s par 380 intervenants autour du th\u00e8me \u00ab Relier [&hellip;]","og_url":"https:\/\/www.lesrencontreseconomiques.fr\/inscription\/","og_site_name":"Les Rencontres \u00c9conomiques","article_publisher":"https:\/\/www.facebook.com\/Le.Cercle.des.Economistes\/","article_modified_time":"2024-07-01T16:37:09+00:00","og_image":[{"width":1600,"height":900,"url":"https:\/\/www.lesrencontreseconomiques.fr\/wp-content\/uploads\/2024\/07\/7e-Assises-de-la-Cooperation-et-du-Mutualisme-1.png","type":"image\/png"}],"twitter_card":"summary_large_image","twitter_site":"@Cercle_eco","schema":{"@context":"https:\/\/schema.org","@graph":[{"@type":"WebPage","@id":"https:\/\/www.lesrencontreseconomiques.fr\/inscription\/","url":"https:\/\/www.lesrencontreseconomiques.fr\/inscription\/","name":"Inscription - Les Rencontres \u00c9conomiques","isPartOf":{"@id":"https:\/\/www.lesrencontreseconomiques.fr\/#website"},"datePublished":"2023-05-19T15:00:54+00:00","dateModified":"2024-07-01T16:37:09+00:00","breadcrumb":{"@id":"https:\/\/www.lesrencontreseconomiques.fr\/inscription\/#breadcrumb"},"inLanguage":"fr-FR","potentialAction":[{"@type":"ReadAction","target":["https:\/\/www.lesrencontreseconomiques.fr\/inscription\/"]}]},{"@type":"BreadcrumbList","@id":"https:\/\/www.lesrencontreseconomiques.fr\/inscription\/#breadcrumb","itemListElement":[{"@type":"ListItem","position":1,"name":"Accueil","item":"https:\/\/www.lesrencontreseconomiques.fr\/"},{"@type":"ListItem","position":2,"name":"Inscription"}]},{"@type":"WebSite","@id":"https:\/\/www.lesrencontreseconomiques.fr\/#website","url":"https:\/\/www.lesrencontreseconomiques.fr\/","name":"Les Rencontres \u00c9conomiques","description":"","potentialAction":[{"@type":"SearchAction","target":{"@type":"EntryPoint","urlTemplate":"https:\/\/www.lesrencontreseconomiques.fr\/?s={search_term_string}"},"query-input":{"@type":"PropertyValueSpecification","valueRequired":true,"valueName":"search_term_string"}}],"inLanguage":"fr-FR"}]}},"_links":{"self":[{"href":"https:\/\/www.lesrencontreseconomiques.fr\/wp-json\/wp\/v2\/pages\/4940","targetHints":{"allow":["GET"]}}],"collection":[{"href":"https:\/\/www.lesrencontreseconomiques.fr\/wp-json\/wp\/v2\/pages"}],"about":[{"href":"https:\/\/www.lesrencontreseconomiques.fr\/wp-json\/wp\/v2\/types\/page"}],"author":[{"embeddable":true,"href":"https:\/\/www.lesrencontreseconomiques.fr\/wp-json\/wp\/v2\/users\/6"}],"replies":[{"embeddable":true,"href":"https:\/\/www.lesrencontreseconomiques.fr\/wp-json\/wp\/v2\/comments?post=4940"}],"version-history":[{"count":42,"href":"https:\/\/www.lesrencontreseconomiques.fr\/wp-json\/wp\/v2\/pages\/4940\/revisions"}],"predecessor-version":[{"id":19058,"href":"https:\/\/www.lesrencontreseconomiques.fr\/wp-json\/wp\/v2\/pages\/4940\/revisions\/19058"}],"wp:attachment":[{"href":"https:\/\/www.lesrencontreseconomiques.fr\/wp-json\/wp\/v2\/media?parent=4940"}],"curies":[{"name":"wp","href":"https:\/\/api.w.org\/{rel}","templated":true}]}}