{"id":2255,"date":"2021-12-03T13:12:18","date_gmt":"2021-12-03T12:12:18","guid":{"rendered":"https:\/\/www.lesrencontreseconomiques.fr\/?page_id=2255"},"modified":"2024-06-11T16:52:33","modified_gmt":"2024-06-11T14:52:33","slug":"media","status":"publish","type":"page","link":"https:\/\/www.lesrencontreseconomiques.fr\/media\/","title":{"rendered":"Media"},"content":{"rendered":"<div class=\"-wrapper -846 -mt-90 -mb-90\">\n<div class=\"cp-intro -texte\">\n<div class=\"description\">\n<div class=\"cp-texte\">\n<h3>Les Rencontres \u00c9conomiques d\u2019Aix-en-Provence auront lieu les 5, 6 et 7 juillet 2024. Organis\u00e9s \u00e0 Aix-en-Provence, les d\u00e9bats seront int\u00e9gralement diffus\u00e9s en ligne et accessibles \u00e0 tous.<\/h3>\n<p>&nbsp;<\/p>\n<p>Pour toute question relative \u00e0 la couverture presse des Rencontres, contactez <a href=\"mailto:anne.bidoli@cercledeseconomistes.fr\" target=\"_blank\" rel=\"noopener\">anne.bidoli@cercledeseconomistes.fr<\/a><\/p>\n<p>&nbsp;<\/p>\n<p>Vous recherchez\u2026<\/p>\n<h3><a href=\"#cp\">Communiqu\u00e9s de presse<\/a> \u2013 <a href=\"#accreditation\">Accr\u00e9ditation <\/a>\u2013 <a href=\"#chiffres\">Chiffres cl\u00e9s<\/a> \u2013 <a href=\"#logos-photos\">Logos &amp; Photos<\/a> \u2013 <a href=\"#social\">R\u00e9seaux sociaux<\/a> \u2013 <a href=\"#contact\">Contacts<\/a><\/h3>\n<\/p><\/div>\n<\/p><\/div>\n<\/p><\/div>\n<\/p><\/div>\n<div class=\"-wrapper -846 -is-hr -mt-90 -mb-90\">\n<hr>\n<\/div>\n<div class=\"-wrapper -846 -mt-90 -mb-90\">\n<div class=\"cp-intro -texte\">\n<div class=\"description\">\n<div class=\"cp-texte\">\n<h2><a id=\"cp\" class=\"c-anchor\"><\/a>Communiqu\u00e9s de presse<\/h2>\n<p><a class=\"cp-cta-bouton -telecharger\" href=\"https:\/\/www.lesrencontreseconomiques.fr\/wp-content\/uploads\/2024\/06\/240610_Communique-de-Presse-REAIX-2024MJ.pdf\" target=\"_blank\" rel=\"noopener\">11.06.24 | Notre mission est de d\u00e9battre et d\u2019analyser les grands enjeux \u00e9conomiques et sociaux \u00e0 venir. Nous maintenons les Rencontres \u00c9conomiques vendredi 5 et samedi 6 juillet 2024.<\/a><\/p>\n<p>&nbsp;<\/p>\n<p style=\"text-align: left;\"><a class=\"cp-cta-bouton -telecharger\" href=\"https:\/\/www.lesrencontreseconomiques.fr\/wp-content\/uploads\/2024\/05\/240515_Communique-de-Presse-REAIX-2024_V3.pdf\" target=\"_blank\" rel=\"noopener\">16.05.24 | Le plus grand d\u00e9bat \u00e9conomique et social propose de s\u2019int\u00e9resser \u00e0 comment \u00ab Relier les mondes, vers une r\u00e9conciliation \u00bb<\/a><\/p>\n<\/p><\/div>\n<\/p><\/div>\n<\/p><\/div>\n<\/p><\/div>\n<div class=\"-wrapper -846 -is-hr -mt-90 -mb-90\">\n<hr>\n<\/div>\n<div class=\"-wrapper -846 -mt-90 -mb-90\">\n<div class=\"cp-intro -texte\">\n<div class=\"description\">\n<div class=\"cp-texte\">\n<h2><a id=\"accreditation\" class=\"c-anchor\"><\/a>Accr\u00e9ditation<\/h2>\n<blockquote>\n<p>Puis-je demander une accr\u00e9ditation ? Comment proc\u00e9der ?<\/p>\n<\/blockquote>\n<p>Vous pouvez demander une accr\u00e9ditation pour les Rencontres \u00c9conomiques en remplissant un formulaire, accessible en cliquant sur le bouton ci-dessous.<\/p>\n<p>&nbsp;<\/p>\n<p style=\"text-align: center;\"><a class=\"cp-cta-bouton\" href=\"https:\/\/www.lesrencontreseconomiques.fr\/media\/accreditation-media\/\">Demander une accr\u00e9ditation<\/a><\/p>\n<p>&nbsp;<\/p>\n<\/p><\/div>\n<\/p><\/div>\n<\/p><\/div>\n<\/p><\/div>\n<div class=\"-wrapper -846 -is-hr -mt-90 -mb-90\">\n<hr>\n<\/div>\n<div class=\"-wrapper -846 -mt-90 -mb-90\">\n<div class=\"cp-intro -texte\">\n<div class=\"description\">\n<div class=\"cp-texte\">\n<h2><a id=\"chiffres\" class=\"c-anchor\"><\/a>Chiffres cl\u00e9s<\/h2>\n<\/p><\/div>\n<\/p><\/div>\n<\/p><\/div>\n<\/p><\/div>\n<div class=\"-wrapper -846 -mt-90 -mb-90\">\n<div class=\"cp-chiffres-rouges\" data-reaix-uid-1>\n<div class=\"titre\" data-aos=\"fade-right\" data-aos-anchor-placement=\"top-bottom\" data-aos-offset=\"200\" data-aos-anchor=\"[data-reaix-uid-1]\">\n\t\t\tLes Rencontres \u00c9conomiques 2023 c&rsquo;\u00e9tait\t\t<\/div>\n<div class=\"focus\" data-aos=\"fade-up\" data-aos-anchor-placement=\"top-bottom\" data-aos-offset=\"200\" data-aos-delay=\"200\" data-aos-anchor=\"[data-reaix-uid-1]\">\n<div class=\"data\">5M<\/div>\n<div class=\"texte\">de vues des vid\u00e9os<\/div>\n<\/p><\/div>\n<div class=\"focus\" data-aos=\"fade-up\" data-aos-anchor-placement=\"top-bottom\" data-aos-offset=\"200\" data-aos-delay=\"400\" data-aos-anchor=\"[data-reaix-uid-1]\">\n<div class=\"data\">7000<\/div>\n<div class=\"texte\">participants sur place<\/div>\n<\/p><\/div>\n<div class=\"focus\" data-aos=\"fade-up\" data-aos-anchor-placement=\"top-bottom\" data-aos-offset=\"200\" data-aos-delay=\"600\" data-aos-anchor=\"[data-reaix-uid-1]\">\n<div class=\"data\">386<\/div>\n<div class=\"texte\">intervenants de 47 nationalit\u00e9s<\/div>\n<\/p><\/div>\n<\/p><\/div>\n<\/div>\n<div class=\"-wrapper -846 -is-hr -mt-90 -mb-90\">\n<hr>\n<\/div>\n<div class=\"-wrapper -846 -mt-90 -mb-minus-50\">\n<h2 class=\"cp-titre-rouge\">Mais aussi&#8230;<\/h2>\n<\/div>\n<div class=\"-wrapper -846 -mt-90 -mb-90\">\n<div class=\"cp-chiffres-gris\" data-reaix-uid-2>\n\t\t\t\t<span class=\"chiffre\" data-aos=\"fade-left\" data-aos-anchor-placement=\"top-bottom\" data-aos-offset=\"200\" data-aos-anchor=\"[data-reaix-uid-2]\"><br \/>\n\t\t\t<strong>67<\/strong> sessions et d\u00e9bats\t\t<\/span><br \/>\n\t\t\t\t<span class=\"chiffre\" data-aos=\"fade-left\" data-aos-anchor-placement=\"top-bottom\" data-aos-offset=\"200\" data-aos-delay=\"400\" data-aos-anchor=\"[data-reaix-uid-2]\"><br \/>\n\t\t\t<strong>150<\/strong> jeunes de 18 \u00e0 30 ans invit\u00e9s\t\t<\/span><br \/>\n\t\t\t\t<span class=\"chiffre\" data-aos=\"fade-left\" data-aos-anchor-placement=\"top-bottom\" data-aos-offset=\"200\" data-aos-delay=\"800\" data-aos-anchor=\"[data-reaix-uid-2]\"><br \/>\n\t\t\t<strong>1400<\/strong> retomb\u00e9es dans la presse fran\u00e7aise et internationale\t\t<\/span><br \/>\n\t\t\t\t<span class=\"chiffre\" data-aos=\"fade-left\" data-aos-anchor-placement=\"top-bottom\" data-aos-offset=\"200\" data-aos-delay=\"1200\" data-aos-anchor=\"[data-reaix-uid-2]\"><br \/>\n\t\t\t<strong>12000<\/strong> mentions sur Twitter\t\t<\/span>\n\t\t\t<\/div>\n<\/div>\n<div class=\"-wrapper -846 -is-hr -mt-90 -mb-90\">\n<hr>\n<\/div>\n<div class=\"cp-section-header -wrapper -846 -mt-90\">\n<h2 class=\"cp-titre-2 -section\">Logos<\/h2>\n<\/div>\n<div class=\"-wrapper -846 -mb-90\">\n<div class=\"cp-photo-grid -photoswipe\">\n<p>\t\t<a href=\"https:\/\/www.lesrencontreseconomiques.fr\/wp-content\/uploads\/2024\/03\/REAix_logo-horizontal-bleu_RVB.png\" target=\"_blank\" data-width=\"1600\" data-height=\"676\" rel=\"noopener\"><br \/>\n\t\t\t<img class=\"lazy\" data-src=\"https:\/\/www.lesrencontreseconomiques.fr\/wp-content\/uploads\/2024\/03\/REAix_logo-horizontal-bleu_RVB-490x207.png\" width=\"490\" height=\"207\" alt=\"\"><br \/>\n\t\t<\/a><\/p>\n<p>\t\t<a href=\"https:\/\/www.lesrencontreseconomiques.fr\/wp-content\/uploads\/2024\/03\/REAix_logo-vertical-bleu_RVB.png\" target=\"_blank\" data-width=\"1429\" data-height=\"1398\" rel=\"noopener\"><br \/>\n\t\t\t<img class=\"lazy\" data-src=\"https:\/\/www.lesrencontreseconomiques.fr\/wp-content\/uploads\/2024\/03\/REAix_logo-vertical-bleu_RVB-490x479.png\" width=\"490\" height=\"479\" alt=\"\"><br \/>\n\t\t<\/a><\/p><\/div>\n<\/div>\n<div class=\"-wrapper -846 -is-hr -mt-90 -mb-90\">\n<hr>\n<\/div>\n<div class=\"-wrapper -846 -mt-90 -mb-90\">\n<div class=\"cp-intro -texte\">\n<div class=\"description\">\n<div class=\"cp-texte\">\n<p>Les photos des derni\u00e8res Rencontres sont disponibles via la grille du programme sur le site des \u00e9ditions <a href=\"https:\/\/www.lesrencontreseconomiques.fr\/2023\/\" target=\"_blank\" rel=\"noopener\">2023<\/a> et <a href=\"https:\/\/www.lesrencontreseconomiques.fr\/2022\/programme\/\" target=\"_blank\" rel=\"noopener\">2022<\/a>. Pour toute autre demande, contactez <strong><a href=\"mailto:reaix@enderby.fr\">reaix@enderby.fr<\/a><\/strong> ou\u00a0<a href=\"mailto:anne.bidoli@cercledeseconomistes.fr\"><strong>anne.bidoli@cercledeseconomistes.fr<\/strong><\/a><\/p>\n<\/p><\/div>\n<\/p><\/div>\n<\/p><\/div>\n<\/p><\/div>\n<div class=\"-wrapper -846 -is-hr -mt-90 -mb-90\">\n<hr>\n<\/div>\n<div class=\"-wrapper -846 -mt-90 -mb-90\">\n<div class=\"cp-intro -texte\">\n<div class=\"description\">\n<div class=\"cp-texte\">\n<h2><a id=\"social\" class=\"c-anchor\"><\/a>R\u00e9seaux sociaux<\/h2>\n<p>Communiquez sur les r\u00e9seaux sociaux en utilisant les hashtags des 24e Rencontres \u00c9conomiques d\u2019Aix-en-Provence :<\/p>\n<p><a class=\"cp-cta-bouton\" href=\"https:\/\/twitter.com\/intent\/tweet?hashtags=REAix2022\">#REAix<\/a><\/p>\n<p>Suivez les derni\u00e8res actualit\u00e9s de l\u2019\u00e9v\u00e9nement sur <a href=\"https:\/\/twitter.com\/Cercle_eco\" target=\"_blank\" rel=\"noopener\">Twitter<\/a>, <a href=\"https:\/\/www.linkedin.com\/company\/cercle-des-\u00e9conomistes\/\" target=\"_blank\" rel=\"noopener\">Linkedin<\/a>, <a href=\"https:\/\/www.instagram.com\/cercle_eco\/\" target=\"_blank\" rel=\"noopener\">Instagram<\/a><\/p>\n<\/p><\/div>\n<\/p><\/div>\n<\/p><\/div>\n<\/p><\/div>\n<div class=\"-wrapper -846 -is-hr -mt-90 -mb-90\">\n<hr>\n<\/div>\n<div class=\"-wrapper -846 -mt-90 -mb-90\">\n<div class=\"cp-intro -texte\">\n<div class=\"description\">\n<div class=\"cp-texte\">\n<h2><a id=\"contact\" class=\"c-anchor\"><\/a>Contacts<\/h2>\n<p>Pour toute demande, contactez : <a href=\"mailto:anne.bidoli@cercledeseconomistes.fr\"><strong>anne.bidoli@cercledeseconomistes.fr<\/strong><\/a> ou <a href=\"mailto:reaix@enderby.fr\"><strong>reaix@enderby.fr<\/strong><\/a><\/p>\n<\/p><\/div>\n<\/p><\/div>\n<\/p><\/div>\n<\/p><\/div>\n","protected":false},"excerpt":{"rendered":"<p>Les Rencontres \u00c9conomiques d\u2019Aix-en-Provence auront lieu les 5, 6 et 7 juillet 2024. Organis\u00e9s \u00e0 Aix-en-Provence, les d\u00e9bats seront int\u00e9gralement diffus\u00e9s en ligne et accessibles \u00e0 tous. &nbsp; Pour toute question relative \u00e0 la couverture presse des Rencontres, contactez anne.bidoli@cercledeseconomistes.fr &nbsp; Vous recherchez\u2026 Communiqu\u00e9s de presse \u2013 Accr\u00e9ditation \u2013 Chiffres cl\u00e9s \u2013 Logos &amp; Photos [&hellip;]<\/p>\n","protected":false},"author":2,"featured_media":0,"parent":0,"menu_order":0,"comment_status":"closed","ping_status":"closed","template":"","meta":{"_acf_changed":false,"footnotes":""},"class_list":["post-2255","page","type-page","status-publish","hentry"],"acf":[],"yoast_head":"<!-- This site is optimized with the Yoast SEO plugin v24.5 - https:\/\/yoast.com\/wordpress\/plugins\/seo\/ -->\n<title>Media - Les Rencontres \u00c9conomiques<\/title>\n<meta name=\"robots\" content=\"index, follow, max-snippet:-1, max-image-preview:large, max-video-preview:-1\" \/>\n<link rel=\"canonical\" href=\"https:\/\/www.lesrencontreseconomiques.fr\/media\/\" \/>\n<meta property=\"og:locale\" content=\"fr_FR\" \/>\n<meta property=\"og:type\" content=\"article\" \/>\n<meta property=\"og:description\" content=\"Les Rencontres \u00c9conomiques d\u2019Aix-en-Provence auront lieu les 5, 6 et 7 juillet 2024. Organis\u00e9s \u00e0 Aix-en-Provence, les d\u00e9bats seront int\u00e9gralement diffus\u00e9s en ligne et accessibles \u00e0 tous. &nbsp; Pour toute question relative \u00e0 la couverture presse des Rencontres, contactez anne.bidoli@cercledeseconomistes.fr &nbsp; Vous recherchez\u2026 Communiqu\u00e9s de presse \u2013 Accr\u00e9ditation \u2013 Chiffres cl\u00e9s \u2013 Logos &amp; Photos [&hellip;]\" \/>\n<meta property=\"og:url\" content=\"https:\/\/www.lesrencontreseconomiques.fr\/media\/\" \/>\n<meta property=\"og:site_name\" content=\"Les Rencontres \u00c9conomiques\" \/>\n<meta property=\"article:publisher\" content=\"https:\/\/www.facebook.com\/Le.Cercle.des.Economistes\/\" \/>\n<meta property=\"article:modified_time\" content=\"2024-06-11T14:52:33+00:00\" \/>\n<meta name=\"twitter:card\" content=\"summary_large_image\" \/>\n<meta name=\"twitter:site\" content=\"@Cercle_eco\" \/>\n<script type=\"application\/ld+json\" class=\"yoast-schema-graph\">{\"@context\":\"https:\/\/schema.org\",\"@graph\":[{\"@type\":\"WebPage\",\"@id\":\"https:\/\/www.lesrencontreseconomiques.fr\/media\/\",\"url\":\"https:\/\/www.lesrencontreseconomiques.fr\/media\/\",\"name\":\"Media - Les Rencontres \u00c9conomiques\",\"isPartOf\":{\"@id\":\"https:\/\/www.lesrencontreseconomiques.fr\/#website\"},\"primaryImageOfPage\":{\"@id\":\"https:\/\/www.lesrencontreseconomiques.fr\/media\/#primaryimage\"},\"image\":{\"@id\":\"https:\/\/www.lesrencontreseconomiques.fr\/media\/#primaryimage\"},\"thumbnailUrl\":\"https:\/\/www.lesrencontreseconomiques.fr\/wp-content\/uploads\/2024\/03\/REAix_logo-horizontal-bleu_RVB-490x207.png\",\"datePublished\":\"2021-12-03T12:12:18+00:00\",\"dateModified\":\"2024-06-11T14:52:33+00:00\",\"breadcrumb\":{\"@id\":\"https:\/\/www.lesrencontreseconomiques.fr\/media\/#breadcrumb\"},\"inLanguage\":\"fr-FR\",\"potentialAction\":[{\"@type\":\"ReadAction\",\"target\":[\"https:\/\/www.lesrencontreseconomiques.fr\/media\/\"]}]},{\"@type\":\"ImageObject\",\"inLanguage\":\"fr-FR\",\"@id\":\"https:\/\/www.lesrencontreseconomiques.fr\/media\/#primaryimage\",\"url\":\"https:\/\/www.lesrencontreseconomiques.fr\/wp-content\/uploads\/2024\/03\/REAix_logo-horizontal-bleu_RVB.png\",\"contentUrl\":\"https:\/\/www.lesrencontreseconomiques.fr\/wp-content\/uploads\/2024\/03\/REAix_logo-horizontal-bleu_RVB.png\",\"width\":1600,\"height\":676},{\"@type\":\"BreadcrumbList\",\"@id\":\"https:\/\/www.lesrencontreseconomiques.fr\/media\/#breadcrumb\",\"itemListElement\":[{\"@type\":\"ListItem\",\"position\":1,\"name\":\"Accueil\",\"item\":\"https:\/\/www.lesrencontreseconomiques.fr\/\"},{\"@type\":\"ListItem\",\"position\":2,\"name\":\"Media\"}]},{\"@type\":\"WebSite\",\"@id\":\"https:\/\/www.lesrencontreseconomiques.fr\/#website\",\"url\":\"https:\/\/www.lesrencontreseconomiques.fr\/\",\"name\":\"Les Rencontres \u00c9conomiques\",\"description\":\"\",\"potentialAction\":[{\"@type\":\"SearchAction\",\"target\":{\"@type\":\"EntryPoint\",\"urlTemplate\":\"https:\/\/www.lesrencontreseconomiques.fr\/?s={search_term_string}\"},\"query-input\":{\"@type\":\"PropertyValueSpecification\",\"valueRequired\":true,\"valueName\":\"search_term_string\"}}],\"inLanguage\":\"fr-FR\"}]}<\/script>\n<!-- \/ Yoast SEO plugin. -->","yoast_head_json":{"title":"Media - Les Rencontres \u00c9conomiques","robots":{"index":"index","follow":"follow","max-snippet":"max-snippet:-1","max-image-preview":"max-image-preview:large","max-video-preview":"max-video-preview:-1"},"canonical":"https:\/\/www.lesrencontreseconomiques.fr\/media\/","og_locale":"fr_FR","og_type":"article","og_description":"Les Rencontres \u00c9conomiques d\u2019Aix-en-Provence auront lieu les 5, 6 et 7 juillet 2024. Organis\u00e9s \u00e0 Aix-en-Provence, les d\u00e9bats seront int\u00e9gralement diffus\u00e9s en ligne et accessibles \u00e0 tous. &nbsp; Pour toute question relative \u00e0 la couverture presse des Rencontres, contactez anne.bidoli@cercledeseconomistes.fr &nbsp; Vous recherchez\u2026 Communiqu\u00e9s de presse \u2013 Accr\u00e9ditation \u2013 Chiffres cl\u00e9s \u2013 Logos &amp; Photos [&hellip;]","og_url":"https:\/\/www.lesrencontreseconomiques.fr\/media\/","og_site_name":"Les Rencontres \u00c9conomiques","article_publisher":"https:\/\/www.facebook.com\/Le.Cercle.des.Economistes\/","article_modified_time":"2024-06-11T14:52:33+00:00","twitter_card":"summary_large_image","twitter_site":"@Cercle_eco","schema":{"@context":"https:\/\/schema.org","@graph":[{"@type":"WebPage","@id":"https:\/\/www.lesrencontreseconomiques.fr\/media\/","url":"https:\/\/www.lesrencontreseconomiques.fr\/media\/","name":"Media - Les Rencontres \u00c9conomiques","isPartOf":{"@id":"https:\/\/www.lesrencontreseconomiques.fr\/#website"},"primaryImageOfPage":{"@id":"https:\/\/www.lesrencontreseconomiques.fr\/media\/#primaryimage"},"image":{"@id":"https:\/\/www.lesrencontreseconomiques.fr\/media\/#primaryimage"},"thumbnailUrl":"https:\/\/www.lesrencontreseconomiques.fr\/wp-content\/uploads\/2024\/03\/REAix_logo-horizontal-bleu_RVB-490x207.png","datePublished":"2021-12-03T12:12:18+00:00","dateModified":"2024-06-11T14:52:33+00:00","breadcrumb":{"@id":"https:\/\/www.lesrencontreseconomiques.fr\/media\/#breadcrumb"},"inLanguage":"fr-FR","potentialAction":[{"@type":"ReadAction","target":["https:\/\/www.lesrencontreseconomiques.fr\/media\/"]}]},{"@type":"ImageObject","inLanguage":"fr-FR","@id":"https:\/\/www.lesrencontreseconomiques.fr\/media\/#primaryimage","url":"https:\/\/www.lesrencontreseconomiques.fr\/wp-content\/uploads\/2024\/03\/REAix_logo-horizontal-bleu_RVB.png","contentUrl":"https:\/\/www.lesrencontreseconomiques.fr\/wp-content\/uploads\/2024\/03\/REAix_logo-horizontal-bleu_RVB.png","width":1600,"height":676},{"@type":"BreadcrumbList","@id":"https:\/\/www.lesrencontreseconomiques.fr\/media\/#breadcrumb","itemListElement":[{"@type":"ListItem","position":1,"name":"Accueil","item":"https:\/\/www.lesrencontreseconomiques.fr\/"},{"@type":"ListItem","position":2,"name":"Media"}]},{"@type":"WebSite","@id":"https:\/\/www.lesrencontreseconomiques.fr\/#website","url":"https:\/\/www.lesrencontreseconomiques.fr\/","name":"Les Rencontres \u00c9conomiques","description":"","potentialAction":[{"@type":"SearchAction","target":{"@type":"EntryPoint","urlTemplate":"https:\/\/www.lesrencontreseconomiques.fr\/?s={search_term_string}"},"query-input":{"@type":"PropertyValueSpecification","valueRequired":true,"valueName":"search_term_string"}}],"inLanguage":"fr-FR"}]}},"_links":{"self":[{"href":"https:\/\/www.lesrencontreseconomiques.fr\/wp-json\/wp\/v2\/pages\/2255","targetHints":{"allow":["GET"]}}],"collection":[{"href":"https:\/\/www.lesrencontreseconomiques.fr\/wp-json\/wp\/v2\/pages"}],"about":[{"href":"https:\/\/www.lesrencontreseconomiques.fr\/wp-json\/wp\/v2\/types\/page"}],"author":[{"embeddable":true,"href":"https:\/\/www.lesrencontreseconomiques.fr\/wp-json\/wp\/v2\/users\/2"}],"replies":[{"embeddable":true,"href":"https:\/\/www.lesrencontreseconomiques.fr\/wp-json\/wp\/v2\/comments?post=2255"}],"version-history":[{"count":30,"href":"https:\/\/www.lesrencontreseconomiques.fr\/wp-json\/wp\/v2\/pages\/2255\/revisions"}],"predecessor-version":[{"id":17820,"href":"https:\/\/www.lesrencontreseconomiques.fr\/wp-json\/wp\/v2\/pages\/2255\/revisions\/17820"}],"wp:attachment":[{"href":"https:\/\/www.lesrencontreseconomiques.fr\/wp-json\/wp\/v2\/media?parent=2255"}],"curies":[{"name":"wp","href":"https:\/\/api.w.org\/{rel}","templated":true}]}}