{"id":19194,"date":"2024-06-30T17:12:58","date_gmt":"2024-06-30T15:12:58","guid":{"rendered":"https:\/\/www.lesrencontreseconomiques.fr\/?page_id=19194"},"modified":"2024-06-30T17:31:52","modified_gmt":"2024-06-30T15:31:52","slug":"agora-virtuelle","status":"publish","type":"page","link":"https:\/\/www.lesrencontreseconomiques.fr\/agora-virtuelle\/","title":{"rendered":"L&rsquo;agora virtuelle"},"content":{"rendered":"<div class=\"-wrapper -668 -mt-90 -mb-90\">\n<div class=\"cp-intro -texte\">\n<div class=\"description\">\n<div class=\"cp-texte\">\n<h2>Bienvenue dans notre Agora virtuelle !<\/h2>\n<p>Cet espace interactif est con\u00e7u pour vous offrir une plateforme d&rsquo;expression o\u00f9 vous pouvez partager vos id\u00e9es et interagir avec les autres participants. Que vous souhaitiez poser des questions, partager vos r\u00e9flexions ou commenter les d\u00e9bats en cours, l&rsquo;Agora virtuelle est le prolongement des d\u00e9bats qui ont lieu \u00e0 Aix-en-Provence. Rejoignez-nous d\u00e8s maintenant et faites entendre votre voix !<\/p>\n<h3>Fonctionnalit\u00e9s de l&rsquo;Agora virtuelle<\/h3>\n<ul>\n<li><strong>Poser des questions en amont<\/strong> : Vous pouvez poser vos questions avant les sessions pour que les intervenants puissent les prendre en compte et y r\u00e9pondre durant leurs pr\u00e9sentations. Il suffit de s\u00e9lectionner la session de votre choix et d&rsquo;y apporter votre contribution !<\/li>\n<li><strong>Commenter en direct<\/strong> : Participez activement aux d\u00e9bats en laissant vos commentaires en temps r\u00e9el. Partagez vos r\u00e9actions et interagissez avec les autres participants pendant les sessions.<\/li>\n<\/ul>\n<h3>R\u00e8gles de bonne conduite<\/h3>\n<p>Pour assurer un environnement respectueux et constructif, merci de suivre ces deux r\u00e8gles simples : r<span style=\"color: #3a3637; font-family: 'Source Sans Pro';\">espectez les opinions et les contributions de chacun, n&rsquo;utilisez pas de<\/span><span style=\"color: #3a3637; font-family: 'Source Sans Pro';\"> propos offensants, discriminatoires ou inappropri\u00e9s<\/span><span style=\"color: #3a3637; font-family: 'Source Sans Pro';\">. Une mod\u00e9ration sera effectu\u00e9e, pouvant expliquer le d\u00e9lai entre l&rsquo;envoi de votre question et son affichage \u00e0 l&rsquo;\u00e9cran.<\/span><\/p>\n<\/p><\/div>\n<\/p><\/div>\n<\/p><\/div>\n<\/p><\/div>\n<div class=\"-wrapper -1024 -mt-90 -mb-90\">\n<div class=\"cp-intro -texte\">\n<div class=\"description\">\n<div class=\"cp-texte\">\n\t\t\t\t<iframe loading=\"lazy\" src=\"https:\/\/app.sli.do\/event\/dxBPvBFmYdrtX2bBsUu6tM\" height=\"100%\" width=\"100%\" frameBorder=\"0\" style=\"min-height: 560px;\" title=\"Slido\"><\/iframe>\t\t\t<\/div>\n<\/p><\/div>\n<\/p><\/div>\n<\/div>\n","protected":false},"excerpt":{"rendered":"<p>Bienvenue dans notre Agora virtuelle ! Cet espace interactif est con\u00e7u pour vous offrir une plateforme d&rsquo;expression o\u00f9 vous pouvez partager vos id\u00e9es et interagir avec les autres participants. Que vous souhaitiez poser des questions, partager vos r\u00e9flexions ou commenter les d\u00e9bats en cours, l&rsquo;Agora virtuelle est le prolongement des d\u00e9bats qui ont lieu \u00e0 [&hellip;]<\/p>\n","protected":false},"author":2,"featured_media":0,"parent":0,"menu_order":0,"comment_status":"closed","ping_status":"closed","template":"","meta":{"_acf_changed":false,"footnotes":""},"class_list":["post-19194","page","type-page","status-publish","hentry"],"acf":[],"yoast_head":"<!-- This site is optimized with the Yoast SEO plugin v24.5 - https:\/\/yoast.com\/wordpress\/plugins\/seo\/ -->\n<title>L&#039;agora virtuelle - Les Rencontres \u00c9conomiques<\/title>\n<meta name=\"robots\" content=\"index, follow, max-snippet:-1, max-image-preview:large, max-video-preview:-1\" \/>\n<link rel=\"canonical\" href=\"https:\/\/www.lesrencontreseconomiques.fr\/agora-virtuelle\/\" \/>\n<meta property=\"og:locale\" content=\"fr_FR\" \/>\n<meta property=\"og:type\" content=\"article\" \/>\n<meta property=\"og:description\" content=\"Bienvenue dans notre Agora virtuelle ! Cet espace interactif est con\u00e7u pour vous offrir une plateforme d&rsquo;expression o\u00f9 vous pouvez partager vos id\u00e9es et interagir avec les autres participants. Que vous souhaitiez poser des questions, partager vos r\u00e9flexions ou commenter les d\u00e9bats en cours, l&rsquo;Agora virtuelle est le prolongement des d\u00e9bats qui ont lieu \u00e0 [&hellip;]\" \/>\n<meta property=\"og:url\" content=\"https:\/\/www.lesrencontreseconomiques.fr\/agora-virtuelle\/\" \/>\n<meta property=\"og:site_name\" content=\"Les Rencontres \u00c9conomiques\" \/>\n<meta property=\"article:publisher\" content=\"https:\/\/www.facebook.com\/Le.Cercle.des.Economistes\/\" \/>\n<meta property=\"article:modified_time\" content=\"2024-06-30T15:31:52+00:00\" \/>\n<meta name=\"twitter:card\" content=\"summary_large_image\" \/>\n<meta name=\"twitter:site\" content=\"@Cercle_eco\" \/>\n<script type=\"application\/ld+json\" class=\"yoast-schema-graph\">{\"@context\":\"https:\/\/schema.org\",\"@graph\":[{\"@type\":\"WebPage\",\"@id\":\"https:\/\/www.lesrencontreseconomiques.fr\/agora-virtuelle\/\",\"url\":\"https:\/\/www.lesrencontreseconomiques.fr\/agora-virtuelle\/\",\"name\":\"L'agora virtuelle - Les Rencontres \u00c9conomiques\",\"isPartOf\":{\"@id\":\"https:\/\/www.lesrencontreseconomiques.fr\/#website\"},\"datePublished\":\"2024-06-30T15:12:58+00:00\",\"dateModified\":\"2024-06-30T15:31:52+00:00\",\"breadcrumb\":{\"@id\":\"https:\/\/www.lesrencontreseconomiques.fr\/agora-virtuelle\/#breadcrumb\"},\"inLanguage\":\"fr-FR\",\"potentialAction\":[{\"@type\":\"ReadAction\",\"target\":[\"https:\/\/www.lesrencontreseconomiques.fr\/agora-virtuelle\/\"]}]},{\"@type\":\"BreadcrumbList\",\"@id\":\"https:\/\/www.lesrencontreseconomiques.fr\/agora-virtuelle\/#breadcrumb\",\"itemListElement\":[{\"@type\":\"ListItem\",\"position\":1,\"name\":\"Accueil\",\"item\":\"https:\/\/www.lesrencontreseconomiques.fr\/\"},{\"@type\":\"ListItem\",\"position\":2,\"name\":\"L&rsquo;agora virtuelle\"}]},{\"@type\":\"WebSite\",\"@id\":\"https:\/\/www.lesrencontreseconomiques.fr\/#website\",\"url\":\"https:\/\/www.lesrencontreseconomiques.fr\/\",\"name\":\"Les Rencontres \u00c9conomiques\",\"description\":\"\",\"potentialAction\":[{\"@type\":\"SearchAction\",\"target\":{\"@type\":\"EntryPoint\",\"urlTemplate\":\"https:\/\/www.lesrencontreseconomiques.fr\/?s={search_term_string}\"},\"query-input\":{\"@type\":\"PropertyValueSpecification\",\"valueRequired\":true,\"valueName\":\"search_term_string\"}}],\"inLanguage\":\"fr-FR\"}]}<\/script>\n<!-- \/ Yoast SEO plugin. -->","yoast_head_json":{"title":"L'agora virtuelle - Les Rencontres \u00c9conomiques","robots":{"index":"index","follow":"follow","max-snippet":"max-snippet:-1","max-image-preview":"max-image-preview:large","max-video-preview":"max-video-preview:-1"},"canonical":"https:\/\/www.lesrencontreseconomiques.fr\/agora-virtuelle\/","og_locale":"fr_FR","og_type":"article","og_description":"Bienvenue dans notre Agora virtuelle ! Cet espace interactif est con\u00e7u pour vous offrir une plateforme d&rsquo;expression o\u00f9 vous pouvez partager vos id\u00e9es et interagir avec les autres participants. Que vous souhaitiez poser des questions, partager vos r\u00e9flexions ou commenter les d\u00e9bats en cours, l&rsquo;Agora virtuelle est le prolongement des d\u00e9bats qui ont lieu \u00e0 [&hellip;]","og_url":"https:\/\/www.lesrencontreseconomiques.fr\/agora-virtuelle\/","og_site_name":"Les Rencontres \u00c9conomiques","article_publisher":"https:\/\/www.facebook.com\/Le.Cercle.des.Economistes\/","article_modified_time":"2024-06-30T15:31:52+00:00","twitter_card":"summary_large_image","twitter_site":"@Cercle_eco","schema":{"@context":"https:\/\/schema.org","@graph":[{"@type":"WebPage","@id":"https:\/\/www.lesrencontreseconomiques.fr\/agora-virtuelle\/","url":"https:\/\/www.lesrencontreseconomiques.fr\/agora-virtuelle\/","name":"L'agora virtuelle - Les Rencontres \u00c9conomiques","isPartOf":{"@id":"https:\/\/www.lesrencontreseconomiques.fr\/#website"},"datePublished":"2024-06-30T15:12:58+00:00","dateModified":"2024-06-30T15:31:52+00:00","breadcrumb":{"@id":"https:\/\/www.lesrencontreseconomiques.fr\/agora-virtuelle\/#breadcrumb"},"inLanguage":"fr-FR","potentialAction":[{"@type":"ReadAction","target":["https:\/\/www.lesrencontreseconomiques.fr\/agora-virtuelle\/"]}]},{"@type":"BreadcrumbList","@id":"https:\/\/www.lesrencontreseconomiques.fr\/agora-virtuelle\/#breadcrumb","itemListElement":[{"@type":"ListItem","position":1,"name":"Accueil","item":"https:\/\/www.lesrencontreseconomiques.fr\/"},{"@type":"ListItem","position":2,"name":"L&rsquo;agora virtuelle"}]},{"@type":"WebSite","@id":"https:\/\/www.lesrencontreseconomiques.fr\/#website","url":"https:\/\/www.lesrencontreseconomiques.fr\/","name":"Les Rencontres \u00c9conomiques","description":"","potentialAction":[{"@type":"SearchAction","target":{"@type":"EntryPoint","urlTemplate":"https:\/\/www.lesrencontreseconomiques.fr\/?s={search_term_string}"},"query-input":{"@type":"PropertyValueSpecification","valueRequired":true,"valueName":"search_term_string"}}],"inLanguage":"fr-FR"}]}},"_links":{"self":[{"href":"https:\/\/www.lesrencontreseconomiques.fr\/wp-json\/wp\/v2\/pages\/19194","targetHints":{"allow":["GET"]}}],"collection":[{"href":"https:\/\/www.lesrencontreseconomiques.fr\/wp-json\/wp\/v2\/pages"}],"about":[{"href":"https:\/\/www.lesrencontreseconomiques.fr\/wp-json\/wp\/v2\/types\/page"}],"author":[{"embeddable":true,"href":"https:\/\/www.lesrencontreseconomiques.fr\/wp-json\/wp\/v2\/users\/2"}],"replies":[{"embeddable":true,"href":"https:\/\/www.lesrencontreseconomiques.fr\/wp-json\/wp\/v2\/comments?post=19194"}],"version-history":[{"count":10,"href":"https:\/\/www.lesrencontreseconomiques.fr\/wp-json\/wp\/v2\/pages\/19194\/revisions"}],"predecessor-version":[{"id":19220,"href":"https:\/\/www.lesrencontreseconomiques.fr\/wp-json\/wp\/v2\/pages\/19194\/revisions\/19220"}],"wp:attachment":[{"href":"https:\/\/www.lesrencontreseconomiques.fr\/wp-json\/wp\/v2\/media?parent=19194"}],"curies":[{"name":"wp","href":"https:\/\/api.w.org\/{rel}","templated":true}]}}