{"id":11946,"date":"2024-03-11T12:05:10","date_gmt":"2024-03-11T11:05:10","guid":{"rendered":"https:\/\/www.lesrencontreseconomiques.fr\/?page_id=11946"},"modified":"2024-06-26T16:17:02","modified_gmt":"2024-06-26T14:17:02","slug":"relier-les-mondes","status":"publish","type":"page","link":"https:\/\/www.lesrencontreseconomiques.fr\/relier-les-mondes\/","title":{"rendered":"Relier les mondes"},"content":{"rendered":"<div class=\"-wrapper -668 -mt-90 -mb-90\">\n<div class=\"cp-intro -texte\">\n<div class=\"description\">\n<div class=\"cp-texte\">\n<p>En l\u2019espace de trois ans, notre plan\u00e8te a connu son lot de secousses, d\u2019une intensit\u00e9 totale cumul\u00e9e sans doute in\u00e9gal\u00e9e depuis la Seconde Guerre mondiale. A la cl\u00e9, un monde d\u00e9boussol\u00e9, fractur\u00e9, exsangue, marqu\u00e9 par un progr\u00e8s technique qui ralentit malgr\u00e9 des innovations toujours plus nombreuses, un vieillissement qui s&rsquo;acc\u00e9l\u00e8re, l&rsquo;explosion des in\u00e9galit\u00e9s et la d\u00e9sindustrialisation de l&rsquo;Occident. A cela s&rsquo;ajoutent les montants colossaux n\u00e9cessaires pour financer les transitions d\u00e9mographique, environnementale et technologique. La situation est pour ainsi dire&#8230; complexe. La bonne nouvelle, c&rsquo;est que nous pouvons encore agir et faire des choix r\u00e9fl\u00e9chis pour surmonter ces d\u00e9fis.<\/p>\n<p>Le th\u00e8me qui s\u2019impose aujourd\u2019hui, en pr\u00e9sence de tant de mondes fractur\u00e9s est donc : comment les relier ? Pour r\u00e9pondre \u00e0 cette ambition, nous vous proposons un programme de 70 sessions et controverses, sur deux jours, qui s\u2019appuiera sur cinq piliers essentiels : la coop\u00e9ration internationale, les connaissances, l\u2019innovation, les solidarit\u00e9s et une vision commune.<\/p>\n<\/p><\/div>\n<\/p><\/div>\n<\/p><\/div>\n<\/p><\/div>\n<div class=\"-wrapper -846 -mt-90 -mb-90\">\n<div class=\"cp-cta-image-texte\">\n<div class=\"media \" data-aos=\"fade-right\" data-aos-anchor-placement=\"top-bottom\" data-aos-offset=\"200\">\n<div class=\"image -walc \" style=\"padding-top:100%\"><img width=\"224\" height=\"224\" src=\"https:\/\/www.lesrencontreseconomiques.fr\/wp-content\/uploads\/2024\/06\/7-224x224.png\" class=\"attachment-small size-small\" alt=\"\" decoding=\"async\" loading=\"lazy\" srcset=\"https:\/\/www.lesrencontreseconomiques.fr\/wp-content\/uploads\/2024\/06\/7-224x224.png 224w, https:\/\/www.lesrencontreseconomiques.fr\/wp-content\/uploads\/2024\/06\/7-490x490.png 490w, https:\/\/www.lesrencontreseconomiques.fr\/wp-content\/uploads\/2024\/06\/7-668x668.png 668w, https:\/\/www.lesrencontreseconomiques.fr\/wp-content\/uploads\/2024\/06\/7-150x150.png 150w, https:\/\/www.lesrencontreseconomiques.fr\/wp-content\/uploads\/2024\/06\/7-140x140.png 140w, https:\/\/www.lesrencontreseconomiques.fr\/wp-content\/uploads\/2024\/06\/7-290x290.png 290w, https:\/\/www.lesrencontreseconomiques.fr\/wp-content\/uploads\/2024\/06\/7.png 1080w\" sizes=\"auto, (max-width: 224px) 100vw, 224px\" \/><\/div>\n<\/p><\/div>\n<div class=\"description cp-texte\" data-aos=\"fade-up\" data-aos-anchor-placement=\"top-bottom\" data-aos-offset=\"200\">\n<p>Les connaissances seront essentielles pour relier les mondes. Les 13 sessions et controverses d\u00e9di\u00e9es permettront de mieux comprendre leur r\u00f4le dans le rapprochement des cultures et des Hommes, la diffusion des innovations \u00e0 l&rsquo;\u00e9chelle du monde et les progr\u00e8s qu&rsquo;elles permettent. Rapport \u00e0 la nature, m\u00e9dias et bulles informationnelles, \u00e9ducation et recherche, rapprochement des cultures, sant\u00e9 publique, confiance dans les experts et les institutions&#8230; voici quelques-uns des sujets qui seront d\u00e9battus.<\/p>\n<p><a class=\"cp-cta-bouton\" href=\"https:\/\/www.lesrencontreseconomiques.fr\/programme\/\">Voir les sessions du programme<\/a><\/p>\n<\/p><\/div>\n<\/p><\/div>\n<\/div>\n<div class=\"-wrapper -846 -mt-90 -mb-90\">\n<div class=\"cp-cta-image-texte\">\n<div class=\"media \" data-aos=\"fade-right\" data-aos-anchor-placement=\"top-bottom\" data-aos-offset=\"200\">\n<div class=\"image -walc \" style=\"padding-top:100%\"><img width=\"224\" height=\"224\" src=\"https:\/\/www.lesrencontreseconomiques.fr\/wp-content\/uploads\/2024\/06\/8-224x224.png\" class=\"attachment-small size-small\" alt=\"\" decoding=\"async\" loading=\"lazy\" srcset=\"https:\/\/www.lesrencontreseconomiques.fr\/wp-content\/uploads\/2024\/06\/8-224x224.png 224w, https:\/\/www.lesrencontreseconomiques.fr\/wp-content\/uploads\/2024\/06\/8-490x490.png 490w, https:\/\/www.lesrencontreseconomiques.fr\/wp-content\/uploads\/2024\/06\/8-668x668.png 668w, https:\/\/www.lesrencontreseconomiques.fr\/wp-content\/uploads\/2024\/06\/8-150x150.png 150w, https:\/\/www.lesrencontreseconomiques.fr\/wp-content\/uploads\/2024\/06\/8-140x140.png 140w, https:\/\/www.lesrencontreseconomiques.fr\/wp-content\/uploads\/2024\/06\/8-290x290.png 290w, https:\/\/www.lesrencontreseconomiques.fr\/wp-content\/uploads\/2024\/06\/8.png 1080w\" sizes=\"auto, (max-width: 224px) 100vw, 224px\" \/><\/div>\n<\/p><\/div>\n<div class=\"description cp-texte\" data-aos=\"fade-up\" data-aos-anchor-placement=\"top-bottom\" data-aos-offset=\"200\">\n<p>Alors que nos soci\u00e9t\u00e9s n&rsquo;ont jamais autant baign\u00e9 dans l&rsquo;innovation, il para\u00eet essentiel de s&rsquo;interroger sur son r\u00f4le dans l&rsquo;\u00e9conomie, la soci\u00e9t\u00e9 et pour les individus. Aux Rencontres, 7 conf\u00e9rences ouvriront notamment la r\u00e9flexion sur les impacts de l&rsquo;intelligence artificielle, la transformation des secteurs agricole et financier et les opportunit\u00e9s offertes pour l&rsquo;Afrique par le num\u00e9rique.<\/p>\n<p><a class=\"cp-cta-bouton\" href=\"https:\/\/www.lesrencontreseconomiques.fr\/programme\/\">Voir les sessions du programme<\/a><\/p>\n<\/p><\/div>\n<\/p><\/div>\n<\/div>\n<div class=\"-wrapper -846 -mt-90 -mb-90\">\n<div class=\"cp-cta-image-texte\">\n<div class=\"media \" data-aos=\"fade-right\" data-aos-anchor-placement=\"top-bottom\" data-aos-offset=\"200\">\n<div class=\"image -walc \" style=\"padding-top:100%\"><img width=\"224\" height=\"224\" src=\"https:\/\/www.lesrencontreseconomiques.fr\/wp-content\/uploads\/2024\/06\/9-224x224.png\" class=\"attachment-small size-small\" alt=\"\" decoding=\"async\" loading=\"lazy\" srcset=\"https:\/\/www.lesrencontreseconomiques.fr\/wp-content\/uploads\/2024\/06\/9-224x224.png 224w, https:\/\/www.lesrencontreseconomiques.fr\/wp-content\/uploads\/2024\/06\/9-490x490.png 490w, https:\/\/www.lesrencontreseconomiques.fr\/wp-content\/uploads\/2024\/06\/9-668x668.png 668w, https:\/\/www.lesrencontreseconomiques.fr\/wp-content\/uploads\/2024\/06\/9-150x150.png 150w, https:\/\/www.lesrencontreseconomiques.fr\/wp-content\/uploads\/2024\/06\/9-140x140.png 140w, https:\/\/www.lesrencontreseconomiques.fr\/wp-content\/uploads\/2024\/06\/9-290x290.png 290w, https:\/\/www.lesrencontreseconomiques.fr\/wp-content\/uploads\/2024\/06\/9.png 1080w\" sizes=\"auto, (max-width: 224px) 100vw, 224px\" \/><\/div>\n<\/p><\/div>\n<div class=\"description cp-texte\" data-aos=\"fade-up\" data-aos-anchor-placement=\"top-bottom\" data-aos-offset=\"200\">\n<p>Ces derni\u00e8res ann\u00e9es ont vu s&rsquo;ouvrir un profond\u00e9ment bouleversement des \u00e9quilibres mondiaux. Face au risque de fragmentation, la coop\u00e9ration est l&rsquo;alternative au conflit et \u00e0 la guerre. Dans 10 conf\u00e9rences et controverses, nous interrogerons les piliers sur lesquels s&rsquo;appuyer pour renouveler la coop\u00e9ration, \u00e0 l&rsquo;\u00e9chelle r\u00e9gionale (Europe, Indopacifique, Am\u00e9rique latine&#8230;) et globale (commerce mondial, \u00e9quilibres Nord-Sud, Jeux olympiques&#8230;).<\/p>\n<p><a class=\"cp-cta-bouton\" href=\"https:\/\/www.lesrencontreseconomiques.fr\/programme\/\">Voir les sessions du programme<\/a><\/p>\n<\/p><\/div>\n<\/p><\/div>\n<\/div>\n<div class=\"-wrapper -846 -mt-90 -mb-90\">\n<div class=\"cp-cta-image-texte\">\n<div class=\"media \" data-aos=\"fade-right\" data-aos-anchor-placement=\"top-bottom\" data-aos-offset=\"200\">\n<div class=\"image -walc \" style=\"padding-top:100%\"><img width=\"224\" height=\"224\" src=\"https:\/\/www.lesrencontreseconomiques.fr\/wp-content\/uploads\/2024\/06\/11-224x224.png\" class=\"attachment-small size-small\" alt=\"\" decoding=\"async\" loading=\"lazy\" srcset=\"https:\/\/www.lesrencontreseconomiques.fr\/wp-content\/uploads\/2024\/06\/11-224x224.png 224w, https:\/\/www.lesrencontreseconomiques.fr\/wp-content\/uploads\/2024\/06\/11-490x490.png 490w, https:\/\/www.lesrencontreseconomiques.fr\/wp-content\/uploads\/2024\/06\/11-668x668.png 668w, https:\/\/www.lesrencontreseconomiques.fr\/wp-content\/uploads\/2024\/06\/11-150x150.png 150w, https:\/\/www.lesrencontreseconomiques.fr\/wp-content\/uploads\/2024\/06\/11-140x140.png 140w, https:\/\/www.lesrencontreseconomiques.fr\/wp-content\/uploads\/2024\/06\/11-290x290.png 290w, https:\/\/www.lesrencontreseconomiques.fr\/wp-content\/uploads\/2024\/06\/11.png 1080w\" sizes=\"auto, (max-width: 224px) 100vw, 224px\" \/><\/div>\n<\/p><\/div>\n<div class=\"description cp-texte\" data-aos=\"fade-up\" data-aos-anchor-placement=\"top-bottom\" data-aos-offset=\"200\">\n<p>En 2024, alors que le m\u00e9contentement transpire dans les urnes, les Rencontres \u00c9conomiques offrent une place pr\u00e9pond\u00e9rante \u00e0 un d\u00e9bat global sur la solidarit\u00e9 gr\u00e2ce \u00e0 treize sessions d\u00e9di\u00e9es. Quatre sessions porteront sur des th\u00e8mes pour lesquels la solidarit\u00e9 doit \u00eatre repens\u00e9e : la pauvret\u00e9, le renoncement aux soins, les in\u00e9galit\u00e9s territoriales et les in\u00e9galit\u00e9s de genre. Cinq sessions s\u2019attacheront plus sp\u00e9cifiquement au r\u00f4le du monde du travail et deux sessions interrogeront le r\u00f4le de la sph\u00e8re publique.<\/p>\n<p><a class=\"cp-cta-bouton\" href=\"https:\/\/www.lesrencontreseconomiques.fr\/programme\/\">Voir les sessions du programme<\/a><\/p>\n<\/p><\/div>\n<\/p><\/div>\n<\/div>\n<div class=\"-wrapper -846 -mt-90 -mb-90\">\n<div class=\"cp-cta-image-texte\">\n<div class=\"media \" data-aos=\"fade-right\" data-aos-anchor-placement=\"top-bottom\" data-aos-offset=\"200\">\n<div class=\"image -walc \" style=\"padding-top:100%\"><img width=\"224\" height=\"224\" src=\"https:\/\/www.lesrencontreseconomiques.fr\/wp-content\/uploads\/2024\/06\/10-224x224.png\" class=\"attachment-small size-small\" alt=\"\" decoding=\"async\" loading=\"lazy\" srcset=\"https:\/\/www.lesrencontreseconomiques.fr\/wp-content\/uploads\/2024\/06\/10-224x224.png 224w, https:\/\/www.lesrencontreseconomiques.fr\/wp-content\/uploads\/2024\/06\/10-490x490.png 490w, https:\/\/www.lesrencontreseconomiques.fr\/wp-content\/uploads\/2024\/06\/10-668x668.png 668w, https:\/\/www.lesrencontreseconomiques.fr\/wp-content\/uploads\/2024\/06\/10-150x150.png 150w, https:\/\/www.lesrencontreseconomiques.fr\/wp-content\/uploads\/2024\/06\/10-140x140.png 140w, https:\/\/www.lesrencontreseconomiques.fr\/wp-content\/uploads\/2024\/06\/10-290x290.png 290w, https:\/\/www.lesrencontreseconomiques.fr\/wp-content\/uploads\/2024\/06\/10.png 1080w\" sizes=\"auto, (max-width: 224px) 100vw, 224px\" \/><\/div>\n<\/p><\/div>\n<div class=\"description cp-texte\" data-aos=\"fade-up\" data-aos-anchor-placement=\"top-bottom\" data-aos-offset=\"200\">\n<p>Alors que les fractures qui divisent notre soci\u00e9t\u00e9 ne cessent de se creuser, il est essentiel de se rassembler, collectivement, autour d&rsquo;un projet commun. Pendant deux jours, 20 sessions et controverses tenteront d&rsquo;en faire \u00e9merger les contours autour de trois piliers principaux : notre mod\u00e8le de croissance, la refonte du contrat social, et le financement et la planification de la transition \u00e9cologique.<\/p>\n<p><a class=\"cp-cta-bouton\" href=\"https:\/\/www.lesrencontreseconomiques.fr\/programme\/\">Voir les sessions du programme<\/a><\/p>\n<\/p><\/div>\n<\/p><\/div>\n<\/div>\n","protected":false},"excerpt":{"rendered":"<p>En l\u2019espace de trois ans, notre plan\u00e8te a connu son lot de secousses, d\u2019une intensit\u00e9 totale cumul\u00e9e sans doute in\u00e9gal\u00e9e depuis la Seconde Guerre mondiale. A la cl\u00e9, un monde d\u00e9boussol\u00e9, fractur\u00e9, exsangue, marqu\u00e9 par un progr\u00e8s technique qui ralentit malgr\u00e9 des innovations toujours plus nombreuses, un vieillissement qui s&rsquo;acc\u00e9l\u00e8re, l&rsquo;explosion des in\u00e9galit\u00e9s et la [&hellip;]<\/p>\n","protected":false},"author":2,"featured_media":0,"parent":0,"menu_order":0,"comment_status":"closed","ping_status":"closed","template":"","meta":{"_acf_changed":false,"footnotes":""},"class_list":["post-11946","page","type-page","status-publish","hentry"],"acf":[],"yoast_head":"<!-- This site is optimized with the Yoast SEO plugin v24.5 - https:\/\/yoast.com\/wordpress\/plugins\/seo\/ -->\n<title>Relier les mondes - Les Rencontres \u00c9conomiques<\/title>\n<meta name=\"robots\" content=\"index, follow, max-snippet:-1, max-image-preview:large, max-video-preview:-1\" \/>\n<link rel=\"canonical\" href=\"https:\/\/www.lesrencontreseconomiques.fr\/relier-les-mondes\/\" \/>\n<meta property=\"og:locale\" content=\"fr_FR\" \/>\n<meta property=\"og:type\" content=\"article\" \/>\n<meta property=\"og:description\" content=\"En l\u2019espace de trois ans, notre plan\u00e8te a connu son lot de secousses, d\u2019une intensit\u00e9 totale cumul\u00e9e sans doute in\u00e9gal\u00e9e depuis la Seconde Guerre mondiale. A la cl\u00e9, un monde d\u00e9boussol\u00e9, fractur\u00e9, exsangue, marqu\u00e9 par un progr\u00e8s technique qui ralentit malgr\u00e9 des innovations toujours plus nombreuses, un vieillissement qui s&rsquo;acc\u00e9l\u00e8re, l&rsquo;explosion des in\u00e9galit\u00e9s et la [&hellip;]\" \/>\n<meta property=\"og:url\" content=\"https:\/\/www.lesrencontreseconomiques.fr\/relier-les-mondes\/\" \/>\n<meta property=\"og:site_name\" content=\"Les Rencontres \u00c9conomiques\" \/>\n<meta property=\"article:publisher\" content=\"https:\/\/www.facebook.com\/Le.Cercle.des.Economistes\/\" \/>\n<meta property=\"article:modified_time\" content=\"2024-06-26T14:17:02+00:00\" \/>\n<meta property=\"og:image\" content=\"https:\/\/www.lesrencontreseconomiques.fr\/wp-content\/uploads\/2024\/06\/7-224x224.png\" \/>\n<meta name=\"twitter:card\" content=\"summary_large_image\" \/>\n<meta name=\"twitter:site\" content=\"@Cercle_eco\" \/>\n<script type=\"application\/ld+json\" class=\"yoast-schema-graph\">{\"@context\":\"https:\/\/schema.org\",\"@graph\":[{\"@type\":\"WebPage\",\"@id\":\"https:\/\/www.lesrencontreseconomiques.fr\/relier-les-mondes\/\",\"url\":\"https:\/\/www.lesrencontreseconomiques.fr\/relier-les-mondes\/\",\"name\":\"Relier les mondes - Les Rencontres \u00c9conomiques\",\"isPartOf\":{\"@id\":\"https:\/\/www.lesrencontreseconomiques.fr\/#website\"},\"primaryImageOfPage\":{\"@id\":\"https:\/\/www.lesrencontreseconomiques.fr\/relier-les-mondes\/#primaryimage\"},\"image\":{\"@id\":\"https:\/\/www.lesrencontreseconomiques.fr\/relier-les-mondes\/#primaryimage\"},\"thumbnailUrl\":\"https:\/\/www.lesrencontreseconomiques.fr\/wp-content\/uploads\/2024\/06\/7-224x224.png\",\"datePublished\":\"2024-03-11T11:05:10+00:00\",\"dateModified\":\"2024-06-26T14:17:02+00:00\",\"breadcrumb\":{\"@id\":\"https:\/\/www.lesrencontreseconomiques.fr\/relier-les-mondes\/#breadcrumb\"},\"inLanguage\":\"fr-FR\",\"potentialAction\":[{\"@type\":\"ReadAction\",\"target\":[\"https:\/\/www.lesrencontreseconomiques.fr\/relier-les-mondes\/\"]}]},{\"@type\":\"ImageObject\",\"inLanguage\":\"fr-FR\",\"@id\":\"https:\/\/www.lesrencontreseconomiques.fr\/relier-les-mondes\/#primaryimage\",\"url\":\"https:\/\/www.lesrencontreseconomiques.fr\/wp-content\/uploads\/2024\/06\/7.png\",\"contentUrl\":\"https:\/\/www.lesrencontreseconomiques.fr\/wp-content\/uploads\/2024\/06\/7.png\",\"width\":1080,\"height\":1080},{\"@type\":\"BreadcrumbList\",\"@id\":\"https:\/\/www.lesrencontreseconomiques.fr\/relier-les-mondes\/#breadcrumb\",\"itemListElement\":[{\"@type\":\"ListItem\",\"position\":1,\"name\":\"Accueil\",\"item\":\"https:\/\/www.lesrencontreseconomiques.fr\/\"},{\"@type\":\"ListItem\",\"position\":2,\"name\":\"Relier les mondes\"}]},{\"@type\":\"WebSite\",\"@id\":\"https:\/\/www.lesrencontreseconomiques.fr\/#website\",\"url\":\"https:\/\/www.lesrencontreseconomiques.fr\/\",\"name\":\"Les Rencontres \u00c9conomiques\",\"description\":\"\",\"potentialAction\":[{\"@type\":\"SearchAction\",\"target\":{\"@type\":\"EntryPoint\",\"urlTemplate\":\"https:\/\/www.lesrencontreseconomiques.fr\/?s={search_term_string}\"},\"query-input\":{\"@type\":\"PropertyValueSpecification\",\"valueRequired\":true,\"valueName\":\"search_term_string\"}}],\"inLanguage\":\"fr-FR\"}]}<\/script>\n<!-- \/ Yoast SEO plugin. -->","yoast_head_json":{"title":"Relier les mondes - Les Rencontres \u00c9conomiques","robots":{"index":"index","follow":"follow","max-snippet":"max-snippet:-1","max-image-preview":"max-image-preview:large","max-video-preview":"max-video-preview:-1"},"canonical":"https:\/\/www.lesrencontreseconomiques.fr\/relier-les-mondes\/","og_locale":"fr_FR","og_type":"article","og_description":"En l\u2019espace de trois ans, notre plan\u00e8te a connu son lot de secousses, d\u2019une intensit\u00e9 totale cumul\u00e9e sans doute in\u00e9gal\u00e9e depuis la Seconde Guerre mondiale. A la cl\u00e9, un monde d\u00e9boussol\u00e9, fractur\u00e9, exsangue, marqu\u00e9 par un progr\u00e8s technique qui ralentit malgr\u00e9 des innovations toujours plus nombreuses, un vieillissement qui s&rsquo;acc\u00e9l\u00e8re, l&rsquo;explosion des in\u00e9galit\u00e9s et la [&hellip;]","og_url":"https:\/\/www.lesrencontreseconomiques.fr\/relier-les-mondes\/","og_site_name":"Les Rencontres \u00c9conomiques","article_publisher":"https:\/\/www.facebook.com\/Le.Cercle.des.Economistes\/","article_modified_time":"2024-06-26T14:17:02+00:00","og_image":[{"url":"https:\/\/www.lesrencontreseconomiques.fr\/wp-content\/uploads\/2024\/06\/7-224x224.png","type":"","width":"","height":""}],"twitter_card":"summary_large_image","twitter_site":"@Cercle_eco","schema":{"@context":"https:\/\/schema.org","@graph":[{"@type":"WebPage","@id":"https:\/\/www.lesrencontreseconomiques.fr\/relier-les-mondes\/","url":"https:\/\/www.lesrencontreseconomiques.fr\/relier-les-mondes\/","name":"Relier les mondes - Les Rencontres \u00c9conomiques","isPartOf":{"@id":"https:\/\/www.lesrencontreseconomiques.fr\/#website"},"primaryImageOfPage":{"@id":"https:\/\/www.lesrencontreseconomiques.fr\/relier-les-mondes\/#primaryimage"},"image":{"@id":"https:\/\/www.lesrencontreseconomiques.fr\/relier-les-mondes\/#primaryimage"},"thumbnailUrl":"https:\/\/www.lesrencontreseconomiques.fr\/wp-content\/uploads\/2024\/06\/7-224x224.png","datePublished":"2024-03-11T11:05:10+00:00","dateModified":"2024-06-26T14:17:02+00:00","breadcrumb":{"@id":"https:\/\/www.lesrencontreseconomiques.fr\/relier-les-mondes\/#breadcrumb"},"inLanguage":"fr-FR","potentialAction":[{"@type":"ReadAction","target":["https:\/\/www.lesrencontreseconomiques.fr\/relier-les-mondes\/"]}]},{"@type":"ImageObject","inLanguage":"fr-FR","@id":"https:\/\/www.lesrencontreseconomiques.fr\/relier-les-mondes\/#primaryimage","url":"https:\/\/www.lesrencontreseconomiques.fr\/wp-content\/uploads\/2024\/06\/7.png","contentUrl":"https:\/\/www.lesrencontreseconomiques.fr\/wp-content\/uploads\/2024\/06\/7.png","width":1080,"height":1080},{"@type":"BreadcrumbList","@id":"https:\/\/www.lesrencontreseconomiques.fr\/relier-les-mondes\/#breadcrumb","itemListElement":[{"@type":"ListItem","position":1,"name":"Accueil","item":"https:\/\/www.lesrencontreseconomiques.fr\/"},{"@type":"ListItem","position":2,"name":"Relier les mondes"}]},{"@type":"WebSite","@id":"https:\/\/www.lesrencontreseconomiques.fr\/#website","url":"https:\/\/www.lesrencontreseconomiques.fr\/","name":"Les Rencontres \u00c9conomiques","description":"","potentialAction":[{"@type":"SearchAction","target":{"@type":"EntryPoint","urlTemplate":"https:\/\/www.lesrencontreseconomiques.fr\/?s={search_term_string}"},"query-input":{"@type":"PropertyValueSpecification","valueRequired":true,"valueName":"search_term_string"}}],"inLanguage":"fr-FR"}]}},"_links":{"self":[{"href":"https:\/\/www.lesrencontreseconomiques.fr\/wp-json\/wp\/v2\/pages\/11946","targetHints":{"allow":["GET"]}}],"collection":[{"href":"https:\/\/www.lesrencontreseconomiques.fr\/wp-json\/wp\/v2\/pages"}],"about":[{"href":"https:\/\/www.lesrencontreseconomiques.fr\/wp-json\/wp\/v2\/types\/page"}],"author":[{"embeddable":true,"href":"https:\/\/www.lesrencontreseconomiques.fr\/wp-json\/wp\/v2\/users\/2"}],"replies":[{"embeddable":true,"href":"https:\/\/www.lesrencontreseconomiques.fr\/wp-json\/wp\/v2\/comments?post=11946"}],"version-history":[{"count":11,"href":"https:\/\/www.lesrencontreseconomiques.fr\/wp-json\/wp\/v2\/pages\/11946\/revisions"}],"predecessor-version":[{"id":19093,"href":"https:\/\/www.lesrencontreseconomiques.fr\/wp-json\/wp\/v2\/pages\/11946\/revisions\/19093"}],"wp:attachment":[{"href":"https:\/\/www.lesrencontreseconomiques.fr\/wp-json\/wp\/v2\/media?parent=11946"}],"curies":[{"name":"wp","href":"https:\/\/api.w.org\/{rel}","templated":true}]}}