{"id":19226,"date":"2024-06-25T18:09:16","date_gmt":"2024-06-25T16:09:16","guid":{"rendered":"https:\/\/www.lesrencontreseconomiques.fr\/a-voir-dans-le-parc\/"},"modified":"2024-06-30T18:02:53","modified_gmt":"2024-06-30T16:02:53","slug":"the-park","status":"publish","type":"page","link":"https:\/\/www.lesrencontreseconomiques.fr\/en\/the-park\/","title":{"rendered":"In the park"},"content":{"rendered":"<div class=\"-wrapper -846 -mt-90 -mb-90\">\n<div class=\"cp-cta-focus\" data-reaix-uid-1>\n<div class=\"photo\" data-aos=\"fade-up\" data-aos-anchor-placement=\"top-bottom\" data-aos-offset=\"200\" data-aos-delay=\"1\">\n<div class=\"image -walc \" style=\"padding-top:66.61677%\"><img width=\"668\" height=\"445\" src=\"https:\/\/www.lesrencontreseconomiques.fr\/wp-content\/uploads\/2024\/06\/photo-site-1-668x445.png\" class=\"attachment-large_landscape_crop size-large_landscape_crop\" alt=\"\" decoding=\"async\" loading=\"lazy\" srcset=\"https:\/\/www.lesrencontreseconomiques.fr\/wp-content\/uploads\/2024\/06\/photo-site-1-668x445.png 668w, https:\/\/www.lesrencontreseconomiques.fr\/wp-content\/uploads\/2024\/06\/photo-site-1-490x326.png 490w, https:\/\/www.lesrencontreseconomiques.fr\/wp-content\/uploads\/2024\/06\/photo-site-1-210x140.png 210w, https:\/\/www.lesrencontreseconomiques.fr\/wp-content\/uploads\/2024\/06\/photo-site-1-224x149.png 224w, https:\/\/www.lesrencontreseconomiques.fr\/wp-content\/uploads\/2024\/06\/photo-site-1-312x208.png 312w, https:\/\/www.lesrencontreseconomiques.fr\/wp-content\/uploads\/2024\/06\/photo-site-1.png 1336w\" sizes=\"auto, (max-width: 668px) 100vw, 668px\" \/><\/div>\n<\/p><\/div>\n<div class=\"description cp-texte\" data-aos=\"fade-up\" data-aos-anchor-placement=\"top-bottom\" data-aos-offset=\"200\" data-aos-delay=\"300\" data-aos-anchor=\"[data-reaix-uid-1]\">\n<h2>THE FNAC BOOKSHOP<\/h2>\n<p>At the Rencontres \u00c9conomiques d&#8217;Aix-en-Provence, FNAC, France&#8217;s leading bookseller, will be offering a selection of books on the themes covered at the conferences: economics, business, law, sociology, the environment, CSR, etc., as well as an area where you can sign books by guest authors.<\/p>\n<p><strong>\u2192 Friday: 9.00am-8.00pm<\/strong><br \/>\n<strong>\u2192 Saturday: 8.30am-8pm<\/strong><\/p>\n<\/p><\/div>\n<\/p><\/div>\n<\/div>\n<div class=\"-wrapper -846 -mt-90 -mb-90\">\n<div class=\"cp-cta-image-texte\">\n<div class=\"media \" data-aos=\"fade-right\" data-aos-anchor-placement=\"top-bottom\" data-aos-offset=\"200\">\n<div class=\"image -walc \" style=\"padding-top:100%\"><img width=\"224\" height=\"224\" src=\"https:\/\/www.lesrencontreseconomiques.fr\/wp-content\/uploads\/2024\/06\/JECO-2022-2-224x224.png\" class=\"attachment-small size-small\" alt=\"\" decoding=\"async\" loading=\"lazy\" srcset=\"https:\/\/www.lesrencontreseconomiques.fr\/wp-content\/uploads\/2024\/06\/JECO-2022-2-224x224.png 224w, https:\/\/www.lesrencontreseconomiques.fr\/wp-content\/uploads\/2024\/06\/JECO-2022-2-490x490.png 490w, https:\/\/www.lesrencontreseconomiques.fr\/wp-content\/uploads\/2024\/06\/JECO-2022-2-668x668.png 668w, https:\/\/www.lesrencontreseconomiques.fr\/wp-content\/uploads\/2024\/06\/JECO-2022-2-150x150.png 150w, https:\/\/www.lesrencontreseconomiques.fr\/wp-content\/uploads\/2024\/06\/JECO-2022-2-140x140.png 140w, https:\/\/www.lesrencontreseconomiques.fr\/wp-content\/uploads\/2024\/06\/JECO-2022-2-290x290.png 290w, https:\/\/www.lesrencontreseconomiques.fr\/wp-content\/uploads\/2024\/06\/JECO-2022-2.png 1080w\" sizes=\"auto, (max-width: 224px) 100vw, 224px\" \/><\/div>\n<\/p><\/div>\n<div class=\"description cp-texte\" data-aos=\"fade-up\" data-aos-anchor-placement=\"top-bottom\" data-aos-offset=\"200\">\n<h2>MASTERCLASS WITH DOUGLAS KENNEDY<\/h2>\n<p>Come and meet Douglas Kennedy, author of international bestsellers such as The Man Who Wanted to Live His Life and That&#8217;s How We&#8217;ll Live. For one hour, he will share behind the scenes of his creative process and answer your questions.<\/p>\n<p><strong>\u2192 Saturday 6 July at 11.30am \/ Amphi 5<\/strong><br \/>\n<strong>\u2192 Book signing at the FNAC bookshop on Friday at 3.00 pm and Saturday at 3.30 pm<\/strong><\/p>\n<\/p><\/div>\n<\/p><\/div>\n<\/div>\n<div class=\"-wrapper -846 -mt-90 -mb-90\">\n<div class=\"cp-cta-focus\" data-reaix-uid-2>\n<div class=\"photo\" data-aos=\"fade-up\" data-aos-anchor-placement=\"top-bottom\" data-aos-offset=\"200\" data-aos-delay=\"2\">\n<div class=\"image -walc \" style=\"padding-top:66.61677%\"><img width=\"668\" height=\"445\" src=\"https:\/\/www.lesrencontreseconomiques.fr\/wp-content\/uploads\/2024\/06\/photo-site-2-668x445.png\" class=\"attachment-large_landscape_crop size-large_landscape_crop\" alt=\"\" decoding=\"async\" loading=\"lazy\" srcset=\"https:\/\/www.lesrencontreseconomiques.fr\/wp-content\/uploads\/2024\/06\/photo-site-2-668x445.png 668w, https:\/\/www.lesrencontreseconomiques.fr\/wp-content\/uploads\/2024\/06\/photo-site-2-490x326.png 490w, https:\/\/www.lesrencontreseconomiques.fr\/wp-content\/uploads\/2024\/06\/photo-site-2-210x140.png 210w, https:\/\/www.lesrencontreseconomiques.fr\/wp-content\/uploads\/2024\/06\/photo-site-2-224x149.png 224w, https:\/\/www.lesrencontreseconomiques.fr\/wp-content\/uploads\/2024\/06\/photo-site-2-312x208.png 312w, https:\/\/www.lesrencontreseconomiques.fr\/wp-content\/uploads\/2024\/06\/photo-site-2.png 1336w\" sizes=\"auto, (max-width: 668px) 100vw, 668px\" \/><\/div>\n<\/p><\/div>\n<div class=\"description cp-texte\" data-aos=\"fade-up\" data-aos-anchor-placement=\"top-bottom\" data-aos-offset=\"200\" data-aos-delay=\"300\" data-aos-anchor=\"[data-reaix-uid-2]\">\n<h2>LES CAF\u00c9S \u00c9PH\u00c9M\u00c8RES<\/h2>\n<p>Deux caf\u00e9s \u00e9ph\u00e9m\u00e8res vous accueillent pendant les Rencontres. Vous y retrouverez boissons et snacks tout au long de la journ\u00e9e.<\/p>\n<p><strong>\u2192 Vendredi : 9h30-19h00<\/strong><br \/>\n<strong>\u2192 Samedi : 8h30-19h00<\/strong><\/p>\n<\/p><\/div>\n<\/p><\/div>\n<\/div>\n<div class=\"-wrapper -846 -mt-90 -mb-90\">\n<div class=\"cp-cta-image-texte\">\n<div class=\"media \" data-aos=\"fade-right\" data-aos-anchor-placement=\"top-bottom\" data-aos-offset=\"200\">\n<div class=\"image -walc \" style=\"padding-top:100%\"><img width=\"224\" height=\"224\" src=\"https:\/\/www.lesrencontreseconomiques.fr\/wp-content\/uploads\/2024\/06\/JECO-2022-3-224x224.png\" class=\"attachment-small size-small\" alt=\"\" decoding=\"async\" loading=\"lazy\" srcset=\"https:\/\/www.lesrencontreseconomiques.fr\/wp-content\/uploads\/2024\/06\/JECO-2022-3-224x224.png 224w, https:\/\/www.lesrencontreseconomiques.fr\/wp-content\/uploads\/2024\/06\/JECO-2022-3-490x490.png 490w, https:\/\/www.lesrencontreseconomiques.fr\/wp-content\/uploads\/2024\/06\/JECO-2022-3-668x668.png 668w, https:\/\/www.lesrencontreseconomiques.fr\/wp-content\/uploads\/2024\/06\/JECO-2022-3-150x150.png 150w, https:\/\/www.lesrencontreseconomiques.fr\/wp-content\/uploads\/2024\/06\/JECO-2022-3-140x140.png 140w, https:\/\/www.lesrencontreseconomiques.fr\/wp-content\/uploads\/2024\/06\/JECO-2022-3-290x290.png 290w, https:\/\/www.lesrencontreseconomiques.fr\/wp-content\/uploads\/2024\/06\/JECO-2022-3.png 1080w\" sizes=\"auto, (max-width: 224px) 100vw, 224px\" \/><\/div>\n<\/p><\/div>\n<div class=\"description cp-texte\" data-aos=\"fade-up\" data-aos-anchor-placement=\"top-bottom\" data-aos-offset=\"200\">\n<h2>THE C\u00c9ZANNE EXHIBITION<\/h2>\n<p>The City of Aix-en-Provence is making 2025 a year dedicated to Paul C\u00e9zanne, with an ambitious cultural and artistic season. The highlights of this season will be the reopening to the public of C\u00e9zanne&#8217;s family home at Jas de Bouffan and his studio, following renovation, and the organisation of a major exhibition devoted to him at the Mus\u00e9e Granet. Discover a foretaste of this cultural season in an exhibition located at the entrance to the park.<\/p>\n<p><strong>\u2192 Central avenue<\/strong><\/p>\n<\/p><\/div>\n<\/p><\/div>\n<\/div>\n<div class=\"-wrapper -846 -mt-90 -mb-90\">\n<div class=\"cp-cta-focus\" data-reaix-uid-3>\n<div class=\"photo\" data-aos=\"fade-up\" data-aos-anchor-placement=\"top-bottom\" data-aos-offset=\"200\" data-aos-delay=\"3\">\n<div class=\"image -walc \" style=\"padding-top:66.61677%\"><img width=\"668\" height=\"445\" src=\"https:\/\/www.lesrencontreseconomiques.fr\/wp-content\/uploads\/2024\/06\/photo-site-3-668x445.png\" class=\"attachment-large_landscape_crop size-large_landscape_crop\" alt=\"\" decoding=\"async\" loading=\"lazy\" srcset=\"https:\/\/www.lesrencontreseconomiques.fr\/wp-content\/uploads\/2024\/06\/photo-site-3-668x445.png 668w, https:\/\/www.lesrencontreseconomiques.fr\/wp-content\/uploads\/2024\/06\/photo-site-3-490x326.png 490w, https:\/\/www.lesrencontreseconomiques.fr\/wp-content\/uploads\/2024\/06\/photo-site-3-210x140.png 210w, https:\/\/www.lesrencontreseconomiques.fr\/wp-content\/uploads\/2024\/06\/photo-site-3-224x149.png 224w, https:\/\/www.lesrencontreseconomiques.fr\/wp-content\/uploads\/2024\/06\/photo-site-3-312x208.png 312w, https:\/\/www.lesrencontreseconomiques.fr\/wp-content\/uploads\/2024\/06\/photo-site-3.png 1336w\" sizes=\"auto, (max-width: 668px) 100vw, 668px\" \/><\/div>\n<\/p><\/div>\n<div class=\"description cp-texte\" data-aos=\"fade-up\" data-aos-anchor-placement=\"top-bottom\" data-aos-offset=\"200\" data-aos-delay=\"300\" data-aos-anchor=\"[data-reaix-uid-3]\">\n<h2>THE YOUTH(S) HQ<\/h2>\n<p>Come and meet the members of the Youth(s) project and discover the results of our major conversation with 90,000 young people.<\/p>\n<\/p><\/div>\n<\/p><\/div>\n<\/div>\n","protected":false},"excerpt":{"rendered":"<p>THE FNAC BOOKSHOP At the Rencontres \u00c9conomiques d&#8217;Aix-en-Provence, FNAC, France&#8217;s leading bookseller, will be offering a selection of books on the themes covered at the conferences: economics, business, law, sociology, the environment, CSR, etc., as well as an area where you can sign books by guest authors. \u2192 Friday: 9.00am-8.00pm \u2192 Saturday: 8.30am-8pm MASTERCLASS WITH [&hellip;]<\/p>\n","protected":false},"author":2,"featured_media":0,"parent":0,"menu_order":0,"comment_status":"closed","ping_status":"closed","template":"","meta":{"_acf_changed":false,"footnotes":""},"class_list":["post-19226","page","type-page","status-publish","hentry"],"acf":[],"yoast_head":"<!-- This site is optimized with the Yoast SEO plugin v24.5 - https:\/\/yoast.com\/wordpress\/plugins\/seo\/ -->\n<title>In the park - Les Rencontres \u00c9conomiques<\/title>\n<meta name=\"robots\" content=\"index, follow, max-snippet:-1, max-image-preview:large, max-video-preview:-1\" \/>\n<link rel=\"canonical\" href=\"https:\/\/www.lesrencontreseconomiques.fr\/en\/the-park\/\" \/>\n<meta property=\"og:locale\" content=\"en_US\" \/>\n<meta property=\"og:type\" content=\"article\" \/>\n<meta property=\"og:description\" content=\"THE FNAC BOOKSHOP At the Rencontres \u00c9conomiques d&#8217;Aix-en-Provence, FNAC, France&#8217;s leading bookseller, will be offering a selection of books on the themes covered at the conferences: economics, business, law, sociology, the environment, CSR, etc., as well as an area where you can sign books by guest authors. \u2192 Friday: 9.00am-8.00pm \u2192 Saturday: 8.30am-8pm MASTERCLASS WITH [&hellip;]\" \/>\n<meta property=\"og:url\" content=\"https:\/\/www.lesrencontreseconomiques.fr\/en\/the-park\/\" \/>\n<meta property=\"og:site_name\" content=\"Les Rencontres \u00c9conomiques\" \/>\n<meta property=\"article:publisher\" content=\"https:\/\/www.facebook.com\/Le.Cercle.des.Economistes\/\" \/>\n<meta property=\"article:modified_time\" content=\"2024-06-30T16:02:53+00:00\" \/>\n<meta property=\"og:image\" content=\"https:\/\/www.lesrencontreseconomiques.fr\/wp-content\/uploads\/2024\/06\/photo-site-1-668x445.png\" \/>\n<meta name=\"twitter:card\" content=\"summary_large_image\" \/>\n<meta name=\"twitter:site\" content=\"@Cercle_eco\" \/>\n<script type=\"application\/ld+json\" class=\"yoast-schema-graph\">{\"@context\":\"https:\/\/schema.org\",\"@graph\":[{\"@type\":\"WebPage\",\"@id\":\"https:\/\/www.lesrencontreseconomiques.fr\/en\/the-park\/\",\"url\":\"https:\/\/www.lesrencontreseconomiques.fr\/en\/the-park\/\",\"name\":\"In the park - Les Rencontres \u00c9conomiques\",\"isPartOf\":{\"@id\":\"https:\/\/www.lesrencontreseconomiques.fr\/en\/#website\"},\"primaryImageOfPage\":{\"@id\":\"https:\/\/www.lesrencontreseconomiques.fr\/en\/the-park\/#primaryimage\"},\"image\":{\"@id\":\"https:\/\/www.lesrencontreseconomiques.fr\/en\/the-park\/#primaryimage\"},\"thumbnailUrl\":\"https:\/\/www.lesrencontreseconomiques.fr\/wp-content\/uploads\/2024\/06\/photo-site-1-668x445.png\",\"datePublished\":\"2024-06-25T16:09:16+00:00\",\"dateModified\":\"2024-06-30T16:02:53+00:00\",\"breadcrumb\":{\"@id\":\"https:\/\/www.lesrencontreseconomiques.fr\/en\/the-park\/#breadcrumb\"},\"inLanguage\":\"en-US\",\"potentialAction\":[{\"@type\":\"ReadAction\",\"target\":[\"https:\/\/www.lesrencontreseconomiques.fr\/en\/the-park\/\"]}]},{\"@type\":\"ImageObject\",\"inLanguage\":\"en-US\",\"@id\":\"https:\/\/www.lesrencontreseconomiques.fr\/en\/the-park\/#primaryimage\",\"url\":\"https:\/\/www.lesrencontreseconomiques.fr\/wp-content\/uploads\/2024\/06\/photo-site-1-668x445.png\",\"contentUrl\":\"https:\/\/www.lesrencontreseconomiques.fr\/wp-content\/uploads\/2024\/06\/photo-site-1-668x445.png\"},{\"@type\":\"BreadcrumbList\",\"@id\":\"https:\/\/www.lesrencontreseconomiques.fr\/en\/the-park\/#breadcrumb\",\"itemListElement\":[{\"@type\":\"ListItem\",\"position\":1,\"name\":\"Home\",\"item\":\"https:\/\/www.lesrencontreseconomiques.fr\/en\/\"},{\"@type\":\"ListItem\",\"position\":2,\"name\":\"In the park\"}]},{\"@type\":\"WebSite\",\"@id\":\"https:\/\/www.lesrencontreseconomiques.fr\/en\/#website\",\"url\":\"https:\/\/www.lesrencontreseconomiques.fr\/en\/\",\"name\":\"Les Rencontres \u00c9conomiques\",\"description\":\"\",\"potentialAction\":[{\"@type\":\"SearchAction\",\"target\":{\"@type\":\"EntryPoint\",\"urlTemplate\":\"https:\/\/www.lesrencontreseconomiques.fr\/en\/?s={search_term_string}\"},\"query-input\":{\"@type\":\"PropertyValueSpecification\",\"valueRequired\":true,\"valueName\":\"search_term_string\"}}],\"inLanguage\":\"en-US\"}]}<\/script>\n<!-- \/ Yoast SEO plugin. -->","yoast_head_json":{"title":"In the park - Les Rencontres \u00c9conomiques","robots":{"index":"index","follow":"follow","max-snippet":"max-snippet:-1","max-image-preview":"max-image-preview:large","max-video-preview":"max-video-preview:-1"},"canonical":"https:\/\/www.lesrencontreseconomiques.fr\/en\/the-park\/","og_locale":"en_US","og_type":"article","og_description":"THE FNAC BOOKSHOP At the Rencontres \u00c9conomiques d&#8217;Aix-en-Provence, FNAC, France&#8217;s leading bookseller, will be offering a selection of books on the themes covered at the conferences: economics, business, law, sociology, the environment, CSR, etc., as well as an area where you can sign books by guest authors. \u2192 Friday: 9.00am-8.00pm \u2192 Saturday: 8.30am-8pm MASTERCLASS WITH [&hellip;]","og_url":"https:\/\/www.lesrencontreseconomiques.fr\/en\/the-park\/","og_site_name":"Les Rencontres \u00c9conomiques","article_publisher":"https:\/\/www.facebook.com\/Le.Cercle.des.Economistes\/","article_modified_time":"2024-06-30T16:02:53+00:00","og_image":[{"url":"https:\/\/www.lesrencontreseconomiques.fr\/wp-content\/uploads\/2024\/06\/photo-site-1-668x445.png","type":"","width":"","height":""}],"twitter_card":"summary_large_image","twitter_site":"@Cercle_eco","schema":{"@context":"https:\/\/schema.org","@graph":[{"@type":"WebPage","@id":"https:\/\/www.lesrencontreseconomiques.fr\/en\/the-park\/","url":"https:\/\/www.lesrencontreseconomiques.fr\/en\/the-park\/","name":"In the park - Les Rencontres \u00c9conomiques","isPartOf":{"@id":"https:\/\/www.lesrencontreseconomiques.fr\/en\/#website"},"primaryImageOfPage":{"@id":"https:\/\/www.lesrencontreseconomiques.fr\/en\/the-park\/#primaryimage"},"image":{"@id":"https:\/\/www.lesrencontreseconomiques.fr\/en\/the-park\/#primaryimage"},"thumbnailUrl":"https:\/\/www.lesrencontreseconomiques.fr\/wp-content\/uploads\/2024\/06\/photo-site-1-668x445.png","datePublished":"2024-06-25T16:09:16+00:00","dateModified":"2024-06-30T16:02:53+00:00","breadcrumb":{"@id":"https:\/\/www.lesrencontreseconomiques.fr\/en\/the-park\/#breadcrumb"},"inLanguage":"en-US","potentialAction":[{"@type":"ReadAction","target":["https:\/\/www.lesrencontreseconomiques.fr\/en\/the-park\/"]}]},{"@type":"ImageObject","inLanguage":"en-US","@id":"https:\/\/www.lesrencontreseconomiques.fr\/en\/the-park\/#primaryimage","url":"https:\/\/www.lesrencontreseconomiques.fr\/wp-content\/uploads\/2024\/06\/photo-site-1-668x445.png","contentUrl":"https:\/\/www.lesrencontreseconomiques.fr\/wp-content\/uploads\/2024\/06\/photo-site-1-668x445.png"},{"@type":"BreadcrumbList","@id":"https:\/\/www.lesrencontreseconomiques.fr\/en\/the-park\/#breadcrumb","itemListElement":[{"@type":"ListItem","position":1,"name":"Home","item":"https:\/\/www.lesrencontreseconomiques.fr\/en\/"},{"@type":"ListItem","position":2,"name":"In the park"}]},{"@type":"WebSite","@id":"https:\/\/www.lesrencontreseconomiques.fr\/en\/#website","url":"https:\/\/www.lesrencontreseconomiques.fr\/en\/","name":"Les Rencontres \u00c9conomiques","description":"","potentialAction":[{"@type":"SearchAction","target":{"@type":"EntryPoint","urlTemplate":"https:\/\/www.lesrencontreseconomiques.fr\/en\/?s={search_term_string}"},"query-input":{"@type":"PropertyValueSpecification","valueRequired":true,"valueName":"search_term_string"}}],"inLanguage":"en-US"}]}},"_links":{"self":[{"href":"https:\/\/www.lesrencontreseconomiques.fr\/en\/wp-json\/wp\/v2\/pages\/19226","targetHints":{"allow":["GET"]}}],"collection":[{"href":"https:\/\/www.lesrencontreseconomiques.fr\/en\/wp-json\/wp\/v2\/pages"}],"about":[{"href":"https:\/\/www.lesrencontreseconomiques.fr\/en\/wp-json\/wp\/v2\/types\/page"}],"author":[{"embeddable":true,"href":"https:\/\/www.lesrencontreseconomiques.fr\/en\/wp-json\/wp\/v2\/users\/2"}],"replies":[{"embeddable":true,"href":"https:\/\/www.lesrencontreseconomiques.fr\/en\/wp-json\/wp\/v2\/comments?post=19226"}],"version-history":[{"count":3,"href":"https:\/\/www.lesrencontreseconomiques.fr\/en\/wp-json\/wp\/v2\/pages\/19226\/revisions"}],"predecessor-version":[{"id":19229,"href":"https:\/\/www.lesrencontreseconomiques.fr\/en\/wp-json\/wp\/v2\/pages\/19226\/revisions\/19229"}],"wp:attachment":[{"href":"https:\/\/www.lesrencontreseconomiques.fr\/en\/wp-json\/wp\/v2\/media?parent=19226"}],"curies":[{"name":"wp","href":"https:\/\/api.w.org\/{rel}","templated":true}]}}