
{"id":4879,"date":"2022-07-20T11:33:52","date_gmt":"2022-07-20T09:33:52","guid":{"rendered":"https:\/\/www.lesrencontreseconomiques.fr\/?page_id=4879"},"modified":"2022-07-20T11:35:19","modified_gmt":"2022-07-20T09:35:19","slug":"edition-2022","status":"publish","type":"page","link":"https:\/\/www.lesrencontreseconomiques.fr\/la-parole-aux-18-28\/edition-2022\/","title":{"rendered":"Retour sur l&rsquo;\u00e9dition 2022"},"content":{"rendered":"<div class=\"-wrapper -846 -mt-90 -mb-minus-50\">\n<h2 class=\"cp-titre-rouge\">Quatre laur\u00e9ats pour le Prix \u00ab\u00a0La Parole aux 18-28\u00a0\u00bb<\/h2>\n<\/div>\n<div class=\"-wrapper -846 -mt-90 -mb-90\">\n<div class=\"cp-cta-image-texte\">\n<div class=\"media \" data-aos=\"fade-right\" data-aos-anchor-placement=\"top-bottom\" data-aos-offset=\"200\">\n<div class=\"image -walc \" style=\"padding-top:100%\"><img decoding=\"async\" width=\"224\" height=\"224\" src=\"https:\/\/www.lesrencontreseconomiques.fr\/wp-content\/uploads\/2022\/05\/nacim-baouche.png\" class=\"attachment-small size-small\" alt=\"\" loading=\"lazy\" \/><\/div>\n<\/p><\/div>\n<div class=\"description cp-texte\" data-aos=\"fade-up\" data-aos-anchor-placement=\"top-bottom\" data-aos-offset=\"200\">\n<h3>Nacim Baouche<\/h3>\n<p>19 ans, \u00ab P\u00e9tition pour une transformation du monde (satire) \u00bb<\/p>\n<p>Ce texte prenant la forme d\u2019une p\u00e9tition satirique milite pour une transformation du monde : faire de la Terre une sph\u00e8re parfaite, qui par de nombreux effets, permet d\u2019accro\u00eetre la productivit\u00e9 des travailleurs et la croissance mondiale.<\/p>\n<p><em>Nacim Baouche est \u00e9tudiant en classe pr\u00e9paratoire \u00e0 l\u2019Universit\u00e9 catholique de Lille<\/em><\/p>\n<\/p><\/div>\n<\/p><\/div>\n<\/div>\n<div class=\"-wrapper -846 -mt-90 -mb-90\">\n<div class=\"cp-cta-image-texte\">\n<div class=\"media \" data-aos=\"fade-right\" data-aos-anchor-placement=\"top-bottom\" data-aos-offset=\"200\">\n<div class=\"image -walc \" style=\"padding-top:100%\"><img decoding=\"async\" width=\"224\" height=\"224\" src=\"https:\/\/www.lesrencontreseconomiques.fr\/wp-content\/uploads\/2022\/05\/marie_desbuquois.png\" class=\"attachment-small size-small\" alt=\"\" loading=\"lazy\" \/><\/div>\n<\/p><\/div>\n<div class=\"description cp-texte\" data-aos=\"fade-up\" data-aos-anchor-placement=\"top-bottom\" data-aos-offset=\"200\">\n<h3>Marie Desbuquois<\/h3>\n<p>20 ans, \u00ab B\u00e2tir la cit\u00e9 \u00bb<\/p>\n<p>En 2046, un mus\u00e9e ouvre ses portes \u00e0 Strasbourg. Il \u00e9merge des vestiges du pass\u00e9, apr\u00e8s bien des catastrophes qui ont \u00e9branl\u00e9 le monde. Sa vocation ? T\u00e9moigner des actions salvatrices, surtout des plus petites, pour inciter chacun \u00e0 accepter, puis cr\u00e9er de nouveaux imaginaires et les inscrire dans la r\u00e9alit\u00e9.<\/p>\n<p><em>Marie Desbuquois est \u00e9tudiante \u00e0 CentraleSup\u00e9lec en cycle ing\u00e9nieur<\/em><\/p>\n<\/p><\/div>\n<\/p><\/div>\n<\/div>\n<div class=\"-wrapper -846 -mt-90 -mb-90\">\n<div class=\"cp-cta-image-texte\">\n<div class=\"media \" data-aos=\"fade-right\" data-aos-anchor-placement=\"top-bottom\" data-aos-offset=\"200\">\n<div class=\"image -walc \" style=\"padding-top:100%\"><img decoding=\"async\" width=\"224\" height=\"224\" src=\"https:\/\/www.lesrencontreseconomiques.fr\/wp-content\/uploads\/2022\/05\/damien_turlay.png\" class=\"attachment-small size-small\" alt=\"\" loading=\"lazy\" \/><\/div>\n<\/p><\/div>\n<div class=\"description cp-texte\" data-aos=\"fade-up\" data-aos-anchor-placement=\"top-bottom\" data-aos-offset=\"200\">\n<h3>Damien Turlay<\/h3>\n<p>28 ans, \u00ab 2032, Semaine 15 \u00bb<\/p>\n<p>Ce texte nous projette dans le temps et donne un aper\u00e7u du quotidien de Romain, un ing\u00e9nieur qui a chang\u00e9 de m\u00e9tier car il ne trouvait plus de sens dans son ancienne carri\u00e8re.Romain n\u2019a pas seulement chang\u00e9 de m\u00e9tier, il a chang\u00e9 de vie : il a quitt\u00e9 le salariat pour rejoindre une coop\u00e9rative d\u2019une nouvelle g\u00e9n\u00e9ration. Cette coop\u00e9rative propose une autre structuration de notre soci\u00e9t\u00e9, en dehors du cadre salarial, qui permet d\u2019entrevoir un syst\u00e8me qui recontextualise le travail sous toutes ces formes pour le rendre compatible avec les limites plan\u00e9taires tout en r\u00e9pondant aux besoins de chacun.<\/p>\n<p><em>Damien Turlay est \u00e9tudiant \u00e0 Sciences Po en master d\u2019Environmental Policy<\/em><\/p>\n<\/p><\/div>\n<\/p><\/div>\n<\/div>\n<div class=\"-wrapper -846 -mt-90 -mb-90\">\n<div class=\"cp-cta-image-texte\">\n<div class=\"media \" data-aos=\"fade-right\" data-aos-anchor-placement=\"top-bottom\" data-aos-offset=\"200\">\n<div class=\"image -walc \" style=\"padding-top:100%\"><img decoding=\"async\" width=\"224\" height=\"224\" src=\"https:\/\/www.lesrencontreseconomiques.fr\/wp-content\/uploads\/2022\/05\/jane_peltier.png\" class=\"attachment-small size-small\" alt=\"\" loading=\"lazy\" \/><\/div>\n<\/p><\/div>\n<div class=\"description cp-texte\" data-aos=\"fade-up\" data-aos-anchor-placement=\"top-bottom\" data-aos-offset=\"200\">\n<h3>Jane Peltier<\/h3>\n<p>19 ans, \u00ab Trois odes pour une lueur d\u2019espoir \u00bb<\/p>\n<p>L\u2019\u00e9cologie, le f\u00e9minisme, l\u2019inclusion pour transformer le monde, du pr\u00e9sent au futur, de l\u2019envie \u00e0 la n\u00e9cessit\u00e9, et du besoin \u00e0 l\u2019accomplissement.<\/p>\n<p><em>Jane Peltier est \u00e9tudiante en Bachelor \u00e0 l\u2019Ecole polytechnique<\/em><\/p>\n<\/p><\/div>\n<\/p><\/div>\n<\/div>\n<div class=\"-wrapper -846 -mt-90 -mb-90\">\n<div class=\"cp-best-of -video\">\n<div class=\"description cp-texte\" data-aos=\"fade-right\" data-aos-anchor-placement=\"top-bottom\" data-aos-offset=\"200\">\n<div class=\"description cp-texte aos-init aos-animate\" data-aos=\"fade-right\" data-aos-anchor-placement=\"top-bottom\" data-aos-offset=\"200\">\n<h2>Revoir les pitches des laur\u00e9ats aux Rencontres \u00c9conomiques d\u2019Aix-en-Provence 2022<\/h2>\n<\/div><\/div>\n<div class=\"media \" data-aos=\"fade-up\" data-aos-anchor-placement=\"top-bottom\" data-aos-offset=\"200\">\n\t\t\t<iframe loading=\"lazy\" title=\"Pitch des laur\u00e9ats et remise des Prix La Parole aux 18-28\" width=\"640\" height=\"360\" src=\"https:\/\/www.youtube.com\/embed\/UwQoEGf1Vic?feature=oembed\" frameborder=\"0\" allow=\"accelerometer; autoplay; clipboard-write; encrypted-media; gyroscope; picture-in-picture\" allowfullscreen><\/iframe>\t\t<\/div>\n<\/p><\/div>\n<\/div>\n<div class=\"-wrapper -846 -is-hr -mt-90 -mb-90\">\n<hr>\n<\/div>\n<div class=\"-wrapper -846 -mt-90 -mb-90\">\n<div class=\"cp-cta-image-texte\">\n<div class=\"media -no-shadow\" data-aos=\"fade-right\" data-aos-anchor-placement=\"top-bottom\" data-aos-offset=\"200\">\n<div class=\"image -walc \" style=\"padding-top:100%\"><img decoding=\"async\" width=\"224\" height=\"224\" src=\"https:\/\/www.lesrencontreseconomiques.fr\/wp-content\/uploads\/2022\/07\/recueil-2022-1x1-1-224x224.png\" class=\"attachment-small size-small\" alt=\"\" loading=\"lazy\" \/><\/div>\n<\/p><\/div>\n<div class=\"description cp-texte\" data-aos=\"fade-up\" data-aos-anchor-placement=\"top-bottom\" data-aos-offset=\"200\">\n<h2>Parcourez les contributions des laur\u00e9ats et des candidats<\/h2>\n<p><a class=\"cp-cta-bouton -telecharger\" href=\"https:\/\/www.lesrencontreseconomiques.fr\/wp-content\/uploads\/2022\/07\/lp1828_2022_livret.pdf\" target=\"_blank\" rel=\"noopener\">Lire le recueil 2022<\/a><\/p>\n<p><a class=\"cp-cta-bouton -gris\" href=\"https:\/\/www.lesrencontreseconomiques.fr\/la-parole-aux-18-28\/recueil-des-contributions\/\">D\u00e9couvrir les recueils des pr\u00e9c\u00e9dentes \u00e9ditions<\/a><\/p>\n<\/p><\/div>\n<\/p><\/div>\n<\/div>\n<div class=\"-wrapper -846 -is-hr -mt-90 -mb-90\">\n<hr>\n<\/div>\n<div class=\"cp-section-header -wrapper -846 -mt-90\">\n<h2 class=\"cp-titre-2 -section\">L&rsquo;\u00e9dition 2022 en photos<\/h2>\n<\/div>\n<div class=\"-wrapper -846 -mb-90\">\n<div class=\"cp-photo-grid -photoswipe\">\n<p>\t\t<a href=\"https:\/\/www.lesrencontreseconomiques.fr\/wp-content\/uploads\/2022\/07\/syll2977.jpg\" target=\"_blank\" data-width=\"1600\" data-height=\"1067\" rel=\"noopener\"><br \/>\n\t\t\t<img class=\"lazy\" data-src=\"https:\/\/www.lesrencontreseconomiques.fr\/wp-content\/uploads\/2022\/07\/syll2977-490x327.jpg\" width=\"490\" height=\"327\" alt=\"\"><br \/>\n\t\t<\/a><\/p>\n<p>\t\t<a href=\"https:\/\/www.lesrencontreseconomiques.fr\/wp-content\/uploads\/2022\/07\/syll2971.jpg\" target=\"_blank\" data-width=\"1600\" data-height=\"1067\" rel=\"noopener\"><br \/>\n\t\t\t<img class=\"lazy\" data-src=\"https:\/\/www.lesrencontreseconomiques.fr\/wp-content\/uploads\/2022\/07\/syll2971-490x327.jpg\" width=\"490\" height=\"327\" alt=\"\"><br \/>\n\t\t<\/a><\/p>\n<p>\t\t<a href=\"https:\/\/www.lesrencontreseconomiques.fr\/wp-content\/uploads\/2022\/07\/syll2937.jpg\" target=\"_blank\" data-width=\"1600\" data-height=\"1067\" rel=\"noopener\"><br \/>\n\t\t\t<img class=\"lazy\" data-src=\"https:\/\/www.lesrencontreseconomiques.fr\/wp-content\/uploads\/2022\/07\/syll2937-490x327.jpg\" width=\"490\" height=\"327\" alt=\"\"><br \/>\n\t\t<\/a><\/p>\n<p>\t\t<a href=\"https:\/\/www.lesrencontreseconomiques.fr\/wp-content\/uploads\/2022\/07\/syll2889.jpg\" target=\"_blank\" data-width=\"1600\" data-height=\"1067\" rel=\"noopener\"><br \/>\n\t\t\t<img class=\"lazy\" data-src=\"https:\/\/www.lesrencontreseconomiques.fr\/wp-content\/uploads\/2022\/07\/syll2889-490x327.jpg\" width=\"490\" height=\"327\" alt=\"\"><br \/>\n\t\t<\/a><\/p>\n<p>\t\t<a href=\"https:\/\/www.lesrencontreseconomiques.fr\/wp-content\/uploads\/2022\/07\/syll2905.jpg\" target=\"_blank\" data-width=\"1600\" data-height=\"1067\" rel=\"noopener\"><br \/>\n\t\t\t<img class=\"lazy\" data-src=\"https:\/\/www.lesrencontreseconomiques.fr\/wp-content\/uploads\/2022\/07\/syll2905-490x327.jpg\" width=\"490\" height=\"327\" alt=\"\"><br \/>\n\t\t<\/a><\/p>\n<p>\t\t<a href=\"https:\/\/www.lesrencontreseconomiques.fr\/wp-content\/uploads\/2022\/07\/syll2901.jpg\" target=\"_blank\" data-width=\"1600\" data-height=\"1067\" rel=\"noopener\"><br \/>\n\t\t\t<img class=\"lazy\" data-src=\"https:\/\/www.lesrencontreseconomiques.fr\/wp-content\/uploads\/2022\/07\/syll2901-490x327.jpg\" width=\"490\" height=\"327\" alt=\"\"><br \/>\n\t\t<\/a><\/p>\n<p>\t\t<a href=\"https:\/\/www.lesrencontreseconomiques.fr\/wp-content\/uploads\/2022\/07\/syll2911.jpg\" target=\"_blank\" data-width=\"1600\" data-height=\"1067\" rel=\"noopener\"><br \/>\n\t\t\t<img class=\"lazy\" data-src=\"https:\/\/www.lesrencontreseconomiques.fr\/wp-content\/uploads\/2022\/07\/syll2911-490x327.jpg\" width=\"490\" height=\"327\" alt=\"\"><br \/>\n\t\t<\/a><\/p>\n<p>\t\t<a href=\"https:\/\/www.lesrencontreseconomiques.fr\/wp-content\/uploads\/2022\/07\/syll2938.jpg\" target=\"_blank\" data-width=\"1600\" data-height=\"1067\" rel=\"noopener\"><br \/>\n\t\t\t<img class=\"lazy\" data-src=\"https:\/\/www.lesrencontreseconomiques.fr\/wp-content\/uploads\/2022\/07\/syll2938-490x327.jpg\" width=\"490\" height=\"327\" alt=\"\"><br \/>\n\t\t<\/a><\/p>\n<p>\t\t<a href=\"https:\/\/www.lesrencontreseconomiques.fr\/wp-content\/uploads\/2022\/07\/e2a0037.jpg\" target=\"_blank\" data-width=\"1600\" data-height=\"1067\" rel=\"noopener\"><br \/>\n\t\t\t<img class=\"lazy\" data-src=\"https:\/\/www.lesrencontreseconomiques.fr\/wp-content\/uploads\/2022\/07\/e2a0037-490x327.jpg\" width=\"490\" height=\"327\" alt=\"\"><br \/>\n\t\t<\/a><\/p>\n<p>\t\t<a href=\"https:\/\/www.lesrencontreseconomiques.fr\/wp-content\/uploads\/2022\/07\/aa4a9076.jpg\" target=\"_blank\" data-width=\"1600\" data-height=\"1067\" rel=\"noopener\"><br \/>\n\t\t\t<img class=\"lazy\" data-src=\"https:\/\/www.lesrencontreseconomiques.fr\/wp-content\/uploads\/2022\/07\/aa4a9076-490x327.jpg\" width=\"490\" height=\"327\" alt=\"\"><br \/>\n\t\t<\/a><\/p>\n<p>\t\t<a href=\"https:\/\/www.lesrencontreseconomiques.fr\/wp-content\/uploads\/2022\/07\/aa4a8854.jpg\" target=\"_blank\" data-width=\"1600\" data-height=\"1067\" rel=\"noopener\"><br \/>\n\t\t\t<img class=\"lazy\" data-src=\"https:\/\/www.lesrencontreseconomiques.fr\/wp-content\/uploads\/2022\/07\/aa4a8854-490x327.jpg\" width=\"490\" height=\"327\" alt=\"\"><br \/>\n\t\t<\/a><\/p><\/div>\n<\/div>\n<div class=\"-wrapper -846 -is-hr -mt-90 -mb-90\">\n<hr>\n<\/div>\n<div class=\"-wrapper -846 -mt-90 -mb-90\">\n<div class=\"cp-intro -texte\">\n<div class=\"description\">\n<div class=\"cp-texte\">\n<h2>Revoir les Masterclass 2022<\/h2>\n<\/p><\/div>\n<\/p><\/div>\n<\/p><\/div>\n<\/p><\/div>\n<div class=\"-wrapper -846 -mt-90 -mb-90\">\n<div class=\"cp-best-of -video\">\n<div class=\"description cp-texte\" data-aos=\"fade-right\" data-aos-anchor-placement=\"top-bottom\" data-aos-offset=\"200\">\n<h3>Masterclass d&rsquo;Am\u00e9lie Oud\u00e9a-Cast\u00e9ra<\/h3>\n<p><strong>\u00ab\u00a0Le sport facteur de la jeunesse d\u2019une soci\u00e9t\u00e9\u00a0\u00bb<\/strong><\/p>\n<\/p><\/div>\n<div class=\"media \" data-aos=\"fade-up\" data-aos-anchor-placement=\"top-bottom\" data-aos-offset=\"200\">\n\t\t\t<iframe loading=\"lazy\" title=\"Le sport facteur de la jeunesse d\u2019une soci\u00e9t\u00e9\" width=\"640\" height=\"360\" src=\"https:\/\/www.youtube.com\/embed\/W2KjHYseXKU?feature=oembed\" frameborder=\"0\" allow=\"accelerometer; autoplay; clipboard-write; encrypted-media; gyroscope; picture-in-picture\" allowfullscreen><\/iframe>\t\t<\/div>\n<\/p><\/div>\n<\/div>\n<div class=\"-wrapper -846 -mt-90 -mb-90\">\n<div class=\"cp-best-of -video\">\n<div class=\"description cp-texte\" data-aos=\"fade-right\" data-aos-anchor-placement=\"top-bottom\" data-aos-offset=\"200\">\n<h3>Masterclass de Simon Bernard<\/h3>\n<p><strong>\u00ab\u00a0Les espoirs et limites des technologies face aux enjeux environnementaux : l&rsquo;exemple de la pollution plastique\u00a0\u00bb<\/strong><\/p>\n<\/p><\/div>\n<div class=\"media \" data-aos=\"fade-up\" data-aos-anchor-placement=\"top-bottom\" data-aos-offset=\"200\">\n\t\t\t<iframe loading=\"lazy\" title=\"Les espoirs et limites des technologies face aux enjeux environnementaux\" width=\"640\" height=\"360\" src=\"https:\/\/www.youtube.com\/embed\/Q3Dg5GIKH64?feature=oembed\" frameborder=\"0\" allow=\"accelerometer; autoplay; clipboard-write; encrypted-media; gyroscope; picture-in-picture\" allowfullscreen><\/iframe>\t\t<\/div>\n<\/p><\/div>\n<\/div>\n","protected":false},"excerpt":{"rendered":"<p>Quatre laur\u00e9ats pour le Prix \u00ab\u00a0La Parole aux 18-28\u00a0\u00bb Nacim Baouche 19 ans, \u00ab P\u00e9tition pour une transformation du monde (satire) \u00bb Ce texte prenant la forme d\u2019une p\u00e9tition satirique milite pour une transformation du monde : faire de la Terre une sph\u00e8re parfaite, qui par de nombreux effets, permet d\u2019accro\u00eetre la productivit\u00e9 des travailleurs [&hellip;]<\/p>\n","protected":false},"author":2,"featured_media":0,"parent":8,"menu_order":0,"comment_status":"closed","ping_status":"closed","template":"","meta":[],"acf":[],"yoast_head":"<!-- This site is optimized with the Yoast SEO plugin v19.13 - https:\/\/yoast.com\/wordpress\/plugins\/seo\/ -->\n<title>Retour sur l&#039;\u00e9dition 2022 - Les Rencontres \u00c9conomiques<\/title>\n<meta name=\"robots\" content=\"index, follow, max-snippet:-1, max-image-preview:large, max-video-preview:-1\" \/>\n<link rel=\"canonical\" href=\"https:\/\/www.lesrencontreseconomiques.fr\/la-parole-aux-18-28\/edition-2022\/\" \/>\n<meta property=\"og:locale\" content=\"fr_FR\" \/>\n<meta property=\"og:type\" content=\"article\" \/>\n<meta property=\"og:description\" content=\"Quatre laur\u00e9ats pour le Prix \u00ab\u00a0La Parole aux 18-28\u00a0\u00bb Nacim Baouche 19 ans, \u00ab P\u00e9tition pour une transformation du monde (satire) \u00bb Ce texte prenant la forme d\u2019une p\u00e9tition satirique milite pour une transformation du monde : faire de la Terre une sph\u00e8re parfaite, qui par de nombreux effets, permet d\u2019accro\u00eetre la productivit\u00e9 des travailleurs [&hellip;]\" \/>\n<meta property=\"og:url\" content=\"https:\/\/www.lesrencontreseconomiques.fr\/la-parole-aux-18-28\/edition-2022\/\" \/>\n<meta property=\"og:site_name\" content=\"Les Rencontres \u00c9conomiques\" \/>\n<meta property=\"article:publisher\" content=\"https:\/\/www.facebook.com\/Le.Cercle.des.Economistes\/\" \/>\n<meta property=\"article:modified_time\" content=\"2022-07-20T09:35:19+00:00\" \/>\n<meta property=\"og:image\" content=\"https:\/\/www.lesrencontreseconomiques.fr\/wp-content\/uploads\/2022\/06\/reaix2022-tw-card.png\" \/>\n<meta name=\"twitter:card\" content=\"summary_large_image\" \/>\n<meta name=\"twitter:image\" content=\"https:\/\/www.lesrencontreseconomiques.fr\/wp-content\/uploads\/2022\/06\/reaix2022-tw-card.png\" \/>\n<meta name=\"twitter:site\" content=\"@Cercle_eco\" \/>\n<meta name=\"twitter:label1\" content=\"Dur\u00e9e de lecture estim\u00e9e\" \/>\n\t<meta name=\"twitter:data1\" content=\"2 minutes\" \/>\n<script type=\"application\/ld+json\" class=\"yoast-schema-graph\">{\"@context\":\"https:\/\/schema.org\",\"@graph\":[{\"@type\":\"WebPage\",\"@id\":\"https:\/\/www.lesrencontreseconomiques.fr\/la-parole-aux-18-28\/edition-2022\/\",\"url\":\"https:\/\/www.lesrencontreseconomiques.fr\/la-parole-aux-18-28\/edition-2022\/\",\"name\":\"Retour sur l'\u00e9dition 2022 - Les Rencontres \u00c9conomiques\",\"isPartOf\":{\"@id\":\"https:\/\/www.lesrencontreseconomiques.fr\/#website\"},\"datePublished\":\"2022-07-20T09:33:52+00:00\",\"dateModified\":\"2022-07-20T09:35:19+00:00\",\"breadcrumb\":{\"@id\":\"https:\/\/www.lesrencontreseconomiques.fr\/la-parole-aux-18-28\/edition-2022\/#breadcrumb\"},\"inLanguage\":\"fr-FR\",\"potentialAction\":[{\"@type\":\"ReadAction\",\"target\":[\"https:\/\/www.lesrencontreseconomiques.fr\/la-parole-aux-18-28\/edition-2022\/\"]}]},{\"@type\":\"BreadcrumbList\",\"@id\":\"https:\/\/www.lesrencontreseconomiques.fr\/la-parole-aux-18-28\/edition-2022\/#breadcrumb\",\"itemListElement\":[{\"@type\":\"ListItem\",\"position\":1,\"name\":\"Accueil\",\"item\":\"https:\/\/www.lesrencontreseconomiques.fr\/\"},{\"@type\":\"ListItem\",\"position\":2,\"name\":\"La Parole aux 18-28\",\"item\":\"https:\/\/www.lesrencontreseconomiques.fr\/la-parole-aux-18-28\/\"},{\"@type\":\"ListItem\",\"position\":3,\"name\":\"Retour sur l&rsquo;\u00e9dition 2022\"}]},{\"@type\":\"WebSite\",\"@id\":\"https:\/\/www.lesrencontreseconomiques.fr\/#website\",\"url\":\"https:\/\/www.lesrencontreseconomiques.fr\/\",\"name\":\"Les Rencontres \u00c9conomiques\",\"description\":\"\",\"potentialAction\":[{\"@type\":\"SearchAction\",\"target\":{\"@type\":\"EntryPoint\",\"urlTemplate\":\"https:\/\/www.lesrencontreseconomiques.fr\/?s={search_term_string}\"},\"query-input\":\"required name=search_term_string\"}],\"inLanguage\":\"fr-FR\"}]}<\/script>\n<!-- \/ Yoast SEO plugin. -->","yoast_head_json":{"title":"Retour sur l'\u00e9dition 2022 - Les Rencontres \u00c9conomiques","robots":{"index":"index","follow":"follow","max-snippet":"max-snippet:-1","max-image-preview":"max-image-preview:large","max-video-preview":"max-video-preview:-1"},"canonical":"https:\/\/www.lesrencontreseconomiques.fr\/la-parole-aux-18-28\/edition-2022\/","og_locale":"fr_FR","og_type":"article","og_description":"Quatre laur\u00e9ats pour le Prix \u00ab\u00a0La Parole aux 18-28\u00a0\u00bb Nacim Baouche 19 ans, \u00ab P\u00e9tition pour une transformation du monde (satire) \u00bb Ce texte prenant la forme d\u2019une p\u00e9tition satirique milite pour une transformation du monde : faire de la Terre une sph\u00e8re parfaite, qui par de nombreux effets, permet d\u2019accro\u00eetre la productivit\u00e9 des travailleurs [&hellip;]","og_url":"https:\/\/www.lesrencontreseconomiques.fr\/la-parole-aux-18-28\/edition-2022\/","og_site_name":"Les Rencontres \u00c9conomiques","article_publisher":"https:\/\/www.facebook.com\/Le.Cercle.des.Economistes\/","article_modified_time":"2022-07-20T09:35:19+00:00","og_image":[{"url":"https:\/\/www.lesrencontreseconomiques.fr\/wp-content\/uploads\/2022\/06\/reaix2022-tw-card.png"}],"twitter_card":"summary_large_image","twitter_image":"https:\/\/www.lesrencontreseconomiques.fr\/wp-content\/uploads\/2022\/06\/reaix2022-tw-card.png","twitter_site":"@Cercle_eco","twitter_misc":{"Dur\u00e9e de lecture estim\u00e9e":"2 minutes"},"schema":{"@context":"https:\/\/schema.org","@graph":[{"@type":"WebPage","@id":"https:\/\/www.lesrencontreseconomiques.fr\/la-parole-aux-18-28\/edition-2022\/","url":"https:\/\/www.lesrencontreseconomiques.fr\/la-parole-aux-18-28\/edition-2022\/","name":"Retour sur l'\u00e9dition 2022 - Les Rencontres \u00c9conomiques","isPartOf":{"@id":"https:\/\/www.lesrencontreseconomiques.fr\/#website"},"datePublished":"2022-07-20T09:33:52+00:00","dateModified":"2022-07-20T09:35:19+00:00","breadcrumb":{"@id":"https:\/\/www.lesrencontreseconomiques.fr\/la-parole-aux-18-28\/edition-2022\/#breadcrumb"},"inLanguage":"fr-FR","potentialAction":[{"@type":"ReadAction","target":["https:\/\/www.lesrencontreseconomiques.fr\/la-parole-aux-18-28\/edition-2022\/"]}]},{"@type":"BreadcrumbList","@id":"https:\/\/www.lesrencontreseconomiques.fr\/la-parole-aux-18-28\/edition-2022\/#breadcrumb","itemListElement":[{"@type":"ListItem","position":1,"name":"Accueil","item":"https:\/\/www.lesrencontreseconomiques.fr\/"},{"@type":"ListItem","position":2,"name":"La Parole aux 18-28","item":"https:\/\/www.lesrencontreseconomiques.fr\/la-parole-aux-18-28\/"},{"@type":"ListItem","position":3,"name":"Retour sur l&rsquo;\u00e9dition 2022"}]},{"@type":"WebSite","@id":"https:\/\/www.lesrencontreseconomiques.fr\/#website","url":"https:\/\/www.lesrencontreseconomiques.fr\/","name":"Les Rencontres \u00c9conomiques","description":"","potentialAction":[{"@type":"SearchAction","target":{"@type":"EntryPoint","urlTemplate":"https:\/\/www.lesrencontreseconomiques.fr\/?s={search_term_string}"},"query-input":"required name=search_term_string"}],"inLanguage":"fr-FR"}]}},"_links":{"self":[{"href":"https:\/\/www.lesrencontreseconomiques.fr\/wp-json\/wp\/v2\/pages\/4879"}],"collection":[{"href":"https:\/\/www.lesrencontreseconomiques.fr\/wp-json\/wp\/v2\/pages"}],"about":[{"href":"https:\/\/www.lesrencontreseconomiques.fr\/wp-json\/wp\/v2\/types\/page"}],"author":[{"embeddable":true,"href":"https:\/\/www.lesrencontreseconomiques.fr\/wp-json\/wp\/v2\/users\/2"}],"replies":[{"embeddable":true,"href":"https:\/\/www.lesrencontreseconomiques.fr\/wp-json\/wp\/v2\/comments?post=4879"}],"version-history":[{"count":0,"href":"https:\/\/www.lesrencontreseconomiques.fr\/wp-json\/wp\/v2\/pages\/4879\/revisions"}],"up":[{"embeddable":true,"href":"https:\/\/www.lesrencontreseconomiques.fr\/wp-json\/wp\/v2\/pages\/8"}],"wp:attachment":[{"href":"https:\/\/www.lesrencontreseconomiques.fr\/wp-json\/wp\/v2\/media?parent=4879"}],"curies":[{"name":"wp","href":"https:\/\/api.w.org\/{rel}","templated":true}]}}