
{"id":4861,"date":"2022-07-20T11:12:49","date_gmt":"2022-07-20T09:12:49","guid":{"rendered":"https:\/\/www.lesrencontreseconomiques.fr\/?page_id=4861"},"modified":"2022-07-20T11:13:51","modified_gmt":"2022-07-20T09:13:51","slug":"recueil-des-contributions","status":"publish","type":"page","link":"https:\/\/www.lesrencontreseconomiques.fr\/la-parole-aux-18-28\/recueil-des-contributions\/","title":{"rendered":"Recueil des contributions"},"content":{"rendered":"<div class=\"-wrapper -846 -mt-90 -mb-90\">\n<div class=\"cp-cta-image-texte\">\n<div class=\"media \" data-aos=\"fade-right\" data-aos-anchor-placement=\"top-bottom\" data-aos-offset=\"200\">\n<div class=\"image -walc \" style=\"padding-top:31.69643%\"><img decoding=\"async\" width=\"224\" height=\"71\" src=\"https:\/\/www.lesrencontreseconomiques.fr\/wp-content\/uploads\/2020\/12\/nathan_hdef_3-668x211-1-224x71.jpg\" class=\"attachment-small size-small\" alt=\"\" loading=\"lazy\" \/><\/div>\n<\/p><\/div>\n<div class=\"description cp-texte\" data-aos=\"fade-up\" data-aos-anchor-placement=\"top-bottom\" data-aos-offset=\"200\">\n<p>En partenariat avec les \u00c9ditions Nathan<\/p>\n<\/p><\/div>\n<\/p><\/div>\n<\/div>\n<div class=\"-wrapper -846 -is-hr -mt-90 -mb-90\">\n<hr>\n<\/div>\n<div class=\"-wrapper -846 -mt-90 -mb-90\">\n<div class=\"cp-cta-image-texte\">\n<div class=\"media \" data-aos=\"fade-right\" data-aos-anchor-placement=\"top-bottom\" data-aos-offset=\"200\">\n<div class=\"image -walc \" style=\"padding-top:133.48214%\"><img decoding=\"async\" width=\"224\" height=\"299\" src=\"https:\/\/www.lesrencontreseconomiques.fr\/wp-content\/uploads\/2022\/01\/etienneklein-225x300-1.jpg\" class=\"attachment-small size-small\" alt=\"\" loading=\"lazy\" \/><\/div>\n<\/p><\/div>\n<div class=\"description cp-texte\" data-aos=\"fade-up\" data-aos-anchor-placement=\"top-bottom\" data-aos-offset=\"200\">\n<h2>Proc\u00e9dons \u00e0 un petit exercice de m\u00e9moire&#8230;<\/h2>\n<h3>Introduction d&rsquo;\u00c9tienne Klein, Pr\u00e9sident du Jury de la Parole aux 18-28<\/h3>\n<\/p><\/div>\n<\/p><\/div>\n<\/div>\n<div class=\"-wrapper -846 -mt-90 -mb-90\">\n<div class=\"cp-presentation\">\n<div class=\"cp-texte\">\n<p>Qu\u2019est-ce qui nous occupait tout juste avant le d\u00e9clenchement de la pand\u00e9mie de Covid-19 ?<\/p>\n<p>J\u2019ai d\u2019abord le souvenir que nous faisions all\u00e8grement joujou avec le spectre de l\u2019effondrement, voire avec celui de la fin du monde. Les r\u00e9flexions sur la catastrophe \u00e9taient devenues un genre litt\u00e9raire autonome. Chaque jour, on nous remettait une couche suppl\u00e9mentaire de noir sur l\u2019obscurit\u00e9 g\u00e9n\u00e9rale. J\u2019ai \u00e9galement le souvenir que dans les moments o\u00f9 nous laissions la fin du monde en paix (si j\u2019ose dire), nous nous disloquions en une sorte d\u2019immobilit\u00e9 tr\u00e9pidante, de \u00ab\u00a0pr\u00e9sentisme\u00a0\u00bb effr\u00e9n\u00e9 : nous \u00e9tions submerg\u00e9s par un flux incessant, ensevelis sous des tonnes d\u2019informations dont la consistance \u00e9tait souvent artificielle. Nous ne parlions gu\u00e8re que du pr\u00e9sent, comme si le futur s\u2019\u00e9tait absent\u00e9 de nos repr\u00e9sentations, comme si l\u2019urgence avait partout r\u00e9pudi\u00e9 l\u2019avenir comme promesse.<\/p>\n<p>Or, que s\u2019est-il pass\u00e9 pendant le premier confinement ? Bien s\u00fbr, nous \u00e9tions tous concentr\u00e9s sur le tr\u00e8s court terme, cherchant la mani\u00e8re la plus efficace de g\u00e9rer les crises sanitaire et \u00e9conomique en cours, de r\u00e9parer les d\u00e9g\u00e2ts. Mais dans le m\u00eame temps, chacun d\u2019entre nous se sentait invit\u00e9 par la force des choses \u00e0 r\u00e9investir l\u2019id\u00e9e de futur.<\/p>\n<p>C\u2019est ainsi qu\u2019en seulement quelques semaines, alors m\u00eame que de multiples effondrements \u00e9taient en cours et que d\u2019autres mena\u00e7aient de se produire, alors m\u00eame que l\u2019avenir devenait encore plus impr\u00e9visible qu\u2019auparavant, l\u2019id\u00e9e qu\u2019il y aura demain un monde a remplac\u00e9 l\u2019id\u00e9e de fin du monde !<\/p>\n<p>\u00c0 la surprise g\u00e9n\u00e9rale, le temps long a ainsi fait son come-back au sein de notre pr\u00e9sent. Il est heureux que, dans les pages que vous allez lire, des jeunes filles et des jeunes gens aient repris ce flambeau \u00e0 leur propre compte, accordant \u00e0 l\u2019avenir un statut digne de ce nom, lui donnant de fi\u00e8res allures de d\u00e9fi, l\u2019investissant avec des id\u00e9es, des sc\u00e9narios, des projets, des repr\u00e9sentations, des d\u00e9sirs. Tous, chacun \u00e0 sa fa\u00e7on, ont donn\u00e9 corps \u00e0 l\u2019id\u00e9e que l\u2019avenir constitue une authentique r\u00e9alit\u00e9, mais qu\u2019il n\u2019est pas compl\u00e8tement configur\u00e9, pas int\u00e9gralement d\u00e9termin\u00e9, de sorte qu\u2019il y a encore place pour du jeu, des opportunit\u00e9s pour la volont\u00e9 et pour l\u2019invention.<\/p>\n<p>En faisant cela, mine de rien, ils ont redynamis\u00e9 le temps en force historique. N\u2019est-ce pas, en soi, une bonne nouvelle ?<\/p>\n<div class=\"filter\"><\/div>\n<\/p><\/div>\n<p>\t\t\t<a class=\"cta -teaser-reveal\" href=\"javascript:void(0)\"><br \/>\n\t\t\t\t<span class=\"cp-cta-plus -rouge -bas -pt-20\"><br \/>\n\t\t\t\t\t<span>En savoir plus<\/span><br \/>\n\t\t\t\t<\/span><br \/>\n\t\t\t<\/a>\n\t\t<\/div>\n<\/p><\/div>\n<div class=\"-wrapper -846 -is-hr -mt-90 -mb-90\">\n<hr>\n<\/div>\n<div class=\"-wrapper -846 -mt-90 -mb-90\">\n<div class=\"cp-cta-image-texte\">\n<div class=\"media -no-shadow\" data-aos=\"fade-right\" data-aos-anchor-placement=\"top-bottom\" data-aos-offset=\"200\">\n<div class=\"image -walc \" style=\"padding-top:100%\"><img decoding=\"async\" width=\"224\" height=\"224\" src=\"https:\/\/www.lesrencontreseconomiques.fr\/wp-content\/uploads\/2022\/07\/recueil-2022-1x1-1-224x224.png\" class=\"attachment-small size-small\" alt=\"\" loading=\"lazy\" \/><\/div>\n<\/p><\/div>\n<div class=\"description cp-texte\" data-aos=\"fade-up\" data-aos-anchor-placement=\"top-bottom\" data-aos-offset=\"200\">\n<h2>Et si vous transformiez le monde : quelles seraient vos priorit\u00e9s ?<\/h2>\n<p>Retrouvez dans ce recueil les contributions des quatre laur\u00e9ats et des candidats du Prix La Parole aux 18-28.<\/p>\n<p><a class=\"cp-cta-bouton -telecharger\" href=\"https:\/\/www.lesrencontreseconomiques.fr\/wp-content\/uploads\/2022\/07\/lp1828_2022_livret.pdf\" target=\"_blank\" rel=\"noopener\">T\u00e9l\u00e9charger le recueil 2022<\/a><\/p>\n<\/p><\/div>\n<\/p><\/div>\n<\/div>\n<div class=\"-wrapper -846 -is-hr -mt-90 -mb-90\">\n<hr>\n<\/div>\n<div class=\"-wrapper -846 -mt-90 -mb-minus-50\">\n<h2 class=\"cp-titre-rouge\">Les recueils des \u00e9ditions pr\u00e9c\u00e9dentes<\/h2>\n<\/div>\n<div class=\"-wrapper -846 -mt-90 -mb-90\">\n<div class=\"cp-cta-image-texte\">\n<div class=\"media -no-shadow\" data-aos=\"fade-right\" data-aos-anchor-placement=\"top-bottom\" data-aos-offset=\"200\">\n<div class=\"image -walc \" style=\"padding-top:66.51786%\"><img decoding=\"async\" width=\"224\" height=\"149\" src=\"https:\/\/www.lesrencontreseconomiques.fr\/wp-content\/uploads\/2022\/07\/recueil-2021-paysage-224x149.png\" class=\"attachment-small size-small\" alt=\"\" loading=\"lazy\" \/><\/div>\n<\/p><\/div>\n<div class=\"description cp-texte\" data-aos=\"fade-up\" data-aos-anchor-placement=\"top-bottom\" data-aos-offset=\"200\">\n<h2>R\u00e9sister aujourd&rsquo;hui pour inventer demain<\/h2>\n<p><a class=\"cp-cta-bouton -gris -telecharger\" href=\"https:\/\/www.lesrencontreseconomiques.fr\/2021\/wp-content\/uploads\/2021\/06\/2021_resisteraujourdhuipourinventerdemain_lp1828-2.pdf\" target=\"_blank\" rel=\"noopener\">T\u00e9l\u00e9charger le recueil 2021<\/a><\/p>\n<\/p><\/div>\n<\/p><\/div>\n<\/div>\n<div class=\"-wrapper -846 -mt-90 -mb-90\">\n<div class=\"cp-cta-image-texte\">\n<div class=\"media -no-shadow\" data-aos=\"fade-right\" data-aos-anchor-placement=\"top-bottom\" data-aos-offset=\"200\">\n<div class=\"image -walc \" style=\"padding-top:66.51786%\"><img decoding=\"async\" width=\"224\" height=\"149\" src=\"https:\/\/www.lesrencontreseconomiques.fr\/wp-content\/uploads\/2022\/07\/2020_recueil-224x149.png\" class=\"attachment-small size-small\" alt=\"\" loading=\"lazy\" \/><\/div>\n<\/p><\/div>\n<div class=\"description cp-texte\" data-aos=\"fade-up\" data-aos-anchor-placement=\"top-bottom\" data-aos-offset=\"200\">\n<h2>Agir face aux d\u00e9r\u00e8glements du monde<\/h2>\n<p><a class=\"cp-cta-bouton -gris -telecharger\" href=\"https:\/\/www.lesrencontreseconomiques.fr\/2021\/wp-content\/uploads\/2020\/12\/2020_agir-face-aux-dereglements-du-monde_finale.pdf\" target=\"_blank\" rel=\"noopener\">T\u00e9l\u00e9charger le recueil 2020<\/a><\/p>\n<\/p><\/div>\n<\/p><\/div>\n<\/div>\n<div class=\"-wrapper -846 -mt-90 -mb-90\">\n<div class=\"cp-cta-image-texte\">\n<div class=\"media -no-shadow\" data-aos=\"fade-right\" data-aos-anchor-placement=\"top-bottom\" data-aos-offset=\"200\">\n<div class=\"image -walc \" style=\"padding-top:66.51786%\"><img decoding=\"async\" width=\"224\" height=\"149\" src=\"https:\/\/www.lesrencontreseconomiques.fr\/wp-content\/uploads\/2022\/07\/2019_recueil-224x149.png\" class=\"attachment-small size-small\" alt=\"\" loading=\"lazy\" \/><\/div>\n<\/p><\/div>\n<div class=\"description cp-texte\" data-aos=\"fade-up\" data-aos-anchor-placement=\"top-bottom\" data-aos-offset=\"200\">\n<h2>Renouer avec la confiance<\/h2>\n<p><a class=\"cp-cta-bouton -gris -telecharger\" href=\"https:\/\/www.lesrencontreseconomiques.fr\/2021\/wp-content\/uploads\/2020\/12\/2019_renoueraveclaconfiance.pdf\" target=\"_blank\" rel=\"noopener\">T\u00e9l\u00e9charger le recueil 2019<\/a><\/p>\n<\/p><\/div>\n<\/p><\/div>\n<\/div>\n<div class=\"-wrapper -846 -mt-90 -mb-90\">\n<div class=\"cp-cta-image-texte\">\n<div class=\"media -no-shadow\" data-aos=\"fade-right\" data-aos-anchor-placement=\"top-bottom\" data-aos-offset=\"200\">\n<div class=\"image -walc \" style=\"padding-top:66.51786%\"><img decoding=\"async\" width=\"224\" height=\"149\" src=\"https:\/\/www.lesrencontreseconomiques.fr\/wp-content\/uploads\/2022\/07\/2018_recueil-224x149.png\" class=\"attachment-small size-small\" alt=\"\" loading=\"lazy\" \/><\/div>\n<\/p><\/div>\n<div class=\"description cp-texte\" data-aos=\"fade-up\" data-aos-anchor-placement=\"top-bottom\" data-aos-offset=\"200\">\n<h2>Vous avez les cl\u00e9s du monde, que changez-vous ?<\/h2>\n<p><a class=\"cp-cta-bouton -gris -telecharger\" href=\"https:\/\/www.lesrencontreseconomiques.fr\/2021\/wp-content\/uploads\/2020\/12\/2018_vousavezlesclesdumondequechangezvous.pdf\" target=\"_blank\" rel=\"noopener\">T\u00e9l\u00e9charger le recueil 2018<\/a><\/p>\n<\/p><\/div>\n<\/p><\/div>\n<\/div>\n<div class=\"-wrapper -846 -mt-90 -mb-90\">\n<div class=\"cp-cta-image-texte\">\n<div class=\"media -no-shadow\" data-aos=\"fade-right\" data-aos-anchor-placement=\"top-bottom\" data-aos-offset=\"200\">\n<div class=\"image -walc \" style=\"padding-top:66.51786%\"><img decoding=\"async\" width=\"224\" height=\"149\" src=\"https:\/\/www.lesrencontreseconomiques.fr\/wp-content\/uploads\/2022\/07\/2017_recueil-224x149.png\" class=\"attachment-small size-small\" alt=\"\" loading=\"lazy\" \/><\/div>\n<\/p><\/div>\n<div class=\"description cp-texte\" data-aos=\"fade-up\" data-aos-anchor-placement=\"top-bottom\" data-aos-offset=\"200\">\n<h2>De quelle nouvelle prosp\u00e9rit\u00e9 serez-vous les acteurs ?<\/h2>\n<p><a class=\"cp-cta-bouton -gris -telecharger\" href=\"https:\/\/www.lesrencontreseconomiques.fr\/2021\/wp-content\/uploads\/2020\/12\/2017_dequellenouvelleprosperiteserezvousacteurs.pdf\" target=\"_blank\" rel=\"noopener\">T\u00e9l\u00e9charger le recueil 2017<\/a><\/p>\n<\/p><\/div>\n<\/p><\/div>\n<\/div>\n<div class=\"-wrapper -846 -mt-90 -mb-90\">\n<div class=\"cp-cta-image-texte\">\n<div class=\"media -no-shadow\" data-aos=\"fade-right\" data-aos-anchor-placement=\"top-bottom\" data-aos-offset=\"200\">\n<div class=\"image -walc \" style=\"padding-top:66.51786%\"><img decoding=\"async\" width=\"224\" height=\"149\" src=\"https:\/\/www.lesrencontreseconomiques.fr\/wp-content\/uploads\/2022\/07\/2016_recueil-224x149.png\" class=\"attachment-small size-small\" alt=\"\" loading=\"lazy\" \/><\/div>\n<\/p><\/div>\n<div class=\"description cp-texte\" data-aos=\"fade-up\" data-aos-anchor-placement=\"top-bottom\" data-aos-offset=\"200\">\n<h2>Dans un monde de turbulences, qu&rsquo;attendez-vous de la France ?<\/h2>\n<p><a class=\"cp-cta-bouton -gris -telecharger\" href=\"https:\/\/www.lesrencontreseconomiques.fr\/2021\/wp-content\/uploads\/2020\/12\/2016_dansunmondedeturbulencesquattendezvousdelafrance.pdf\" target=\"_blank\" rel=\"noopener\">T\u00e9l\u00e9charger le recueil 2016<\/a><\/p>\n<\/p><\/div>\n<\/p><\/div>\n<\/div>\n<div class=\"-wrapper -846 -mt-90 -mb-90\">\n<div class=\"cp-cta-image-texte\">\n<div class=\"media -no-shadow\" data-aos=\"fade-right\" data-aos-anchor-placement=\"top-bottom\" data-aos-offset=\"200\">\n<div class=\"image -walc \" style=\"padding-top:66.51786%\"><img decoding=\"async\" width=\"224\" height=\"149\" src=\"https:\/\/www.lesrencontreseconomiques.fr\/wp-content\/uploads\/2022\/07\/2015_recueil-224x149.png\" class=\"attachment-small size-small\" alt=\"\" loading=\"lazy\" \/><\/div>\n<\/p><\/div>\n<div class=\"description cp-texte\" data-aos=\"fade-up\" data-aos-anchor-placement=\"top-bottom\" data-aos-offset=\"200\">\n<h2>Imaginez votre travail demain !<\/h2>\n<p><a class=\"cp-cta-bouton -gris -telecharger\" href=\"https:\/\/www.lesrencontreseconomiques.fr\/2021\/wp-content\/uploads\/2020\/12\/2015_imaginezvotretravaildemain.pdf\" target=\"_blank\" rel=\"noopener\">T\u00e9l\u00e9charger le recueil 2015<\/a><\/p>\n<\/p><\/div>\n<\/p><\/div>\n<\/div>\n<div class=\"-wrapper -846 -mt-90 -mb-90\">\n<div class=\"cp-cta-image-texte\">\n<div class=\"media -no-shadow\" data-aos=\"fade-right\" data-aos-anchor-placement=\"top-bottom\" data-aos-offset=\"200\">\n<div class=\"image -walc \" style=\"padding-top:66.51786%\"><img decoding=\"async\" width=\"224\" height=\"149\" src=\"https:\/\/www.lesrencontreseconomiques.fr\/wp-content\/uploads\/2022\/07\/2014_recueil-224x149.png\" class=\"attachment-small size-small\" alt=\"\" loading=\"lazy\" \/><\/div>\n<\/p><\/div>\n<div class=\"description cp-texte\" data-aos=\"fade-up\" data-aos-anchor-placement=\"top-bottom\" data-aos-offset=\"200\">\n<h2>Investissez l&rsquo;avenir<\/h2>\n<p><a class=\"cp-cta-bouton -gris -telecharger\" href=\"https:\/\/www.lesrencontreseconomiques.fr\/2021\/wp-content\/uploads\/2020\/12\/2014_investissezlavenir.pdf\" target=\"_blank\" rel=\"noopener\">T\u00e9l\u00e9charger le recueil 2014<\/a><\/p>\n<\/p><\/div>\n<\/p><\/div>\n<\/div>\n<div class=\"-wrapper -846 -mt-90 -mb-90\">\n<div class=\"cp-cta-image-texte\">\n<div class=\"media -no-shadow\" data-aos=\"fade-right\" data-aos-anchor-placement=\"top-bottom\" data-aos-offset=\"200\">\n<div class=\"image -walc \" style=\"padding-top:66.51786%\"><img decoding=\"async\" width=\"224\" height=\"149\" src=\"https:\/\/www.lesrencontreseconomiques.fr\/wp-content\/uploads\/2022\/07\/2013_recueil-224x149.png\" class=\"attachment-small size-small\" alt=\"\" loading=\"lazy\" \/><\/div>\n<\/p><\/div>\n<div class=\"description cp-texte\" data-aos=\"fade-up\" data-aos-anchor-placement=\"top-bottom\" data-aos-offset=\"200\">\n<h2>Inventez 2020<\/h2>\n<p><a class=\"cp-cta-bouton -gris -telecharger\" href=\"https:\/\/www.lesrencontreseconomiques.fr\/2021\/wp-content\/uploads\/2020\/12\/2013_inventez2020.pdf\" target=\"_blank\" rel=\"noopener\">T\u00e9l\u00e9charger le recueil 2013<\/a><\/p>\n<\/p><\/div>\n<\/p><\/div>\n<\/div>\n","protected":false},"excerpt":{"rendered":"<p>En partenariat avec les \u00c9ditions Nathan Proc\u00e9dons \u00e0 un petit exercice de m\u00e9moire&#8230; Introduction d&rsquo;\u00c9tienne Klein, Pr\u00e9sident du Jury de la Parole aux 18-28 Qu\u2019est-ce qui nous occupait tout juste avant le d\u00e9clenchement de la pand\u00e9mie de Covid-19 ? J\u2019ai d\u2019abord le souvenir que nous faisions all\u00e8grement joujou avec le spectre de l\u2019effondrement, voire avec [&hellip;]<\/p>\n","protected":false},"author":2,"featured_media":0,"parent":8,"menu_order":0,"comment_status":"closed","ping_status":"closed","template":"","meta":[],"acf":[],"yoast_head":"<!-- This site is optimized with the Yoast SEO plugin v19.13 - https:\/\/yoast.com\/wordpress\/plugins\/seo\/ -->\n<title>Recueil des contributions - Les Rencontres \u00c9conomiques<\/title>\n<meta name=\"robots\" content=\"index, follow, max-snippet:-1, max-image-preview:large, max-video-preview:-1\" \/>\n<link rel=\"canonical\" href=\"https:\/\/www.lesrencontreseconomiques.fr\/la-parole-aux-18-28\/recueil-des-contributions\/\" \/>\n<meta property=\"og:locale\" content=\"fr_FR\" \/>\n<meta property=\"og:type\" content=\"article\" \/>\n<meta property=\"og:description\" content=\"En partenariat avec les \u00c9ditions Nathan Proc\u00e9dons \u00e0 un petit exercice de m\u00e9moire&#8230; Introduction d&rsquo;\u00c9tienne Klein, Pr\u00e9sident du Jury de la Parole aux 18-28 Qu\u2019est-ce qui nous occupait tout juste avant le d\u00e9clenchement de la pand\u00e9mie de Covid-19 ? J\u2019ai d\u2019abord le souvenir que nous faisions all\u00e8grement joujou avec le spectre de l\u2019effondrement, voire avec [&hellip;]\" \/>\n<meta property=\"og:url\" content=\"https:\/\/www.lesrencontreseconomiques.fr\/la-parole-aux-18-28\/recueil-des-contributions\/\" \/>\n<meta property=\"og:site_name\" content=\"Les Rencontres \u00c9conomiques\" \/>\n<meta property=\"article:publisher\" content=\"https:\/\/www.facebook.com\/Le.Cercle.des.Economistes\/\" \/>\n<meta property=\"article:modified_time\" content=\"2022-07-20T09:13:51+00:00\" \/>\n<meta property=\"og:image\" content=\"https:\/\/www.lesrencontreseconomiques.fr\/wp-content\/uploads\/2022\/06\/reaix2022-tw-card.png\" \/>\n<meta name=\"twitter:card\" content=\"summary_large_image\" \/>\n<meta name=\"twitter:image\" content=\"https:\/\/www.lesrencontreseconomiques.fr\/wp-content\/uploads\/2022\/06\/reaix2022-tw-card.png\" \/>\n<meta name=\"twitter:site\" content=\"@Cercle_eco\" \/>\n<meta name=\"twitter:label1\" content=\"Dur\u00e9e de lecture estim\u00e9e\" \/>\n\t<meta name=\"twitter:data1\" content=\"3 minutes\" \/>\n<script type=\"application\/ld+json\" class=\"yoast-schema-graph\">{\"@context\":\"https:\/\/schema.org\",\"@graph\":[{\"@type\":\"WebPage\",\"@id\":\"https:\/\/www.lesrencontreseconomiques.fr\/la-parole-aux-18-28\/recueil-des-contributions\/\",\"url\":\"https:\/\/www.lesrencontreseconomiques.fr\/la-parole-aux-18-28\/recueil-des-contributions\/\",\"name\":\"Recueil des contributions - Les Rencontres \u00c9conomiques\",\"isPartOf\":{\"@id\":\"https:\/\/www.lesrencontreseconomiques.fr\/#website\"},\"datePublished\":\"2022-07-20T09:12:49+00:00\",\"dateModified\":\"2022-07-20T09:13:51+00:00\",\"breadcrumb\":{\"@id\":\"https:\/\/www.lesrencontreseconomiques.fr\/la-parole-aux-18-28\/recueil-des-contributions\/#breadcrumb\"},\"inLanguage\":\"fr-FR\",\"potentialAction\":[{\"@type\":\"ReadAction\",\"target\":[\"https:\/\/www.lesrencontreseconomiques.fr\/la-parole-aux-18-28\/recueil-des-contributions\/\"]}]},{\"@type\":\"BreadcrumbList\",\"@id\":\"https:\/\/www.lesrencontreseconomiques.fr\/la-parole-aux-18-28\/recueil-des-contributions\/#breadcrumb\",\"itemListElement\":[{\"@type\":\"ListItem\",\"position\":1,\"name\":\"Accueil\",\"item\":\"https:\/\/www.lesrencontreseconomiques.fr\/\"},{\"@type\":\"ListItem\",\"position\":2,\"name\":\"La Parole aux 18-28\",\"item\":\"https:\/\/www.lesrencontreseconomiques.fr\/la-parole-aux-18-28\/\"},{\"@type\":\"ListItem\",\"position\":3,\"name\":\"Recueil des contributions\"}]},{\"@type\":\"WebSite\",\"@id\":\"https:\/\/www.lesrencontreseconomiques.fr\/#website\",\"url\":\"https:\/\/www.lesrencontreseconomiques.fr\/\",\"name\":\"Les Rencontres \u00c9conomiques\",\"description\":\"\",\"potentialAction\":[{\"@type\":\"SearchAction\",\"target\":{\"@type\":\"EntryPoint\",\"urlTemplate\":\"https:\/\/www.lesrencontreseconomiques.fr\/?s={search_term_string}\"},\"query-input\":\"required name=search_term_string\"}],\"inLanguage\":\"fr-FR\"}]}<\/script>\n<!-- \/ Yoast SEO plugin. -->","yoast_head_json":{"title":"Recueil des contributions - Les Rencontres \u00c9conomiques","robots":{"index":"index","follow":"follow","max-snippet":"max-snippet:-1","max-image-preview":"max-image-preview:large","max-video-preview":"max-video-preview:-1"},"canonical":"https:\/\/www.lesrencontreseconomiques.fr\/la-parole-aux-18-28\/recueil-des-contributions\/","og_locale":"fr_FR","og_type":"article","og_description":"En partenariat avec les \u00c9ditions Nathan Proc\u00e9dons \u00e0 un petit exercice de m\u00e9moire&#8230; Introduction d&rsquo;\u00c9tienne Klein, Pr\u00e9sident du Jury de la Parole aux 18-28 Qu\u2019est-ce qui nous occupait tout juste avant le d\u00e9clenchement de la pand\u00e9mie de Covid-19 ? J\u2019ai d\u2019abord le souvenir que nous faisions all\u00e8grement joujou avec le spectre de l\u2019effondrement, voire avec [&hellip;]","og_url":"https:\/\/www.lesrencontreseconomiques.fr\/la-parole-aux-18-28\/recueil-des-contributions\/","og_site_name":"Les Rencontres \u00c9conomiques","article_publisher":"https:\/\/www.facebook.com\/Le.Cercle.des.Economistes\/","article_modified_time":"2022-07-20T09:13:51+00:00","og_image":[{"url":"https:\/\/www.lesrencontreseconomiques.fr\/wp-content\/uploads\/2022\/06\/reaix2022-tw-card.png"}],"twitter_card":"summary_large_image","twitter_image":"https:\/\/www.lesrencontreseconomiques.fr\/wp-content\/uploads\/2022\/06\/reaix2022-tw-card.png","twitter_site":"@Cercle_eco","twitter_misc":{"Dur\u00e9e de lecture estim\u00e9e":"3 minutes"},"schema":{"@context":"https:\/\/schema.org","@graph":[{"@type":"WebPage","@id":"https:\/\/www.lesrencontreseconomiques.fr\/la-parole-aux-18-28\/recueil-des-contributions\/","url":"https:\/\/www.lesrencontreseconomiques.fr\/la-parole-aux-18-28\/recueil-des-contributions\/","name":"Recueil des contributions - Les Rencontres \u00c9conomiques","isPartOf":{"@id":"https:\/\/www.lesrencontreseconomiques.fr\/#website"},"datePublished":"2022-07-20T09:12:49+00:00","dateModified":"2022-07-20T09:13:51+00:00","breadcrumb":{"@id":"https:\/\/www.lesrencontreseconomiques.fr\/la-parole-aux-18-28\/recueil-des-contributions\/#breadcrumb"},"inLanguage":"fr-FR","potentialAction":[{"@type":"ReadAction","target":["https:\/\/www.lesrencontreseconomiques.fr\/la-parole-aux-18-28\/recueil-des-contributions\/"]}]},{"@type":"BreadcrumbList","@id":"https:\/\/www.lesrencontreseconomiques.fr\/la-parole-aux-18-28\/recueil-des-contributions\/#breadcrumb","itemListElement":[{"@type":"ListItem","position":1,"name":"Accueil","item":"https:\/\/www.lesrencontreseconomiques.fr\/"},{"@type":"ListItem","position":2,"name":"La Parole aux 18-28","item":"https:\/\/www.lesrencontreseconomiques.fr\/la-parole-aux-18-28\/"},{"@type":"ListItem","position":3,"name":"Recueil des contributions"}]},{"@type":"WebSite","@id":"https:\/\/www.lesrencontreseconomiques.fr\/#website","url":"https:\/\/www.lesrencontreseconomiques.fr\/","name":"Les Rencontres \u00c9conomiques","description":"","potentialAction":[{"@type":"SearchAction","target":{"@type":"EntryPoint","urlTemplate":"https:\/\/www.lesrencontreseconomiques.fr\/?s={search_term_string}"},"query-input":"required name=search_term_string"}],"inLanguage":"fr-FR"}]}},"_links":{"self":[{"href":"https:\/\/www.lesrencontreseconomiques.fr\/wp-json\/wp\/v2\/pages\/4861"}],"collection":[{"href":"https:\/\/www.lesrencontreseconomiques.fr\/wp-json\/wp\/v2\/pages"}],"about":[{"href":"https:\/\/www.lesrencontreseconomiques.fr\/wp-json\/wp\/v2\/types\/page"}],"author":[{"embeddable":true,"href":"https:\/\/www.lesrencontreseconomiques.fr\/wp-json\/wp\/v2\/users\/2"}],"replies":[{"embeddable":true,"href":"https:\/\/www.lesrencontreseconomiques.fr\/wp-json\/wp\/v2\/comments?post=4861"}],"version-history":[{"count":0,"href":"https:\/\/www.lesrencontreseconomiques.fr\/wp-json\/wp\/v2\/pages\/4861\/revisions"}],"up":[{"embeddable":true,"href":"https:\/\/www.lesrencontreseconomiques.fr\/wp-json\/wp\/v2\/pages\/8"}],"wp:attachment":[{"href":"https:\/\/www.lesrencontreseconomiques.fr\/wp-json\/wp\/v2\/media?parent=4861"}],"curies":[{"name":"wp","href":"https:\/\/api.w.org\/{rel}","templated":true}]}}