
{"id":4025,"date":"2022-07-05T17:07:47","date_gmt":"2022-07-05T15:07:47","guid":{"rendered":"https:\/\/www.lesrencontreseconomiques.fr\/?page_id=4025"},"modified":"2022-07-05T17:07:57","modified_gmt":"2022-07-05T15:07:57","slug":"horaires-acces","status":"publish","type":"page","link":"https:\/\/www.lesrencontreseconomiques.fr\/faq\/horaires-acces\/","title":{"rendered":"Horaires &#038; Acc\u00e8s"},"content":{"rendered":"<div class=\"-wrapper -668 -mt-90 -mb-90\">\n<div class=\"cp-intro -texte\">\n<div class=\"description\">\n<div class=\"cp-texte\">\n<h2>Dates<\/h2>\n<h3>Vendredi 8 juillet 2022<\/h3>\n<p>De 8h30 \u00e0 20h<\/p>\n<h3>Samedi 9 juillet 2022<\/h3>\n<p>De 7h00 \u00e0 19h30<\/p>\n<h3>Dimanche 10 juillet 2022<\/h3>\n<p>De 7h30 \u00e0 14h<\/p>\n<p>&nbsp;<\/p>\n<h2>Adresse<\/h2>\n<p>Parc Jourdan<\/p>\n<p>Entr\u00e9e par l&rsquo;avenue Anatole France<\/p>\n<p>13100 Aix-en-Provence<\/p>\n<p><em>Votre badge d&rsquo;acc\u00e8s et une pi\u00e8ce d&rsquo;identit\u00e9 en cours de validit\u00e9 vous seront demand\u00e9s \u00e0 l&rsquo;entr\u00e9e. Inscrivez-vous gratuitement <a href=\"https:\/\/www.lesrencontreseconomiques.fr\/inscription\/\">ici<\/a>.<\/em><\/p>\n<\/p><\/div>\n<\/p><\/div>\n<\/p><\/div>\n<\/p><\/div>\n<div class=\"-wrapper -668 -mt-90 -mb-90\">\n<div class=\"cp-intro -texte\">\n<div class=\"description\">\n<div class=\"cp-texte\">\n\t\t\t\t<iframe src=\"https:\/\/www.google.com\/maps\/embed?pb=!1m18!1m12!1m3!1d2893.0024848950625!2d5.447108400913046!3d43.523140905462256!2m3!1f0!2f0!3f0!3m2!1i1024!2i768!4f13.1!3m3!1m2!1s0x0%3A0xc3bb9da447d7786d!2zNDPCsDMxJzIzLjMiTiA1wrAyNic1NC4zIkU!5e0!3m2!1sfr!2sfr!4v1657032966168!5m2!1sfr!2sfr\" width=\"600\" height=\"450\" style=\"border:0;\" allowfullscreen=\"\" loading=\"lazy\" referrerpolicy=\"no-referrer-when-downgrade\"><\/iframe>\t\t\t<\/div>\n<\/p><\/div>\n<\/p><\/div>\n<\/div>\n","protected":false},"excerpt":{"rendered":"<p>Dates Vendredi 8 juillet 2022 De 8h30 \u00e0 20h Samedi 9 juillet 2022 De 7h00 \u00e0 19h30 Dimanche 10 juillet 2022 De 7h30 \u00e0 14h &nbsp; Adresse Parc Jourdan Entr\u00e9e par l&rsquo;avenue Anatole France 13100 Aix-en-Provence Votre badge d&rsquo;acc\u00e8s et une pi\u00e8ce d&rsquo;identit\u00e9 en cours de validit\u00e9 vous seront demand\u00e9s \u00e0 l&rsquo;entr\u00e9e. Inscrivez-vous gratuitement ici.<\/p>\n","protected":false},"author":2,"featured_media":0,"parent":2756,"menu_order":0,"comment_status":"closed","ping_status":"closed","template":"","meta":[],"acf":[],"yoast_head":"<!-- This site is optimized with the Yoast SEO plugin v19.13 - https:\/\/yoast.com\/wordpress\/plugins\/seo\/ -->\n<title>Horaires &amp; Acc\u00e8s - Les Rencontres \u00c9conomiques<\/title>\n<meta name=\"robots\" content=\"index, follow, max-snippet:-1, max-image-preview:large, max-video-preview:-1\" \/>\n<link rel=\"canonical\" href=\"https:\/\/www.lesrencontreseconomiques.fr\/faq\/horaires-acces\/\" \/>\n<meta property=\"og:locale\" content=\"fr_FR\" \/>\n<meta property=\"og:type\" content=\"article\" \/>\n<meta property=\"og:description\" content=\"Dates Vendredi 8 juillet 2022 De 8h30 \u00e0 20h Samedi 9 juillet 2022 De 7h00 \u00e0 19h30 Dimanche 10 juillet 2022 De 7h30 \u00e0 14h &nbsp; Adresse Parc Jourdan Entr\u00e9e par l&rsquo;avenue Anatole France 13100 Aix-en-Provence Votre badge d&rsquo;acc\u00e8s et une pi\u00e8ce d&rsquo;identit\u00e9 en cours de validit\u00e9 vous seront demand\u00e9s \u00e0 l&rsquo;entr\u00e9e. Inscrivez-vous gratuitement ici.\" \/>\n<meta property=\"og:url\" content=\"https:\/\/www.lesrencontreseconomiques.fr\/faq\/horaires-acces\/\" \/>\n<meta property=\"og:site_name\" content=\"Les Rencontres \u00c9conomiques\" \/>\n<meta property=\"article:publisher\" content=\"https:\/\/www.facebook.com\/Le.Cercle.des.Economistes\/\" \/>\n<meta property=\"article:modified_time\" content=\"2022-07-05T15:07:57+00:00\" \/>\n<meta property=\"og:image\" content=\"https:\/\/www.lesrencontreseconomiques.fr\/wp-content\/uploads\/2022\/06\/reaix2022-tw-card.png\" \/>\n\t<meta property=\"og:image:width\" content=\"560\" \/>\n\t<meta property=\"og:image:height\" content=\"292\" \/>\n\t<meta property=\"og:image:type\" content=\"image\/png\" \/>\n<meta name=\"twitter:card\" content=\"summary_large_image\" \/>\n<meta name=\"twitter:image\" content=\"https:\/\/www.lesrencontreseconomiques.fr\/wp-content\/uploads\/2022\/06\/reaix2022-tw-card.png\" \/>\n<meta name=\"twitter:site\" content=\"@Cercle_eco\" \/>\n<script type=\"application\/ld+json\" class=\"yoast-schema-graph\">{\"@context\":\"https:\/\/schema.org\",\"@graph\":[{\"@type\":\"WebPage\",\"@id\":\"https:\/\/www.lesrencontreseconomiques.fr\/faq\/horaires-acces\/\",\"url\":\"https:\/\/www.lesrencontreseconomiques.fr\/faq\/horaires-acces\/\",\"name\":\"Horaires & Acc\u00e8s - Les Rencontres \u00c9conomiques\",\"isPartOf\":{\"@id\":\"https:\/\/www.lesrencontreseconomiques.fr\/#website\"},\"datePublished\":\"2022-07-05T15:07:47+00:00\",\"dateModified\":\"2022-07-05T15:07:57+00:00\",\"breadcrumb\":{\"@id\":\"https:\/\/www.lesrencontreseconomiques.fr\/faq\/horaires-acces\/#breadcrumb\"},\"inLanguage\":\"fr-FR\",\"potentialAction\":[{\"@type\":\"ReadAction\",\"target\":[\"https:\/\/www.lesrencontreseconomiques.fr\/faq\/horaires-acces\/\"]}]},{\"@type\":\"BreadcrumbList\",\"@id\":\"https:\/\/www.lesrencontreseconomiques.fr\/faq\/horaires-acces\/#breadcrumb\",\"itemListElement\":[{\"@type\":\"ListItem\",\"position\":1,\"name\":\"Accueil\",\"item\":\"https:\/\/www.lesrencontreseconomiques.fr\/\"},{\"@type\":\"ListItem\",\"position\":2,\"name\":\"FAQ\",\"item\":\"https:\/\/www.lesrencontreseconomiques.fr\/faq\/\"},{\"@type\":\"ListItem\",\"position\":3,\"name\":\"Horaires &#038; Acc\u00e8s\"}]},{\"@type\":\"WebSite\",\"@id\":\"https:\/\/www.lesrencontreseconomiques.fr\/#website\",\"url\":\"https:\/\/www.lesrencontreseconomiques.fr\/\",\"name\":\"Les Rencontres \u00c9conomiques\",\"description\":\"\",\"potentialAction\":[{\"@type\":\"SearchAction\",\"target\":{\"@type\":\"EntryPoint\",\"urlTemplate\":\"https:\/\/www.lesrencontreseconomiques.fr\/?s={search_term_string}\"},\"query-input\":\"required name=search_term_string\"}],\"inLanguage\":\"fr-FR\"}]}<\/script>\n<!-- \/ Yoast SEO plugin. -->","yoast_head_json":{"title":"Horaires & Acc\u00e8s - Les Rencontres \u00c9conomiques","robots":{"index":"index","follow":"follow","max-snippet":"max-snippet:-1","max-image-preview":"max-image-preview:large","max-video-preview":"max-video-preview:-1"},"canonical":"https:\/\/www.lesrencontreseconomiques.fr\/faq\/horaires-acces\/","og_locale":"fr_FR","og_type":"article","og_description":"Dates Vendredi 8 juillet 2022 De 8h30 \u00e0 20h Samedi 9 juillet 2022 De 7h00 \u00e0 19h30 Dimanche 10 juillet 2022 De 7h30 \u00e0 14h &nbsp; Adresse Parc Jourdan Entr\u00e9e par l&rsquo;avenue Anatole France 13100 Aix-en-Provence Votre badge d&rsquo;acc\u00e8s et une pi\u00e8ce d&rsquo;identit\u00e9 en cours de validit\u00e9 vous seront demand\u00e9s \u00e0 l&rsquo;entr\u00e9e. Inscrivez-vous gratuitement ici.","og_url":"https:\/\/www.lesrencontreseconomiques.fr\/faq\/horaires-acces\/","og_site_name":"Les Rencontres \u00c9conomiques","article_publisher":"https:\/\/www.facebook.com\/Le.Cercle.des.Economistes\/","article_modified_time":"2022-07-05T15:07:57+00:00","og_image":[{"width":560,"height":292,"url":"https:\/\/www.lesrencontreseconomiques.fr\/wp-content\/uploads\/2022\/06\/reaix2022-tw-card.png","type":"image\/png"}],"twitter_card":"summary_large_image","twitter_image":"https:\/\/www.lesrencontreseconomiques.fr\/wp-content\/uploads\/2022\/06\/reaix2022-tw-card.png","twitter_site":"@Cercle_eco","schema":{"@context":"https:\/\/schema.org","@graph":[{"@type":"WebPage","@id":"https:\/\/www.lesrencontreseconomiques.fr\/faq\/horaires-acces\/","url":"https:\/\/www.lesrencontreseconomiques.fr\/faq\/horaires-acces\/","name":"Horaires & Acc\u00e8s - Les Rencontres \u00c9conomiques","isPartOf":{"@id":"https:\/\/www.lesrencontreseconomiques.fr\/#website"},"datePublished":"2022-07-05T15:07:47+00:00","dateModified":"2022-07-05T15:07:57+00:00","breadcrumb":{"@id":"https:\/\/www.lesrencontreseconomiques.fr\/faq\/horaires-acces\/#breadcrumb"},"inLanguage":"fr-FR","potentialAction":[{"@type":"ReadAction","target":["https:\/\/www.lesrencontreseconomiques.fr\/faq\/horaires-acces\/"]}]},{"@type":"BreadcrumbList","@id":"https:\/\/www.lesrencontreseconomiques.fr\/faq\/horaires-acces\/#breadcrumb","itemListElement":[{"@type":"ListItem","position":1,"name":"Accueil","item":"https:\/\/www.lesrencontreseconomiques.fr\/"},{"@type":"ListItem","position":2,"name":"FAQ","item":"https:\/\/www.lesrencontreseconomiques.fr\/faq\/"},{"@type":"ListItem","position":3,"name":"Horaires &#038; Acc\u00e8s"}]},{"@type":"WebSite","@id":"https:\/\/www.lesrencontreseconomiques.fr\/#website","url":"https:\/\/www.lesrencontreseconomiques.fr\/","name":"Les Rencontres \u00c9conomiques","description":"","potentialAction":[{"@type":"SearchAction","target":{"@type":"EntryPoint","urlTemplate":"https:\/\/www.lesrencontreseconomiques.fr\/?s={search_term_string}"},"query-input":"required name=search_term_string"}],"inLanguage":"fr-FR"}]}},"_links":{"self":[{"href":"https:\/\/www.lesrencontreseconomiques.fr\/wp-json\/wp\/v2\/pages\/4025"}],"collection":[{"href":"https:\/\/www.lesrencontreseconomiques.fr\/wp-json\/wp\/v2\/pages"}],"about":[{"href":"https:\/\/www.lesrencontreseconomiques.fr\/wp-json\/wp\/v2\/types\/page"}],"author":[{"embeddable":true,"href":"https:\/\/www.lesrencontreseconomiques.fr\/wp-json\/wp\/v2\/users\/2"}],"replies":[{"embeddable":true,"href":"https:\/\/www.lesrencontreseconomiques.fr\/wp-json\/wp\/v2\/comments?post=4025"}],"version-history":[{"count":0,"href":"https:\/\/www.lesrencontreseconomiques.fr\/wp-json\/wp\/v2\/pages\/4025\/revisions"}],"up":[{"embeddable":true,"href":"https:\/\/www.lesrencontreseconomiques.fr\/wp-json\/wp\/v2\/pages\/2756"}],"wp:attachment":[{"href":"https:\/\/www.lesrencontreseconomiques.fr\/wp-json\/wp\/v2\/media?parent=4025"}],"curies":[{"name":"wp","href":"https:\/\/api.w.org\/{rel}","templated":true}]}}