
{"id":3890,"date":"2022-06-27T19:23:05","date_gmt":"2022-06-27T17:23:05","guid":{"rendered":"https:\/\/www.lesrencontreseconomiques.fr\/?page_id=3890"},"modified":"2022-06-28T10:04:44","modified_gmt":"2022-06-28T08:04:44","slug":"mesures-sanitaires","status":"publish","type":"page","link":"https:\/\/www.lesrencontreseconomiques.fr\/mesures-sanitaires\/","title":{"rendered":"Mesures sanitaires"},"content":{"rendered":"<div class=\"-wrapper -668 -mt-90 -mb-90\">\n<div class=\"cp-intro -texte\">\n<div class=\"description\">\n<div class=\"cp-texte\">\n<p>Nous mettons en \u0153uvre toutes les mesures n\u00e9cessaires pour garantir la sant\u00e9 et la s\u00e9curit\u00e9 des participants lors des trois jours des Rencontres \u00c9conomiques d\u2019Aix-en-Provence, en accord avec les autorit\u00e9s gouvernementales et locales comp\u00e9tentes. Retrouvez l&rsquo;\u00e9volution de la situation sanitaire et l&rsquo;ensemble des informations relatives au Covid-19 sur <a href=\"https:\/\/solidarites-sante.gouv.fr\/soins-et-maladies\/maladies\/maladies-infectieuses\/coronavirus\/tout-savoir-sur-le-covid-19\/\" target=\"_blank\" rel=\"noopener\">le site du Minist\u00e8re de la Sant\u00e9<\/a>.<\/p>\n<p>Des masques et du gel hydroalcoolique seront \u00e0 votre disposition un peu partout dans le Parc Jourdan et dans les espaces de r\u00e9ception.<\/p>\n<p><strong>\u00a0<\/strong><\/p>\n<h2>Votre arriv\u00e9e en France<\/h2>\n<p>Afin de pr\u00e9parer au mieux votre venue \u00e0 Aix, vous trouverez les r\u00e8gles d\u2019acc\u00e8s au territoire fran\u00e7ais en vigueur selon votre pays de provenance <a href=\"https:\/\/www.interieur.gouv.fr\/\" target=\"_blank\" rel=\"noopener\">sur le site du Minist\u00e8re de l&rsquo;Int\u00e9rieur<\/a>.<\/p>\n<p>&nbsp;<\/p>\n<h2>Le Parc Jourdan<\/h2>\n<p>Les amphis \u00e9tant des structures ouvertes et les espaces de r\u00e9ception \u00e9tant en ext\u00e9rieur, a\u00e9ration se fera naturellement.<\/p>\n<p>Le nettoyage et la d\u00e9sinfection des espaces seront renforc\u00e9s pendant les trois jours de conf\u00e9rence.<\/p>\n<p><strong>\u00a0<\/strong><\/p>\n<h2>Gestes barri\u00e8res<\/h2>\n<p><strong>Le port du masque n\u2019est pas obligatoire mais recommand\u00e9 pour tous.<\/strong><\/p>\n<p>Nous vous invitons par ailleurs \u00e0 respecter les gestes barri\u00e8re\u00a0:<\/p>\n<ul>\n<li>Nettoyez-vous fr\u00e9quemment les mains (du gel hydroalcoolique sera \u00e0 disposition a l\u2019accueil, aux entr\u00e9es des amphis et lors des r\u00e9ceptions)<\/li>\n<li>Toussez ou \u00e9ternuez dans votre coude<\/li>\n<li>Evitez les contacts et les embrassades<\/li>\n<li>Respectez autant que faire se peut une distance d\u2019un m\u00e8tre<\/li>\n<\/ul>\n<p>&nbsp;<\/p>\n<h2>Assistance m\u00e9dicale<\/h2>\n<p>Une antenne m\u00e9dicale sera pr\u00e9sente dans le Parc Jourdan.<\/p>\n<p>En cas de besoin, vous pouvez effectuer des tests de d\u00e9pistage Covid antig\u00e9nique naso-pharyng\u00e9s :<\/p>\n<p><strong>Pharmacie la plus proche : Pharmacie du Roi Ren\u00e9<\/strong><\/p>\n<ul>\n<li>Adresse : 1 bis 19cours Orbitelle, 13100 Aix-en-Provence<\/li>\n<li>T\u00e9l\u00e9phone : 04 42 26 31 60<\/li>\n<li>Horaires : 8h00 \u2013 19h00 du lundi au vendredi \/\u00a09h00 \u2013 18h00 le samedi<\/li>\n<\/ul>\n<p><strong>Pharmacie ouverte le dimanche : Pharmacie des Pr\u00eacheurs<\/strong><\/p>\n<ul>\n<li>Adresse : 2 rue Peyresc, 13100 Aix-en-Provence<\/li>\n<li>T\u00e9l\u00e9phone : 04 42 38 18 60<\/li>\n<li>Horaires : 8h00 \u2013 22h00 tous les jours, y compris le dimanche<\/li>\n<\/ul>\n<p>&nbsp;<\/p>\n<h2>R\u00e8gles pour les cas contacts et les personnes positives<\/h2>\n<p>Que faire si vous \u00eates cas contact\u00a0?<\/p>\n<p>Vous devez\u00a0<strong>r\u00e9aliser un test de d\u00e9pistage<\/strong>\u00a0(RT-PCR ou test antig\u00e9nique ou autotest)\u00a0<strong>2 jours apr\u00e8s avoir \u00e9t\u00e9 pr\u00e9venu par l\u2019Assurance Maladie ou par la personne positive<\/strong>.<\/p>\n<p>Si\u00a0<strong>votre test est positif<\/strong>\u00a0:<\/p>\n<ul>\n<li>Dans le cas d\u2019un <strong>autotest ou antig\u00e9nique positif<\/strong>\u00a0: confirmez le r\u00e9sultat imm\u00e9diatement par un test RT-PCR et isolez-vous dans l\u2019attente du r\u00e9sultat ;<\/li>\n<li>Dans le cas d&rsquo;un <strong>test RT-PCR positif\u00a0<\/strong>: isolez-vous imm\u00e9diatement, pour une dur\u00e9e et selon les modalit\u00e9s d\u00e9crites ci-dessous.\u00a0Etablissez la liste de vos cas contact et pr\u00e9venez les si possible. L\u2019Assurance Maladie vous contactera par SMS ou par t\u00e9l\u00e9phone pour vous donner les consignes sanitaires.<\/li>\n<\/ul>\n<p>Si <strong>votre test est n\u00e9gatif<\/strong>\u00a0vous devez :<\/p>\n<ul>\n<li>Surveiller votre temp\u00e9rature et l\u2019\u00e9ventuelle apparition de sympt\u00f4mes ; r\u00e9aliser un test de d\u00e9pistage antig\u00e9nique ou RT-PCR imm\u00e9diatement en cas de sympt\u00f4mes ;<\/li>\n<li><strong>Appliquer de mani\u00e8re stricte les mesures barri\u00e8res<\/strong>, notamment le port du masque en ext\u00e9rieur et en int\u00e9rieur (particuli\u00e8rement dans les lieux avec du public), limiter vos contacts et \u00e9viter tout contact avec des personnes \u00e0 risque de forme grave de la Covid-19.<\/li>\n<\/ul><\/div>\n<\/p><\/div>\n<\/p><\/div>\n<\/p><\/div>\n","protected":false},"excerpt":{"rendered":"<p>Nous mettons en \u0153uvre toutes les mesures n\u00e9cessaires pour garantir la sant\u00e9 et la s\u00e9curit\u00e9 des participants lors des trois jours des Rencontres \u00c9conomiques d\u2019Aix-en-Provence, en accord avec les autorit\u00e9s gouvernementales et locales comp\u00e9tentes. Retrouvez l&rsquo;\u00e9volution de la situation sanitaire et l&rsquo;ensemble des informations relatives au Covid-19 sur le site du Minist\u00e8re de la Sant\u00e9. [&hellip;]<\/p>\n","protected":false},"author":2,"featured_media":0,"parent":0,"menu_order":0,"comment_status":"closed","ping_status":"closed","template":"","meta":[],"acf":[],"yoast_head":"<!-- This site is optimized with the Yoast SEO plugin v19.13 - https:\/\/yoast.com\/wordpress\/plugins\/seo\/ -->\n<title>Mesures sanitaires - Les Rencontres \u00c9conomiques<\/title>\n<meta name=\"robots\" content=\"index, follow, max-snippet:-1, max-image-preview:large, max-video-preview:-1\" \/>\n<link rel=\"canonical\" href=\"https:\/\/www.lesrencontreseconomiques.fr\/mesures-sanitaires\/\" \/>\n<meta property=\"og:locale\" content=\"fr_FR\" \/>\n<meta property=\"og:type\" content=\"article\" \/>\n<meta property=\"og:description\" content=\"Nous mettons en \u0153uvre toutes les mesures n\u00e9cessaires pour garantir la sant\u00e9 et la s\u00e9curit\u00e9 des participants lors des trois jours des Rencontres \u00c9conomiques d\u2019Aix-en-Provence, en accord avec les autorit\u00e9s gouvernementales et locales comp\u00e9tentes. Retrouvez l&rsquo;\u00e9volution de la situation sanitaire et l&rsquo;ensemble des informations relatives au Covid-19 sur le site du Minist\u00e8re de la Sant\u00e9. [&hellip;]\" \/>\n<meta property=\"og:url\" content=\"https:\/\/www.lesrencontreseconomiques.fr\/mesures-sanitaires\/\" \/>\n<meta property=\"og:site_name\" content=\"Les Rencontres \u00c9conomiques\" \/>\n<meta property=\"article:publisher\" content=\"https:\/\/www.facebook.com\/Le.Cercle.des.Economistes\/\" \/>\n<meta property=\"article:modified_time\" content=\"2022-06-28T08:04:44+00:00\" \/>\n<meta property=\"og:image\" content=\"https:\/\/www.lesrencontreseconomiques.fr\/wp-content\/uploads\/2022\/06\/reaix2022-tw-card.png\" \/>\n\t<meta property=\"og:image:width\" content=\"560\" \/>\n\t<meta property=\"og:image:height\" content=\"292\" \/>\n\t<meta property=\"og:image:type\" content=\"image\/png\" \/>\n<meta name=\"twitter:card\" content=\"summary_large_image\" \/>\n<meta name=\"twitter:image\" content=\"https:\/\/www.lesrencontreseconomiques.fr\/wp-content\/uploads\/2022\/06\/reaix2022-tw-card.png\" \/>\n<meta name=\"twitter:site\" content=\"@Cercle_eco\" \/>\n<meta name=\"twitter:label1\" content=\"Dur\u00e9e de lecture estim\u00e9e\" \/>\n\t<meta name=\"twitter:data1\" content=\"3 minutes\" \/>\n<script type=\"application\/ld+json\" class=\"yoast-schema-graph\">{\"@context\":\"https:\/\/schema.org\",\"@graph\":[{\"@type\":\"WebPage\",\"@id\":\"https:\/\/www.lesrencontreseconomiques.fr\/mesures-sanitaires\/\",\"url\":\"https:\/\/www.lesrencontreseconomiques.fr\/mesures-sanitaires\/\",\"name\":\"Mesures sanitaires - Les Rencontres \u00c9conomiques\",\"isPartOf\":{\"@id\":\"https:\/\/www.lesrencontreseconomiques.fr\/#website\"},\"datePublished\":\"2022-06-27T17:23:05+00:00\",\"dateModified\":\"2022-06-28T08:04:44+00:00\",\"breadcrumb\":{\"@id\":\"https:\/\/www.lesrencontreseconomiques.fr\/mesures-sanitaires\/#breadcrumb\"},\"inLanguage\":\"fr-FR\",\"potentialAction\":[{\"@type\":\"ReadAction\",\"target\":[\"https:\/\/www.lesrencontreseconomiques.fr\/mesures-sanitaires\/\"]}]},{\"@type\":\"BreadcrumbList\",\"@id\":\"https:\/\/www.lesrencontreseconomiques.fr\/mesures-sanitaires\/#breadcrumb\",\"itemListElement\":[{\"@type\":\"ListItem\",\"position\":1,\"name\":\"Accueil\",\"item\":\"https:\/\/www.lesrencontreseconomiques.fr\/\"},{\"@type\":\"ListItem\",\"position\":2,\"name\":\"Mesures sanitaires\"}]},{\"@type\":\"WebSite\",\"@id\":\"https:\/\/www.lesrencontreseconomiques.fr\/#website\",\"url\":\"https:\/\/www.lesrencontreseconomiques.fr\/\",\"name\":\"Les Rencontres \u00c9conomiques\",\"description\":\"\",\"potentialAction\":[{\"@type\":\"SearchAction\",\"target\":{\"@type\":\"EntryPoint\",\"urlTemplate\":\"https:\/\/www.lesrencontreseconomiques.fr\/?s={search_term_string}\"},\"query-input\":\"required name=search_term_string\"}],\"inLanguage\":\"fr-FR\"}]}<\/script>\n<!-- \/ Yoast SEO plugin. -->","yoast_head_json":{"title":"Mesures sanitaires - Les Rencontres \u00c9conomiques","robots":{"index":"index","follow":"follow","max-snippet":"max-snippet:-1","max-image-preview":"max-image-preview:large","max-video-preview":"max-video-preview:-1"},"canonical":"https:\/\/www.lesrencontreseconomiques.fr\/mesures-sanitaires\/","og_locale":"fr_FR","og_type":"article","og_description":"Nous mettons en \u0153uvre toutes les mesures n\u00e9cessaires pour garantir la sant\u00e9 et la s\u00e9curit\u00e9 des participants lors des trois jours des Rencontres \u00c9conomiques d\u2019Aix-en-Provence, en accord avec les autorit\u00e9s gouvernementales et locales comp\u00e9tentes. Retrouvez l&rsquo;\u00e9volution de la situation sanitaire et l&rsquo;ensemble des informations relatives au Covid-19 sur le site du Minist\u00e8re de la Sant\u00e9. [&hellip;]","og_url":"https:\/\/www.lesrencontreseconomiques.fr\/mesures-sanitaires\/","og_site_name":"Les Rencontres \u00c9conomiques","article_publisher":"https:\/\/www.facebook.com\/Le.Cercle.des.Economistes\/","article_modified_time":"2022-06-28T08:04:44+00:00","og_image":[{"width":560,"height":292,"url":"https:\/\/www.lesrencontreseconomiques.fr\/wp-content\/uploads\/2022\/06\/reaix2022-tw-card.png","type":"image\/png"}],"twitter_card":"summary_large_image","twitter_image":"https:\/\/www.lesrencontreseconomiques.fr\/wp-content\/uploads\/2022\/06\/reaix2022-tw-card.png","twitter_site":"@Cercle_eco","twitter_misc":{"Dur\u00e9e de lecture estim\u00e9e":"3 minutes"},"schema":{"@context":"https:\/\/schema.org","@graph":[{"@type":"WebPage","@id":"https:\/\/www.lesrencontreseconomiques.fr\/mesures-sanitaires\/","url":"https:\/\/www.lesrencontreseconomiques.fr\/mesures-sanitaires\/","name":"Mesures sanitaires - Les Rencontres \u00c9conomiques","isPartOf":{"@id":"https:\/\/www.lesrencontreseconomiques.fr\/#website"},"datePublished":"2022-06-27T17:23:05+00:00","dateModified":"2022-06-28T08:04:44+00:00","breadcrumb":{"@id":"https:\/\/www.lesrencontreseconomiques.fr\/mesures-sanitaires\/#breadcrumb"},"inLanguage":"fr-FR","potentialAction":[{"@type":"ReadAction","target":["https:\/\/www.lesrencontreseconomiques.fr\/mesures-sanitaires\/"]}]},{"@type":"BreadcrumbList","@id":"https:\/\/www.lesrencontreseconomiques.fr\/mesures-sanitaires\/#breadcrumb","itemListElement":[{"@type":"ListItem","position":1,"name":"Accueil","item":"https:\/\/www.lesrencontreseconomiques.fr\/"},{"@type":"ListItem","position":2,"name":"Mesures sanitaires"}]},{"@type":"WebSite","@id":"https:\/\/www.lesrencontreseconomiques.fr\/#website","url":"https:\/\/www.lesrencontreseconomiques.fr\/","name":"Les Rencontres \u00c9conomiques","description":"","potentialAction":[{"@type":"SearchAction","target":{"@type":"EntryPoint","urlTemplate":"https:\/\/www.lesrencontreseconomiques.fr\/?s={search_term_string}"},"query-input":"required name=search_term_string"}],"inLanguage":"fr-FR"}]}},"_links":{"self":[{"href":"https:\/\/www.lesrencontreseconomiques.fr\/wp-json\/wp\/v2\/pages\/3890"}],"collection":[{"href":"https:\/\/www.lesrencontreseconomiques.fr\/wp-json\/wp\/v2\/pages"}],"about":[{"href":"https:\/\/www.lesrencontreseconomiques.fr\/wp-json\/wp\/v2\/types\/page"}],"author":[{"embeddable":true,"href":"https:\/\/www.lesrencontreseconomiques.fr\/wp-json\/wp\/v2\/users\/2"}],"replies":[{"embeddable":true,"href":"https:\/\/www.lesrencontreseconomiques.fr\/wp-json\/wp\/v2\/comments?post=3890"}],"version-history":[{"count":0,"href":"https:\/\/www.lesrencontreseconomiques.fr\/wp-json\/wp\/v2\/pages\/3890\/revisions"}],"wp:attachment":[{"href":"https:\/\/www.lesrencontreseconomiques.fr\/wp-json\/wp\/v2\/media?parent=3890"}],"curies":[{"name":"wp","href":"https:\/\/api.w.org\/{rel}","templated":true}]}}