
{"id":3673,"date":"2022-06-26T15:58:24","date_gmt":"2022-06-26T13:58:24","guid":{"rendered":"https:\/\/www.lesrencontreseconomiques.fr\/?page_id=3673"},"modified":"2022-06-26T16:00:56","modified_gmt":"2022-06-26T14:00:56","slug":"thematiques","status":"publish","type":"page","link":"https:\/\/www.lesrencontreseconomiques.fr\/programme\/thematiques\/","title":{"rendered":"Les th\u00e8mes du programme"},"content":{"rendered":"<div class=\"-wrapper -846 -mt-90 -mb-90\">\n<div class=\"cp-intro -texte\">\n<div class=\"description\">\n<div class=\"cp-texte\">\n<hr \/>\n<h3>R\u00e9ussir les transformations du monde. Autour de ce th\u00e8me central, le programme des 22e Rencontres \u00c9conomiques d&rsquo;Aix-en-Provence se structure en quatre th\u00e9matiques : modes de vie, modes de production, modes de gouvernance, mondialisation. Plongez dans les enjeux du programme et entrez dans le d\u00e9bat !<\/h3>\n<p>Retrouvez l&rsquo;int\u00e9gralit\u00e9 du programme <a href=\"https:\/\/www.lesrencontreseconomiques.fr\/programme\/\">ici<\/a>.<\/p>\n<hr \/>\n<p>&nbsp;<\/p>\n<\/p><\/div>\n<\/p><\/div>\n<\/p><\/div>\n<\/p><\/div>\n<div class=\"-wrapper -846 -mt-90 -mb-90\">\n<div class=\"cp-cta-focus\" data-reaix-uid-1>\n<div class=\"photo\" data-aos=\"fade-up\" data-aos-anchor-placement=\"top-bottom\" data-aos-offset=\"200\" data-aos-delay=\"1\">\n<div class=\"image -walc \" style=\"padding-top:66.61677%\"><img decoding=\"async\" width=\"668\" height=\"445\" src=\"https:\/\/www.lesrencontreseconomiques.fr\/wp-content\/uploads\/2022\/06\/theme-site-modes-de-vie-668x445.png\" class=\"attachment-large_landscape_crop size-large_landscape_crop\" alt=\"\" loading=\"lazy\" \/><\/div>\n<\/p><\/div>\n<div class=\"description cp-texte\" data-aos=\"fade-up\" data-aos-anchor-placement=\"top-bottom\" data-aos-offset=\"200\" data-aos-delay=\"300\" data-aos-anchor=\"[data-reaix-uid-1]\">\n<h2>Les modes de vie<\/h2>\n<p>Bien-\u00eatre, in\u00e9galit\u00e9s, consommation\u2026 les transformations de nos modes de vie, enclench\u00e9es depuis plusieurs ann\u00e9es, ont \u00e9t\u00e9 acc\u00e9l\u00e9r\u00e9es par la pand\u00e9mie de Covid-19. Et les d\u00e9fis sont nombreux. Quelle place pour la jeunesse ? Comment lutter contre la pauvret\u00e9 et garantir une alimentation saine \u00e0 chacun ? Comment adapter nos modes de vie \u00e0 la n\u00e9cessaire transition \u00e9cologique ? Autant de questions qui animeront les d\u00e9bats lors des sessions et d\u00e9bats du parcours \u00ab\u00a0Modes de vie\u00a0\u00bb des Rencontres.<\/p>\n<\/p><\/div>\n<\/p><\/div>\n<\/div>\n<div class=\"-wrapper -846 -mt-90 -mb-90\">\n<div class=\"cp-cta-focus\" data-reaix-uid-2>\n<div class=\"photo\" data-aos=\"fade-up\" data-aos-anchor-placement=\"top-bottom\" data-aos-offset=\"200\" data-aos-delay=\"2\">\n<div class=\"image -walc \" style=\"padding-top:66.61677%\"><img decoding=\"async\" width=\"668\" height=\"445\" src=\"https:\/\/www.lesrencontreseconomiques.fr\/wp-content\/uploads\/2022\/06\/theme-site-modes-production-668x445.png\" class=\"attachment-large_landscape_crop size-large_landscape_crop\" alt=\"\" loading=\"lazy\" \/><\/div>\n<\/p><\/div>\n<div class=\"description cp-texte\" data-aos=\"fade-up\" data-aos-anchor-placement=\"top-bottom\" data-aos-offset=\"200\" data-aos-delay=\"300\" data-aos-anchor=\"[data-reaix-uid-2]\">\n<h2>Les modes de production<\/h2>\n<p>Nos modes de production doivent s&rsquo;adapter \u00e0 un monde o\u00f9 les ressources, autrefois abondantes, se rar\u00e9fient. Innovation, comp\u00e9tences, responsabilit\u00e9 soci\u00e9tale&#8230; les entreprises auront un r\u00f4le essentiel \u00e0 jouer pour r\u00e9ussir la transition vers un mod\u00e8le productif d\u00e9carbon\u00e9, faire \u00e9merger de nouveaux secteurs d&rsquo;activit\u00e9&#8230; mais lequel ? Comment les march\u00e9s financiers, et notamment la finance \u00e0 impact, peuvent-ils accompagner ces mutations et mettre l&rsquo;\u00e9pargne au service du climat ? Face \u00e0 ces bouleversements, \u00e0 quoi ressemblera le travail demain ? Toutes ces questions et plus encore seront d\u00e9battues aux Rencontres !<\/p>\n<\/p><\/div>\n<\/p><\/div>\n<\/div>\n<div class=\"-wrapper -846 -mt-90 -mb-90\">\n<div class=\"cp-cta-focus\" data-reaix-uid-3>\n<div class=\"photo\" data-aos=\"fade-up\" data-aos-anchor-placement=\"top-bottom\" data-aos-offset=\"200\" data-aos-delay=\"3\">\n<div class=\"image -walc \" style=\"padding-top:66.61677%\"><img decoding=\"async\" width=\"668\" height=\"445\" src=\"https:\/\/www.lesrencontreseconomiques.fr\/wp-content\/uploads\/2022\/06\/theme-site-gouvernance-668x445.png\" class=\"attachment-large_landscape_crop size-large_landscape_crop\" alt=\"\" loading=\"lazy\" \/><\/div>\n<\/p><\/div>\n<div class=\"description cp-texte\" data-aos=\"fade-up\" data-aos-anchor-placement=\"top-bottom\" data-aos-offset=\"200\" data-aos-delay=\"300\" data-aos-anchor=\"[data-reaix-uid-3]\">\n<h2>La gouvernance<\/h2>\n<p>D\u00e9mocratie, politiques publiques, contrat social&#8230;\u00a0nos modes de gouvernance doivent \u00e9voluer face aux transformations du monde. Comment gouverner avec la dette ? Comment r\u00e9concilier l&rsquo;\u00e9conomie et la politique ? Quels services publics pour l&rsquo;avenir ? Les leviers d\u2019actions sont l\u00e0 : nouveaux engagements de la jeunesse, r\u00f4le renouvel\u00e9 de l\u2019\u00c9tat, des territoires et des corps interm\u00e9diaires dans la soci\u00e9t\u00e9&#8230; Pour en d\u00e9battre, d\u00e9couvrez les sessions et d\u00e9bats du parcours \u00ab\u00a0Gouvernance\u00a0\u00bb du programme.<\/p>\n<\/p><\/div>\n<\/p><\/div>\n<\/div>\n<div class=\"-wrapper -846 -mt-90 -mb-90\">\n<div class=\"cp-cta-focus\" data-reaix-uid-4>\n<div class=\"photo\" data-aos=\"fade-up\" data-aos-anchor-placement=\"top-bottom\" data-aos-offset=\"200\" data-aos-delay=\"4\">\n<div class=\"image -walc \" style=\"padding-top:66.61677%\"><img decoding=\"async\" width=\"668\" height=\"445\" src=\"https:\/\/www.lesrencontreseconomiques.fr\/wp-content\/uploads\/2022\/06\/theme-site-mondialisation-668x445.png\" class=\"attachment-large_landscape_crop size-large_landscape_crop\" alt=\"\" loading=\"lazy\" \/><\/div>\n<\/p><\/div>\n<div class=\"description cp-texte\" data-aos=\"fade-up\" data-aos-anchor-placement=\"top-bottom\" data-aos-offset=\"200\" data-aos-delay=\"300\" data-aos-anchor=\"[data-reaix-uid-4]\">\n<h2>La mondialisation<\/h2>\n<p>Les limites du mod\u00e8le actuel nous invitent \u00e0 transformer le multilat\u00e9ralisme, la g\u00e9ostrat\u00e9gie, les souverainet\u00e9s et la gestion des migrations. Quel r\u00f4le pour l&rsquo;Europe dans le nouvel ordre mondial ? Alors que la souverainet\u00e9 num\u00e9rique s&rsquo;impose comme une \u00e9l\u00e9ment central de puissance, comment r\u00e9guler les g\u00e9ants de la tech ? Quelles r\u00e9ponses collectives trouver aux nouveaux chocs sanitaires, au bouleversement d\u00e9mographique et \u00e0 l&rsquo;urgence \u00e9cologique ? Afrique \u2013 Europe, Chine \u2013 Etats-Unis : quelles nouvelles dynamiques structurent les relations internationales ? D\u00e9couvrez les d\u00e9bats et sessions \u00ab\u00a0Mondialisation\u00a0\u00bb du programme des Rencontres !<\/p>\n<\/p><\/div>\n<\/p><\/div>\n<\/div>\n<div class=\"-wrapper -846 -is-hr -mt-90 -mb-90\">\n<hr>\n<\/div>\n<div class=\"-wrapper -668 -mt-90 -mb-90\">\n<div class=\"cp-intro -texte\">\n<div class=\"description\">\n<div class=\"cp-texte\">\n<p style=\"text-align: center;\"><a class=\"cp-cta-bouton\" href=\"https:\/\/www.lesrencontreseconomiques.fr\/programme\/\">D\u00e9couvrir l&rsquo;int\u00e9gralit\u00e9 du programme<\/a><\/p>\n<\/p><\/div>\n<\/p><\/div>\n<\/p><\/div>\n<\/p><\/div>\n","protected":false},"excerpt":{"rendered":"<p>R\u00e9ussir les transformations du monde. Autour de ce th\u00e8me central, le programme des 22e Rencontres \u00c9conomiques d&rsquo;Aix-en-Provence se structure en quatre th\u00e9matiques : modes de vie, modes de production, modes de gouvernance, mondialisation. Plongez dans les enjeux du programme et entrez dans le d\u00e9bat ! Retrouvez l&rsquo;int\u00e9gralit\u00e9 du programme ici. &nbsp; Les modes de vie [&hellip;]<\/p>\n","protected":false},"author":2,"featured_media":0,"parent":2346,"menu_order":0,"comment_status":"closed","ping_status":"closed","template":"","meta":[],"acf":[],"yoast_head":"<!-- This site is optimized with the Yoast SEO plugin v19.13 - https:\/\/yoast.com\/wordpress\/plugins\/seo\/ -->\n<title>Les th\u00e8mes du programme - Les Rencontres \u00c9conomiques<\/title>\n<meta name=\"robots\" content=\"index, follow, max-snippet:-1, max-image-preview:large, max-video-preview:-1\" \/>\n<link rel=\"canonical\" href=\"https:\/\/www.lesrencontreseconomiques.fr\/programme\/thematiques\/\" \/>\n<meta property=\"og:locale\" content=\"fr_FR\" \/>\n<meta property=\"og:type\" content=\"article\" \/>\n<meta property=\"og:description\" content=\"R\u00e9ussir les transformations du monde. Autour de ce th\u00e8me central, le programme des 22e Rencontres \u00c9conomiques d&rsquo;Aix-en-Provence se structure en quatre th\u00e9matiques : modes de vie, modes de production, modes de gouvernance, mondialisation. Plongez dans les enjeux du programme et entrez dans le d\u00e9bat ! Retrouvez l&rsquo;int\u00e9gralit\u00e9 du programme ici. &nbsp; Les modes de vie [&hellip;]\" \/>\n<meta property=\"og:url\" content=\"https:\/\/www.lesrencontreseconomiques.fr\/programme\/thematiques\/\" \/>\n<meta property=\"og:site_name\" content=\"Les Rencontres \u00c9conomiques\" \/>\n<meta property=\"article:publisher\" content=\"https:\/\/www.facebook.com\/Le.Cercle.des.Economistes\/\" \/>\n<meta property=\"article:modified_time\" content=\"2022-06-26T14:00:56+00:00\" \/>\n<meta property=\"og:image\" content=\"https:\/\/www.lesrencontreseconomiques.fr\/wp-content\/uploads\/2022\/06\/reaix2022-tw-card.png\" \/>\n<meta name=\"twitter:card\" content=\"summary_large_image\" \/>\n<meta name=\"twitter:image\" content=\"https:\/\/www.lesrencontreseconomiques.fr\/wp-content\/uploads\/2022\/06\/reaix2022-tw-card.png\" \/>\n<meta name=\"twitter:site\" content=\"@Cercle_eco\" \/>\n<meta name=\"twitter:label1\" content=\"Dur\u00e9e de lecture estim\u00e9e\" \/>\n\t<meta name=\"twitter:data1\" content=\"2 minutes\" \/>\n<script type=\"application\/ld+json\" class=\"yoast-schema-graph\">{\"@context\":\"https:\/\/schema.org\",\"@graph\":[{\"@type\":\"WebPage\",\"@id\":\"https:\/\/www.lesrencontreseconomiques.fr\/programme\/thematiques\/\",\"url\":\"https:\/\/www.lesrencontreseconomiques.fr\/programme\/thematiques\/\",\"name\":\"Les th\u00e8mes du programme - Les Rencontres \u00c9conomiques\",\"isPartOf\":{\"@id\":\"https:\/\/www.lesrencontreseconomiques.fr\/#website\"},\"datePublished\":\"2022-06-26T13:58:24+00:00\",\"dateModified\":\"2022-06-26T14:00:56+00:00\",\"breadcrumb\":{\"@id\":\"https:\/\/www.lesrencontreseconomiques.fr\/programme\/thematiques\/#breadcrumb\"},\"inLanguage\":\"fr-FR\",\"potentialAction\":[{\"@type\":\"ReadAction\",\"target\":[\"https:\/\/www.lesrencontreseconomiques.fr\/programme\/thematiques\/\"]}]},{\"@type\":\"BreadcrumbList\",\"@id\":\"https:\/\/www.lesrencontreseconomiques.fr\/programme\/thematiques\/#breadcrumb\",\"itemListElement\":[{\"@type\":\"ListItem\",\"position\":1,\"name\":\"Accueil\",\"item\":\"https:\/\/www.lesrencontreseconomiques.fr\/\"},{\"@type\":\"ListItem\",\"position\":2,\"name\":\"Programme\",\"item\":\"https:\/\/www.lesrencontreseconomiques.fr\/programme\/\"},{\"@type\":\"ListItem\",\"position\":3,\"name\":\"Les th\u00e8mes du programme\"}]},{\"@type\":\"WebSite\",\"@id\":\"https:\/\/www.lesrencontreseconomiques.fr\/#website\",\"url\":\"https:\/\/www.lesrencontreseconomiques.fr\/\",\"name\":\"Les Rencontres \u00c9conomiques\",\"description\":\"\",\"potentialAction\":[{\"@type\":\"SearchAction\",\"target\":{\"@type\":\"EntryPoint\",\"urlTemplate\":\"https:\/\/www.lesrencontreseconomiques.fr\/?s={search_term_string}\"},\"query-input\":\"required name=search_term_string\"}],\"inLanguage\":\"fr-FR\"}]}<\/script>\n<!-- \/ Yoast SEO plugin. -->","yoast_head_json":{"title":"Les th\u00e8mes du programme - Les Rencontres \u00c9conomiques","robots":{"index":"index","follow":"follow","max-snippet":"max-snippet:-1","max-image-preview":"max-image-preview:large","max-video-preview":"max-video-preview:-1"},"canonical":"https:\/\/www.lesrencontreseconomiques.fr\/programme\/thematiques\/","og_locale":"fr_FR","og_type":"article","og_description":"R\u00e9ussir les transformations du monde. Autour de ce th\u00e8me central, le programme des 22e Rencontres \u00c9conomiques d&rsquo;Aix-en-Provence se structure en quatre th\u00e9matiques : modes de vie, modes de production, modes de gouvernance, mondialisation. Plongez dans les enjeux du programme et entrez dans le d\u00e9bat ! Retrouvez l&rsquo;int\u00e9gralit\u00e9 du programme ici. &nbsp; Les modes de vie [&hellip;]","og_url":"https:\/\/www.lesrencontreseconomiques.fr\/programme\/thematiques\/","og_site_name":"Les Rencontres \u00c9conomiques","article_publisher":"https:\/\/www.facebook.com\/Le.Cercle.des.Economistes\/","article_modified_time":"2022-06-26T14:00:56+00:00","og_image":[{"url":"https:\/\/www.lesrencontreseconomiques.fr\/wp-content\/uploads\/2022\/06\/reaix2022-tw-card.png"}],"twitter_card":"summary_large_image","twitter_image":"https:\/\/www.lesrencontreseconomiques.fr\/wp-content\/uploads\/2022\/06\/reaix2022-tw-card.png","twitter_site":"@Cercle_eco","twitter_misc":{"Dur\u00e9e de lecture estim\u00e9e":"2 minutes"},"schema":{"@context":"https:\/\/schema.org","@graph":[{"@type":"WebPage","@id":"https:\/\/www.lesrencontreseconomiques.fr\/programme\/thematiques\/","url":"https:\/\/www.lesrencontreseconomiques.fr\/programme\/thematiques\/","name":"Les th\u00e8mes du programme - Les Rencontres \u00c9conomiques","isPartOf":{"@id":"https:\/\/www.lesrencontreseconomiques.fr\/#website"},"datePublished":"2022-06-26T13:58:24+00:00","dateModified":"2022-06-26T14:00:56+00:00","breadcrumb":{"@id":"https:\/\/www.lesrencontreseconomiques.fr\/programme\/thematiques\/#breadcrumb"},"inLanguage":"fr-FR","potentialAction":[{"@type":"ReadAction","target":["https:\/\/www.lesrencontreseconomiques.fr\/programme\/thematiques\/"]}]},{"@type":"BreadcrumbList","@id":"https:\/\/www.lesrencontreseconomiques.fr\/programme\/thematiques\/#breadcrumb","itemListElement":[{"@type":"ListItem","position":1,"name":"Accueil","item":"https:\/\/www.lesrencontreseconomiques.fr\/"},{"@type":"ListItem","position":2,"name":"Programme","item":"https:\/\/www.lesrencontreseconomiques.fr\/programme\/"},{"@type":"ListItem","position":3,"name":"Les th\u00e8mes du programme"}]},{"@type":"WebSite","@id":"https:\/\/www.lesrencontreseconomiques.fr\/#website","url":"https:\/\/www.lesrencontreseconomiques.fr\/","name":"Les Rencontres \u00c9conomiques","description":"","potentialAction":[{"@type":"SearchAction","target":{"@type":"EntryPoint","urlTemplate":"https:\/\/www.lesrencontreseconomiques.fr\/?s={search_term_string}"},"query-input":"required name=search_term_string"}],"inLanguage":"fr-FR"}]}},"_links":{"self":[{"href":"https:\/\/www.lesrencontreseconomiques.fr\/wp-json\/wp\/v2\/pages\/3673"}],"collection":[{"href":"https:\/\/www.lesrencontreseconomiques.fr\/wp-json\/wp\/v2\/pages"}],"about":[{"href":"https:\/\/www.lesrencontreseconomiques.fr\/wp-json\/wp\/v2\/types\/page"}],"author":[{"embeddable":true,"href":"https:\/\/www.lesrencontreseconomiques.fr\/wp-json\/wp\/v2\/users\/2"}],"replies":[{"embeddable":true,"href":"https:\/\/www.lesrencontreseconomiques.fr\/wp-json\/wp\/v2\/comments?post=3673"}],"version-history":[{"count":0,"href":"https:\/\/www.lesrencontreseconomiques.fr\/wp-json\/wp\/v2\/pages\/3673\/revisions"}],"up":[{"embeddable":true,"href":"https:\/\/www.lesrencontreseconomiques.fr\/wp-json\/wp\/v2\/pages\/2346"}],"wp:attachment":[{"href":"https:\/\/www.lesrencontreseconomiques.fr\/wp-json\/wp\/v2\/media?parent=3673"}],"curies":[{"name":"wp","href":"https:\/\/api.w.org\/{rel}","templated":true}]}}