
{"id":2759,"date":"2022-05-19T15:52:34","date_gmt":"2022-05-19T13:52:34","guid":{"rendered":"https:\/\/www.lesrencontreseconomiques.fr\/?page_id=2759"},"modified":"2022-06-09T12:50:31","modified_gmt":"2022-06-09T10:50:31","slug":"discuter-agir-changer-jeunesse-2022","status":"publish","type":"page","link":"https:\/\/www.lesrencontreseconomiques.fr\/discuter-agir-changer-jeunesse-2022\/","title":{"rendered":"Discuter, Agir, Changer &#8211; Jeunesse 2022"},"content":{"rendered":"<div class=\"-wrapper -846 -mt-90 -mb-90\">\n<div class=\"cp-intro -texte\">\n<div class=\"description\">\n<div class=\"cp-texte\">\n<p><b>Le Cercle des \u00e9conomistes <\/b>est parti d\u2019un constat\u00a0: la jeunesse a \u00e9t\u00e9 la grande oubli\u00e9e de la derni\u00e8re campagne pr\u00e9sidentielle. Et si, avant de proposer des mesures \u00e0 destination de celles et ceux qui feront demain, il fallait commencer par leur donner la parole\u00a0? C\u2019est cette conviction qui a pr\u00e9sid\u00e9 au lancement de <i>Discuter, agir, changer \u2013 Jeunesse 2022<\/i> en partenariat avec <b>SNCF<\/b>, <b>La Poste<\/b>, <b>Wavestone<\/b> et <b>La Plateforme<\/b>.<\/p>\n<p>Une conversation \u00e0 une \u00e9chelle in\u00e9dite men\u00e9e gr\u00e2ce au m\u00e9dia conversationnel <b>Jam<\/b>, sans tabous, sans pr\u00e9jug\u00e9s, pour construire ensemble des mesures concr\u00e8tes en faveur de la jeunesse qui seront pr\u00e9sent\u00e9es \u00e0 l\u2019occasion des prochaines <b>Rencontres \u00c9conomiques d\u2019Aix-en-Provence<\/b>, les 8, 9 et 10 juillet prochains.<\/p>\n<p>&nbsp;<\/p>\n<p><a class=\"cp-cta-bouton\" href=\"#resultats\">15 chiffres \u00e0 retenir<\/a>\u00a0 \u00a0 \u00a0<a class=\"cp-cta-bouton -telecharger -gris\" href=\"https:\/\/www.lesrencontreseconomiques.fr\/wp-content\/uploads\/2022\/05\/reaix2022-dac-infographie.pdf\" target=\"_blank\" rel=\"noopener\">T\u00e9l\u00e9charger l&rsquo;infographie<\/a>\u00a0 \u00a0 \u00a0<a class=\"cp-cta-bouton -telecharger -gris\" href=\"https:\/\/www.lesrencontreseconomiques.fr\/wp-content\/uploads\/2022\/05\/synthese-presentation-dac2022.pdf\" target=\"_blank\" rel=\"noopener\">T\u00e9l\u00e9charger les r\u00e9sultats d\u00e9taill\u00e9s<\/a><\/p>\n<\/p><\/div>\n<\/p><\/div>\n<\/p><\/div>\n<\/p><\/div>\n<div class=\"-wrapper -846 -mt-90 -mb-90\">\n<div class=\"cp-chiffres-gris\" data-reaix-uid-1>\n\t\t\t\t<span class=\"chiffre\" data-aos=\"fade-left\" data-aos-anchor-placement=\"top-bottom\" data-aos-offset=\"200\" data-aos-anchor=\"[data-reaix-uid-1]\"><br \/>\n\t\t\t<strong>15 695<\/strong> r\u00e9pondant, de 18 \u00e0 28 ans\t\t<\/span><br \/>\n\t\t\t\t<span class=\"chiffre\" data-aos=\"fade-left\" data-aos-anchor-placement=\"top-bottom\" data-aos-offset=\"200\" data-aos-delay=\"400\" data-aos-anchor=\"[data-reaix-uid-1]\"><br \/>\n\t\t\t<strong>706 515<\/strong> personnes touch\u00e9es\t\t<\/span><br \/>\n\t\t\t\t<span class=\"chiffre\" data-aos=\"fade-left\" data-aos-anchor-placement=\"top-bottom\" data-aos-offset=\"200\" data-aos-delay=\"800\" data-aos-anchor=\"[data-reaix-uid-1]\"><br \/>\n\t\t\t<strong>268 000<\/strong> interactions sur les r\u00e9seaux sociaux\t\t<\/span><br \/>\n\t\t\t\t<span class=\"chiffre\" data-aos=\"fade-left\" data-aos-anchor-placement=\"top-bottom\" data-aos-offset=\"200\" data-aos-delay=\"1200\" data-aos-anchor=\"[data-reaix-uid-1]\"><br \/>\n\t\t\t<strong>5<\/strong> conversations th\u00e9matiques\t\t<\/span>\n\t\t\t<\/div>\n<\/div>\n<div class=\"-wrapper -846 -is-hr -mt-90 -mb-90\">\n<hr>\n<\/div>\n<div class=\"-wrapper -846 -mt-90 -mb-minus-50\">\n<h2 class=\"cp-titre-rouge\">15 chiffres \u00e0 retenir<\/h2>\n<\/div>\n<div class=\"-wrapper -846 -mt-90 -mb-90\">\n<div class=\"cp-intro -texte\">\n<div class=\"description\">\n<div class=\"cp-texte\">\n<h2><a id=\"resultats\" class=\"c-anchor\"><\/a>Vivre mieux<\/h2>\n<p>Premier constat\u00a0: apr\u00e8s deux ans de crise sanitaire, le moral de la jeunesse est en berne. En cause, notamment, des conditions d\u2019existence mat\u00e9rielles souvent pr\u00e9caires, m\u00eame si tout n\u2019est pas si noir.<\/p>\n<\/p><\/div>\n<\/p><\/div>\n<\/p><\/div>\n<\/p><\/div>\n<div class=\"-wrapper -846 -mt-90 -mb-90\">\n<div class=\"cp-chiffres-rouges\" data-reaix-uid-2>\n<div class=\"titre\" data-aos=\"fade-right\" data-aos-anchor-placement=\"top-bottom\" data-aos-offset=\"200\" data-aos-anchor=\"[data-reaix-uid-2]\">\n\t\t\tEn 3 chiffres\t\t<\/div>\n<div class=\"focus\" data-aos=\"fade-up\" data-aos-anchor-placement=\"top-bottom\" data-aos-offset=\"200\" data-aos-delay=\"200\" data-aos-anchor=\"[data-reaix-uid-2]\">\n<div class=\"data\">52%<\/div>\n<div class=\"texte\">se disent d\u00e9moralis\u00e9s<\/div>\n<\/p><\/div>\n<div class=\"focus\" data-aos=\"fade-up\" data-aos-anchor-placement=\"top-bottom\" data-aos-offset=\"200\" data-aos-delay=\"400\" data-aos-anchor=\"[data-reaix-uid-2]\">\n<div class=\"data\">58%<\/div>\n<div class=\"texte\">ont besoin d&rsquo;une aide financi\u00e8re<\/div>\n<\/p><\/div>\n<div class=\"focus\" data-aos=\"fade-up\" data-aos-anchor-placement=\"top-bottom\" data-aos-offset=\"200\" data-aos-delay=\"600\" data-aos-anchor=\"[data-reaix-uid-2]\">\n<div class=\"data\">1 sur 5<\/div>\n<div class=\"texte\">ne s&rsquo;estime pas bien log\u00e9 et ne mange pas \u00e0 sa faim<\/div>\n<\/p><\/div>\n<\/p><\/div>\n<\/div>\n<div class=\"-wrapper -846 -is-hr -mt-90 -mb-90\">\n<hr>\n<\/div>\n<div class=\"-wrapper -846 -mt-90 -mb-90\">\n<div class=\"cp-intro -texte\">\n<div class=\"description\">\n<div class=\"cp-texte\">\n<h2>Vivre ensemble<\/h2>\n<p>Difficile, quand on est jeune, de se projeter collectivement vers l\u2019avenir et d\u2019inventer d\u2019autres mani\u00e8res de faire soci\u00e9t\u00e9. Pourtant, les vecteurs d\u2019engagement sont bien l\u00e0 (climat, in\u00e9galit\u00e9s\u2026), mais la jeunesse ne se sent pas repr\u00e9sent\u00e9e par les institutions en place.<\/p>\n<\/p><\/div>\n<\/p><\/div>\n<\/p><\/div>\n<\/p><\/div>\n<div class=\"-wrapper -846 -mt-90 -mb-90\">\n<div class=\"cp-chiffres-rouges\" data-reaix-uid-3>\n<div class=\"titre\" data-aos=\"fade-right\" data-aos-anchor-placement=\"top-bottom\" data-aos-offset=\"200\" data-aos-anchor=\"[data-reaix-uid-3]\">\n\t\t\tEn 3 chiffres\t\t<\/div>\n<div class=\"focus\" data-aos=\"fade-up\" data-aos-anchor-placement=\"top-bottom\" data-aos-offset=\"200\" data-aos-delay=\"200\" data-aos-anchor=\"[data-reaix-uid-3]\">\n<div class=\"data\">1 sur 2<\/div>\n<div class=\"texte\">ne se sent pas int\u00e9gr\u00e9<\/div>\n<\/p><\/div>\n<div class=\"focus\" data-aos=\"fade-up\" data-aos-anchor-placement=\"top-bottom\" data-aos-offset=\"200\" data-aos-delay=\"400\" data-aos-anchor=\"[data-reaix-uid-3]\">\n<div class=\"data\">66%<\/div>\n<div class=\"texte\">pensent devoir r\u00e9parer les choix des g\u00e9n\u00e9rations pr\u00e9c\u00e9dentes<\/div>\n<\/p><\/div>\n<div class=\"focus\" data-aos=\"fade-up\" data-aos-anchor-placement=\"top-bottom\" data-aos-offset=\"200\" data-aos-delay=\"600\" data-aos-anchor=\"[data-reaix-uid-3]\">\n<div class=\"data\">3%<\/div>\n<div class=\"texte\">estiment que le pr\u00e9sident de la R\u00e9publique est celui qui les repr\u00e9sente le mieux<\/div>\n<\/p><\/div>\n<\/p><\/div>\n<\/div>\n<div class=\"-wrapper -846 -is-hr -mt-90 -mb-90\">\n<hr>\n<\/div>\n<div class=\"-wrapper -846 -mt-90 -mb-90\">\n<div class=\"cp-intro -texte\">\n<div class=\"description\">\n<div class=\"cp-texte\">\n<h2>Education<\/h2>\n<p>Si la bascule entre vie \u00e9tudiante et vie professionnelle est parfois d\u00e9licate, la grande majorit\u00e9 des jeunes croit encore dans les vertus de l\u2019\u00e9ducation\u2026 \u00e0 condition de repenser le syst\u00e8me en profondeur.<\/p>\n<\/p><\/div>\n<\/p><\/div>\n<\/p><\/div>\n<\/p><\/div>\n<div class=\"-wrapper -846 -mt-90 -mb-90\">\n<div class=\"cp-chiffres-rouges\" data-reaix-uid-4>\n<div class=\"titre\" data-aos=\"fade-right\" data-aos-anchor-placement=\"top-bottom\" data-aos-offset=\"200\" data-aos-anchor=\"[data-reaix-uid-4]\">\n\t\t\tEn 3 chiffres\t\t<\/div>\n<div class=\"focus\" data-aos=\"fade-up\" data-aos-anchor-placement=\"top-bottom\" data-aos-offset=\"200\" data-aos-delay=\"200\" data-aos-anchor=\"[data-reaix-uid-4]\">\n<div class=\"data\">83%<\/div>\n<div class=\"texte\">jugent le syst\u00e8me \u00e9ducatif en d\u00e9calage avec les enjeux de l&rsquo;\u00e9poque<\/div>\n<\/p><\/div>\n<div class=\"focus\" data-aos=\"fade-up\" data-aos-anchor-placement=\"top-bottom\" data-aos-offset=\"200\" data-aos-delay=\"400\" data-aos-anchor=\"[data-reaix-uid-4]\">\n<div class=\"data\">64%<\/div>\n<div class=\"texte\">consid\u00e8rent que l&rsquo;ascenseur social fonctionne encore<\/div>\n<\/p><\/div>\n<div class=\"focus\" data-aos=\"fade-up\" data-aos-anchor-placement=\"top-bottom\" data-aos-offset=\"200\" data-aos-delay=\"600\" data-aos-anchor=\"[data-reaix-uid-4]\">\n<div class=\"data\">81%<\/div>\n<div class=\"texte\">ne se sentent pas suffisamment pr\u00e9par\u00e9s \u00e0 l&rsquo;entr\u00e9e sur le monde du travail<\/div>\n<\/p><\/div>\n<\/p><\/div>\n<\/div>\n<div class=\"-wrapper -846 -is-hr -mt-90 -mb-90\">\n<hr>\n<\/div>\n<div class=\"-wrapper -846 -mt-90 -mb-90\">\n<div class=\"cp-intro -texte\">\n<div class=\"description\">\n<div class=\"cp-texte\">\n<h2>Plan\u00e8te<\/h2>\n<p>La <i>g\u00e9n\u00e9ration climat <\/i>n\u2019est pas un mythe. Face \u00e0 la crise environnementale, les jeunes de disent pr\u00eats \u00e0 prendre des mesures radicales, tant \u00e0 l\u2019\u00e9chelle individuelle qu\u2019\u00e0 l\u2019\u00e9chelle collective.<\/p>\n<\/p><\/div>\n<\/p><\/div>\n<\/p><\/div>\n<\/p><\/div>\n<div class=\"-wrapper -846 -mt-90 -mb-90\">\n<div class=\"cp-chiffres-rouges\" data-reaix-uid-5>\n<div class=\"titre\" data-aos=\"fade-right\" data-aos-anchor-placement=\"top-bottom\" data-aos-offset=\"200\" data-aos-anchor=\"[data-reaix-uid-5]\">\n\t\t\tEn 3 chiffres\t\t<\/div>\n<div class=\"focus\" data-aos=\"fade-up\" data-aos-anchor-placement=\"top-bottom\" data-aos-offset=\"200\" data-aos-delay=\"200\" data-aos-anchor=\"[data-reaix-uid-5]\">\n<div class=\"data\">81%<\/div>\n<div class=\"texte\">estiment que l&rsquo;environnement est une urgence absolue et doit \u00eatre la priorit\u00e9 du prochain quinquennat<\/div>\n<\/p><\/div>\n<div class=\"focus\" data-aos=\"fade-up\" data-aos-anchor-placement=\"top-bottom\" data-aos-offset=\"200\" data-aos-delay=\"400\" data-aos-anchor=\"[data-reaix-uid-5]\">\n<div class=\"data\">1 sur 2<\/div>\n<div class=\"texte\">se sent impuissant face \u00e0 la crise climatique<\/div>\n<\/p><\/div>\n<div class=\"focus\" data-aos=\"fade-up\" data-aos-anchor-placement=\"top-bottom\" data-aos-offset=\"200\" data-aos-delay=\"600\" data-aos-anchor=\"[data-reaix-uid-5]\">\n<div class=\"data\">93%<\/div>\n<div class=\"texte\">sont pr\u00eats \u00e0 se restreindre au quotidien pour sauvegarder l&rsquo;environnement<\/div>\n<\/p><\/div>\n<\/p><\/div>\n<\/div>\n<div class=\"-wrapper -846 -is-hr -mt-90 -mb-90\">\n<hr>\n<\/div>\n<div class=\"-wrapper -846 -mt-90 -mb-90\">\n<div class=\"cp-intro -texte\">\n<div class=\"description\">\n<div class=\"cp-texte\">\n<h2>Travail<\/h2>\n<p>Redonner du sens au travail suffira-t-il \u00e0 en redonner le go\u00fbt \u00e0 la jeunesse ? Pas si s\u00fbr, quand la majorit\u00e9 des jeunes s\u2019inqui\u00e8te pour son avenir professionnel, et semble avant tout rechercher la s\u00e9curit\u00e9 et un \u00e9quilibre vie professionnelle \/ vie personnelle.<\/p>\n<\/p><\/div>\n<\/p><\/div>\n<\/p><\/div>\n<\/p><\/div>\n<div class=\"-wrapper -846 -mt-90 -mb-90\">\n<div class=\"cp-chiffres-rouges\" data-reaix-uid-6>\n<div class=\"titre\" data-aos=\"fade-right\" data-aos-anchor-placement=\"top-bottom\" data-aos-offset=\"200\" data-aos-anchor=\"[data-reaix-uid-6]\">\n\t\t\tEn 3 chiffres\t\t<\/div>\n<div class=\"focus\" data-aos=\"fade-up\" data-aos-anchor-placement=\"top-bottom\" data-aos-offset=\"200\" data-aos-delay=\"200\" data-aos-anchor=\"[data-reaix-uid-6]\">\n<div class=\"data\">59%<\/div>\n<div class=\"texte\">nourrissent de s\u00e9rieux doutes quant \u00e0 leur avenir professionnel<\/div>\n<\/p><\/div>\n<div class=\"focus\" data-aos=\"fade-up\" data-aos-anchor-placement=\"top-bottom\" data-aos-offset=\"200\" data-aos-delay=\"400\" data-aos-anchor=\"[data-reaix-uid-6]\">\n<div class=\"data\">82%<\/div>\n<div class=\"texte\">ont une vision positive du CDI<\/div>\n<\/p><\/div>\n<div class=\"focus\" data-aos=\"fade-up\" data-aos-anchor-placement=\"top-bottom\" data-aos-offset=\"200\" data-aos-delay=\"600\" data-aos-anchor=\"[data-reaix-uid-6]\">\n<div class=\"data\">47%<\/div>\n<div class=\"texte\">estiment que le travail est d&rsquo;abord \u00ab\u00a0un gagne-pain\u00a0\u00bb<\/div>\n<\/p><\/div>\n<\/p><\/div>\n<\/div>\n","protected":false},"excerpt":{"rendered":"<p>Le Cercle des \u00e9conomistes est parti d\u2019un constat\u00a0: la jeunesse a \u00e9t\u00e9 la grande oubli\u00e9e de la derni\u00e8re campagne pr\u00e9sidentielle. Et si, avant de proposer des mesures \u00e0 destination de celles et ceux qui feront demain, il fallait commencer par leur donner la parole\u00a0? C\u2019est cette conviction qui a pr\u00e9sid\u00e9 au lancement de Discuter, agir, [&hellip;]<\/p>\n","protected":false},"author":2,"featured_media":0,"parent":0,"menu_order":0,"comment_status":"closed","ping_status":"closed","template":"","meta":[],"acf":[],"yoast_head":"<!-- This site is optimized with the Yoast SEO plugin v19.13 - https:\/\/yoast.com\/wordpress\/plugins\/seo\/ -->\n<title>Discuter, Agir, Changer - Jeunesse 2022 - Les Rencontres \u00c9conomiques<\/title>\n<meta name=\"robots\" content=\"index, follow, max-snippet:-1, max-image-preview:large, max-video-preview:-1\" \/>\n<link rel=\"canonical\" href=\"https:\/\/www.lesrencontreseconomiques.fr\/discuter-agir-changer-jeunesse-2022\/\" \/>\n<meta property=\"og:locale\" content=\"fr_FR\" \/>\n<meta property=\"og:type\" content=\"article\" \/>\n<meta property=\"og:description\" content=\"Le Cercle des \u00e9conomistes est parti d\u2019un constat\u00a0: la jeunesse a \u00e9t\u00e9 la grande oubli\u00e9e de la derni\u00e8re campagne pr\u00e9sidentielle. Et si, avant de proposer des mesures \u00e0 destination de celles et ceux qui feront demain, il fallait commencer par leur donner la parole\u00a0? C\u2019est cette conviction qui a pr\u00e9sid\u00e9 au lancement de Discuter, agir, [&hellip;]\" \/>\n<meta property=\"og:url\" content=\"https:\/\/www.lesrencontreseconomiques.fr\/discuter-agir-changer-jeunesse-2022\/\" \/>\n<meta property=\"og:site_name\" content=\"Les Rencontres \u00c9conomiques\" \/>\n<meta property=\"article:publisher\" content=\"https:\/\/www.facebook.com\/Le.Cercle.des.Economistes\/\" \/>\n<meta property=\"article:modified_time\" content=\"2022-06-09T10:50:31+00:00\" \/>\n<meta property=\"og:image\" content=\"https:\/\/www.lesrencontreseconomiques.fr\/wp-content\/uploads\/2022\/06\/reaix2022-tw-card.png\" \/>\n\t<meta property=\"og:image:width\" content=\"560\" \/>\n\t<meta property=\"og:image:height\" content=\"292\" \/>\n\t<meta property=\"og:image:type\" content=\"image\/png\" \/>\n<meta name=\"twitter:card\" content=\"summary_large_image\" \/>\n<meta name=\"twitter:image\" content=\"https:\/\/www.lesrencontreseconomiques.fr\/wp-content\/uploads\/2022\/06\/reaix2022-tw-card.png\" \/>\n<meta name=\"twitter:site\" content=\"@Cercle_eco\" \/>\n<meta name=\"twitter:label1\" content=\"Dur\u00e9e de lecture estim\u00e9e\" \/>\n\t<meta name=\"twitter:data1\" content=\"3 minutes\" \/>\n<script type=\"application\/ld+json\" class=\"yoast-schema-graph\">{\"@context\":\"https:\/\/schema.org\",\"@graph\":[{\"@type\":\"WebPage\",\"@id\":\"https:\/\/www.lesrencontreseconomiques.fr\/discuter-agir-changer-jeunesse-2022\/\",\"url\":\"https:\/\/www.lesrencontreseconomiques.fr\/discuter-agir-changer-jeunesse-2022\/\",\"name\":\"Discuter, Agir, Changer - Jeunesse 2022 - Les Rencontres \u00c9conomiques\",\"isPartOf\":{\"@id\":\"https:\/\/www.lesrencontreseconomiques.fr\/#website\"},\"datePublished\":\"2022-05-19T13:52:34+00:00\",\"dateModified\":\"2022-06-09T10:50:31+00:00\",\"breadcrumb\":{\"@id\":\"https:\/\/www.lesrencontreseconomiques.fr\/discuter-agir-changer-jeunesse-2022\/#breadcrumb\"},\"inLanguage\":\"fr-FR\",\"potentialAction\":[{\"@type\":\"ReadAction\",\"target\":[\"https:\/\/www.lesrencontreseconomiques.fr\/discuter-agir-changer-jeunesse-2022\/\"]}]},{\"@type\":\"BreadcrumbList\",\"@id\":\"https:\/\/www.lesrencontreseconomiques.fr\/discuter-agir-changer-jeunesse-2022\/#breadcrumb\",\"itemListElement\":[{\"@type\":\"ListItem\",\"position\":1,\"name\":\"Accueil\",\"item\":\"https:\/\/www.lesrencontreseconomiques.fr\/\"},{\"@type\":\"ListItem\",\"position\":2,\"name\":\"Discuter, Agir, Changer &#8211; Jeunesse 2022\"}]},{\"@type\":\"WebSite\",\"@id\":\"https:\/\/www.lesrencontreseconomiques.fr\/#website\",\"url\":\"https:\/\/www.lesrencontreseconomiques.fr\/\",\"name\":\"Les Rencontres \u00c9conomiques\",\"description\":\"\",\"potentialAction\":[{\"@type\":\"SearchAction\",\"target\":{\"@type\":\"EntryPoint\",\"urlTemplate\":\"https:\/\/www.lesrencontreseconomiques.fr\/?s={search_term_string}\"},\"query-input\":\"required name=search_term_string\"}],\"inLanguage\":\"fr-FR\"}]}<\/script>\n<!-- \/ Yoast SEO plugin. -->","yoast_head_json":{"title":"Discuter, Agir, Changer - Jeunesse 2022 - Les Rencontres \u00c9conomiques","robots":{"index":"index","follow":"follow","max-snippet":"max-snippet:-1","max-image-preview":"max-image-preview:large","max-video-preview":"max-video-preview:-1"},"canonical":"https:\/\/www.lesrencontreseconomiques.fr\/discuter-agir-changer-jeunesse-2022\/","og_locale":"fr_FR","og_type":"article","og_description":"Le Cercle des \u00e9conomistes est parti d\u2019un constat\u00a0: la jeunesse a \u00e9t\u00e9 la grande oubli\u00e9e de la derni\u00e8re campagne pr\u00e9sidentielle. Et si, avant de proposer des mesures \u00e0 destination de celles et ceux qui feront demain, il fallait commencer par leur donner la parole\u00a0? C\u2019est cette conviction qui a pr\u00e9sid\u00e9 au lancement de Discuter, agir, [&hellip;]","og_url":"https:\/\/www.lesrencontreseconomiques.fr\/discuter-agir-changer-jeunesse-2022\/","og_site_name":"Les Rencontres \u00c9conomiques","article_publisher":"https:\/\/www.facebook.com\/Le.Cercle.des.Economistes\/","article_modified_time":"2022-06-09T10:50:31+00:00","og_image":[{"width":560,"height":292,"url":"https:\/\/www.lesrencontreseconomiques.fr\/wp-content\/uploads\/2022\/06\/reaix2022-tw-card.png","type":"image\/png"}],"twitter_card":"summary_large_image","twitter_image":"https:\/\/www.lesrencontreseconomiques.fr\/wp-content\/uploads\/2022\/06\/reaix2022-tw-card.png","twitter_site":"@Cercle_eco","twitter_misc":{"Dur\u00e9e de lecture estim\u00e9e":"3 minutes"},"schema":{"@context":"https:\/\/schema.org","@graph":[{"@type":"WebPage","@id":"https:\/\/www.lesrencontreseconomiques.fr\/discuter-agir-changer-jeunesse-2022\/","url":"https:\/\/www.lesrencontreseconomiques.fr\/discuter-agir-changer-jeunesse-2022\/","name":"Discuter, Agir, Changer - Jeunesse 2022 - Les Rencontres \u00c9conomiques","isPartOf":{"@id":"https:\/\/www.lesrencontreseconomiques.fr\/#website"},"datePublished":"2022-05-19T13:52:34+00:00","dateModified":"2022-06-09T10:50:31+00:00","breadcrumb":{"@id":"https:\/\/www.lesrencontreseconomiques.fr\/discuter-agir-changer-jeunesse-2022\/#breadcrumb"},"inLanguage":"fr-FR","potentialAction":[{"@type":"ReadAction","target":["https:\/\/www.lesrencontreseconomiques.fr\/discuter-agir-changer-jeunesse-2022\/"]}]},{"@type":"BreadcrumbList","@id":"https:\/\/www.lesrencontreseconomiques.fr\/discuter-agir-changer-jeunesse-2022\/#breadcrumb","itemListElement":[{"@type":"ListItem","position":1,"name":"Accueil","item":"https:\/\/www.lesrencontreseconomiques.fr\/"},{"@type":"ListItem","position":2,"name":"Discuter, Agir, Changer &#8211; Jeunesse 2022"}]},{"@type":"WebSite","@id":"https:\/\/www.lesrencontreseconomiques.fr\/#website","url":"https:\/\/www.lesrencontreseconomiques.fr\/","name":"Les Rencontres \u00c9conomiques","description":"","potentialAction":[{"@type":"SearchAction","target":{"@type":"EntryPoint","urlTemplate":"https:\/\/www.lesrencontreseconomiques.fr\/?s={search_term_string}"},"query-input":"required name=search_term_string"}],"inLanguage":"fr-FR"}]}},"_links":{"self":[{"href":"https:\/\/www.lesrencontreseconomiques.fr\/wp-json\/wp\/v2\/pages\/2759"}],"collection":[{"href":"https:\/\/www.lesrencontreseconomiques.fr\/wp-json\/wp\/v2\/pages"}],"about":[{"href":"https:\/\/www.lesrencontreseconomiques.fr\/wp-json\/wp\/v2\/types\/page"}],"author":[{"embeddable":true,"href":"https:\/\/www.lesrencontreseconomiques.fr\/wp-json\/wp\/v2\/users\/2"}],"replies":[{"embeddable":true,"href":"https:\/\/www.lesrencontreseconomiques.fr\/wp-json\/wp\/v2\/comments?post=2759"}],"version-history":[{"count":0,"href":"https:\/\/www.lesrencontreseconomiques.fr\/wp-json\/wp\/v2\/pages\/2759\/revisions"}],"wp:attachment":[{"href":"https:\/\/www.lesrencontreseconomiques.fr\/wp-json\/wp\/v2\/media?parent=2759"}],"curies":[{"name":"wp","href":"https:\/\/api.w.org\/{rel}","templated":true}]}}