
{"id":2756,"date":"2022-05-19T15:27:57","date_gmt":"2022-05-19T13:27:57","guid":{"rendered":"https:\/\/www.lesrencontreseconomiques.fr\/?page_id=2756"},"modified":"2022-07-08T12:36:59","modified_gmt":"2022-07-08T10:36:59","slug":"faq","status":"publish","type":"page","link":"https:\/\/www.lesrencontreseconomiques.fr\/faq\/","title":{"rendered":"FAQ"},"content":{"rendered":"<div class=\"-wrapper -668 -mt-90 -mb-90\">\n<div class=\"cp-intro -texte\">\n<div class=\"description\">\n<div class=\"cp-texte\">\n<hr \/>\n<h2><a id=\"sommaire\" class=\"c-anchor\"><\/a>Sommaire<\/h2>\n<h3><a href=\"#inscription\">Inscription<\/a> &#8211;\u00a0<a href=\"#presentiel\">Acc\u00e9der aux conf\u00e9rences<\/a> &#8211;\u00a0<a href=\"#online\">Suivre les d\u00e9bats en ligne<\/a> &#8211;\u00a0<a href=\"#programme\">Programme<\/a> &#8211;\u00a0<a href=\"#presse\">Presse<\/a> &#8211;\u00a0<a href=\"#reseaux\">R\u00e9seaux sociaux<\/a> &#8211; <a href=\"#mesures\">Mesures sanitaires<\/a><\/h3>\n<hr \/>\n<p>&nbsp;<\/p>\n<\/p><\/div>\n<\/p><\/div>\n<\/p><\/div>\n<\/p><\/div>\n<div class=\"-wrapper -668 -mt-90 -mb-90\">\n<div class=\"cp-intro -texte\">\n<div class=\"description\">\n<div class=\"cp-texte\">\n<h2><a id=\"inscription\" class=\"c-anchor\"><\/a>Inscription<\/h2>\n<blockquote>\n<p>Je souhaite m\u2019inscrire : comment faire ?<\/p>\n<\/blockquote>\n<p>Les inscriptions pour les Rencontres \u00c9conomiques d&rsquo;Aix-en-Provence sont ouvertes.<\/p>\n<p style=\"text-align: center;\"><a class=\"cp-cta-bouton\" href=\"https:\/\/www.lesrencontreseconomiques.fr\/inscription\/\">Inscription<\/a><\/p>\n<blockquote>\n<p>L\u2019inscription est-elle obligatoire pour suivre les conf\u00e9rences ?<\/p>\n<\/blockquote>\n<p>Si vous souhaitez participer en pr\u00e9sentiel, l\u2019inscription est obligatoire pour acc\u00e9der aux conf\u00e9rences. En vous inscrivant, vous recevrez par email votre badge personnel d\u2019acc\u00e8s \u00e0 l\u2019\u00e9v\u00e9nement.<\/p>\n<p>Si vous souhaitez participer \u00e0 l\u2019\u00e9v\u00e9nement en ligne, l\u2019inscription aux conf\u00e9rences est facultative. Elle vous permettra de recevoir des alertes avant les conf\u00e9rences et des communications autour de l\u2019\u00e9v\u00e9nement.<\/p>\n<blockquote>\n<p>Qui peut s&rsquo;inscrire ?<\/p>\n<\/blockquote>\n<p>Les Rencontres \u00c9conomiques d&rsquo;Aix-en-Provence sont ouvertes \u00e0 tous !<\/p>\n<blockquote>\n<p>L&rsquo;inscription est-elle gratuite ?<\/p>\n<\/blockquote>\n<p>Oui, l&rsquo;inscription est gratuite.<\/p>\n<p>&nbsp;<\/p>\n<p style=\"text-align: right;\"><a class=\"cp-cta-bouton -gris\" href=\"#sommaire\">Retourner au sommaire<\/a><\/p>\n<\/p><\/div>\n<\/p><\/div>\n<\/p><\/div>\n<\/p><\/div>\n<div class=\"-wrapper -846 -is-hr -mt-90 -mb-90\">\n<hr>\n<\/div>\n<div class=\"-wrapper -668 -mt-90 -mb-90\">\n<div class=\"cp-intro -texte\">\n<div class=\"description\">\n<div class=\"cp-texte\">\n<h2><a id=\"presentiel\" class=\"c-anchor\"><\/a>Participer en pr\u00e9sentiel<\/h2>\n<blockquote>\n<p>Quels seront les documents exig\u00e9s pour acc\u00e9der aux conf\u00e9rences ?<\/p>\n<\/blockquote>\n<p>A l\u2019entr\u00e9e du site, il vous sera demand\u00e9 :<\/p>\n<ul>\n<li>votre badge d\u2019acc\u00e8s (re\u00e7u par email suite \u00e0 votre inscription)<\/li>\n<li>une pi\u00e8ce d\u2019identit\u00e9<\/li>\n<\/ul>\n<p>En cas de non-pr\u00e9sentation de l\u2019un de ces documents, l\u2019acc\u00e8s aux conf\u00e9rences vous sera refus\u00e9.<\/p>\n<blockquote>\n<p>Quelles seront les r\u00e8gles sanitaires \u00e0 respecter sur place ?<\/p>\n<\/blockquote>\n<p>Le port du masque n&rsquo;est pas obligatoire. Des masques et des distributeurs de gel hydroalcoolique seront \u00e0 votre disposition sur l\u2019ensemble des sites.<\/p>\n<p>Ces mesures peuvent \u00eatre mises \u00e0 jour selon les textes applicables.<\/p>\n<blockquote>\n<p>O\u00f9 auront lieu les conf\u00e9rences ?<\/p>\n<\/blockquote>\n<p>Les conf\u00e9rences ont lieu dans l\u2019enceinte du Parc Jourdan d&rsquo;Aix-en-Provence. L\u2019acc\u00e8s au parc se fait par l\u2019avenue Anatole France (13100 Aix-en-Provence).<\/p>\n<p>Les sessions et d\u00e9bats prendront place en ext\u00e9rieur dans des amphith\u00e9\u00e2tres \u00e9ph\u00e9m\u00e8res, sous chapiteaux ouverts.<\/p>\n<p><iframe loading=\"lazy\" style=\"border: 0;\" src=\"https:\/\/www.google.com\/maps\/embed?pb=!1m18!1m12!1m3!1d2893.0024848950625!2d5.447108400913046!3d43.523140905462256!2m3!1f0!2f0!3f0!3m2!1i1024!2i768!4f13.1!3m3!1m2!1s0x0%3A0xc3bb9da447d7786d!2zNDPCsDMxJzIzLjMiTiA1wrAyNic1NC4zIkU!5e0!3m2!1sfr!2sfr!4v1657032966168!5m2!1sfr!2sfr\" width=\"600\" height=\"450\" allowfullscreen=\"allowfullscreen\"><\/iframe><\/p>\n<p>&nbsp;<\/p>\n<p style=\"text-align: right;\"><a class=\"cp-cta-bouton -gris\" href=\"#sommaire\">Retourner au sommaire<\/a><\/p>\n<\/p><\/div>\n<\/p><\/div>\n<\/p><\/div>\n<\/p><\/div>\n<div class=\"-wrapper -846 -is-hr -mt-90 -mb-90\">\n<hr>\n<\/div>\n<div class=\"-wrapper -668 -mt-90 -mb-90\">\n<div class=\"cp-intro -texte\">\n<div class=\"description\">\n<div class=\"cp-texte\">\n<h2><a id=\"online\" class=\"c-anchor\"><\/a>Suivre les d\u00e9bats en ligne<\/h2>\n<blockquote>\n<p>Comment puis-je suivre les conf\u00e9rences en ligne ?<\/p>\n<\/blockquote>\n<p>Les conf\u00e9rences sont diffus\u00e9es en vid\u00e9o en direct. Vous pouvez y acc\u00e9der sur la page d\u2019accueil de <a href=\"https:\/\/www.lesrencontreseconomiques.fr\/\">notre site<\/a> et sur notre cha\u00eene <a href=\"https:\/\/www.youtube.com\/channel\/UCDAILV-9eaMgsCTRVnRKO2w\" target=\"_blank\" rel=\"noopener\">YouTube<\/a>.<\/p>\n<blockquote>\n<p>Un identifiant est-il demand\u00e9 pour suivre les conf\u00e9rences ?<\/p>\n<\/blockquote>\n<p>Non, les conf\u00e9rences sont en acc\u00e8s libre sur notre site.<\/p>\n<blockquote>\n<p>Puis-je regarder les conf\u00e9rences en diff\u00e9r\u00e9 ?<\/p>\n<\/blockquote>\n<p>Oui, les conf\u00e9rences seront disponibles en replay sur notre site et notre cha\u00eene <a href=\"https:\/\/www.youtube.com\/channel\/UCDAILV-9eaMgsCTRVnRKO2w\" target=\"_blank\" rel=\"noopener\">YouTube<\/a>, d\u00e8s le lendemain de leur diffusion.<\/p>\n<blockquote>\n<p>Dans quelles langues seront diffus\u00e9es les conf\u00e9rences ?<\/p>\n<\/blockquote>\n<p>Les conf\u00e9rences seront diffus\u00e9es en fran\u00e7ais et en anglais.<\/p>\n<blockquote>\n<p>Toutes les conf\u00e9rences seront-elles retransmises ?<\/p>\n<\/blockquote>\n<p>Oui, l\u2019int\u00e9gralit\u00e9 des d\u00e9bats et sessions du programme sera diffus\u00e9e sur notre site.<\/p>\n<blockquote>\n<p>Comment poser des questions aux intervenants pendant l\u2019\u00e9v\u00e9nement ?<\/p>\n<\/blockquote>\n<p>Pendant l\u2019\u00e9v\u00e9nement, un module sera affich\u00e9 \u00e0 c\u00f4t\u00e9 des vid\u00e9os sur la page d\u2019accueil de notre site pour vous permettre de poser vos questions aux intervenants.<\/p>\n<blockquote>\n<p>Toutes les questions seront-elles trait\u00e9es ?<\/p>\n<\/blockquote>\n<p>A\ufb01n d\u2019assurer des \u00e9changes licites, responsables et respectueux entre les internautes et les intervenants, nous appliquons des r\u00e8gles de mod\u00e9ration des questions :<\/p>\n<ul>\n<li>Toutes les questions sont lues et valid\u00e9es avant d\u2019\u00eatre diffus\u00e9es sur notre site internet<\/li>\n<li>Les questions \u00e0 caract\u00e8re illicite, diffamatoire ou consid\u00e9r\u00e9es comme irrespectueuses par l\u2019\u00e9quipe de mod\u00e9ration seront rejet\u00e9es<\/li>\n<\/ul>\n<blockquote>\n<p>Les questions seront-elles publiques ?<\/p>\n<\/blockquote>\n<p>Oui, les contributions valid\u00e9es seront affich\u00e9es sur notre site internet. Vous pourrez toutefois les d\u00e9poser de mani\u00e8re anonyme.<\/p>\n<p>&nbsp;<\/p>\n<p style=\"text-align: right;\"><a class=\"cp-cta-bouton -gris\" href=\"#sommaire\">Retourner au sommaire<\/a><\/p>\n<\/p><\/div>\n<\/p><\/div>\n<\/p><\/div>\n<\/p><\/div>\n<div class=\"-wrapper -846 -is-hr -mt-90 -mb-90\">\n<hr>\n<\/div>\n<div class=\"-wrapper -668 -mt-90 -mb-90\">\n<div class=\"cp-intro -texte\">\n<div class=\"description\">\n<div class=\"cp-texte\">\n<h2><a id=\"programme\" class=\"c-anchor\"><\/a>Programme<\/h2>\n<blockquote>\n<p>O\u00f9 puis-je trouver la liste des intervenants, des sessions et des partenaires de l\u2019\u00e9v\u00e9nement ?<\/p>\n<\/blockquote>\n<p>Ces informations sont disponibles sur les pages <a href=\"https:\/\/www.lesrencontreseconomiques.fr\/programme\/\">Programme<\/a>, <a href=\"https:\/\/www.lesrencontreseconomiques.fr\/intervenants\/\">Intervenants<\/a> et <a href=\"https:\/\/www.lesrencontreseconomiques.fr\/partenaires\/\">Partenaires<\/a>.<\/p>\n<p>&nbsp;<\/p>\n<p style=\"text-align: right;\"><a class=\"cp-cta-bouton -gris\" href=\"#sommaire\">Retourner au sommaire<\/a><\/p>\n<\/p><\/div>\n<\/p><\/div>\n<\/p><\/div>\n<\/p><\/div>\n<div class=\"-wrapper -846 -is-hr -mt-90 -mb-90\">\n<hr>\n<\/div>\n<div class=\"-wrapper -668 -mt-90 -mb-90\">\n<div class=\"cp-intro -texte\">\n<div class=\"description\">\n<div class=\"cp-texte\">\n<h2><a id=\"presse\" class=\"c-anchor\"><\/a>Presse<\/h2>\n<blockquote>\n<p>Puis-je demander une accr\u00e9ditation ? Comment proc\u00e9der ?<\/p>\n<\/blockquote>\n<p>Vous pouvez demander une accr\u00e9ditation pour les Rencontres \u00c9conomiques en remplissant le formulaire d\u00e9di\u00e9 prochainement disponible.<\/p>\n<blockquote>\n<p>O\u00f9 retrouver les communiqu\u00e9s de presse, visuels et informations utiles sur les Rencontres ?<\/p>\n<\/blockquote>\n<p>Un espace media est disponible <a href=\"https:\/\/www.lesrencontreseconomiques.fr\/media\/\" target=\"_blank\" rel=\"noopener\">sur notre site<\/a>.<\/p>\n<blockquote>\n<p>Qui contacter pour une demande d&rsquo;interview ?<\/p>\n<\/blockquote>\n<p>Pour toute demande relative \u00e0 la presse, contactez <a href=\"mailto:reaix@enderby.fr\" target=\"_blank\" rel=\"noopener\"><strong>reaix@enderby.fr<\/strong><\/a><\/p>\n<p>&nbsp;<\/p>\n<p style=\"text-align: right;\"><a class=\"cp-cta-bouton -gris\" href=\"#sommaire\">Retourner au sommaire<\/a><\/p>\n<\/p><\/div>\n<\/p><\/div>\n<\/p><\/div>\n<\/p><\/div>\n<div class=\"-wrapper -846 -is-hr -mt-90 -mb-90\">\n<hr>\n<\/div>\n<div class=\"-wrapper -668 -mt-90 -mb-90\">\n<div class=\"cp-intro -texte\">\n<div class=\"description\">\n<div class=\"cp-texte\">\n<h2><a id=\"reseaux\" class=\"c-anchor\"><\/a>R\u00e9seaux sociaux<\/h2>\n<blockquote>\n<p>Quels sont les hashtags de l\u2019\u00e9v\u00e9nement ?<\/p>\n<\/blockquote>\n<ul>\n<li>Le hashtag de l\u2019\u00e9v\u00e9nement est <strong>#REAix2022<\/strong>.<\/li>\n<li>Le hashtag du Prix La Parole aux 18-28 est <strong>#LP1828<\/strong>.<\/li>\n<\/ul>\n<blockquote>\n<p>Comment suivre les actualit\u00e9s de l\u2019\u00e9v\u00e9nement sur les r\u00e9seaux sociaux ?<\/p>\n<\/blockquote>\n<p>Nous publions r\u00e9guli\u00e8rement les derni\u00e8res actualit\u00e9s de l\u2019\u00e9v\u00e9nement sur nos r\u00e9seaux sociaux : <a href=\"https:\/\/twitter.com\/Cercle_eco\" target=\"_blank\" rel=\"noopener\">Twitter<\/a>, <a href=\"https:\/\/www.linkedin.com\/company\/cercle-des-\u00e9conomistes\/\" target=\"_blank\" rel=\"noopener\">Linkedin<\/a>, <a href=\"https:\/\/www.facebook.com\/Le.Cercle.des.Economistes\" target=\"_blank\" rel=\"noopener\">Facebook<\/a>, <a href=\"https:\/\/www.instagram.com\/cercle_eco\/\" target=\"_blank\" rel=\"noopener\">Instagram<\/a>.<\/p>\n<p>&nbsp;<\/p>\n<p style=\"text-align: right;\"><a class=\"cp-cta-bouton -gris\" href=\"#sommaire\">Retourner au sommaire<\/a><\/p>\n<\/p><\/div>\n<\/p><\/div>\n<\/p><\/div>\n<\/p><\/div>\n<div class=\"-wrapper -846 -is-hr -mt-90 -mb-90\">\n<hr>\n<\/div>\n<div class=\"-wrapper -668 -mt-90 -mb-90\">\n<div class=\"cp-intro -texte\">\n<div class=\"description\">\n<div class=\"cp-texte\">\n<h2><a id=\"mesures\" class=\"c-anchor\"><\/a>Mesures sanitaires<\/h2>\n<blockquote>\n<p>Quelles sont les mesures sanitaires mises en place pendant les Rencontres \u00c9conomique d&rsquo;Aix-en-Provence ?<\/p>\n<\/blockquote>\n<p>Nous mettons en \u0153uvre toutes les mesures n\u00e9cessaires pour garantir la sant\u00e9 et la s\u00e9curit\u00e9 des participants lors des trois jours des Rencontres \u00c9conomiques d\u2019Aix-en-Provence, en accord avec les autorit\u00e9s gouvernementales et locales comp\u00e9tentes. Vous pouvez retrouver l&rsquo;ensemble des mesusres sanitaire en <a href=\"https:\/\/www.lesrencontreseconomiques.fr\/mesures-sanitaires\/\">cliquant ici.<\/a><\/p>\n<p style=\"text-align: right;\"><a class=\"cp-cta-bouton -gris\" href=\"#sommaire\">Retourner au sommaire<\/a><\/p>\n<\/p><\/div>\n<\/p><\/div>\n<\/p><\/div>\n<\/p><\/div>\n","protected":false},"excerpt":{"rendered":"<p>Sommaire Inscription &#8211;\u00a0Acc\u00e9der aux conf\u00e9rences &#8211;\u00a0Suivre les d\u00e9bats en ligne &#8211;\u00a0Programme &#8211;\u00a0Presse &#8211;\u00a0R\u00e9seaux sociaux &#8211; Mesures sanitaires &nbsp; Inscription Je souhaite m\u2019inscrire : comment faire ? Les inscriptions pour les Rencontres \u00c9conomiques d&rsquo;Aix-en-Provence sont ouvertes. Inscription L\u2019inscription est-elle obligatoire pour suivre les conf\u00e9rences ? Si vous souhaitez participer en pr\u00e9sentiel, l\u2019inscription est obligatoire pour acc\u00e9der [&hellip;]<\/p>\n","protected":false},"author":7,"featured_media":0,"parent":0,"menu_order":0,"comment_status":"closed","ping_status":"closed","template":"","meta":[],"acf":[],"yoast_head":"<!-- This site is optimized with the Yoast SEO plugin v19.13 - https:\/\/yoast.com\/wordpress\/plugins\/seo\/ -->\n<title>FAQ - Les Rencontres \u00c9conomiques<\/title>\n<meta name=\"robots\" content=\"index, follow, max-snippet:-1, max-image-preview:large, max-video-preview:-1\" \/>\n<link rel=\"canonical\" href=\"https:\/\/www.lesrencontreseconomiques.fr\/faq\/\" \/>\n<meta property=\"og:locale\" content=\"fr_FR\" \/>\n<meta property=\"og:type\" content=\"article\" \/>\n<meta property=\"og:description\" content=\"Sommaire Inscription &#8211;\u00a0Acc\u00e9der aux conf\u00e9rences &#8211;\u00a0Suivre les d\u00e9bats en ligne &#8211;\u00a0Programme &#8211;\u00a0Presse &#8211;\u00a0R\u00e9seaux sociaux &#8211; Mesures sanitaires &nbsp; Inscription Je souhaite m\u2019inscrire : comment faire ? Les inscriptions pour les Rencontres \u00c9conomiques d&rsquo;Aix-en-Provence sont ouvertes. Inscription L\u2019inscription est-elle obligatoire pour suivre les conf\u00e9rences ? Si vous souhaitez participer en pr\u00e9sentiel, l\u2019inscription est obligatoire pour acc\u00e9der [&hellip;]\" \/>\n<meta property=\"og:url\" content=\"https:\/\/www.lesrencontreseconomiques.fr\/faq\/\" \/>\n<meta property=\"og:site_name\" content=\"Les Rencontres \u00c9conomiques\" \/>\n<meta property=\"article:publisher\" content=\"https:\/\/www.facebook.com\/Le.Cercle.des.Economistes\/\" \/>\n<meta property=\"article:modified_time\" content=\"2022-07-08T10:36:59+00:00\" \/>\n<meta property=\"og:image\" content=\"https:\/\/www.lesrencontreseconomiques.fr\/wp-content\/uploads\/2022\/06\/reaix2022-tw-card.png\" \/>\n\t<meta property=\"og:image:width\" content=\"560\" \/>\n\t<meta property=\"og:image:height\" content=\"292\" \/>\n\t<meta property=\"og:image:type\" content=\"image\/png\" \/>\n<meta name=\"twitter:card\" content=\"summary_large_image\" \/>\n<meta name=\"twitter:image\" content=\"https:\/\/www.lesrencontreseconomiques.fr\/wp-content\/uploads\/2022\/06\/reaix2022-tw-card.png\" \/>\n<meta name=\"twitter:site\" content=\"@Cercle_eco\" \/>\n<meta name=\"twitter:label1\" content=\"Dur\u00e9e de lecture estim\u00e9e\" \/>\n\t<meta name=\"twitter:data1\" content=\"4 minutes\" \/>\n<script type=\"application\/ld+json\" class=\"yoast-schema-graph\">{\"@context\":\"https:\/\/schema.org\",\"@graph\":[{\"@type\":\"WebPage\",\"@id\":\"https:\/\/www.lesrencontreseconomiques.fr\/faq\/\",\"url\":\"https:\/\/www.lesrencontreseconomiques.fr\/faq\/\",\"name\":\"FAQ - Les Rencontres \u00c9conomiques\",\"isPartOf\":{\"@id\":\"https:\/\/www.lesrencontreseconomiques.fr\/#website\"},\"datePublished\":\"2022-05-19T13:27:57+00:00\",\"dateModified\":\"2022-07-08T10:36:59+00:00\",\"breadcrumb\":{\"@id\":\"https:\/\/www.lesrencontreseconomiques.fr\/faq\/#breadcrumb\"},\"inLanguage\":\"fr-FR\",\"potentialAction\":[{\"@type\":\"ReadAction\",\"target\":[\"https:\/\/www.lesrencontreseconomiques.fr\/faq\/\"]}]},{\"@type\":\"BreadcrumbList\",\"@id\":\"https:\/\/www.lesrencontreseconomiques.fr\/faq\/#breadcrumb\",\"itemListElement\":[{\"@type\":\"ListItem\",\"position\":1,\"name\":\"Accueil\",\"item\":\"https:\/\/www.lesrencontreseconomiques.fr\/\"},{\"@type\":\"ListItem\",\"position\":2,\"name\":\"FAQ\"}]},{\"@type\":\"WebSite\",\"@id\":\"https:\/\/www.lesrencontreseconomiques.fr\/#website\",\"url\":\"https:\/\/www.lesrencontreseconomiques.fr\/\",\"name\":\"Les Rencontres \u00c9conomiques\",\"description\":\"\",\"potentialAction\":[{\"@type\":\"SearchAction\",\"target\":{\"@type\":\"EntryPoint\",\"urlTemplate\":\"https:\/\/www.lesrencontreseconomiques.fr\/?s={search_term_string}\"},\"query-input\":\"required name=search_term_string\"}],\"inLanguage\":\"fr-FR\"}]}<\/script>\n<!-- \/ Yoast SEO plugin. -->","yoast_head_json":{"title":"FAQ - Les Rencontres \u00c9conomiques","robots":{"index":"index","follow":"follow","max-snippet":"max-snippet:-1","max-image-preview":"max-image-preview:large","max-video-preview":"max-video-preview:-1"},"canonical":"https:\/\/www.lesrencontreseconomiques.fr\/faq\/","og_locale":"fr_FR","og_type":"article","og_description":"Sommaire Inscription &#8211;\u00a0Acc\u00e9der aux conf\u00e9rences &#8211;\u00a0Suivre les d\u00e9bats en ligne &#8211;\u00a0Programme &#8211;\u00a0Presse &#8211;\u00a0R\u00e9seaux sociaux &#8211; Mesures sanitaires &nbsp; Inscription Je souhaite m\u2019inscrire : comment faire ? Les inscriptions pour les Rencontres \u00c9conomiques d&rsquo;Aix-en-Provence sont ouvertes. Inscription L\u2019inscription est-elle obligatoire pour suivre les conf\u00e9rences ? Si vous souhaitez participer en pr\u00e9sentiel, l\u2019inscription est obligatoire pour acc\u00e9der [&hellip;]","og_url":"https:\/\/www.lesrencontreseconomiques.fr\/faq\/","og_site_name":"Les Rencontres \u00c9conomiques","article_publisher":"https:\/\/www.facebook.com\/Le.Cercle.des.Economistes\/","article_modified_time":"2022-07-08T10:36:59+00:00","og_image":[{"width":560,"height":292,"url":"https:\/\/www.lesrencontreseconomiques.fr\/wp-content\/uploads\/2022\/06\/reaix2022-tw-card.png","type":"image\/png"}],"twitter_card":"summary_large_image","twitter_image":"https:\/\/www.lesrencontreseconomiques.fr\/wp-content\/uploads\/2022\/06\/reaix2022-tw-card.png","twitter_site":"@Cercle_eco","twitter_misc":{"Dur\u00e9e de lecture estim\u00e9e":"4 minutes"},"schema":{"@context":"https:\/\/schema.org","@graph":[{"@type":"WebPage","@id":"https:\/\/www.lesrencontreseconomiques.fr\/faq\/","url":"https:\/\/www.lesrencontreseconomiques.fr\/faq\/","name":"FAQ - Les Rencontres \u00c9conomiques","isPartOf":{"@id":"https:\/\/www.lesrencontreseconomiques.fr\/#website"},"datePublished":"2022-05-19T13:27:57+00:00","dateModified":"2022-07-08T10:36:59+00:00","breadcrumb":{"@id":"https:\/\/www.lesrencontreseconomiques.fr\/faq\/#breadcrumb"},"inLanguage":"fr-FR","potentialAction":[{"@type":"ReadAction","target":["https:\/\/www.lesrencontreseconomiques.fr\/faq\/"]}]},{"@type":"BreadcrumbList","@id":"https:\/\/www.lesrencontreseconomiques.fr\/faq\/#breadcrumb","itemListElement":[{"@type":"ListItem","position":1,"name":"Accueil","item":"https:\/\/www.lesrencontreseconomiques.fr\/"},{"@type":"ListItem","position":2,"name":"FAQ"}]},{"@type":"WebSite","@id":"https:\/\/www.lesrencontreseconomiques.fr\/#website","url":"https:\/\/www.lesrencontreseconomiques.fr\/","name":"Les Rencontres \u00c9conomiques","description":"","potentialAction":[{"@type":"SearchAction","target":{"@type":"EntryPoint","urlTemplate":"https:\/\/www.lesrencontreseconomiques.fr\/?s={search_term_string}"},"query-input":"required name=search_term_string"}],"inLanguage":"fr-FR"}]}},"_links":{"self":[{"href":"https:\/\/www.lesrencontreseconomiques.fr\/wp-json\/wp\/v2\/pages\/2756"}],"collection":[{"href":"https:\/\/www.lesrencontreseconomiques.fr\/wp-json\/wp\/v2\/pages"}],"about":[{"href":"https:\/\/www.lesrencontreseconomiques.fr\/wp-json\/wp\/v2\/types\/page"}],"author":[{"embeddable":true,"href":"https:\/\/www.lesrencontreseconomiques.fr\/wp-json\/wp\/v2\/users\/7"}],"replies":[{"embeddable":true,"href":"https:\/\/www.lesrencontreseconomiques.fr\/wp-json\/wp\/v2\/comments?post=2756"}],"version-history":[{"count":0,"href":"https:\/\/www.lesrencontreseconomiques.fr\/wp-json\/wp\/v2\/pages\/2756\/revisions"}],"wp:attachment":[{"href":"https:\/\/www.lesrencontreseconomiques.fr\/wp-json\/wp\/v2\/media?parent=2756"}],"curies":[{"name":"wp","href":"https:\/\/api.w.org\/{rel}","templated":true}]}}