
{"id":2387,"date":"2022-03-01T10:48:41","date_gmt":"2022-03-01T09:48:41","guid":{"rendered":"https:\/\/www.lesrencontreseconomiques.fr\/?page_id=2387"},"modified":"2022-07-05T12:27:40","modified_gmt":"2022-07-05T10:27:40","slug":"resultats","status":"publish","type":"page","link":"https:\/\/www.lesrencontreseconomiques.fr\/la-parole-aux-18-28\/resultats\/","title":{"rendered":"R\u00e9sultats"},"content":{"rendered":"<div class=\"-wrapper -668 -mt-90 -mb-90\">\n<div class=\"cp-intro -texte\">\n<div class=\"description\">\n<div class=\"cp-texte\">\n<h3>F\u00e9licitations aux laur\u00e9ats.<\/h3>\n<p>Le Cercle des \u00e9conomistes et le Jury La Parole aux 18-28 adressent leurs vives et chaleureuses f\u00e9licitations aux laur\u00e9ats.<\/p>\n<p>Le Jury pr\u00e9sid\u00e9 par \u00c9tienne Klein, directeur de Recherche au CEA, a retenu quatre laur\u00e9ats apr\u00e8s une d\u00e9lib\u00e9ration anim\u00e9e en raison de la grande qualit\u00e9 des contributions re\u00e7ues.<\/p>\n<p>Vous retrouverez leurs contributions dans le recueil publi\u00e9 aux \u00c9ditions Nathan et mis en ligne \u00e0 partir de la fin du mois de juin.<\/p>\n<hr \/>\n<p><strong><a href=\"#laureats\">Les quatre laur\u00e9ats\u00a0<\/a><\/strong><\/p>\n<p><strong><a href=\"#primo-candidats\">Les 100 jeunes s\u00e9lectionn\u00e9s pour leur premi\u00e8re participation<\/a><\/strong><\/p>\n<p><a href=\"#ambassadeurs\"><strong>Les 20 ambassadeurs des \u00e9ditions pr\u00e9c\u00e9dentes s\u00e9lectionn\u00e9s<\/strong><\/a><\/p>\n<hr \/>\n<p>&nbsp;<\/p>\n<\/p><\/div>\n<\/p><\/div>\n<\/p><\/div>\n<\/p><\/div>\n<div class=\"-wrapper -668 -mt-90 -mb-90\">\n<div class=\"cp-intro -texte\">\n<div class=\"description\">\n<div class=\"cp-texte\">\n<h2><a id=\"laureats\" class=\"c-anchor\"><\/a>Les laur\u00e9ats<\/h2>\n<\/p><\/div>\n<\/p><\/div>\n<\/p><\/div>\n<\/p><\/div>\n<div class=\"-wrapper -846 -mt-90 -mb-90\">\n<div class=\"cp-cta-image-texte\">\n<div class=\"media \" data-aos=\"fade-right\" data-aos-anchor-placement=\"top-bottom\" data-aos-offset=\"200\">\n<div class=\"image -walc \" style=\"padding-top:100%\"><img decoding=\"async\" width=\"224\" height=\"224\" src=\"https:\/\/www.lesrencontreseconomiques.fr\/wp-content\/uploads\/2022\/05\/nacim_baouche.png\" class=\"attachment-small size-small\" alt=\"\" loading=\"lazy\" \/><\/div>\n<\/p><\/div>\n<div class=\"description cp-texte\" data-aos=\"fade-up\" data-aos-anchor-placement=\"top-bottom\" data-aos-offset=\"200\">\n<h3>Nacim Baouche<\/h3>\n<p>19 ans, \u00ab P\u00e9tition pour une transformation du monde (satire) \u00bb<\/p>\n<p>Ce texte prenant la forme d&rsquo;une p\u00e9tition satirique milite pour une transformation du monde : faire de la Terre une sph\u00e8re parfaite, qui par de nombreux effets, permet d&rsquo;accro\u00eetre la productivit\u00e9 des travailleurs et la croissance mondiale.<\/p>\n<p><em>Nacim Baouche est \u00e9tudiant en classe pr\u00e9paratoire \u00e0 l\u2019Universit\u00e9 catholique de Lille <\/em><\/p>\n<\/p><\/div>\n<\/p><\/div>\n<\/div>\n<div class=\"-wrapper -846 -mt-90 -mb-90\">\n<div class=\"cp-cta-image-texte\">\n<div class=\"media \" data-aos=\"fade-right\" data-aos-anchor-placement=\"top-bottom\" data-aos-offset=\"200\">\n<div class=\"image -walc \" style=\"padding-top:100%\"><img decoding=\"async\" width=\"224\" height=\"224\" src=\"https:\/\/www.lesrencontreseconomiques.fr\/wp-content\/uploads\/2022\/05\/marie_desbuquois.png\" class=\"attachment-small size-small\" alt=\"\" loading=\"lazy\" \/><\/div>\n<\/p><\/div>\n<div class=\"description cp-texte\" data-aos=\"fade-up\" data-aos-anchor-placement=\"top-bottom\" data-aos-offset=\"200\">\n<h3>Marie Desbuquois<\/h3>\n<p>20 ans, \u00ab B\u00e2tir la cit\u00e9 \u00bb<\/p>\n<p>En 2046, un mus\u00e9e ouvre ses portes \u00e0 Strasbourg. Il \u00e9merge des vestiges du pass\u00e9, apr\u00e8s bien des catastrophes qui ont \u00e9branl\u00e9 le monde. Sa vocation ? T\u00e9moigner des actions salvatrices, surtout des plus petites, pour inciter chacun \u00e0 accepter, puis cr\u00e9er de nouveaux imaginaires et les inscrire dans la r\u00e9alit\u00e9.<\/p>\n<p><em>Marie Desbuquois est \u00e9tudiante \u00e0 CentraleSup\u00e9lec en cycle ing\u00e9nieur <\/em><\/p>\n<\/p><\/div>\n<\/p><\/div>\n<\/div>\n<div class=\"-wrapper -846 -mt-90 -mb-90\">\n<div class=\"cp-cta-image-texte\">\n<div class=\"media \" data-aos=\"fade-right\" data-aos-anchor-placement=\"top-bottom\" data-aos-offset=\"200\">\n<div class=\"image -walc \" style=\"padding-top:100%\"><img decoding=\"async\" width=\"224\" height=\"224\" src=\"https:\/\/www.lesrencontreseconomiques.fr\/wp-content\/uploads\/2022\/05\/damien_turlay.png\" class=\"attachment-small size-small\" alt=\"\" loading=\"lazy\" \/><\/div>\n<\/p><\/div>\n<div class=\"description cp-texte\" data-aos=\"fade-up\" data-aos-anchor-placement=\"top-bottom\" data-aos-offset=\"200\">\n<h3>Damien Turlay<\/h3>\n<p>28 ans, \u00ab 2032, Semaine 15 \u00bb<\/p>\n<p>Ce texte nous projette dans le temps et donne un aper\u00e7u du quotidien de Romain, un ing\u00e9nieur qui a chang\u00e9 de m\u00e9tier car il ne trouvait plus de sens dans son ancienne carri\u00e8re.Romain n&rsquo;a pas seulement chang\u00e9 de m\u00e9tier, il a chang\u00e9 de vie : il a quitt\u00e9 le salariat pour rejoindre une coop\u00e9rative d&rsquo;une nouvelle g\u00e9n\u00e9ration. Cette coop\u00e9rative propose une autre structuration de notre soci\u00e9t\u00e9, en dehors du cadre salarial, qui permet d&rsquo;entrevoir un syst\u00e8me qui recontextualise le travail sous toutes ces formes pour le rendre compatible avec les limites plan\u00e9taires tout en r\u00e9pondant aux besoins de chacun.<\/p>\n<p><em>Damien Turlay est \u00e9tudiant \u00e0 Sciences Po en master d\u2019Environmental Policy<\/em><\/p>\n<\/p><\/div>\n<\/p><\/div>\n<\/div>\n<div class=\"-wrapper -846 -mt-90 -mb-90\">\n<div class=\"cp-cta-image-texte\">\n<div class=\"media \" data-aos=\"fade-right\" data-aos-anchor-placement=\"top-bottom\" data-aos-offset=\"200\">\n<div class=\"image -walc \" style=\"padding-top:100%\"><img decoding=\"async\" width=\"224\" height=\"224\" src=\"https:\/\/www.lesrencontreseconomiques.fr\/wp-content\/uploads\/2022\/05\/jane_peltier.png\" class=\"attachment-small size-small\" alt=\"\" loading=\"lazy\" \/><\/div>\n<\/p><\/div>\n<div class=\"description cp-texte\" data-aos=\"fade-up\" data-aos-anchor-placement=\"top-bottom\" data-aos-offset=\"200\">\n<h3>Jane Peltier<\/h3>\n<p>19 ans, \u00ab Trois odes pour une lueur d\u2019espoir \u00bb<\/p>\n<p>L&rsquo;\u00e9cologie, le f\u00e9minisme, l&rsquo;inclusion pour transformer le monde, du pr\u00e9sent au futur, de l&rsquo;envie \u00e0 la n\u00e9cessit\u00e9, et du besoin \u00e0 l&rsquo;accomplissement.<\/p>\n<p><em>Jane Peltier est \u00e9tudiante en Bachelor \u00e0 l\u2019Ecole polytechnique<\/em><\/p>\n<p>&nbsp;<\/p>\n<\/p><\/div>\n<\/p><\/div>\n<\/div>\n<div class=\"-wrapper -668 -is-hr -mt-90 -mb-90\">\n<hr>\n<\/div>\n<div class=\"-wrapper -668 -mt-90 -mb-90\">\n<div class=\"cp-intro -texte\">\n<div class=\"description\">\n<div class=\"cp-texte\">\n<h2><a id=\"primo-candidats\" class=\"c-anchor\"><\/a>Les 100 jeunes s\u00e9lectionn\u00e9s invit\u00e9s aux REAix 2022<\/h2>\n<p><strong>Alaoui <\/strong>Hajare, Wavestone<\/p>\n<p><strong>Altundere<\/strong> Dogan, Universit\u00e9 de Rouen Normandie<\/p>\n<p><strong>Auboiron <\/strong>Elo\u00efse, Ambassade de France \u00e0 Lisbonne<\/p>\n<p><strong>Baldon <\/strong>Laura, ESSEC \u2013 London School of Economics<\/p>\n<p><strong>Baouche<\/strong> Nacim, Universit\u00e9 Catholique de Lille<\/p>\n<p><strong>Beillard<\/strong> Rapha\u00ebl, Sciences Po<\/p>\n<p><strong>Bellete<\/strong> Bemnet Aemero, Amundi<\/p>\n<p><strong>Belzic<\/strong> Roxane, Wavestone<\/p>\n<p><strong>Benet<\/strong> Illyes, EDF<\/p>\n<p><strong>Beraud<\/strong> Fiona, Sciences Po<\/p>\n<p><strong>Bertrand <\/strong>Alban, ENS Paris-Saclay<\/p>\n<p><strong>Bigot<\/strong> Guillaume, \u00c9cole polytechnique<\/p>\n<p><strong>Boissy<\/strong> Balthazar, IUT de Paris &#8211; Rives de Seine \u2013 Samusocial de Paris<\/p>\n<p><strong>Boiteux <\/strong>Colombe, ESSEC<\/p>\n<p><strong>Bonjean<\/strong> Romain, PwC<\/p>\n<p><strong>Bonvin <\/strong>Mathilde, Moody\u2019s<\/p>\n<p><strong>Borges <\/strong>Caitlin, CNP Assurances<\/p>\n<p><strong>Braden <\/strong>Noah, SOAS University of London<\/p>\n<p><strong>Bruyerre <\/strong>Valentine, Minist\u00e8re de l\u2019Agriculture et de l\u2019Alimentation<\/p>\n<p><strong>Calonne<\/strong> Simon, Airbus<\/p>\n<p><strong>Calonne <\/strong>Lucie, Ecole de Guerre Economique &#8211; Soci\u00e9t\u00e9 d\u2019exploitation de la Tour Eiffel<\/p>\n<p><strong>Cazenave<\/strong> Cl\u00e9mentine, BPI France<\/p>\n<p><strong>Combette <\/strong>Jacques, Tractebel \u2013 Engie<\/p>\n<p><strong>Contamin <\/strong>Mathieu, ESSEC<\/p>\n<p><strong>Coulon <\/strong>Ulysse, \u00c9cole polytechnique \u2013 LSE<\/p>\n<p><strong>Darpas<\/strong> L\u00e9ocadie, Universit\u00e9 Paris Dauphine-PSL \u2013 Natixis<\/p>\n<p><strong>de Montgolfier <\/strong>H\u00e9lo\u00efse, Sciences Po<\/p>\n<p><strong>Defoort Levkov <\/strong>Margot, Egis<\/p>\n<p><strong>Degrave <\/strong>Camille, Dalkia<\/p>\n<p><strong>Deslestrade<\/strong> Andr\u00e9a, Coll\u00e8ge d\u2019Europe<\/p>\n<p><strong>Desbuquois <\/strong>Marie, CentraleSup\u00e9lec<\/p>\n<p><strong>Diambo<\/strong> Issa, Sciences Po<\/p>\n<p><strong>Divaris<\/strong> Pierre-Louis, FactSet France<\/p>\n<p><strong>Doligier<\/strong> Emeline, INSA<\/p>\n<p><strong>Dosseh <\/strong>St\u00e9phanie, CNP Assurances<\/p>\n<p><strong>Dupont-Mora<\/strong> Sylvain, Dalkia<\/p>\n<p><strong>El Berry <\/strong>Taha, Institut d\u2019optique Graduate School<\/p>\n<p><strong>Elalouf-Lewiner<\/strong> Lio, \u00c9cole polytechnique<\/p>\n<p><strong>Elbaz<\/strong> Joan, Amundi<\/p>\n<p><strong>Filippi <\/strong>Antonin, Universit\u00e9 Paris I Panth\u00e9on-Sorbonne<\/p>\n<p><strong>Finkler<\/strong> Martin, Traversale Conseil<\/p>\n<p><strong>Fontanier <\/strong>Bonaventure, CentraleSup\u00e9lec<\/p>\n<p><strong>Fr\u00e9rotte <\/strong>Nicolas, Mazars<\/p>\n<p><strong>Genouville <\/strong>Thibault, Boston Consulting Group<\/p>\n<p><strong>Goigoux <\/strong>L\u00e9a, Universit\u00e9 Paris I Panth\u00e9on-Sorbonne<\/p>\n<p><strong>Guillot <\/strong>Victor, Mines ParisTech-PSL<\/p>\n<p><strong>Guyot<\/strong> Hugo, Sigma Clermont<\/p>\n<p><strong>Kanagasabai <\/strong>Jonathan, Aragon<\/p>\n<p><strong>Laborde <\/strong>Mayeul, Aix-Marseille Universit\u00e9<\/p>\n<p><strong>Lamnaouar<\/strong> Anniela, IFSI Louis Mourier \u2013 Clinique du Pont de S\u00e8vres<\/p>\n<p><strong>Le Floch<\/strong> Ga\u00ebtan, Banque Centrale Europ\u00e9enne<\/p>\n<p><strong>Lemkadmi <\/strong>Kenza, Sciences Po Bordeaux<\/p>\n<p><strong>Lemoine <\/strong>Arthur, Universit\u00e9 Paris I Panth\u00e9on-Sorbonne<\/p>\n<p><strong>Leroy <\/strong>Alexandre, OCDE<\/p>\n<p><strong>Leschi <\/strong>Adrien, Soci\u00e9t\u00e9 G\u00e9n\u00e9rale<\/p>\n<p><strong>Leseur<\/strong> Agathe, PwC<\/p>\n<p><strong>Le Vagueresse <\/strong>Anne-Sophie, Ville de Roissy<\/p>\n<p><strong>Lo\u00ebgel <\/strong>Lilian, Universit\u00e9 de Bretagne Occidentale<\/p>\n<p><strong>Luxey <\/strong>Armand, Universit\u00e9 Paris I Panth\u00e9on-Sorbonne<\/p>\n<p><strong>Madkouk<\/strong> Aziz, Sciences Po Aix \u2013 Direction g\u00e9n\u00e9rale de l\u2019armement<\/p>\n<p><strong>Maitre <\/strong>Ana\u00eblle, Wavestone<\/p>\n<p><strong>Mallet<\/strong> Alexis, Esade<\/p>\n<p><strong>Mazu\u00e9<\/strong> Pierre, ESCP Europe \u2013 Allianz<\/p>\n<p><strong>Mazur <\/strong>Valentine, SKEMA Business School<\/p>\n<p><strong>Moccia <\/strong>Oc\u00e9ane, L\u2019institut Agro<\/p>\n<p><strong>Mornet <\/strong>Emma, Saint-Gobain<\/p>\n<p><strong>Morrier <\/strong>Claire, ENS Paris-Saclay<\/p>\n<p><strong>Moyne<\/strong> Eliot, ENS de Lyon<\/p>\n<p><strong>Nadra-Yazji<\/strong> Saadalla, \u00c9cole Nationale des Ponts et Chauss\u00e9es<\/p>\n<p><strong>Nedjar <\/strong>Mehdi, Universit\u00e9 Paris I Panth\u00e9on-Sorbonne \u2013 Agence du service civique<\/p>\n<p><strong>Ngo <\/strong>C\u00e9cile, IUT Paris Rives de Seine \u2013 MMA<\/p>\n<p><strong>Ogier <\/strong>Ronan, \u00c9cole Nationale des Ponts et Chauss\u00e9es<\/p>\n<p><strong>Parawan<\/strong> William, Headmind Partners<\/p>\n<p><strong>Paris <\/strong>Emilie, Burgundy School of Business<\/p>\n<p><strong>Pathmaseelan<\/strong> Arijan, Siemens<\/p>\n<p><strong>Pelisson<\/strong> Justine, Accenture<\/p>\n<p><strong>Peltier<\/strong> Jane, \u00c9cole polytechnique<\/p>\n<p><strong>Pied Barto<\/strong> Juliette, IUT Paris Rives de Seine \u2013 Groupe Pigments<\/p>\n<p><strong>Pierre <\/strong>Charlotte, CFA IMC Randstad \u2013 Laverie Priv\u00e9e<\/p>\n<p><strong>Poyet <\/strong>Romain, \u00c9cole polytechnique<\/p>\n<p><strong>Pr\u00eatre<\/strong> Vincent, IUT Paris Rives de Seine \u2013 RTE<\/p>\n<p><strong>Pyndiah<\/strong> Jean-Laurent, EY<\/p>\n<p><strong>Quil<\/strong> Laurine, Taddeo<\/p>\n<p><strong>Quintero Lopez<\/strong> Miguel \u00c1ngel, Universit\u00e9 Paris I Panth\u00e9on-Sorbonne<\/p>\n<p><strong>Quiros<\/strong> Pierre, ENSTA Paris &#8211; EY-Parthenon<\/p>\n<p><strong>Rabat<\/strong> Quentin, IUT de Caen<\/p>\n<p><strong>Reyes <\/strong>Margot, auto-entrepreneuse<\/p>\n<p><strong>Rizio<\/strong> Julien, Universit\u00e9 de Bretagne-Occidentale<\/p>\n<p><strong>Sall<\/strong> Eva, KPMG<\/p>\n<p><strong>Sananes <\/strong>Rapha\u00eblle, Minist\u00e8re de l\u2019Europe et des des Affaires \u00e9trang\u00e8res<\/p>\n<p><strong>Sawadogo<\/strong> Bienvenu Kevin, Orange<\/p>\n<p><strong>Schneider<\/strong> Adrien, \u00c9cole polytechnique<\/p>\n<p><strong>Szymczyszyn <\/strong>Claire, Lyc\u00e9e de Cachan<\/p>\n<p><strong>Tauber <\/strong>Sophie, CentraleSup\u00e9lec<\/p>\n<p><strong>Terpereau<\/strong> Alice, Universit\u00e9 Paris I Panth\u00e9on-Sorbonne<\/p>\n<p><strong>Thiriot <\/strong>Alice, Archiloft<\/p>\n<p><strong>Tran <\/strong>Arnaud, \u00c9cole polytechnique<\/p>\n<p><strong>Turlay <\/strong>Damien, Sciences Po<\/p>\n<p><strong>Verger<\/strong> Thibault, Schneider Electric<\/p>\n<p><strong>Wang<\/strong> ZiFei, Universit\u00e9 Clermont-Auvergne<\/p>\n<\/p><\/div>\n<\/p><\/div>\n<\/p><\/div>\n<\/p><\/div>\n<div class=\"-wrapper -668 -is-hr -mt-90 -mb-90\">\n<hr>\n<\/div>\n<div class=\"-wrapper -668 -mt-90 -mb-90\">\n<div class=\"cp-intro -texte\">\n<div class=\"description\">\n<div class=\"cp-texte\">\n<h2><a id=\"ambassadeurs\" class=\"c-anchor\"><\/a>Les Ambassadeurs, 20 jeunes s\u00e9lectionn\u00e9s invit\u00e9s aux REAix 2022<\/h2>\n<p><em>Chaque ann\u00e9e, d\u2019anciens participants candidatent \u00e0 nouveau \u00e0 La Parole aux 18-28. Pour ouvrir le dispositif \u00e0 un maximum de jeunes et cr\u00e9er du lien entre les diff\u00e9rentes promotions, le Cercle des \u00e9conomistes a cr\u00e9\u00e9 le Club des Ambassadeurs. Ce Club permet \u00e0 20 anciens participants, s\u00e9lectionn\u00e9s sur les m\u00eames crit\u00e8res que les autres candidats, d\u2019assister \u00e0 nouveau aux Rencontres \u00c9conomiques.<\/em><\/p>\n<p>&nbsp;<\/p>\n<p><strong>An\u00e9<\/strong> C\u00e9dric, BPCE<\/p>\n<p><strong>Beillard<\/strong> Ninon, Commission europ\u00e9enne<\/p>\n<p><strong>Bernhard <\/strong>Marie, Conseil National du Num\u00e9rique<\/p>\n<p><strong>de l\u2019Estoile <\/strong>Etienne, Banque de France \u2013 Universit\u00e9 Paris I Panth\u00e9on-Sorbonne<\/p>\n<p><strong>Forestier <\/strong>Romain, Joint European Disruptive Initiative<\/p>\n<p><strong>Guittonneau <\/strong>Camille, Georgetown University<\/p>\n<p><strong>Honvo <\/strong>William, Banque de France<\/p>\n<p><strong>Jain<\/strong> Erwan, Soci\u00e9t\u00e9 g\u00e9n\u00e9rale<\/p>\n<p><strong>Jendrossek <\/strong>Mario, Coalition for Epidemic Prepardness Innovation<\/p>\n<p><strong>Loegel <\/strong>Olga, Wavestone<\/p>\n<p><strong>Munich<\/strong> L\u00e9a, Groupe La Poste<\/p>\n<p><strong>Oberdorff <\/strong>Antoine, La Croix<\/p>\n<p><strong>Ors <\/strong>Arnaud, Axa<\/p>\n<p><strong>Rattez<\/strong> Delphine, Cr\u00e9dit Agricole<\/p>\n<p><strong>R\u00e9b\u00e9na<\/strong> Bastien, Sciences Po<\/p>\n<p><strong>Sidhoum<\/strong> Anissa, RGreen Invest<\/p>\n<p><strong>Stamper <\/strong>Emeric, Safran<\/p>\n<p><strong>Suisse<\/strong> S\u00e9lim, Wavestone<\/p>\n<p><strong>Valla<\/strong> Hugo, F\u00e9d\u00e9ration bancaire fran\u00e7aise<\/p>\n<p><strong>Vessereau <\/strong>Lili, Inspection g\u00e9n\u00e9rale des finances<\/p>\n<\/p><\/div>\n<\/p><\/div>\n<\/p><\/div>\n<\/p><\/div>\n","protected":false},"excerpt":{"rendered":"<p>F\u00e9licitations aux laur\u00e9ats. Le Cercle des \u00e9conomistes et le Jury La Parole aux 18-28 adressent leurs vives et chaleureuses f\u00e9licitations aux laur\u00e9ats. Le Jury pr\u00e9sid\u00e9 par \u00c9tienne Klein, directeur de Recherche au CEA, a retenu quatre laur\u00e9ats apr\u00e8s une d\u00e9lib\u00e9ration anim\u00e9e en raison de la grande qualit\u00e9 des contributions re\u00e7ues. Vous retrouverez leurs contributions dans [&hellip;]<\/p>\n","protected":false},"author":2,"featured_media":0,"parent":8,"menu_order":0,"comment_status":"closed","ping_status":"closed","template":"","meta":[],"acf":[],"yoast_head":"<!-- This site is optimized with the Yoast SEO plugin v19.13 - https:\/\/yoast.com\/wordpress\/plugins\/seo\/ -->\n<title>R\u00e9sultats - Les Rencontres \u00c9conomiques<\/title>\n<meta name=\"robots\" content=\"index, follow, max-snippet:-1, max-image-preview:large, max-video-preview:-1\" \/>\n<link rel=\"canonical\" href=\"https:\/\/www.lesrencontreseconomiques.fr\/la-parole-aux-18-28\/resultats\/\" \/>\n<meta property=\"og:locale\" content=\"fr_FR\" \/>\n<meta property=\"og:type\" content=\"article\" \/>\n<meta property=\"og:description\" content=\"Plus de 500 jeunes ont pr\u00e9sent\u00e9 leur candidature cette ann\u00e9e. 120 d&#039;entre eux, s\u00e9lectionn\u00e9s sur leur dossier, participeront aux REAix2022.\" \/>\n<meta property=\"og:url\" content=\"https:\/\/www.lesrencontreseconomiques.fr\/la-parole-aux-18-28\/resultats\/\" \/>\n<meta property=\"og:site_name\" content=\"Les Rencontres \u00c9conomiques\" \/>\n<meta property=\"article:publisher\" content=\"https:\/\/www.facebook.com\/Le.Cercle.des.Economistes\/\" \/>\n<meta property=\"article:modified_time\" content=\"2022-07-05T10:27:40+00:00\" \/>\n<meta property=\"og:image\" content=\"https:\/\/www.lesrencontreseconomiques.fr\/wp-content\/uploads\/2022\/06\/reaix2022-tw-card.png\" \/>\n<meta name=\"twitter:card\" content=\"summary_large_image\" \/>\n<meta name=\"twitter:title\" content=\"#LP1828 - D\u00e9couvrez les 120 jeunes s\u00e9lectionn\u00e9s\" \/>\n<meta name=\"twitter:description\" content=\"Plus de 500 jeunes ont pr\u00e9sent\u00e9 leur candidature cette ann\u00e9e. 120 d&#039;entre eux, s\u00e9lectionn\u00e9s sur leur dossier, participeront aux REAix2022.\" \/>\n<meta name=\"twitter:image\" content=\"https:\/\/www.lesrencontreseconomiques.fr\/wp-content\/uploads\/2022\/06\/reaix2022-tw-card.png\" \/>\n<meta name=\"twitter:site\" content=\"@Cercle_eco\" \/>\n<meta name=\"twitter:label1\" content=\"Dur\u00e9e de lecture estim\u00e9e\" \/>\n\t<meta name=\"twitter:data1\" content=\"6 minutes\" \/>\n<script type=\"application\/ld+json\" class=\"yoast-schema-graph\">{\"@context\":\"https:\/\/schema.org\",\"@graph\":[{\"@type\":\"WebPage\",\"@id\":\"https:\/\/www.lesrencontreseconomiques.fr\/la-parole-aux-18-28\/resultats\/\",\"url\":\"https:\/\/www.lesrencontreseconomiques.fr\/la-parole-aux-18-28\/resultats\/\",\"name\":\"R\u00e9sultats - Les Rencontres \u00c9conomiques\",\"isPartOf\":{\"@id\":\"https:\/\/www.lesrencontreseconomiques.fr\/#website\"},\"datePublished\":\"2022-03-01T09:48:41+00:00\",\"dateModified\":\"2022-07-05T10:27:40+00:00\",\"breadcrumb\":{\"@id\":\"https:\/\/www.lesrencontreseconomiques.fr\/la-parole-aux-18-28\/resultats\/#breadcrumb\"},\"inLanguage\":\"fr-FR\",\"potentialAction\":[{\"@type\":\"ReadAction\",\"target\":[\"https:\/\/www.lesrencontreseconomiques.fr\/la-parole-aux-18-28\/resultats\/\"]}]},{\"@type\":\"BreadcrumbList\",\"@id\":\"https:\/\/www.lesrencontreseconomiques.fr\/la-parole-aux-18-28\/resultats\/#breadcrumb\",\"itemListElement\":[{\"@type\":\"ListItem\",\"position\":1,\"name\":\"Accueil\",\"item\":\"https:\/\/www.lesrencontreseconomiques.fr\/\"},{\"@type\":\"ListItem\",\"position\":2,\"name\":\"La Parole aux 18-28\",\"item\":\"https:\/\/www.lesrencontreseconomiques.fr\/la-parole-aux-18-28\/\"},{\"@type\":\"ListItem\",\"position\":3,\"name\":\"R\u00e9sultats\"}]},{\"@type\":\"WebSite\",\"@id\":\"https:\/\/www.lesrencontreseconomiques.fr\/#website\",\"url\":\"https:\/\/www.lesrencontreseconomiques.fr\/\",\"name\":\"Les Rencontres \u00c9conomiques\",\"description\":\"\",\"potentialAction\":[{\"@type\":\"SearchAction\",\"target\":{\"@type\":\"EntryPoint\",\"urlTemplate\":\"https:\/\/www.lesrencontreseconomiques.fr\/?s={search_term_string}\"},\"query-input\":\"required name=search_term_string\"}],\"inLanguage\":\"fr-FR\"}]}<\/script>\n<!-- \/ Yoast SEO plugin. -->","yoast_head_json":{"title":"R\u00e9sultats - Les Rencontres \u00c9conomiques","robots":{"index":"index","follow":"follow","max-snippet":"max-snippet:-1","max-image-preview":"max-image-preview:large","max-video-preview":"max-video-preview:-1"},"canonical":"https:\/\/www.lesrencontreseconomiques.fr\/la-parole-aux-18-28\/resultats\/","og_locale":"fr_FR","og_type":"article","og_description":"Plus de 500 jeunes ont pr\u00e9sent\u00e9 leur candidature cette ann\u00e9e. 120 d'entre eux, s\u00e9lectionn\u00e9s sur leur dossier, participeront aux REAix2022.","og_url":"https:\/\/www.lesrencontreseconomiques.fr\/la-parole-aux-18-28\/resultats\/","og_site_name":"Les Rencontres \u00c9conomiques","article_publisher":"https:\/\/www.facebook.com\/Le.Cercle.des.Economistes\/","article_modified_time":"2022-07-05T10:27:40+00:00","og_image":[{"url":"https:\/\/www.lesrencontreseconomiques.fr\/wp-content\/uploads\/2022\/06\/reaix2022-tw-card.png"}],"twitter_card":"summary_large_image","twitter_title":"#LP1828 - D\u00e9couvrez les 120 jeunes s\u00e9lectionn\u00e9s","twitter_description":"Plus de 500 jeunes ont pr\u00e9sent\u00e9 leur candidature cette ann\u00e9e. 120 d'entre eux, s\u00e9lectionn\u00e9s sur leur dossier, participeront aux REAix2022.","twitter_image":"https:\/\/www.lesrencontreseconomiques.fr\/wp-content\/uploads\/2022\/06\/reaix2022-tw-card.png","twitter_site":"@Cercle_eco","twitter_misc":{"Dur\u00e9e de lecture estim\u00e9e":"6 minutes"},"schema":{"@context":"https:\/\/schema.org","@graph":[{"@type":"WebPage","@id":"https:\/\/www.lesrencontreseconomiques.fr\/la-parole-aux-18-28\/resultats\/","url":"https:\/\/www.lesrencontreseconomiques.fr\/la-parole-aux-18-28\/resultats\/","name":"R\u00e9sultats - Les Rencontres \u00c9conomiques","isPartOf":{"@id":"https:\/\/www.lesrencontreseconomiques.fr\/#website"},"datePublished":"2022-03-01T09:48:41+00:00","dateModified":"2022-07-05T10:27:40+00:00","breadcrumb":{"@id":"https:\/\/www.lesrencontreseconomiques.fr\/la-parole-aux-18-28\/resultats\/#breadcrumb"},"inLanguage":"fr-FR","potentialAction":[{"@type":"ReadAction","target":["https:\/\/www.lesrencontreseconomiques.fr\/la-parole-aux-18-28\/resultats\/"]}]},{"@type":"BreadcrumbList","@id":"https:\/\/www.lesrencontreseconomiques.fr\/la-parole-aux-18-28\/resultats\/#breadcrumb","itemListElement":[{"@type":"ListItem","position":1,"name":"Accueil","item":"https:\/\/www.lesrencontreseconomiques.fr\/"},{"@type":"ListItem","position":2,"name":"La Parole aux 18-28","item":"https:\/\/www.lesrencontreseconomiques.fr\/la-parole-aux-18-28\/"},{"@type":"ListItem","position":3,"name":"R\u00e9sultats"}]},{"@type":"WebSite","@id":"https:\/\/www.lesrencontreseconomiques.fr\/#website","url":"https:\/\/www.lesrencontreseconomiques.fr\/","name":"Les Rencontres \u00c9conomiques","description":"","potentialAction":[{"@type":"SearchAction","target":{"@type":"EntryPoint","urlTemplate":"https:\/\/www.lesrencontreseconomiques.fr\/?s={search_term_string}"},"query-input":"required name=search_term_string"}],"inLanguage":"fr-FR"}]}},"_links":{"self":[{"href":"https:\/\/www.lesrencontreseconomiques.fr\/wp-json\/wp\/v2\/pages\/2387"}],"collection":[{"href":"https:\/\/www.lesrencontreseconomiques.fr\/wp-json\/wp\/v2\/pages"}],"about":[{"href":"https:\/\/www.lesrencontreseconomiques.fr\/wp-json\/wp\/v2\/types\/page"}],"author":[{"embeddable":true,"href":"https:\/\/www.lesrencontreseconomiques.fr\/wp-json\/wp\/v2\/users\/2"}],"replies":[{"embeddable":true,"href":"https:\/\/www.lesrencontreseconomiques.fr\/wp-json\/wp\/v2\/comments?post=2387"}],"version-history":[{"count":0,"href":"https:\/\/www.lesrencontreseconomiques.fr\/wp-json\/wp\/v2\/pages\/2387\/revisions"}],"up":[{"embeddable":true,"href":"https:\/\/www.lesrencontreseconomiques.fr\/wp-json\/wp\/v2\/pages\/8"}],"wp:attachment":[{"href":"https:\/\/www.lesrencontreseconomiques.fr\/wp-json\/wp\/v2\/media?parent=2387"}],"curies":[{"name":"wp","href":"https:\/\/api.w.org\/{rel}","templated":true}]}}