
{"id":2255,"date":"2021-12-03T13:12:18","date_gmt":"2021-12-03T12:12:18","guid":{"rendered":"https:\/\/www.lesrencontreseconomiques.fr\/?page_id=2255"},"modified":"2022-12-23T09:20:31","modified_gmt":"2022-12-23T08:20:31","slug":"media","status":"publish","type":"page","link":"https:\/\/www.lesrencontreseconomiques.fr\/media\/","title":{"rendered":"Media"},"content":{"rendered":"<div class=\"-wrapper -846 -mt-90 -mb-90\">\n<div class=\"cp-intro -texte\">\n<div class=\"description\">\n<div class=\"cp-texte\">\n<h3>Les Rencontres \u00c9conomiques d\u2019Aix-en-Provence auront lieu les 8, 9 et 10 juillet 2022. Organis\u00e9s \u00e0 Aix-en-Provence, les d\u00e9bats seront int\u00e9gralement diffus\u00e9s en ligne et accessibles \u00e0 tous.<\/h3>\n<p>Vous recherchez\u2026<\/p>\n<h3><a href=\"#cp\">Communiqu\u00e9s de presse<\/a> \u2013 <a href=\"#chiffres\">Chiffres cl\u00e9s<\/a> \u2013 <a href=\"#logos-photos\">Kit de communication &amp; Photos<\/a> \u2013 <a href=\"#lp1828\">La Parole aux 18-28<\/a>\u00a0 \u2013 <a href=\"#social\">R\u00e9seaux sociaux<\/a> \u2013 <a href=\"#contact\">Contacts<\/a><\/h3>\n<\/p><\/div>\n<\/p><\/div>\n<\/p><\/div>\n<\/p><\/div>\n<div class=\"-wrapper -846 -is-hr -mt-90 -mb-90\">\n<hr>\n<\/div>\n<div class=\"-wrapper -846 -mt-90 -mb-90\">\n<div class=\"cp-intro -texte\">\n<div class=\"description\">\n<div class=\"cp-texte\">\n<h2><a id=\"cp\" class=\"c-anchor\"><\/a>Communiqu\u00e9s de presse<\/h2>\n<p><a class=\"cp-cta-bouton -telecharger\" href=\"https:\/\/www.lesrencontreseconomiques.fr\/wp-content\/uploads\/2022\/05\/220519_reaix_communique-de-presse_conference-du-19-mai-vf.pdf\" target=\"_blank\" rel=\"noopener\">19.05.2022 | Le Cercle des \u00e9conomistes d\u00e9voile le programme de la 22e \u00e9dition des Rencontres \u00c9conomiques d\u2019Aix-en-Provence<\/a><\/p>\n<p><a class=\"cp-cta-bouton -telecharger\" href=\"https:\/\/www.lesrencontreseconomiques.fr\/wp-content\/uploads\/2022\/02\/220215_cp_dac2022.pdf\" target=\"_blank\" rel=\"noopener\">15.02.2022 | Discuter, Agir, Changer \u2013 Jeunesse 2022 : le Cercle des \u00e9conomistes va discuter avec des milliers de jeunes<\/a><\/p>\n<p><a class=\"cp-cta-bouton -telecharger\" href=\"https:\/\/www.lesrencontreseconomiques.fr\/wp-content\/uploads\/2022\/02\/220203_cp_reaix2022.pdf\" target=\"_blank\" rel=\"noopener\">03.02.2022 | 22e \u00e9dition des Rencontres \u00c9conomiques d\u2019Aix-en-Provence &#8211; \u00ab\u00a0R\u00e9ussir les transformations du monde \u00a0\u00bb &#8211; 8-9-10 juillet 2022<\/a><\/p>\n<p><a class=\"cp-cta-bouton -telecharger\" href=\"https:\/\/www.lesrencontreseconomiques.fr\/wp-content\/uploads\/2021\/12\/cp_lp1828_091221_2.pdf\" target=\"_blank\" rel=\"noopener\">10.12.2021 | Le Cercle des \u00e9conomistes et France Culture lancent la 10e \u00e9dition de \u00ab\u00a0La Parole aux 18-28\u00a0\u00bb. Appel \u00e0 candidatures : \u00ab\u00a0Et si vous transformiez le monde\u2026 quelles seraient vos priorit\u00e9s ?\u00a0\u00bb<\/a><\/p>\n<\/p><\/div>\n<\/p><\/div>\n<\/p><\/div>\n<\/p><\/div>\n<div class=\"-wrapper -846 -is-hr -mt-90 -mb-90\">\n<hr>\n<\/div>\n<div class=\"-wrapper -846 -mt-90 -mb-90\">\n<div class=\"cp-intro -texte\">\n<div class=\"description\">\n<div class=\"cp-texte\">\n<h2><a id=\"chiffres\" class=\"c-anchor\"><\/a>Chiffres cl\u00e9s<\/h2>\n<\/p><\/div>\n<\/p><\/div>\n<\/p><\/div>\n<\/p><\/div>\n<div class=\"-wrapper -846 -mt-90 -mb-90\">\n<div class=\"cp-chiffres-rouges\" data-reaix-uid-1>\n<div class=\"titre\" data-aos=\"fade-right\" data-aos-anchor-placement=\"top-bottom\" data-aos-offset=\"200\" data-aos-anchor=\"[data-reaix-uid-1]\">\n\t\t\tLes Rencontres \u00c9conomiques 2022 ce sont\t\t<\/div>\n<div class=\"focus\" data-aos=\"fade-up\" data-aos-anchor-placement=\"top-bottom\" data-aos-offset=\"200\" data-aos-delay=\"200\" data-aos-anchor=\"[data-reaix-uid-1]\">\n<div class=\"data\">61<\/div>\n<div class=\"texte\">sessions et d\u00e9bats<\/div>\n<\/p><\/div>\n<div class=\"focus\" data-aos=\"fade-up\" data-aos-anchor-placement=\"top-bottom\" data-aos-offset=\"200\" data-aos-delay=\"400\" data-aos-anchor=\"[data-reaix-uid-1]\">\n<div class=\"data\">5000<\/div>\n<div class=\"texte\">participants attendus sur place<\/div>\n<\/p><\/div>\n<div class=\"focus\" data-aos=\"fade-up\" data-aos-anchor-placement=\"top-bottom\" data-aos-offset=\"200\" data-aos-delay=\"600\" data-aos-anchor=\"[data-reaix-uid-1]\">\n<div class=\"data\">350<\/div>\n<div class=\"texte\">intervenants de 45 nationalit\u00e9s<\/div>\n<\/p><\/div>\n<\/p><\/div>\n<\/div>\n<div class=\"-wrapper -846 -mt-90 -mb-minus-50\">\n<h2 class=\"cp-titre-rouge\">Mais aussi&#8230;<\/h2>\n<\/div>\n<div class=\"-wrapper -846 -mt-90 -mb-90\">\n<div class=\"cp-chiffres-gris\" data-reaix-uid-2>\n\t\t\t\t<span class=\"chiffre\" data-aos=\"fade-left\" data-aos-anchor-placement=\"top-bottom\" data-aos-offset=\"200\" data-aos-anchor=\"[data-reaix-uid-2]\"><br \/>\n\t\t\t<strong>120<\/strong> partenaires\t\t<\/span><br \/>\n\t\t\t\t<span class=\"chiffre\" data-aos=\"fade-left\" data-aos-anchor-placement=\"top-bottom\" data-aos-offset=\"200\" data-aos-delay=\"400\" data-aos-anchor=\"[data-reaix-uid-2]\"><br \/>\n\t\t\t<strong>120<\/strong> jeunes de 18 \u00e0 28 ans invit\u00e9s\t\t<\/span>\n\t\t\t<\/div>\n<\/div>\n<div class=\"-wrapper -846 -is-hr -mt-90 -mb-90\">\n<hr>\n<\/div>\n<div class=\"-wrapper -846 -mt-90 -mb-90\">\n<div class=\"cp-intro -texte\">\n<div class=\"description\">\n<div class=\"cp-texte\">\n<h2><a id=\"logos-photos\" class=\"c-anchor\"><\/a>Kit de communication<\/h2>\n<\/p><\/div>\n<\/p><\/div>\n<\/p><\/div>\n<\/p><\/div>\n<div class=\"-wrapper -846 -mt-90 -mb-90\">\n<div class=\"cp-intro -texte\">\n<div class=\"description\">\n<div class=\"cp-texte\">\n<h3>Retrouvez l&rsquo;ensemble des \u00e9l\u00e9ments visuels, logos, typographies des Rencontres dans notre kit social media.<\/h3>\n<p><a class=\"cp-cta-bouton\" href=\"https:\/\/drive.google.com\/drive\/folders\/1786EqHt6Kmard0TRGzaY4aSi0fbetSOf?usp=sharing\" target=\"_blank\" rel=\"noopener\">Acc\u00e9der au kit<\/a><\/p>\n<\/p><\/div>\n<\/p><\/div>\n<\/p><\/div>\n<\/p><\/div>\n<div class=\"cp-section-header -wrapper -846 -mt-90\">\n<h2 class=\"cp-titre-2 -section\">Photos de l&rsquo;\u00e9dition 2021<\/h2>\n<\/div>\n<div class=\"-wrapper -846 -mb-90\">\n<div class=\"cp-photo-grid -photoswipe\">\n<p>\t\t<a href=\"https:\/\/www.lesrencontreseconomiques.fr\/wp-content\/uploads\/2021\/12\/2021-s0-1--glasshouse-pour-les-rencontres-economiques.jpg\" target=\"_blank\" data-width=\"1600\" data-height=\"1067\" rel=\"noopener\"><br \/>\n\t\t\t<img class=\"lazy\" data-src=\"https:\/\/www.lesrencontreseconomiques.fr\/wp-content\/uploads\/2021\/12\/2021-s0-1--glasshouse-pour-les-rencontres-economiques-490x327.jpg\" width=\"490\" height=\"327\" alt=\"\"><br \/>\n\t\t<\/a><\/p>\n<p>\t\t<a href=\"https:\/\/www.lesrencontreseconomiques.fr\/wp-content\/uploads\/2021\/12\/2021-s0-2--glasshouse-pour-les-rencontres-economiques.jpg\" target=\"_blank\" data-width=\"1600\" data-height=\"1067\" rel=\"noopener\"><br \/>\n\t\t\t<img class=\"lazy\" data-src=\"https:\/\/www.lesrencontreseconomiques.fr\/wp-content\/uploads\/2021\/12\/2021-s0-2--glasshouse-pour-les-rencontres-economiques-490x327.jpg\" width=\"490\" height=\"327\" alt=\"\"><br \/>\n\t\t<\/a><\/p>\n<p>\t\t<a href=\"https:\/\/www.lesrencontreseconomiques.fr\/wp-content\/uploads\/2021\/12\/2021-s16--glasshouse-pour-les-rencontres-economiques.jpg\" target=\"_blank\" data-width=\"1600\" data-height=\"1067\" rel=\"noopener\"><br \/>\n\t\t\t<img class=\"lazy\" data-src=\"https:\/\/www.lesrencontreseconomiques.fr\/wp-content\/uploads\/2021\/12\/2021-s16--glasshouse-pour-les-rencontres-economiques-490x327.jpg\" width=\"490\" height=\"327\" alt=\"\"><br \/>\n\t\t<\/a><\/p>\n<p>\t\t<a href=\"https:\/\/www.lesrencontreseconomiques.fr\/wp-content\/uploads\/2021\/12\/2021-s27--glasshouse-pour-les-rencontres-economiques.jpg\" target=\"_blank\" data-width=\"1600\" data-height=\"1067\" rel=\"noopener\"><br \/>\n\t\t\t<img class=\"lazy\" data-src=\"https:\/\/www.lesrencontreseconomiques.fr\/wp-content\/uploads\/2021\/12\/2021-s27--glasshouse-pour-les-rencontres-economiques-490x327.jpg\" width=\"490\" height=\"327\" alt=\"\"><br \/>\n\t\t<\/a><\/p>\n<p>\t\t<a href=\"https:\/\/www.lesrencontreseconomiques.fr\/wp-content\/uploads\/2021\/12\/2021-s39--glasshouse-pour-les-rencontres-economiques.jpg\" target=\"_blank\" data-width=\"1600\" data-height=\"1067\" rel=\"noopener\"><br \/>\n\t\t\t<img class=\"lazy\" data-src=\"https:\/\/www.lesrencontreseconomiques.fr\/wp-content\/uploads\/2021\/12\/2021-s39--glasshouse-pour-les-rencontres-economiques-490x327.jpg\" width=\"490\" height=\"327\" alt=\"\"><br \/>\n\t\t<\/a><\/p>\n<p>\t\t<a href=\"https:\/\/www.lesrencontreseconomiques.fr\/wp-content\/uploads\/2021\/12\/2021-s40--glasshouse-pour-les-rencontres-economiques.jpg\" target=\"_blank\" data-width=\"1600\" data-height=\"1067\" rel=\"noopener\"><br \/>\n\t\t\t<img class=\"lazy\" data-src=\"https:\/\/www.lesrencontreseconomiques.fr\/wp-content\/uploads\/2021\/12\/2021-s40--glasshouse-pour-les-rencontres-economiques-490x327.jpg\" width=\"490\" height=\"327\" alt=\"\"><br \/>\n\t\t<\/a><\/p>\n<p>\t\t<a href=\"https:\/\/www.lesrencontreseconomiques.fr\/wp-content\/uploads\/2021\/12\/2021-s-41--glasshouse-pour-les-rencontres-economiques.jpg\" target=\"_blank\" data-width=\"1600\" data-height=\"1067\" rel=\"noopener\"><br \/>\n\t\t\t<img class=\"lazy\" data-src=\"https:\/\/www.lesrencontreseconomiques.fr\/wp-content\/uploads\/2021\/12\/2021-s-41--glasshouse-pour-les-rencontres-economiques-490x327.jpg\" width=\"490\" height=\"327\" alt=\"\"><br \/>\n\t\t<\/a><\/p>\n<p>\t\t<a href=\"https:\/\/www.lesrencontreseconomiques.fr\/wp-content\/uploads\/2021\/12\/2021-s-spe--glasshouse-pour-les-rencontres-economiques.jpg\" target=\"_blank\" data-width=\"1600\" data-height=\"1067\" rel=\"noopener\"><br \/>\n\t\t\t<img class=\"lazy\" data-src=\"https:\/\/www.lesrencontreseconomiques.fr\/wp-content\/uploads\/2021\/12\/2021-s-spe--glasshouse-pour-les-rencontres-economiques-490x327.jpg\" width=\"490\" height=\"327\" alt=\"\"><br \/>\n\t\t<\/a><\/p>\n<p>\t\t<a href=\"https:\/\/www.lesrencontreseconomiques.fr\/wp-content\/uploads\/2021\/12\/2021-d1--glasshouse-pour-les-rencontres-economiques.jpg\" target=\"_blank\" data-width=\"1600\" data-height=\"1067\" rel=\"noopener\"><br \/>\n\t\t\t<img class=\"lazy\" data-src=\"https:\/\/www.lesrencontreseconomiques.fr\/wp-content\/uploads\/2021\/12\/2021-d1--glasshouse-pour-les-rencontres-economiques-490x327.jpg\" width=\"490\" height=\"327\" alt=\"\"><br \/>\n\t\t<\/a><\/p>\n<p>\t\t<a href=\"https:\/\/www.lesrencontreseconomiques.fr\/wp-content\/uploads\/2021\/12\/2021-d5--glasshouse-pour-les-rencontres-economiques.jpg\" target=\"_blank\" data-width=\"1600\" data-height=\"1067\" rel=\"noopener\"><br \/>\n\t\t\t<img class=\"lazy\" data-src=\"https:\/\/www.lesrencontreseconomiques.fr\/wp-content\/uploads\/2021\/12\/2021-d5--glasshouse-pour-les-rencontres-economiques-490x327.jpg\" width=\"490\" height=\"327\" alt=\"\"><br \/>\n\t\t<\/a><\/p>\n<p>\t\t<a href=\"https:\/\/www.lesrencontreseconomiques.fr\/wp-content\/uploads\/2021\/12\/2021-d6--glasshouse-pour-les-rencontres-economiques.jpg\" target=\"_blank\" data-width=\"1067\" data-height=\"1600\" rel=\"noopener\"><br \/>\n\t\t\t<img class=\"lazy\" data-src=\"https:\/\/www.lesrencontreseconomiques.fr\/wp-content\/uploads\/2021\/12\/2021-d6--glasshouse-pour-les-rencontres-economiques-490x735.jpg\" width=\"490\" height=\"735\" alt=\"\"><br \/>\n\t\t<\/a><\/p><\/div>\n<\/div>\n<div class=\"-wrapper -846 -mt-90 -mb-90\">\n<div class=\"cp-intro -texte\">\n<div class=\"description\">\n<div class=\"cp-texte\">\n<p>N&rsquo;h\u00e9sitez pas \u00e0 adresser vos demandes de photos des pr\u00e9c\u00e9dentes \u00e9ditions \u00e0 <strong>media@cercledeseconomistes.fr<\/strong><\/p>\n<p>Pour toute utilisation, merci d&rsquo;indiquer le cr\u00e9dit : \u00a9 Glasshouse pour les Rencontres \u00c9conomiques<\/p>\n<\/p><\/div>\n<\/p><\/div>\n<\/p><\/div>\n<\/p><\/div>\n<div class=\"-wrapper -846 -is-hr -mt-90 -mb-90\">\n<hr>\n<\/div>\n<div class=\"-wrapper -846 -mt-90 -mb-90\">\n<div class=\"cp-intro -texte\">\n<div class=\"description\">\n<div class=\"cp-texte\">\n<h2><a id=\"lp1828\" class=\"c-anchor\"><\/a>La Parole aux 18-28<\/h2>\n<p>Participez au rayonnement de La Parole aux 18-28 !<\/p>\n<p>Visuels pour les r\u00e9seaux sociaux, logos, informations pratiques : t\u00e9l\u00e9chargez le kit de communication du dispositif.<\/p>\n<p><a class=\"cp-cta-bouton -telecharger\" href=\"https:\/\/www.lesrencontreseconomiques.fr\/wp-content\/uploads\/2021\/12\/kit_lp1828_2022.zip\" target=\"_blank\" rel=\"noopener\">T\u00e9l\u00e9charger le kit LP1828<\/a><\/p>\n<\/p><\/div>\n<\/p><\/div>\n<\/p><\/div>\n<\/p><\/div>\n<div class=\"-wrapper -846 -is-hr -mt-90 -mb-90\">\n<hr>\n<\/div>\n<div class=\"-wrapper -846 -mt-90 -mb-90\">\n<div class=\"cp-intro -texte\">\n<div class=\"description\">\n<div class=\"cp-texte\">\n<h2><a id=\"social\" class=\"c-anchor\"><\/a>R\u00e9seaux sociaux<\/h2>\n<p>Communiquez sur les r\u00e9seaux sociaux en utilisant les hashtags des 22e Rencontres \u00c9conomiques d\u2019Aix-en-Provence :<\/p>\n<p><a class=\"cp-cta-bouton\" href=\"https:\/\/twitter.com\/intent\/tweet?hashtags=REAix2022\">#REAix2022 <\/a>\u00a0 <a class=\"cp-cta-bouton\" href=\"https:\/\/twitter.com\/intent\/tweet?hashtags=LP1828\">#LP1828<\/a><\/p>\n<p>Suivez les derni\u00e8res actualit\u00e9s de l\u2019\u00e9v\u00e9nement sur <a href=\"https:\/\/twitter.com\/Cercle_eco\" target=\"_blank\" rel=\"noopener\">Twitter<\/a>, <a href=\"https:\/\/www.linkedin.com\/company\/cercle-des-\u00e9conomistes\/\" target=\"_blank\" rel=\"noopener\">Linkedin<\/a>, <a href=\"https:\/\/www.facebook.com\/Le.Cercle.des.Economistes\" target=\"_blank\" rel=\"noopener\">Facebook<\/a>, <a href=\"https:\/\/www.instagram.com\/cercle_eco\/\" target=\"_blank\" rel=\"noopener\">Instagram<\/a><\/p>\n<\/p><\/div>\n<\/p><\/div>\n<\/p><\/div>\n<\/p><\/div>\n<div class=\"-wrapper -846 -is-hr -mt-90 -mb-90\">\n<hr>\n<\/div>\n<div class=\"-wrapper -846 -mt-90 -mb-90\">\n<div class=\"cp-intro -texte\">\n<div class=\"description\">\n<div class=\"cp-texte\">\n<h2><a id=\"contact\" class=\"c-anchor\"><\/a>Contacts<\/h2>\n<p>Pour toute demande, contactez : <strong>media@cercledeseconomistes.fr<\/strong><\/p>\n<\/p><\/div>\n<\/p><\/div>\n<\/p><\/div>\n<\/p><\/div>\n","protected":false},"excerpt":{"rendered":"<p>Les Rencontres \u00c9conomiques d\u2019Aix-en-Provence auront lieu les 8, 9 et 10 juillet 2022. Organis\u00e9s \u00e0 Aix-en-Provence, les d\u00e9bats seront int\u00e9gralement diffus\u00e9s en ligne et accessibles \u00e0 tous. Vous recherchez\u2026 Communiqu\u00e9s de presse \u2013 Chiffres cl\u00e9s \u2013 Kit de communication &amp; Photos \u2013 La Parole aux 18-28\u00a0 \u2013 R\u00e9seaux sociaux \u2013 Contacts Communiqu\u00e9s de presse 19.05.2022 [&hellip;]<\/p>\n","protected":false},"author":2,"featured_media":0,"parent":0,"menu_order":0,"comment_status":"closed","ping_status":"closed","template":"","meta":[],"acf":[],"yoast_head":"<!-- This site is optimized with the Yoast SEO plugin v19.13 - https:\/\/yoast.com\/wordpress\/plugins\/seo\/ -->\n<title>Media - Les Rencontres \u00c9conomiques<\/title>\n<meta name=\"robots\" content=\"index, follow, max-snippet:-1, max-image-preview:large, max-video-preview:-1\" \/>\n<link rel=\"canonical\" href=\"https:\/\/www.lesrencontreseconomiques.fr\/media\/\" \/>\n<meta property=\"og:locale\" content=\"fr_FR\" \/>\n<meta property=\"og:type\" content=\"article\" \/>\n<meta property=\"og:description\" content=\"Les Rencontres \u00c9conomiques d\u2019Aix-en-Provence auront lieu les 8, 9 et 10 juillet 2022. Organis\u00e9s \u00e0 Aix-en-Provence, les d\u00e9bats seront int\u00e9gralement diffus\u00e9s en ligne et accessibles \u00e0 tous. Vous recherchez\u2026 Communiqu\u00e9s de presse \u2013 Chiffres cl\u00e9s \u2013 Kit de communication &amp; Photos \u2013 La Parole aux 18-28\u00a0 \u2013 R\u00e9seaux sociaux \u2013 Contacts Communiqu\u00e9s de presse 19.05.2022 [&hellip;]\" \/>\n<meta property=\"og:url\" content=\"https:\/\/www.lesrencontreseconomiques.fr\/media\/\" \/>\n<meta property=\"og:site_name\" content=\"Les Rencontres \u00c9conomiques\" \/>\n<meta property=\"article:publisher\" content=\"https:\/\/www.facebook.com\/Le.Cercle.des.Economistes\/\" \/>\n<meta property=\"article:modified_time\" content=\"2022-12-23T08:20:31+00:00\" \/>\n<meta property=\"og:image\" content=\"https:\/\/www.lesrencontreseconomiques.fr\/wp-content\/uploads\/2022\/06\/reaix2022-tw-card.png\" \/>\n<meta name=\"twitter:card\" content=\"summary_large_image\" \/>\n<meta name=\"twitter:image\" content=\"https:\/\/www.lesrencontreseconomiques.fr\/wp-content\/uploads\/2022\/06\/reaix2022-tw-card.png\" \/>\n<meta name=\"twitter:site\" content=\"@Cercle_eco\" \/>\n<script type=\"application\/ld+json\" class=\"yoast-schema-graph\">{\"@context\":\"https:\/\/schema.org\",\"@graph\":[{\"@type\":\"WebPage\",\"@id\":\"https:\/\/www.lesrencontreseconomiques.fr\/media\/\",\"url\":\"https:\/\/www.lesrencontreseconomiques.fr\/media\/\",\"name\":\"Media - Les Rencontres \u00c9conomiques\",\"isPartOf\":{\"@id\":\"https:\/\/www.lesrencontreseconomiques.fr\/#website\"},\"datePublished\":\"2021-12-03T12:12:18+00:00\",\"dateModified\":\"2022-12-23T08:20:31+00:00\",\"breadcrumb\":{\"@id\":\"https:\/\/www.lesrencontreseconomiques.fr\/media\/#breadcrumb\"},\"inLanguage\":\"fr-FR\",\"potentialAction\":[{\"@type\":\"ReadAction\",\"target\":[\"https:\/\/www.lesrencontreseconomiques.fr\/media\/\"]}]},{\"@type\":\"BreadcrumbList\",\"@id\":\"https:\/\/www.lesrencontreseconomiques.fr\/media\/#breadcrumb\",\"itemListElement\":[{\"@type\":\"ListItem\",\"position\":1,\"name\":\"Accueil\",\"item\":\"https:\/\/www.lesrencontreseconomiques.fr\/\"},{\"@type\":\"ListItem\",\"position\":2,\"name\":\"Media\"}]},{\"@type\":\"WebSite\",\"@id\":\"https:\/\/www.lesrencontreseconomiques.fr\/#website\",\"url\":\"https:\/\/www.lesrencontreseconomiques.fr\/\",\"name\":\"Les Rencontres \u00c9conomiques\",\"description\":\"\",\"potentialAction\":[{\"@type\":\"SearchAction\",\"target\":{\"@type\":\"EntryPoint\",\"urlTemplate\":\"https:\/\/www.lesrencontreseconomiques.fr\/?s={search_term_string}\"},\"query-input\":\"required name=search_term_string\"}],\"inLanguage\":\"fr-FR\"}]}<\/script>\n<!-- \/ Yoast SEO plugin. -->","yoast_head_json":{"title":"Media - Les Rencontres \u00c9conomiques","robots":{"index":"index","follow":"follow","max-snippet":"max-snippet:-1","max-image-preview":"max-image-preview:large","max-video-preview":"max-video-preview:-1"},"canonical":"https:\/\/www.lesrencontreseconomiques.fr\/media\/","og_locale":"fr_FR","og_type":"article","og_description":"Les Rencontres \u00c9conomiques d\u2019Aix-en-Provence auront lieu les 8, 9 et 10 juillet 2022. Organis\u00e9s \u00e0 Aix-en-Provence, les d\u00e9bats seront int\u00e9gralement diffus\u00e9s en ligne et accessibles \u00e0 tous. Vous recherchez\u2026 Communiqu\u00e9s de presse \u2013 Chiffres cl\u00e9s \u2013 Kit de communication &amp; Photos \u2013 La Parole aux 18-28\u00a0 \u2013 R\u00e9seaux sociaux \u2013 Contacts Communiqu\u00e9s de presse 19.05.2022 [&hellip;]","og_url":"https:\/\/www.lesrencontreseconomiques.fr\/media\/","og_site_name":"Les Rencontres \u00c9conomiques","article_publisher":"https:\/\/www.facebook.com\/Le.Cercle.des.Economistes\/","article_modified_time":"2022-12-23T08:20:31+00:00","og_image":[{"url":"https:\/\/www.lesrencontreseconomiques.fr\/wp-content\/uploads\/2022\/06\/reaix2022-tw-card.png"}],"twitter_card":"summary_large_image","twitter_image":"https:\/\/www.lesrencontreseconomiques.fr\/wp-content\/uploads\/2022\/06\/reaix2022-tw-card.png","twitter_site":"@Cercle_eco","schema":{"@context":"https:\/\/schema.org","@graph":[{"@type":"WebPage","@id":"https:\/\/www.lesrencontreseconomiques.fr\/media\/","url":"https:\/\/www.lesrencontreseconomiques.fr\/media\/","name":"Media - Les Rencontres \u00c9conomiques","isPartOf":{"@id":"https:\/\/www.lesrencontreseconomiques.fr\/#website"},"datePublished":"2021-12-03T12:12:18+00:00","dateModified":"2022-12-23T08:20:31+00:00","breadcrumb":{"@id":"https:\/\/www.lesrencontreseconomiques.fr\/media\/#breadcrumb"},"inLanguage":"fr-FR","potentialAction":[{"@type":"ReadAction","target":["https:\/\/www.lesrencontreseconomiques.fr\/media\/"]}]},{"@type":"BreadcrumbList","@id":"https:\/\/www.lesrencontreseconomiques.fr\/media\/#breadcrumb","itemListElement":[{"@type":"ListItem","position":1,"name":"Accueil","item":"https:\/\/www.lesrencontreseconomiques.fr\/"},{"@type":"ListItem","position":2,"name":"Media"}]},{"@type":"WebSite","@id":"https:\/\/www.lesrencontreseconomiques.fr\/#website","url":"https:\/\/www.lesrencontreseconomiques.fr\/","name":"Les Rencontres \u00c9conomiques","description":"","potentialAction":[{"@type":"SearchAction","target":{"@type":"EntryPoint","urlTemplate":"https:\/\/www.lesrencontreseconomiques.fr\/?s={search_term_string}"},"query-input":"required name=search_term_string"}],"inLanguage":"fr-FR"}]}},"_links":{"self":[{"href":"https:\/\/www.lesrencontreseconomiques.fr\/wp-json\/wp\/v2\/pages\/2255"}],"collection":[{"href":"https:\/\/www.lesrencontreseconomiques.fr\/wp-json\/wp\/v2\/pages"}],"about":[{"href":"https:\/\/www.lesrencontreseconomiques.fr\/wp-json\/wp\/v2\/types\/page"}],"author":[{"embeddable":true,"href":"https:\/\/www.lesrencontreseconomiques.fr\/wp-json\/wp\/v2\/users\/2"}],"replies":[{"embeddable":true,"href":"https:\/\/www.lesrencontreseconomiques.fr\/wp-json\/wp\/v2\/comments?post=2255"}],"version-history":[{"count":0,"href":"https:\/\/www.lesrencontreseconomiques.fr\/wp-json\/wp\/v2\/pages\/2255\/revisions"}],"wp:attachment":[{"href":"https:\/\/www.lesrencontreseconomiques.fr\/wp-json\/wp\/v2\/media?parent=2255"}],"curies":[{"name":"wp","href":"https:\/\/api.w.org\/{rel}","templated":true}]}}