
{"id":180,"date":"2020-12-02T20:50:39","date_gmt":"2020-12-02T19:50:39","guid":{"rendered":"https:\/\/www.lesrencontreseconomiques.fr\/?page_id=180"},"modified":"2020-12-02T20:50:39","modified_gmt":"2020-12-02T19:50:39","slug":"qui-sommes-nous","status":"publish","type":"page","link":"https:\/\/www.lesrencontreseconomiques.fr\/qui-sommes-nous\/","title":{"rendered":"Qui sommes nous ?"},"content":{"rendered":"<div class=\"-wrapper -668 -mt-90 -mb-minus-50\">\n<h2 class=\"cp-titre-rouge\">Les Rencontres \u00c9conomiques d&rsquo;Aix-en-Provence<\/h2>\n<\/div>\n<div class=\"-wrapper -668 -mt-90 -mb-90\">\n<div class=\"cp-intro -texte\">\n<div class=\"description\">\n<div class=\"cp-texte\">\n<p>Les Rencontres \u00c9conomiques d\u2019Aix-en-Provence sont depuis 2001 un moment unique d\u2019intelligence collective qui s\u2019exprime \u00e0 travers des d\u00e9bats exigeants.<\/p>\n<p>Chaque ann\u00e9e, un th\u00e8me, souvent pr\u00e9curseur, est choisi et d\u00e9velopp\u00e9 dans un programme de 50 sessions et d\u00e9bats avec plus de 300 intervenants : universitaires, personnalit\u00e9s politiques, repr\u00e9sentants d\u2019institutions internationales et chefs d\u2019entreprises du monde entier.<\/p>\n<p>Il s\u2019agit non seulement de d\u00e9coder l\u2019actualit\u00e9 et permettre \u00e0 tous d\u2019en comprendre les enjeux mais \u00e9galement de tracer des perspectives novatrices pour le futur.<\/p>\n<p>Les Rencontres \u00c9conomiques sont un \u00e9v\u00e9nement ouvert \u00e0 tous et gratuit.<\/p>\n<\/p><\/div>\n<\/p><\/div>\n<\/p><\/div>\n<\/p><\/div>\n<div class=\"-wrapper -668 -mt-90 -mb-minus-50\">\n<h2 class=\"cp-titre-rouge\">Le Cercle des \u00e9conomistes<\/h2>\n<\/div>\n<div class=\"-wrapper -668 -mt-90 -mb-90\">\n<div class=\"cp-intro -texte\">\n<div class=\"description\">\n<div class=\"cp-texte\">\n<p>Le Cercle des \u00e9conomistes a \u00e9t\u00e9 cr\u00e9\u00e9 en 1992 \u00e0 l\u2019initiative de Jean-Herv\u00e9 Lorenzi avec pour objectif ambitieux de nourrir le d\u00e9bat \u00e9conomique. Il organise depuis 20 ans les Rencontres \u00c9conomiques d\u2019Aix-en-Provence.<\/p>\n<p>Gr\u00e2ce \u00e0 la diversit\u00e9 des opinions de ses membres, tous universitaires assurant ou ayant assur\u00e9 des fonctions publiques ou priv\u00e9es, et \u00e0 de nombreuses activit\u00e9s d\u00e9velopp\u00e9es au fil des ann\u00e9es, le Cercle des \u00e9conomistes est aujourd\u2019hui un acteur reconnu du monde \u00e9conomique.<\/p>\n<p>Son succ\u00e8s repose sur une conviction commune : l\u2019importance d\u2019un d\u00e9bat ouvert et accessible, rigoureux et tenant compte des faits et des analyses.<\/p>\n<p>C\u2019est \u00e0 travers l\u2019organisation d\u2019importants d\u00e9bats publics en France et \u00e0 l\u2019\u00e9tranger, par sa participation aux grands \u00e9v\u00e9nements \u00e9conomiques et \u00e0 plusieurs rendez-vous m\u00e9diatiques r\u00e9guliers, que le Cercle des \u00e9conomistes poursuit sa mission : celle d\u2019offrir un large espace d\u2019expression et de d\u00e9bats \u00e9conomiques.<\/p>\n<p>&nbsp;<\/p>\n<p><a class=\"cp-cta-bouton\" href=\"https:\/\/lecercledeseconomistes.fr\/\" target=\"_blank\" rel=\"noopener noreferrer\">En savoir plus<\/a><\/p>\n<\/p><\/div>\n<\/p><\/div>\n<\/p><\/div>\n<\/p><\/div>\n","protected":false},"excerpt":{"rendered":"<p>Les Rencontres \u00c9conomiques d&rsquo;Aix-en-Provence Les Rencontres \u00c9conomiques d\u2019Aix-en-Provence sont depuis 2001 un moment unique d\u2019intelligence collective qui s\u2019exprime \u00e0 travers des d\u00e9bats exigeants. Chaque ann\u00e9e, un th\u00e8me, souvent pr\u00e9curseur, est choisi et d\u00e9velopp\u00e9 dans un programme de 50 sessions et d\u00e9bats avec plus de 300 intervenants : universitaires, personnalit\u00e9s politiques, repr\u00e9sentants d\u2019institutions internationales et chefs [&hellip;]<\/p>\n","protected":false},"author":2,"featured_media":0,"parent":0,"menu_order":0,"comment_status":"closed","ping_status":"closed","template":"","meta":[],"acf":[],"yoast_head":"<!-- This site is optimized with the Yoast SEO plugin v19.13 - https:\/\/yoast.com\/wordpress\/plugins\/seo\/ -->\n<title>Qui sommes nous ? - Les Rencontres \u00c9conomiques<\/title>\n<meta name=\"robots\" content=\"index, follow, max-snippet:-1, max-image-preview:large, max-video-preview:-1\" \/>\n<link rel=\"canonical\" href=\"https:\/\/www.lesrencontreseconomiques.fr\/qui-sommes-nous\/\" \/>\n<meta property=\"og:locale\" content=\"fr_FR\" \/>\n<meta property=\"og:type\" content=\"article\" \/>\n<meta property=\"og:description\" content=\"Les Rencontres \u00c9conomiques d&rsquo;Aix-en-Provence Les Rencontres \u00c9conomiques d\u2019Aix-en-Provence sont depuis 2001 un moment unique d\u2019intelligence collective qui s\u2019exprime \u00e0 travers des d\u00e9bats exigeants. Chaque ann\u00e9e, un th\u00e8me, souvent pr\u00e9curseur, est choisi et d\u00e9velopp\u00e9 dans un programme de 50 sessions et d\u00e9bats avec plus de 300 intervenants : universitaires, personnalit\u00e9s politiques, repr\u00e9sentants d\u2019institutions internationales et chefs [&hellip;]\" \/>\n<meta property=\"og:url\" content=\"https:\/\/www.lesrencontreseconomiques.fr\/qui-sommes-nous\/\" \/>\n<meta property=\"og:site_name\" content=\"Les Rencontres \u00c9conomiques\" \/>\n<meta property=\"article:publisher\" content=\"https:\/\/www.facebook.com\/Le.Cercle.des.Economistes\/\" \/>\n<meta property=\"og:image\" content=\"https:\/\/www.lesrencontreseconomiques.fr\/wp-content\/uploads\/2022\/06\/reaix2022-tw-card.png\" \/>\n\t<meta property=\"og:image:width\" content=\"560\" \/>\n\t<meta property=\"og:image:height\" content=\"292\" \/>\n\t<meta property=\"og:image:type\" content=\"image\/png\" \/>\n<meta name=\"twitter:card\" content=\"summary_large_image\" \/>\n<meta name=\"twitter:image\" content=\"https:\/\/www.lesrencontreseconomiques.fr\/wp-content\/uploads\/2022\/06\/reaix2022-tw-card.png\" \/>\n<meta name=\"twitter:site\" content=\"@Cercle_eco\" \/>\n<meta name=\"twitter:label1\" content=\"Dur\u00e9e de lecture estim\u00e9e\" \/>\n\t<meta name=\"twitter:data1\" content=\"1 minute\" \/>\n<script type=\"application\/ld+json\" class=\"yoast-schema-graph\">{\"@context\":\"https:\/\/schema.org\",\"@graph\":[{\"@type\":\"WebPage\",\"@id\":\"https:\/\/www.lesrencontreseconomiques.fr\/qui-sommes-nous\/\",\"url\":\"https:\/\/www.lesrencontreseconomiques.fr\/qui-sommes-nous\/\",\"name\":\"Qui sommes nous ? - Les Rencontres \u00c9conomiques\",\"isPartOf\":{\"@id\":\"https:\/\/www.lesrencontreseconomiques.fr\/#website\"},\"datePublished\":\"2020-12-02T19:50:39+00:00\",\"dateModified\":\"2020-12-02T19:50:39+00:00\",\"breadcrumb\":{\"@id\":\"https:\/\/www.lesrencontreseconomiques.fr\/qui-sommes-nous\/#breadcrumb\"},\"inLanguage\":\"fr-FR\",\"potentialAction\":[{\"@type\":\"ReadAction\",\"target\":[\"https:\/\/www.lesrencontreseconomiques.fr\/qui-sommes-nous\/\"]}]},{\"@type\":\"BreadcrumbList\",\"@id\":\"https:\/\/www.lesrencontreseconomiques.fr\/qui-sommes-nous\/#breadcrumb\",\"itemListElement\":[{\"@type\":\"ListItem\",\"position\":1,\"name\":\"Accueil\",\"item\":\"https:\/\/www.lesrencontreseconomiques.fr\/\"},{\"@type\":\"ListItem\",\"position\":2,\"name\":\"Qui sommes nous ?\"}]},{\"@type\":\"WebSite\",\"@id\":\"https:\/\/www.lesrencontreseconomiques.fr\/#website\",\"url\":\"https:\/\/www.lesrencontreseconomiques.fr\/\",\"name\":\"Les Rencontres \u00c9conomiques\",\"description\":\"\",\"potentialAction\":[{\"@type\":\"SearchAction\",\"target\":{\"@type\":\"EntryPoint\",\"urlTemplate\":\"https:\/\/www.lesrencontreseconomiques.fr\/?s={search_term_string}\"},\"query-input\":\"required name=search_term_string\"}],\"inLanguage\":\"fr-FR\"}]}<\/script>\n<!-- \/ Yoast SEO plugin. -->","yoast_head_json":{"title":"Qui sommes nous ? - Les Rencontres \u00c9conomiques","robots":{"index":"index","follow":"follow","max-snippet":"max-snippet:-1","max-image-preview":"max-image-preview:large","max-video-preview":"max-video-preview:-1"},"canonical":"https:\/\/www.lesrencontreseconomiques.fr\/qui-sommes-nous\/","og_locale":"fr_FR","og_type":"article","og_description":"Les Rencontres \u00c9conomiques d&rsquo;Aix-en-Provence Les Rencontres \u00c9conomiques d\u2019Aix-en-Provence sont depuis 2001 un moment unique d\u2019intelligence collective qui s\u2019exprime \u00e0 travers des d\u00e9bats exigeants. Chaque ann\u00e9e, un th\u00e8me, souvent pr\u00e9curseur, est choisi et d\u00e9velopp\u00e9 dans un programme de 50 sessions et d\u00e9bats avec plus de 300 intervenants : universitaires, personnalit\u00e9s politiques, repr\u00e9sentants d\u2019institutions internationales et chefs [&hellip;]","og_url":"https:\/\/www.lesrencontreseconomiques.fr\/qui-sommes-nous\/","og_site_name":"Les Rencontres \u00c9conomiques","article_publisher":"https:\/\/www.facebook.com\/Le.Cercle.des.Economistes\/","og_image":[{"width":560,"height":292,"url":"https:\/\/www.lesrencontreseconomiques.fr\/wp-content\/uploads\/2022\/06\/reaix2022-tw-card.png","type":"image\/png"}],"twitter_card":"summary_large_image","twitter_image":"https:\/\/www.lesrencontreseconomiques.fr\/wp-content\/uploads\/2022\/06\/reaix2022-tw-card.png","twitter_site":"@Cercle_eco","twitter_misc":{"Dur\u00e9e de lecture estim\u00e9e":"1 minute"},"schema":{"@context":"https:\/\/schema.org","@graph":[{"@type":"WebPage","@id":"https:\/\/www.lesrencontreseconomiques.fr\/qui-sommes-nous\/","url":"https:\/\/www.lesrencontreseconomiques.fr\/qui-sommes-nous\/","name":"Qui sommes nous ? - Les Rencontres \u00c9conomiques","isPartOf":{"@id":"https:\/\/www.lesrencontreseconomiques.fr\/#website"},"datePublished":"2020-12-02T19:50:39+00:00","dateModified":"2020-12-02T19:50:39+00:00","breadcrumb":{"@id":"https:\/\/www.lesrencontreseconomiques.fr\/qui-sommes-nous\/#breadcrumb"},"inLanguage":"fr-FR","potentialAction":[{"@type":"ReadAction","target":["https:\/\/www.lesrencontreseconomiques.fr\/qui-sommes-nous\/"]}]},{"@type":"BreadcrumbList","@id":"https:\/\/www.lesrencontreseconomiques.fr\/qui-sommes-nous\/#breadcrumb","itemListElement":[{"@type":"ListItem","position":1,"name":"Accueil","item":"https:\/\/www.lesrencontreseconomiques.fr\/"},{"@type":"ListItem","position":2,"name":"Qui sommes nous ?"}]},{"@type":"WebSite","@id":"https:\/\/www.lesrencontreseconomiques.fr\/#website","url":"https:\/\/www.lesrencontreseconomiques.fr\/","name":"Les Rencontres \u00c9conomiques","description":"","potentialAction":[{"@type":"SearchAction","target":{"@type":"EntryPoint","urlTemplate":"https:\/\/www.lesrencontreseconomiques.fr\/?s={search_term_string}"},"query-input":"required name=search_term_string"}],"inLanguage":"fr-FR"}]}},"_links":{"self":[{"href":"https:\/\/www.lesrencontreseconomiques.fr\/wp-json\/wp\/v2\/pages\/180"}],"collection":[{"href":"https:\/\/www.lesrencontreseconomiques.fr\/wp-json\/wp\/v2\/pages"}],"about":[{"href":"https:\/\/www.lesrencontreseconomiques.fr\/wp-json\/wp\/v2\/types\/page"}],"author":[{"embeddable":true,"href":"https:\/\/www.lesrencontreseconomiques.fr\/wp-json\/wp\/v2\/users\/2"}],"replies":[{"embeddable":true,"href":"https:\/\/www.lesrencontreseconomiques.fr\/wp-json\/wp\/v2\/comments?post=180"}],"version-history":[{"count":0,"href":"https:\/\/www.lesrencontreseconomiques.fr\/wp-json\/wp\/v2\/pages\/180\/revisions"}],"wp:attachment":[{"href":"https:\/\/www.lesrencontreseconomiques.fr\/wp-json\/wp\/v2\/media?parent=180"}],"curies":[{"name":"wp","href":"https:\/\/api.w.org\/{rel}","templated":true}]}}