
{"id":2340,"date":"2021-12-07T19:03:31","date_gmt":"2021-12-07T18:03:31","guid":{"rendered":"https:\/\/www.lesrencontreseconomiques.fr\/?page_id=2340"},"modified":"2021-12-07T19:03:31","modified_gmt":"2021-12-07T18:03:31","slug":"partners-of-la-parole-aux-18-28","status":"publish","type":"page","link":"https:\/\/www.lesrencontreseconomiques.fr\/en\/la-parole-aux-18-28\/partners-of-la-parole-aux-18-28\/","title":{"rendered":"Partners of &#8220;La Parole aux 18-28&#8221;"},"content":{"rendered":"<div class=\"-wrapper -1024 -mt-90 -mb-90\">\n<div class=\"cp-partenaires-v2 -all\">\n<div class=\"en-tete\">\n<h2 class=\"cp-titre-2\">Partenaires<\/h2>\n<\/p><\/div>\n<div class=\"logos-wrap\">\n<ul class=\"logos\">\n<li>\n\t\t\t\t\t<a href=\"https:\/\/www.univ-amu.fr\/\" target=\"_blank\" rel=\"noopener\"><br \/>\n\t\t\t\t\t\t<img decoding=\"async\" width=\"250\" height=\"86\" src=\"https:\/\/www.lesrencontreseconomiques.fr\/wp-content\/uploads\/2021\/12\/dircom-logo_amu_cmjn-250x86.jpg\" class=\"attachment-partner-small size-partner-small\" alt=\"Aix-Marseille Universit\u00e9\" loading=\"lazy\" title=\"Aix-Marseille Universit\u00e9\" \/>\t\t\t\t\t<\/a>\n\t\t\t\t<\/li>\n<li>\n\t\t\t\t\t<a href=\"https:\/\/fede-ares.org\/\" target=\"_blank\" rel=\"noopener\"><br \/>\n\t\t\t\t\t\t<img decoding=\"async\" width=\"168\" height=\"140\" src=\"https:\/\/www.lesrencontreseconomiques.fr\/wp-content\/uploads\/2021\/12\/ares_pourprehq-168x140.jpg\" class=\"attachment-partner-small size-partner-small\" alt=\"ARES\" loading=\"lazy\" title=\"ARES\" \/>\t\t\t\t\t<\/a>\n\t\t\t\t<\/li>\n<li>\n\t\t\t\t\t<a href=\"https:\/\/www.bpifrance.fr\/\" target=\"_blank\" rel=\"noopener\"><br \/>\n\t\t\t\t\t\t<img decoding=\"async\" width=\"250\" height=\"78\" src=\"https:\/\/www.lesrencontreseconomiques.fr\/wp-content\/uploads\/2021\/12\/logo-bpi-250x78.png\" class=\"attachment-partner-small size-partner-small\" alt=\"Bpifrance\" loading=\"lazy\" title=\"Bpifrance\" \/>\t\t\t\t\t<\/a>\n\t\t\t\t<\/li>\n<li>\n\t\t\t\t\t<a href=\"http:\/\/www.cdefi.fr\/\" target=\"_blank\" rel=\"noopener\"><br \/>\n\t\t\t\t\t\t<img decoding=\"async\" width=\"140\" height=\"140\" src=\"https:\/\/www.lesrencontreseconomiques.fr\/wp-content\/uploads\/2021\/12\/cdefi-140x140.png\" class=\"attachment-partner-small size-partner-small\" alt=\"cdefi\" loading=\"lazy\" title=\"cdefi\" \/>\t\t\t\t\t<\/a>\n\t\t\t\t<\/li>\n<li>\n\t\t\t\t\t<a href=\"https:\/\/www.cge.asso.fr\/\" target=\"_blank\" rel=\"noopener\"><br \/>\n\t\t\t\t\t\t<img decoding=\"async\" width=\"250\" height=\"83\" src=\"https:\/\/www.lesrencontreseconomiques.fr\/wp-content\/uploads\/2021\/12\/cge_rvb-250x83.png\" class=\"attachment-partner-small size-partner-small\" alt=\"Conf\u00e9rence des Grandes Ecoles\" loading=\"lazy\" title=\"Conf\u00e9rence des Grandes Ecoles\" \/>\t\t\t\t\t<\/a>\n\t\t\t\t<\/li>\n<li>\n\t\t\t\t\t<a href=\"http:\/\/www.cpu.fr\/\" target=\"_blank\" rel=\"noopener\"><br \/>\n\t\t\t\t\t\t<img decoding=\"async\" width=\"250\" height=\"132\" src=\"https:\/\/www.lesrencontreseconomiques.fr\/wp-content\/uploads\/2021\/12\/cpu_logo_bleu_pantone_2736c_h-01-250x132.jpg\" class=\"attachment-partner-small size-partner-small\" alt=\"Conf\u00e9rence des Pr\u00e9sidents d&#039;Universit\u00e9\" loading=\"lazy\" title=\"Conf\u00e9rence des Pr\u00e9sidents d&#039;Universit\u00e9\" \/>\t\t\t\t\t<\/a>\n\t\t\t\t<\/li>\n<li>\n\t\t\t\t\t<a href=\"https:\/\/festival-aix.com\/fr\" target=\"_blank\" rel=\"noopener\"><br \/>\n\t\t\t\t\t\t<img decoding=\"async\" width=\"140\" height=\"140\" src=\"https:\/\/www.lesrencontreseconomiques.fr\/wp-content\/uploads\/2021\/12\/aix_festival_logo_dates_rvb_2022-140x140.jpg\" class=\"attachment-partner-small size-partner-small\" alt=\"Festival d&#039;Aix-en-Provence\" loading=\"lazy\" title=\"Festival d&#039;Aix-en-Provence\" \/>\t\t\t\t\t<\/a>\n\t\t\t\t<\/li>\n<li>\n\t\t\t\t\t<a href=\"https:\/\/www.franceculture.fr\/\" target=\"_blank\" rel=\"noopener\"><br \/>\n\t\t\t\t\t\t<img decoding=\"async\" width=\"239\" height=\"140\" src=\"https:\/\/www.lesrencontreseconomiques.fr\/wp-content\/uploads\/2021\/12\/franceculture-small-239x140.png\" class=\"attachment-partner-small size-partner-small\" alt=\"France Culture\" loading=\"lazy\" title=\"France Culture\" \/>\t\t\t\t\t<\/a>\n\t\t\t\t<\/li>\n<li>\n\t\t\t\t\t<a href=\"https:\/\/www.aixenprovence.fr\/\" target=\"_blank\" rel=\"noopener\"><br \/>\n\t\t\t\t\t\t<img decoding=\"async\" width=\"244\" height=\"140\" src=\"https:\/\/www.lesrencontreseconomiques.fr\/wp-content\/uploads\/2021\/12\/mairie_aix-244x140.jpg\" class=\"attachment-partner-small size-partner-small\" alt=\"Mairie d&#039;Aix-en-Provence\" loading=\"lazy\" title=\"Mairie d&#039;Aix-en-Provence\" \/>\t\t\t\t\t<\/a>\n\t\t\t\t<\/li>\n<li>\n\t\t\t\t\t<a href=\"https:\/\/www.enseignementsup-recherche.gouv.fr\/fr\" target=\"_blank\" rel=\"noopener\"><br \/>\n\t\t\t\t\t\t<img decoding=\"async\" width=\"103\" height=\"140\" src=\"https:\/\/www.lesrencontreseconomiques.fr\/wp-content\/uploads\/2021\/12\/mesri_logo.svg_-103x140.png\" class=\"attachment-partner-small size-partner-small\" alt=\"Minist\u00e8re de l&#039;Enseignement Sup\u00e9rieur, de la Recherche et de l&#039;Innovation\" loading=\"lazy\" title=\"Minist\u00e8re de l&#039;Enseignement Sup\u00e9rieur, de la Recherche et de l&#039;Innovation\" \/>\t\t\t\t\t<\/a>\n\t\t\t\t<\/li>\n<li>\n\t\t\t\t\t<a href=\"https:\/\/editions.nathan.fr\/\" target=\"_blank\" rel=\"noopener\"><br \/>\n\t\t\t\t\t\t<img decoding=\"async\" width=\"250\" height=\"79\" src=\"https:\/\/www.lesrencontreseconomiques.fr\/wp-content\/uploads\/2020\/12\/nathan_hdef_3-668x211-1-250x79.jpg\" class=\"attachment-partner-small size-partner-small\" alt=\"Nathan\" loading=\"lazy\" title=\"Nathan\" \/>\t\t\t\t\t<\/a>\n\t\t\t\t<\/li>\n<li>\n\t\t\t\t\t<a href=\"https:\/\/www.etudiant.gouv.fr\/fr\/les-crous-1984\" target=\"_blank\" rel=\"noopener\"><br \/>\n\t\t\t\t\t\t<img decoding=\"async\" width=\"140\" height=\"140\" src=\"https:\/\/www.lesrencontreseconomiques.fr\/wp-content\/uploads\/2021\/12\/crous-140x140.png\" class=\"attachment-partner-small size-partner-small\" alt=\"Les Crous\" loading=\"lazy\" title=\"Les Crous\" \/>\t\t\t\t\t<\/a>\n\t\t\t\t<\/li>\n<li>\n\t\t\t\t\t<a href=\"https:\/\/www.spencerstuart.com\/\" target=\"_blank\" rel=\"noopener\"><br \/>\n\t\t\t\t\t\t<img decoding=\"async\" width=\"250\" height=\"40\" src=\"https:\/\/www.lesrencontreseconomiques.fr\/wp-content\/uploads\/2021\/12\/1280px-spencer_stuart_logo.svg_-250x40.png\" class=\"attachment-partner-small size-partner-small\" alt=\"Spencer Stuart\" loading=\"lazy\" title=\"Spencer Stuart\" \/>\t\t\t\t\t<\/a>\n\t\t\t\t<\/li>\n<\/ul><\/div>\n<\/p><\/div>\n<\/div>\n","protected":false},"excerpt":{"rendered":"<p>Partenaires<\/p>\n","protected":false},"author":2,"featured_media":0,"parent":2339,"menu_order":0,"comment_status":"closed","ping_status":"closed","template":"","meta":[],"acf":[],"yoast_head":"<!-- This site is optimized with the Yoast SEO plugin v19.13 - https:\/\/yoast.com\/wordpress\/plugins\/seo\/ -->\n<title>Partners of &quot;La Parole aux 18-28&quot; - Les Rencontres \u00c9conomiques<\/title>\n<meta name=\"robots\" content=\"index, follow, max-snippet:-1, max-image-preview:large, max-video-preview:-1\" \/>\n<link rel=\"canonical\" href=\"https:\/\/www.lesrencontreseconomiques.fr\/en\/la-parole-aux-18-28\/partners-of-la-parole-aux-18-28\/\" \/>\n<meta property=\"og:locale\" content=\"en_US\" \/>\n<meta property=\"og:type\" content=\"article\" \/>\n<meta property=\"og:description\" content=\"Partenaires\" \/>\n<meta property=\"og:url\" content=\"https:\/\/www.lesrencontreseconomiques.fr\/en\/la-parole-aux-18-28\/partners-of-la-parole-aux-18-28\/\" \/>\n<meta property=\"og:site_name\" content=\"Les Rencontres \u00c9conomiques\" \/>\n<meta property=\"article:publisher\" content=\"https:\/\/www.facebook.com\/Le.Cercle.des.Economistes\/\" \/>\n<meta property=\"og:image\" content=\"https:\/\/www.lesrencontreseconomiques.fr\/wp-content\/uploads\/2022\/06\/reaix2022-tw-card.png\" \/>\n<meta name=\"twitter:card\" content=\"summary_large_image\" \/>\n<meta name=\"twitter:image\" content=\"https:\/\/www.lesrencontreseconomiques.fr\/wp-content\/uploads\/2022\/06\/reaix2022-tw-card.png\" \/>\n<meta name=\"twitter:site\" content=\"@Cercle_eco\" \/>\n<script type=\"application\/ld+json\" class=\"yoast-schema-graph\">{\"@context\":\"https:\/\/schema.org\",\"@graph\":[{\"@type\":\"WebPage\",\"@id\":\"https:\/\/www.lesrencontreseconomiques.fr\/en\/la-parole-aux-18-28\/partners-of-la-parole-aux-18-28\/\",\"url\":\"https:\/\/www.lesrencontreseconomiques.fr\/en\/la-parole-aux-18-28\/partners-of-la-parole-aux-18-28\/\",\"name\":\"Partners of \\\"La Parole aux 18-28\\\" - Les Rencontres \u00c9conomiques\",\"isPartOf\":{\"@id\":\"https:\/\/www.lesrencontreseconomiques.fr\/#website\"},\"datePublished\":\"2021-12-07T18:03:31+00:00\",\"dateModified\":\"2021-12-07T18:03:31+00:00\",\"breadcrumb\":{\"@id\":\"https:\/\/www.lesrencontreseconomiques.fr\/en\/la-parole-aux-18-28\/partners-of-la-parole-aux-18-28\/#breadcrumb\"},\"inLanguage\":\"en-US\",\"potentialAction\":[{\"@type\":\"ReadAction\",\"target\":[\"https:\/\/www.lesrencontreseconomiques.fr\/en\/la-parole-aux-18-28\/partners-of-la-parole-aux-18-28\/\"]}]},{\"@type\":\"BreadcrumbList\",\"@id\":\"https:\/\/www.lesrencontreseconomiques.fr\/en\/la-parole-aux-18-28\/partners-of-la-parole-aux-18-28\/#breadcrumb\",\"itemListElement\":[{\"@type\":\"ListItem\",\"position\":1,\"name\":\"Home\",\"item\":\"https:\/\/www.lesrencontreseconomiques.fr\/en\/\"},{\"@type\":\"ListItem\",\"position\":2,\"name\":\"La Parole aux 18-28\",\"item\":\"https:\/\/www.lesrencontreseconomiques.fr\/en\/la-parole-aux-18-28\/\"},{\"@type\":\"ListItem\",\"position\":3,\"name\":\"Partners of \u00ab\u00a0La Parole aux 18-28\u00a0\u00bb\"}]},{\"@type\":\"WebSite\",\"@id\":\"https:\/\/www.lesrencontreseconomiques.fr\/#website\",\"url\":\"https:\/\/www.lesrencontreseconomiques.fr\/\",\"name\":\"Les Rencontres \u00c9conomiques\",\"description\":\"\",\"potentialAction\":[{\"@type\":\"SearchAction\",\"target\":{\"@type\":\"EntryPoint\",\"urlTemplate\":\"https:\/\/www.lesrencontreseconomiques.fr\/?s={search_term_string}\"},\"query-input\":\"required name=search_term_string\"}],\"inLanguage\":\"en-US\"}]}<\/script>\n<!-- \/ Yoast SEO plugin. -->","yoast_head_json":{"title":"Partners of \"La Parole aux 18-28\" - Les Rencontres \u00c9conomiques","robots":{"index":"index","follow":"follow","max-snippet":"max-snippet:-1","max-image-preview":"max-image-preview:large","max-video-preview":"max-video-preview:-1"},"canonical":"https:\/\/www.lesrencontreseconomiques.fr\/en\/la-parole-aux-18-28\/partners-of-la-parole-aux-18-28\/","og_locale":"en_US","og_type":"article","og_description":"Partenaires","og_url":"https:\/\/www.lesrencontreseconomiques.fr\/en\/la-parole-aux-18-28\/partners-of-la-parole-aux-18-28\/","og_site_name":"Les Rencontres \u00c9conomiques","article_publisher":"https:\/\/www.facebook.com\/Le.Cercle.des.Economistes\/","og_image":[{"url":"https:\/\/www.lesrencontreseconomiques.fr\/wp-content\/uploads\/2022\/06\/reaix2022-tw-card.png"}],"twitter_card":"summary_large_image","twitter_image":"https:\/\/www.lesrencontreseconomiques.fr\/wp-content\/uploads\/2022\/06\/reaix2022-tw-card.png","twitter_site":"@Cercle_eco","schema":{"@context":"https:\/\/schema.org","@graph":[{"@type":"WebPage","@id":"https:\/\/www.lesrencontreseconomiques.fr\/en\/la-parole-aux-18-28\/partners-of-la-parole-aux-18-28\/","url":"https:\/\/www.lesrencontreseconomiques.fr\/en\/la-parole-aux-18-28\/partners-of-la-parole-aux-18-28\/","name":"Partners of \"La Parole aux 18-28\" - Les Rencontres \u00c9conomiques","isPartOf":{"@id":"https:\/\/www.lesrencontreseconomiques.fr\/#website"},"datePublished":"2021-12-07T18:03:31+00:00","dateModified":"2021-12-07T18:03:31+00:00","breadcrumb":{"@id":"https:\/\/www.lesrencontreseconomiques.fr\/en\/la-parole-aux-18-28\/partners-of-la-parole-aux-18-28\/#breadcrumb"},"inLanguage":"en-US","potentialAction":[{"@type":"ReadAction","target":["https:\/\/www.lesrencontreseconomiques.fr\/en\/la-parole-aux-18-28\/partners-of-la-parole-aux-18-28\/"]}]},{"@type":"BreadcrumbList","@id":"https:\/\/www.lesrencontreseconomiques.fr\/en\/la-parole-aux-18-28\/partners-of-la-parole-aux-18-28\/#breadcrumb","itemListElement":[{"@type":"ListItem","position":1,"name":"Home","item":"https:\/\/www.lesrencontreseconomiques.fr\/en\/"},{"@type":"ListItem","position":2,"name":"La Parole aux 18-28","item":"https:\/\/www.lesrencontreseconomiques.fr\/en\/la-parole-aux-18-28\/"},{"@type":"ListItem","position":3,"name":"Partners of \u00ab\u00a0La Parole aux 18-28\u00a0\u00bb"}]},{"@type":"WebSite","@id":"https:\/\/www.lesrencontreseconomiques.fr\/#website","url":"https:\/\/www.lesrencontreseconomiques.fr\/","name":"Les Rencontres \u00c9conomiques","description":"","potentialAction":[{"@type":"SearchAction","target":{"@type":"EntryPoint","urlTemplate":"https:\/\/www.lesrencontreseconomiques.fr\/?s={search_term_string}"},"query-input":"required name=search_term_string"}],"inLanguage":"en-US"}]}},"_links":{"self":[{"href":"https:\/\/www.lesrencontreseconomiques.fr\/en\/wp-json\/wp\/v2\/pages\/2340"}],"collection":[{"href":"https:\/\/www.lesrencontreseconomiques.fr\/en\/wp-json\/wp\/v2\/pages"}],"about":[{"href":"https:\/\/www.lesrencontreseconomiques.fr\/en\/wp-json\/wp\/v2\/types\/page"}],"author":[{"embeddable":true,"href":"https:\/\/www.lesrencontreseconomiques.fr\/en\/wp-json\/wp\/v2\/users\/2"}],"replies":[{"embeddable":true,"href":"https:\/\/www.lesrencontreseconomiques.fr\/en\/wp-json\/wp\/v2\/comments?post=2340"}],"version-history":[{"count":0,"href":"https:\/\/www.lesrencontreseconomiques.fr\/en\/wp-json\/wp\/v2\/pages\/2340\/revisions"}],"up":[{"embeddable":true,"href":"https:\/\/www.lesrencontreseconomiques.fr\/en\/wp-json\/wp\/v2\/pages\/2339"}],"wp:attachment":[{"href":"https:\/\/www.lesrencontreseconomiques.fr\/en\/wp-json\/wp\/v2\/media?parent=2340"}],"curies":[{"name":"wp","href":"https:\/\/api.w.org\/{rel}","templated":true}]}}