{"id":461,"date":"2021-05-27T16:12:13","date_gmt":"2021-05-27T14:12:13","guid":{"rendered":"https:\/\/www.lesrencontreseconomiques.fr\/?page_id=461"},"modified":"2021-06-24T10:08:17","modified_gmt":"2021-06-24T08:08:17","slug":"infos-pratiques","status":"publish","type":"page","link":"https:\/\/www.lesrencontreseconomiques.fr\/infos-pratiques\/","title":{"rendered":"Infos pratiques"},"content":{"rendered":"<div class=\"-wrapper -668 -mt-90 -mb-90\">\n<div class=\"cp-intro -texte\">\n<div class=\"description\">\n<div class=\"cp-texte\">\n<p>Vous avez des questions sur&#8230;<\/p>\n<h3><a href=\"#inscription\">Inscription<\/a> &#8211; <a href=\"#presentiel\">Participer en pr\u00e9sentiel<\/a> &#8211; <a href=\"#enligne\">Participer en ligne<\/a> &#8211; <a href=\"#programme\">Programme<\/a> &#8211; <a href=\"#presse\">Presse<\/a> &#8211; <a href=\"#reseaux-sociaux\">R\u00e9seaux sociaux<\/a><\/h3>\n<\/p><\/div>\n<\/p><\/div>\n<\/p><\/div>\n<\/p><\/div>\n<div class=\"-wrapper -668 -is-hr -mt-90 -mb-90\">\n<hr>\n<\/div>\n<div class=\"-wrapper -668 -mt-90 -mb-90\">\n<div class=\"cp-intro -texte\">\n<div class=\"description\">\n<div class=\"cp-texte\">\n<h2><a id=\"inscription\" class=\"c-anchor\"><\/a>Inscription<\/h2>\n<blockquote>\n<p>L\u2019inscription est-elle obligatoire pour suivre les conf\u00e9rences ?<\/p>\n<\/blockquote>\n<p>Si vous souhaiter participer en pr\u00e9sentiel, l&rsquo;inscription est obligatoire pour acc\u00e9der aux conf\u00e9rences. En vous inscrivant, vous recevrez par email votre badge personnel d&rsquo;acc\u00e8s \u00e0 l&rsquo;\u00e9v\u00e9nement.<\/p>\n<p>Si vous souhaitez participer \u00e0 l&rsquo;\u00e9v\u00e9nement en ligne, l\u2019inscription aux conf\u00e9rences est facultative. Elle vous permettra de recevoir des alertes avant les conf\u00e9rences et des communications autour de l\u2019\u00e9v\u00e9nement.<\/p>\n<blockquote>\n<p>Je souhaite m\u2019inscrire : comment faire ?<\/p>\n<\/blockquote>\n<p>Pour vous inscrire, remplissez le formulaire <a href=\"https:\/\/www.lesrencontreseconomiques.fr\/inscription\/\">sur la page d\u2019inscription<\/a>.<\/p>\n<\/p><\/div>\n<\/p><\/div>\n<\/p><\/div>\n<\/p><\/div>\n<div class=\"-wrapper -668 -is-hr -mt-90 -mb-90\">\n<hr>\n<\/div>\n<div class=\"-wrapper -668 -mt-90 -mb-90\">\n<div class=\"cp-intro -texte\">\n<div class=\"description\">\n<div class=\"cp-texte\">\n<h2><a id=\"presentiel\" class=\"c-anchor\"><\/a>Participer en pr\u00e9sentiel<\/h2>\n<blockquote>\n<p>Quels seront les documents exig\u00e9s pour acc\u00e9der aux conf\u00e9rences ?<\/p>\n<\/blockquote>\n<p>A l&rsquo;entr\u00e9e du site, il vous sera demand\u00e9 :<\/p>\n<ul>\n<li>votre badge d&rsquo;acc\u00e8s (re\u00e7u par email suite \u00e0 votre inscription)<\/li>\n<li>une pi\u00e8ce d&rsquo;identit\u00e9<\/li>\n<li>votre pass sanitaire<\/li>\n<\/ul>\n<p>En cas de non-pr\u00e9sentation de l&rsquo;un de ces documents, l&rsquo;acc\u00e8s aux conf\u00e9rences vous sera refus\u00e9.<\/p>\n<blockquote>\n<p>Qu&rsquo;est-ce qu&rsquo;un pass sanitaire ?<\/p>\n<\/blockquote>\n<p>A l\u2019accueil, il vous sera demand\u00e9 votre pass sanitaire :<\/p>\n<ul>\n<li>soit votre certificat de vaccination (parcours vaccinal complet)<\/li>\n<li>soit l\u2019attestation de r\u00e9sultat n\u00e9gatif d\u2019un test PCR ou antig\u00e9nique de moins de 48 heures<\/li>\n<li>soit le r\u00e9sultat d&rsquo;un test RT-PCR ou antig\u00e9nique positif attestant du r\u00e9tablissement de la Covid-19, datant d&rsquo;au moins 15 jours et de moins de 6 mois<\/li>\n<\/ul>\n<p>Pour en savoir plus, rendez-vous <a href=\"https:\/\/www.gouvernement.fr\/pass-sanitaire-toutes-les-reponses-a-vos-questions\">sur le site du gouvernement<\/a>. En cas de non-pr\u00e9sentation de ce pass, l\u2019acc\u00e8s au site vous sera refus\u00e9.<\/p>\n<blockquote>\n<p>Quelles seront les r\u00e8gles \u00e0 respecter sur place ?<\/p>\n<\/blockquote>\n<p>Sur l\u2019ensemble des sites, il vous sera demand\u00e9 de porter un masque et de respecter les gestes barri\u00e8re et les r\u00e8gles de distanciation. Des masques et des distributeurs de gel hydroalcoolique seront \u00e0 votre disposition sur l\u2019ensemble des sites.<\/p>\n<blockquote>\n<p>O\u00f9 auront lieu les conf\u00e9rences ?<\/p>\n<\/blockquote>\n<p>Les conf\u00e9rences ont lieu dans l&rsquo;enceinte du Parc Jourdan. L&rsquo;acc\u00e8s au parc se fait par l&rsquo;avenue Anatole France (13100 Aix-en-Provence).<\/p>\n<p>Les sessions et d\u00e9bats prendront place en ext\u00e9rieur dans des amphith\u00e9\u00e2tres \u00e9ph\u00e9m\u00e8res, sous chapiteaux ouverts. Chaque amphith\u00e9\u00e2tre peut accueillir son public selon ses propres jauges \u00e9tablies \u00e0 50% de sa capacit\u00e9. Le port du masque sera demand\u00e9.<\/p>\n<\/p><\/div>\n<\/p><\/div>\n<\/p><\/div>\n<\/p><\/div>\n<div class=\"-wrapper -668 -mt-90 -mb-90\">\n<div class=\"cp-intro -texte\">\n<div class=\"description\">\n<div class=\"cp-texte\">\n<h2><a id=\"enligne\" class=\"c-anchor\"><\/a>Suivre les d\u00e9bats en ligne<\/h2>\n<blockquote>\n<p>Comment puis-je suivre les conf\u00e9rences en ligne ?<\/p>\n<\/blockquote>\n<p>Les conf\u00e9rences sont diffus\u00e9es en vid\u00e9o en direct. Vous pouvez y acc\u00e9der sur la page d\u2019accueil de <a href=\"https:\/\/www.lesrencontreseconomiques.fr\/2020\/\">notre site<\/a>, sur notre cha\u00eene <a href=\"https:\/\/www.youtube.com\/channel\/UCDAILV-9eaMgsCTRVnRKO2w\" target=\"_blank\" rel=\"noopener\">YouTube<\/a>, sur nos r\u00e9seaux sociaux <a href=\"https:\/\/twitter.com\/Cercle_eco\" target=\"_blank\" rel=\"noopener\">Twitter<\/a>, <a href=\"https:\/\/www.facebook.com\/Le.Cercle.des.Economistes\" target=\"_blank\" rel=\"noopener\">Facebook<\/a>.<\/p>\n<blockquote>\n<p>Un identifiant est-il demand\u00e9 pour suivre les conf\u00e9rences ?<\/p>\n<\/blockquote>\n<p>Non, les conf\u00e9rences sont en acc\u00e8s libre sur notre site.<\/p>\n<blockquote>\n<p>Puis-je regarder les conf\u00e9rences en diff\u00e9r\u00e9 ?<\/p>\n<\/blockquote>\n<p>Oui, les conf\u00e9rences seront disponibles en replay sur notre site et notre cha\u00eene <a href=\"https:\/\/www.youtube.com\/channel\/UCDAILV-9eaMgsCTRVnRKO2w\" target=\"_blank\" rel=\"noopener\">YouTube<\/a>, d\u00e8s le lendemain de leur diffusion.<\/p>\n<blockquote>\n<p>Dans quelles langues seront diffus\u00e9es les conf\u00e9rences ?<\/p>\n<\/blockquote>\n<p>Les conf\u00e9rences seront diffus\u00e9es en fran\u00e7ais et en anglais.<\/p>\n<blockquote>\n<p>Toutes les conf\u00e9rences seront-elles retransmises ?<\/p>\n<\/blockquote>\n<p>Oui, l&rsquo;int\u00e9gralit\u00e9 des d\u00e9bats et sessions du programme sera diffus\u00e9e sur notre site.<\/p>\n<blockquote>\n<p>Comment poser des questions aux intervenants avant l\u2019\u00e9v\u00e9nement ?<\/p>\n<\/blockquote>\n<p>A partir du 14 juin, vous aurez la possibilit\u00e9 de poser vos questions aux intervenants depuis notre site web, en s\u00e9lectionnant la session au cours de laquelle vous souhaitez poser une question depuis <a href=\"https:\/\/www.lesrencontreseconomiques.fr\/programme\/\">la page programme<\/a>.<\/p>\n<blockquote>\n<p>Comment poser des questions aux intervenants pendant l\u2019\u00e9v\u00e9nement ?<\/p>\n<\/blockquote>\n<p>Pendant l\u2019\u00e9v\u00e9nement, un module sera affich\u00e9 \u00e0 c\u00f4t\u00e9 des vid\u00e9os sur la page d&rsquo;accueil de notre site pour vous permettre de poser vos questions.<\/p>\n<blockquote>\n<p>Toutes les questions seront-elles trait\u00e9es ?<\/p>\n<\/blockquote>\n<p>A\ufb01n d\u2019assurer des \u00e9changes licites, responsables et respectueux entre les internautes et les intervenants, nous appliquons des r\u00e8gles de mod\u00e9ration des questions :<\/p>\n<ul>\n<li>Toutes les questions sont lues et valid\u00e9es avant d\u2019\u00eatre diffus\u00e9es sur notre site internet<\/li>\n<li>Les questions \u00e0 caract\u00e8re illicite, diffamatoire ou consid\u00e9r\u00e9es comme irrespectueuses par l\u2019\u00e9quipe de mod\u00e9ration seront rejet\u00e9es<\/li>\n<\/ul>\n<blockquote>\n<p>Les questions seront-elles publiques ?<\/p>\n<\/blockquote>\n<p>Oui, les contributions valid\u00e9es seront affich\u00e9es sur notre site internet. Vous pourrez toutefois les d\u00e9poser de mani\u00e8re anonyme.<\/p>\n<blockquote>\n<p>Puis-je soutenir les questions des autres internautes ?<\/p>\n<\/blockquote>\n<p>Oui, vous pouvez appuyer les contributions d\u2019autres internautes en votant pour elles, \u00e0 travers un bouton \u00ab J\u2019aime \u00bb.<\/p>\n<\/p><\/div>\n<\/p><\/div>\n<\/p><\/div>\n<\/p><\/div>\n<div class=\"-wrapper -668 -is-hr -mt-90 -mb-90\">\n<hr>\n<\/div>\n<div class=\"-wrapper -668 -mt-90 -mb-90\">\n<div class=\"cp-intro -texte\">\n<div class=\"description\">\n<div class=\"cp-texte\">\n<h2><a id=\"programme\" class=\"c-anchor\"><\/a>Programme<\/h2>\n<blockquote>\n<p>Puis-je trouver la liste des intervenants, des sessions et des partenaires de l&rsquo;\u00e9v\u00e9nement ?<\/p>\n<\/blockquote>\n<p>Oui, ces informations sont disponibles sur les pages <a href=\"https:\/\/www.lesrencontreseconomiques.fr\/programme\/\">Programme<\/a>, <a href=\"https:\/\/www.lesrencontreseconomiques.fr\/intervenants\/\">Intervenants<\/a> et <a href=\"https:\/\/www.lesrencontreseconomiques.fr\/partenaires\/\">Partenaires<\/a>.<\/p>\n<\/p><\/div>\n<\/p><\/div>\n<\/p><\/div>\n<\/p><\/div>\n<div class=\"-wrapper -668 -is-hr -mt-90 -mb-90\">\n<hr>\n<\/div>\n<div class=\"-wrapper -668 -mt-90 -mb-90\">\n<div class=\"cp-intro -texte\">\n<div class=\"description\">\n<div class=\"cp-texte\">\n<h2><a id=\"presse\" class=\"c-anchor\"><\/a>Presse<\/h2>\n<blockquote>\n<p>Puis-je demander une accr\u00e9ditation ? Comment proc\u00e9der ?<\/p>\n<\/blockquote>\n<p>Vous pouvez demander une accr\u00e9ditation pour les Rencontres \u00c9conomiques en remplissant <a href=\"https:\/\/www.lesrencontreseconomiques.fr\/presse\/accreditation\/\">ce formulaire<\/a>.<\/p>\n<\/p><\/div>\n<\/p><\/div>\n<\/p><\/div>\n<\/p><\/div>\n<div class=\"-wrapper -668 -is-hr -mt-90 -mb-90\">\n<hr>\n<\/div>\n<div class=\"-wrapper -668 -mt-90 -mb-90\">\n<div class=\"cp-intro -texte\">\n<div class=\"description\">\n<div class=\"cp-texte\">\n<h2><a id=\"reseaux-sociaux\" class=\"c-anchor\"><\/a>R\u00e9seaux sociaux<\/h2>\n<blockquote>\n<p>Quels sont les hashtags de l&rsquo;\u00e9v\u00e9nement ?<\/p>\n<\/blockquote>\n<ul>\n<li>Le hashtag de l&rsquo;\u00e9v\u00e9nement est <strong>#REAix2021<\/strong>.<\/li>\n<li>Le hashtag du Prix La Parole aux 18-28 est <strong>#LP1828<\/strong>.<\/li>\n<\/ul>\n<blockquote>\n<p>Comment suivre les actualit\u00e9s de l&rsquo;\u00e9v\u00e9nement sur les r\u00e9seaux sociaux ?<\/p>\n<\/blockquote>\n<p>Nous publions r\u00e9guli\u00e8rement les derni\u00e8res actualit\u00e9s de l&rsquo;\u00e9v\u00e9nement sur nos r\u00e9seaux sociaux : <a href=\"https:\/\/twitter.com\/Cercle_eco\" target=\"_blank\" rel=\"noopener\">Twitter<\/a>, <a href=\"https:\/\/www.linkedin.com\/company\/cercle-des-\u00e9conomistes\/\" target=\"_blank\" rel=\"noopener\">Linkedin<\/a>, <a href=\"https:\/\/www.facebook.com\/Le.Cercle.des.Economistes\" target=\"_blank\" rel=\"noopener\">Facebook<\/a>, <a href=\"https:\/\/www.instagram.com\/cercle_eco\/\" target=\"_blank\" rel=\"noopener\">Instagram<\/a>.<\/p>\n<blockquote>\n<p>Puis-je suivre les conf\u00e9rences sur les r\u00e9seaux sociaux ?<\/p>\n<\/blockquote>\n<p>Oui, les conf\u00e9rences seront diffus\u00e9es sur <a href=\"https:\/\/www.youtube.com\/user\/RencontresEcoAix\" target=\"_blank\" rel=\"noopener\">YouTube<\/a>, <a href=\"https:\/\/twitter.com\/Cercle_eco\" target=\"_blank\" rel=\"noopener\">Twitter<\/a>, et <a href=\"https:\/\/www.facebook.com\/Le.Cercle.des.Economistes\" target=\"_blank\" rel=\"noopener\">Facebook<\/a>.<\/p>\n<\/p><\/div>\n<\/p><\/div>\n<\/p><\/div>\n<\/p><\/div>\n","protected":false},"excerpt":{"rendered":"<p>Vous avez des questions sur&#8230; Inscription &#8211; Participer en pr\u00e9sentiel &#8211; Participer en ligne &#8211; Programme &#8211; Presse &#8211; R\u00e9seaux sociaux Inscription L\u2019inscription est-elle obligatoire pour suivre les conf\u00e9rences ? Si vous souhaiter participer en pr\u00e9sentiel, l&rsquo;inscription est obligatoire pour acc\u00e9der aux conf\u00e9rences. En vous inscrivant, vous recevrez par email votre badge personnel d&rsquo;acc\u00e8s \u00e0 [&hellip;]<\/p>\n","protected":false},"author":2,"featured_media":0,"parent":0,"menu_order":0,"comment_status":"closed","ping_status":"closed","template":"","meta":[],"yoast_head":"<!-- This site is optimized with the Yoast SEO plugin v17.2 - https:\/\/yoast.com\/wordpress\/plugins\/seo\/ -->\n<meta name=\"robots\" content=\"index, follow, max-snippet:-1, max-image-preview:large, max-video-preview:-1\" \/>\n<link rel=\"canonical\" href=\"https:\/\/www.lesrencontreseconomiques.fr\/infos-pratiques\/\" \/>\n<meta property=\"og:locale\" content=\"fr_FR\" \/>\n<meta property=\"og:type\" content=\"article\" \/>\n<meta property=\"og:title\" content=\"Infos pratiques - Les Rencontres \u00c9conomiques\" \/>\n<meta property=\"og:description\" content=\"Vous avez des questions sur&#8230; Inscription &#8211; Participer en pr\u00e9sentiel &#8211; Participer en ligne &#8211; Programme &#8211; Presse &#8211; R\u00e9seaux sociaux Inscription L\u2019inscription est-elle obligatoire pour suivre les conf\u00e9rences ? Si vous souhaiter participer en pr\u00e9sentiel, l&rsquo;inscription est obligatoire pour acc\u00e9der aux conf\u00e9rences. En vous inscrivant, vous recevrez par email votre badge personnel d&rsquo;acc\u00e8s \u00e0 [&hellip;]\" \/>\n<meta property=\"og:url\" content=\"https:\/\/www.lesrencontreseconomiques.fr\/infos-pratiques\/\" \/>\n<meta property=\"og:site_name\" content=\"Les Rencontres \u00c9conomiques\" \/>\n<meta property=\"article:publisher\" content=\"https:\/\/www.facebook.com\/Le.Cercle.des.Economistes\/\" \/>\n<meta property=\"article:modified_time\" content=\"2021-06-24T08:08:17+00:00\" \/>\n<meta property=\"og:image\" content=\"https:\/\/www.lesrencontreseconomiques.fr\/wp-content\/uploads\/2021\/06\/olivier-lenel.png\" \/>\n\t<meta property=\"og:image:width\" content=\"615\" \/>\n\t<meta property=\"og:image:height\" content=\"800\" \/>\n<meta name=\"twitter:card\" content=\"summary_large_image\" \/>\n<meta name=\"twitter:image\" content=\"https:\/\/www.lesrencontreseconomiques.fr\/wp-content\/uploads\/2021\/06\/olivier-lenel.png\" \/>\n<meta name=\"twitter:site\" content=\"@Cercle_eco\" \/>\n<meta name=\"twitter:label1\" content=\"Dur\u00e9e de lecture est.\" \/>\n\t<meta name=\"twitter:data1\" content=\"5 minutes\" \/>\n<script type=\"application\/ld+json\" class=\"yoast-schema-graph\">{\"@context\":\"https:\/\/schema.org\",\"@graph\":[{\"@type\":\"WebSite\",\"@id\":\"https:\/\/www.lesrencontreseconomiques.fr\/#website\",\"url\":\"https:\/\/www.lesrencontreseconomiques.fr\/\",\"name\":\"Les Rencontres \\u00c9conomiques\",\"description\":\"\",\"potentialAction\":[{\"@type\":\"SearchAction\",\"target\":{\"@type\":\"EntryPoint\",\"urlTemplate\":\"https:\/\/www.lesrencontreseconomiques.fr\/?s={search_term_string}\"},\"query-input\":\"required name=search_term_string\"}],\"inLanguage\":\"fr-FR\"},{\"@type\":\"WebPage\",\"@id\":\"https:\/\/www.lesrencontreseconomiques.fr\/infos-pratiques\/#webpage\",\"url\":\"https:\/\/www.lesrencontreseconomiques.fr\/infos-pratiques\/\",\"name\":\"Infos pratiques - Les Rencontres \\u00c9conomiques\",\"isPartOf\":{\"@id\":\"https:\/\/www.lesrencontreseconomiques.fr\/#website\"},\"datePublished\":\"2021-05-27T14:12:13+00:00\",\"dateModified\":\"2021-06-24T08:08:17+00:00\",\"breadcrumb\":{\"@id\":\"https:\/\/www.lesrencontreseconomiques.fr\/infos-pratiques\/#breadcrumb\"},\"inLanguage\":\"fr-FR\",\"potentialAction\":[{\"@type\":\"ReadAction\",\"target\":[\"https:\/\/www.lesrencontreseconomiques.fr\/infos-pratiques\/\"]}]},{\"@type\":\"BreadcrumbList\",\"@id\":\"https:\/\/www.lesrencontreseconomiques.fr\/infos-pratiques\/#breadcrumb\",\"itemListElement\":[{\"@type\":\"ListItem\",\"position\":1,\"name\":\"Accueil\",\"item\":\"https:\/\/www.lesrencontreseconomiques.fr\/\"},{\"@type\":\"ListItem\",\"position\":2,\"name\":\"Infos pratiques\"}]}]}<\/script>\n<!-- \/ Yoast SEO plugin. -->","yoast_head_json":{"robots":{"index":"index","follow":"follow","max-snippet":"max-snippet:-1","max-image-preview":"max-image-preview:large","max-video-preview":"max-video-preview:-1"},"canonical":"https:\/\/www.lesrencontreseconomiques.fr\/infos-pratiques\/","og_locale":"fr_FR","og_type":"article","og_title":"Infos pratiques - Les Rencontres \u00c9conomiques","og_description":"Vous avez des questions sur&#8230; Inscription &#8211; Participer en pr\u00e9sentiel &#8211; Participer en ligne &#8211; Programme &#8211; Presse &#8211; R\u00e9seaux sociaux Inscription L\u2019inscription est-elle obligatoire pour suivre les conf\u00e9rences ? Si vous souhaiter participer en pr\u00e9sentiel, l&rsquo;inscription est obligatoire pour acc\u00e9der aux conf\u00e9rences. En vous inscrivant, vous recevrez par email votre badge personnel d&rsquo;acc\u00e8s \u00e0 [&hellip;]","og_url":"https:\/\/www.lesrencontreseconomiques.fr\/infos-pratiques\/","og_site_name":"Les Rencontres \u00c9conomiques","article_publisher":"https:\/\/www.facebook.com\/Le.Cercle.des.Economistes\/","article_modified_time":"2021-06-24T08:08:17+00:00","og_image":[{"width":615,"height":800,"url":"https:\/\/www.lesrencontreseconomiques.fr\/wp-content\/uploads\/2021\/06\/olivier-lenel.png","path":"\/var\/www\/websites\/www.lesrencontreseconomiques.fr\/wordpress\/wp-content\/uploads\/2021\/06\/olivier-lenel.png","size":"full","id":2071,"alt":"","pixels":492000,"type":"image\/png"}],"twitter_card":"summary_large_image","twitter_image":"https:\/\/www.lesrencontreseconomiques.fr\/wp-content\/uploads\/2021\/06\/olivier-lenel.png","twitter_site":"@Cercle_eco","twitter_misc":{"Dur\u00e9e de lecture est.":"5 minutes"},"schema":{"@context":"https:\/\/schema.org","@graph":[{"@type":"WebSite","@id":"https:\/\/www.lesrencontreseconomiques.fr\/#website","url":"https:\/\/www.lesrencontreseconomiques.fr\/","name":"Les Rencontres \u00c9conomiques","description":"","potentialAction":[{"@type":"SearchAction","target":{"@type":"EntryPoint","urlTemplate":"https:\/\/www.lesrencontreseconomiques.fr\/?s={search_term_string}"},"query-input":"required name=search_term_string"}],"inLanguage":"fr-FR"},{"@type":"WebPage","@id":"https:\/\/www.lesrencontreseconomiques.fr\/infos-pratiques\/#webpage","url":"https:\/\/www.lesrencontreseconomiques.fr\/infos-pratiques\/","name":"Infos pratiques - Les Rencontres \u00c9conomiques","isPartOf":{"@id":"https:\/\/www.lesrencontreseconomiques.fr\/#website"},"datePublished":"2021-05-27T14:12:13+00:00","dateModified":"2021-06-24T08:08:17+00:00","breadcrumb":{"@id":"https:\/\/www.lesrencontreseconomiques.fr\/infos-pratiques\/#breadcrumb"},"inLanguage":"fr-FR","potentialAction":[{"@type":"ReadAction","target":["https:\/\/www.lesrencontreseconomiques.fr\/infos-pratiques\/"]}]},{"@type":"BreadcrumbList","@id":"https:\/\/www.lesrencontreseconomiques.fr\/infos-pratiques\/#breadcrumb","itemListElement":[{"@type":"ListItem","position":1,"name":"Accueil","item":"https:\/\/www.lesrencontreseconomiques.fr\/"},{"@type":"ListItem","position":2,"name":"Infos pratiques"}]}]}},"_links":{"self":[{"href":"https:\/\/www.lesrencontreseconomiques.fr\/wp-json\/wp\/v2\/pages\/461"}],"collection":[{"href":"https:\/\/www.lesrencontreseconomiques.fr\/wp-json\/wp\/v2\/pages"}],"about":[{"href":"https:\/\/www.lesrencontreseconomiques.fr\/wp-json\/wp\/v2\/types\/page"}],"author":[{"embeddable":true,"href":"https:\/\/www.lesrencontreseconomiques.fr\/wp-json\/wp\/v2\/users\/2"}],"replies":[{"embeddable":true,"href":"https:\/\/www.lesrencontreseconomiques.fr\/wp-json\/wp\/v2\/comments?post=461"}],"version-history":[{"count":0,"href":"https:\/\/www.lesrencontreseconomiques.fr\/wp-json\/wp\/v2\/pages\/461\/revisions"}],"wp:attachment":[{"href":"https:\/\/www.lesrencontreseconomiques.fr\/wp-json\/wp\/v2\/media?parent=461"}],"curies":[{"name":"wp","href":"https:\/\/api.w.org\/{rel}","templated":true}]}}