{"id":446,"date":"2021-05-03T16:20:13","date_gmt":"2021-05-03T14:20:13","guid":{"rendered":"https:\/\/www.lesrencontreseconomiques.fr\/?page_id=446"},"modified":"2021-05-18T14:56:55","modified_gmt":"2021-05-18T12:56:55","slug":"accreditation-conference-de-presse","status":"publish","type":"page","link":"https:\/\/www.lesrencontreseconomiques.fr\/accreditation-conference-de-presse\/","title":{"rendered":"Conf\u00e9rence de Presse des 21e Rencontres \u00c9conomiques d&rsquo;Aix-en-Provence"},"content":{"rendered":"<div class=\"-wrapper -668 -mt-90 -mb-90\">\n<div class=\"cp-intro -texte\">\n<div class=\"description\">\n<div class=\"cp-texte\">\n<div>\n<div>\n<div>\n<h3>Bienvenue sur l\u2019espace d\u2019accr\u00e9ditation \u00e0 la conf\u00e9rence de presse des 21e Rencontres \u00c9conomiques d\u2019Aix-en-Provence. Le jeudi 3 juin prochain, \u00e0 partir de 8h30.<\/h3>\n<h3>Pour vous inscrire, veuillez remplir le formulaire ci-dessous.<\/h3>\n<div>Au plaisir de vous y retrouver. L&rsquo;\u00e9quipe du Cercle des \u00e9conomistes<\/div>\n<\/div>\n<\/div>\n<\/div><\/div>\n<\/p><\/div>\n<\/p><\/div>\n<\/p><\/div>\n<div class=\"-wrapper -668 -mt-90 -mb-90\">\n<div class=\"cp-intro -texte\">\n<div class=\"description\">\n<div class=\"cp-texte\">\n<div class=\"df-form-widget\" data-form-code=\" accr-cp-2021\" data-domain=\"cercle.digifactory.fr\"><\/div>\n<\/p><\/div>\n<\/p><\/div>\n<\/p><\/div>\n<\/div>\n","protected":false},"excerpt":{"rendered":"<p>Bienvenue sur l\u2019espace d\u2019accr\u00e9ditation \u00e0 la conf\u00e9rence de presse des 21e Rencontres \u00c9conomiques d\u2019Aix-en-Provence. Le jeudi 3 juin prochain, \u00e0 partir de 8h30. Pour vous inscrire, veuillez remplir le formulaire ci-dessous. Au plaisir de vous y retrouver. L&rsquo;\u00e9quipe du Cercle des \u00e9conomistes<\/p>\n","protected":false},"author":2,"featured_media":0,"parent":0,"menu_order":0,"comment_status":"closed","ping_status":"closed","template":"","meta":[],"yoast_head":"<!-- This site is optimized with the Yoast SEO plugin v17.2 - https:\/\/yoast.com\/wordpress\/plugins\/seo\/ -->\n<meta name=\"robots\" content=\"index, follow, max-snippet:-1, max-image-preview:large, max-video-preview:-1\" \/>\n<link rel=\"canonical\" href=\"https:\/\/www.lesrencontreseconomiques.fr\/accreditation-conference-de-presse\/\" \/>\n<meta property=\"og:locale\" content=\"fr_FR\" \/>\n<meta property=\"og:type\" content=\"article\" \/>\n<meta property=\"og:title\" content=\"Conf\u00e9rence de Presse des 21e Rencontres \u00c9conomiques d&#039;Aix-en-Provence - Les Rencontres \u00c9conomiques\" \/>\n<meta property=\"og:description\" content=\"Bienvenue sur l\u2019espace d\u2019accr\u00e9ditation \u00e0 la conf\u00e9rence de presse des 21e Rencontres \u00c9conomiques d\u2019Aix-en-Provence. Le jeudi 3 juin prochain, \u00e0 partir de 8h30. Pour vous inscrire, veuillez remplir le formulaire ci-dessous. Au plaisir de vous y retrouver. L&rsquo;\u00e9quipe du Cercle des \u00e9conomistes\" \/>\n<meta property=\"og:url\" content=\"https:\/\/www.lesrencontreseconomiques.fr\/accreditation-conference-de-presse\/\" \/>\n<meta property=\"og:site_name\" content=\"Les Rencontres \u00c9conomiques\" \/>\n<meta property=\"article:publisher\" content=\"https:\/\/www.facebook.com\/Le.Cercle.des.Economistes\/\" \/>\n<meta property=\"article:modified_time\" content=\"2021-05-18T12:56:55+00:00\" \/>\n<meta property=\"og:image\" content=\"https:\/\/www.lesrencontreseconomiques.fr\/wp-content\/uploads\/2021\/06\/olivier-lenel.png\" \/>\n\t<meta property=\"og:image:width\" content=\"615\" \/>\n\t<meta property=\"og:image:height\" content=\"800\" \/>\n<meta name=\"twitter:card\" content=\"summary_large_image\" \/>\n<meta name=\"twitter:image\" content=\"https:\/\/www.lesrencontreseconomiques.fr\/wp-content\/uploads\/2021\/06\/olivier-lenel.png\" \/>\n<meta name=\"twitter:site\" content=\"@Cercle_eco\" \/>\n<script type=\"application\/ld+json\" class=\"yoast-schema-graph\">{\"@context\":\"https:\/\/schema.org\",\"@graph\":[{\"@type\":\"WebSite\",\"@id\":\"https:\/\/www.lesrencontreseconomiques.fr\/#website\",\"url\":\"https:\/\/www.lesrencontreseconomiques.fr\/\",\"name\":\"Les Rencontres \\u00c9conomiques\",\"description\":\"\",\"potentialAction\":[{\"@type\":\"SearchAction\",\"target\":{\"@type\":\"EntryPoint\",\"urlTemplate\":\"https:\/\/www.lesrencontreseconomiques.fr\/?s={search_term_string}\"},\"query-input\":\"required name=search_term_string\"}],\"inLanguage\":\"fr-FR\"},{\"@type\":\"WebPage\",\"@id\":\"https:\/\/www.lesrencontreseconomiques.fr\/accreditation-conference-de-presse\/#webpage\",\"url\":\"https:\/\/www.lesrencontreseconomiques.fr\/accreditation-conference-de-presse\/\",\"name\":\"Conf\\u00e9rence de Presse des 21e Rencontres \\u00c9conomiques d'Aix-en-Provence - Les Rencontres \\u00c9conomiques\",\"isPartOf\":{\"@id\":\"https:\/\/www.lesrencontreseconomiques.fr\/#website\"},\"datePublished\":\"2021-05-03T14:20:13+00:00\",\"dateModified\":\"2021-05-18T12:56:55+00:00\",\"breadcrumb\":{\"@id\":\"https:\/\/www.lesrencontreseconomiques.fr\/accreditation-conference-de-presse\/#breadcrumb\"},\"inLanguage\":\"fr-FR\",\"potentialAction\":[{\"@type\":\"ReadAction\",\"target\":[\"https:\/\/www.lesrencontreseconomiques.fr\/accreditation-conference-de-presse\/\"]}]},{\"@type\":\"BreadcrumbList\",\"@id\":\"https:\/\/www.lesrencontreseconomiques.fr\/accreditation-conference-de-presse\/#breadcrumb\",\"itemListElement\":[{\"@type\":\"ListItem\",\"position\":1,\"name\":\"Accueil\",\"item\":\"https:\/\/www.lesrencontreseconomiques.fr\/\"},{\"@type\":\"ListItem\",\"position\":2,\"name\":\"Conf\\u00e9rence de Presse des 21e Rencontres \\u00c9conomiques d&rsquo;Aix-en-Provence\"}]}]}<\/script>\n<!-- \/ Yoast SEO plugin. -->","yoast_head_json":{"robots":{"index":"index","follow":"follow","max-snippet":"max-snippet:-1","max-image-preview":"max-image-preview:large","max-video-preview":"max-video-preview:-1"},"canonical":"https:\/\/www.lesrencontreseconomiques.fr\/accreditation-conference-de-presse\/","og_locale":"fr_FR","og_type":"article","og_title":"Conf\u00e9rence de Presse des 21e Rencontres \u00c9conomiques d'Aix-en-Provence - Les Rencontres \u00c9conomiques","og_description":"Bienvenue sur l\u2019espace d\u2019accr\u00e9ditation \u00e0 la conf\u00e9rence de presse des 21e Rencontres \u00c9conomiques d\u2019Aix-en-Provence. Le jeudi 3 juin prochain, \u00e0 partir de 8h30. Pour vous inscrire, veuillez remplir le formulaire ci-dessous. Au plaisir de vous y retrouver. L&rsquo;\u00e9quipe du Cercle des \u00e9conomistes","og_url":"https:\/\/www.lesrencontreseconomiques.fr\/accreditation-conference-de-presse\/","og_site_name":"Les Rencontres \u00c9conomiques","article_publisher":"https:\/\/www.facebook.com\/Le.Cercle.des.Economistes\/","article_modified_time":"2021-05-18T12:56:55+00:00","og_image":[{"width":615,"height":800,"url":"https:\/\/www.lesrencontreseconomiques.fr\/wp-content\/uploads\/2021\/06\/olivier-lenel.png","path":"\/var\/www\/websites\/www.lesrencontreseconomiques.fr\/wordpress\/wp-content\/uploads\/2021\/06\/olivier-lenel.png","size":"full","id":2071,"alt":"","pixels":492000,"type":"image\/png"}],"twitter_card":"summary_large_image","twitter_image":"https:\/\/www.lesrencontreseconomiques.fr\/wp-content\/uploads\/2021\/06\/olivier-lenel.png","twitter_site":"@Cercle_eco","schema":{"@context":"https:\/\/schema.org","@graph":[{"@type":"WebSite","@id":"https:\/\/www.lesrencontreseconomiques.fr\/#website","url":"https:\/\/www.lesrencontreseconomiques.fr\/","name":"Les Rencontres \u00c9conomiques","description":"","potentialAction":[{"@type":"SearchAction","target":{"@type":"EntryPoint","urlTemplate":"https:\/\/www.lesrencontreseconomiques.fr\/?s={search_term_string}"},"query-input":"required name=search_term_string"}],"inLanguage":"fr-FR"},{"@type":"WebPage","@id":"https:\/\/www.lesrencontreseconomiques.fr\/accreditation-conference-de-presse\/#webpage","url":"https:\/\/www.lesrencontreseconomiques.fr\/accreditation-conference-de-presse\/","name":"Conf\u00e9rence de Presse des 21e Rencontres \u00c9conomiques d'Aix-en-Provence - Les Rencontres \u00c9conomiques","isPartOf":{"@id":"https:\/\/www.lesrencontreseconomiques.fr\/#website"},"datePublished":"2021-05-03T14:20:13+00:00","dateModified":"2021-05-18T12:56:55+00:00","breadcrumb":{"@id":"https:\/\/www.lesrencontreseconomiques.fr\/accreditation-conference-de-presse\/#breadcrumb"},"inLanguage":"fr-FR","potentialAction":[{"@type":"ReadAction","target":["https:\/\/www.lesrencontreseconomiques.fr\/accreditation-conference-de-presse\/"]}]},{"@type":"BreadcrumbList","@id":"https:\/\/www.lesrencontreseconomiques.fr\/accreditation-conference-de-presse\/#breadcrumb","itemListElement":[{"@type":"ListItem","position":1,"name":"Accueil","item":"https:\/\/www.lesrencontreseconomiques.fr\/"},{"@type":"ListItem","position":2,"name":"Conf\u00e9rence de Presse des 21e Rencontres \u00c9conomiques d&rsquo;Aix-en-Provence"}]}]}},"_links":{"self":[{"href":"https:\/\/www.lesrencontreseconomiques.fr\/wp-json\/wp\/v2\/pages\/446"}],"collection":[{"href":"https:\/\/www.lesrencontreseconomiques.fr\/wp-json\/wp\/v2\/pages"}],"about":[{"href":"https:\/\/www.lesrencontreseconomiques.fr\/wp-json\/wp\/v2\/types\/page"}],"author":[{"embeddable":true,"href":"https:\/\/www.lesrencontreseconomiques.fr\/wp-json\/wp\/v2\/users\/2"}],"replies":[{"embeddable":true,"href":"https:\/\/www.lesrencontreseconomiques.fr\/wp-json\/wp\/v2\/comments?post=446"}],"version-history":[{"count":0,"href":"https:\/\/www.lesrencontreseconomiques.fr\/wp-json\/wp\/v2\/pages\/446\/revisions"}],"wp:attachment":[{"href":"https:\/\/www.lesrencontreseconomiques.fr\/wp-json\/wp\/v2\/media?parent=446"}],"curies":[{"name":"wp","href":"https:\/\/api.w.org\/{rel}","templated":true}]}}