{"id":325,"date":"2021-04-20T11:52:12","date_gmt":"2021-04-20T09:52:12","guid":{"rendered":"https:\/\/www.lesrencontreseconomiques.fr\/?page_id=325"},"modified":"2021-05-25T11:46:14","modified_gmt":"2021-05-25T09:46:14","slug":"comment-eviter-une-generation-sacrifiee","status":"publish","type":"page","link":"https:\/\/www.lesrencontreseconomiques.fr\/en-route-vers-les-rencontres-economiques\/comment-eviter-une-generation-sacrifiee\/","title":{"rendered":"Comment \u00e9viter une g\u00e9n\u00e9ration sacrifi\u00e9e ?"},"content":{"rendered":"<div class=\"-wrapper -846 -mt-90 -mb-90\">\n<div class=\"cp-intro -texte\">\n<div class=\"description\">\n<div class=\"cp-texte\">\n<p><strong>Le 10 d\u00e9cembre, le Cercle des \u00e9conomistes a r\u00e9uni 43 intervenants et donn\u00e9 la parole \u00e0 125 jeunes en direct lors d&rsquo;une journ\u00e9e sp\u00e9ciale : \u00ab\u00a0Comment \u00e9viter une g\u00e9n\u00e9ration sacrifi\u00e9e ?\u00a0\u00bb<\/strong>.<\/p>\n<p>4 enjeux majeurs pour la jeunesse \u00e9taient au c\u0153ur du programme :<\/p>\n<ul>\n<li>Pr\u00e9carit\u00e9 des jeunes : une fatalit\u00e9 ?<\/li>\n<li>Enseignement : que transmettre \u00e0 une g\u00e9n\u00e9ration en recherche de perspectives ?<\/li>\n<li>Emploi : cr\u00e9er de nouvelles opportunit\u00e9s<\/li>\n<li>Comment la jeunesse peut-elle transformer la soci\u00e9t\u00e9 ?<\/li>\n<\/ul>\n<p>A l&rsquo;issue de cette journ\u00e9e, le Cercle des \u00e9conomistes a pr\u00e9sent\u00e9 5 propositions concr\u00e8tes pour <span dir=\"ltr\">mettre en place une v\u00e9ritable <\/span><span dir=\"ltr\">soci\u00e9t\u00e9 contractuelle avec la jeunesse fran\u00e7aise. D\u00e9couvrez-les et revivez l&rsquo;\u00e9v\u00e9nement en replay !<br \/>\n<\/span><\/p>\n<p>&nbsp;<\/p>\n<h3>Sommaire<\/h3>\n<p><a href=\"#propositions-jeunesse\">\u27a1\ufe0f Propositions du Cercle des \u00e9conomistes<\/a><\/p>\n<p><a href=\"#replays-jeunesse\">\u27a1\ufe0f Replays<\/a><\/p>\n<\/p><\/div>\n<\/p><\/div>\n<\/p><\/div>\n<\/p><\/div>\n<div class=\"-wrapper -846 -is-hr -mt-90 -mb-90\">\n<hr>\n<\/div>\n<div class=\"-wrapper -846 -mt-90 -mb-90\">\n<div class=\"cp-intro -texte\">\n<div class=\"description\">\n<div class=\"cp-texte\">\n<h2><a id=\"propositions-jeunesse\" class=\"c-anchor\"><\/a>Les propositions du Cercle des \u00e9conomistes pour la jeunesse<\/h2>\n<p>Pour faire face et r\u00e9fl\u00e9chir aux probl\u00e8mes, incertitudes et espoirs de la jeunesse fran\u00e7aise, le Cercle des \u00e9conomistes a organis\u00e9 une journ\u00e9e de d\u00e9bats et d\u2019\u00e9changes autour du th\u00e8me \u00ab Comment \u00e9viter une g\u00e9n\u00e9ration sacrifi\u00e9e ? \u00bb. Il faut aller plus loin pour donner \u00e0 la jeunesse les moyens d\u2019agir, concr\u00e8tement et simplement, pour inventer et construire le monde de demain !<\/p>\n<p>Pour cela, le Cercle des \u00e9conomistes propose de mettre en place une soci\u00e9t\u00e9 contractuelle avec les jeunes, et non dans une approche d\u2019assistanat, autour des propositions suivantes\u00a0:<\/p>\n<p>&nbsp;<\/p>\n<h3><strong>PROPOSITION 1 <\/strong>Simplifier et clarifier les conditions d\u2019acc\u00e8s aux dispositifs d\u2019accompagnement et toucher tous les publics jeunes sans exception.<\/h3>\n<p>Chaque mesure financi\u00e8re doit faire l\u2019objet d\u2019un accompagnement r\u00e9el :<\/p>\n<ul>\n<li><strong>En donnant l\u2019information la plus compl\u00e8te<\/strong> \u00e0 l\u2019ensemble des jeunes sur les mesures et dispositifs mis en place pour les accompagner dans cette crise<\/li>\n<li><strong>En mettant en place plus de moyens humains pour accompagner les jeunes<\/strong> dans les structures comme les Missions locales, l\u2019Apec, P\u00f4le Emploi<\/li>\n<li><strong>En mettant en place un accompagnement syst\u00e9matique et diff\u00e9renci\u00e9 <\/strong>pour les jeunes dipl\u00f4m\u00e9s et les jeunes les plus \u00e9loign\u00e9s de l\u2019emploi (NEETs) : 1 jeune = 1 solution = 1 accompagnement = 1 projet<\/li>\n<\/ul>\n<p>&nbsp;<\/p>\n<h3><strong>PROPOSITION 2 <\/strong>\u00c9largir massivement la \u00ab garantie jeunes \u00bb jusqu\u2019\u00e0 la proposer \u00e0 tout jeune en recherche d\u2019emploi, de formation et ne b\u00e9n\u00e9ficiant d\u2019aucune bourse :<\/h3>\n<ul>\n<li>Sur la dur\u00e9e<\/li>\n<li>Sur le montant : doubler le montant de l\u2019aide financi\u00e8re pour permettre aux b\u00e9n\u00e9ficiaires une vraie insertion dans la vie active<\/li>\n<li>All\u00e9ger les conditions d\u2019obtention de cette garantie en r\u00e9visant ses crit\u00e8res d\u2019attribution<\/li>\n<li>Mettre en place de vraies contreparties pour les b\u00e9n\u00e9ficiaires dans le cadre des dispositifs d\u2019accompagnement par les Missions locales, P\u00f4le Emploi ou l\u2019Apec<\/li>\n<\/ul>\n<p>&nbsp;<\/p>\n<h3><strong>PROPOSITION 3 <\/strong>Dans la perspective de r\u00e9int\u00e9gration des jeunes les plus \u00e9loign\u00e9s de l\u2019emploi :<\/h3>\n<ul>\n<li>Multiplier le nombre d\u2019\u00c9coles de la deuxi\u00e8me chance<\/li>\n<li>Revaloriser la r\u00e9mun\u00e9ration du Service civique<\/li>\n<\/ul>\n<p>&nbsp;<\/p>\n<h3><strong>PROPOSITION 4 <\/strong>Mettre en place d\u2019urgence les formations qualifiantes en sp\u00e9cifiant les secteurs concern\u00e9s, les moyens mis en place et les enseignants mobilis\u00e9s<\/h3>\n<p>&nbsp;<\/p>\n<h3><strong>PROPOSITION 5 <\/strong>Prolonger le versement d\u2019aides \u00e0 l\u2019embauche jusqu\u2019en juin 2021<\/h3>\n<p>&nbsp;<\/p>\n<p><a class=\"cp-cta-bouton\" href=\"https:\/\/lecercledeseconomistes.fr\/wp-content\/uploads\/2020\/12\/eviterunegenerationsacrifiee_conclusions.pdf\" target=\"_blank\" rel=\"noopener\">T\u00e9l\u00e9charger les propositions compl\u00e8tes (PDF)<\/a><\/p>\n<\/p><\/div>\n<\/p><\/div>\n<\/p><\/div>\n<\/p><\/div>\n<div class=\"-wrapper -1024 -is-hr -mt-90 -mb-90\">\n<hr>\n<\/div>\n<div class=\"-wrapper -846 -mt-90 -mb-90\">\n<div class=\"cp-cta-image-texte\">\n<div class=\"media \" data-aos=\"fade-right\" data-aos-anchor-placement=\"top-bottom\" data-aos-offset=\"200\">\n<div class=\"image -walc \" style=\"padding-top:141.96429%\"><img width=\"224\" height=\"318\" src=\"https:\/\/www.lesrencontreseconomiques.fr\/wp-content\/uploads\/2021\/05\/cover-cahier_page_01-224x318.jpg\" class=\"attachment-small size-small\" alt=\"\" loading=\"lazy\" \/><\/div>\n<\/p><\/div>\n<div class=\"description cp-texte\" data-aos=\"fade-up\" data-aos-anchor-placement=\"top-bottom\" data-aos-offset=\"200\">\n<h2>Cahier du Cercle des \u00e9conomistes<\/h2>\n<p>Le Cercle des \u00e9conomistes r\u00e9unit dans son dernier cahier<strong> \u00ab\u00a0Va-t-on vraiment r\u00e9industrialiser la France ?\u00a0\u00bb <\/strong>16 signatures d\u2019experts sur la question industrielle pour \u00e9tablir un diagnostic et apporter au d\u00e9bat public des propositions fortes et r\u00e9alistes.<\/p>\n<p>&nbsp;<\/p>\n<p><a class=\"cp-cta-bouton -telecharger\" href=\"https:\/\/lecercledeseconomistes.fr\/wp-content\/uploads\/2021\/02\/cahierducercle_vf.pdf\" target=\"_blank\" rel=\"noopener\">T\u00e9l\u00e9charger le Cahier<\/a><\/p>\n<\/p><\/div>\n<\/p><\/div>\n<\/div>\n<div class=\" -mt-90\">\n<div class=\"cp-anchor\"><\/div>\n<div class=\"-wrapper -1024 -mb-40\" style=\"display:none;\" data-video-container-id=\"60acc7667fe2b\"><\/div>\n<div class=\"cp-section-header -wrapper -1024\" data-reaix-uid-1>\n<h2 class=\"cp-titre-2 -section\">Revivez l&rsquo;\u00e9v\u00e9nement en replay<\/h2>\n<p>\t\t\t\t<a href=\"https:\/\/lecercledeseconomistes.fr\/evenements\/comment-eviter-une-generation-sacrifiee\/\" target=\"_blank\" class=\"cp-cta-plus -rouge\" rel=\"noopener\"><br \/>\n\t\t\t<span>En savoir plus sur l&rsquo;\u00e9v\u00e9nement<\/span><br \/>\n\t\t<\/a><\/p><\/div>\n<div class=\"-wrapper -1024 -mb-90\">\n<div class=\"cp-remontee-videos -grille-row\">\n<div class=\" videos\">\n<div class=\"contenu \">\n<div class=\"media\">\n<div class=\"image -walc\" style=\"padding-top:56.25%\">\n\t\t\t\t\t\t\t<img src=\"https:\/\/i.ytimg.com\/vi\/EVeeVABReks\/hqdefault.jpg\" alt=\"\" style=\"width:100%;height:auto;\">\n\t\t\t\t\t\t<\/div>\n<\/p><\/div>\n<div class=\"description\">\n\t\t\t\t\t\t\t\t\t\t\t\t<br \/>\n\t\t\t\t\t\t<a class=\"titre bhv-video-list__item\" href=\"https:\/\/www.youtube.com\/watch?v=EVeeVABReks\" data-video-html=\"&lt;iframe width=&quot;200&quot; height=&quot;113&quot; src=&quot;https:\/\/www.youtube.com\/embed\/EVeeVABReks?feature=oembed&amp;autoplay=1&quot; frameborder=&quot;0&quot; allow=&quot;accelerometer; autoplay; clipboard-write; encrypted-media; gyroscope; picture-in-picture&quot; allowfullscreen&gt;&lt;\/iframe&gt;\" data-target-video-container=\"60acc7667fe2b\"><br \/>\n\t\t\t\t\t\t\tOuverture des &eacute;changes &#8211; Comment &eacute;viter une g&eacute;n&eacute;ration sacrifi&eacute;e ?\t\t\t\t\t\t<\/a>\n\t\t\t\t\t<\/div>\n<\/p><\/div>\n<div class=\"contenu \">\n<div class=\"media\">\n<div class=\"image -walc\" style=\"padding-top:56.25%\">\n\t\t\t\t\t\t\t<img src=\"https:\/\/i.ytimg.com\/vi\/S6h33HLQvsw\/hqdefault.jpg\" alt=\"\" style=\"width:100%;height:auto;\">\n\t\t\t\t\t\t<\/div>\n<\/p><\/div>\n<div class=\"description\">\n\t\t\t\t\t\t\t\t\t\t\t\t<br \/>\n\t\t\t\t\t\t<a class=\"titre bhv-video-list__item\" href=\"https:\/\/www.youtube.com\/watch?v=S6h33HLQvsw\" data-video-html=\"&lt;iframe width=&quot;200&quot; height=&quot;113&quot; src=&quot;https:\/\/www.youtube.com\/embed\/S6h33HLQvsw?feature=oembed&amp;autoplay=1&quot; frameborder=&quot;0&quot; allow=&quot;accelerometer; autoplay; clipboard-write; encrypted-media; gyroscope; picture-in-picture&quot; allowfullscreen&gt;&lt;\/iframe&gt;\" data-target-video-container=\"60acc7667fe2b\"><br \/>\n\t\t\t\t\t\t\tPr&eacute;carit&eacute; des jeunes : une fatalit&eacute; ?\t\t\t\t\t\t<\/a>\n\t\t\t\t\t<\/div>\n<\/p><\/div>\n<div class=\"contenu \">\n<div class=\"media\">\n<div class=\"image -walc\" style=\"padding-top:56.25%\">\n\t\t\t\t\t\t\t<img src=\"https:\/\/i.ytimg.com\/vi\/xnK5lhsN8Do\/hqdefault.jpg\" alt=\"\" style=\"width:100%;height:auto;\">\n\t\t\t\t\t\t<\/div>\n<\/p><\/div>\n<div class=\"description\">\n\t\t\t\t\t\t\t\t\t\t\t\t<br \/>\n\t\t\t\t\t\t<a class=\"titre bhv-video-list__item\" href=\"https:\/\/www.youtube.com\/watch?v=xnK5lhsN8Do\" data-video-html=\"&lt;iframe width=&quot;200&quot; height=&quot;113&quot; src=&quot;https:\/\/www.youtube.com\/embed\/xnK5lhsN8Do?feature=oembed&amp;autoplay=1&quot; frameborder=&quot;0&quot; allow=&quot;accelerometer; autoplay; clipboard-write; encrypted-media; gyroscope; picture-in-picture&quot; allowfullscreen&gt;&lt;\/iframe&gt;\" data-target-video-container=\"60acc7667fe2b\"><br \/>\n\t\t\t\t\t\t\tR&eacute;sister face &agrave; la crise sanitaire\t\t\t\t\t\t<\/a>\n\t\t\t\t\t<\/div>\n<\/p><\/div>\n<div class=\"contenu \">\n<div class=\"media\">\n<div class=\"image -walc\" style=\"padding-top:56.25%\">\n\t\t\t\t\t\t\t<img src=\"https:\/\/i.ytimg.com\/vi\/DfYdyi05RCg\/hqdefault.jpg\" alt=\"\" style=\"width:100%;height:auto;\">\n\t\t\t\t\t\t<\/div>\n<\/p><\/div>\n<div class=\"description\">\n\t\t\t\t\t\t\t\t\t\t\t\t<br \/>\n\t\t\t\t\t\t<a class=\"titre bhv-video-list__item\" href=\"https:\/\/www.youtube.com\/watch?v=DfYdyi05RCg\" data-video-html=\"&lt;iframe width=&quot;200&quot; height=&quot;113&quot; src=&quot;https:\/\/www.youtube.com\/embed\/DfYdyi05RCg?feature=oembed&amp;autoplay=1&quot; frameborder=&quot;0&quot; allow=&quot;accelerometer; autoplay; clipboard-write; encrypted-media; gyroscope; picture-in-picture&quot; allowfullscreen&gt;&lt;\/iframe&gt;\" data-target-video-container=\"60acc7667fe2b\"><br \/>\n\t\t\t\t\t\t\tEnseignement : que transmettre &agrave; une g&eacute;n&eacute;ration en recherche de perspectives ?\t\t\t\t\t\t<\/a>\n\t\t\t\t\t<\/div>\n<\/p><\/div>\n<div class=\"contenu \">\n<div class=\"media\">\n<div class=\"image -walc\" style=\"padding-top:56.25%\">\n\t\t\t\t\t\t\t<img src=\"https:\/\/i.ytimg.com\/vi\/fgpyeZJcI2E\/hqdefault.jpg\" alt=\"\" style=\"width:100%;height:auto;\">\n\t\t\t\t\t\t<\/div>\n<\/p><\/div>\n<div class=\"description\">\n\t\t\t\t\t\t\t\t\t\t\t\t<br \/>\n\t\t\t\t\t\t<a class=\"titre bhv-video-list__item\" href=\"https:\/\/www.youtube.com\/watch?v=fgpyeZJcI2E\" data-video-html=\"&lt;iframe width=&quot;200&quot; height=&quot;113&quot; src=&quot;https:\/\/www.youtube.com\/embed\/fgpyeZJcI2E?feature=oembed&amp;autoplay=1&quot; frameborder=&quot;0&quot; allow=&quot;accelerometer; autoplay; clipboard-write; encrypted-media; gyroscope; picture-in-picture&quot; allowfullscreen&gt;&lt;\/iframe&gt;\" data-target-video-container=\"60acc7667fe2b\"><br \/>\n\t\t\t\t\t\t\tEmplois : cr&eacute;er de nouvelles opportunit&eacute;s\t\t\t\t\t\t<\/a>\n\t\t\t\t\t<\/div>\n<\/p><\/div>\n<div class=\"contenu \">\n<div class=\"media\">\n<div class=\"image -walc\" style=\"padding-top:56.25%\">\n\t\t\t\t\t\t\t<img src=\"https:\/\/i.ytimg.com\/vi\/CZFlJGKOAJY\/hqdefault.jpg\" alt=\"\" style=\"width:100%;height:auto;\">\n\t\t\t\t\t\t<\/div>\n<\/p><\/div>\n<div class=\"description\">\n\t\t\t\t\t\t\t\t\t\t\t\t<br \/>\n\t\t\t\t\t\t<a class=\"titre bhv-video-list__item\" href=\"https:\/\/www.youtube.com\/watch?v=CZFlJGKOAJY\" data-video-html=\"&lt;iframe width=&quot;200&quot; height=&quot;113&quot; src=&quot;https:\/\/www.youtube.com\/embed\/CZFlJGKOAJY?feature=oembed&amp;autoplay=1&quot; frameborder=&quot;0&quot; allow=&quot;accelerometer; autoplay; clipboard-write; encrypted-media; gyroscope; picture-in-picture&quot; allowfullscreen&gt;&lt;\/iframe&gt;\" data-target-video-container=\"60acc7667fe2b\"><br \/>\n\t\t\t\t\t\t\tEt la culture dans tout &ccedil;a ?\t\t\t\t\t\t<\/a>\n\t\t\t\t\t<\/div>\n<\/p><\/div>\n<div class=\"contenu \">\n<div class=\"media\">\n<div class=\"image -walc\" style=\"padding-top:56.25%\">\n\t\t\t\t\t\t\t<img src=\"https:\/\/i.ytimg.com\/vi\/Yrn7OzftYRM\/hqdefault.jpg\" alt=\"\" style=\"width:100%;height:auto;\">\n\t\t\t\t\t\t<\/div>\n<\/p><\/div>\n<div class=\"description\">\n\t\t\t\t\t\t\t\t\t\t\t\t<br \/>\n\t\t\t\t\t\t<a class=\"titre bhv-video-list__item\" href=\"https:\/\/www.youtube.com\/watch?v=Yrn7OzftYRM\" data-video-html=\"&lt;iframe width=&quot;200&quot; height=&quot;113&quot; src=&quot;https:\/\/www.youtube.com\/embed\/Yrn7OzftYRM?feature=oembed&amp;autoplay=1&quot; frameborder=&quot;0&quot; allow=&quot;accelerometer; autoplay; clipboard-write; encrypted-media; gyroscope; picture-in-picture&quot; allowfullscreen&gt;&lt;\/iframe&gt;\" data-target-video-container=\"60acc7667fe2b\"><br \/>\n\t\t\t\t\t\t\tComment la jeunesse peut-elle transformer la soci&eacute;t&eacute; ?\t\t\t\t\t\t<\/a>\n\t\t\t\t\t<\/div>\n<\/p><\/div>\n<div class=\"contenu \">\n<div class=\"media\">\n<div class=\"image -walc\" style=\"padding-top:56.25%\">\n\t\t\t\t\t\t\t<img src=\"https:\/\/i.ytimg.com\/vi\/cc43Hn3yLoI\/hqdefault.jpg\" alt=\"\" style=\"width:100%;height:auto;\">\n\t\t\t\t\t\t<\/div>\n<\/p><\/div>\n<div class=\"description\">\n\t\t\t\t\t\t\t\t\t\t\t\t<br \/>\n\t\t\t\t\t\t<a class=\"titre bhv-video-list__item\" href=\"https:\/\/www.youtube.com\/watch?v=cc43Hn3yLoI\" data-video-html=\"&lt;iframe width=&quot;200&quot; height=&quot;113&quot; src=&quot;https:\/\/www.youtube.com\/embed\/cc43Hn3yLoI?feature=oembed&amp;autoplay=1&quot; frameborder=&quot;0&quot; allow=&quot;accelerometer; autoplay; clipboard-write; encrypted-media; gyroscope; picture-in-picture&quot; allowfullscreen&gt;&lt;\/iframe&gt;\" data-target-video-container=\"60acc7667fe2b\"><br \/>\n\t\t\t\t\t\t\tQuel engagement aujourd&rsquo;hui ?\t\t\t\t\t\t<\/a>\n\t\t\t\t\t<\/div>\n<\/p><\/div>\n<div class=\"contenu \">\n<div class=\"media\">\n<div class=\"image -walc\" style=\"padding-top:56.25%\">\n\t\t\t\t\t\t\t<img src=\"https:\/\/i.ytimg.com\/vi\/r_3QGfIDVp0\/hqdefault.jpg\" alt=\"\" style=\"width:100%;height:auto;\">\n\t\t\t\t\t\t<\/div>\n<\/p><\/div>\n<div class=\"description\">\n\t\t\t\t\t\t\t\t\t\t\t\t<br \/>\n\t\t\t\t\t\t<a class=\"titre bhv-video-list__item\" href=\"https:\/\/www.youtube.com\/watch?v=r_3QGfIDVp0\" data-video-html=\"&lt;iframe width=&quot;200&quot; height=&quot;113&quot; src=&quot;https:\/\/www.youtube.com\/embed\/r_3QGfIDVp0?feature=oembed&amp;autoplay=1&quot; frameborder=&quot;0&quot; allow=&quot;accelerometer; autoplay; clipboard-write; encrypted-media; gyroscope; picture-in-picture&quot; allowfullscreen&gt;&lt;\/iframe&gt;\" data-target-video-container=\"60acc7667fe2b\"><br \/>\n\t\t\t\t\t\t\tConclusions et propositions\t\t\t\t\t\t<\/a>\n\t\t\t\t\t<\/div>\n<\/p><\/div>\n<\/p><\/div>\n<\/p><\/div>\n<\/p><\/div>\n<\/div>\n","protected":false},"excerpt":{"rendered":"<p>Le 10 d\u00e9cembre, le Cercle des \u00e9conomistes a r\u00e9uni 43 intervenants et donn\u00e9 la parole \u00e0 125 jeunes en direct lors d&rsquo;une journ\u00e9e sp\u00e9ciale : \u00ab\u00a0Comment \u00e9viter une g\u00e9n\u00e9ration sacrifi\u00e9e ?\u00a0\u00bb. 4 enjeux majeurs pour la jeunesse \u00e9taient au c\u0153ur du programme : Pr\u00e9carit\u00e9 des jeunes : une fatalit\u00e9 ? Enseignement : que transmettre \u00e0 [&hellip;]<\/p>\n","protected":false},"author":2,"featured_media":0,"parent":313,"menu_order":0,"comment_status":"closed","ping_status":"closed","template":"","meta":[],"yoast_head":"<!-- This site is optimized with the Yoast SEO plugin v17.2 - https:\/\/yoast.com\/wordpress\/plugins\/seo\/ -->\n<meta name=\"robots\" content=\"index, follow, max-snippet:-1, max-image-preview:large, max-video-preview:-1\" \/>\n<link rel=\"canonical\" href=\"https:\/\/www.lesrencontreseconomiques.fr\/en-route-vers-les-rencontres-economiques\/comment-eviter-une-generation-sacrifiee\/\" \/>\n<meta property=\"og:locale\" content=\"fr_FR\" \/>\n<meta property=\"og:type\" content=\"article\" \/>\n<meta property=\"og:title\" content=\"Comment \u00e9viter une g\u00e9n\u00e9ration sacrifi\u00e9e ? - Les Rencontres \u00c9conomiques\" \/>\n<meta property=\"og:description\" content=\"Le 10 d\u00e9cembre, le Cercle des \u00e9conomistes a r\u00e9uni 43 intervenants et donn\u00e9 la parole \u00e0 125 jeunes en direct lors d&rsquo;une journ\u00e9e sp\u00e9ciale : \u00ab\u00a0Comment \u00e9viter une g\u00e9n\u00e9ration sacrifi\u00e9e ?\u00a0\u00bb. 4 enjeux majeurs pour la jeunesse \u00e9taient au c\u0153ur du programme : Pr\u00e9carit\u00e9 des jeunes : une fatalit\u00e9 ? Enseignement : que transmettre \u00e0 [&hellip;]\" \/>\n<meta property=\"og:url\" content=\"https:\/\/www.lesrencontreseconomiques.fr\/en-route-vers-les-rencontres-economiques\/comment-eviter-une-generation-sacrifiee\/\" \/>\n<meta property=\"og:site_name\" content=\"Les Rencontres \u00c9conomiques\" \/>\n<meta property=\"article:publisher\" content=\"https:\/\/www.facebook.com\/Le.Cercle.des.Economistes\/\" \/>\n<meta property=\"article:modified_time\" content=\"2021-05-25T09:46:14+00:00\" \/>\n<meta property=\"og:image\" content=\"https:\/\/www.lesrencontreseconomiques.fr\/wp-content\/uploads\/2021\/06\/olivier-lenel.png\" \/>\n<meta name=\"twitter:card\" content=\"summary_large_image\" \/>\n<meta name=\"twitter:image\" content=\"https:\/\/www.lesrencontreseconomiques.fr\/wp-content\/uploads\/2021\/06\/olivier-lenel.png\" \/>\n<meta name=\"twitter:site\" content=\"@Cercle_eco\" \/>\n<meta name=\"twitter:label1\" content=\"Dur\u00e9e de lecture est.\" \/>\n\t<meta name=\"twitter:data1\" content=\"3 minutes\" \/>\n<script type=\"application\/ld+json\" class=\"yoast-schema-graph\">{\"@context\":\"https:\/\/schema.org\",\"@graph\":[{\"@type\":\"WebSite\",\"@id\":\"https:\/\/www.lesrencontreseconomiques.fr\/#website\",\"url\":\"https:\/\/www.lesrencontreseconomiques.fr\/\",\"name\":\"Les Rencontres \\u00c9conomiques\",\"description\":\"\",\"potentialAction\":[{\"@type\":\"SearchAction\",\"target\":{\"@type\":\"EntryPoint\",\"urlTemplate\":\"https:\/\/www.lesrencontreseconomiques.fr\/?s={search_term_string}\"},\"query-input\":\"required name=search_term_string\"}],\"inLanguage\":\"fr-FR\"},{\"@type\":\"ImageObject\",\"@id\":\"https:\/\/www.lesrencontreseconomiques.fr\/en-route-vers-les-rencontres-economiques\/comment-eviter-une-generation-sacrifiee\/#primaryimage\",\"inLanguage\":\"fr-FR\",\"url\":\"https:\/\/www.lesrencontreseconomiques.fr\/wp-content\/uploads\/2021\/05\/cover-cahier_page_01.jpg\",\"contentUrl\":\"https:\/\/www.lesrencontreseconomiques.fr\/wp-content\/uploads\/2021\/05\/cover-cahier_page_01.jpg\",\"width\":1128,\"height\":1600},{\"@type\":\"WebPage\",\"@id\":\"https:\/\/www.lesrencontreseconomiques.fr\/en-route-vers-les-rencontres-economiques\/comment-eviter-une-generation-sacrifiee\/#webpage\",\"url\":\"https:\/\/www.lesrencontreseconomiques.fr\/en-route-vers-les-rencontres-economiques\/comment-eviter-une-generation-sacrifiee\/\",\"name\":\"Comment \\u00e9viter une g\\u00e9n\\u00e9ration sacrifi\\u00e9e ? - Les Rencontres \\u00c9conomiques\",\"isPartOf\":{\"@id\":\"https:\/\/www.lesrencontreseconomiques.fr\/#website\"},\"primaryImageOfPage\":{\"@id\":\"https:\/\/www.lesrencontreseconomiques.fr\/en-route-vers-les-rencontres-economiques\/comment-eviter-une-generation-sacrifiee\/#primaryimage\"},\"datePublished\":\"2021-04-20T09:52:12+00:00\",\"dateModified\":\"2021-05-25T09:46:14+00:00\",\"breadcrumb\":{\"@id\":\"https:\/\/www.lesrencontreseconomiques.fr\/en-route-vers-les-rencontres-economiques\/comment-eviter-une-generation-sacrifiee\/#breadcrumb\"},\"inLanguage\":\"fr-FR\",\"potentialAction\":[{\"@type\":\"ReadAction\",\"target\":[\"https:\/\/www.lesrencontreseconomiques.fr\/en-route-vers-les-rencontres-economiques\/comment-eviter-une-generation-sacrifiee\/\"]}]},{\"@type\":\"BreadcrumbList\",\"@id\":\"https:\/\/www.lesrencontreseconomiques.fr\/en-route-vers-les-rencontres-economiques\/comment-eviter-une-generation-sacrifiee\/#breadcrumb\",\"itemListElement\":[{\"@type\":\"ListItem\",\"position\":1,\"name\":\"Accueil\",\"item\":\"https:\/\/www.lesrencontreseconomiques.fr\/\"},{\"@type\":\"ListItem\",\"position\":2,\"name\":\"En route vers les Rencontres \\u00c9conomiques\",\"item\":\"https:\/\/www.lesrencontreseconomiques.fr\/en-route-vers-les-rencontres-economiques\/\"},{\"@type\":\"ListItem\",\"position\":3,\"name\":\"Comment \\u00e9viter une g\\u00e9n\\u00e9ration sacrifi\\u00e9e ?\"}]}]}<\/script>\n<!-- \/ Yoast SEO plugin. -->","yoast_head_json":{"robots":{"index":"index","follow":"follow","max-snippet":"max-snippet:-1","max-image-preview":"max-image-preview:large","max-video-preview":"max-video-preview:-1"},"canonical":"https:\/\/www.lesrencontreseconomiques.fr\/en-route-vers-les-rencontres-economiques\/comment-eviter-une-generation-sacrifiee\/","og_locale":"fr_FR","og_type":"article","og_title":"Comment \u00e9viter une g\u00e9n\u00e9ration sacrifi\u00e9e ? - Les Rencontres \u00c9conomiques","og_description":"Le 10 d\u00e9cembre, le Cercle des \u00e9conomistes a r\u00e9uni 43 intervenants et donn\u00e9 la parole \u00e0 125 jeunes en direct lors d&rsquo;une journ\u00e9e sp\u00e9ciale : \u00ab\u00a0Comment \u00e9viter une g\u00e9n\u00e9ration sacrifi\u00e9e ?\u00a0\u00bb. 4 enjeux majeurs pour la jeunesse \u00e9taient au c\u0153ur du programme : Pr\u00e9carit\u00e9 des jeunes : une fatalit\u00e9 ? Enseignement : que transmettre \u00e0 [&hellip;]","og_url":"https:\/\/www.lesrencontreseconomiques.fr\/en-route-vers-les-rencontres-economiques\/comment-eviter-une-generation-sacrifiee\/","og_site_name":"Les Rencontres \u00c9conomiques","article_publisher":"https:\/\/www.facebook.com\/Le.Cercle.des.Economistes\/","article_modified_time":"2021-05-25T09:46:14+00:00","og_image":[{"url":"https:\/\/www.lesrencontreseconomiques.fr\/wp-content\/uploads\/2021\/06\/olivier-lenel.png"}],"twitter_card":"summary_large_image","twitter_image":"https:\/\/www.lesrencontreseconomiques.fr\/wp-content\/uploads\/2021\/06\/olivier-lenel.png","twitter_site":"@Cercle_eco","twitter_misc":{"Dur\u00e9e de lecture est.":"3 minutes"},"schema":{"@context":"https:\/\/schema.org","@graph":[{"@type":"WebSite","@id":"https:\/\/www.lesrencontreseconomiques.fr\/#website","url":"https:\/\/www.lesrencontreseconomiques.fr\/","name":"Les Rencontres \u00c9conomiques","description":"","potentialAction":[{"@type":"SearchAction","target":{"@type":"EntryPoint","urlTemplate":"https:\/\/www.lesrencontreseconomiques.fr\/?s={search_term_string}"},"query-input":"required name=search_term_string"}],"inLanguage":"fr-FR"},{"@type":"ImageObject","@id":"https:\/\/www.lesrencontreseconomiques.fr\/en-route-vers-les-rencontres-economiques\/comment-eviter-une-generation-sacrifiee\/#primaryimage","inLanguage":"fr-FR","url":"https:\/\/www.lesrencontreseconomiques.fr\/wp-content\/uploads\/2021\/05\/cover-cahier_page_01.jpg","contentUrl":"https:\/\/www.lesrencontreseconomiques.fr\/wp-content\/uploads\/2021\/05\/cover-cahier_page_01.jpg","width":1128,"height":1600},{"@type":"WebPage","@id":"https:\/\/www.lesrencontreseconomiques.fr\/en-route-vers-les-rencontres-economiques\/comment-eviter-une-generation-sacrifiee\/#webpage","url":"https:\/\/www.lesrencontreseconomiques.fr\/en-route-vers-les-rencontres-economiques\/comment-eviter-une-generation-sacrifiee\/","name":"Comment \u00e9viter une g\u00e9n\u00e9ration sacrifi\u00e9e ? - Les Rencontres \u00c9conomiques","isPartOf":{"@id":"https:\/\/www.lesrencontreseconomiques.fr\/#website"},"primaryImageOfPage":{"@id":"https:\/\/www.lesrencontreseconomiques.fr\/en-route-vers-les-rencontres-economiques\/comment-eviter-une-generation-sacrifiee\/#primaryimage"},"datePublished":"2021-04-20T09:52:12+00:00","dateModified":"2021-05-25T09:46:14+00:00","breadcrumb":{"@id":"https:\/\/www.lesrencontreseconomiques.fr\/en-route-vers-les-rencontres-economiques\/comment-eviter-une-generation-sacrifiee\/#breadcrumb"},"inLanguage":"fr-FR","potentialAction":[{"@type":"ReadAction","target":["https:\/\/www.lesrencontreseconomiques.fr\/en-route-vers-les-rencontres-economiques\/comment-eviter-une-generation-sacrifiee\/"]}]},{"@type":"BreadcrumbList","@id":"https:\/\/www.lesrencontreseconomiques.fr\/en-route-vers-les-rencontres-economiques\/comment-eviter-une-generation-sacrifiee\/#breadcrumb","itemListElement":[{"@type":"ListItem","position":1,"name":"Accueil","item":"https:\/\/www.lesrencontreseconomiques.fr\/"},{"@type":"ListItem","position":2,"name":"En route vers les Rencontres \u00c9conomiques","item":"https:\/\/www.lesrencontreseconomiques.fr\/en-route-vers-les-rencontres-economiques\/"},{"@type":"ListItem","position":3,"name":"Comment \u00e9viter une g\u00e9n\u00e9ration sacrifi\u00e9e ?"}]}]}},"_links":{"self":[{"href":"https:\/\/www.lesrencontreseconomiques.fr\/wp-json\/wp\/v2\/pages\/325"}],"collection":[{"href":"https:\/\/www.lesrencontreseconomiques.fr\/wp-json\/wp\/v2\/pages"}],"about":[{"href":"https:\/\/www.lesrencontreseconomiques.fr\/wp-json\/wp\/v2\/types\/page"}],"author":[{"embeddable":true,"href":"https:\/\/www.lesrencontreseconomiques.fr\/wp-json\/wp\/v2\/users\/2"}],"replies":[{"embeddable":true,"href":"https:\/\/www.lesrencontreseconomiques.fr\/wp-json\/wp\/v2\/comments?post=325"}],"version-history":[{"count":0,"href":"https:\/\/www.lesrencontreseconomiques.fr\/wp-json\/wp\/v2\/pages\/325\/revisions"}],"up":[{"embeddable":true,"href":"https:\/\/www.lesrencontreseconomiques.fr\/wp-json\/wp\/v2\/pages\/313"}],"wp:attachment":[{"href":"https:\/\/www.lesrencontreseconomiques.fr\/wp-json\/wp\/v2\/media?parent=325"}],"curies":[{"name":"wp","href":"https:\/\/api.w.org\/{rel}","templated":true}]}}