{"id":317,"date":"2021-04-20T17:01:41","date_gmt":"2021-04-20T15:01:41","guid":{"rendered":"https:\/\/www.lesrencontreseconomiques.fr\/?page_id=317"},"modified":"2021-06-23T17:23:54","modified_gmt":"2021-06-23T15:23:54","slug":"inscription","status":"publish","type":"page","link":"https:\/\/www.lesrencontreseconomiques.fr\/inscription\/","title":{"rendered":"Inscription"},"content":{"rendered":"<div class=\"-wrapper -668 -mt-90 -mb-90\">\n<div class=\"cp-intro -texte\">\n<div class=\"description\">\n<div class=\"cp-texte\">\n<h3>A Aix-en-Provence ou en ligne, les Rencontres \u00c9conomiques d&rsquo;Aix-en-Provence sont un \u00e9v\u00e9nement gratuit et ouvert \u00e0 tous !<\/h3>\n<p>Participez aux conf\u00e9rences, rencontrez les intervenants et vivez une exp\u00e9rience unique lors du premier forum \u00e9conomique et social d&rsquo;Europe.<\/p>\n<p><a class=\"cp-cta-bouton\" href=\"#presentiel\">Inscription \u00e0 l&rsquo;\u00e9v\u00e9nement en pr\u00e9sentiel<\/a><\/p>\n<p>Suivez l&rsquo;int\u00e9gralit\u00e9 des conf\u00e9rences et posez vos questions aux intervenants en ligne.<\/p>\n<p><a class=\"cp-cta-bouton\" href=\"#online\">Inscription \u00e0 l&rsquo;\u00e9v\u00e9nement en ligne<\/a><\/p>\n<\/p><\/div>\n<\/p><\/div>\n<\/p><\/div>\n<\/p><\/div>\n<div class=\"-wrapper -668 -mt-90 -mb-90\">\n<div class=\"cp-intro -texte\">\n<div class=\"description\">\n<div class=\"cp-texte\">\n<h2><a id=\"presentiel\" class=\"c-anchor\"><\/a>Inscription en pr\u00e9sentiel<\/h2>\n<p>L&rsquo;inscription est obligatoire pour acc\u00e9der aux conf\u00e9rences. A l&rsquo;entr\u00e9e du site, votre badge d&rsquo;acc\u00e8s \u00e0 l&rsquo;\u00e9v\u00e9nement, une pi\u00e8ce d&rsquo;identit\u00e9 et votre pass sanitaire vous seront \u00e9galement demand\u00e9s. Pour en savoir plus, rendez-vous <a href=\"https:\/\/www.lesrencontreseconomiques.fr\/infos-pratiques\/\">sur notre FAQ<\/a>.<\/p>\n<p>Pour recevoir votre badge d&rsquo;acc\u00e8s \u00e0 l&rsquo;\u00e9v\u00e9nement, remplissez le formulaire ci-dessous.<\/p>\n<\/p><\/div>\n<\/p><\/div>\n<\/p><\/div>\n<\/p><\/div>\n<div class=\"-wrapper -668 -mt-90 -mb-90\">\n<div class=\"cp-intro -texte\">\n<div class=\"description\">\n<div class=\"cp-texte\">\n<div class=\"df-form-widget\" data-form-code=\" reaix2021_gp_presentiel\" data-domain=\"cercle.digifactory.fr\"><\/div>\n<\/p><\/div>\n<\/p><\/div>\n<\/p><\/div>\n<\/div>\n<div class=\"-wrapper -668 -mt-90 -mb-90\">\n<div class=\"cp-intro -texte\">\n<div class=\"description\">\n<div class=\"cp-texte\">\n<h2><a id=\"online\" class=\"c-anchor\"><\/a>Inscription en ligne<\/h2>\n<p>Pour suivre l&rsquo;int\u00e9gralit\u00e9 des conf\u00e9rences et poser vos questions aux intervenants en ligne, remplissez le formulaire ci-dessous.<\/p>\n<\/p><\/div>\n<\/p><\/div>\n<\/p><\/div>\n<\/p><\/div>\n<div class=\"-wrapper -668 -mt-90 -mb-90\">\n<div class=\"cp-intro -texte\">\n<div class=\"description\">\n<div class=\"cp-texte\">\n<div class=\"df-form-widget\" data-form-code=\"reaix2021_gp\" data-domain=\"cercle.digifactory.fr\"><\/div>\n<\/p><\/div>\n<\/p><\/div>\n<\/p><\/div>\n<\/div>\n","protected":false},"excerpt":{"rendered":"<p>A Aix-en-Provence ou en ligne, les Rencontres \u00c9conomiques d&rsquo;Aix-en-Provence sont un \u00e9v\u00e9nement gratuit et ouvert \u00e0 tous ! Participez aux conf\u00e9rences, rencontrez les intervenants et vivez une exp\u00e9rience unique lors du premier forum \u00e9conomique et social d&rsquo;Europe. Inscription \u00e0 l&rsquo;\u00e9v\u00e9nement en pr\u00e9sentiel Suivez l&rsquo;int\u00e9gralit\u00e9 des conf\u00e9rences et posez vos questions aux intervenants en ligne. Inscription [&hellip;]<\/p>\n","protected":false},"author":2,"featured_media":0,"parent":0,"menu_order":0,"comment_status":"closed","ping_status":"closed","template":"","meta":[],"yoast_head":"<!-- This site is optimized with the Yoast SEO plugin v17.2 - https:\/\/yoast.com\/wordpress\/plugins\/seo\/ -->\n<meta name=\"robots\" content=\"index, follow, max-snippet:-1, max-image-preview:large, max-video-preview:-1\" \/>\n<link rel=\"canonical\" href=\"https:\/\/www.lesrencontreseconomiques.fr\/inscription\/\" \/>\n<meta property=\"og:locale\" content=\"fr_FR\" \/>\n<meta property=\"og:type\" content=\"article\" \/>\n<meta property=\"og:title\" content=\"Inscription - Les Rencontres \u00c9conomiques\" \/>\n<meta property=\"og:description\" content=\"A Aix-en-Provence ou en ligne, les Rencontres \u00c9conomiques d&rsquo;Aix-en-Provence sont un \u00e9v\u00e9nement gratuit et ouvert \u00e0 tous ! Participez aux conf\u00e9rences, rencontrez les intervenants et vivez une exp\u00e9rience unique lors du premier forum \u00e9conomique et social d&rsquo;Europe. Inscription \u00e0 l&rsquo;\u00e9v\u00e9nement en pr\u00e9sentiel Suivez l&rsquo;int\u00e9gralit\u00e9 des conf\u00e9rences et posez vos questions aux intervenants en ligne. Inscription [&hellip;]\" \/>\n<meta property=\"og:url\" content=\"https:\/\/www.lesrencontreseconomiques.fr\/inscription\/\" \/>\n<meta property=\"og:site_name\" content=\"Les Rencontres \u00c9conomiques\" \/>\n<meta property=\"article:publisher\" content=\"https:\/\/www.facebook.com\/Le.Cercle.des.Economistes\/\" \/>\n<meta property=\"article:modified_time\" content=\"2021-06-23T15:23:54+00:00\" \/>\n<meta property=\"og:image\" content=\"https:\/\/www.lesrencontreseconomiques.fr\/wp-content\/uploads\/2021\/06\/olivier-lenel.png\" \/>\n\t<meta property=\"og:image:width\" content=\"615\" \/>\n\t<meta property=\"og:image:height\" content=\"800\" \/>\n<meta name=\"twitter:card\" content=\"summary_large_image\" \/>\n<meta name=\"twitter:image\" content=\"https:\/\/www.lesrencontreseconomiques.fr\/wp-content\/uploads\/2021\/06\/olivier-lenel.png\" \/>\n<meta name=\"twitter:site\" content=\"@Cercle_eco\" \/>\n<meta name=\"twitter:label1\" content=\"Dur\u00e9e de lecture est.\" \/>\n\t<meta name=\"twitter:data1\" content=\"1 minute\" \/>\n<script type=\"application\/ld+json\" class=\"yoast-schema-graph\">{\"@context\":\"https:\/\/schema.org\",\"@graph\":[{\"@type\":\"WebSite\",\"@id\":\"https:\/\/www.lesrencontreseconomiques.fr\/#website\",\"url\":\"https:\/\/www.lesrencontreseconomiques.fr\/\",\"name\":\"Les Rencontres \\u00c9conomiques\",\"description\":\"\",\"potentialAction\":[{\"@type\":\"SearchAction\",\"target\":{\"@type\":\"EntryPoint\",\"urlTemplate\":\"https:\/\/www.lesrencontreseconomiques.fr\/?s={search_term_string}\"},\"query-input\":\"required name=search_term_string\"}],\"inLanguage\":\"fr-FR\"},{\"@type\":\"WebPage\",\"@id\":\"https:\/\/www.lesrencontreseconomiques.fr\/inscription\/#webpage\",\"url\":\"https:\/\/www.lesrencontreseconomiques.fr\/inscription\/\",\"name\":\"Inscription - Les Rencontres \\u00c9conomiques\",\"isPartOf\":{\"@id\":\"https:\/\/www.lesrencontreseconomiques.fr\/#website\"},\"datePublished\":\"2021-04-20T15:01:41+00:00\",\"dateModified\":\"2021-06-23T15:23:54+00:00\",\"breadcrumb\":{\"@id\":\"https:\/\/www.lesrencontreseconomiques.fr\/inscription\/#breadcrumb\"},\"inLanguage\":\"fr-FR\",\"potentialAction\":[{\"@type\":\"ReadAction\",\"target\":[\"https:\/\/www.lesrencontreseconomiques.fr\/inscription\/\"]}]},{\"@type\":\"BreadcrumbList\",\"@id\":\"https:\/\/www.lesrencontreseconomiques.fr\/inscription\/#breadcrumb\",\"itemListElement\":[{\"@type\":\"ListItem\",\"position\":1,\"name\":\"Accueil\",\"item\":\"https:\/\/www.lesrencontreseconomiques.fr\/\"},{\"@type\":\"ListItem\",\"position\":2,\"name\":\"Inscription\"}]}]}<\/script>\n<!-- \/ Yoast SEO plugin. -->","yoast_head_json":{"robots":{"index":"index","follow":"follow","max-snippet":"max-snippet:-1","max-image-preview":"max-image-preview:large","max-video-preview":"max-video-preview:-1"},"canonical":"https:\/\/www.lesrencontreseconomiques.fr\/inscription\/","og_locale":"fr_FR","og_type":"article","og_title":"Inscription - Les Rencontres \u00c9conomiques","og_description":"A Aix-en-Provence ou en ligne, les Rencontres \u00c9conomiques d&rsquo;Aix-en-Provence sont un \u00e9v\u00e9nement gratuit et ouvert \u00e0 tous ! Participez aux conf\u00e9rences, rencontrez les intervenants et vivez une exp\u00e9rience unique lors du premier forum \u00e9conomique et social d&rsquo;Europe. Inscription \u00e0 l&rsquo;\u00e9v\u00e9nement en pr\u00e9sentiel Suivez l&rsquo;int\u00e9gralit\u00e9 des conf\u00e9rences et posez vos questions aux intervenants en ligne. Inscription [&hellip;]","og_url":"https:\/\/www.lesrencontreseconomiques.fr\/inscription\/","og_site_name":"Les Rencontres \u00c9conomiques","article_publisher":"https:\/\/www.facebook.com\/Le.Cercle.des.Economistes\/","article_modified_time":"2021-06-23T15:23:54+00:00","og_image":[{"width":615,"height":800,"url":"https:\/\/www.lesrencontreseconomiques.fr\/wp-content\/uploads\/2021\/06\/olivier-lenel.png","path":"\/var\/www\/websites\/www.lesrencontreseconomiques.fr\/wordpress\/wp-content\/uploads\/2021\/06\/olivier-lenel.png","size":"full","id":2071,"alt":"","pixels":492000,"type":"image\/png"}],"twitter_card":"summary_large_image","twitter_image":"https:\/\/www.lesrencontreseconomiques.fr\/wp-content\/uploads\/2021\/06\/olivier-lenel.png","twitter_site":"@Cercle_eco","twitter_misc":{"Dur\u00e9e de lecture est.":"1 minute"},"schema":{"@context":"https:\/\/schema.org","@graph":[{"@type":"WebSite","@id":"https:\/\/www.lesrencontreseconomiques.fr\/#website","url":"https:\/\/www.lesrencontreseconomiques.fr\/","name":"Les Rencontres \u00c9conomiques","description":"","potentialAction":[{"@type":"SearchAction","target":{"@type":"EntryPoint","urlTemplate":"https:\/\/www.lesrencontreseconomiques.fr\/?s={search_term_string}"},"query-input":"required name=search_term_string"}],"inLanguage":"fr-FR"},{"@type":"WebPage","@id":"https:\/\/www.lesrencontreseconomiques.fr\/inscription\/#webpage","url":"https:\/\/www.lesrencontreseconomiques.fr\/inscription\/","name":"Inscription - Les Rencontres \u00c9conomiques","isPartOf":{"@id":"https:\/\/www.lesrencontreseconomiques.fr\/#website"},"datePublished":"2021-04-20T15:01:41+00:00","dateModified":"2021-06-23T15:23:54+00:00","breadcrumb":{"@id":"https:\/\/www.lesrencontreseconomiques.fr\/inscription\/#breadcrumb"},"inLanguage":"fr-FR","potentialAction":[{"@type":"ReadAction","target":["https:\/\/www.lesrencontreseconomiques.fr\/inscription\/"]}]},{"@type":"BreadcrumbList","@id":"https:\/\/www.lesrencontreseconomiques.fr\/inscription\/#breadcrumb","itemListElement":[{"@type":"ListItem","position":1,"name":"Accueil","item":"https:\/\/www.lesrencontreseconomiques.fr\/"},{"@type":"ListItem","position":2,"name":"Inscription"}]}]}},"_links":{"self":[{"href":"https:\/\/www.lesrencontreseconomiques.fr\/wp-json\/wp\/v2\/pages\/317"}],"collection":[{"href":"https:\/\/www.lesrencontreseconomiques.fr\/wp-json\/wp\/v2\/pages"}],"about":[{"href":"https:\/\/www.lesrencontreseconomiques.fr\/wp-json\/wp\/v2\/types\/page"}],"author":[{"embeddable":true,"href":"https:\/\/www.lesrencontreseconomiques.fr\/wp-json\/wp\/v2\/users\/2"}],"replies":[{"embeddable":true,"href":"https:\/\/www.lesrencontreseconomiques.fr\/wp-json\/wp\/v2\/comments?post=317"}],"version-history":[{"count":0,"href":"https:\/\/www.lesrencontreseconomiques.fr\/wp-json\/wp\/v2\/pages\/317\/revisions"}],"wp:attachment":[{"href":"https:\/\/www.lesrencontreseconomiques.fr\/wp-json\/wp\/v2\/media?parent=317"}],"curies":[{"name":"wp","href":"https:\/\/api.w.org\/{rel}","templated":true}]}}