{"id":294,"date":"2021-03-10T12:21:21","date_gmt":"2021-03-10T11:21:21","guid":{"rendered":"https:\/\/www.lesrencontreseconomiques.fr\/?page_id=294"},"modified":"2021-03-10T12:21:40","modified_gmt":"2021-03-10T11:21:40","slug":"partenaires","status":"publish","type":"page","link":"https:\/\/www.lesrencontreseconomiques.fr\/la-parole-aux-18-28\/partenaires\/","title":{"rendered":"Partenaires de La Parole aux 18-28"},"content":{"rendered":"<div class=\"-wrapper -1024 -mt-90 -mb-90\">\n<div class=\"cp-partenaires-v2 -all\">\n<div class=\"en-tete\">\n<h2 class=\"cp-titre-2\">Partenaires<\/h2>\n<\/p><\/div>\n<div class=\"logos-wrap\">\n<ul class=\"logos\">\n<li>\n\t\t\t\t\t<a href=\"http:\/\/www.cdefi.fr\/\" target=\"_blank\" rel=\"noopener noreferrer\"><br \/>\n\t\t\t\t\t\t<img width=\"148\" height=\"93\" src=\"https:\/\/www.lesrencontreseconomiques.fr\/wp-content\/uploads\/2021\/03\/3.png\" class=\"attachment-partner-small size-partner-small\" alt=\"Conf\u00e9rence des Directeurs des Ecoles Fran\u00e7aises d&#039;ing\u00e9nieurs\" loading=\"lazy\" title=\"Conf\u00e9rence des Directeurs des Ecoles Fran\u00e7aises d&#039;ing\u00e9nieurs\" \/>\t\t\t\t\t<\/a>\n\t\t\t\t<\/li>\n<li>\n\t\t\t\t\t<a href=\"https:\/\/www.cge.asso.fr\/\" target=\"_blank\" rel=\"noopener noreferrer\"><br \/>\n\t\t\t\t\t\t<img width=\"148\" height=\"93\" src=\"https:\/\/www.lesrencontreseconomiques.fr\/wp-content\/uploads\/2021\/03\/2.png\" class=\"attachment-partner-small size-partner-small\" alt=\"Conf\u00e9rence des Grandes Ecoles\" loading=\"lazy\" title=\"Conf\u00e9rence des Grandes Ecoles\" \/>\t\t\t\t\t<\/a>\n\t\t\t\t<\/li>\n<li>\n\t\t\t\t\t<a href=\"http:\/\/www.cpu.fr\/\" target=\"_blank\" rel=\"noopener noreferrer\"><br \/>\n\t\t\t\t\t\t<img width=\"148\" height=\"93\" src=\"https:\/\/www.lesrencontreseconomiques.fr\/wp-content\/uploads\/2021\/03\/1.png\" class=\"attachment-partner-small size-partner-small\" alt=\"Conf\u00e9rence des Pr\u00e9sidents d&#039;Universit\u00e9\" loading=\"lazy\" title=\"Conf\u00e9rence des Pr\u00e9sidents d&#039;Universit\u00e9\" \/>\t\t\t\t\t<\/a>\n\t\t\t\t<\/li>\n<li>\n\t\t\t\t\t<a href=\"https:\/\/editions.nathan.fr\/\" target=\"_blank\" rel=\"noopener noreferrer\"><br \/>\n\t\t\t\t\t\t<img width=\"148\" height=\"93\" src=\"https:\/\/www.lesrencontreseconomiques.fr\/wp-content\/uploads\/2021\/03\/4.png\" class=\"attachment-partner-small size-partner-small\" alt=\"Nathan\" loading=\"lazy\" title=\"Nathan\" \/>\t\t\t\t\t<\/a>\n\t\t\t\t<\/li>\n<\/ul><\/div>\n<\/p><\/div>\n<\/div>\n","protected":false},"excerpt":{"rendered":"<p>Partenaires<\/p>\n","protected":false},"author":2,"featured_media":0,"parent":8,"menu_order":0,"comment_status":"closed","ping_status":"closed","template":"","meta":[],"yoast_head":"<!-- This site is optimized with the Yoast SEO plugin v17.2 - https:\/\/yoast.com\/wordpress\/plugins\/seo\/ -->\n<meta name=\"robots\" content=\"index, follow, max-snippet:-1, max-image-preview:large, max-video-preview:-1\" \/>\n<link rel=\"canonical\" href=\"https:\/\/www.lesrencontreseconomiques.fr\/la-parole-aux-18-28\/partenaires\/\" \/>\n<meta property=\"og:locale\" content=\"fr_FR\" \/>\n<meta property=\"og:type\" content=\"article\" \/>\n<meta property=\"og:title\" content=\"Partenaires de La Parole aux 18-28 - Les Rencontres \u00c9conomiques\" \/>\n<meta property=\"og:description\" content=\"Partenaires\" \/>\n<meta property=\"og:url\" content=\"https:\/\/www.lesrencontreseconomiques.fr\/la-parole-aux-18-28\/partenaires\/\" \/>\n<meta property=\"og:site_name\" content=\"Les Rencontres \u00c9conomiques\" \/>\n<meta property=\"article:publisher\" content=\"https:\/\/www.facebook.com\/Le.Cercle.des.Economistes\/\" \/>\n<meta property=\"article:modified_time\" content=\"2021-03-10T11:21:40+00:00\" \/>\n<meta property=\"og:image\" content=\"https:\/\/www.lesrencontreseconomiques.fr\/wp-content\/uploads\/2021\/06\/olivier-lenel.png\" \/>\n<meta name=\"twitter:card\" content=\"summary_large_image\" \/>\n<meta name=\"twitter:image\" content=\"https:\/\/www.lesrencontreseconomiques.fr\/wp-content\/uploads\/2021\/06\/olivier-lenel.png\" \/>\n<meta name=\"twitter:site\" content=\"@Cercle_eco\" \/>\n<script type=\"application\/ld+json\" class=\"yoast-schema-graph\">{\"@context\":\"https:\/\/schema.org\",\"@graph\":[{\"@type\":\"WebSite\",\"@id\":\"https:\/\/www.lesrencontreseconomiques.fr\/#website\",\"url\":\"https:\/\/www.lesrencontreseconomiques.fr\/\",\"name\":\"Les Rencontres \\u00c9conomiques\",\"description\":\"\",\"potentialAction\":[{\"@type\":\"SearchAction\",\"target\":{\"@type\":\"EntryPoint\",\"urlTemplate\":\"https:\/\/www.lesrencontreseconomiques.fr\/?s={search_term_string}\"},\"query-input\":\"required name=search_term_string\"}],\"inLanguage\":\"fr-FR\"},{\"@type\":\"ImageObject\",\"@id\":\"https:\/\/www.lesrencontreseconomiques.fr\/la-parole-aux-18-28\/partenaires\/#primaryimage\",\"inLanguage\":\"fr-FR\",\"url\":\"https:\/\/www.lesrencontreseconomiques.fr\/wp-content\/uploads\/2021\/03\/3.png\",\"contentUrl\":\"https:\/\/www.lesrencontreseconomiques.fr\/wp-content\/uploads\/2021\/03\/3.png\",\"width\":148,\"height\":93},{\"@type\":\"WebPage\",\"@id\":\"https:\/\/www.lesrencontreseconomiques.fr\/la-parole-aux-18-28\/partenaires\/#webpage\",\"url\":\"https:\/\/www.lesrencontreseconomiques.fr\/la-parole-aux-18-28\/partenaires\/\",\"name\":\"Partenaires de La Parole aux 18-28 - Les Rencontres \\u00c9conomiques\",\"isPartOf\":{\"@id\":\"https:\/\/www.lesrencontreseconomiques.fr\/#website\"},\"primaryImageOfPage\":{\"@id\":\"https:\/\/www.lesrencontreseconomiques.fr\/la-parole-aux-18-28\/partenaires\/#primaryimage\"},\"datePublished\":\"2021-03-10T11:21:21+00:00\",\"dateModified\":\"2021-03-10T11:21:40+00:00\",\"breadcrumb\":{\"@id\":\"https:\/\/www.lesrencontreseconomiques.fr\/la-parole-aux-18-28\/partenaires\/#breadcrumb\"},\"inLanguage\":\"fr-FR\",\"potentialAction\":[{\"@type\":\"ReadAction\",\"target\":[\"https:\/\/www.lesrencontreseconomiques.fr\/la-parole-aux-18-28\/partenaires\/\"]}]},{\"@type\":\"BreadcrumbList\",\"@id\":\"https:\/\/www.lesrencontreseconomiques.fr\/la-parole-aux-18-28\/partenaires\/#breadcrumb\",\"itemListElement\":[{\"@type\":\"ListItem\",\"position\":1,\"name\":\"Accueil\",\"item\":\"https:\/\/www.lesrencontreseconomiques.fr\/\"},{\"@type\":\"ListItem\",\"position\":2,\"name\":\"La Parole aux 18-28\",\"item\":\"https:\/\/www.lesrencontreseconomiques.fr\/la-parole-aux-18-28\/\"},{\"@type\":\"ListItem\",\"position\":3,\"name\":\"Partenaires de La Parole aux 18-28\"}]}]}<\/script>\n<!-- \/ Yoast SEO plugin. -->","yoast_head_json":{"robots":{"index":"index","follow":"follow","max-snippet":"max-snippet:-1","max-image-preview":"max-image-preview:large","max-video-preview":"max-video-preview:-1"},"canonical":"https:\/\/www.lesrencontreseconomiques.fr\/la-parole-aux-18-28\/partenaires\/","og_locale":"fr_FR","og_type":"article","og_title":"Partenaires de La Parole aux 18-28 - Les Rencontres \u00c9conomiques","og_description":"Partenaires","og_url":"https:\/\/www.lesrencontreseconomiques.fr\/la-parole-aux-18-28\/partenaires\/","og_site_name":"Les Rencontres \u00c9conomiques","article_publisher":"https:\/\/www.facebook.com\/Le.Cercle.des.Economistes\/","article_modified_time":"2021-03-10T11:21:40+00:00","og_image":[{"url":"https:\/\/www.lesrencontreseconomiques.fr\/wp-content\/uploads\/2021\/06\/olivier-lenel.png"}],"twitter_card":"summary_large_image","twitter_image":"https:\/\/www.lesrencontreseconomiques.fr\/wp-content\/uploads\/2021\/06\/olivier-lenel.png","twitter_site":"@Cercle_eco","schema":{"@context":"https:\/\/schema.org","@graph":[{"@type":"WebSite","@id":"https:\/\/www.lesrencontreseconomiques.fr\/#website","url":"https:\/\/www.lesrencontreseconomiques.fr\/","name":"Les Rencontres \u00c9conomiques","description":"","potentialAction":[{"@type":"SearchAction","target":{"@type":"EntryPoint","urlTemplate":"https:\/\/www.lesrencontreseconomiques.fr\/?s={search_term_string}"},"query-input":"required name=search_term_string"}],"inLanguage":"fr-FR"},{"@type":"ImageObject","@id":"https:\/\/www.lesrencontreseconomiques.fr\/la-parole-aux-18-28\/partenaires\/#primaryimage","inLanguage":"fr-FR","url":"https:\/\/www.lesrencontreseconomiques.fr\/wp-content\/uploads\/2021\/03\/3.png","contentUrl":"https:\/\/www.lesrencontreseconomiques.fr\/wp-content\/uploads\/2021\/03\/3.png","width":148,"height":93},{"@type":"WebPage","@id":"https:\/\/www.lesrencontreseconomiques.fr\/la-parole-aux-18-28\/partenaires\/#webpage","url":"https:\/\/www.lesrencontreseconomiques.fr\/la-parole-aux-18-28\/partenaires\/","name":"Partenaires de La Parole aux 18-28 - Les Rencontres \u00c9conomiques","isPartOf":{"@id":"https:\/\/www.lesrencontreseconomiques.fr\/#website"},"primaryImageOfPage":{"@id":"https:\/\/www.lesrencontreseconomiques.fr\/la-parole-aux-18-28\/partenaires\/#primaryimage"},"datePublished":"2021-03-10T11:21:21+00:00","dateModified":"2021-03-10T11:21:40+00:00","breadcrumb":{"@id":"https:\/\/www.lesrencontreseconomiques.fr\/la-parole-aux-18-28\/partenaires\/#breadcrumb"},"inLanguage":"fr-FR","potentialAction":[{"@type":"ReadAction","target":["https:\/\/www.lesrencontreseconomiques.fr\/la-parole-aux-18-28\/partenaires\/"]}]},{"@type":"BreadcrumbList","@id":"https:\/\/www.lesrencontreseconomiques.fr\/la-parole-aux-18-28\/partenaires\/#breadcrumb","itemListElement":[{"@type":"ListItem","position":1,"name":"Accueil","item":"https:\/\/www.lesrencontreseconomiques.fr\/"},{"@type":"ListItem","position":2,"name":"La Parole aux 18-28","item":"https:\/\/www.lesrencontreseconomiques.fr\/la-parole-aux-18-28\/"},{"@type":"ListItem","position":3,"name":"Partenaires de La Parole aux 18-28"}]}]}},"_links":{"self":[{"href":"https:\/\/www.lesrencontreseconomiques.fr\/wp-json\/wp\/v2\/pages\/294"}],"collection":[{"href":"https:\/\/www.lesrencontreseconomiques.fr\/wp-json\/wp\/v2\/pages"}],"about":[{"href":"https:\/\/www.lesrencontreseconomiques.fr\/wp-json\/wp\/v2\/types\/page"}],"author":[{"embeddable":true,"href":"https:\/\/www.lesrencontreseconomiques.fr\/wp-json\/wp\/v2\/users\/2"}],"replies":[{"embeddable":true,"href":"https:\/\/www.lesrencontreseconomiques.fr\/wp-json\/wp\/v2\/comments?post=294"}],"version-history":[{"count":0,"href":"https:\/\/www.lesrencontreseconomiques.fr\/wp-json\/wp\/v2\/pages\/294\/revisions"}],"up":[{"embeddable":true,"href":"https:\/\/www.lesrencontreseconomiques.fr\/wp-json\/wp\/v2\/pages\/8"}],"wp:attachment":[{"href":"https:\/\/www.lesrencontreseconomiques.fr\/wp-json\/wp\/v2\/media?parent=294"}],"curies":[{"name":"wp","href":"https:\/\/api.w.org\/{rel}","templated":true}]}}