{"id":261,"date":"2021-03-01T14:34:54","date_gmt":"2021-03-01T13:34:54","guid":{"rendered":"https:\/\/www.lesrencontreseconomiques.fr\/?page_id=261"},"modified":"2021-07-06T10:33:45","modified_gmt":"2021-07-06T08:33:45","slug":"resultats","status":"publish","type":"page","link":"https:\/\/www.lesrencontreseconomiques.fr\/la-parole-aux-18-28\/resultats\/","title":{"rendered":"R\u00e9sultats"},"content":{"rendered":"<div class=\"-wrapper -668 -mt-90 -mb-90\">\n<div class=\"cp-intro -texte\">\n<div class=\"description\">\n<div class=\"cp-texte\">\n<p>Le Cercle des \u00e9conomistes et le Jury La Parole aux 18-28 adressent leurs vives et chaleureuses f\u00e9licitations aux laur\u00e9ats.<\/p>\n<p>Le Jury pr\u00e9sid\u00e9 par \u00c9tienne Klein, directeur de Recherche au CEA, a retenu trois laur\u00e9ats apr\u00e8s une d\u00e9lib\u00e9ration anim\u00e9e en raison de la grande qualit\u00e9 des contributions re\u00e7ues.<\/p>\n<p>Vous retrouverez leurs contributions dans le recueil publi\u00e9 aux \u00c9ditions Nathan et mis en ligne \u00e0 partir de la fin du mois de juin.<\/p>\n<\/p><\/div>\n<\/p><\/div>\n<\/p><\/div>\n<\/p><\/div>\n<div class=\"-wrapper -668 -mt-90 -mb-minus-50\">\n<h2 class=\"cp-titre-rouge\">Rencontrez les trois laur\u00e9ats La Parole aux 18-28 !<\/h2>\n<\/div>\n<div class=\"-wrapper -846 -mt-90 -mb-90\">\n<div class=\"cp-cta-image-texte\">\n<div class=\"media \" data-aos=\"fade-right\" data-aos-anchor-placement=\"top-bottom\" data-aos-offset=\"200\">\n<div class=\"image -walc \" style=\"padding-top:100%\"><img width=\"224\" height=\"224\" src=\"https:\/\/www.lesrencontreseconomiques.fr\/wp-content\/uploads\/2021\/05\/etienne-de-lestoile-224x224.png\" class=\"attachment-small size-small\" alt=\"\" loading=\"lazy\" \/><\/div>\n<\/p><\/div>\n<div class=\"description cp-texte\" data-aos=\"fade-up\" data-aos-anchor-placement=\"top-bottom\" data-aos-offset=\"200\">\n<h3>\u00c9tienne de l&rsquo;Estoile<\/h3>\n<p>26 ans, \u00ab\u00a0Souvenirs pour demain\u00a0\u00bb<\/p>\n<p>Quelques pages de la vie d&rsquo;un homme \u00e0 cheval sur deux si\u00e8cles. Quatre crises sur le vif, charg\u00e9es d&rsquo;incertitudes, de tourments. De 1943 \u00e0 2021, il cherche les mots pour comprendre, r\u00e9sister, inventer. Quatre textes qui condensent ses craintes, ses espoirs et ses illusions, tout ce \u00e0 quoi tient l&rsquo;existence des humains, infatigables machines \u00e0 endurer et \u00e0 reconstruire.<\/p>\n<p><em>Etienne de l&rsquo;Estoile est doctorant en \u00e9conomie urbaine et financi\u00e8re \u00e0 l\u2019universit\u00e9 Paris I Panth\u00e9on Sorbonne en th\u00e8se Cifre \u00e0 la Banque de France.<\/em><\/p>\n<\/p><\/div>\n<\/p><\/div>\n<\/div>\n<div class=\"-wrapper -846 -mt-90 -mb-90\">\n<div class=\"cp-cta-image-texte\">\n<div class=\"media \" data-aos=\"fade-right\" data-aos-anchor-placement=\"top-bottom\" data-aos-offset=\"200\">\n<div class=\"image -walc \" style=\"padding-top:100%\"><img width=\"224\" height=\"224\" src=\"https:\/\/www.lesrencontreseconomiques.fr\/wp-content\/uploads\/2021\/05\/benoit-piveteau-224x224.jpg\" class=\"attachment-small size-small\" alt=\"\" loading=\"lazy\" \/><\/div>\n<\/p><\/div>\n<div class=\"description cp-texte\" data-aos=\"fade-up\" data-aos-anchor-placement=\"top-bottom\" data-aos-offset=\"200\">\n<h3>Benoit Piveteau<\/h3>\n<p>25 ans, \u00ab\u00a0R\u00e9sister aujourd\u2019hui pour inventer demain &#8211; La grande d\u00e9connexion\u00a0\u00bb<\/p>\n<p>En 2050, alors que l&rsquo;automatisation et la d\u00e9mocratisation des technologies num\u00e9riques ont accru les in\u00e9galit\u00e9s sociales, un nouveau ph\u00e9nom\u00e8ne mondial bouleverse le syst\u00e8me \u00e9tabli.<\/p>\n<p><em>Benoit Piveteau est ing\u00e9nieur dipl\u00f4m\u00e9 d\u2019Arts et M\u00e9tiers ParisTech, data scientist chez CNP Assurances.<\/em><\/p>\n<\/p><\/div>\n<\/p><\/div>\n<\/div>\n<div class=\"-wrapper -846 -mt-90 -mb-90\">\n<div class=\"cp-cta-image-texte\">\n<div class=\"media \" data-aos=\"fade-right\" data-aos-anchor-placement=\"top-bottom\" data-aos-offset=\"200\">\n<div class=\"image -walc \" style=\"padding-top:100%\"><img width=\"224\" height=\"224\" src=\"https:\/\/www.lesrencontreseconomiques.fr\/wp-content\/uploads\/2021\/05\/naelle-verniest-224x224.png\" class=\"attachment-small size-small\" alt=\"\" loading=\"lazy\" \/><\/div>\n<\/p><\/div>\n<div class=\"description cp-texte\" data-aos=\"fade-up\" data-aos-anchor-placement=\"top-bottom\" data-aos-offset=\"200\">\n<h3>Naelle Verniest<\/h3>\n<p>23 ans, \u00ab\u00a0Une trag\u00e9die de l&rsquo;horizon\u00a0\u00bb<\/p>\n<p>Cette op\u00e9rette met en sc\u00e8ne une d\u00e9monstration scientifique. Un \u00e9pid\u00e9miologiste illustre les similitudes entre les r\u00e9actions de l&rsquo;Homo \u0152conomicus \u00e0 la pand\u00e9mie de la Covid et \u00e0 la crise climatique aujourd\u2019hui. L&rsquo;op\u00e9rette se d\u00e9roule en trois actes : premi\u00e8re vague, \u00e9tat d&rsquo;urgence, immunit\u00e9 collective ?<\/p>\n<p><em>Naelle Verniest est dipl\u00f4m\u00e9e de Sciences Po en \u00c9conomie et politiques publiques, analyste de politique mon\u00e9taire \u00e0 la Banque de France.<\/em><\/p>\n<\/p><\/div>\n<\/p><\/div>\n<\/div>\n<div class=\"-wrapper -846 -is-hr -mt-90 -mb-90\">\n<hr>\n<\/div>\n<div class=\"-wrapper -668 -mt-90 -mb-90\">\n<div class=\"cp-intro -texte\">\n<div class=\"description\">\n<div class=\"cp-texte\">\n<h2>Les 100 jeunes s\u00e9lectionn\u00e9s invit\u00e9s aux REAix 2021<\/h2>\n<p><strong>AMILITOS Adriano<\/strong>, IUT de Paris Rives de Seine \/ Siemens Energy<\/p>\n<p><strong>ARNAL-BROYELLE Lucr\u00e8ce<\/strong>, Sciences Po<\/p>\n<p><strong>BABAUDOU L\u00e9o<\/strong>, Dalkia<\/p>\n<p><strong>BACLE Robinson<\/strong>, Universit\u00e9 Paris Nanterre<\/p>\n<p><strong>BARBARIN NICOLIER Paul<\/strong>, London School of Economics &#8211; Sciences Po<\/p>\n<p><strong>BARENNES Nicolas<\/strong>, Universit\u00e9 Paris Panth\u00e9on-Sorbonne<\/p>\n<p><strong>BARET<\/strong> <strong>Matilda<\/strong>, Aix-Marseille Universit\u00e9<\/p>\n<p><strong>BEAUPIED<\/strong> <strong>Fran\u00e7ois<\/strong>, Groupe Avril<\/p>\n<p><strong>BEILLARD Ninon<\/strong>, Commission europ\u00e9enne<\/p>\n<p><strong>B\u00c9JOT Cl\u00e9mence<\/strong>, SNCF<\/p>\n<p><strong>BENNAROUDJ In\u00e8s<\/strong>, Universit\u00e9 Paris-Est Cr\u00e9teil<\/p>\n<p><strong>BERNHARD<\/strong> <strong>Marie<\/strong>, Sciences Po Aix<\/p>\n<p><strong>BONNIVARD Ariadne<\/strong>, Business France<\/p>\n<p><strong>BOUSTEILA-DELAVICTOIRE Soufien<\/strong>, Banque de France<\/p>\n<p><strong>BOZO Pauline<\/strong>, CNRS<\/p>\n<p><strong>BROUCHET El\u00e9onore<\/strong>, Natixis<\/p>\n<p><strong>CAMBOURNAC Thibault<\/strong>, BCG<\/p>\n<p><strong>CARCAILLON Elisa<\/strong>, PwC<\/p>\n<p><strong>CARISSIMO Rodolphe<\/strong>, ESSEC \/ CACEIS<\/p>\n<p><strong>CARON Maxime<\/strong>, Amazon<\/p>\n<p><strong>CARON Thibault<\/strong>, ENA<\/p>\n<p><strong>CAZIN Emma<\/strong>, Lyc\u00e9e Gaston Berger<\/p>\n<p><strong>CHAILAN Alice<\/strong>, Minist\u00e8re des Arm\u00e9es<\/p>\n<p><strong>CHEKHECHOUK Hasni<\/strong>, Universit\u00e9 de Strasbourg<\/p>\n<p><strong>CHOUC Paul-Emmanuel<\/strong>, Polytechnique &#8211; HEC<\/p>\n<p><strong>COLOMBET Marylou<\/strong>, Universit\u00e9 Paris-Dauphine<\/p>\n<p><strong>CUVERVILLE (de) Lucien<\/strong>, Taddeo<\/p>\n<p><strong>DALLE Marie<\/strong>, Projet Zero Ocean Movement<\/p>\n<p><strong>DAOUDI Lila<\/strong>, Universit\u00e9 Paris Panth\u00e9on-Sorbonne &#8211; Sciences Po Grenoble<\/p>\n<p><strong>DECKER Jacques<\/strong>, Universit\u00e9 de Strasbourg<\/p>\n<p><strong>D\u00c9CORET Pierre-Marie<\/strong>, Groupe Avril<\/p>\n<p><strong>DELPY Guillaume<\/strong>, ExxonMobil<\/p>\n<p><strong>DESGRANGES G\u00e9r\u00e9my<\/strong>, Universit\u00e9 d\u2019Artois<\/p>\n<p><strong>DHORNE Milien<\/strong>, Universit\u00e9 Paris-Nanterre &#8211; \u00c9cole des Ponts Paris Tech<\/p>\n<p><strong>DIOP Ahmed<\/strong>, Polytechnique<\/p>\n<p><strong>EPPLING Robin<\/strong>, Orange<\/p>\n<p><strong>FLATH Yaron<\/strong>, Ib Vogt<\/p>\n<p><strong>FORESTIER Romain<\/strong>, Universit\u00e0 Bocconi<\/p>\n<p><strong>GERNAIS Di\u00e9go<\/strong>, Acad\u00e9mie de Lyon<\/p>\n<p><strong>GIORGALLA Auriane<\/strong>, Institut Catholique de Paris<\/p>\n<p><strong>GRIVEL Louis<\/strong>, IUT Paris Rives de Seine<\/p>\n<p><strong>GUILBAUD Chlo\u00e9<\/strong>, La Banque Postale<\/p>\n<p><strong>HEMIM In\u00e8s<\/strong>, Universit\u00e9 Paris-Saclay<\/p>\n<p><strong>HUDSON<\/strong> <strong>Charles<\/strong>, ENA<\/p>\n<p><strong>JACQUEY Romain<\/strong>, Skema Business School<\/p>\n<p><strong>JAIN<\/strong> <strong>Erwan<\/strong>, Soci\u00e9t\u00e9 G\u00e9n\u00e9rale<\/p>\n<p><strong>JENDROSSEK Mario<\/strong>, Coalition for Epidemic Preparedness Innovation<\/p>\n<p><strong>JOSHI Viken<\/strong>, ESC Clermont<\/p>\n<p><strong>KHELLAF R\u00e9mi<\/strong>, HEC \/ CapGemini Invent<\/p>\n<p><strong>KUSTER Marie<\/strong>, ENS<\/p>\n<p><strong>LANDELLE<\/strong> <strong>Maryne<\/strong>, IUT de Caen<\/p>\n<p><strong>LANGLET Antoine<\/strong>, CapGemini Invent<\/p>\n<p><strong>LAVERGNE Adrien<\/strong>, Sciences Po Aix<\/p>\n<p><strong>LE DAMANY Hugo<\/strong>, AXA Investment Managers<\/p>\n<p><strong>LEBAUDY Jeanne<\/strong>, IUT de Caen<\/p>\n<p><strong>LEMAIRE Gaspard<\/strong>, Universit\u00e9 Paris Panth\u00e9on-Sorbonne<\/p>\n<p><strong>L\u2019ESTOILE (de) Etienne<\/strong>, Universit\u00e9 Paris Panth\u00e9on-Sorbonne (en th\u00e8se Cifre \u00e0 la Banque de France)<\/p>\n<p><strong>LH\u00c9RAULT R\u00e9mi<\/strong>, ENSAE &#8211; Polytechnique &#8211; HEC<\/p>\n<p><strong>LOEGEL Olga<\/strong>, Wavestone<\/p>\n<p><strong>LOPEZ<\/strong> <strong>Pedro<\/strong>, Universit\u00e9 de Strasbourg<\/p>\n<p><strong>MADELINE Agathe<\/strong>, Banque de France<\/p>\n<p><strong>MAQUET Cl\u00e9mence<\/strong>, Universit\u00e9 de Rome Tor Vergata<\/p>\n<p><strong>MARTOS<\/strong> <strong>Alexandre<\/strong>, Grenoble \u00c9cole de Management &#8211; Universit\u00e9 Grenoble-Alpes<\/p>\n<p><strong>MASCARO Oc\u00e9ane<\/strong>, ENS Ulm<\/p>\n<p><strong>MUNICH L\u00e9a<\/strong>, Universit\u00e9 de Lorraine \/ Groupe La Poste<\/p>\n<p><strong>OBERDORFF<\/strong> <strong>Antoine<\/strong>, Sciences Po Strasbourg<\/p>\n<p><strong>OLTEANU<\/strong> <strong>Veronica<\/strong>, \u00c9cole de droit de Clermont-Ferrand<\/p>\n<p><strong>ORDU\u00d1A CORRECHER Andr\u00e9s<\/strong>, Polytechnique<\/p>\n<p><strong>OUIN-LAGARDE<\/strong> <strong>Thomas<\/strong>, Direction g\u00e9n\u00e9rale du Tr\u00e9sor<\/p>\n<p><strong>PIVETEAU<\/strong> <strong>Benoit<\/strong>, CNP Assurances<\/p>\n<p><strong>POITOUT<\/strong> <strong>Hugo<\/strong>, \u00c9cole d\u2019\u00e9conomie de Norv\u00e8ge<\/p>\n<p><strong>POYET Melvin<\/strong>, PwC<\/p>\n<p><strong>ROBERT L\u00e9o<\/strong>, Sciences Po<\/p>\n<p><strong>ROUVET<\/strong> <strong>Vincent<\/strong>, Universit\u00e9 Clermont Auvergne<\/p>\n<p><strong>SAGOT Gabrielle<\/strong>, Association des Parents d&rsquo;\u00c9l\u00e8ves des \u00c9crivains<\/p>\n<p><strong>SALOMON Henri<\/strong>, Programme Alimentaire Mondial<\/p>\n<p><strong>SANCHIS PERIS<\/strong> <strong>Emma<\/strong>, Universit\u00e9 Paris-Dauphine<\/p>\n<p><strong>SANNIER<\/strong> <strong>Rach\u00e8le<\/strong>, Autorit\u00e9 de Contr\u00f4le Prudentiel et de R\u00e9solution<\/p>\n<p><strong>SANTARSIERO<\/strong> <strong>Sophia<\/strong>, Amundi<\/p>\n<p><strong>SCHURICH-REY Am\u00e9lie<\/strong>, OCDE<\/p>\n<p><strong>SIPOS Marie<\/strong>, Accenture<\/p>\n<p><strong>SOARES Eva<\/strong>, Banque de France<\/p>\n<p><strong>SUBTIL Hugo<\/strong>, Polytechnique &#8211; Universit\u00e9 Paris-Dauphine<\/p>\n<p><strong>SUISSE S\u00e9lim<\/strong>, Wavestone<\/p>\n<p><strong>TA Edmond<\/strong>, Mazars<\/p>\n<p><strong>TH\u00c9VENIN C\u00e9cile<\/strong>, Banque de France<\/p>\n<p><strong>THOMAS<\/strong> <strong>Emma<\/strong>, IUT de Caen<\/p>\n<p><strong>TODESCO Guillaume<\/strong>, Nexter<\/p>\n<p><strong>TOUZ\u00c9 Donatien<\/strong>, IUT de Caen<\/p>\n<p><strong>TROCM\u00c9<\/strong> <strong>Math\u00e9o<\/strong>, IAE de Caen \/ Fiteco<\/p>\n<p><strong>TURQUIER R\u00e9mi<\/strong>, ENSAE<\/p>\n<p><strong>VAN RIJ Alexia<\/strong>, Abdul Latif Jameel Poverty Action Lab<\/p>\n<p><strong>VERNIEST<\/strong> <strong>Naelle<\/strong>, Banque de France<\/p>\n<p><strong>VESSEREAU<\/strong> <strong>Lili<\/strong>, HEC &#8211; Sciences Po<\/p>\n<p><strong>VIANEY-LIAUD Julien<\/strong>, Sciences Po Aix<\/p>\n<p><strong>VITTECOQ Lucie<\/strong>, IUT Paris Rives de Seine \/ Cr\u00e9dit Agricole<\/p>\n<p><strong>VOLTZ Alexia<\/strong>, Universit\u00e9 Paris Dauphine<\/p>\n<p><strong>WARDAK Elham Ahmad<\/strong>, INALCO<\/p>\n<p><strong>WILMANN Sara<\/strong>, Sciences Po Aix<\/p>\n<\/p><\/div>\n<\/p><\/div>\n<\/p><\/div>\n<\/p><\/div>\n<div class=\"-wrapper -846 -mt-90 -mb-minus-50\">\n<h2 class=\"cp-titre-rouge\">Le Club des Ambassadeurs, 20 jeunes s\u00e9lectionn\u00e9s invit\u00e9s aux REAix 2021<\/h2>\n<\/div>\n<div class=\"-wrapper -668 -mt-90 -mb-90\">\n<div class=\"cp-intro -texte\">\n<div class=\"description\">\n<div class=\"cp-texte\">\n<h2>Le Club des Ambassadeurs, 20 jeunes s\u00e9lectionn\u00e9s invit\u00e9s aux REAix 2021<\/h2>\n<p>Chaque ann\u00e9e, succ\u00e8s oblige, d&rsquo;anciens participants candidatent \u00e0 nouveau \u00e0 La Parole aux 18-28. Pour ouvrir le dispositif \u00e0 un maximum de jeunes et cr\u00e9er du lien entre les diff\u00e9rentes promotions, le Cercle des \u00e9conomistes a cr\u00e9\u00e9 le Club des Ambassadeurs. Ce Club permet \u00e0 20 anciens participants, s\u00e9lectionn\u00e9s sur les m\u00eames crit\u00e8res que les autres candidats, d\u2019assister \u00e0 nouveau aux Rencontres \u00c9conomiques.<\/p>\n<p><strong>AN\u00c9 C\u00e9dric<\/strong>, Groupe BPCE<\/p>\n<p><strong>BAMBADE Antoine<\/strong>, INRIA Paris<\/p>\n<p><strong>BAUDET Jules<\/strong>, ENS<\/p>\n<p><strong>BILLAUD<\/strong> <strong>Vivien<\/strong>, Groupe FDJ<\/p>\n<p><strong>BROCKMEIER Clara<\/strong>, Wavestone<\/p>\n<p><strong>BURRUS Pierre<\/strong>, Total<\/p>\n<p><strong>CAUCHETEUX<\/strong> <strong>Juliette<\/strong>, London School of Economics<\/p>\n<p><strong>DEVALLET Anne-Sophie<\/strong>, Toulouse School of Economics &#8211; Universit\u00e9 Toulouse Capitole<\/p>\n<p><strong>DOUSSET<\/strong> <strong>L\u00e9a<\/strong>, Universit\u00e9 Paris 1 Panth\u00e9on-Sorbonne<\/p>\n<p><strong>DUBOST Tristan<\/strong>, IAE de Caen<\/p>\n<p><strong>JAPY Thomas<\/strong>, Webhelp<\/p>\n<p><strong>KACEM<\/strong> <strong>Olfa<\/strong>, 1618 Consulting<\/p>\n<p><strong>MOLIN Pierre<\/strong>, Burgundy School of Business \/ Lustucru<\/p>\n<p><strong>ODRY R\u00e9mi<\/strong>, Universit\u00e9 Paris Nanterre<\/p>\n<p><strong>PETIT Adrien<\/strong>, Herbert Smith Freehills<\/p>\n<p><strong>RAOUI<\/strong> <strong>Zineb<\/strong>, INSA Rouen Normandie \/ Bouygues<\/p>\n<p><strong>SACCOMANO Manuela<\/strong>, Assembl\u00e9e Nationale<\/p>\n<p><strong>SCHNEIDER Lucas<\/strong>, ENA<\/p>\n<p><strong>SIMO\u00cbS-GRANGEIA<\/strong> <strong>Carine<\/strong>, Profil Public<\/p>\n<p><strong>STAMPER<\/strong> <strong>Emeric<\/strong>, Polytechnique \/ Safran<\/p>\n<\/p><\/div>\n<\/p><\/div>\n<\/p><\/div>\n<\/p><\/div>\n","protected":false},"excerpt":{"rendered":"<p>Le Cercle des \u00e9conomistes et le Jury La Parole aux 18-28 adressent leurs vives et chaleureuses f\u00e9licitations aux laur\u00e9ats. Le Jury pr\u00e9sid\u00e9 par \u00c9tienne Klein, directeur de Recherche au CEA, a retenu trois laur\u00e9ats apr\u00e8s une d\u00e9lib\u00e9ration anim\u00e9e en raison de la grande qualit\u00e9 des contributions re\u00e7ues. Vous retrouverez leurs contributions dans le recueil publi\u00e9 [&hellip;]<\/p>\n","protected":false},"author":2,"featured_media":0,"parent":8,"menu_order":0,"comment_status":"closed","ping_status":"closed","template":"","meta":[],"yoast_head":"<!-- This site is optimized with the Yoast SEO plugin v17.2 - https:\/\/yoast.com\/wordpress\/plugins\/seo\/ -->\n<meta name=\"robots\" content=\"index, follow, max-snippet:-1, max-image-preview:large, max-video-preview:-1\" \/>\n<link rel=\"canonical\" href=\"https:\/\/www.lesrencontreseconomiques.fr\/la-parole-aux-18-28\/resultats\/\" \/>\n<meta property=\"og:locale\" content=\"fr_FR\" \/>\n<meta property=\"og:type\" content=\"article\" \/>\n<meta property=\"og:title\" content=\"R\u00e9sultats - Les Rencontres \u00c9conomiques\" \/>\n<meta property=\"og:description\" content=\"Le Cercle des \u00e9conomistes et le Jury La Parole aux 18-28 adressent leurs vives et chaleureuses f\u00e9licitations aux laur\u00e9ats. Le Jury pr\u00e9sid\u00e9 par \u00c9tienne Klein, directeur de Recherche au CEA, a retenu trois laur\u00e9ats apr\u00e8s une d\u00e9lib\u00e9ration anim\u00e9e en raison de la grande qualit\u00e9 des contributions re\u00e7ues. Vous retrouverez leurs contributions dans le recueil publi\u00e9 [&hellip;]\" \/>\n<meta property=\"og:url\" content=\"https:\/\/www.lesrencontreseconomiques.fr\/la-parole-aux-18-28\/resultats\/\" \/>\n<meta property=\"og:site_name\" content=\"Les Rencontres \u00c9conomiques\" \/>\n<meta property=\"article:publisher\" content=\"https:\/\/www.facebook.com\/Le.Cercle.des.Economistes\/\" \/>\n<meta property=\"article:modified_time\" content=\"2021-07-06T08:33:45+00:00\" \/>\n<meta property=\"og:image\" content=\"https:\/\/www.lesrencontreseconomiques.fr\/wp-content\/uploads\/2021\/06\/olivier-lenel.png\" \/>\n<meta name=\"twitter:card\" content=\"summary_large_image\" \/>\n<meta name=\"twitter:image\" content=\"https:\/\/www.lesrencontreseconomiques.fr\/wp-content\/uploads\/2021\/06\/olivier-lenel.png\" \/>\n<meta name=\"twitter:site\" content=\"@Cercle_eco\" \/>\n<meta name=\"twitter:label1\" content=\"Dur\u00e9e de lecture est.\" \/>\n\t<meta name=\"twitter:data1\" content=\"5 minutes\" \/>\n<script type=\"application\/ld+json\" class=\"yoast-schema-graph\">{\"@context\":\"https:\/\/schema.org\",\"@graph\":[{\"@type\":\"WebSite\",\"@id\":\"https:\/\/www.lesrencontreseconomiques.fr\/#website\",\"url\":\"https:\/\/www.lesrencontreseconomiques.fr\/\",\"name\":\"Les Rencontres \\u00c9conomiques\",\"description\":\"\",\"potentialAction\":[{\"@type\":\"SearchAction\",\"target\":{\"@type\":\"EntryPoint\",\"urlTemplate\":\"https:\/\/www.lesrencontreseconomiques.fr\/?s={search_term_string}\"},\"query-input\":\"required name=search_term_string\"}],\"inLanguage\":\"fr-FR\"},{\"@type\":\"ImageObject\",\"@id\":\"https:\/\/www.lesrencontreseconomiques.fr\/la-parole-aux-18-28\/resultats\/#primaryimage\",\"inLanguage\":\"fr-FR\",\"url\":\"https:\/\/www.lesrencontreseconomiques.fr\/wp-content\/uploads\/2021\/05\/etienne-de-lestoile.png\",\"contentUrl\":\"https:\/\/www.lesrencontreseconomiques.fr\/wp-content\/uploads\/2021\/05\/etienne-de-lestoile.png\",\"width\":374,\"height\":374},{\"@type\":\"WebPage\",\"@id\":\"https:\/\/www.lesrencontreseconomiques.fr\/la-parole-aux-18-28\/resultats\/#webpage\",\"url\":\"https:\/\/www.lesrencontreseconomiques.fr\/la-parole-aux-18-28\/resultats\/\",\"name\":\"R\\u00e9sultats - Les Rencontres \\u00c9conomiques\",\"isPartOf\":{\"@id\":\"https:\/\/www.lesrencontreseconomiques.fr\/#website\"},\"primaryImageOfPage\":{\"@id\":\"https:\/\/www.lesrencontreseconomiques.fr\/la-parole-aux-18-28\/resultats\/#primaryimage\"},\"datePublished\":\"2021-03-01T13:34:54+00:00\",\"dateModified\":\"2021-07-06T08:33:45+00:00\",\"breadcrumb\":{\"@id\":\"https:\/\/www.lesrencontreseconomiques.fr\/la-parole-aux-18-28\/resultats\/#breadcrumb\"},\"inLanguage\":\"fr-FR\",\"potentialAction\":[{\"@type\":\"ReadAction\",\"target\":[\"https:\/\/www.lesrencontreseconomiques.fr\/la-parole-aux-18-28\/resultats\/\"]}]},{\"@type\":\"BreadcrumbList\",\"@id\":\"https:\/\/www.lesrencontreseconomiques.fr\/la-parole-aux-18-28\/resultats\/#breadcrumb\",\"itemListElement\":[{\"@type\":\"ListItem\",\"position\":1,\"name\":\"Accueil\",\"item\":\"https:\/\/www.lesrencontreseconomiques.fr\/\"},{\"@type\":\"ListItem\",\"position\":2,\"name\":\"La Parole aux 18-28\",\"item\":\"https:\/\/www.lesrencontreseconomiques.fr\/la-parole-aux-18-28\/\"},{\"@type\":\"ListItem\",\"position\":3,\"name\":\"R\\u00e9sultats\"}]}]}<\/script>\n<!-- \/ Yoast SEO plugin. -->","yoast_head_json":{"robots":{"index":"index","follow":"follow","max-snippet":"max-snippet:-1","max-image-preview":"max-image-preview:large","max-video-preview":"max-video-preview:-1"},"canonical":"https:\/\/www.lesrencontreseconomiques.fr\/la-parole-aux-18-28\/resultats\/","og_locale":"fr_FR","og_type":"article","og_title":"R\u00e9sultats - Les Rencontres \u00c9conomiques","og_description":"Le Cercle des \u00e9conomistes et le Jury La Parole aux 18-28 adressent leurs vives et chaleureuses f\u00e9licitations aux laur\u00e9ats. Le Jury pr\u00e9sid\u00e9 par \u00c9tienne Klein, directeur de Recherche au CEA, a retenu trois laur\u00e9ats apr\u00e8s une d\u00e9lib\u00e9ration anim\u00e9e en raison de la grande qualit\u00e9 des contributions re\u00e7ues. Vous retrouverez leurs contributions dans le recueil publi\u00e9 [&hellip;]","og_url":"https:\/\/www.lesrencontreseconomiques.fr\/la-parole-aux-18-28\/resultats\/","og_site_name":"Les Rencontres \u00c9conomiques","article_publisher":"https:\/\/www.facebook.com\/Le.Cercle.des.Economistes\/","article_modified_time":"2021-07-06T08:33:45+00:00","og_image":[{"url":"https:\/\/www.lesrencontreseconomiques.fr\/wp-content\/uploads\/2021\/06\/olivier-lenel.png"}],"twitter_card":"summary_large_image","twitter_image":"https:\/\/www.lesrencontreseconomiques.fr\/wp-content\/uploads\/2021\/06\/olivier-lenel.png","twitter_site":"@Cercle_eco","twitter_misc":{"Dur\u00e9e de lecture est.":"5 minutes"},"schema":{"@context":"https:\/\/schema.org","@graph":[{"@type":"WebSite","@id":"https:\/\/www.lesrencontreseconomiques.fr\/#website","url":"https:\/\/www.lesrencontreseconomiques.fr\/","name":"Les Rencontres \u00c9conomiques","description":"","potentialAction":[{"@type":"SearchAction","target":{"@type":"EntryPoint","urlTemplate":"https:\/\/www.lesrencontreseconomiques.fr\/?s={search_term_string}"},"query-input":"required name=search_term_string"}],"inLanguage":"fr-FR"},{"@type":"ImageObject","@id":"https:\/\/www.lesrencontreseconomiques.fr\/la-parole-aux-18-28\/resultats\/#primaryimage","inLanguage":"fr-FR","url":"https:\/\/www.lesrencontreseconomiques.fr\/wp-content\/uploads\/2021\/05\/etienne-de-lestoile.png","contentUrl":"https:\/\/www.lesrencontreseconomiques.fr\/wp-content\/uploads\/2021\/05\/etienne-de-lestoile.png","width":374,"height":374},{"@type":"WebPage","@id":"https:\/\/www.lesrencontreseconomiques.fr\/la-parole-aux-18-28\/resultats\/#webpage","url":"https:\/\/www.lesrencontreseconomiques.fr\/la-parole-aux-18-28\/resultats\/","name":"R\u00e9sultats - Les Rencontres \u00c9conomiques","isPartOf":{"@id":"https:\/\/www.lesrencontreseconomiques.fr\/#website"},"primaryImageOfPage":{"@id":"https:\/\/www.lesrencontreseconomiques.fr\/la-parole-aux-18-28\/resultats\/#primaryimage"},"datePublished":"2021-03-01T13:34:54+00:00","dateModified":"2021-07-06T08:33:45+00:00","breadcrumb":{"@id":"https:\/\/www.lesrencontreseconomiques.fr\/la-parole-aux-18-28\/resultats\/#breadcrumb"},"inLanguage":"fr-FR","potentialAction":[{"@type":"ReadAction","target":["https:\/\/www.lesrencontreseconomiques.fr\/la-parole-aux-18-28\/resultats\/"]}]},{"@type":"BreadcrumbList","@id":"https:\/\/www.lesrencontreseconomiques.fr\/la-parole-aux-18-28\/resultats\/#breadcrumb","itemListElement":[{"@type":"ListItem","position":1,"name":"Accueil","item":"https:\/\/www.lesrencontreseconomiques.fr\/"},{"@type":"ListItem","position":2,"name":"La Parole aux 18-28","item":"https:\/\/www.lesrencontreseconomiques.fr\/la-parole-aux-18-28\/"},{"@type":"ListItem","position":3,"name":"R\u00e9sultats"}]}]}},"_links":{"self":[{"href":"https:\/\/www.lesrencontreseconomiques.fr\/wp-json\/wp\/v2\/pages\/261"}],"collection":[{"href":"https:\/\/www.lesrencontreseconomiques.fr\/wp-json\/wp\/v2\/pages"}],"about":[{"href":"https:\/\/www.lesrencontreseconomiques.fr\/wp-json\/wp\/v2\/types\/page"}],"author":[{"embeddable":true,"href":"https:\/\/www.lesrencontreseconomiques.fr\/wp-json\/wp\/v2\/users\/2"}],"replies":[{"embeddable":true,"href":"https:\/\/www.lesrencontreseconomiques.fr\/wp-json\/wp\/v2\/comments?post=261"}],"version-history":[{"count":0,"href":"https:\/\/www.lesrencontreseconomiques.fr\/wp-json\/wp\/v2\/pages\/261\/revisions"}],"up":[{"embeddable":true,"href":"https:\/\/www.lesrencontreseconomiques.fr\/wp-json\/wp\/v2\/pages\/8"}],"wp:attachment":[{"href":"https:\/\/www.lesrencontreseconomiques.fr\/wp-json\/wp\/v2\/media?parent=261"}],"curies":[{"name":"wp","href":"https:\/\/api.w.org\/{rel}","templated":true}]}}