{"id":2587,"date":"2021-07-04T15:18:52","date_gmt":"2021-07-04T13:18:52","guid":{"rendered":"https:\/\/www.lesrencontreseconomiques.fr\/?page_id=2587"},"modified":"2021-07-04T15:19:20","modified_gmt":"2021-07-04T13:19:20","slug":"dix-exigences-pour-la-presidentielle","status":"publish","type":"page","link":"https:\/\/www.lesrencontreseconomiques.fr\/dix-exigences-pour-la-presidentielle\/","title":{"rendered":"Dix exigences pour la pr\u00e9sidentielle"},"content":{"rendered":"<div class=\"-wrapper -668 -mt-90 -mb-90\">\n<div class=\"cp-intro -texte\">\n<div class=\"description\">\n<div class=\"cp-texte\">\n<p>Les 2, 3 et 4 juillet 2021, le Cercle des \u00e9conomistes a r\u00e9uni plus de 350 intervenants de toutes les sensibilit\u00e9s, du monde acad\u00e9mique, \u00e9conomique, syndical et social pour les 21e Rencontres \u00c9conomiques d\u2019Aix-en-Provence autour de la th\u00e9matique \u00ab\u00a0Saisir l\u2019avenir, ensemble\u00a0\u00bb. Trois jours de d\u00e9bats ouverts \u00e0 tous pour penser la soci\u00e9t\u00e9 de demain.<\/p>\n<p>Les Rencontres \u00c9conomiques d\u2019Aix-en-Provence 2021 se fixent pour objectif d\u2019apporter des r\u00e9ponses aux deux interrogations majeures qui doivent irriguer le d\u00e9bat public : quel avenir pour le capitalisme ? Comment la France peut-elle r\u00e9ellement rebondir ?<\/p>\n<p><strong>Nous avons donc tir\u00e9, des r\u00e9actions des membres du Cercle des \u00e9conomistes <a href=\"#_ftn1\" name=\"_ftnref1\">[1]<\/a> et des d\u00e9bats tenus lors des 56 sessions, Les Rencontres \u00e9mettent 10 propositions sur les sujets les plus importants.<br \/>\n<\/strong><\/p>\n<p><a class=\"cp-cta-bouton -telecharger\" href=\"https:\/\/www.lesrencontreseconomiques.fr\/wp-content\/uploads\/2021\/07\/reaix2021_df_5pages_vf.pdf\">T\u00e9l\u00e9charger les propositions compl\u00e8tes<\/a><\/p>\n<p><a class=\"cp-cta-bouton -telecharger\" href=\"https:\/\/www.lesrencontreseconomiques.fr\/wp-content\/uploads\/2021\/07\/reaix2021_df_courte_vf.pdf\">T\u00e9l\u00e9charger la synth\u00e8se des propositions<\/a><\/p>\n<\/p><\/div>\n<\/p><\/div>\n<\/p><\/div>\n<\/p><\/div>\n<div class=\"-wrapper -668 -mt-90 -mb-minus-50\">\n<h2 class=\"cp-titre-rouge\">D\u00e9couvrez les propositions<\/h2>\n<\/div>\n<div class=\"-wrapper -668 -mt-90 -mb-90\">\n<div class=\"cp-intro -texte\">\n<div class=\"description\">\n<div class=\"cp-texte\">\n<h3>Sommaire :<\/h3>\n<h3><a href=\"#formation\">Formation et qualifications<\/a> &#8211; <a href=\"#jeunesse\">Jeunesse<\/a> &#8211; <a href=\"#retraites\">Retraites<\/a> &#8211; <a href=\"#salaires\">Salaires<\/a> &#8211; <a href=\"#epargne\">Utilisation de l&rsquo;\u00e9pargne pour l&rsquo;investissement<\/a> &#8211; <a href=\"#industrie\">Comp\u00e9titivit\u00e9 industrielle<\/a> &#8211; <a href=\"#innovation\">Innovations de rupture<\/a> &#8211; <a href=\"#europe\">R\u00e8gles budg\u00e9taires europ\u00e9ennes<\/a> &#8211; <a href=\"#cybersecurite\">Cybers\u00e9curit\u00e9<\/a> &#8211; <a href=\"#environnement\">Transition \u00e9cologique<\/a><\/h3>\n<\/p><\/div>\n<\/p><\/div>\n<\/p><\/div>\n<\/p><\/div>\n<div class=\"-wrapper -668 -mt-90 -mb-90\">\n<div class=\"cp-intro -texte\">\n<div class=\"description\">\n<div class=\"cp-texte\">\n<h2><a id=\"formation\" class=\"c-anchor\"><\/a>La formation et la qualification<\/h2>\n<p><strong>PROPOSITION 1<\/strong> Lutter contre le d\u00e9ficit de formation et de qualifications en France.<\/p>\n<ul>\n<li>Donner la priorit\u00e9 au financement de l\u2019\u00e9ducation d\u00e8s la petite enfance o\u00f9 se d\u00e9terminent les in\u00e9galit\u00e9s en r\u00e9organisant le temps de pr\u00e9sence, la formation et la r\u00e9mun\u00e9ration du corps enseignant.<\/li>\n<li>Int\u00e9grer massivement les entreprises dans le processus de d\u00e9veloppement des qualifications tout au long de la vie et de requalification des 1,5 million de jeunes qui ne sont ni en emploi, ni en \u00e9tudes, ni en formation (NEET). Ceci passe vraisemblablement par le financement d\u2019une augmentation massive du nombre d\u2019\u00e9coles de la seconde chance.<\/li>\n<\/ul>\n<h2><a id=\"jeunesse\" class=\"c-anchor\"><\/a>La jeunesse<\/h2>\n<p><strong>PROPOSITION 2<\/strong> G\u00e9n\u00e9raliser la Garantie jeunes \u00e0 tous les \u00e9tudiants, les apprentis, les jeunes travailleurs pr\u00e9caires et les NEET, ind\u00e9pendants financi\u00e8rement. Bien entendu, elle prendrait en compte la sp\u00e9cificit\u00e9 des cat\u00e9gories pr\u00e9c\u00e9dentes. Le financement de cette mesure doit \u00eatre li\u00e9 \u00e0 la r\u00e9forme des retraites.<\/p>\n<h2><a id=\"retraites\" class=\"c-anchor\"><\/a>La r\u00e9forme des retraites<\/h2>\n<p><strong>PROPOSITION 3<\/strong> Int\u00e9grer pleinement la r\u00e9forme des retraites dans les grandes propositions des programmes des candidats aux \u00e9lections pr\u00e9sidentielles car le d\u00e9bat sur la n\u00e9cessit\u00e9 de faire cette r\u00e9forme des retraites avant l&rsquo;\u00e9lection est lanc\u00e9 avec beaucoup d\u2019acuit\u00e9.<\/p>\n<ul>\n<li>Mettre l\u2019augmentation du nombre d\u2019annuit\u00e9s au c\u0153ur de la r\u00e9forme est une condition de sa r\u00e9ussite, et \u00e9vitera un d\u00e9bat st\u00e9rile sur l\u2019\u00e2ge de d\u00e9part \u00e0 la retraite.<\/li>\n<li>Compl\u00e9ter cette r\u00e9forme des retraites par des dispositifs de solidarit\u00e9. Deux solutions doivent au moins \u00eatre mises en place. D\u2019abord, l\u2019octroi de cr\u00e9dits d\u2019annuit\u00e9s suppl\u00e9mentaires dans certaines situations, notamment les cong\u00e9s parentaux, la p\u00e9nibilit\u00e9 ou encore la compensation des \u00e9carts d\u2019esp\u00e9rance de vie entre cat\u00e9gories socioprofessionnelles. Ensuite, la mise en place d\u2019un revenu minimum d\u00e9cent pour toutes les cat\u00e9gories fragiles telles que les femmes seules sans emploi de plus de 60 ans ou les seniors de plus de 80 ans touchant de faibles retraites.<\/li>\n<\/ul>\n<h2><a id=\"salaires\" class=\"c-anchor\"><\/a>Le soutien des bas salaires<\/h2>\n<p><strong>PROPOSITION 4<\/strong> Soutenir les bas salaires des m\u00e9tiers de la \u00ab premi\u00e8re ligne \u00bb, publics et priv\u00e9s, dont nous ne pouvons plus ignorer le manque de consid\u00e9ration salariale au vu de leur utilit\u00e9 sociale et de leur p\u00e9nibilit\u00e9.<\/p>\n<ul>\n<li>Lancer un \u00ab Grenelle des bas salaires \u00bb afin d\u2019augmenter sensiblement les minimas salariaux des branches professionnelles dont les salaires sont les plus faibles, par exemple dans la distribution, la restauration, le nettoyage, la sant\u00e9 ou l\u2019agroalimentaire.<\/li>\n<li>Revaloriser vraiment la r\u00e9mun\u00e9ration du personnel soignant, des enseignants et des enseignants-chercheurs de la fonction publique.<\/li>\n<\/ul>\n<h2><a id=\"epargne\" class=\"c-anchor\"><\/a>L\u2019utilisation efficace de l&rsquo;\u00e9pargne des Fran\u00e7ais pour l&rsquo;investissement<\/h2>\n<p><strong>PROPOSITION 5<\/strong> Instaurer une garantie publique partielle de l\u2019\u00e9pargne des m\u00e9nages lorsqu\u2019elle est investie dans les fonds propres des TPE et PME, sous contrainte de niveau de patrimoine. Ce dispositif, destin\u00e9 aux \u00e9pargnants moyens, garantirait une partie des investissements les plus risqu\u00e9s, \u00e0 savoir ceux dont la rentabilit\u00e9 se situe dans le long terme. Le risque de financement de l\u2019\u00e9conomie serait ainsi port\u00e9 \u00e0 la fois par l\u2019\u00c9tat et par les m\u00e9nages, qui contribueraient d\u2019autant plus au d\u00e9veloppement de l\u2019activit\u00e9 \u00e9conomique.<\/p>\n<h2><a id=\"industrie\" class=\"c-anchor\"><\/a>La comp\u00e9titivit\u00e9 industrielle<\/h2>\n<p><strong>PROPOSITION 6<\/strong> Renforcer la comp\u00e9titivit\u00e9 industrielle fran\u00e7aise en r\u00e9duisant, parmi les imp\u00f4ts de production, ceux qui p\u00e9nalisent davantage ces secteurs (contribution sociale de solidarit\u00e9 des soci\u00e9t\u00e9s, cotisation sur la valeur ajout\u00e9e des entreprises) en prenant en compte les subventions afin de converger vers les niveaux d\u2019imposition et de subventions europ\u00e9ens.<\/p>\n<h2><a id=\"innovation\" class=\"c-anchor\"><\/a>Les innovations de rupture<\/h2>\n<p><strong>PROPOSITION 7<\/strong> Cr\u00e9er un \u00e9cosyst\u00e8me \u00e0 deux niveaux, favorable aux innovations de rupture.<\/p>\n<ul>\n<li>Au niveau europ\u00e9en, sur le mod\u00e8le des BARDA et DARPA am\u00e9ricaines, renforcer le mod\u00e8le d\u2019agences de recherche de projets, o\u00f9 l\u2019on finance des projets port\u00e9s par des \u00e9quipes de recherche ext\u00e9rieures, plut\u00f4t que le mod\u00e8le d\u2019agences de recherche de moyens o\u00f9 la recherche est men\u00e9e par des salari\u00e9s internes. Cette transformation doit \u00eatre accompagn\u00e9e d\u2019une acceptation du risque et de pertes financi\u00e8res potentielles par des agences publiques, car le risque est \u00e9lev\u00e9 en mati\u00e8re d\u2019innovations de rupture.<\/li>\n<li>Au niveau fran\u00e7ais, trois mesures doivent \u00eatre prises. D\u2019une part, r\u00e9organiser les institutions publiques de recherche (CEA, INSERM, CNES, etc.) pour \u00e9viter les doublons et concentrer le financement de la recherche sur les innovations de rupture. D\u2019autre part, porter les d\u00e9penses de recherche et d\u00e9veloppement fran\u00e7aises \u00e0 3% du PIB<strong>. <\/strong>Cette augmentation de 20 milliards d\u2019euros par an nous portera au niveau des grandes nations innovantes comme les Etats-Unis, l\u2019Allemagne ou les pays du Nord de l\u2019Europe. Enfin, am\u00e9liorer r\u00e9ellement l\u2019efficacit\u00e9 du Cr\u00e9dit Imp\u00f4t Recherche (CIR) envers les PME<strong>,<\/strong> en liant les seuils de d\u00e9duction \u00e0 l\u2019importance de la R&amp;D dans le chiffre d&rsquo;affaires de l\u2019entreprise, sans en modifier l&rsquo;enveloppe totale. Ceci reviendra \u00e0 r\u00e9orienter le CIR vers les PME.<\/li>\n<\/ul>\n<h2><a id=\"europe\" class=\"c-anchor\"><\/a>Les r\u00e8gles budg\u00e9taires europ\u00e9ennes<\/h2>\n<p><strong>PROPOSITION 8<\/strong> Revoir les crit\u00e8res de d\u00e9ficit et de dette de Maastricht et du Pacte de stabilit\u00e9 et de croissance, qui ne correspondent plus \u00e0 la r\u00e9alit\u00e9 europ\u00e9enne. La vraie question est celle de leur soutenabilit\u00e9. Il est souhaitable, au niveau fran\u00e7ais et de la zone euro, d\u2019adopter une approche par r\u00e8gle de d\u00e9pense plut\u00f4t que par d\u00e9ficit, c\u2019est-\u00e0-dire privil\u00e9gier une logique de r\u00e9sultat des politiques publiques plut\u00f4t que de moyens, mis en \u0153uvre par des centres de co\u00fbts responsables. Cette approche pluriannuelle des d\u00e9penses publiques des centres de co\u00fbts prend tout son sens dans le cadre de leur responsabilisation.<\/p>\n<h2><a id=\"cybersecurite\" class=\"c-anchor\"><\/a>La coop\u00e9ration internationale autour de la cybers\u00e9curit\u00e9<\/h2>\n<p><strong>PROPOSITION 9<\/strong> R\u00e9agir face au risque cyber par l&rsquo;instauration d\u2019une conf\u00e9rence internationale sur la cybers\u00e9curit\u00e9 pour s\u2019accorder sur des r\u00e8gles internationales en mati\u00e8re de guerre cyber, sur le mod\u00e8le des conventions de Gen\u00e8ve.<\/p>\n<h2><a id=\"environnement\" class=\"c-anchor\"><\/a>La transition \u00e9cologique<\/h2>\n<p><strong>PROPOSITION 10<\/strong> Activer les trois leviers indispensables pour atteindre l\u2019objectif de l\u2019Union europ\u00e9enne de neutralit\u00e9 carbone en 2050.<\/p>\n<ul>\n<li>\u00c9largir le march\u00e9 europ\u00e9en d\u2019\u00e9change des quotas d\u2019\u00e9mission de CO2 \u00e0 tous les secteurs d\u2019activit\u00e9s de production. Redistribuer les revenus de ce march\u00e9 carbone aux m\u00e9nages sous forme de prime pour compenser l\u2019effet anti-redistributif de la taxe carbone et encourager la consommation d\u2019actifs d\u00e9carbon\u00e9s (changer son v\u00e9hicule pour un v\u00e9hicule moins polluant, sa chaudi\u00e8re, isoler son logement\u2026) ;<\/li>\n<li>Supprimer d\u00e8s \u00e0 pr\u00e9sent les attributions gratuites de quotas d&rsquo;\u00e9mission de CO2 au sein de l\u2019Union europ\u00e9enne ;<\/li>\n<li>Utiliser une partie des recettes du m\u00e9canisme d\u2019ajustement carbone aux fronti\u00e8res (MACF) comme propos\u00e9 par la Commission europ\u00e9enne pour financer la d\u00e9carbonation dans les pays les plus polluants.<\/li>\n<\/ul><\/div>\n<\/p><\/div>\n<\/p><\/div>\n<\/p><\/div>\n<div class=\"-wrapper -668 -mt-90 -mb-90\">\n<div class=\"cp-intro -texte\">\n<div class=\"description\">\n<div class=\"cp-texte\">\n<p><a href=\"#_ftnref1\" name=\"_ftn1\">[1]<\/a> A l\u2019exception d\u2018Agn\u00e8s Benassy-Qu\u00e9r\u00e9, Laurence Boone, Beno\u00eet Coeur\u00e9 et Claire Waysand que leur statut institutionnel oblige \u00e0 un devoir de r\u00e9serve.<\/p>\n<\/p><\/div>\n<\/p><\/div>\n<\/p><\/div>\n<\/p><\/div>\n","protected":false},"excerpt":{"rendered":"<p>Les 2, 3 et 4 juillet 2021, le Cercle des \u00e9conomistes a r\u00e9uni plus de 350 intervenants de toutes les sensibilit\u00e9s, du monde acad\u00e9mique, \u00e9conomique, syndical et social pour les 21e Rencontres \u00c9conomiques d\u2019Aix-en-Provence autour de la th\u00e9matique \u00ab\u00a0Saisir l\u2019avenir, ensemble\u00a0\u00bb. Trois jours de d\u00e9bats ouverts \u00e0 tous pour penser la soci\u00e9t\u00e9 de demain. Les [&hellip;]<\/p>\n","protected":false},"author":2,"featured_media":0,"parent":0,"menu_order":0,"comment_status":"closed","ping_status":"closed","template":"","meta":[],"yoast_head":"<!-- This site is optimized with the Yoast SEO plugin v17.2 - https:\/\/yoast.com\/wordpress\/plugins\/seo\/ -->\n<meta name=\"robots\" content=\"index, follow, max-snippet:-1, max-image-preview:large, max-video-preview:-1\" \/>\n<link rel=\"canonical\" href=\"https:\/\/www.lesrencontreseconomiques.fr\/dix-exigences-pour-la-presidentielle\/\" \/>\n<meta property=\"og:locale\" content=\"fr_FR\" \/>\n<meta property=\"og:type\" content=\"article\" \/>\n<meta property=\"og:title\" content=\"Dix exigences pour la pr\u00e9sidentielle - Les Rencontres \u00c9conomiques\" \/>\n<meta property=\"og:description\" content=\"Les 2, 3 et 4 juillet 2021, le Cercle des \u00e9conomistes a r\u00e9uni plus de 350 intervenants de toutes les sensibilit\u00e9s, du monde acad\u00e9mique, \u00e9conomique, syndical et social pour les 21e Rencontres \u00c9conomiques d\u2019Aix-en-Provence autour de la th\u00e9matique \u00ab\u00a0Saisir l\u2019avenir, ensemble\u00a0\u00bb. Trois jours de d\u00e9bats ouverts \u00e0 tous pour penser la soci\u00e9t\u00e9 de demain. Les [&hellip;]\" \/>\n<meta property=\"og:url\" content=\"https:\/\/www.lesrencontreseconomiques.fr\/dix-exigences-pour-la-presidentielle\/\" \/>\n<meta property=\"og:site_name\" content=\"Les Rencontres \u00c9conomiques\" \/>\n<meta property=\"article:publisher\" content=\"https:\/\/www.facebook.com\/Le.Cercle.des.Economistes\/\" \/>\n<meta property=\"article:modified_time\" content=\"2021-07-04T13:19:20+00:00\" \/>\n<meta property=\"og:image\" content=\"https:\/\/www.lesrencontreseconomiques.fr\/wp-content\/uploads\/2021\/06\/olivier-lenel.png\" \/>\n\t<meta property=\"og:image:width\" content=\"615\" \/>\n\t<meta property=\"og:image:height\" content=\"800\" \/>\n<meta name=\"twitter:card\" content=\"summary_large_image\" \/>\n<meta name=\"twitter:image\" content=\"https:\/\/www.lesrencontreseconomiques.fr\/wp-content\/uploads\/2021\/06\/olivier-lenel.png\" \/>\n<meta name=\"twitter:site\" content=\"@Cercle_eco\" \/>\n<meta name=\"twitter:label1\" content=\"Dur\u00e9e de lecture est.\" \/>\n\t<meta name=\"twitter:data1\" content=\"7 minutes\" \/>\n<script type=\"application\/ld+json\" class=\"yoast-schema-graph\">{\"@context\":\"https:\/\/schema.org\",\"@graph\":[{\"@type\":\"WebSite\",\"@id\":\"https:\/\/www.lesrencontreseconomiques.fr\/#website\",\"url\":\"https:\/\/www.lesrencontreseconomiques.fr\/\",\"name\":\"Les Rencontres \\u00c9conomiques\",\"description\":\"\",\"potentialAction\":[{\"@type\":\"SearchAction\",\"target\":{\"@type\":\"EntryPoint\",\"urlTemplate\":\"https:\/\/www.lesrencontreseconomiques.fr\/?s={search_term_string}\"},\"query-input\":\"required name=search_term_string\"}],\"inLanguage\":\"fr-FR\"},{\"@type\":\"WebPage\",\"@id\":\"https:\/\/www.lesrencontreseconomiques.fr\/dix-exigences-pour-la-presidentielle\/#webpage\",\"url\":\"https:\/\/www.lesrencontreseconomiques.fr\/dix-exigences-pour-la-presidentielle\/\",\"name\":\"Dix exigences pour la pr\\u00e9sidentielle - Les Rencontres \\u00c9conomiques\",\"isPartOf\":{\"@id\":\"https:\/\/www.lesrencontreseconomiques.fr\/#website\"},\"datePublished\":\"2021-07-04T13:18:52+00:00\",\"dateModified\":\"2021-07-04T13:19:20+00:00\",\"breadcrumb\":{\"@id\":\"https:\/\/www.lesrencontreseconomiques.fr\/dix-exigences-pour-la-presidentielle\/#breadcrumb\"},\"inLanguage\":\"fr-FR\",\"potentialAction\":[{\"@type\":\"ReadAction\",\"target\":[\"https:\/\/www.lesrencontreseconomiques.fr\/dix-exigences-pour-la-presidentielle\/\"]}]},{\"@type\":\"BreadcrumbList\",\"@id\":\"https:\/\/www.lesrencontreseconomiques.fr\/dix-exigences-pour-la-presidentielle\/#breadcrumb\",\"itemListElement\":[{\"@type\":\"ListItem\",\"position\":1,\"name\":\"Accueil\",\"item\":\"https:\/\/www.lesrencontreseconomiques.fr\/\"},{\"@type\":\"ListItem\",\"position\":2,\"name\":\"Dix exigences pour la pr\\u00e9sidentielle\"}]}]}<\/script>\n<!-- \/ Yoast SEO plugin. -->","yoast_head_json":{"robots":{"index":"index","follow":"follow","max-snippet":"max-snippet:-1","max-image-preview":"max-image-preview:large","max-video-preview":"max-video-preview:-1"},"canonical":"https:\/\/www.lesrencontreseconomiques.fr\/dix-exigences-pour-la-presidentielle\/","og_locale":"fr_FR","og_type":"article","og_title":"Dix exigences pour la pr\u00e9sidentielle - Les Rencontres \u00c9conomiques","og_description":"Les 2, 3 et 4 juillet 2021, le Cercle des \u00e9conomistes a r\u00e9uni plus de 350 intervenants de toutes les sensibilit\u00e9s, du monde acad\u00e9mique, \u00e9conomique, syndical et social pour les 21e Rencontres \u00c9conomiques d\u2019Aix-en-Provence autour de la th\u00e9matique \u00ab\u00a0Saisir l\u2019avenir, ensemble\u00a0\u00bb. Trois jours de d\u00e9bats ouverts \u00e0 tous pour penser la soci\u00e9t\u00e9 de demain. Les [&hellip;]","og_url":"https:\/\/www.lesrencontreseconomiques.fr\/dix-exigences-pour-la-presidentielle\/","og_site_name":"Les Rencontres \u00c9conomiques","article_publisher":"https:\/\/www.facebook.com\/Le.Cercle.des.Economistes\/","article_modified_time":"2021-07-04T13:19:20+00:00","og_image":[{"width":615,"height":800,"url":"https:\/\/www.lesrencontreseconomiques.fr\/wp-content\/uploads\/2021\/06\/olivier-lenel.png","path":"\/var\/www\/websites\/www.lesrencontreseconomiques.fr\/wordpress\/wp-content\/uploads\/2021\/06\/olivier-lenel.png","size":"full","id":2071,"alt":"","pixels":492000,"type":"image\/png"}],"twitter_card":"summary_large_image","twitter_image":"https:\/\/www.lesrencontreseconomiques.fr\/wp-content\/uploads\/2021\/06\/olivier-lenel.png","twitter_site":"@Cercle_eco","twitter_misc":{"Dur\u00e9e de lecture est.":"7 minutes"},"schema":{"@context":"https:\/\/schema.org","@graph":[{"@type":"WebSite","@id":"https:\/\/www.lesrencontreseconomiques.fr\/#website","url":"https:\/\/www.lesrencontreseconomiques.fr\/","name":"Les Rencontres \u00c9conomiques","description":"","potentialAction":[{"@type":"SearchAction","target":{"@type":"EntryPoint","urlTemplate":"https:\/\/www.lesrencontreseconomiques.fr\/?s={search_term_string}"},"query-input":"required name=search_term_string"}],"inLanguage":"fr-FR"},{"@type":"WebPage","@id":"https:\/\/www.lesrencontreseconomiques.fr\/dix-exigences-pour-la-presidentielle\/#webpage","url":"https:\/\/www.lesrencontreseconomiques.fr\/dix-exigences-pour-la-presidentielle\/","name":"Dix exigences pour la pr\u00e9sidentielle - Les Rencontres \u00c9conomiques","isPartOf":{"@id":"https:\/\/www.lesrencontreseconomiques.fr\/#website"},"datePublished":"2021-07-04T13:18:52+00:00","dateModified":"2021-07-04T13:19:20+00:00","breadcrumb":{"@id":"https:\/\/www.lesrencontreseconomiques.fr\/dix-exigences-pour-la-presidentielle\/#breadcrumb"},"inLanguage":"fr-FR","potentialAction":[{"@type":"ReadAction","target":["https:\/\/www.lesrencontreseconomiques.fr\/dix-exigences-pour-la-presidentielle\/"]}]},{"@type":"BreadcrumbList","@id":"https:\/\/www.lesrencontreseconomiques.fr\/dix-exigences-pour-la-presidentielle\/#breadcrumb","itemListElement":[{"@type":"ListItem","position":1,"name":"Accueil","item":"https:\/\/www.lesrencontreseconomiques.fr\/"},{"@type":"ListItem","position":2,"name":"Dix exigences pour la pr\u00e9sidentielle"}]}]}},"_links":{"self":[{"href":"https:\/\/www.lesrencontreseconomiques.fr\/wp-json\/wp\/v2\/pages\/2587"}],"collection":[{"href":"https:\/\/www.lesrencontreseconomiques.fr\/wp-json\/wp\/v2\/pages"}],"about":[{"href":"https:\/\/www.lesrencontreseconomiques.fr\/wp-json\/wp\/v2\/types\/page"}],"author":[{"embeddable":true,"href":"https:\/\/www.lesrencontreseconomiques.fr\/wp-json\/wp\/v2\/users\/2"}],"replies":[{"embeddable":true,"href":"https:\/\/www.lesrencontreseconomiques.fr\/wp-json\/wp\/v2\/comments?post=2587"}],"version-history":[{"count":0,"href":"https:\/\/www.lesrencontreseconomiques.fr\/wp-json\/wp\/v2\/pages\/2587\/revisions"}],"wp:attachment":[{"href":"https:\/\/www.lesrencontreseconomiques.fr\/wp-json\/wp\/v2\/media?parent=2587"}],"curies":[{"name":"wp","href":"https:\/\/api.w.org\/{rel}","templated":true}]}}