{"id":2462,"date":"2021-06-27T19:14:55","date_gmt":"2021-06-27T17:14:55","guid":{"rendered":"https:\/\/www.lesrencontreseconomiques.fr\/?page_id=2462"},"modified":"2021-06-27T19:18:06","modified_gmt":"2021-06-27T17:18:06","slug":"quel-chemin-pour-la-classe-moyenne","status":"publish","type":"page","link":"https:\/\/www.lesrencontreseconomiques.fr\/quel-chemin-pour-la-classe-moyenne\/","title":{"rendered":"Quel chemin pour la classe moyenne ?"},"content":{"rendered":"<div class=\"-wrapper -668 -mt-90 -mb-90\">\n<div class=\"cp-intro -texte\">\n<div class=\"description\">\n<div class=\"cp-texte\">\n<h3>Par Monika Queisser, Conseill\u00e8re principale et Cheffe de la Division des politiques sociales de l&rsquo;OCDE<\/h3>\n<p><a class=\"cp-cta-bouton\" href=\"https:\/\/www.lesrencontreseconomiques.fr\/intervenants\/monika-queisser\/\">Lire sa biographie<\/a><\/p>\n<\/p><\/div>\n<\/p><\/div>\n<\/p><\/div>\n<\/p><\/div>\n<div class=\"-wrapper -668 -mt-90 -mb-90\">\n<div class=\"cp-intro -texte\">\n<div class=\"description\">\n<div class=\"cp-texte\">\n<p>Une classe moyenne forte et prosp\u00e8re est essentielle \u00e0 toute \u00e9conomie florissante et \u00e0 toute soci\u00e9t\u00e9 coh\u00e9sive. \u00catre une famille de classe moyenne signifie avoir un emploi stable et raisonnablement bien r\u00e9mun\u00e9r\u00e9, vivre dans des conditions confortables, souvent en tant que propri\u00e9taire, et, surtout, \u00eatre capable d&rsquo;offrir \u00e0 ses enfants un avenir prometteur, avec de bonnes chances de gravir l&rsquo;\u00e9chelle des revenus et des opportunit\u00e9s.<\/p>\n<p>La classe moyenne soutient la consommation, elle est \u00e0 l&rsquo;origine d&rsquo;une grande partie des investissements dans l&rsquo;\u00e9ducation, la sant\u00e9 et le logement et elle joue un r\u00f4le cl\u00e9 dans le soutien de la politique sociale, en payant environ deux tiers des imp\u00f4ts et des contributions destin\u00e9s aux syst\u00e8mes de protection sociale. Les soci\u00e9t\u00e9s dot\u00e9es d&rsquo;une classe moyenne forte affichent des taux de criminalit\u00e9 plus faibles, des niveaux de confiance et de satisfaction de la vie plus \u00e9lev\u00e9s, ainsi qu&rsquo;une plus grande stabilit\u00e9 politique et une bonne gouvernance.<\/p>\n<p>Mais la classe moyenne se r\u00e9duit progressivement et il devient de plus en plus difficile de mener un mode de vie de classe moyenne, en France comme ailleurs. En moyenne dans les pays de l&rsquo;OCDE, la part des personnes appartenant \u00e0 des m\u00e9nages \u00e0 revenu interm\u00e9diaire, d\u00e9finis comme des m\u00e9nages gagnant entre 75 % et 200 % du revenu national m\u00e9dian, est pass\u00e9e de 64 % \u00e0 61 % entre le milieu des ann\u00e9es 1980 et le milieu des ann\u00e9es 2010 ; en France, \u00e0 68 %, la part des personnes de classe moyenne dans la population reste sup\u00e9rieure \u00e0 la moyenne de l&rsquo;OCDE. Les revenus moyens ont \u00e0 peine augment\u00e9 dans la plupart des pays de l&rsquo;OCDE, alors que les hauts revenus ont vu leurs revenus augmenter. Globalement, au cours des 30 derni\u00e8res ann\u00e9es, les revenus m\u00e9dians de l&rsquo;OCDE ont augment\u00e9 un tiers de moins que le revenu moyen des 10 % les plus riches.<\/p>\n<p>Le groupe des personnes gagnant des revenus moyens s&rsquo;est r\u00e9duit au fil des g\u00e9n\u00e9rations : 70 % des baby-boomers faisaient partie de la classe moyenne lorsqu&rsquo;ils avaient vingt ans, contre 60 % des millennials. Incertaine de ses propres perspectives, la classe moyenne s&rsquo;inqui\u00e8te donc de celles de ses enfants ; la g\u00e9n\u00e9ration actuelle est l&rsquo;une des plus \u00e9duqu\u00e9es, et pourtant elle a moins de chances d&rsquo;atteindre le m\u00eame niveau de vie que ses parents. L&rsquo;enqu\u00eate 2020 de l&rsquo;OCDE sur \u00ab\u00a0 Les risques qui comptent\u00a0\u00bb confirme que 66 % des Fran\u00e7ais sont assez ou tr\u00e8s pr\u00e9occup\u00e9s par le risque que leurs enfants ne seront pas aussi ais\u00e9s et financi\u00e8rement s\u00fbrs qu&rsquo;eux; ce chiffre est sup\u00e9rieur \u00e0 la moyenne de l&rsquo;OCDE (59 %) et plus pessimiste que dans la plupart des pays europ\u00e9ens.<\/p>\n<p>L&rsquo;automatisation et la num\u00e9risation entra\u00eenent de nouveaux d\u00e9fis pour la classe moyenne. Tant en France que dans l&rsquo;OCDE, en moyenne, un travailleur \u00e0 revenu moyen sur six occupe un emploi qui pr\u00e9sente un risque \u00e9lev\u00e9 d&rsquo;automatisation. De nombreux jeunes peinent \u00e0 passer de l&rsquo;\u00e9cole au travail avec un parcours stable, et beaucoup d&rsquo;entre eux ne parviennent \u00e0 d\u00e9crocher qu&rsquo;une succession de stages, de contrats \u00e0 court terme, de sous-emplois et d&#8217;emplois instables. La pand\u00e9mie n&rsquo;a fait qu&rsquo;aggraver cette situation. Le risque est grand que les cicatrices de cette situation nuisent de mani\u00e8re permanente \u00e0 la carri\u00e8re des jeunes et \u00e0 leurs revenus au cours de leur vie.<\/p>\n<p>Parall\u00e8lement, le co\u00fbt des biens typiques associ\u00e9s \u00e0 un mode de vie de classe moyenne a augment\u00e9 plus vite que l&rsquo;inflation. Il est de plus en plus difficile de trouver un logement abordable. Au cours des deux derni\u00e8res d\u00e9cennies, la part du logement dans les d\u00e9penses des m\u00e9nages a augment\u00e9 plus que tout autre poste, devant l&rsquo;alimentation et l&rsquo;habillement, les transports, la sant\u00e9 et l&rsquo;\u00e9ducation. Cela s&rsquo;explique notamment par la hausse des prix du logement, en particulier pour les locataires : depuis 2005, les prix des loyers ont augment\u00e9 dans tous les pays de l&rsquo;OCDE sauf deux. Les premiers \u00e9l\u00e9ments montrent que la pand\u00e9mie a fait grimper les prix des logements en raison de l&rsquo;augmentation de l&rsquo;\u00e9pargne des m\u00e9nages les plus ais\u00e9s, d&rsquo;un environnement de taux d&rsquo;int\u00e9r\u00eat bas et d&rsquo;une offre insuffisante pour r\u00e9pondre \u00e0 la hausse de la demande.<\/p>\n<p>Les gouvernements disposent d&rsquo;un ensemble d&rsquo;outils pour am\u00e9liorer la situation de la classe moyenne. Mais il n&rsquo;existe pas de solutions faciles et \u00e0 court terme. Les \u00e9volutions d\u00e9mographiques, \u00e9conomiques, sociales et technologiques signifient que les gens &#8211; et les d\u00e9cideurs politiques &#8211; doivent naviguer dans un environnement de plus en plus incertain. Les choix \u00e9ducatifs et professionnels, par exemple, qui \u00e9taient jusqu&rsquo;\u00e0 r\u00e9cemment consid\u00e9r\u00e9s comme des \u00ab\u00a0valeurs s\u00fbres\u00a0\u00bb, ne suffisent plus \u00e0 garantir une carri\u00e8re stable et bien r\u00e9mun\u00e9r\u00e9e. Comme le montrent les travaux de l&rsquo;OCDE sur le vieillissement et les in\u00e9galit\u00e9s, le risque d&rsquo;accumulation des d\u00e9savantages a augment\u00e9, les risques de ch\u00f4mage, de mauvaise sant\u00e9, de faible niveau d&rsquo;\u00e9ducation et de handicap s&rsquo;aggravant et mettant en p\u00e9ril la coh\u00e9sion des soci\u00e9t\u00e9s.<\/p>\n<p>Pour avoir un impact durable, il faut s&rsquo;attaquer aux vuln\u00e9rabilit\u00e9s \u00e0 la racine, et non pas lorsque les in\u00e9galit\u00e9s sont d\u00e9j\u00e0 profond\u00e9ment enracin\u00e9es et difficiles \u00e0 inverser. Cela n\u00e9cessitera toutefois de revoir compl\u00e8tement notre fa\u00e7on de penser et de concevoir les politiques. Il faut adopter une approche politique fond\u00e9e sur le cycle de vie, en commen\u00e7ant par la petite enfance jusqu&rsquo;aux jeunes adultes, lorsque les bases des in\u00e9galit\u00e9s socio-\u00e9conomiques sont pos\u00e9es. Les investissements pr\u00e9coces doivent \u00eatre suivis d&rsquo;interventions politiques durables \u00e0 des moments critiques de la vie des gens, tels que la transition de l&rsquo;\u00e9cole au travail, les p\u00e9riodes de ch\u00f4mage, les probl\u00e8mes de sant\u00e9 et le handicap, mais aussi d&rsquo;autres \u00e9v\u00e9nements de la vie tels que le divorce et l&rsquo;\u00e9clatement de la famille, ou les risques de sans-abrisme.<\/p>\n<p>Cela ne peut fonctionner que si les gouvernements adoptent une approche horizontale : les minist\u00e8res de l&rsquo;\u00e9ducation et des comp\u00e9tences, du travail, des affaires sociales, de la sant\u00e9 et du logement doivent tous travailler ensemble. Et cela implique bien s\u00fbr un r\u00f4le central pour les minist\u00e8res des finances, non seulement dans la r\u00e9vision des syst\u00e8mes d&rsquo;imposition et d&rsquo;indemnisation afin de soutenir les groupes vuln\u00e9rables et d&#8217;emp\u00eacher la poursuite du glissement de la classe moyenne, mais aussi dans l&rsquo;allocation des budgets entre les domaines politiques et tout au long du cycle de vie. Les partenaires sociaux et la soci\u00e9t\u00e9 civile, qui peuvent identifier les risques \u00e0 un stade pr\u00e9coce et y faire face sur le lieu de travail et dans la soci\u00e9t\u00e9, sont des partenaires cl\u00e9s dans ce processus. Il est grand temps d\u2019 agir. Ne perdons pas un jour de plus.<\/p>\n<\/p><\/div>\n<\/p><\/div>\n<\/p><\/div>\n<\/p><\/div>\n","protected":false},"excerpt":{"rendered":"<p>Par Monika Queisser, Conseill\u00e8re principale et Cheffe de la Division des politiques sociales de l&rsquo;OCDE Lire sa biographie Une classe moyenne forte et prosp\u00e8re est essentielle \u00e0 toute \u00e9conomie florissante et \u00e0 toute soci\u00e9t\u00e9 coh\u00e9sive. \u00catre une famille de classe moyenne signifie avoir un emploi stable et raisonnablement bien r\u00e9mun\u00e9r\u00e9, vivre dans des conditions confortables, [&hellip;]<\/p>\n","protected":false},"author":2,"featured_media":0,"parent":0,"menu_order":0,"comment_status":"closed","ping_status":"closed","template":"","meta":[],"yoast_head":"<!-- This site is optimized with the Yoast SEO plugin v17.2 - https:\/\/yoast.com\/wordpress\/plugins\/seo\/ -->\n<meta name=\"robots\" content=\"index, follow, max-snippet:-1, max-image-preview:large, max-video-preview:-1\" \/>\n<link rel=\"canonical\" href=\"https:\/\/www.lesrencontreseconomiques.fr\/quel-chemin-pour-la-classe-moyenne\/\" \/>\n<meta property=\"og:locale\" content=\"fr_FR\" \/>\n<meta property=\"og:type\" content=\"article\" \/>\n<meta property=\"og:title\" content=\"Quel chemin pour la classe moyenne ? - Les Rencontres \u00c9conomiques\" \/>\n<meta property=\"og:description\" content=\"Par Monika Queisser, Conseill\u00e8re principale et Cheffe de la Division des politiques sociales de l&rsquo;OCDE Lire sa biographie Une classe moyenne forte et prosp\u00e8re est essentielle \u00e0 toute \u00e9conomie florissante et \u00e0 toute soci\u00e9t\u00e9 coh\u00e9sive. \u00catre une famille de classe moyenne signifie avoir un emploi stable et raisonnablement bien r\u00e9mun\u00e9r\u00e9, vivre dans des conditions confortables, [&hellip;]\" \/>\n<meta property=\"og:url\" content=\"https:\/\/www.lesrencontreseconomiques.fr\/quel-chemin-pour-la-classe-moyenne\/\" \/>\n<meta property=\"og:site_name\" content=\"Les Rencontres \u00c9conomiques\" \/>\n<meta property=\"article:publisher\" content=\"https:\/\/www.facebook.com\/Le.Cercle.des.Economistes\/\" \/>\n<meta property=\"article:modified_time\" content=\"2021-06-27T17:18:06+00:00\" \/>\n<meta property=\"og:image\" content=\"https:\/\/www.lesrencontreseconomiques.fr\/wp-content\/uploads\/2021\/06\/olivier-lenel.png\" \/>\n\t<meta property=\"og:image:width\" content=\"615\" \/>\n\t<meta property=\"og:image:height\" content=\"800\" \/>\n<meta name=\"twitter:card\" content=\"summary_large_image\" \/>\n<meta name=\"twitter:image\" content=\"https:\/\/www.lesrencontreseconomiques.fr\/wp-content\/uploads\/2021\/06\/olivier-lenel.png\" \/>\n<meta name=\"twitter:site\" content=\"@Cercle_eco\" \/>\n<meta name=\"twitter:label1\" content=\"Dur\u00e9e de lecture est.\" \/>\n\t<meta name=\"twitter:data1\" content=\"6 minutes\" \/>\n<script type=\"application\/ld+json\" class=\"yoast-schema-graph\">{\"@context\":\"https:\/\/schema.org\",\"@graph\":[{\"@type\":\"WebSite\",\"@id\":\"https:\/\/www.lesrencontreseconomiques.fr\/#website\",\"url\":\"https:\/\/www.lesrencontreseconomiques.fr\/\",\"name\":\"Les Rencontres \\u00c9conomiques\",\"description\":\"\",\"potentialAction\":[{\"@type\":\"SearchAction\",\"target\":{\"@type\":\"EntryPoint\",\"urlTemplate\":\"https:\/\/www.lesrencontreseconomiques.fr\/?s={search_term_string}\"},\"query-input\":\"required name=search_term_string\"}],\"inLanguage\":\"fr-FR\"},{\"@type\":\"WebPage\",\"@id\":\"https:\/\/www.lesrencontreseconomiques.fr\/quel-chemin-pour-la-classe-moyenne\/#webpage\",\"url\":\"https:\/\/www.lesrencontreseconomiques.fr\/quel-chemin-pour-la-classe-moyenne\/\",\"name\":\"Quel chemin pour la classe moyenne ? - Les Rencontres \\u00c9conomiques\",\"isPartOf\":{\"@id\":\"https:\/\/www.lesrencontreseconomiques.fr\/#website\"},\"datePublished\":\"2021-06-27T17:14:55+00:00\",\"dateModified\":\"2021-06-27T17:18:06+00:00\",\"breadcrumb\":{\"@id\":\"https:\/\/www.lesrencontreseconomiques.fr\/quel-chemin-pour-la-classe-moyenne\/#breadcrumb\"},\"inLanguage\":\"fr-FR\",\"potentialAction\":[{\"@type\":\"ReadAction\",\"target\":[\"https:\/\/www.lesrencontreseconomiques.fr\/quel-chemin-pour-la-classe-moyenne\/\"]}]},{\"@type\":\"BreadcrumbList\",\"@id\":\"https:\/\/www.lesrencontreseconomiques.fr\/quel-chemin-pour-la-classe-moyenne\/#breadcrumb\",\"itemListElement\":[{\"@type\":\"ListItem\",\"position\":1,\"name\":\"Accueil\",\"item\":\"https:\/\/www.lesrencontreseconomiques.fr\/\"},{\"@type\":\"ListItem\",\"position\":2,\"name\":\"Quel chemin pour la classe moyenne ?\"}]}]}<\/script>\n<!-- \/ Yoast SEO plugin. -->","yoast_head_json":{"robots":{"index":"index","follow":"follow","max-snippet":"max-snippet:-1","max-image-preview":"max-image-preview:large","max-video-preview":"max-video-preview:-1"},"canonical":"https:\/\/www.lesrencontreseconomiques.fr\/quel-chemin-pour-la-classe-moyenne\/","og_locale":"fr_FR","og_type":"article","og_title":"Quel chemin pour la classe moyenne ? - Les Rencontres \u00c9conomiques","og_description":"Par Monika Queisser, Conseill\u00e8re principale et Cheffe de la Division des politiques sociales de l&rsquo;OCDE Lire sa biographie Une classe moyenne forte et prosp\u00e8re est essentielle \u00e0 toute \u00e9conomie florissante et \u00e0 toute soci\u00e9t\u00e9 coh\u00e9sive. \u00catre une famille de classe moyenne signifie avoir un emploi stable et raisonnablement bien r\u00e9mun\u00e9r\u00e9, vivre dans des conditions confortables, [&hellip;]","og_url":"https:\/\/www.lesrencontreseconomiques.fr\/quel-chemin-pour-la-classe-moyenne\/","og_site_name":"Les Rencontres \u00c9conomiques","article_publisher":"https:\/\/www.facebook.com\/Le.Cercle.des.Economistes\/","article_modified_time":"2021-06-27T17:18:06+00:00","og_image":[{"width":615,"height":800,"url":"https:\/\/www.lesrencontreseconomiques.fr\/wp-content\/uploads\/2021\/06\/olivier-lenel.png","path":"\/var\/www\/websites\/www.lesrencontreseconomiques.fr\/wordpress\/wp-content\/uploads\/2021\/06\/olivier-lenel.png","size":"full","id":2071,"alt":"","pixels":492000,"type":"image\/png"}],"twitter_card":"summary_large_image","twitter_image":"https:\/\/www.lesrencontreseconomiques.fr\/wp-content\/uploads\/2021\/06\/olivier-lenel.png","twitter_site":"@Cercle_eco","twitter_misc":{"Dur\u00e9e de lecture est.":"6 minutes"},"schema":{"@context":"https:\/\/schema.org","@graph":[{"@type":"WebSite","@id":"https:\/\/www.lesrencontreseconomiques.fr\/#website","url":"https:\/\/www.lesrencontreseconomiques.fr\/","name":"Les Rencontres \u00c9conomiques","description":"","potentialAction":[{"@type":"SearchAction","target":{"@type":"EntryPoint","urlTemplate":"https:\/\/www.lesrencontreseconomiques.fr\/?s={search_term_string}"},"query-input":"required name=search_term_string"}],"inLanguage":"fr-FR"},{"@type":"WebPage","@id":"https:\/\/www.lesrencontreseconomiques.fr\/quel-chemin-pour-la-classe-moyenne\/#webpage","url":"https:\/\/www.lesrencontreseconomiques.fr\/quel-chemin-pour-la-classe-moyenne\/","name":"Quel chemin pour la classe moyenne ? - Les Rencontres \u00c9conomiques","isPartOf":{"@id":"https:\/\/www.lesrencontreseconomiques.fr\/#website"},"datePublished":"2021-06-27T17:14:55+00:00","dateModified":"2021-06-27T17:18:06+00:00","breadcrumb":{"@id":"https:\/\/www.lesrencontreseconomiques.fr\/quel-chemin-pour-la-classe-moyenne\/#breadcrumb"},"inLanguage":"fr-FR","potentialAction":[{"@type":"ReadAction","target":["https:\/\/www.lesrencontreseconomiques.fr\/quel-chemin-pour-la-classe-moyenne\/"]}]},{"@type":"BreadcrumbList","@id":"https:\/\/www.lesrencontreseconomiques.fr\/quel-chemin-pour-la-classe-moyenne\/#breadcrumb","itemListElement":[{"@type":"ListItem","position":1,"name":"Accueil","item":"https:\/\/www.lesrencontreseconomiques.fr\/"},{"@type":"ListItem","position":2,"name":"Quel chemin pour la classe moyenne ?"}]}]}},"_links":{"self":[{"href":"https:\/\/www.lesrencontreseconomiques.fr\/wp-json\/wp\/v2\/pages\/2462"}],"collection":[{"href":"https:\/\/www.lesrencontreseconomiques.fr\/wp-json\/wp\/v2\/pages"}],"about":[{"href":"https:\/\/www.lesrencontreseconomiques.fr\/wp-json\/wp\/v2\/types\/page"}],"author":[{"embeddable":true,"href":"https:\/\/www.lesrencontreseconomiques.fr\/wp-json\/wp\/v2\/users\/2"}],"replies":[{"embeddable":true,"href":"https:\/\/www.lesrencontreseconomiques.fr\/wp-json\/wp\/v2\/comments?post=2462"}],"version-history":[{"count":0,"href":"https:\/\/www.lesrencontreseconomiques.fr\/wp-json\/wp\/v2\/pages\/2462\/revisions"}],"wp:attachment":[{"href":"https:\/\/www.lesrencontreseconomiques.fr\/wp-json\/wp\/v2\/media?parent=2462"}],"curies":[{"name":"wp","href":"https:\/\/api.w.org\/{rel}","templated":true}]}}