{"id":2426,"date":"2021-06-24T09:37:55","date_gmt":"2021-06-24T07:37:55","guid":{"rendered":"https:\/\/www.lesrencontreseconomiques.fr\/?page_id=2426"},"modified":"2021-06-24T09:45:19","modified_gmt":"2021-06-24T07:45:19","slug":"retisser-les-fils-qui-nous-lient","status":"publish","type":"page","link":"https:\/\/www.lesrencontreseconomiques.fr\/articles-contributions\/solidarites\/retisser-les-fils-qui-nous-lient\/","title":{"rendered":"Retisser les fils qui nous lient"},"content":{"rendered":"<div class=\"-wrapper -668 -mt-90 -mb-90\">\n<div class=\"cp-intro -texte\">\n<div class=\"description\">\n<div class=\"cp-texte\">\n<h3>Par <strong>\u00c9lisabeth Moreno, <\/strong>Ministre d\u00e9l\u00e9gu\u00e9e aupr\u00e8s du Premier ministre charg\u00e9e de l\u2019\u00c9galit\u00e9 entre les femmes et les hommes, de la Diversit\u00e9 et de l\u2019\u00c9galit\u00e9 des chances<\/h3>\n<p><a class=\"cp-cta-bouton\" href=\"https:\/\/www.lesrencontreseconomiques.fr\/en\/speakers\/elisabeth-moreno\/\">Lire sa biographie<\/a><\/p>\n<\/p><\/div>\n<\/p><\/div>\n<\/p><\/div>\n<\/p><\/div>\n<div class=\"-wrapper -668 -mt-90 -mb-90\">\n<div class=\"cp-intro -texte\">\n<div class=\"description\">\n<div class=\"cp-texte\">\n<p>\u00c0 la racine des enjeux auxquels nos soci\u00e9t\u00e9s sont confront\u00e9es aujourd\u2019hui, et qui figurent au c\u0153ur du programme de cette \u00e9dition 2021 des Rencontres \u00e9conomiques d\u2019Aix-en-Provence, r\u00e9side la notion d\u2019in\u00e9galit\u00e9s. La crise sanitaire que nous traversons depuis 2020 et dont la parenth\u00e8se n\u2019est pas encore referm\u00e9e en a constitu\u00e9 \u00e0 la fois un miroir grossissant et un catalyseur. R\u00e9v\u00e9l\u00e9es et aggrav\u00e9es par la pand\u00e9mie, les in\u00e9galit\u00e9s sont l\u00e9gion, s\u2019accroissent et sont de plus en plus visibles. Ce faisant, au- del\u00e0 des injustices individuelles qu\u2019elles engendrent, mises bout \u00e0 bout, elles minent aussi notre coh\u00e9sion sociale. Par ricochet, ce \u00ab scandale des in\u00e9galit\u00e9s \u00bb constitue, pour paraphraser Edgar Morin, un \u00ab danger pour l\u2019humanit\u00e9 \u00bb. Danger auquel la soci\u00e9t\u00e9 fran\u00e7aise, passionn\u00e9e d\u2019\u00e9galit\u00e9 depuis que la R\u00e9volution l\u2019a port\u00e9e aux nues, n\u2019\u00e9chappe pas.<\/p>\n<p>Dans notre pays, les in\u00e9galit\u00e9s \u2013 r\u00e9elles ou ressenties \u2013 sont insupportables. Peut-\u00eatre plus qu\u2019ailleurs, elles suscitent l\u2019indignation et sapent notre d\u00e9mocratie de l\u2019int\u00e9rieur. Cette rupture du pacte r\u00e9publicain \u2013 cens\u00e9 nous lier les uns aux autres \u2013 explique la perte de confiance en la parole et l\u2019action publiques. La crise des \u00ab Gilets jaunes \u00bb ou l\u2019abstention \u00e9lectorale constituent autant de stigmates visibles de cette d\u00e9fiance qui s\u2019est install\u00e9e peu \u00e0 peu entre les citoyens et leurs repr\u00e9sentants. Des stigmates qui, en r\u00e9alit\u00e9, ne datent pas d\u2019hier mais dont la crise sanitaire a sans nul doute renforc\u00e9 l\u2019intensit\u00e9.<\/p>\n<p>Si les in\u00e9galit\u00e9s ont un prix politique, \u00e0 savoir la mise en danger de notre d\u00e9mocratie et le d\u00e9litement de notre coh\u00e9sion nationale, elles ont aussi un co\u00fbt \u00e9conomique et social. De nombreux \u00e9conomistes ont mis le doigt sur l\u2019explosion des in\u00e9galit\u00e9s de revenus et la pr\u00e9carisation croissante observ\u00e9e ces derni\u00e8res d\u00e9cennies des plus bas salaires et des classes moyennes. Une situation qui contrevient \u00e0 la croissance \u00e9conomique et qui, si elle affecte l\u2019ensemble du corps social, touche en premier lieu les jeunes, les femmes et les personnes issues de la diversit\u00e9.<\/p>\n<p>C\u2019est dans ce contexte que le Gouvernement s\u2019est notamment engag\u00e9 en faveur des plus pr\u00e9caires et de la jeunesse, racine de notre avenir, en d\u00e9doublant les classes en grande section de maternelle et en CP-CE1 dans les r\u00e9seaux d\u2019\u00e9ducation prioritaire et en mobilisant quinze milliards d\u2019euros \u00e0 travers le plan d\u2019investissement dans les comp\u00e9tences pour former un million de demandeurs d\u2019emploi peu ou pas qualifi\u00e9s ainsi qu\u2019un million de jeunes \u00e9loign\u00e9s du march\u00e9 du travail. C\u2019est aussi l\u2019esprit de la strat\u00e9gie nationale de pr\u00e9vention et de lutte contre la pauvret\u00e9 ainsi que du comit\u00e9 interminist\u00e9riel \u00e0 la ville qui aspire \u00e0 am\u00e9liorer la vie quotidienne des habitants des 1 514 quartiers prioritaires de notre pays.<\/p>\n<p>L\u2019\u00e9galit\u00e9 des chances passe aussi par la lutte contre les discriminations. En 2016, France Strat\u00e9gie a mesur\u00e9 leur co\u00fbt. Les r\u00e9sultats de cette \u00e9tude sont \u00e9loquents et nous r\u00e9v\u00e8lent que l\u2019enjeu de l\u2019\u00e9limination des discriminations n\u2019est pas anodin mais au contraire consid\u00e9rable puisque leur facture se hisserait \u00e0 environ 150 milliards d\u2019euros. Autrement dit, lutter contre les discriminations nous permet de conjuguer comp\u00e9titivit\u00e9 et justice sociale, deux enjeux trop longtemps rest\u00e9s oppos\u00e9s. C\u2019est pourquoi, en plus de notre arsenal juridique d\u00e9j\u00e0 \u00e9toff\u00e9, \u00e0 la suite des engagements pris par le Pr\u00e9sident de la R\u00e9publique, le Gouvernement a lanc\u00e9 en 2021 une plateforme de lutte contre les discriminations, confi\u00e9e au D\u00e9fenseur des droits, ainsi qu\u2019une consultation citoyenne sur le sujet.<\/p>\n<p>Qu\u2019elles soient de genre, dans l\u2019acc\u00e8s \u00e0 l\u2019emploi, aux soins, \u00e0 l\u2019\u00e9ducation ou en mati\u00e8re de revenus, les in\u00e9galit\u00e9s ont un co\u00fbt qui polarise notre soci\u00e9t\u00e9, qui la rend \u00e9ruptive \u2013 comme le souligne la tension qui a gagn\u00e9 notre d\u00e9bat public \u2013 et face auxquelles nous ne pouvons d\u00e9tourner le regard. L\u2019exasp\u00e9ration et la r\u00e9signation qui emplissent une partie de nos concitoyens doivent nous inviter \u00e0 agir. Nous sommes aujourd\u2019hui \u00e0 la crois\u00e9e des chemins, \u00e0 un moment de v\u00e9rit\u00e9 pour notre soci\u00e9t\u00e9. Aujourd\u2019hui mis \u00e0 mal, notre mod\u00e8le r\u00e9publicain se dissout dans l\u2019inaction. R\u00e9sorber les in\u00e9galit\u00e9s, c\u2019est au contraire le faire vivre.<\/p>\n<p>C\u2019est pourquoi Emmanuel Macron a souhait\u00e9 mettre au c\u0153ur des priorit\u00e9s de son mandat l\u2019enjeu de la lutte contre les in\u00e9galit\u00e9s. Sur le plan international, en l\u2019inscrivant au centre de l\u2019agenda du G7 de Biarritz en 2019, ainsi qu\u2019en France en en faisant un axiome de nos politiques publiques. Lutter contre les in\u00e9galit\u00e9s, se battre pour abolir les discriminations, c\u2019est en fin de compte r\u00e9concilier l\u2019id\u00e9al r\u00e9publicain avec notre soci\u00e9t\u00e9 contemporaine. Comme le disait Frantz Fanon : \u00ab chaque g\u00e9n\u00e9ration doit d\u00e9couvrir sa mission, la remplir ou la trahir \u00bb. \u00c0 nous de la remplir pour retisser les fils qui nous lient.<\/p>\n<\/p><\/div>\n<\/p><\/div>\n<\/p><\/div>\n<\/p><\/div>\n","protected":false},"excerpt":{"rendered":"<p>Par \u00c9lisabeth Moreno, Ministre d\u00e9l\u00e9gu\u00e9e aupr\u00e8s du Premier ministre charg\u00e9e de l\u2019\u00c9galit\u00e9 entre les femmes et les hommes, de la Diversit\u00e9 et de l\u2019\u00c9galit\u00e9 des chances Lire sa biographie \u00c0 la racine des enjeux auxquels nos soci\u00e9t\u00e9s sont confront\u00e9es aujourd\u2019hui, et qui figurent au c\u0153ur du programme de cette \u00e9dition 2021 des Rencontres \u00e9conomiques d\u2019Aix-en-Provence, [&hellip;]<\/p>\n","protected":false},"author":2,"featured_media":0,"parent":2205,"menu_order":0,"comment_status":"closed","ping_status":"closed","template":"","meta":[],"yoast_head":"<!-- This site is optimized with the Yoast SEO plugin v17.2 - https:\/\/yoast.com\/wordpress\/plugins\/seo\/ -->\n<meta name=\"robots\" content=\"index, follow, max-snippet:-1, max-image-preview:large, max-video-preview:-1\" \/>\n<link rel=\"canonical\" href=\"https:\/\/www.lesrencontreseconomiques.fr\/articles-contributions\/solidarites\/retisser-les-fils-qui-nous-lient\/\" \/>\n<meta property=\"og:locale\" content=\"fr_FR\" \/>\n<meta property=\"og:type\" content=\"article\" \/>\n<meta property=\"og:title\" content=\"Retisser les fils qui nous lient - Les Rencontres \u00c9conomiques\" \/>\n<meta property=\"og:description\" content=\"Par \u00c9lisabeth Moreno, Ministre d\u00e9l\u00e9gu\u00e9e aupr\u00e8s du Premier ministre charg\u00e9e de l\u2019\u00c9galit\u00e9 entre les femmes et les hommes, de la Diversit\u00e9 et de l\u2019\u00c9galit\u00e9 des chances Lire sa biographie \u00c0 la racine des enjeux auxquels nos soci\u00e9t\u00e9s sont confront\u00e9es aujourd\u2019hui, et qui figurent au c\u0153ur du programme de cette \u00e9dition 2021 des Rencontres \u00e9conomiques d\u2019Aix-en-Provence, [&hellip;]\" \/>\n<meta property=\"og:url\" content=\"https:\/\/www.lesrencontreseconomiques.fr\/articles-contributions\/solidarites\/retisser-les-fils-qui-nous-lient\/\" \/>\n<meta property=\"og:site_name\" content=\"Les Rencontres \u00c9conomiques\" \/>\n<meta property=\"article:publisher\" content=\"https:\/\/www.facebook.com\/Le.Cercle.des.Economistes\/\" \/>\n<meta property=\"article:modified_time\" content=\"2021-06-24T07:45:19+00:00\" \/>\n<meta property=\"og:image\" content=\"https:\/\/www.lesrencontreseconomiques.fr\/wp-content\/uploads\/2021\/06\/olivier-lenel.png\" \/>\n\t<meta property=\"og:image:width\" content=\"615\" \/>\n\t<meta property=\"og:image:height\" content=\"800\" \/>\n<meta name=\"twitter:card\" content=\"summary_large_image\" \/>\n<meta name=\"twitter:image\" content=\"https:\/\/www.lesrencontreseconomiques.fr\/wp-content\/uploads\/2021\/06\/olivier-lenel.png\" \/>\n<meta name=\"twitter:site\" content=\"@Cercle_eco\" \/>\n<meta name=\"twitter:label1\" content=\"Dur\u00e9e de lecture est.\" \/>\n\t<meta name=\"twitter:data1\" content=\"5 minutes\" \/>\n<script type=\"application\/ld+json\" class=\"yoast-schema-graph\">{\"@context\":\"https:\/\/schema.org\",\"@graph\":[{\"@type\":\"WebSite\",\"@id\":\"https:\/\/www.lesrencontreseconomiques.fr\/#website\",\"url\":\"https:\/\/www.lesrencontreseconomiques.fr\/\",\"name\":\"Les Rencontres \\u00c9conomiques\",\"description\":\"\",\"potentialAction\":[{\"@type\":\"SearchAction\",\"target\":{\"@type\":\"EntryPoint\",\"urlTemplate\":\"https:\/\/www.lesrencontreseconomiques.fr\/?s={search_term_string}\"},\"query-input\":\"required name=search_term_string\"}],\"inLanguage\":\"fr-FR\"},{\"@type\":\"WebPage\",\"@id\":\"https:\/\/www.lesrencontreseconomiques.fr\/articles-contributions\/solidarites\/retisser-les-fils-qui-nous-lient\/#webpage\",\"url\":\"https:\/\/www.lesrencontreseconomiques.fr\/articles-contributions\/solidarites\/retisser-les-fils-qui-nous-lient\/\",\"name\":\"Retisser les fils qui nous lient - Les Rencontres \\u00c9conomiques\",\"isPartOf\":{\"@id\":\"https:\/\/www.lesrencontreseconomiques.fr\/#website\"},\"datePublished\":\"2021-06-24T07:37:55+00:00\",\"dateModified\":\"2021-06-24T07:45:19+00:00\",\"breadcrumb\":{\"@id\":\"https:\/\/www.lesrencontreseconomiques.fr\/articles-contributions\/solidarites\/retisser-les-fils-qui-nous-lient\/#breadcrumb\"},\"inLanguage\":\"fr-FR\",\"potentialAction\":[{\"@type\":\"ReadAction\",\"target\":[\"https:\/\/www.lesrencontreseconomiques.fr\/articles-contributions\/solidarites\/retisser-les-fils-qui-nous-lient\/\"]}]},{\"@type\":\"BreadcrumbList\",\"@id\":\"https:\/\/www.lesrencontreseconomiques.fr\/articles-contributions\/solidarites\/retisser-les-fils-qui-nous-lient\/#breadcrumb\",\"itemListElement\":[{\"@type\":\"ListItem\",\"position\":1,\"name\":\"Accueil\",\"item\":\"https:\/\/www.lesrencontreseconomiques.fr\/\"},{\"@type\":\"ListItem\",\"position\":2,\"name\":\"Articles &#038; Contributions\",\"item\":\"https:\/\/www.lesrencontreseconomiques.fr\/articles-contributions\/\"},{\"@type\":\"ListItem\",\"position\":3,\"name\":\"Solidarit\\u00e9s\",\"item\":\"https:\/\/www.lesrencontreseconomiques.fr\/articles-contributions\/solidarites\/\"},{\"@type\":\"ListItem\",\"position\":4,\"name\":\"Retisser les fils qui nous lient\"}]}]}<\/script>\n<!-- \/ Yoast SEO plugin. -->","yoast_head_json":{"robots":{"index":"index","follow":"follow","max-snippet":"max-snippet:-1","max-image-preview":"max-image-preview:large","max-video-preview":"max-video-preview:-1"},"canonical":"https:\/\/www.lesrencontreseconomiques.fr\/articles-contributions\/solidarites\/retisser-les-fils-qui-nous-lient\/","og_locale":"fr_FR","og_type":"article","og_title":"Retisser les fils qui nous lient - Les Rencontres \u00c9conomiques","og_description":"Par \u00c9lisabeth Moreno, Ministre d\u00e9l\u00e9gu\u00e9e aupr\u00e8s du Premier ministre charg\u00e9e de l\u2019\u00c9galit\u00e9 entre les femmes et les hommes, de la Diversit\u00e9 et de l\u2019\u00c9galit\u00e9 des chances Lire sa biographie \u00c0 la racine des enjeux auxquels nos soci\u00e9t\u00e9s sont confront\u00e9es aujourd\u2019hui, et qui figurent au c\u0153ur du programme de cette \u00e9dition 2021 des Rencontres \u00e9conomiques d\u2019Aix-en-Provence, [&hellip;]","og_url":"https:\/\/www.lesrencontreseconomiques.fr\/articles-contributions\/solidarites\/retisser-les-fils-qui-nous-lient\/","og_site_name":"Les Rencontres \u00c9conomiques","article_publisher":"https:\/\/www.facebook.com\/Le.Cercle.des.Economistes\/","article_modified_time":"2021-06-24T07:45:19+00:00","og_image":[{"width":615,"height":800,"url":"https:\/\/www.lesrencontreseconomiques.fr\/wp-content\/uploads\/2021\/06\/olivier-lenel.png","path":"\/var\/www\/websites\/www.lesrencontreseconomiques.fr\/wordpress\/wp-content\/uploads\/2021\/06\/olivier-lenel.png","size":"full","id":2071,"alt":"","pixels":492000,"type":"image\/png"}],"twitter_card":"summary_large_image","twitter_image":"https:\/\/www.lesrencontreseconomiques.fr\/wp-content\/uploads\/2021\/06\/olivier-lenel.png","twitter_site":"@Cercle_eco","twitter_misc":{"Dur\u00e9e de lecture est.":"5 minutes"},"schema":{"@context":"https:\/\/schema.org","@graph":[{"@type":"WebSite","@id":"https:\/\/www.lesrencontreseconomiques.fr\/#website","url":"https:\/\/www.lesrencontreseconomiques.fr\/","name":"Les Rencontres \u00c9conomiques","description":"","potentialAction":[{"@type":"SearchAction","target":{"@type":"EntryPoint","urlTemplate":"https:\/\/www.lesrencontreseconomiques.fr\/?s={search_term_string}"},"query-input":"required name=search_term_string"}],"inLanguage":"fr-FR"},{"@type":"WebPage","@id":"https:\/\/www.lesrencontreseconomiques.fr\/articles-contributions\/solidarites\/retisser-les-fils-qui-nous-lient\/#webpage","url":"https:\/\/www.lesrencontreseconomiques.fr\/articles-contributions\/solidarites\/retisser-les-fils-qui-nous-lient\/","name":"Retisser les fils qui nous lient - Les Rencontres \u00c9conomiques","isPartOf":{"@id":"https:\/\/www.lesrencontreseconomiques.fr\/#website"},"datePublished":"2021-06-24T07:37:55+00:00","dateModified":"2021-06-24T07:45:19+00:00","breadcrumb":{"@id":"https:\/\/www.lesrencontreseconomiques.fr\/articles-contributions\/solidarites\/retisser-les-fils-qui-nous-lient\/#breadcrumb"},"inLanguage":"fr-FR","potentialAction":[{"@type":"ReadAction","target":["https:\/\/www.lesrencontreseconomiques.fr\/articles-contributions\/solidarites\/retisser-les-fils-qui-nous-lient\/"]}]},{"@type":"BreadcrumbList","@id":"https:\/\/www.lesrencontreseconomiques.fr\/articles-contributions\/solidarites\/retisser-les-fils-qui-nous-lient\/#breadcrumb","itemListElement":[{"@type":"ListItem","position":1,"name":"Accueil","item":"https:\/\/www.lesrencontreseconomiques.fr\/"},{"@type":"ListItem","position":2,"name":"Articles &#038; Contributions","item":"https:\/\/www.lesrencontreseconomiques.fr\/articles-contributions\/"},{"@type":"ListItem","position":3,"name":"Solidarit\u00e9s","item":"https:\/\/www.lesrencontreseconomiques.fr\/articles-contributions\/solidarites\/"},{"@type":"ListItem","position":4,"name":"Retisser les fils qui nous lient"}]}]}},"_links":{"self":[{"href":"https:\/\/www.lesrencontreseconomiques.fr\/wp-json\/wp\/v2\/pages\/2426"}],"collection":[{"href":"https:\/\/www.lesrencontreseconomiques.fr\/wp-json\/wp\/v2\/pages"}],"about":[{"href":"https:\/\/www.lesrencontreseconomiques.fr\/wp-json\/wp\/v2\/types\/page"}],"author":[{"embeddable":true,"href":"https:\/\/www.lesrencontreseconomiques.fr\/wp-json\/wp\/v2\/users\/2"}],"replies":[{"embeddable":true,"href":"https:\/\/www.lesrencontreseconomiques.fr\/wp-json\/wp\/v2\/comments?post=2426"}],"version-history":[{"count":0,"href":"https:\/\/www.lesrencontreseconomiques.fr\/wp-json\/wp\/v2\/pages\/2426\/revisions"}],"up":[{"embeddable":true,"href":"https:\/\/www.lesrencontreseconomiques.fr\/wp-json\/wp\/v2\/pages\/2205"}],"wp:attachment":[{"href":"https:\/\/www.lesrencontreseconomiques.fr\/wp-json\/wp\/v2\/media?parent=2426"}],"curies":[{"name":"wp","href":"https:\/\/api.w.org\/{rel}","templated":true}]}}