{"id":2342,"date":"2021-06-21T17:44:25","date_gmt":"2021-06-21T15:44:25","guid":{"rendered":"https:\/\/www.lesrencontreseconomiques.fr\/?page_id=2342"},"modified":"2021-06-21T17:50:50","modified_gmt":"2021-06-21T15:50:50","slug":"creons-ensemble-de-nouveaux-emplois","status":"publish","type":"page","link":"https:\/\/www.lesrencontreseconomiques.fr\/articles-contributions\/solidarites\/creons-ensemble-de-nouveaux-emplois\/","title":{"rendered":"Cr\u00e9ons ensemble de nouveaux emplois !"},"content":{"rendered":"<div class=\"-wrapper -668 -mt-90 -mb-90\">\n<div class=\"cp-intro -texte\">\n<div class=\"description\">\n<div class=\"cp-texte\">\n<h3>Par Marie-Aleth GRARD, pr\u00e9sidente d\u2019ATD Quart Monde France<\/h3>\n<p><a class=\"cp-cta-bouton\" href=\"https:\/\/www.lesrencontreseconomiques.fr\/en\/speakers\/marie-aleth-grard\/\">Lire sa biographie<\/a><\/p>\n<\/p><\/div>\n<\/p><\/div>\n<\/p><\/div>\n<\/p><\/div>\n<div class=\"-wrapper -668 -mt-90 -mb-90\">\n<div class=\"cp-intro -texte\">\n<div class=\"description\">\n<div class=\"cp-texte\">\n<p>Lorsqu\u2019une personne est priv\u00e9e durablement d\u2019emploi et qu\u2019elle veut travailler, la soci\u00e9t\u00e9 doit-elle s\u2019efforcer de lui proposer un emploi d\u00e9cent, ou doit-elle attendre que le \u00ab\u00a0march\u00e9\u00a0\u00bb le fasse\u00a0?<\/p>\n<p>La r\u00e9ponse d\u2019ATD (Agir Tous pour la Dignit\u00e9) Quart Monde est claire\u00a0: le \u00ab\u00a0march\u00e9\u00a0\u00bb ne peut \u00e0 lui seul cr\u00e9er suffisamment d\u2019emplois d\u00e9cents. Et le ch\u00f4mage de longue dur\u00e9e est trop destructeur de la personne humaine et de notre d\u00e9mocratie, pour que l\u2019on continue \u00e0 l\u2019accepter comme on le fait depuis 40 ans.<\/p>\n<p>Depuis sa cr\u00e9ation en 1957, ATD Quart Monde exp\u00e9rimente non pas des solutions \u00ab\u00a0pour les pauvres\u00a0\u00bb, mais de nouveaux socles du droit commun con\u00e7us par tous, et ceux-ci sont durables et profitent \u00e0 tous\u00a0: le Revenu minimum d\u2019insertion (devenu Revenu de solidarit\u00e9 active), la Couverture maladie universelle, la compl\u00e9mentaire Acc\u00e8s sant\u00e9, les Territoires z\u00e9ro ch\u00f4meur de longue dur\u00e9e, etc.<\/p>\n<p>Cette derni\u00e8re exp\u00e9rimentation consiste \u00e0 proposer un emploi utile et d\u00e9cent en CDI et au SMIC \u00e0 toute personne priv\u00e9e d\u2019emploi depuis plus d\u2019un an, en partant de ses capacit\u00e9s et envies ainsi que des besoins du territoire non couverts. Les activit\u00e9s mises en \u0153uvre ne doivent pas concurrencer des structures priv\u00e9es ou publiques et sont pour leur grande majorit\u00e9 non rentables, bien que souvent tr\u00e8s utiles. Une avance de l\u2019\u00c9tat d\u2019environ 20 000 \u20ac annuels par poste contribue au financement des salaires, les finances publiques encaissant en retour au moins 15 000 \u20ac par an du fait de chaque emploi cr\u00e9\u00e9, sous forme de cotisations sociales, TVA, CSG, etc.<\/p>\n<p>Le premier constat des cinq premi\u00e8res ann\u00e9es de cette exp\u00e9rimentation est que les personnes exclues de l\u2019emploi veulent vraiment travailler. L\u2019une d\u2019elles disait r\u00e9cemment\u00a0: \u00ab\u00a0L\u2019argent qu&rsquo;on peut gagner par le travail, \u00e7a nous change la vie, c&rsquo;est autre chose que d&rsquo;avoir de l&rsquo;argent gratuitement. Quand on nous donne des aides, on nous les reproche.\u00a0\u00bb Un emploi d\u00e9cent, c\u2019est une reconnaissance et la garantie d\u2019un revenu stable.<\/p>\n<p>Le second constat est que, si on les pense ensemble, le champ des activit\u00e9s non rentables, mais utiles, est un gisement in\u00e9puisable d\u2019emplois. Citons l\u2019exemple de Jean-Michel, expert en m\u00e9canique, exclu de l\u2019emploi depuis longtemps et qui vivait dans sa voiture lorsqu\u2019un ami lui a parl\u00e9 du Territoire z\u00e9ro ch\u00f4meur proche qui pouvait le salarier. Jean-Michel a \u00e9t\u00e9 embauch\u00e9 et a ouvert le premier garage solidaire sur ce territoire rural o\u00f9 la mobilit\u00e9 est un vrai probl\u00e8me.<\/p>\n<p>Le troisi\u00e8me constat est que tous les acteurs peuvent y gagner\u00a0: les personnes priv\u00e9es d\u2019emploi, bien s\u00fbr, mais aussi les TPE-PME qui voient leurs propres activit\u00e9s se d\u00e9velopper du fait du dynamisme territorial retrouv\u00e9\u00a0; les \u00e9lus locaux\u00a0; les structures d\u2019insertion qui sont les premiers partenaires de cette exp\u00e9rimentation, et tous les habitants qui voient peu \u00e0 peu leur territoire sortir du ch\u00f4mage de longue dur\u00e9e et avancer dans la transition \u00e9cologique.<\/p>\n<p>Le quatri\u00e8me constat est que, si l\u2019on n\u2019y prend garde, une telle exp\u00e9rimentation peut malheureusement laisser les personnes les plus \u00e9loign\u00e9es de l\u2019emploi une fois de plus sur le bord du chemin. Certains Territoires ont stopp\u00e9 les embauches avant d\u2019avoir rencontr\u00e9 toutes les personnes priv\u00e9es d\u2019emploi, et imposent \u00e0 leurs salari\u00e9s des objectifs de production que tous ne peuvent tenir, se privant ainsi de l\u2019\u00e9nergie, de l\u2019exp\u00e9rience et de la cr\u00e9ativit\u00e9 des personnes longtemps exclues de l\u2019emploi.<\/p>\n<p>Mais nous continuons de croire qu\u2019en portant une attention particuli\u00e8re \u00e0 la gouvernance, aux moyens investis dans ces Territoires, \u00e0 la diffusion des bonnes pratiques qui s\u2019y inventent et \u00e0 l\u2019\u00e9valuation objective de cette exp\u00e9rimentation\u00a0; il leur est possible en quelques ann\u00e9es de proposer \u00e0 chacun un emploi utile et d\u00e9cent.<\/p>\n<p>Le cinqui\u00e8me constat est que, face \u00e0 l\u2019urgence sociale et \u00e9cologique, il est aussi vital de cr\u00e9er des emplois \u00e0 l\u2019aide d\u2019autres moyens plus rapides et \u00e0 plus grande \u00e9chelle, tels que les \u00ab\u00a0garanties d\u2019emplois verts\u00a0\u00bb. Distinguons bien deux temps\u00a0: celui de l\u2019exp\u00e9rimentation (comme celle des Territoires z\u00e9ro ch\u00f4meur de longue dur\u00e9e) et celui de l&rsquo;urgence qui nous impose aujourd\u2019hui de cr\u00e9er des emplois, vite et massivement, dans la transition \u00e9cologique et sociale. Pour vaincre le ch\u00f4mage, il faut faire feu de tout bois et donner \u00e0 chaque moyen toutes les chances de produire les meilleurs r\u00e9sultats.<\/p>\n<p>C\u2019est la conjugaison de ces solutions qui peut permettre \u00e0 tous ceux qui le souhaitent d\u2019acc\u00e9der \u00e0 un emploi d\u00e9cent, utile et \u00e9cologique, et qui peut fonder d\u2019autres piliers de notre \u00c9tat social, de nouveaux rapports au travail.<\/p>\n<\/p><\/div>\n<\/p><\/div>\n<\/p><\/div>\n<\/p><\/div>\n","protected":false},"excerpt":{"rendered":"<p>Par Marie-Aleth GRARD, pr\u00e9sidente d\u2019ATD Quart Monde France Lire sa biographie Lorsqu\u2019une personne est priv\u00e9e durablement d\u2019emploi et qu\u2019elle veut travailler, la soci\u00e9t\u00e9 doit-elle s\u2019efforcer de lui proposer un emploi d\u00e9cent, ou doit-elle attendre que le \u00ab\u00a0march\u00e9\u00a0\u00bb le fasse\u00a0? La r\u00e9ponse d\u2019ATD (Agir Tous pour la Dignit\u00e9) Quart Monde est claire\u00a0: le \u00ab\u00a0march\u00e9\u00a0\u00bb ne peut [&hellip;]<\/p>\n","protected":false},"author":2,"featured_media":0,"parent":2205,"menu_order":0,"comment_status":"closed","ping_status":"closed","template":"","meta":[],"yoast_head":"<!-- This site is optimized with the Yoast SEO plugin v17.2 - https:\/\/yoast.com\/wordpress\/plugins\/seo\/ -->\n<meta name=\"robots\" content=\"index, follow, max-snippet:-1, max-image-preview:large, max-video-preview:-1\" \/>\n<link rel=\"canonical\" href=\"https:\/\/www.lesrencontreseconomiques.fr\/articles-contributions\/solidarites\/creons-ensemble-de-nouveaux-emplois\/\" \/>\n<meta property=\"og:locale\" content=\"fr_FR\" \/>\n<meta property=\"og:type\" content=\"article\" \/>\n<meta property=\"og:title\" content=\"Cr\u00e9ons ensemble de nouveaux emplois ! - Les Rencontres \u00c9conomiques\" \/>\n<meta property=\"og:description\" content=\"Par Marie-Aleth GRARD, pr\u00e9sidente d\u2019ATD Quart Monde France Lire sa biographie Lorsqu\u2019une personne est priv\u00e9e durablement d\u2019emploi et qu\u2019elle veut travailler, la soci\u00e9t\u00e9 doit-elle s\u2019efforcer de lui proposer un emploi d\u00e9cent, ou doit-elle attendre que le \u00ab\u00a0march\u00e9\u00a0\u00bb le fasse\u00a0? La r\u00e9ponse d\u2019ATD (Agir Tous pour la Dignit\u00e9) Quart Monde est claire\u00a0: le \u00ab\u00a0march\u00e9\u00a0\u00bb ne peut [&hellip;]\" \/>\n<meta property=\"og:url\" content=\"https:\/\/www.lesrencontreseconomiques.fr\/articles-contributions\/solidarites\/creons-ensemble-de-nouveaux-emplois\/\" \/>\n<meta property=\"og:site_name\" content=\"Les Rencontres \u00c9conomiques\" \/>\n<meta property=\"article:publisher\" content=\"https:\/\/www.facebook.com\/Le.Cercle.des.Economistes\/\" \/>\n<meta property=\"article:modified_time\" content=\"2021-06-21T15:50:50+00:00\" \/>\n<meta property=\"og:image\" content=\"https:\/\/www.lesrencontreseconomiques.fr\/wp-content\/uploads\/2021\/06\/olivier-lenel.png\" \/>\n\t<meta property=\"og:image:width\" content=\"615\" \/>\n\t<meta property=\"og:image:height\" content=\"800\" \/>\n<meta name=\"twitter:card\" content=\"summary_large_image\" \/>\n<meta name=\"twitter:image\" content=\"https:\/\/www.lesrencontreseconomiques.fr\/wp-content\/uploads\/2021\/06\/olivier-lenel.png\" \/>\n<meta name=\"twitter:site\" content=\"@Cercle_eco\" \/>\n<meta name=\"twitter:label1\" content=\"Dur\u00e9e de lecture est.\" \/>\n\t<meta name=\"twitter:data1\" content=\"4 minutes\" \/>\n<script type=\"application\/ld+json\" class=\"yoast-schema-graph\">{\"@context\":\"https:\/\/schema.org\",\"@graph\":[{\"@type\":\"WebSite\",\"@id\":\"https:\/\/www.lesrencontreseconomiques.fr\/#website\",\"url\":\"https:\/\/www.lesrencontreseconomiques.fr\/\",\"name\":\"Les Rencontres \\u00c9conomiques\",\"description\":\"\",\"potentialAction\":[{\"@type\":\"SearchAction\",\"target\":{\"@type\":\"EntryPoint\",\"urlTemplate\":\"https:\/\/www.lesrencontreseconomiques.fr\/?s={search_term_string}\"},\"query-input\":\"required name=search_term_string\"}],\"inLanguage\":\"fr-FR\"},{\"@type\":\"WebPage\",\"@id\":\"https:\/\/www.lesrencontreseconomiques.fr\/articles-contributions\/solidarites\/creons-ensemble-de-nouveaux-emplois\/#webpage\",\"url\":\"https:\/\/www.lesrencontreseconomiques.fr\/articles-contributions\/solidarites\/creons-ensemble-de-nouveaux-emplois\/\",\"name\":\"Cr\\u00e9ons ensemble de nouveaux emplois ! - Les Rencontres \\u00c9conomiques\",\"isPartOf\":{\"@id\":\"https:\/\/www.lesrencontreseconomiques.fr\/#website\"},\"datePublished\":\"2021-06-21T15:44:25+00:00\",\"dateModified\":\"2021-06-21T15:50:50+00:00\",\"breadcrumb\":{\"@id\":\"https:\/\/www.lesrencontreseconomiques.fr\/articles-contributions\/solidarites\/creons-ensemble-de-nouveaux-emplois\/#breadcrumb\"},\"inLanguage\":\"fr-FR\",\"potentialAction\":[{\"@type\":\"ReadAction\",\"target\":[\"https:\/\/www.lesrencontreseconomiques.fr\/articles-contributions\/solidarites\/creons-ensemble-de-nouveaux-emplois\/\"]}]},{\"@type\":\"BreadcrumbList\",\"@id\":\"https:\/\/www.lesrencontreseconomiques.fr\/articles-contributions\/solidarites\/creons-ensemble-de-nouveaux-emplois\/#breadcrumb\",\"itemListElement\":[{\"@type\":\"ListItem\",\"position\":1,\"name\":\"Accueil\",\"item\":\"https:\/\/www.lesrencontreseconomiques.fr\/\"},{\"@type\":\"ListItem\",\"position\":2,\"name\":\"Articles &#038; Contributions\",\"item\":\"https:\/\/www.lesrencontreseconomiques.fr\/articles-contributions\/\"},{\"@type\":\"ListItem\",\"position\":3,\"name\":\"Solidarit\\u00e9s\",\"item\":\"https:\/\/www.lesrencontreseconomiques.fr\/articles-contributions\/solidarites\/\"},{\"@type\":\"ListItem\",\"position\":4,\"name\":\"Cr\\u00e9ons ensemble de nouveaux emplois !\"}]}]}<\/script>\n<!-- \/ Yoast SEO plugin. -->","yoast_head_json":{"robots":{"index":"index","follow":"follow","max-snippet":"max-snippet:-1","max-image-preview":"max-image-preview:large","max-video-preview":"max-video-preview:-1"},"canonical":"https:\/\/www.lesrencontreseconomiques.fr\/articles-contributions\/solidarites\/creons-ensemble-de-nouveaux-emplois\/","og_locale":"fr_FR","og_type":"article","og_title":"Cr\u00e9ons ensemble de nouveaux emplois ! - Les Rencontres \u00c9conomiques","og_description":"Par Marie-Aleth GRARD, pr\u00e9sidente d\u2019ATD Quart Monde France Lire sa biographie Lorsqu\u2019une personne est priv\u00e9e durablement d\u2019emploi et qu\u2019elle veut travailler, la soci\u00e9t\u00e9 doit-elle s\u2019efforcer de lui proposer un emploi d\u00e9cent, ou doit-elle attendre que le \u00ab\u00a0march\u00e9\u00a0\u00bb le fasse\u00a0? La r\u00e9ponse d\u2019ATD (Agir Tous pour la Dignit\u00e9) Quart Monde est claire\u00a0: le \u00ab\u00a0march\u00e9\u00a0\u00bb ne peut [&hellip;]","og_url":"https:\/\/www.lesrencontreseconomiques.fr\/articles-contributions\/solidarites\/creons-ensemble-de-nouveaux-emplois\/","og_site_name":"Les Rencontres \u00c9conomiques","article_publisher":"https:\/\/www.facebook.com\/Le.Cercle.des.Economistes\/","article_modified_time":"2021-06-21T15:50:50+00:00","og_image":[{"width":615,"height":800,"url":"https:\/\/www.lesrencontreseconomiques.fr\/wp-content\/uploads\/2021\/06\/olivier-lenel.png","path":"\/var\/www\/websites\/www.lesrencontreseconomiques.fr\/wordpress\/wp-content\/uploads\/2021\/06\/olivier-lenel.png","size":"full","id":2071,"alt":"","pixels":492000,"type":"image\/png"}],"twitter_card":"summary_large_image","twitter_image":"https:\/\/www.lesrencontreseconomiques.fr\/wp-content\/uploads\/2021\/06\/olivier-lenel.png","twitter_site":"@Cercle_eco","twitter_misc":{"Dur\u00e9e de lecture est.":"4 minutes"},"schema":{"@context":"https:\/\/schema.org","@graph":[{"@type":"WebSite","@id":"https:\/\/www.lesrencontreseconomiques.fr\/#website","url":"https:\/\/www.lesrencontreseconomiques.fr\/","name":"Les Rencontres \u00c9conomiques","description":"","potentialAction":[{"@type":"SearchAction","target":{"@type":"EntryPoint","urlTemplate":"https:\/\/www.lesrencontreseconomiques.fr\/?s={search_term_string}"},"query-input":"required name=search_term_string"}],"inLanguage":"fr-FR"},{"@type":"WebPage","@id":"https:\/\/www.lesrencontreseconomiques.fr\/articles-contributions\/solidarites\/creons-ensemble-de-nouveaux-emplois\/#webpage","url":"https:\/\/www.lesrencontreseconomiques.fr\/articles-contributions\/solidarites\/creons-ensemble-de-nouveaux-emplois\/","name":"Cr\u00e9ons ensemble de nouveaux emplois ! - Les Rencontres \u00c9conomiques","isPartOf":{"@id":"https:\/\/www.lesrencontreseconomiques.fr\/#website"},"datePublished":"2021-06-21T15:44:25+00:00","dateModified":"2021-06-21T15:50:50+00:00","breadcrumb":{"@id":"https:\/\/www.lesrencontreseconomiques.fr\/articles-contributions\/solidarites\/creons-ensemble-de-nouveaux-emplois\/#breadcrumb"},"inLanguage":"fr-FR","potentialAction":[{"@type":"ReadAction","target":["https:\/\/www.lesrencontreseconomiques.fr\/articles-contributions\/solidarites\/creons-ensemble-de-nouveaux-emplois\/"]}]},{"@type":"BreadcrumbList","@id":"https:\/\/www.lesrencontreseconomiques.fr\/articles-contributions\/solidarites\/creons-ensemble-de-nouveaux-emplois\/#breadcrumb","itemListElement":[{"@type":"ListItem","position":1,"name":"Accueil","item":"https:\/\/www.lesrencontreseconomiques.fr\/"},{"@type":"ListItem","position":2,"name":"Articles &#038; Contributions","item":"https:\/\/www.lesrencontreseconomiques.fr\/articles-contributions\/"},{"@type":"ListItem","position":3,"name":"Solidarit\u00e9s","item":"https:\/\/www.lesrencontreseconomiques.fr\/articles-contributions\/solidarites\/"},{"@type":"ListItem","position":4,"name":"Cr\u00e9ons ensemble de nouveaux emplois !"}]}]}},"_links":{"self":[{"href":"https:\/\/www.lesrencontreseconomiques.fr\/wp-json\/wp\/v2\/pages\/2342"}],"collection":[{"href":"https:\/\/www.lesrencontreseconomiques.fr\/wp-json\/wp\/v2\/pages"}],"about":[{"href":"https:\/\/www.lesrencontreseconomiques.fr\/wp-json\/wp\/v2\/types\/page"}],"author":[{"embeddable":true,"href":"https:\/\/www.lesrencontreseconomiques.fr\/wp-json\/wp\/v2\/users\/2"}],"replies":[{"embeddable":true,"href":"https:\/\/www.lesrencontreseconomiques.fr\/wp-json\/wp\/v2\/comments?post=2342"}],"version-history":[{"count":0,"href":"https:\/\/www.lesrencontreseconomiques.fr\/wp-json\/wp\/v2\/pages\/2342\/revisions"}],"up":[{"embeddable":true,"href":"https:\/\/www.lesrencontreseconomiques.fr\/wp-json\/wp\/v2\/pages\/2205"}],"wp:attachment":[{"href":"https:\/\/www.lesrencontreseconomiques.fr\/wp-json\/wp\/v2\/media?parent=2342"}],"curies":[{"name":"wp","href":"https:\/\/api.w.org\/{rel}","templated":true}]}}