{"id":2302,"date":"2021-06-18T12:08:17","date_gmt":"2021-06-18T10:08:17","guid":{"rendered":"https:\/\/www.lesrencontreseconomiques.fr\/?page_id=2302"},"modified":"2021-06-18T14:26:34","modified_gmt":"2021-06-18T12:26:34","slug":"decryptaudio-reparer-societe-fr","status":"publish","type":"page","link":"https:\/\/www.lesrencontreseconomiques.fr\/articles-contributions\/decryptaudio-reparer-societe-fr\/","title":{"rendered":"D\u00e9crypt&rsquo;audio | R\u00e9parer la soci\u00e9t\u00e9 fran\u00e7aise"},"content":{"rendered":"<div class=\"-wrapper -668 -mt-90 -mb-90\">\n<div class=\"cp-intro -texte\">\n<div class=\"description\">\n<div class=\"cp-texte\">\n<h3>Par Fran\u00e7oise Benhamou, co-pr\u00e9sidente du Cercle des \u00e9conomistes<\/h3>\n<p><a class=\"cp-cta-bouton\" href=\"https:\/\/www.lesrencontreseconomiques.fr\/intervenants\/francoise-benhamou\/\">Lire sa biographie<\/a><\/p>\n<p>Fran\u00e7oise Benhamou, co-pr\u00e9sidente des Rencontres \u00c9conomiques d&rsquo;Aix-en-Provence, revient une des probl\u00e9matiques centrales des Rencontres : r\u00e9parer la soci\u00e9t\u00e9 fran\u00e7aise. Peut-on r\u00e9ellement \u00ab r\u00e9parer \u00bb la soci\u00e9t\u00e9 endommag\u00e9e par la pand\u00e9mie depuis maintenant plus d\u2019un an ? Comment la pr\u00e9parer aux enjeux de demain ? En quoi la culture est-elle un vecteur d&rsquo;avenir ?<\/p>\n<p><!--[if lt IE 9]><script>document.createElement('audio');<\/script><![endif]--><br \/>\n<audio class=\"wp-audio-shortcode\" id=\"audio-2302-1\" preload=\"none\" style=\"width: 100%;\" controls=\"controls\"><source type=\"audio\/mpeg\" src=\"https:\/\/www.lesrencontreseconomiques.fr\/wp-content\/uploads\/2021\/06\/decrypt-audio-benhamou.mp3?_=1\" \/><a href=\"https:\/\/www.lesrencontreseconomiques.fr\/wp-content\/uploads\/2021\/06\/decrypt-audio-benhamou.mp3\">https:\/\/www.lesrencontreseconomiques.fr\/wp-content\/uploads\/2021\/06\/decrypt-audio-benhamou.mp3<\/a><\/audio>\n\t\t\t\t<\/div>\n<\/p><\/div>\n<\/p><\/div>\n<\/p><\/div>\n","protected":false},"excerpt":{"rendered":"<p>Par Fran\u00e7oise Benhamou, co-pr\u00e9sidente du Cercle des \u00e9conomistes Lire sa biographie Fran\u00e7oise Benhamou, co-pr\u00e9sidente des Rencontres \u00c9conomiques d&rsquo;Aix-en-Provence, revient une des probl\u00e9matiques centrales des Rencontres : r\u00e9parer la soci\u00e9t\u00e9 fran\u00e7aise. Peut-on r\u00e9ellement \u00ab r\u00e9parer \u00bb la soci\u00e9t\u00e9 endommag\u00e9e par la pand\u00e9mie depuis maintenant plus d\u2019un an ? Comment la pr\u00e9parer aux enjeux de demain ? [&hellip;]<\/p>\n","protected":false},"author":2,"featured_media":0,"parent":1519,"menu_order":0,"comment_status":"closed","ping_status":"closed","template":"","meta":[],"yoast_head":"<!-- This site is optimized with the Yoast SEO plugin v17.2 - https:\/\/yoast.com\/wordpress\/plugins\/seo\/ -->\n<meta name=\"robots\" content=\"index, follow, max-snippet:-1, max-image-preview:large, max-video-preview:-1\" \/>\n<link rel=\"canonical\" href=\"https:\/\/www.lesrencontreseconomiques.fr\/articles-contributions\/decryptaudio-reparer-societe-fr\/\" \/>\n<meta property=\"og:locale\" content=\"fr_FR\" \/>\n<meta property=\"og:type\" content=\"article\" \/>\n<meta property=\"og:title\" content=\"D\u00e9crypt&#039;audio | R\u00e9parer la soci\u00e9t\u00e9 fran\u00e7aise - Les Rencontres \u00c9conomiques\" \/>\n<meta property=\"og:description\" content=\"Par Fran\u00e7oise Benhamou, co-pr\u00e9sidente du Cercle des \u00e9conomistes Lire sa biographie Fran\u00e7oise Benhamou, co-pr\u00e9sidente des Rencontres \u00c9conomiques d&rsquo;Aix-en-Provence, revient une des probl\u00e9matiques centrales des Rencontres : r\u00e9parer la soci\u00e9t\u00e9 fran\u00e7aise. Peut-on r\u00e9ellement \u00ab r\u00e9parer \u00bb la soci\u00e9t\u00e9 endommag\u00e9e par la pand\u00e9mie depuis maintenant plus d\u2019un an ? Comment la pr\u00e9parer aux enjeux de demain ? [&hellip;]\" \/>\n<meta property=\"og:url\" content=\"https:\/\/www.lesrencontreseconomiques.fr\/articles-contributions\/decryptaudio-reparer-societe-fr\/\" \/>\n<meta property=\"og:site_name\" content=\"Les Rencontres \u00c9conomiques\" \/>\n<meta property=\"article:publisher\" content=\"https:\/\/www.facebook.com\/Le.Cercle.des.Economistes\/\" \/>\n<meta property=\"article:modified_time\" content=\"2021-06-18T12:26:34+00:00\" \/>\n<meta property=\"og:image\" content=\"https:\/\/www.lesrencontreseconomiques.fr\/wp-content\/uploads\/2021\/06\/olivier-lenel.png\" \/>\n\t<meta property=\"og:image:width\" content=\"615\" \/>\n\t<meta property=\"og:image:height\" content=\"800\" \/>\n<meta name=\"twitter:card\" content=\"summary_large_image\" \/>\n<meta name=\"twitter:image\" content=\"https:\/\/www.lesrencontreseconomiques.fr\/wp-content\/uploads\/2021\/06\/olivier-lenel.png\" \/>\n<meta name=\"twitter:site\" content=\"@Cercle_eco\" \/>\n<script type=\"application\/ld+json\" class=\"yoast-schema-graph\">{\"@context\":\"https:\/\/schema.org\",\"@graph\":[{\"@type\":\"WebSite\",\"@id\":\"https:\/\/www.lesrencontreseconomiques.fr\/#website\",\"url\":\"https:\/\/www.lesrencontreseconomiques.fr\/\",\"name\":\"Les Rencontres \\u00c9conomiques\",\"description\":\"\",\"potentialAction\":[{\"@type\":\"SearchAction\",\"target\":{\"@type\":\"EntryPoint\",\"urlTemplate\":\"https:\/\/www.lesrencontreseconomiques.fr\/?s={search_term_string}\"},\"query-input\":\"required name=search_term_string\"}],\"inLanguage\":\"fr-FR\"},{\"@type\":\"WebPage\",\"@id\":\"https:\/\/www.lesrencontreseconomiques.fr\/articles-contributions\/decryptaudio-reparer-societe-fr\/#webpage\",\"url\":\"https:\/\/www.lesrencontreseconomiques.fr\/articles-contributions\/decryptaudio-reparer-societe-fr\/\",\"name\":\"D\\u00e9crypt'audio | R\\u00e9parer la soci\\u00e9t\\u00e9 fran\\u00e7aise - Les Rencontres \\u00c9conomiques\",\"isPartOf\":{\"@id\":\"https:\/\/www.lesrencontreseconomiques.fr\/#website\"},\"datePublished\":\"2021-06-18T10:08:17+00:00\",\"dateModified\":\"2021-06-18T12:26:34+00:00\",\"breadcrumb\":{\"@id\":\"https:\/\/www.lesrencontreseconomiques.fr\/articles-contributions\/decryptaudio-reparer-societe-fr\/#breadcrumb\"},\"inLanguage\":\"fr-FR\",\"potentialAction\":[{\"@type\":\"ReadAction\",\"target\":[\"https:\/\/www.lesrencontreseconomiques.fr\/articles-contributions\/decryptaudio-reparer-societe-fr\/\"]}]},{\"@type\":\"BreadcrumbList\",\"@id\":\"https:\/\/www.lesrencontreseconomiques.fr\/articles-contributions\/decryptaudio-reparer-societe-fr\/#breadcrumb\",\"itemListElement\":[{\"@type\":\"ListItem\",\"position\":1,\"name\":\"Accueil\",\"item\":\"https:\/\/www.lesrencontreseconomiques.fr\/\"},{\"@type\":\"ListItem\",\"position\":2,\"name\":\"Articles &#038; Contributions\",\"item\":\"https:\/\/www.lesrencontreseconomiques.fr\/articles-contributions\/\"},{\"@type\":\"ListItem\",\"position\":3,\"name\":\"D\\u00e9crypt&rsquo;audio | R\\u00e9parer la soci\\u00e9t\\u00e9 fran\\u00e7aise\"}]}]}<\/script>\n<!-- \/ Yoast SEO plugin. -->","yoast_head_json":{"robots":{"index":"index","follow":"follow","max-snippet":"max-snippet:-1","max-image-preview":"max-image-preview:large","max-video-preview":"max-video-preview:-1"},"canonical":"https:\/\/www.lesrencontreseconomiques.fr\/articles-contributions\/decryptaudio-reparer-societe-fr\/","og_locale":"fr_FR","og_type":"article","og_title":"D\u00e9crypt'audio | R\u00e9parer la soci\u00e9t\u00e9 fran\u00e7aise - Les Rencontres \u00c9conomiques","og_description":"Par Fran\u00e7oise Benhamou, co-pr\u00e9sidente du Cercle des \u00e9conomistes Lire sa biographie Fran\u00e7oise Benhamou, co-pr\u00e9sidente des Rencontres \u00c9conomiques d&rsquo;Aix-en-Provence, revient une des probl\u00e9matiques centrales des Rencontres : r\u00e9parer la soci\u00e9t\u00e9 fran\u00e7aise. Peut-on r\u00e9ellement \u00ab r\u00e9parer \u00bb la soci\u00e9t\u00e9 endommag\u00e9e par la pand\u00e9mie depuis maintenant plus d\u2019un an ? Comment la pr\u00e9parer aux enjeux de demain ? [&hellip;]","og_url":"https:\/\/www.lesrencontreseconomiques.fr\/articles-contributions\/decryptaudio-reparer-societe-fr\/","og_site_name":"Les Rencontres \u00c9conomiques","article_publisher":"https:\/\/www.facebook.com\/Le.Cercle.des.Economistes\/","article_modified_time":"2021-06-18T12:26:34+00:00","og_image":[{"width":615,"height":800,"url":"https:\/\/www.lesrencontreseconomiques.fr\/wp-content\/uploads\/2021\/06\/olivier-lenel.png","path":"\/var\/www\/websites\/www.lesrencontreseconomiques.fr\/wordpress\/wp-content\/uploads\/2021\/06\/olivier-lenel.png","size":"full","id":2071,"alt":"","pixels":492000,"type":"image\/png"}],"twitter_card":"summary_large_image","twitter_image":"https:\/\/www.lesrencontreseconomiques.fr\/wp-content\/uploads\/2021\/06\/olivier-lenel.png","twitter_site":"@Cercle_eco","schema":{"@context":"https:\/\/schema.org","@graph":[{"@type":"WebSite","@id":"https:\/\/www.lesrencontreseconomiques.fr\/#website","url":"https:\/\/www.lesrencontreseconomiques.fr\/","name":"Les Rencontres \u00c9conomiques","description":"","potentialAction":[{"@type":"SearchAction","target":{"@type":"EntryPoint","urlTemplate":"https:\/\/www.lesrencontreseconomiques.fr\/?s={search_term_string}"},"query-input":"required name=search_term_string"}],"inLanguage":"fr-FR"},{"@type":"WebPage","@id":"https:\/\/www.lesrencontreseconomiques.fr\/articles-contributions\/decryptaudio-reparer-societe-fr\/#webpage","url":"https:\/\/www.lesrencontreseconomiques.fr\/articles-contributions\/decryptaudio-reparer-societe-fr\/","name":"D\u00e9crypt'audio | R\u00e9parer la soci\u00e9t\u00e9 fran\u00e7aise - Les Rencontres \u00c9conomiques","isPartOf":{"@id":"https:\/\/www.lesrencontreseconomiques.fr\/#website"},"datePublished":"2021-06-18T10:08:17+00:00","dateModified":"2021-06-18T12:26:34+00:00","breadcrumb":{"@id":"https:\/\/www.lesrencontreseconomiques.fr\/articles-contributions\/decryptaudio-reparer-societe-fr\/#breadcrumb"},"inLanguage":"fr-FR","potentialAction":[{"@type":"ReadAction","target":["https:\/\/www.lesrencontreseconomiques.fr\/articles-contributions\/decryptaudio-reparer-societe-fr\/"]}]},{"@type":"BreadcrumbList","@id":"https:\/\/www.lesrencontreseconomiques.fr\/articles-contributions\/decryptaudio-reparer-societe-fr\/#breadcrumb","itemListElement":[{"@type":"ListItem","position":1,"name":"Accueil","item":"https:\/\/www.lesrencontreseconomiques.fr\/"},{"@type":"ListItem","position":2,"name":"Articles &#038; Contributions","item":"https:\/\/www.lesrencontreseconomiques.fr\/articles-contributions\/"},{"@type":"ListItem","position":3,"name":"D\u00e9crypt&rsquo;audio | R\u00e9parer la soci\u00e9t\u00e9 fran\u00e7aise"}]}]}},"_links":{"self":[{"href":"https:\/\/www.lesrencontreseconomiques.fr\/wp-json\/wp\/v2\/pages\/2302"}],"collection":[{"href":"https:\/\/www.lesrencontreseconomiques.fr\/wp-json\/wp\/v2\/pages"}],"about":[{"href":"https:\/\/www.lesrencontreseconomiques.fr\/wp-json\/wp\/v2\/types\/page"}],"author":[{"embeddable":true,"href":"https:\/\/www.lesrencontreseconomiques.fr\/wp-json\/wp\/v2\/users\/2"}],"replies":[{"embeddable":true,"href":"https:\/\/www.lesrencontreseconomiques.fr\/wp-json\/wp\/v2\/comments?post=2302"}],"version-history":[{"count":0,"href":"https:\/\/www.lesrencontreseconomiques.fr\/wp-json\/wp\/v2\/pages\/2302\/revisions"}],"up":[{"embeddable":true,"href":"https:\/\/www.lesrencontreseconomiques.fr\/wp-json\/wp\/v2\/pages\/1519"}],"wp:attachment":[{"href":"https:\/\/www.lesrencontreseconomiques.fr\/wp-json\/wp\/v2\/media?parent=2302"}],"curies":[{"name":"wp","href":"https:\/\/api.w.org\/{rel}","templated":true}]}}