{"id":2200,"date":"2021-06-15T18:54:09","date_gmt":"2021-06-15T16:54:09","guid":{"rendered":"https:\/\/www.lesrencontreseconomiques.fr\/?page_id=2200"},"modified":"2021-06-15T18:54:53","modified_gmt":"2021-06-15T16:54:53","slug":"preparer-le-systeme-de-sante-aux-futures-pandemies","status":"publish","type":"page","link":"https:\/\/www.lesrencontreseconomiques.fr\/articles-contributions\/sante\/preparer-le-systeme-de-sante-aux-futures-pandemies\/","title":{"rendered":"Pr\u00e9parer le syst\u00e8me de sant\u00e9 aux futures pand\u00e9mies"},"content":{"rendered":"<div class=\"-wrapper -668 -mt-90 -mb-90\">\n<div class=\"cp-intro -texte\">\n<div class=\"description\">\n<div class=\"cp-texte\">\n<h3>Par Pierre-Yves Geoffard, Membre du Cercle des \u00e9conomistes<\/h3>\n<p><a class=\"cp-cta-bouton\" href=\"https:\/\/www.lesrencontreseconomiques.fr\/en\/speakers\/pierre-yves-geoffard\/\">Lire sa biographie<\/a><\/p>\n<\/p><\/div>\n<\/p><\/div>\n<\/p><\/div>\n<\/p><\/div>\n<div class=\"-wrapper -668 -mt-90 -mb-90\">\n<div class=\"cp-intro -texte\">\n<div class=\"description\">\n<div class=\"cp-texte\">\n<p>La pand\u00e9mie de Sars-cov2 frappe avant tout par son caract\u00e8re global. Sur la sant\u00e9 tout d\u2019abord : si le virus a affect\u00e9 avant tout les personnes touch\u00e9es par le covid19, dans ses formes graves comme dans ses cons\u00e9quences \u00e0 long terme, les mesures prises pour endiguer la pand\u00e9mie, notamment les restrictions de contacts et de d\u00e9placements, ont \u00e9galement produit des effets n\u00e9gatifs sur la sant\u00e9 physique et mentale de l\u2019ensemble de la population. Ensuite sur l\u2019impossibilit\u00e9 d\u2019isoler la sant\u00e9 des autres \u00e9l\u00e9ments contribuant au bien-\u00eatre : revenus du travail, vie sociale,\u2026 Sur son aspect plan\u00e9taire enfin, aucune r\u00e9gion du monde n\u2019ayant \u00e9t\u00e9 \u00e9pargn\u00e9e, et par la d\u00e9monstration qu\u2019aucun pays ne sera tir\u00e9 d\u2019affaire tant que le virus continuera \u00e0 circuler dans d\u2019autres pays.<\/p>\n<p>Comment se pr\u00e9parer aux futures pand\u00e9mies ?<\/p>\n<p>La surveillance des \u00e9pid\u00e9mies \u00e9mergentes doit \u00eatre renforc\u00e9e ; quelle gouvernance mondiale de ces dispositifs ?<\/p>\n<ul>\n<li>Personne ne peut pr\u00e9dire la nature de la prochaine pand\u00e9mie, la seule certitude \u00e9tant qu\u2019elle r\u00e9servera des surprises. Quelles structures mettre en place d\u00e8s maintenant pour \u00eatre pr\u00eats lorsque le moment viendra ? Quelle articulation des niveaux mondial, r\u00e9gional, national, et territorial permettra de r\u00e9pondre avec l\u2019agilit\u00e9 n\u00e9cessaire ? Comment mobiliser l\u2019ensemble des populations en donnant \u00e0 chaque individu, \u00e0 chaque communaut\u00e9, les outils n\u00e9cessaires pour mieux g\u00e9rer ses propres risques ?<\/li>\n<li>Quelle flexibilit\u00e9 dans l\u2019organisation du syst\u00e8me de soins permettra d\u2019\u00e9viter l\u2019engorgement des h\u00f4pitaux et de maintenir la prise en charge des autres maladies ?<\/li>\n<li>Comment mieux \u00e9valuer l\u2019impact des interventions non pharmaceutiques de sant\u00e9 publique (confinement, travail \u00e0 distance, fermeture des \u00e9coles, des restaurants,\u2026) \u00e0 la fois sur la dynamique de l\u2019\u00e9pid\u00e9mie et sur la vie sociale et \u00e9conomique ?<\/li>\n<li>Quelles le\u00e7ons \u00e0 tirer des m\u00e9canismes de financement de l\u2019innovation mobilis\u00e9s durant la pand\u00e9mie (pr\u00e9-commandes, financement amont,\u2026) ? Le syst\u00e8me des brevets doit-il \u00eatre remis en cause, et par quoi pourrait-il \u00eatre remplac\u00e9 ?<\/li>\n<li>Relocaliser (en France, en Europe ?) la production de biens de sant\u00e9 essentiels est-elle une bonne mani\u00e8re d\u2019assurer la fiabilit\u00e9 et la s\u00e9curit\u00e9 de l\u2019approvisionnement ?<\/li>\n<\/ul><\/div>\n<\/p><\/div>\n<\/p><\/div>\n<\/p><\/div>\n","protected":false},"excerpt":{"rendered":"<p>Par Pierre-Yves Geoffard, Membre du Cercle des \u00e9conomistes Lire sa biographie La pand\u00e9mie de Sars-cov2 frappe avant tout par son caract\u00e8re global. Sur la sant\u00e9 tout d\u2019abord : si le virus a affect\u00e9 avant tout les personnes touch\u00e9es par le covid19, dans ses formes graves comme dans ses cons\u00e9quences \u00e0 long terme, les mesures prises [&hellip;]<\/p>\n","protected":false},"author":2,"featured_media":0,"parent":2204,"menu_order":0,"comment_status":"closed","ping_status":"closed","template":"","meta":[],"yoast_head":"<!-- This site is optimized with the Yoast SEO plugin v17.2 - https:\/\/yoast.com\/wordpress\/plugins\/seo\/ -->\n<meta name=\"robots\" content=\"index, follow, max-snippet:-1, max-image-preview:large, max-video-preview:-1\" \/>\n<link rel=\"canonical\" href=\"https:\/\/www.lesrencontreseconomiques.fr\/articles-contributions\/sante\/preparer-le-systeme-de-sante-aux-futures-pandemies\/\" \/>\n<meta property=\"og:locale\" content=\"fr_FR\" \/>\n<meta property=\"og:type\" content=\"article\" \/>\n<meta property=\"og:title\" content=\"Pr\u00e9parer le syst\u00e8me de sant\u00e9 aux futures pand\u00e9mies - Les Rencontres \u00c9conomiques\" \/>\n<meta property=\"og:description\" content=\"Par Pierre-Yves Geoffard, Membre du Cercle des \u00e9conomistes Lire sa biographie La pand\u00e9mie de Sars-cov2 frappe avant tout par son caract\u00e8re global. Sur la sant\u00e9 tout d\u2019abord : si le virus a affect\u00e9 avant tout les personnes touch\u00e9es par le covid19, dans ses formes graves comme dans ses cons\u00e9quences \u00e0 long terme, les mesures prises [&hellip;]\" \/>\n<meta property=\"og:url\" content=\"https:\/\/www.lesrencontreseconomiques.fr\/articles-contributions\/sante\/preparer-le-systeme-de-sante-aux-futures-pandemies\/\" \/>\n<meta property=\"og:site_name\" content=\"Les Rencontres \u00c9conomiques\" \/>\n<meta property=\"article:publisher\" content=\"https:\/\/www.facebook.com\/Le.Cercle.des.Economistes\/\" \/>\n<meta property=\"article:modified_time\" content=\"2021-06-15T16:54:53+00:00\" \/>\n<meta property=\"og:image\" content=\"https:\/\/www.lesrencontreseconomiques.fr\/wp-content\/uploads\/2021\/06\/olivier-lenel.png\" \/>\n\t<meta property=\"og:image:width\" content=\"615\" \/>\n\t<meta property=\"og:image:height\" content=\"800\" \/>\n<meta name=\"twitter:card\" content=\"summary_large_image\" \/>\n<meta name=\"twitter:image\" content=\"https:\/\/www.lesrencontreseconomiques.fr\/wp-content\/uploads\/2021\/06\/olivier-lenel.png\" \/>\n<meta name=\"twitter:site\" content=\"@Cercle_eco\" \/>\n<meta name=\"twitter:label1\" content=\"Dur\u00e9e de lecture est.\" \/>\n\t<meta name=\"twitter:data1\" content=\"2 minutes\" \/>\n<script type=\"application\/ld+json\" class=\"yoast-schema-graph\">{\"@context\":\"https:\/\/schema.org\",\"@graph\":[{\"@type\":\"WebSite\",\"@id\":\"https:\/\/www.lesrencontreseconomiques.fr\/#website\",\"url\":\"https:\/\/www.lesrencontreseconomiques.fr\/\",\"name\":\"Les Rencontres \\u00c9conomiques\",\"description\":\"\",\"potentialAction\":[{\"@type\":\"SearchAction\",\"target\":{\"@type\":\"EntryPoint\",\"urlTemplate\":\"https:\/\/www.lesrencontreseconomiques.fr\/?s={search_term_string}\"},\"query-input\":\"required name=search_term_string\"}],\"inLanguage\":\"fr-FR\"},{\"@type\":\"WebPage\",\"@id\":\"https:\/\/www.lesrencontreseconomiques.fr\/articles-contributions\/sante\/preparer-le-systeme-de-sante-aux-futures-pandemies\/#webpage\",\"url\":\"https:\/\/www.lesrencontreseconomiques.fr\/articles-contributions\/sante\/preparer-le-systeme-de-sante-aux-futures-pandemies\/\",\"name\":\"Pr\\u00e9parer le syst\\u00e8me de sant\\u00e9 aux futures pand\\u00e9mies - Les Rencontres \\u00c9conomiques\",\"isPartOf\":{\"@id\":\"https:\/\/www.lesrencontreseconomiques.fr\/#website\"},\"datePublished\":\"2021-06-15T16:54:09+00:00\",\"dateModified\":\"2021-06-15T16:54:53+00:00\",\"breadcrumb\":{\"@id\":\"https:\/\/www.lesrencontreseconomiques.fr\/articles-contributions\/sante\/preparer-le-systeme-de-sante-aux-futures-pandemies\/#breadcrumb\"},\"inLanguage\":\"fr-FR\",\"potentialAction\":[{\"@type\":\"ReadAction\",\"target\":[\"https:\/\/www.lesrencontreseconomiques.fr\/articles-contributions\/sante\/preparer-le-systeme-de-sante-aux-futures-pandemies\/\"]}]},{\"@type\":\"BreadcrumbList\",\"@id\":\"https:\/\/www.lesrencontreseconomiques.fr\/articles-contributions\/sante\/preparer-le-systeme-de-sante-aux-futures-pandemies\/#breadcrumb\",\"itemListElement\":[{\"@type\":\"ListItem\",\"position\":1,\"name\":\"Accueil\",\"item\":\"https:\/\/www.lesrencontreseconomiques.fr\/\"},{\"@type\":\"ListItem\",\"position\":2,\"name\":\"Articles &#038; Contributions\",\"item\":\"https:\/\/www.lesrencontreseconomiques.fr\/articles-contributions\/\"},{\"@type\":\"ListItem\",\"position\":3,\"name\":\"Sant\\u00e9\",\"item\":\"https:\/\/www.lesrencontreseconomiques.fr\/articles-contributions\/sante\/\"},{\"@type\":\"ListItem\",\"position\":4,\"name\":\"Pr\\u00e9parer le syst\\u00e8me de sant\\u00e9 aux futures pand\\u00e9mies\"}]}]}<\/script>\n<!-- \/ Yoast SEO plugin. -->","yoast_head_json":{"robots":{"index":"index","follow":"follow","max-snippet":"max-snippet:-1","max-image-preview":"max-image-preview:large","max-video-preview":"max-video-preview:-1"},"canonical":"https:\/\/www.lesrencontreseconomiques.fr\/articles-contributions\/sante\/preparer-le-systeme-de-sante-aux-futures-pandemies\/","og_locale":"fr_FR","og_type":"article","og_title":"Pr\u00e9parer le syst\u00e8me de sant\u00e9 aux futures pand\u00e9mies - Les Rencontres \u00c9conomiques","og_description":"Par Pierre-Yves Geoffard, Membre du Cercle des \u00e9conomistes Lire sa biographie La pand\u00e9mie de Sars-cov2 frappe avant tout par son caract\u00e8re global. Sur la sant\u00e9 tout d\u2019abord : si le virus a affect\u00e9 avant tout les personnes touch\u00e9es par le covid19, dans ses formes graves comme dans ses cons\u00e9quences \u00e0 long terme, les mesures prises [&hellip;]","og_url":"https:\/\/www.lesrencontreseconomiques.fr\/articles-contributions\/sante\/preparer-le-systeme-de-sante-aux-futures-pandemies\/","og_site_name":"Les Rencontres \u00c9conomiques","article_publisher":"https:\/\/www.facebook.com\/Le.Cercle.des.Economistes\/","article_modified_time":"2021-06-15T16:54:53+00:00","og_image":[{"width":615,"height":800,"url":"https:\/\/www.lesrencontreseconomiques.fr\/wp-content\/uploads\/2021\/06\/olivier-lenel.png","path":"\/var\/www\/websites\/www.lesrencontreseconomiques.fr\/wordpress\/wp-content\/uploads\/2021\/06\/olivier-lenel.png","size":"full","id":2071,"alt":"","pixels":492000,"type":"image\/png"}],"twitter_card":"summary_large_image","twitter_image":"https:\/\/www.lesrencontreseconomiques.fr\/wp-content\/uploads\/2021\/06\/olivier-lenel.png","twitter_site":"@Cercle_eco","twitter_misc":{"Dur\u00e9e de lecture est.":"2 minutes"},"schema":{"@context":"https:\/\/schema.org","@graph":[{"@type":"WebSite","@id":"https:\/\/www.lesrencontreseconomiques.fr\/#website","url":"https:\/\/www.lesrencontreseconomiques.fr\/","name":"Les Rencontres \u00c9conomiques","description":"","potentialAction":[{"@type":"SearchAction","target":{"@type":"EntryPoint","urlTemplate":"https:\/\/www.lesrencontreseconomiques.fr\/?s={search_term_string}"},"query-input":"required name=search_term_string"}],"inLanguage":"fr-FR"},{"@type":"WebPage","@id":"https:\/\/www.lesrencontreseconomiques.fr\/articles-contributions\/sante\/preparer-le-systeme-de-sante-aux-futures-pandemies\/#webpage","url":"https:\/\/www.lesrencontreseconomiques.fr\/articles-contributions\/sante\/preparer-le-systeme-de-sante-aux-futures-pandemies\/","name":"Pr\u00e9parer le syst\u00e8me de sant\u00e9 aux futures pand\u00e9mies - Les Rencontres \u00c9conomiques","isPartOf":{"@id":"https:\/\/www.lesrencontreseconomiques.fr\/#website"},"datePublished":"2021-06-15T16:54:09+00:00","dateModified":"2021-06-15T16:54:53+00:00","breadcrumb":{"@id":"https:\/\/www.lesrencontreseconomiques.fr\/articles-contributions\/sante\/preparer-le-systeme-de-sante-aux-futures-pandemies\/#breadcrumb"},"inLanguage":"fr-FR","potentialAction":[{"@type":"ReadAction","target":["https:\/\/www.lesrencontreseconomiques.fr\/articles-contributions\/sante\/preparer-le-systeme-de-sante-aux-futures-pandemies\/"]}]},{"@type":"BreadcrumbList","@id":"https:\/\/www.lesrencontreseconomiques.fr\/articles-contributions\/sante\/preparer-le-systeme-de-sante-aux-futures-pandemies\/#breadcrumb","itemListElement":[{"@type":"ListItem","position":1,"name":"Accueil","item":"https:\/\/www.lesrencontreseconomiques.fr\/"},{"@type":"ListItem","position":2,"name":"Articles &#038; Contributions","item":"https:\/\/www.lesrencontreseconomiques.fr\/articles-contributions\/"},{"@type":"ListItem","position":3,"name":"Sant\u00e9","item":"https:\/\/www.lesrencontreseconomiques.fr\/articles-contributions\/sante\/"},{"@type":"ListItem","position":4,"name":"Pr\u00e9parer le syst\u00e8me de sant\u00e9 aux futures pand\u00e9mies"}]}]}},"_links":{"self":[{"href":"https:\/\/www.lesrencontreseconomiques.fr\/wp-json\/wp\/v2\/pages\/2200"}],"collection":[{"href":"https:\/\/www.lesrencontreseconomiques.fr\/wp-json\/wp\/v2\/pages"}],"about":[{"href":"https:\/\/www.lesrencontreseconomiques.fr\/wp-json\/wp\/v2\/types\/page"}],"author":[{"embeddable":true,"href":"https:\/\/www.lesrencontreseconomiques.fr\/wp-json\/wp\/v2\/users\/2"}],"replies":[{"embeddable":true,"href":"https:\/\/www.lesrencontreseconomiques.fr\/wp-json\/wp\/v2\/comments?post=2200"}],"version-history":[{"count":0,"href":"https:\/\/www.lesrencontreseconomiques.fr\/wp-json\/wp\/v2\/pages\/2200\/revisions"}],"up":[{"embeddable":true,"href":"https:\/\/www.lesrencontreseconomiques.fr\/wp-json\/wp\/v2\/pages\/2204"}],"wp:attachment":[{"href":"https:\/\/www.lesrencontreseconomiques.fr\/wp-json\/wp\/v2\/media?parent=2200"}],"curies":[{"name":"wp","href":"https:\/\/api.w.org\/{rel}","templated":true}]}}