{"id":2090,"date":"2021-06-10T12:00:41","date_gmt":"2021-06-10T10:00:41","guid":{"rendered":"https:\/\/www.lesrencontreseconomiques.fr\/?page_id=2090"},"modified":"2021-06-15T18:51:43","modified_gmt":"2021-06-15T16:51:43","slug":"decryptaudio-saisir-lavenir-ensemble","status":"publish","type":"page","link":"https:\/\/www.lesrencontreseconomiques.fr\/articles-contributions\/le-monde-dapres\/decryptaudio-saisir-lavenir-ensemble\/","title":{"rendered":"D\u00e9crypt&rsquo;audio | Saisir l&rsquo;avenir, ensemble"},"content":{"rendered":"<div class=\"-wrapper -668 -mt-90 -mb-90\">\n<div class=\"cp-intro -texte\">\n<div class=\"description\">\n<div class=\"cp-texte\">\n<h3>Par Jean-Herv\u00e9 Lorenzi, pr\u00e9sident des Rencontres \u00c9conomiques d&rsquo;Aix-en-Provence<\/h3>\n<p><a class=\"cp-cta-bouton\" href=\"https:\/\/www.lesrencontreseconomiques.fr\/intervenants\/jean-herve-lorenzi\/\">Lire sa biographie<\/a><\/p>\n<p>Jean-Herv\u00e9 Lorenzi, Pr\u00e9sident des Rencontres \u00c9conomiques d&rsquo;Aix-en-Provence, revient sur les grandes questions qui marqueront l&rsquo;actualit\u00e9 des prochains mois et seront au c\u0153ur des Rencontres : r\u00e9parer la France et repenser le capitalisme.<\/p>\n<p><!--[if lt IE 9]><script>document.createElement('audio');<\/script><![endif]--><br \/>\n<audio class=\"wp-audio-shortcode\" id=\"audio-2090-1\" preload=\"none\" style=\"width: 100%;\" controls=\"controls\"><source type=\"audio\/mpeg\" src=\"https:\/\/www.lesrencontreseconomiques.fr\/wp-content\/uploads\/2021\/06\/decrypt-audio-lorenzi.mp3?_=1\" \/><a href=\"https:\/\/www.lesrencontreseconomiques.fr\/wp-content\/uploads\/2021\/06\/decrypt-audio-lorenzi.mp3\">https:\/\/www.lesrencontreseconomiques.fr\/wp-content\/uploads\/2021\/06\/decrypt-audio-lorenzi.mp3<\/a><\/audio>\n\t\t\t\t<\/div>\n<\/p><\/div>\n<\/p><\/div>\n<\/p><\/div>\n","protected":false},"excerpt":{"rendered":"<p>Par Jean-Herv\u00e9 Lorenzi, pr\u00e9sident des Rencontres \u00c9conomiques d&rsquo;Aix-en-Provence Lire sa biographie Jean-Herv\u00e9 Lorenzi, Pr\u00e9sident des Rencontres \u00c9conomiques d&rsquo;Aix-en-Provence, revient sur les grandes questions qui marqueront l&rsquo;actualit\u00e9 des prochains mois et seront au c\u0153ur des Rencontres : r\u00e9parer la France et repenser le capitalisme. https:\/\/www.lesrencontreseconomiques.fr\/wp-content\/uploads\/2021\/06\/decrypt-audio-lorenzi.mp3<\/p>\n","protected":false},"author":2,"featured_media":0,"parent":2201,"menu_order":0,"comment_status":"closed","ping_status":"closed","template":"","meta":[],"yoast_head":"<!-- This site is optimized with the Yoast SEO plugin v17.2 - https:\/\/yoast.com\/wordpress\/plugins\/seo\/ -->\n<meta name=\"robots\" content=\"index, follow, max-snippet:-1, max-image-preview:large, max-video-preview:-1\" \/>\n<link rel=\"canonical\" href=\"https:\/\/www.lesrencontreseconomiques.fr\/articles-contributions\/le-monde-dapres\/decryptaudio-saisir-lavenir-ensemble\/\" \/>\n<meta property=\"og:locale\" content=\"fr_FR\" \/>\n<meta property=\"og:type\" content=\"article\" \/>\n<meta property=\"og:title\" content=\"D\u00e9crypt&#039;audio | Saisir l&#039;avenir, ensemble - Les Rencontres \u00c9conomiques\" \/>\n<meta property=\"og:description\" content=\"Par Jean-Herv\u00e9 Lorenzi, pr\u00e9sident des Rencontres \u00c9conomiques d&rsquo;Aix-en-Provence Lire sa biographie Jean-Herv\u00e9 Lorenzi, Pr\u00e9sident des Rencontres \u00c9conomiques d&rsquo;Aix-en-Provence, revient sur les grandes questions qui marqueront l&rsquo;actualit\u00e9 des prochains mois et seront au c\u0153ur des Rencontres : r\u00e9parer la France et repenser le capitalisme. https:\/\/www.lesrencontreseconomiques.fr\/wp-content\/uploads\/2021\/06\/decrypt-audio-lorenzi.mp3\" \/>\n<meta property=\"og:url\" content=\"https:\/\/www.lesrencontreseconomiques.fr\/articles-contributions\/le-monde-dapres\/decryptaudio-saisir-lavenir-ensemble\/\" \/>\n<meta property=\"og:site_name\" content=\"Les Rencontres \u00c9conomiques\" \/>\n<meta property=\"article:publisher\" content=\"https:\/\/www.facebook.com\/Le.Cercle.des.Economistes\/\" \/>\n<meta property=\"article:modified_time\" content=\"2021-06-15T16:51:43+00:00\" \/>\n<meta property=\"og:image\" content=\"https:\/\/www.lesrencontreseconomiques.fr\/wp-content\/uploads\/2021\/06\/olivier-lenel.png\" \/>\n\t<meta property=\"og:image:width\" content=\"615\" \/>\n\t<meta property=\"og:image:height\" content=\"800\" \/>\n<meta name=\"twitter:card\" content=\"summary_large_image\" \/>\n<meta name=\"twitter:image\" content=\"https:\/\/www.lesrencontreseconomiques.fr\/wp-content\/uploads\/2021\/06\/olivier-lenel.png\" \/>\n<meta name=\"twitter:site\" content=\"@Cercle_eco\" \/>\n<script type=\"application\/ld+json\" class=\"yoast-schema-graph\">{\"@context\":\"https:\/\/schema.org\",\"@graph\":[{\"@type\":\"WebSite\",\"@id\":\"https:\/\/www.lesrencontreseconomiques.fr\/#website\",\"url\":\"https:\/\/www.lesrencontreseconomiques.fr\/\",\"name\":\"Les Rencontres \\u00c9conomiques\",\"description\":\"\",\"potentialAction\":[{\"@type\":\"SearchAction\",\"target\":{\"@type\":\"EntryPoint\",\"urlTemplate\":\"https:\/\/www.lesrencontreseconomiques.fr\/?s={search_term_string}\"},\"query-input\":\"required name=search_term_string\"}],\"inLanguage\":\"fr-FR\"},{\"@type\":\"WebPage\",\"@id\":\"https:\/\/www.lesrencontreseconomiques.fr\/articles-contributions\/le-monde-dapres\/decryptaudio-saisir-lavenir-ensemble\/#webpage\",\"url\":\"https:\/\/www.lesrencontreseconomiques.fr\/articles-contributions\/le-monde-dapres\/decryptaudio-saisir-lavenir-ensemble\/\",\"name\":\"D\\u00e9crypt'audio | Saisir l'avenir, ensemble - Les Rencontres \\u00c9conomiques\",\"isPartOf\":{\"@id\":\"https:\/\/www.lesrencontreseconomiques.fr\/#website\"},\"datePublished\":\"2021-06-10T10:00:41+00:00\",\"dateModified\":\"2021-06-15T16:51:43+00:00\",\"breadcrumb\":{\"@id\":\"https:\/\/www.lesrencontreseconomiques.fr\/articles-contributions\/le-monde-dapres\/decryptaudio-saisir-lavenir-ensemble\/#breadcrumb\"},\"inLanguage\":\"fr-FR\",\"potentialAction\":[{\"@type\":\"ReadAction\",\"target\":[\"https:\/\/www.lesrencontreseconomiques.fr\/articles-contributions\/le-monde-dapres\/decryptaudio-saisir-lavenir-ensemble\/\"]}]},{\"@type\":\"BreadcrumbList\",\"@id\":\"https:\/\/www.lesrencontreseconomiques.fr\/articles-contributions\/le-monde-dapres\/decryptaudio-saisir-lavenir-ensemble\/#breadcrumb\",\"itemListElement\":[{\"@type\":\"ListItem\",\"position\":1,\"name\":\"Accueil\",\"item\":\"https:\/\/www.lesrencontreseconomiques.fr\/\"},{\"@type\":\"ListItem\",\"position\":2,\"name\":\"Articles &#038; Contributions\",\"item\":\"https:\/\/www.lesrencontreseconomiques.fr\/articles-contributions\/\"},{\"@type\":\"ListItem\",\"position\":3,\"name\":\"Le monde d&rsquo;apr\\u00e8s\",\"item\":\"https:\/\/www.lesrencontreseconomiques.fr\/articles-contributions\/le-monde-dapres\/\"},{\"@type\":\"ListItem\",\"position\":4,\"name\":\"D\\u00e9crypt&rsquo;audio | Saisir l&rsquo;avenir, ensemble\"}]}]}<\/script>\n<!-- \/ Yoast SEO plugin. -->","yoast_head_json":{"robots":{"index":"index","follow":"follow","max-snippet":"max-snippet:-1","max-image-preview":"max-image-preview:large","max-video-preview":"max-video-preview:-1"},"canonical":"https:\/\/www.lesrencontreseconomiques.fr\/articles-contributions\/le-monde-dapres\/decryptaudio-saisir-lavenir-ensemble\/","og_locale":"fr_FR","og_type":"article","og_title":"D\u00e9crypt'audio | Saisir l'avenir, ensemble - Les Rencontres \u00c9conomiques","og_description":"Par Jean-Herv\u00e9 Lorenzi, pr\u00e9sident des Rencontres \u00c9conomiques d&rsquo;Aix-en-Provence Lire sa biographie Jean-Herv\u00e9 Lorenzi, Pr\u00e9sident des Rencontres \u00c9conomiques d&rsquo;Aix-en-Provence, revient sur les grandes questions qui marqueront l&rsquo;actualit\u00e9 des prochains mois et seront au c\u0153ur des Rencontres : r\u00e9parer la France et repenser le capitalisme. https:\/\/www.lesrencontreseconomiques.fr\/wp-content\/uploads\/2021\/06\/decrypt-audio-lorenzi.mp3","og_url":"https:\/\/www.lesrencontreseconomiques.fr\/articles-contributions\/le-monde-dapres\/decryptaudio-saisir-lavenir-ensemble\/","og_site_name":"Les Rencontres \u00c9conomiques","article_publisher":"https:\/\/www.facebook.com\/Le.Cercle.des.Economistes\/","article_modified_time":"2021-06-15T16:51:43+00:00","og_image":[{"width":615,"height":800,"url":"https:\/\/www.lesrencontreseconomiques.fr\/wp-content\/uploads\/2021\/06\/olivier-lenel.png","path":"\/var\/www\/websites\/www.lesrencontreseconomiques.fr\/wordpress\/wp-content\/uploads\/2021\/06\/olivier-lenel.png","size":"full","id":2071,"alt":"","pixels":492000,"type":"image\/png"}],"twitter_card":"summary_large_image","twitter_image":"https:\/\/www.lesrencontreseconomiques.fr\/wp-content\/uploads\/2021\/06\/olivier-lenel.png","twitter_site":"@Cercle_eco","schema":{"@context":"https:\/\/schema.org","@graph":[{"@type":"WebSite","@id":"https:\/\/www.lesrencontreseconomiques.fr\/#website","url":"https:\/\/www.lesrencontreseconomiques.fr\/","name":"Les Rencontres \u00c9conomiques","description":"","potentialAction":[{"@type":"SearchAction","target":{"@type":"EntryPoint","urlTemplate":"https:\/\/www.lesrencontreseconomiques.fr\/?s={search_term_string}"},"query-input":"required name=search_term_string"}],"inLanguage":"fr-FR"},{"@type":"WebPage","@id":"https:\/\/www.lesrencontreseconomiques.fr\/articles-contributions\/le-monde-dapres\/decryptaudio-saisir-lavenir-ensemble\/#webpage","url":"https:\/\/www.lesrencontreseconomiques.fr\/articles-contributions\/le-monde-dapres\/decryptaudio-saisir-lavenir-ensemble\/","name":"D\u00e9crypt'audio | Saisir l'avenir, ensemble - Les Rencontres \u00c9conomiques","isPartOf":{"@id":"https:\/\/www.lesrencontreseconomiques.fr\/#website"},"datePublished":"2021-06-10T10:00:41+00:00","dateModified":"2021-06-15T16:51:43+00:00","breadcrumb":{"@id":"https:\/\/www.lesrencontreseconomiques.fr\/articles-contributions\/le-monde-dapres\/decryptaudio-saisir-lavenir-ensemble\/#breadcrumb"},"inLanguage":"fr-FR","potentialAction":[{"@type":"ReadAction","target":["https:\/\/www.lesrencontreseconomiques.fr\/articles-contributions\/le-monde-dapres\/decryptaudio-saisir-lavenir-ensemble\/"]}]},{"@type":"BreadcrumbList","@id":"https:\/\/www.lesrencontreseconomiques.fr\/articles-contributions\/le-monde-dapres\/decryptaudio-saisir-lavenir-ensemble\/#breadcrumb","itemListElement":[{"@type":"ListItem","position":1,"name":"Accueil","item":"https:\/\/www.lesrencontreseconomiques.fr\/"},{"@type":"ListItem","position":2,"name":"Articles &#038; Contributions","item":"https:\/\/www.lesrencontreseconomiques.fr\/articles-contributions\/"},{"@type":"ListItem","position":3,"name":"Le monde d&rsquo;apr\u00e8s","item":"https:\/\/www.lesrencontreseconomiques.fr\/articles-contributions\/le-monde-dapres\/"},{"@type":"ListItem","position":4,"name":"D\u00e9crypt&rsquo;audio | Saisir l&rsquo;avenir, ensemble"}]}]}},"_links":{"self":[{"href":"https:\/\/www.lesrencontreseconomiques.fr\/wp-json\/wp\/v2\/pages\/2090"}],"collection":[{"href":"https:\/\/www.lesrencontreseconomiques.fr\/wp-json\/wp\/v2\/pages"}],"about":[{"href":"https:\/\/www.lesrencontreseconomiques.fr\/wp-json\/wp\/v2\/types\/page"}],"author":[{"embeddable":true,"href":"https:\/\/www.lesrencontreseconomiques.fr\/wp-json\/wp\/v2\/users\/2"}],"replies":[{"embeddable":true,"href":"https:\/\/www.lesrencontreseconomiques.fr\/wp-json\/wp\/v2\/comments?post=2090"}],"version-history":[{"count":0,"href":"https:\/\/www.lesrencontreseconomiques.fr\/wp-json\/wp\/v2\/pages\/2090\/revisions"}],"up":[{"embeddable":true,"href":"https:\/\/www.lesrencontreseconomiques.fr\/wp-json\/wp\/v2\/pages\/2201"}],"wp:attachment":[{"href":"https:\/\/www.lesrencontreseconomiques.fr\/wp-json\/wp\/v2\/media?parent=2090"}],"curies":[{"name":"wp","href":"https:\/\/api.w.org\/{rel}","templated":true}]}}