{"id":154,"date":"2020-12-02T14:39:00","date_gmt":"2020-12-02T13:39:00","guid":{"rendered":"https:\/\/www.lesrencontreseconomiques.fr\/?page_id=154"},"modified":"2021-06-11T19:30:55","modified_gmt":"2021-06-11T17:30:55","slug":"recueil","status":"publish","type":"page","link":"https:\/\/www.lesrencontreseconomiques.fr\/la-parole-aux-18-28\/recueil\/","title":{"rendered":"Recueil des contributions"},"content":{"rendered":"<div class=\"-wrapper -846 -mt-90 -mb-90\">\n<div class=\"cp-cta-image-texte\">\n<div class=\"media \" data-aos=\"fade-right\" data-aos-anchor-placement=\"top-bottom\" data-aos-offset=\"200\">\n<div class=\"image -walc \" style=\"padding-top:31.69643%\"><img width=\"224\" height=\"71\" src=\"https:\/\/www.lesrencontreseconomiques.fr\/wp-content\/uploads\/2020\/12\/nathan_hdef_3-668x211-1-224x71.jpg\" class=\"attachment-small size-small\" alt=\"\" loading=\"lazy\" \/><\/div>\n<\/p><\/div>\n<div class=\"description cp-texte\" data-aos=\"fade-up\" data-aos-anchor-placement=\"top-bottom\" data-aos-offset=\"200\">\n<p>En partenariat avec les \u00c9ditions Nathan<\/p>\n<\/p><\/div>\n<\/p><\/div>\n<\/div>\n<div class=\"-wrapper -846 -is-hr -mt-90 -mb-90\">\n<hr>\n<\/div>\n<div class=\"-wrapper -846 -mt-90 -mb-90\">\n<div class=\"cp-cta-image-texte\">\n<div class=\"media -no-shadow\" data-aos=\"fade-right\" data-aos-anchor-placement=\"top-bottom\" data-aos-offset=\"200\">\n<div class=\"image -walc \" style=\"padding-top:100%\"><img width=\"224\" height=\"224\" src=\"https:\/\/www.lesrencontreseconomiques.fr\/wp-content\/uploads\/2021\/06\/recueil-2021-1x1-1-224x224.png\" class=\"attachment-small size-small\" alt=\"\" loading=\"lazy\" \/><\/div>\n<\/p><\/div>\n<div class=\"description cp-texte\" data-aos=\"fade-up\" data-aos-anchor-placement=\"top-bottom\" data-aos-offset=\"200\">\n<h2>R\u00e9sister aujourd&rsquo;hui pour inventer demain !<\/h2>\n<p><a class=\"cp-cta-bouton -telecharger\" href=\"https:\/\/www.lesrencontreseconomiques.fr\/wp-content\/uploads\/2021\/06\/2021_resisteraujourdhuipourinventerdemain_lp1828-2.pdf\">T\u00e9l\u00e9charger le recueil 2021<\/a><\/p>\n<\/p><\/div>\n<\/p><\/div>\n<\/div>\n<div class=\"-wrapper -846 -is-hr -mt-90 -mb-90\">\n<hr>\n<\/div>\n<div class=\"-wrapper -846 -mt-90 -mb-minus-50\">\n<h2 class=\"cp-titre-rouge\">T\u00e9l\u00e9chargez les recueils des \u00e9ditions pr\u00e9c\u00e9dentes<\/h2>\n<\/div>\n<div class=\"-wrapper -846 -mt-90 -mb-90\">\n<div class=\"cp-cta-image-texte\">\n<div class=\"media -no-shadow\" data-aos=\"fade-right\" data-aos-anchor-placement=\"top-bottom\" data-aos-offset=\"200\">\n<div class=\"image -walc \" style=\"padding-top:66.51786%\"><img width=\"224\" height=\"149\" src=\"https:\/\/www.lesrencontreseconomiques.fr\/wp-content\/uploads\/2020\/12\/2020_recueil-224x149.png\" class=\"attachment-small size-small\" alt=\"\" loading=\"lazy\" \/><\/div>\n<\/p><\/div>\n<div class=\"description cp-texte\" data-aos=\"fade-up\" data-aos-anchor-placement=\"top-bottom\" data-aos-offset=\"200\">\n<h2>Agir face aux d\u00e9r\u00e8glements du monde<\/h2>\n<p><a class=\"cp-cta-bouton -telecharger -gris\" href=\"https:\/\/www.lesrencontreseconomiques.fr\/wp-content\/uploads\/2020\/12\/2020_agir-face-aux-dereglements-du-monde_finale.pdf\" target=\"_blank\" rel=\"noopener\">T\u00e9l\u00e9charger le recueil 2020<\/a><\/p>\n<\/p><\/div>\n<\/p><\/div>\n<\/div>\n<div class=\"-wrapper -846 -mt-90 -mb-90\">\n<div class=\"cp-cta-image-texte\">\n<div class=\"media -no-shadow\" data-aos=\"fade-right\" data-aos-anchor-placement=\"top-bottom\" data-aos-offset=\"200\">\n<div class=\"image -walc \" style=\"padding-top:66.51786%\"><img width=\"224\" height=\"149\" src=\"https:\/\/www.lesrencontreseconomiques.fr\/wp-content\/uploads\/2020\/12\/2019_recueil-224x149.png\" class=\"attachment-small size-small\" alt=\"\" loading=\"lazy\" \/><\/div>\n<\/p><\/div>\n<div class=\"description cp-texte\" data-aos=\"fade-up\" data-aos-anchor-placement=\"top-bottom\" data-aos-offset=\"200\">\n<h2>Renouer avec la confiance<\/h2>\n<p><a class=\"cp-cta-bouton -telecharger -gris\" href=\"https:\/\/www.lesrencontreseconomiques.fr\/wp-content\/uploads\/2020\/12\/2019_renoueraveclaconfiance.pdf\" target=\"_blank\" rel=\"noopener\">T\u00e9l\u00e9charger le recueil 2019<\/a><\/p>\n<\/p><\/div>\n<\/p><\/div>\n<\/div>\n<div class=\"-wrapper -846 -mt-90 -mb-90\">\n<div class=\"cp-cta-image-texte\">\n<div class=\"media -no-shadow\" data-aos=\"fade-right\" data-aos-anchor-placement=\"top-bottom\" data-aos-offset=\"200\">\n<div class=\"image -walc \" style=\"padding-top:66.51786%\"><img width=\"224\" height=\"149\" src=\"https:\/\/www.lesrencontreseconomiques.fr\/wp-content\/uploads\/2020\/12\/2018_recueil-224x149.png\" class=\"attachment-small size-small\" alt=\"\" loading=\"lazy\" \/><\/div>\n<\/p><\/div>\n<div class=\"description cp-texte\" data-aos=\"fade-up\" data-aos-anchor-placement=\"top-bottom\" data-aos-offset=\"200\">\n<h2>Vous avez les cl\u00e9s du monde, que changez-vous ?<\/h2>\n<p><a class=\"cp-cta-bouton -telecharger -gris\" href=\"https:\/\/www.lesrencontreseconomiques.fr\/wp-content\/uploads\/2020\/12\/2018_vousavezlesclesdumondequechangezvous.pdf\" target=\"_blank\" rel=\"noopener\">T\u00e9l\u00e9charger le recueil 2018<\/a><\/p>\n<\/p><\/div>\n<\/p><\/div>\n<\/div>\n<div class=\"-wrapper -846 -mt-90 -mb-90\">\n<div class=\"cp-cta-image-texte\">\n<div class=\"media -no-shadow\" data-aos=\"fade-right\" data-aos-anchor-placement=\"top-bottom\" data-aos-offset=\"200\">\n<div class=\"image -walc \" style=\"padding-top:66.51786%\"><img width=\"224\" height=\"149\" src=\"https:\/\/www.lesrencontreseconomiques.fr\/wp-content\/uploads\/2020\/12\/2017_recueil-224x149.png\" class=\"attachment-small size-small\" alt=\"\" loading=\"lazy\" \/><\/div>\n<\/p><\/div>\n<div class=\"description cp-texte\" data-aos=\"fade-up\" data-aos-anchor-placement=\"top-bottom\" data-aos-offset=\"200\">\n<h2>De quelle nouvelle prosp\u00e9rit\u00e9 serez-vous les acteurs ?<\/h2>\n<p><a class=\"cp-cta-bouton -telecharger -gris\" href=\"https:\/\/www.lesrencontreseconomiques.fr\/wp-content\/uploads\/2020\/12\/2017_dequellenouvelleprosperiteserezvousacteurs.pdf\" target=\"_blank\" rel=\"noopener\">T\u00e9l\u00e9charger le recueil 2017<\/a><\/p>\n<\/p><\/div>\n<\/p><\/div>\n<\/div>\n<div class=\"-wrapper -846 -mt-90 -mb-90\">\n<div class=\"cp-cta-image-texte\">\n<div class=\"media -no-shadow\" data-aos=\"fade-right\" data-aos-anchor-placement=\"top-bottom\" data-aos-offset=\"200\">\n<div class=\"image -walc \" style=\"padding-top:66.51786%\"><img width=\"224\" height=\"149\" src=\"https:\/\/www.lesrencontreseconomiques.fr\/wp-content\/uploads\/2020\/12\/2016_recueil-224x149.png\" class=\"attachment-small size-small\" alt=\"\" loading=\"lazy\" \/><\/div>\n<\/p><\/div>\n<div class=\"description cp-texte\" data-aos=\"fade-up\" data-aos-anchor-placement=\"top-bottom\" data-aos-offset=\"200\">\n<h2>Dans un monde de turbulences, qu\u2019attendez-vous de la France ?<\/h2>\n<p><a class=\"cp-cta-bouton -telecharger -gris\" href=\"https:\/\/www.lesrencontreseconomiques.fr\/wp-content\/uploads\/2020\/12\/2016_dansunmondedeturbulencesquattendezvousdelafrance.pdf\" target=\"_blank\" rel=\"noopener\">T\u00e9l\u00e9charger le recueil 2016<\/a><\/p>\n<\/p><\/div>\n<\/p><\/div>\n<\/div>\n<div class=\"-wrapper -846 -mt-90 -mb-90\">\n<div class=\"cp-cta-image-texte\">\n<div class=\"media -no-shadow\" data-aos=\"fade-right\" data-aos-anchor-placement=\"top-bottom\" data-aos-offset=\"200\">\n<div class=\"image -walc \" style=\"padding-top:66.51786%\"><img width=\"224\" height=\"149\" src=\"https:\/\/www.lesrencontreseconomiques.fr\/wp-content\/uploads\/2020\/12\/2015_recueil-224x149.png\" class=\"attachment-small size-small\" alt=\"\" loading=\"lazy\" \/><\/div>\n<\/p><\/div>\n<div class=\"description cp-texte\" data-aos=\"fade-up\" data-aos-anchor-placement=\"top-bottom\" data-aos-offset=\"200\">\n<h2>Imaginez votre travail demain<\/h2>\n<p><a class=\"cp-cta-bouton -telecharger -gris\" href=\"https:\/\/www.lesrencontreseconomiques.fr\/wp-content\/uploads\/2020\/12\/2015_imaginezvotretravaildemain.pdf\" target=\"_blank\" rel=\"noopener\">T\u00e9l\u00e9charger le recueil 2015<\/a><\/p>\n<\/p><\/div>\n<\/p><\/div>\n<\/div>\n<div class=\"-wrapper -846 -mt-90 -mb-90\">\n<div class=\"cp-cta-image-texte\">\n<div class=\"media -no-shadow\" data-aos=\"fade-right\" data-aos-anchor-placement=\"top-bottom\" data-aos-offset=\"200\">\n<div class=\"image -walc \" style=\"padding-top:66.51786%\"><img width=\"224\" height=\"149\" src=\"https:\/\/www.lesrencontreseconomiques.fr\/wp-content\/uploads\/2020\/12\/2014_recueil-224x149.png\" class=\"attachment-small size-small\" alt=\"\" loading=\"lazy\" \/><\/div>\n<\/p><\/div>\n<div class=\"description cp-texte\" data-aos=\"fade-up\" data-aos-anchor-placement=\"top-bottom\" data-aos-offset=\"200\">\n<h2>Investissez l\u2019avenir<\/h2>\n<p><a class=\"cp-cta-bouton -telecharger -gris\" href=\"https:\/\/www.lesrencontreseconomiques.fr\/wp-content\/uploads\/2020\/12\/2014_investissezlavenir.pdf\" target=\"_blank\" rel=\"noopener\">T\u00e9l\u00e9charger le recueil 2014<\/a><\/p>\n<\/p><\/div>\n<\/p><\/div>\n<\/div>\n<div class=\"-wrapper -846 -mt-90 -mb-90\">\n<div class=\"cp-cta-image-texte\">\n<div class=\"media -no-shadow\" data-aos=\"fade-right\" data-aos-anchor-placement=\"top-bottom\" data-aos-offset=\"200\">\n<div class=\"image -walc \" style=\"padding-top:66.51786%\"><img width=\"224\" height=\"149\" src=\"https:\/\/www.lesrencontreseconomiques.fr\/wp-content\/uploads\/2020\/12\/2013_recueil-224x149.png\" class=\"attachment-small size-small\" alt=\"\" loading=\"lazy\" \/><\/div>\n<\/p><\/div>\n<div class=\"description cp-texte\" data-aos=\"fade-up\" data-aos-anchor-placement=\"top-bottom\" data-aos-offset=\"200\">\n<h2>Inventez 2020<\/h2>\n<p><a class=\"cp-cta-bouton -telecharger -gris\" href=\"https:\/\/www.lesrencontreseconomiques.fr\/wp-content\/uploads\/2020\/12\/2013_inventez2020.pdf\" target=\"_blank\" rel=\"noopener\">T\u00e9l\u00e9charger le recueil 2013<\/a><\/p>\n<\/p><\/div>\n<\/p><\/div>\n<\/div>\n","protected":false},"excerpt":{"rendered":"<p>En partenariat avec les \u00c9ditions Nathan R\u00e9sister aujourd&rsquo;hui pour inventer demain ! T\u00e9l\u00e9charger le recueil 2021 T\u00e9l\u00e9chargez les recueils des \u00e9ditions pr\u00e9c\u00e9dentes Agir face aux d\u00e9r\u00e8glements du monde T\u00e9l\u00e9charger le recueil 2020 Renouer avec la confiance T\u00e9l\u00e9charger le recueil 2019 Vous avez les cl\u00e9s du monde, que changez-vous ? T\u00e9l\u00e9charger le recueil 2018 De quelle [&hellip;]<\/p>\n","protected":false},"author":2,"featured_media":0,"parent":8,"menu_order":0,"comment_status":"closed","ping_status":"closed","template":"","meta":[],"yoast_head":"<!-- This site is optimized with the Yoast SEO plugin v17.2 - https:\/\/yoast.com\/wordpress\/plugins\/seo\/ -->\n<meta name=\"robots\" content=\"index, follow, max-snippet:-1, max-image-preview:large, max-video-preview:-1\" \/>\n<link rel=\"canonical\" href=\"https:\/\/www.lesrencontreseconomiques.fr\/la-parole-aux-18-28\/recueil\/\" \/>\n<meta property=\"og:locale\" content=\"fr_FR\" \/>\n<meta property=\"og:type\" content=\"article\" \/>\n<meta property=\"og:title\" content=\"Recueil des contributions - Les Rencontres \u00c9conomiques\" \/>\n<meta property=\"og:description\" content=\"En partenariat avec les \u00c9ditions Nathan R\u00e9sister aujourd&rsquo;hui pour inventer demain ! T\u00e9l\u00e9charger le recueil 2021 T\u00e9l\u00e9chargez les recueils des \u00e9ditions pr\u00e9c\u00e9dentes Agir face aux d\u00e9r\u00e8glements du monde T\u00e9l\u00e9charger le recueil 2020 Renouer avec la confiance T\u00e9l\u00e9charger le recueil 2019 Vous avez les cl\u00e9s du monde, que changez-vous ? T\u00e9l\u00e9charger le recueil 2018 De quelle [&hellip;]\" \/>\n<meta property=\"og:url\" content=\"https:\/\/www.lesrencontreseconomiques.fr\/la-parole-aux-18-28\/recueil\/\" \/>\n<meta property=\"og:site_name\" content=\"Les Rencontres \u00c9conomiques\" \/>\n<meta property=\"article:publisher\" content=\"https:\/\/www.facebook.com\/Le.Cercle.des.Economistes\/\" \/>\n<meta property=\"article:modified_time\" content=\"2021-06-11T17:30:55+00:00\" \/>\n<meta property=\"og:image\" content=\"https:\/\/www.lesrencontreseconomiques.fr\/wp-content\/uploads\/2021\/06\/olivier-lenel.png\" \/>\n<meta name=\"twitter:card\" content=\"summary_large_image\" \/>\n<meta name=\"twitter:image\" content=\"https:\/\/www.lesrencontreseconomiques.fr\/wp-content\/uploads\/2021\/06\/olivier-lenel.png\" \/>\n<meta name=\"twitter:site\" content=\"@Cercle_eco\" \/>\n<meta name=\"twitter:label1\" content=\"Dur\u00e9e de lecture est.\" \/>\n\t<meta name=\"twitter:data1\" content=\"1 minute\" \/>\n<script type=\"application\/ld+json\" class=\"yoast-schema-graph\">{\"@context\":\"https:\/\/schema.org\",\"@graph\":[{\"@type\":\"WebSite\",\"@id\":\"https:\/\/www.lesrencontreseconomiques.fr\/#website\",\"url\":\"https:\/\/www.lesrencontreseconomiques.fr\/\",\"name\":\"Les Rencontres \\u00c9conomiques\",\"description\":\"\",\"potentialAction\":[{\"@type\":\"SearchAction\",\"target\":{\"@type\":\"EntryPoint\",\"urlTemplate\":\"https:\/\/www.lesrencontreseconomiques.fr\/?s={search_term_string}\"},\"query-input\":\"required name=search_term_string\"}],\"inLanguage\":\"fr-FR\"},{\"@type\":\"ImageObject\",\"@id\":\"https:\/\/www.lesrencontreseconomiques.fr\/la-parole-aux-18-28\/recueil\/#primaryimage\",\"inLanguage\":\"fr-FR\",\"url\":\"https:\/\/www.lesrencontreseconomiques.fr\/wp-content\/uploads\/2020\/12\/nathan_hdef_3-668x211-1.jpg\",\"contentUrl\":\"https:\/\/www.lesrencontreseconomiques.fr\/wp-content\/uploads\/2020\/12\/nathan_hdef_3-668x211-1.jpg\",\"width\":668,\"height\":211},{\"@type\":\"WebPage\",\"@id\":\"https:\/\/www.lesrencontreseconomiques.fr\/la-parole-aux-18-28\/recueil\/#webpage\",\"url\":\"https:\/\/www.lesrencontreseconomiques.fr\/la-parole-aux-18-28\/recueil\/\",\"name\":\"Recueil des contributions - Les Rencontres \\u00c9conomiques\",\"isPartOf\":{\"@id\":\"https:\/\/www.lesrencontreseconomiques.fr\/#website\"},\"primaryImageOfPage\":{\"@id\":\"https:\/\/www.lesrencontreseconomiques.fr\/la-parole-aux-18-28\/recueil\/#primaryimage\"},\"datePublished\":\"2020-12-02T13:39:00+00:00\",\"dateModified\":\"2021-06-11T17:30:55+00:00\",\"breadcrumb\":{\"@id\":\"https:\/\/www.lesrencontreseconomiques.fr\/la-parole-aux-18-28\/recueil\/#breadcrumb\"},\"inLanguage\":\"fr-FR\",\"potentialAction\":[{\"@type\":\"ReadAction\",\"target\":[\"https:\/\/www.lesrencontreseconomiques.fr\/la-parole-aux-18-28\/recueil\/\"]}]},{\"@type\":\"BreadcrumbList\",\"@id\":\"https:\/\/www.lesrencontreseconomiques.fr\/la-parole-aux-18-28\/recueil\/#breadcrumb\",\"itemListElement\":[{\"@type\":\"ListItem\",\"position\":1,\"name\":\"Accueil\",\"item\":\"https:\/\/www.lesrencontreseconomiques.fr\/\"},{\"@type\":\"ListItem\",\"position\":2,\"name\":\"La Parole aux 18-28\",\"item\":\"https:\/\/www.lesrencontreseconomiques.fr\/la-parole-aux-18-28\/\"},{\"@type\":\"ListItem\",\"position\":3,\"name\":\"Recueil des contributions\"}]}]}<\/script>\n<!-- \/ Yoast SEO plugin. -->","yoast_head_json":{"robots":{"index":"index","follow":"follow","max-snippet":"max-snippet:-1","max-image-preview":"max-image-preview:large","max-video-preview":"max-video-preview:-1"},"canonical":"https:\/\/www.lesrencontreseconomiques.fr\/la-parole-aux-18-28\/recueil\/","og_locale":"fr_FR","og_type":"article","og_title":"Recueil des contributions - Les Rencontres \u00c9conomiques","og_description":"En partenariat avec les \u00c9ditions Nathan R\u00e9sister aujourd&rsquo;hui pour inventer demain ! T\u00e9l\u00e9charger le recueil 2021 T\u00e9l\u00e9chargez les recueils des \u00e9ditions pr\u00e9c\u00e9dentes Agir face aux d\u00e9r\u00e8glements du monde T\u00e9l\u00e9charger le recueil 2020 Renouer avec la confiance T\u00e9l\u00e9charger le recueil 2019 Vous avez les cl\u00e9s du monde, que changez-vous ? T\u00e9l\u00e9charger le recueil 2018 De quelle [&hellip;]","og_url":"https:\/\/www.lesrencontreseconomiques.fr\/la-parole-aux-18-28\/recueil\/","og_site_name":"Les Rencontres \u00c9conomiques","article_publisher":"https:\/\/www.facebook.com\/Le.Cercle.des.Economistes\/","article_modified_time":"2021-06-11T17:30:55+00:00","og_image":[{"url":"https:\/\/www.lesrencontreseconomiques.fr\/wp-content\/uploads\/2021\/06\/olivier-lenel.png"}],"twitter_card":"summary_large_image","twitter_image":"https:\/\/www.lesrencontreseconomiques.fr\/wp-content\/uploads\/2021\/06\/olivier-lenel.png","twitter_site":"@Cercle_eco","twitter_misc":{"Dur\u00e9e de lecture est.":"1 minute"},"schema":{"@context":"https:\/\/schema.org","@graph":[{"@type":"WebSite","@id":"https:\/\/www.lesrencontreseconomiques.fr\/#website","url":"https:\/\/www.lesrencontreseconomiques.fr\/","name":"Les Rencontres \u00c9conomiques","description":"","potentialAction":[{"@type":"SearchAction","target":{"@type":"EntryPoint","urlTemplate":"https:\/\/www.lesrencontreseconomiques.fr\/?s={search_term_string}"},"query-input":"required name=search_term_string"}],"inLanguage":"fr-FR"},{"@type":"ImageObject","@id":"https:\/\/www.lesrencontreseconomiques.fr\/la-parole-aux-18-28\/recueil\/#primaryimage","inLanguage":"fr-FR","url":"https:\/\/www.lesrencontreseconomiques.fr\/wp-content\/uploads\/2020\/12\/nathan_hdef_3-668x211-1.jpg","contentUrl":"https:\/\/www.lesrencontreseconomiques.fr\/wp-content\/uploads\/2020\/12\/nathan_hdef_3-668x211-1.jpg","width":668,"height":211},{"@type":"WebPage","@id":"https:\/\/www.lesrencontreseconomiques.fr\/la-parole-aux-18-28\/recueil\/#webpage","url":"https:\/\/www.lesrencontreseconomiques.fr\/la-parole-aux-18-28\/recueil\/","name":"Recueil des contributions - Les Rencontres \u00c9conomiques","isPartOf":{"@id":"https:\/\/www.lesrencontreseconomiques.fr\/#website"},"primaryImageOfPage":{"@id":"https:\/\/www.lesrencontreseconomiques.fr\/la-parole-aux-18-28\/recueil\/#primaryimage"},"datePublished":"2020-12-02T13:39:00+00:00","dateModified":"2021-06-11T17:30:55+00:00","breadcrumb":{"@id":"https:\/\/www.lesrencontreseconomiques.fr\/la-parole-aux-18-28\/recueil\/#breadcrumb"},"inLanguage":"fr-FR","potentialAction":[{"@type":"ReadAction","target":["https:\/\/www.lesrencontreseconomiques.fr\/la-parole-aux-18-28\/recueil\/"]}]},{"@type":"BreadcrumbList","@id":"https:\/\/www.lesrencontreseconomiques.fr\/la-parole-aux-18-28\/recueil\/#breadcrumb","itemListElement":[{"@type":"ListItem","position":1,"name":"Accueil","item":"https:\/\/www.lesrencontreseconomiques.fr\/"},{"@type":"ListItem","position":2,"name":"La Parole aux 18-28","item":"https:\/\/www.lesrencontreseconomiques.fr\/la-parole-aux-18-28\/"},{"@type":"ListItem","position":3,"name":"Recueil des contributions"}]}]}},"_links":{"self":[{"href":"https:\/\/www.lesrencontreseconomiques.fr\/wp-json\/wp\/v2\/pages\/154"}],"collection":[{"href":"https:\/\/www.lesrencontreseconomiques.fr\/wp-json\/wp\/v2\/pages"}],"about":[{"href":"https:\/\/www.lesrencontreseconomiques.fr\/wp-json\/wp\/v2\/types\/page"}],"author":[{"embeddable":true,"href":"https:\/\/www.lesrencontreseconomiques.fr\/wp-json\/wp\/v2\/users\/2"}],"replies":[{"embeddable":true,"href":"https:\/\/www.lesrencontreseconomiques.fr\/wp-json\/wp\/v2\/comments?post=154"}],"version-history":[{"count":0,"href":"https:\/\/www.lesrencontreseconomiques.fr\/wp-json\/wp\/v2\/pages\/154\/revisions"}],"up":[{"embeddable":true,"href":"https:\/\/www.lesrencontreseconomiques.fr\/wp-json\/wp\/v2\/pages\/8"}],"wp:attachment":[{"href":"https:\/\/www.lesrencontreseconomiques.fr\/wp-json\/wp\/v2\/media?parent=154"}],"curies":[{"name":"wp","href":"https:\/\/api.w.org\/{rel}","templated":true}]}}