{"id":1519,"date":"2021-06-01T16:37:04","date_gmt":"2021-06-01T14:37:04","guid":{"rendered":"https:\/\/www.lesrencontreseconomiques.fr\/?page_id=1519"},"modified":"2021-06-15T18:04:58","modified_gmt":"2021-06-15T16:04:58","slug":"articles-contributions","status":"publish","type":"page","link":"https:\/\/www.lesrencontreseconomiques.fr\/articles-contributions\/","title":{"rendered":"Articles &#038; Contributions"},"content":{"rendered":"<div class=\"-wrapper -668 -mt-90 -mb-90\">\n<div class=\"cp-intro -texte\">\n<div class=\"description\">\n<div class=\"cp-texte\">\n<div class=\"header-intro\">\n<h3>D\u00e9couvrez les derni\u00e8res contributions th\u00e9matiques des intervenants et de nos partenaires.<\/h3>\n<\/div><\/div>\n<\/p><\/div>\n<\/p><\/div>\n<\/p><\/div>\n<div class=\"-wrapper -846 -mt-90 -mb-90\">\n<div class=\"cp-cta-image-texte\">\n<div class=\"media \" data-aos=\"fade-right\" data-aos-anchor-placement=\"top-bottom\" data-aos-offset=\"200\">\n<div class=\"image -walc \" style=\"padding-top:66.51786%\"><img width=\"224\" height=\"149\" src=\"https:\/\/www.lesrencontreseconomiques.fr\/wp-content\/uploads\/2021\/06\/javier-allegue-barros-c7b-exxpoie-unsplash-224x149.jpg\" class=\"attachment-small size-small\" alt=\"\" loading=\"lazy\" \/><\/div>\n<\/p><\/div>\n<div class=\"description cp-texte\" data-aos=\"fade-up\" data-aos-anchor-placement=\"top-bottom\" data-aos-offset=\"200\">\n<h2>Le Monde d&rsquo;apr\u00e8s<\/h2>\n<p>Les grandes transformations de notre monde et de l&rsquo;\u00e9conomie mondiale d\u00e9crypt\u00e9es par les intervenants<\/p>\n<p><a class=\"cp-cta-bouton\" href=\"https:\/\/www.lesrencontreseconomiques.fr\/articles-contributions\/le-monde-dapres\/\">Lire les contributions<\/a><\/p>\n<\/p><\/div>\n<\/p><\/div>\n<\/div>\n<div class=\"-wrapper -1024 -mt-90 -mb-90\">\n<div class=\"cp-remontee-articles\">\n<div class=\"articles\" data-reaix-uid-1>\n<div class=\"contenu\" data-aos=\"zoom-in\" data-aos-anchor-placement=\"top-bottom\" data-aos-offset=\"200\" data-aos-delay=\"200\" data-aos-anchor=\"[data-reaix-uid-1]\">\n<div class=\"image -walc \" style=\"padding-top:66.66667%\"><img width=\"312\" height=\"208\" src=\"https:\/\/www.lesrencontreseconomiques.fr\/wp-content\/uploads\/2021\/06\/environnement-312x208.png\" class=\"attachment-small_landscape_crop size-small_landscape_crop\" alt=\"\" loading=\"lazy\" \/><\/div>\n<p>\t\t\t\t<a class=\"titre\" href=\"https:\/\/www.lesrencontreseconomiques.fr\/articles-contributions\/environnement\/\" ><br \/>\n\t\t\t\t\tEnvironnement &#038; Territoires\t\t\t\t<\/a><\/p>\n<div class=\"lien\">\n\t\t\t\t\t<span class=\"cp-cta-plus -rouge -fs-14\"><br \/>\n\t\t\t\t\t\t<span>Lire les contributions<\/span><br \/>\n\t\t\t\t\t<\/span>\n\t\t\t\t<\/div>\n<\/p><\/div>\n<div class=\"contenu\" data-aos=\"zoom-in\" data-aos-anchor-placement=\"top-bottom\" data-aos-offset=\"200\" data-aos-delay=\"400\" data-aos-anchor=\"[data-reaix-uid-1]\">\n<div class=\"image -walc \" style=\"padding-top:66.66667%\"><img width=\"312\" height=\"208\" src=\"https:\/\/www.lesrencontreseconomiques.fr\/wp-content\/uploads\/2021\/06\/sante-312x208.png\" class=\"attachment-small_landscape_crop size-small_landscape_crop\" alt=\"\" loading=\"lazy\" \/><\/div>\n<p>\t\t\t\t<a class=\"titre\" href=\"https:\/\/www.lesrencontreseconomiques.fr\/articles-contributions\/sante\/\" ><br \/>\n\t\t\t\t\tSant\u00e9\t\t\t\t<\/a><\/p>\n<div class=\"lien\">\n\t\t\t\t\t<span class=\"cp-cta-plus -rouge -fs-14\"><br \/>\n\t\t\t\t\t\t<span>Lire les contributions<\/span><br \/>\n\t\t\t\t\t<\/span>\n\t\t\t\t<\/div>\n<\/p><\/div>\n<div class=\"contenu\" data-aos=\"zoom-in\" data-aos-anchor-placement=\"top-bottom\" data-aos-offset=\"200\" data-aos-delay=\"600\" data-aos-anchor=\"[data-reaix-uid-1]\">\n<div class=\"image -walc \" style=\"padding-top:66.66667%\"><img width=\"312\" height=\"208\" src=\"https:\/\/www.lesrencontreseconomiques.fr\/wp-content\/uploads\/2021\/06\/solidarites-312x208.png\" class=\"attachment-small_landscape_crop size-small_landscape_crop\" alt=\"\" loading=\"lazy\" \/><\/div>\n<p>\t\t\t\t<a class=\"titre\" href=\"https:\/\/www.lesrencontreseconomiques.fr\/articles-contributions\/solidarites\/\" ><br \/>\n\t\t\t\t\tSolidarit\u00e9s\t\t\t\t<\/a><\/p>\n<div class=\"lien\">\n\t\t\t\t\t<span class=\"cp-cta-plus -rouge -fs-14\"><br \/>\n\t\t\t\t\t\t<span>En savoir plus<\/span><br \/>\n\t\t\t\t\t<\/span>\n\t\t\t\t<\/div>\n<\/p><\/div>\n<\/p><\/div>\n<\/p><\/div>\n<\/div>\n<div class=\"-wrapper -1024 -mt-90 -mb-90\">\n<div class=\"cp-remontee-articles\">\n<div class=\"articles\" data-reaix-uid-2>\n<div class=\"contenu\" data-aos=\"zoom-in\" data-aos-anchor-placement=\"top-bottom\" data-aos-offset=\"200\" data-aos-delay=\"200\" data-aos-anchor=\"[data-reaix-uid-2]\">\n<div class=\"image -walc \" style=\"padding-top:66.66667%\"><img width=\"312\" height=\"208\" src=\"https:\/\/www.lesrencontreseconomiques.fr\/wp-content\/uploads\/2021\/06\/money-2696219_1920-312x208.jpg\" class=\"attachment-small_landscape_crop size-small_landscape_crop\" alt=\"\" loading=\"lazy\" \/><\/div>\n<p>\t\t\t\t<a class=\"titre\" href=\"https:\/\/www.lesrencontreseconomiques.fr\/articles-contributions\/finance\/\" ><br \/>\n\t\t\t\t\tFinance\t\t\t\t<\/a><\/p>\n<div class=\"lien\">\n\t\t\t\t\t<span class=\"cp-cta-plus -rouge -fs-14\"><br \/>\n\t\t\t\t\t\t<span>Lire les contributions<\/span><br \/>\n\t\t\t\t\t<\/span>\n\t\t\t\t<\/div>\n<\/p><\/div>\n<div class=\"contenu\" data-aos=\"zoom-in\" data-aos-anchor-placement=\"top-bottom\" data-aos-offset=\"200\" data-aos-delay=\"400\" data-aos-anchor=\"[data-reaix-uid-2]\">\n<div class=\"image -walc \" style=\"padding-top:66.66667%\"><img width=\"312\" height=\"208\" src=\"https:\/\/www.lesrencontreseconomiques.fr\/wp-content\/uploads\/2021\/06\/nasa-q1p7bh3shj8-unsplash-312x208.jpg\" class=\"attachment-small_landscape_crop size-small_landscape_crop\" alt=\"\" loading=\"lazy\" \/><\/div>\n<p>\t\t\t\t<a class=\"titre\" href=\"https:\/\/www.lesrencontreseconomiques.fr\/articles-contributions\/international\/\" ><br \/>\n\t\t\t\t\tInternational\t\t\t\t<\/a><\/p>\n<div class=\"lien\">\n\t\t\t\t\t<span class=\"cp-cta-plus -rouge -fs-14\"><br \/>\n\t\t\t\t\t\t<span>Lire les contributions<\/span><br \/>\n\t\t\t\t\t<\/span>\n\t\t\t\t<\/div>\n<\/p><\/div>\n<div class=\"contenu\" data-aos=\"zoom-in\" data-aos-anchor-placement=\"top-bottom\" data-aos-offset=\"200\" data-aos-delay=\"600\" data-aos-anchor=\"[data-reaix-uid-2]\">\n<div class=\"image -walc \" style=\"padding-top:66.66667%\"><img width=\"312\" height=\"208\" src=\"https:\/\/www.lesrencontreseconomiques.fr\/wp-content\/uploads\/2021\/06\/pexels-thisisengineering-3861969-312x208.jpg\" class=\"attachment-small_landscape_crop size-small_landscape_crop\" alt=\"\" loading=\"lazy\" \/><\/div>\n<p>\t\t\t\t<a class=\"titre\" href=\"https:\/\/www.lesrencontreseconomiques.fr\/tech-et-innovation\/\" ><br \/>\n\t\t\t\t\tTechnologie &#038; Innovation\t\t\t\t<\/a><\/p>\n<div class=\"lien\">\n\t\t\t\t\t<span class=\"cp-cta-plus -rouge -fs-14\"><br \/>\n\t\t\t\t\t\t<span>Lire les contributions<\/span><br \/>\n\t\t\t\t\t<\/span>\n\t\t\t\t<\/div>\n<\/p><\/div>\n<\/p><\/div>\n<\/p><\/div>\n<\/div>\n<div class=\"-wrapper -1024 -mt-90 -mb-90\">\n<div class=\"cp-remontee-articles\">\n<div class=\"articles\" data-reaix-uid-3>\n<div class=\"contenu\" data-aos=\"zoom-in\" data-aos-anchor-placement=\"top-bottom\" data-aos-offset=\"200\" data-aos-delay=\"200\" data-aos-anchor=\"[data-reaix-uid-3]\">\n<div class=\"image -walc \" style=\"padding-top:66.66667%\"><img width=\"312\" height=\"208\" src=\"https:\/\/www.lesrencontreseconomiques.fr\/wp-content\/uploads\/2021\/06\/arnaud-jaegers-5cooysxilsw-unsplash-312x208.jpg\" class=\"attachment-small_landscape_crop size-small_landscape_crop\" alt=\"\" loading=\"lazy\" \/><\/div>\n<p>\t\t\t\t<a class=\"titre\" href=\"https:\/\/www.lesrencontreseconomiques.fr\/role-de-letat-et-democratie\/\" ><br \/>\n\t\t\t\t\tAction publique et D\u00e9mocratie\t\t\t\t<\/a><\/p>\n<div class=\"lien\">\n\t\t\t\t\t<span class=\"cp-cta-plus -rouge -fs-14\"><br \/>\n\t\t\t\t\t\t<span>Lire les contributions<\/span><br \/>\n\t\t\t\t\t<\/span>\n\t\t\t\t<\/div>\n<\/p><\/div>\n<div class=\"contenu\" data-aos=\"zoom-in\" data-aos-anchor-placement=\"top-bottom\" data-aos-offset=\"200\" data-aos-delay=\"400\" data-aos-anchor=\"[data-reaix-uid-3]\">\n<div class=\"image -walc \" style=\"padding-top:66.66667%\"><img width=\"312\" height=\"208\" src=\"https:\/\/www.lesrencontreseconomiques.fr\/wp-content\/uploads\/2021\/06\/dan-meyers-w6x7xaolqa0-unsplash-312x208.jpg\" class=\"attachment-small_landscape_crop size-small_landscape_crop\" alt=\"\" loading=\"lazy\" \/><\/div>\n<p>\t\t\t\t<a class=\"titre\" href=\"https:\/\/www.lesrencontreseconomiques.fr\/industrie-energie-et-infrastructures\/\" ><br \/>\n\t\t\t\t\tIndustrie, Energie &#038; Infrastructures\t\t\t\t<\/a><\/p>\n<div class=\"lien\">\n\t\t\t\t\t<span class=\"cp-cta-plus -rouge -fs-14\"><br \/>\n\t\t\t\t\t\t<span>Lire les contributions<\/span><br \/>\n\t\t\t\t\t<\/span>\n\t\t\t\t<\/div>\n<\/p><\/div>\n<div class=\"contenu\" data-aos=\"zoom-in\" data-aos-anchor-placement=\"top-bottom\" data-aos-offset=\"200\" data-aos-delay=\"600\" data-aos-anchor=\"[data-reaix-uid-3]\">\n<div class=\"image -walc \" style=\"padding-top:66.66667%\"><img width=\"312\" height=\"208\" src=\"https:\/\/www.lesrencontreseconomiques.fr\/wp-content\/uploads\/2021\/06\/pexels-katerina-holmes-5905618-312x208.jpg\" class=\"attachment-small_landscape_crop size-small_landscape_crop\" alt=\"\" loading=\"lazy\" \/><\/div>\n<p>\t\t\t\t<a class=\"titre\" href=\"https:\/\/www.lesrencontreseconomiques.fr\/culture-et-education\/\" ><br \/>\n\t\t\t\t\tCulture &#038; Education\t\t\t\t<\/a><\/p>\n<div class=\"lien\">\n\t\t\t\t\t<span class=\"cp-cta-plus -rouge -fs-14\"><br \/>\n\t\t\t\t\t\t<span>Lire les contributions<\/span><br \/>\n\t\t\t\t\t<\/span>\n\t\t\t\t<\/div>\n<\/p><\/div>\n<\/p><\/div>\n<\/p><\/div>\n<\/div>\n","protected":false},"excerpt":{"rendered":"<p>D\u00e9couvrez les derni\u00e8res contributions th\u00e9matiques des intervenants et de nos partenaires. Le Monde d&rsquo;apr\u00e8s Les grandes transformations de notre monde et de l&rsquo;\u00e9conomie mondiale d\u00e9crypt\u00e9es par les intervenants Lire les contributions Environnement &#038; Territoires Lire les contributions Sant\u00e9 Lire les contributions Solidarit\u00e9s En savoir plus Finance Lire les contributions International Lire les contributions Technologie &#038; [&hellip;]<\/p>\n","protected":false},"author":2,"featured_media":0,"parent":0,"menu_order":0,"comment_status":"closed","ping_status":"closed","template":"","meta":[],"yoast_head":"<!-- This site is optimized with the Yoast SEO plugin v17.2 - https:\/\/yoast.com\/wordpress\/plugins\/seo\/ -->\n<meta name=\"robots\" content=\"index, follow, max-snippet:-1, max-image-preview:large, max-video-preview:-1\" \/>\n<link rel=\"canonical\" href=\"https:\/\/www.lesrencontreseconomiques.fr\/articles-contributions\/\" \/>\n<meta property=\"og:locale\" content=\"fr_FR\" \/>\n<meta property=\"og:type\" content=\"article\" \/>\n<meta property=\"og:title\" content=\"Articles &amp; Contributions - Les Rencontres \u00c9conomiques\" \/>\n<meta property=\"og:description\" content=\"D\u00e9couvrez les derni\u00e8res contributions th\u00e9matiques des intervenants et de nos partenaires. Le Monde d&rsquo;apr\u00e8s Les grandes transformations de notre monde et de l&rsquo;\u00e9conomie mondiale d\u00e9crypt\u00e9es par les intervenants Lire les contributions Environnement &#038; Territoires Lire les contributions Sant\u00e9 Lire les contributions Solidarit\u00e9s En savoir plus Finance Lire les contributions International Lire les contributions Technologie &#038; [&hellip;]\" \/>\n<meta property=\"og:url\" content=\"https:\/\/www.lesrencontreseconomiques.fr\/articles-contributions\/\" \/>\n<meta property=\"og:site_name\" content=\"Les Rencontres \u00c9conomiques\" \/>\n<meta property=\"article:publisher\" content=\"https:\/\/www.facebook.com\/Le.Cercle.des.Economistes\/\" \/>\n<meta property=\"article:modified_time\" content=\"2021-06-15T16:04:58+00:00\" \/>\n<meta property=\"og:image\" content=\"https:\/\/www.lesrencontreseconomiques.fr\/wp-content\/uploads\/2021\/06\/olivier-lenel.png\" \/>\n<meta name=\"twitter:card\" content=\"summary_large_image\" \/>\n<meta name=\"twitter:image\" content=\"https:\/\/www.lesrencontreseconomiques.fr\/wp-content\/uploads\/2021\/06\/olivier-lenel.png\" \/>\n<meta name=\"twitter:site\" content=\"@Cercle_eco\" \/>\n<script type=\"application\/ld+json\" class=\"yoast-schema-graph\">{\"@context\":\"https:\/\/schema.org\",\"@graph\":[{\"@type\":\"WebSite\",\"@id\":\"https:\/\/www.lesrencontreseconomiques.fr\/#website\",\"url\":\"https:\/\/www.lesrencontreseconomiques.fr\/\",\"name\":\"Les Rencontres \\u00c9conomiques\",\"description\":\"\",\"potentialAction\":[{\"@type\":\"SearchAction\",\"target\":{\"@type\":\"EntryPoint\",\"urlTemplate\":\"https:\/\/www.lesrencontreseconomiques.fr\/?s={search_term_string}\"},\"query-input\":\"required name=search_term_string\"}],\"inLanguage\":\"fr-FR\"},{\"@type\":\"ImageObject\",\"@id\":\"https:\/\/www.lesrencontreseconomiques.fr\/articles-contributions\/#primaryimage\",\"inLanguage\":\"fr-FR\",\"url\":\"https:\/\/www.lesrencontreseconomiques.fr\/wp-content\/uploads\/2021\/06\/javier-allegue-barros-c7b-exxpoie-unsplash.jpg\",\"contentUrl\":\"https:\/\/www.lesrencontreseconomiques.fr\/wp-content\/uploads\/2021\/06\/javier-allegue-barros-c7b-exxpoie-unsplash.jpg\",\"width\":1600,\"height\":1067},{\"@type\":\"WebPage\",\"@id\":\"https:\/\/www.lesrencontreseconomiques.fr\/articles-contributions\/#webpage\",\"url\":\"https:\/\/www.lesrencontreseconomiques.fr\/articles-contributions\/\",\"name\":\"Articles & Contributions - Les Rencontres \\u00c9conomiques\",\"isPartOf\":{\"@id\":\"https:\/\/www.lesrencontreseconomiques.fr\/#website\"},\"primaryImageOfPage\":{\"@id\":\"https:\/\/www.lesrencontreseconomiques.fr\/articles-contributions\/#primaryimage\"},\"datePublished\":\"2021-06-01T14:37:04+00:00\",\"dateModified\":\"2021-06-15T16:04:58+00:00\",\"breadcrumb\":{\"@id\":\"https:\/\/www.lesrencontreseconomiques.fr\/articles-contributions\/#breadcrumb\"},\"inLanguage\":\"fr-FR\",\"potentialAction\":[{\"@type\":\"ReadAction\",\"target\":[\"https:\/\/www.lesrencontreseconomiques.fr\/articles-contributions\/\"]}]},{\"@type\":\"BreadcrumbList\",\"@id\":\"https:\/\/www.lesrencontreseconomiques.fr\/articles-contributions\/#breadcrumb\",\"itemListElement\":[{\"@type\":\"ListItem\",\"position\":1,\"name\":\"Accueil\",\"item\":\"https:\/\/www.lesrencontreseconomiques.fr\/\"},{\"@type\":\"ListItem\",\"position\":2,\"name\":\"Articles &#038; Contributions\"}]}]}<\/script>\n<!-- \/ Yoast SEO plugin. -->","yoast_head_json":{"robots":{"index":"index","follow":"follow","max-snippet":"max-snippet:-1","max-image-preview":"max-image-preview:large","max-video-preview":"max-video-preview:-1"},"canonical":"https:\/\/www.lesrencontreseconomiques.fr\/articles-contributions\/","og_locale":"fr_FR","og_type":"article","og_title":"Articles & Contributions - Les Rencontres \u00c9conomiques","og_description":"D\u00e9couvrez les derni\u00e8res contributions th\u00e9matiques des intervenants et de nos partenaires. Le Monde d&rsquo;apr\u00e8s Les grandes transformations de notre monde et de l&rsquo;\u00e9conomie mondiale d\u00e9crypt\u00e9es par les intervenants Lire les contributions Environnement &#038; Territoires Lire les contributions Sant\u00e9 Lire les contributions Solidarit\u00e9s En savoir plus Finance Lire les contributions International Lire les contributions Technologie &#038; [&hellip;]","og_url":"https:\/\/www.lesrencontreseconomiques.fr\/articles-contributions\/","og_site_name":"Les Rencontres \u00c9conomiques","article_publisher":"https:\/\/www.facebook.com\/Le.Cercle.des.Economistes\/","article_modified_time":"2021-06-15T16:04:58+00:00","og_image":[{"url":"https:\/\/www.lesrencontreseconomiques.fr\/wp-content\/uploads\/2021\/06\/olivier-lenel.png"}],"twitter_card":"summary_large_image","twitter_image":"https:\/\/www.lesrencontreseconomiques.fr\/wp-content\/uploads\/2021\/06\/olivier-lenel.png","twitter_site":"@Cercle_eco","schema":{"@context":"https:\/\/schema.org","@graph":[{"@type":"WebSite","@id":"https:\/\/www.lesrencontreseconomiques.fr\/#website","url":"https:\/\/www.lesrencontreseconomiques.fr\/","name":"Les Rencontres \u00c9conomiques","description":"","potentialAction":[{"@type":"SearchAction","target":{"@type":"EntryPoint","urlTemplate":"https:\/\/www.lesrencontreseconomiques.fr\/?s={search_term_string}"},"query-input":"required name=search_term_string"}],"inLanguage":"fr-FR"},{"@type":"ImageObject","@id":"https:\/\/www.lesrencontreseconomiques.fr\/articles-contributions\/#primaryimage","inLanguage":"fr-FR","url":"https:\/\/www.lesrencontreseconomiques.fr\/wp-content\/uploads\/2021\/06\/javier-allegue-barros-c7b-exxpoie-unsplash.jpg","contentUrl":"https:\/\/www.lesrencontreseconomiques.fr\/wp-content\/uploads\/2021\/06\/javier-allegue-barros-c7b-exxpoie-unsplash.jpg","width":1600,"height":1067},{"@type":"WebPage","@id":"https:\/\/www.lesrencontreseconomiques.fr\/articles-contributions\/#webpage","url":"https:\/\/www.lesrencontreseconomiques.fr\/articles-contributions\/","name":"Articles & Contributions - Les Rencontres \u00c9conomiques","isPartOf":{"@id":"https:\/\/www.lesrencontreseconomiques.fr\/#website"},"primaryImageOfPage":{"@id":"https:\/\/www.lesrencontreseconomiques.fr\/articles-contributions\/#primaryimage"},"datePublished":"2021-06-01T14:37:04+00:00","dateModified":"2021-06-15T16:04:58+00:00","breadcrumb":{"@id":"https:\/\/www.lesrencontreseconomiques.fr\/articles-contributions\/#breadcrumb"},"inLanguage":"fr-FR","potentialAction":[{"@type":"ReadAction","target":["https:\/\/www.lesrencontreseconomiques.fr\/articles-contributions\/"]}]},{"@type":"BreadcrumbList","@id":"https:\/\/www.lesrencontreseconomiques.fr\/articles-contributions\/#breadcrumb","itemListElement":[{"@type":"ListItem","position":1,"name":"Accueil","item":"https:\/\/www.lesrencontreseconomiques.fr\/"},{"@type":"ListItem","position":2,"name":"Articles &#038; Contributions"}]}]}},"_links":{"self":[{"href":"https:\/\/www.lesrencontreseconomiques.fr\/wp-json\/wp\/v2\/pages\/1519"}],"collection":[{"href":"https:\/\/www.lesrencontreseconomiques.fr\/wp-json\/wp\/v2\/pages"}],"about":[{"href":"https:\/\/www.lesrencontreseconomiques.fr\/wp-json\/wp\/v2\/types\/page"}],"author":[{"embeddable":true,"href":"https:\/\/www.lesrencontreseconomiques.fr\/wp-json\/wp\/v2\/users\/2"}],"replies":[{"embeddable":true,"href":"https:\/\/www.lesrencontreseconomiques.fr\/wp-json\/wp\/v2\/comments?post=1519"}],"version-history":[{"count":0,"href":"https:\/\/www.lesrencontreseconomiques.fr\/wp-json\/wp\/v2\/pages\/1519\/revisions"}],"wp:attachment":[{"href":"https:\/\/www.lesrencontreseconomiques.fr\/wp-json\/wp\/v2\/media?parent=1519"}],"curies":[{"name":"wp","href":"https:\/\/api.w.org\/{rel}","templated":true}]}}