{"id":139,"date":"2020-12-02T13:04:14","date_gmt":"2020-12-02T12:04:14","guid":{"rendered":"https:\/\/www.lesrencontreseconomiques.fr\/?page_id=139"},"modified":"2021-01-25T17:30:05","modified_gmt":"2021-01-25T16:30:05","slug":"conditions-de-participation","status":"publish","type":"page","link":"https:\/\/www.lesrencontreseconomiques.fr\/la-parole-aux-18-28\/conditions-de-participation\/","title":{"rendered":"Conditions de participation"},"content":{"rendered":"<div class=\"-wrapper -668 -mt-90 -mb-90\">\n<div class=\"cp-intro -texte\">\n<div class=\"description\">\n<div class=\"cp-texte\">\n<p><em>Conditions mises \u00e0 jour le 25\/01\/2021<\/em><\/p>\n<p>&nbsp;<\/p>\n<h3>Article 1 : Pr\u00e9sentation de l\u2019appel national \u00e0 candidater pour la Parole aux 18-28<\/h3>\n<p>Organis\u00e9 par le Cercle des \u00e9conomistes et France Culture, l\u2019appel \u00e0 candidater pour\u00a0<strong>La Parole aux 18-28<\/strong>, vise \u00e0 s\u00e9lectionner 120 jeunes (18-28 ans) pour les inviter \u00e0 participer aux 21e Rencontres \u00c9conomiques d\u2019Aix-en-Provence les 2, 3 et 4 juillet prochains.<\/p>\n<p><strong><em>\u00c0 gagner<\/em><\/strong> : \u00a0Trois journ\u00e9es exceptionnelles de d\u00e9bats et sessions et un programme d\u00e9di\u00e9 aux jeunes, une matin\u00e9e de Master classes in\u00e9dites, des rendez-vous exclusifs et informels avec un panel de conf\u00e9renciers prestigieux, des prises de parole organis\u00e9es ainsi que des soir\u00e9es culturelles et un prix de 1 000 euros pour chacun des trois laur\u00e9ats.<\/p>\n<p>Parmi ces 120 jeunes, 100 candidats seront s\u00e9lectionn\u00e9s sur la base d\u2019une premi\u00e8re candidature et 20 ambassadeurs, choisis parmi les s\u00e9lectionn\u00e9s des ann\u00e9es ant\u00e9rieures et sur la base de leur nouvelle candidature.<\/p>\n<p>Les 120 candidats s\u00e9lectionn\u00e9s seront invit\u00e9s par le Cercle des \u00e9conomistes et France Culture qui prendront \u00e0 leurs charges le transport SNCF Paris- Aix-en-Provence A\/R ou Province \u2013 Aix-en-Provence A\/R, l\u2019h\u00e9bergement des nuits du 2,3 et 4 juillet 2021, la restauration des 3 jours ainsi que les soir\u00e9es culturelles.<\/p>\n<p><strong>S\u00e9lection en deux \u00e9tapes\u00a0:<br \/>\n<\/strong>\u00c9tape 1 : La s\u00e9lection des 120 jeunes<br \/>\n\u00c9tape 2 : La s\u00e9lection des trois laur\u00e9ats du prix La Parole aux 18-28<\/p>\n<p><strong>D\u00e9poser sa candidature\u00a0sur le site\u00a0<\/strong><a href=\"http:\/\/www.laparoleaux18-28.fr\/\"><strong>www.laparoleaux18-28.fr<\/strong><\/a><\/p>\n<ul>\n<li><strong>\u00c9tape 1 :<\/strong><br \/>\n<strong>10 d\u00e9cembre 2020 \u2013 2 f\u00e9vrier 2021 \u00e0 minuit <\/strong>: D\u00e9p\u00f4t d\u2019un dossier complet (formulaire d\u2019inscription et CV) selon les modalit\u00e9s cit\u00e9es dans l\u2019article 5.<em><br \/>\n<strong>=&gt; 1er mars : Annonce des 120 jeunes s\u00e9lectionn\u00e9s et invit\u00e9s par le Cercle des \u00e9conomistes \u00e0 participer \u00e0 la 21<sup>e<\/sup>\u00e9dition des Rencontres \u00c9conomiques d\u2019Aix-en-Provence.<\/strong><\/em><\/li>\n<li><strong>Etape 2 :<br \/>\n2 mars 2021 \u2013 1er avril 2021\u00a0<\/strong>: Participation volontaire par la production d\u2019une contribution \u00e9crite de 12 000 caract\u00e8res espaces compris sur le th\u00e8me des Rencontres \u00c9conomiques pour gagner un des trois prix La Parole aux 18-28, dot\u00e9 chacun de 1 000\u20ac.<br \/>\n<strong>10 mai\u00a0<\/strong>: D\u00e9lib\u00e9ration du jury, pr\u00e9sid\u00e9 par \u00c9tienne Klein, physicien, directeur de recherches au CEA et docteur en philosophie des sciences.<br \/>\n<strong><em>=&gt; 10 mai : Annonce des Laur\u00e9ats du Prix La Parole aux 18-28, s\u00e9lectionn\u00e9s par le jury.<\/em><\/strong><\/li>\n<\/ul>\n<p>Le dispositif<strong>\u00a0La Parole aux 18-28<\/strong>\u00a0est soutenu par le Minist\u00e8re de l\u2019Enseignement Sup\u00e9rieur, de la Recherche et de l\u2019Innovation (MESRI), Aix-Marseille Universit\u00e9 (AMU), la Conf\u00e9rence des Directeurs des \u00c9coles Fran\u00e7aises d\u2019ing\u00e9nieurs (CDEFI), la Conf\u00e9rence des Grandes \u00c9coles (CGE), la Conf\u00e9rence des Pr\u00e9sidents d\u2019Universit\u00e9 (CPU) ainsi que de nombreuses entreprises-partenaires et associations d\u2019\u00e9tudiants.<\/p>\n<p>&nbsp;<\/p>\n<h3>Article 2\u00a0: Pr\u00e9sentation du contexte\u00a0: les Rencontres \u00c9conomiques d\u2019Aix-en-Provence<\/h3>\n<p>Chaque ann\u00e9e aux Rencontres \u00c9conomiques d\u2019Aix-en-Provence, un th\u00e8me pr\u00e9curseur est choisi et d\u00e9velopp\u00e9 \u00e0 l\u2019occasion de plusieurs sessions et d\u00e9bats, r\u00e9unissant universitaires, personnalit\u00e9s politiques, repr\u00e9sentants d\u2019institutions internationales et chefs d\u2019entreprise du monde entier dans le but de nourrir le d\u00e9bat \u00e9conomique \u00e0 l\u2019\u00e9chelle fran\u00e7aise, europ\u00e9enne et internationale. Ces Rencontres sont devenues le plus grand forum \u00e9conomique fran\u00e7ais gr\u00e2ce \u00e0 un programme toujours plus riche.<\/p>\n<p>Un public de plus en plus nombreux et l\u2019exigence des d\u00e9bats en ont fait la renomm\u00e9e de cet \u00e9v\u00e9nement, refl\u00e9tant ainsi l\u2019engagement du Cercle des \u00e9conomistes et de ses membres pour un d\u00e9bat \u00e9conomique ouvert fran\u00e7ais, europ\u00e9en et mondial.<\/p>\n<p>&nbsp;<\/p>\n<h3>Article 3\u00a0: Description du th\u00e8me<\/h3>\n<p>L\u2019\u00e9dition 2021 des Rencontres \u00c9conomiques aura comme titre et th\u00e8me principal :<\/p>\n<p><strong>\u00ab\u00a0R\u00e9sister aujourd\u2019hui pour inventer demain\u00a0\u00bb<\/strong><\/p>\n<p>Depuis pr\u00e8s d\u2019un an, nos soci\u00e9t\u00e9s sont confront\u00e9es \u00e0 une situation sans pr\u00e9c\u00e9dent. La menace d\u2019une pand\u00e9mie mondiale qui \u00e9tait per\u00e7ue par beaucoup comme tr\u00e8s hypoth\u00e9tique est devenue une terrible r\u00e9alit\u00e9. L\u2019ensemble des \u00e9conomies ont subi un arr\u00eat sans pr\u00e9c\u00e9dent : arr\u00eat brutal des \u00e9changes, chute des PIB, creusement des dettes publiques, destructions d\u2019emplois\u2026 Cette crise sanitaire puis \u00e9conomique s\u2019est rapidement mu\u00e9e en une crise sociale et politique. Entre r\u00e9silience et adaptation, il a fallu rapidement faire face et identifier des priorit\u00e9s.<\/p>\n<p>Le d\u00e9but du XXI<sup>e<\/sup> si\u00e8cle a \u00e9t\u00e9 \u00e9branl\u00e9 par des crises \u00e0 r\u00e9p\u00e9tition \u2013 financi\u00e8res, \u00e9conomiques, politiques, sociales, sanitaires. La pand\u00e9mie a acc\u00e9l\u00e9r\u00e9 la prise de conscience des risques auxquels nous sommes tous soumis aujourd\u2019hui. D\u00e9sormais, il nous faut prendre la mesure des grands d\u00e9fis \u00e0 affronter si nous ne voulons pas qu\u2019ils engendrent la prochaine catastrophe : impl\u00e9menter la transition \u00e9cologique, cr\u00e9er de nouvelles formes de solidarit\u00e9, r\u00e9inventer les responsabilit\u00e9s collectives et individuelles, repenser la gouvernance europ\u00e9enne et internationale, repenser l\u2019\u00e9quilibre commercial et \u00e9conomique mondial, cr\u00e9er un nouveau rapport \u00e0 l\u2019\u00e9conomie et au lib\u00e9ralisme, etc.<\/p>\n<p>Les Rencontres \u00c9conomiques d\u2019Aix-en-Provence 2021 sauront prendre acte de la mani\u00e8re dont nos soci\u00e9t\u00e9s et nos \u00e9conomies sont entr\u00e9es en r\u00e9sistance pour absorber les chocs, prot\u00e9ger l\u2019essentiel, et rebondir. Elles se donneront aussi pour objectif, afin de ne pas r\u00e9p\u00e9ter les erreurs du pass\u00e9 et de prendre la mesure des \u00e9preuves \u00e0 venir, d\u2019innover, de proposer des mesures combinant r\u00e9ponse aux urgences et vision de long terme, de s\u2019inscrire dans les grandes dynamiques de l\u2019avenir.<\/p>\n<p>&nbsp;<\/p>\n<h3>Article 4\u00a0: Conditions de participation<\/h3>\n<p>Sont invit\u00e9s \u00e0 participer \u00e0 cet appel \u00e0 candidatures, tous les jeunes (\u00e9tudiants, actifs\u2026) de 18 \u00e0 28 ans (au moment des REAIX 2021), domicili\u00e9s en France m\u00e9tropolitaine pour l\u2019ann\u00e9e en cours.<\/p>\n<p><strong>La\u00a0participation implique et emporte l\u2019acceptation sans r\u00e9serve du pr\u00e9sent r\u00e8glement dans son int\u00e9gralit\u00e9.<\/strong><\/p>\n<p><strong>\u00a0<\/strong><\/p>\n<h3>Article 5 : Modalit\u00e9s d\u2019inscription<\/h3>\n<p>La candidature devra comprendre\u00a0:<\/p>\n<ul>\n<li>Le formulaire d\u2019inscription d\u00fbment rempli y compris les r\u00e9ponses aux questions d\u00e9finissant la motivation, projet, personnalit\u00e9 du candidat compl\u00e9t\u00e9es pour la validation du dossier. Le formulaire d\u2019inscription est disponible sur le site :\u00a0\u00a0<a href=\"http:\/\/www.laparoleaux18-28.fr\/\">laparoleaux18-28.fr<\/a><\/li>\n<li>Un CV complet en format PDF<\/li>\n<li>La copie d\u2019un justificatif d\u2019identit\u00e9 (CNI ou passeport)<\/li>\n<li><strong>Une d\u00e9claration sur l\u2019honneur\u00a0<\/strong>indiquant que le candidat a bien pris connaissance des conditions d\u2019inscription de \u00ab La Parole aux 18-28 \u00bb et l\u2019accepte. Il s\u2019engage en cas de s\u00e9lection, \u00e0 participer aux Rencontres \u00c9conomiques d\u2019Aix-en-Provence du jeudi 1<sup>e<\/sup><sup>r<\/sup> juillet apr\u00e8s-midi au dimanche 4 juillet 2021 \u00e0 14H00.<\/li>\n<\/ul>\n<p>Tous les documents du dossier de participation devront \u00eatre d\u00e9pos\u00e9s sur le site\u00a0<a href=\"http:\/\/www.laparoleaux18-28.fr\/\">www.laparoleaux18-28<\/a>.fr avant le<strong>\u00a02\u00a0f\u00e9vrier 2021 \u00e0 minuit<\/strong><\/p>\n<p><strong>La prise en compte de la candidature devient effective \u00e0 r\u00e9ception de l\u2019ensemble du dossier complet.<\/strong><\/p>\n<p>&nbsp;<\/p>\n<h3>Article 6 : Calendrier de l\u2019Appel \u00e0 candidater<\/h3>\n<p><strong><em>\u00c9tape 1\u00a0<\/em><\/strong><\/p>\n<ul>\n<li>10 d\u00e9cembre 2020 : Ouverture de l\u2019appel \u00e0 candidatures.<\/li>\n<li>2 f\u00e9vrier 2021 \u00e0 minuit : Cl\u00f4ture de l\u2019appel \u00e0 candidatures.<\/li>\n<li>1er mars 2021 : Publication de la liste des 120 s\u00e9lectionn\u00e9s par le Cercle des \u00e9conomistes sur le site\u00a0<a href=\"http:\/\/www.laparoleaux18-28.fr\/\">laparoleaux18-28.fr<\/a>.<\/li>\n<\/ul>\n<p><strong><em>\u00c9tape 2\u00a0<\/em><\/strong><\/p>\n<ul>\n<li>2 mars 2021 : Lancement aupr\u00e8s des 120 s\u00e9lectionn\u00e9s d\u2019un appel \u00e0 contribution \u00e9crite\u00a0volontaire de 12 000 caract\u00e8res espaces compris \u2026. sur le th\u00e8me des Rencontres \u00c9conomiques d\u2019Aix-en-Provence 2021, \u00ab\u00a0<strong>Agir face aux d\u00e9r\u00e8glements du monde \u00bb\u00a0<\/strong>pour gagner un des trois prix La Parole aux 18-28 dot\u00e9 chacun de 1 000\u20ac.<\/li>\n<li>1er avril 2021 : Cl\u00f4ture de l\u2019appel \u00e0 contributions sur le th\u00e8me des Rencontres \u00c9conomiques d\u2019Aix-en-Provence 2021.<\/li>\n<li>5 mai 2021 : D\u00e9lib\u00e9ration du jury pr\u00e9sid\u00e9 par \u00c9tienne Klein pour \u00e9lire trois laur\u00e9ats du prix La Parole aux 18-28.<\/li>\n<li>10 mai 2021 : annonce des trois laur\u00e9ats du prix La Parole aux 18-28, \u00e9dition 2021 sur le site\u00a0<a href=\"http:\/\/www.laparoleaux18-28.fr\/\">laparoleaux18-28.fr<\/a>.<\/li>\n<\/ul>\n<p><strong><em>\u00c9tape 3<\/em><\/strong><\/p>\n<ul>\n<li>2,3 et 4 juillet 2021 : Participation des 120 s\u00e9lectionn\u00e9s aux Rencontres \u00c9conomiques d\u2019Aix-en-Provence et remise aux trois laur\u00e9ats du Prix La Parole aux 18-28 (<em>arriv\u00e9e \u00e0 pr\u00e9voir d\u00e8s le 1<sup>e<\/sup> juillet \u00e0 la mi-journ\u00e9e).<\/em><\/li>\n<\/ul>\n<p><strong>\u00a0<\/strong><\/p>\n<h3>Article 7 : Engagements du candidat<\/h3>\n<p>Le candidat s\u2019engage, s\u2019il est s\u00e9lectionn\u00e9, \u00e0 participer aux journ\u00e9es des Rencontres \u00c9conomiques d\u2019Aix-en-Provence les 2, 3 et 4 juillet 2021. Arriv\u00e9e \u00e0 pr\u00e9voir le jeudi 1<sup>er<\/sup> juillet \u00e0 la mi-journ\u00e9e.<\/p>\n<p>Le candidat garantit au Cercle des \u00e9conomistes de disposer de tous les droits portant sur les images, les textes et autres \u00e9l\u00e9ments se trouvant dans ses travaux de r\u00e9flexion sur le programme des Rencontres \u00c9conomiques d\u2019Aix-en-Provence 2021.<\/p>\n<p>Au cas o\u00f9 le Cercle des \u00e9conomistes devait suspendre, annuler ou modifier totalement ou partiellement l\u2019\u00e9dition des <strong>Rencontres <\/strong><strong>\u00c9<\/strong><strong>conomiques d\u2019Aix-en-Provence,<\/strong> notamment pour tenir compte des mesures sanitaires gouvernementales ou locales mises en \u0153uvre par les Autorit\u00e9s en cas de pand\u00e9mie, le candidat ne remettra pas en cause sa participation aux Rencontres \u00e9conomiques d\u2019Aix en Provence et acceptera les solutions de substitution et d\u2019organisation pour le maintien \u00a0de ces derni\u00e8res qui lui seront propos\u00e9es.<\/p>\n<p>&nbsp;<\/p>\n<h3>Article 8 : Proc\u00e9dure de s\u00e9lection des laur\u00e9ats et crit\u00e8res d\u2019\u00e9valuation<\/h3>\n<p><strong><em>\u00c9tape 1<\/em><\/strong><\/p>\n<p>La s\u00e9lection des 120 candidatures 18-28 ans se fera sur la base d\u2019un CV et de la motivation exprim\u00e9e en r\u00e9ponse aux questions pos\u00e9es.<\/p>\n<p>Ils seront s\u00e9lectionn\u00e9s par le Cercle des \u00e9conomistes et France Culture. La proc\u00e9dure de s\u00e9lection prendra en compte la diversit\u00e9 des formations et des exp\u00e9riences, le parcours des candidats, la motivation \u00e0 participer aux Rencontres \u00c9conomiques d\u2019Aix-en-Provence.<\/p>\n<ul>\n<li>Rigueur et originalit\u00e9 de l\u2019argumentation en vue de participer aux Rencontres \u00c9conomiques d\u2019Aix-en-Provence<\/li>\n<li>Int\u00e9r\u00eat des r\u00e9ponses aux questions de personnalit\u00e9\/projet.<\/li>\n<\/ul>\n<p><strong><em>\u00c9tape 2 (facultative)<\/em><\/strong><\/p>\n<p>Parmi les 120 s\u00e9lectionn\u00e9s de l\u2019\u00e9tape 1, ceux qui souhaitent candidater au prix La Parole aux 18-28 peuvent fournir une contribution \u00e9crite de 12 000 caract\u00e8res espaces compris sur le th\u00e8me du programme des Rencontres \u00c9conomiques d\u2019Aix-en-Provence.<strong>\u00a0Les trois laur\u00e9ats recevront chacun un Prix dot\u00e9 de 1 000 euros.<\/strong><\/p>\n<p>Les crit\u00e8res de s\u00e9lection porteront sur\u00a0:<\/p>\n<ul>\n<li>La pertinence du sujet et de la r\u00e9flexion. La probl\u00e9matique abord\u00e9e devra \u00eatre reli\u00e9e au th\u00e8me du programme 2021 des Rencontres \u00c9conomiques d\u2019Aix-en-Provence.<\/li>\n<li>La force de propositions \/recommandations qui en d\u00e9coule.<\/li>\n<li>La qualit\u00e9 de r\u00e9daction.<\/li>\n<li>La clart\u00e9 du document.<\/li>\n<\/ul>\n<p>Ce jury, pr\u00e9sid\u00e9 par \u00c9tienne Klein, sera compos\u00e9 de membres du Cercle des \u00e9conomistes, de France Culture, de partenaires entreprises de la Parole aux 18-28, de journalistes et personnalit\u00e9s qualifi\u00e9es.<\/p>\n<p>La d\u00e9cision du jury est sans appel. Le jury se r\u00e9servera le droit de rejeter tout dossier non conforme aux conditions de participation.<\/p>\n<p>Les r\u00e9sultats\u00a0seront rendus publics le 10 mai sur le site\u00a0<a href=\"http:\/\/www.laparoleaux18-28.fr\/\"><strong>www.laparoleaux18-28.fr<\/strong><\/a><strong>.<\/strong><\/p>\n<p>&nbsp;<\/p>\n<h3>Article 9 : Prix<\/h3>\n<p>Les trois laur\u00e9ats recevront chacun un prix dot\u00e9 de 1 000 euros.<\/p>\n<p>&nbsp;<\/p>\n<h3>Article 10 : Protection des donn\u00e9es personnelles<\/h3>\n<p>Les informations nominatives recueillies dans le cadre du pr\u00e9sent concours sont trait\u00e9es conform\u00e9ment \u00e0 la loi \u00ab Informatique et Libert\u00e9s \u00bb n\u00b078-17 du 6 janvier 1978 et du r\u00e8glement (UE)2016\/679 du Parlement Europ\u00e9en relatif \u00e0 la protection des donn\u00e9es \u00e0 caract\u00e8re personnel et relev\u00e9 de la vie priv\u00e9e et du secret professionnel.<\/p>\n<p>Les noms et adresses \u00e9lectroniques des 120 s\u00e9lectionn\u00e9s seront \u00e0 la disposition du groupe afin de leur permettre des \u00e9changes.<\/p>\n<p>Les candidats b\u00e9n\u00e9ficient aupr\u00e8s du Cercle des \u00e9conomistes, seul destinataire de ces informations, d\u2019un droit d\u2019acc\u00e8s, de rectification et d\u2019annulation des informations recueillies sur le formulaire de participation \u00e0 \u00ab La Parole aux 18-28 \u00bb et les concernant.\u00a0 Le candidat peut \u00e9crire \u00e0\u00a0l\u2019adresse \u00ab\u00a0<a href=\"mailto:paroleaux18-28@cercledeseconomistes.fr\"><strong>paroleaux18-28@cercledeseconomistes.fr<\/strong><\/a><strong><u>\u00a0\u00bb<\/u><\/strong><strong>.<\/strong><\/p>\n<p>&nbsp;<\/p>\n<p>&nbsp;<\/p>\n<p>Historique des mises \u00e0 jour :<\/p>\n<p>Le 25\/01\/2021, article 4, \u00ab\u00a0Sont invit\u00e9s \u00e0 participer \u00e0 cet appel \u00e0 candidatures, tous les jeunes (\u00e9tudiants, actifs\u2026) de 18 \u00e0 28 ans, domicili\u00e9s en France m\u00e9tropolitaine pour l\u2019ann\u00e9e en cours.\u00a0\u00bb est remplac\u00e9 par \u00ab\u00a0Sont invit\u00e9s \u00e0 participer \u00e0 cet appel \u00e0 candidatures, tous les jeunes (\u00e9tudiants, actifs\u2026) de 18 \u00e0 28 ans (au moment des REAIX 2021), domicili\u00e9s en France m\u00e9tropolitaine pour l\u2019ann\u00e9e en cours.\u00a0\u00bb<\/p>\n<\/p><\/div>\n<\/p><\/div>\n<\/p><\/div>\n<\/p><\/div>\n","protected":false},"excerpt":{"rendered":"<p>Conditions mises \u00e0 jour le 25\/01\/2021 &nbsp; Article 1 : Pr\u00e9sentation de l\u2019appel national \u00e0 candidater pour la Parole aux 18-28 Organis\u00e9 par le Cercle des \u00e9conomistes et France Culture, l\u2019appel \u00e0 candidater pour\u00a0La Parole aux 18-28, vise \u00e0 s\u00e9lectionner 120 jeunes (18-28 ans) pour les inviter \u00e0 participer aux 21e Rencontres \u00c9conomiques d\u2019Aix-en-Provence les [&hellip;]<\/p>\n","protected":false},"author":2,"featured_media":0,"parent":8,"menu_order":0,"comment_status":"closed","ping_status":"closed","template":"","meta":[],"yoast_head":"<!-- This site is optimized with the Yoast SEO plugin v17.2 - https:\/\/yoast.com\/wordpress\/plugins\/seo\/ -->\n<meta name=\"robots\" content=\"index, follow, max-snippet:-1, max-image-preview:large, max-video-preview:-1\" \/>\n<link rel=\"canonical\" href=\"https:\/\/www.lesrencontreseconomiques.fr\/la-parole-aux-18-28\/conditions-de-participation\/\" \/>\n<meta property=\"og:locale\" content=\"fr_FR\" \/>\n<meta property=\"og:type\" content=\"article\" \/>\n<meta property=\"og:title\" content=\"Conditions de participation - Les Rencontres \u00c9conomiques\" \/>\n<meta property=\"og:description\" content=\"Conditions mises \u00e0 jour le 25\/01\/2021 &nbsp; Article 1 : Pr\u00e9sentation de l\u2019appel national \u00e0 candidater pour la Parole aux 18-28 Organis\u00e9 par le Cercle des \u00e9conomistes et France Culture, l\u2019appel \u00e0 candidater pour\u00a0La Parole aux 18-28, vise \u00e0 s\u00e9lectionner 120 jeunes (18-28 ans) pour les inviter \u00e0 participer aux 21e Rencontres \u00c9conomiques d\u2019Aix-en-Provence les [&hellip;]\" \/>\n<meta property=\"og:url\" content=\"https:\/\/www.lesrencontreseconomiques.fr\/la-parole-aux-18-28\/conditions-de-participation\/\" \/>\n<meta property=\"og:site_name\" content=\"Les Rencontres \u00c9conomiques\" \/>\n<meta property=\"article:publisher\" content=\"https:\/\/www.facebook.com\/Le.Cercle.des.Economistes\/\" \/>\n<meta property=\"article:modified_time\" content=\"2021-01-25T16:30:05+00:00\" \/>\n<meta property=\"og:image\" content=\"https:\/\/www.lesrencontreseconomiques.fr\/wp-content\/uploads\/2021\/06\/olivier-lenel.png\" \/>\n\t<meta property=\"og:image:width\" content=\"615\" \/>\n\t<meta property=\"og:image:height\" content=\"800\" \/>\n<meta name=\"twitter:card\" content=\"summary_large_image\" \/>\n<meta name=\"twitter:image\" content=\"https:\/\/www.lesrencontreseconomiques.fr\/wp-content\/uploads\/2021\/06\/olivier-lenel.png\" \/>\n<meta name=\"twitter:site\" content=\"@Cercle_eco\" \/>\n<meta name=\"twitter:label1\" content=\"Dur\u00e9e de lecture est.\" \/>\n\t<meta name=\"twitter:data1\" content=\"10 minutes\" \/>\n<script type=\"application\/ld+json\" class=\"yoast-schema-graph\">{\"@context\":\"https:\/\/schema.org\",\"@graph\":[{\"@type\":\"WebSite\",\"@id\":\"https:\/\/www.lesrencontreseconomiques.fr\/#website\",\"url\":\"https:\/\/www.lesrencontreseconomiques.fr\/\",\"name\":\"Les Rencontres \\u00c9conomiques\",\"description\":\"\",\"potentialAction\":[{\"@type\":\"SearchAction\",\"target\":{\"@type\":\"EntryPoint\",\"urlTemplate\":\"https:\/\/www.lesrencontreseconomiques.fr\/?s={search_term_string}\"},\"query-input\":\"required name=search_term_string\"}],\"inLanguage\":\"fr-FR\"},{\"@type\":\"WebPage\",\"@id\":\"https:\/\/www.lesrencontreseconomiques.fr\/la-parole-aux-18-28\/conditions-de-participation\/#webpage\",\"url\":\"https:\/\/www.lesrencontreseconomiques.fr\/la-parole-aux-18-28\/conditions-de-participation\/\",\"name\":\"Conditions de participation - Les Rencontres \\u00c9conomiques\",\"isPartOf\":{\"@id\":\"https:\/\/www.lesrencontreseconomiques.fr\/#website\"},\"datePublished\":\"2020-12-02T12:04:14+00:00\",\"dateModified\":\"2021-01-25T16:30:05+00:00\",\"breadcrumb\":{\"@id\":\"https:\/\/www.lesrencontreseconomiques.fr\/la-parole-aux-18-28\/conditions-de-participation\/#breadcrumb\"},\"inLanguage\":\"fr-FR\",\"potentialAction\":[{\"@type\":\"ReadAction\",\"target\":[\"https:\/\/www.lesrencontreseconomiques.fr\/la-parole-aux-18-28\/conditions-de-participation\/\"]}]},{\"@type\":\"BreadcrumbList\",\"@id\":\"https:\/\/www.lesrencontreseconomiques.fr\/la-parole-aux-18-28\/conditions-de-participation\/#breadcrumb\",\"itemListElement\":[{\"@type\":\"ListItem\",\"position\":1,\"name\":\"Accueil\",\"item\":\"https:\/\/www.lesrencontreseconomiques.fr\/\"},{\"@type\":\"ListItem\",\"position\":2,\"name\":\"La Parole aux 18-28\",\"item\":\"https:\/\/www.lesrencontreseconomiques.fr\/la-parole-aux-18-28\/\"},{\"@type\":\"ListItem\",\"position\":3,\"name\":\"Conditions de participation\"}]}]}<\/script>\n<!-- \/ Yoast SEO plugin. -->","yoast_head_json":{"robots":{"index":"index","follow":"follow","max-snippet":"max-snippet:-1","max-image-preview":"max-image-preview:large","max-video-preview":"max-video-preview:-1"},"canonical":"https:\/\/www.lesrencontreseconomiques.fr\/la-parole-aux-18-28\/conditions-de-participation\/","og_locale":"fr_FR","og_type":"article","og_title":"Conditions de participation - Les Rencontres \u00c9conomiques","og_description":"Conditions mises \u00e0 jour le 25\/01\/2021 &nbsp; Article 1 : Pr\u00e9sentation de l\u2019appel national \u00e0 candidater pour la Parole aux 18-28 Organis\u00e9 par le Cercle des \u00e9conomistes et France Culture, l\u2019appel \u00e0 candidater pour\u00a0La Parole aux 18-28, vise \u00e0 s\u00e9lectionner 120 jeunes (18-28 ans) pour les inviter \u00e0 participer aux 21e Rencontres \u00c9conomiques d\u2019Aix-en-Provence les [&hellip;]","og_url":"https:\/\/www.lesrencontreseconomiques.fr\/la-parole-aux-18-28\/conditions-de-participation\/","og_site_name":"Les Rencontres \u00c9conomiques","article_publisher":"https:\/\/www.facebook.com\/Le.Cercle.des.Economistes\/","article_modified_time":"2021-01-25T16:30:05+00:00","og_image":[{"width":615,"height":800,"url":"https:\/\/www.lesrencontreseconomiques.fr\/wp-content\/uploads\/2021\/06\/olivier-lenel.png","path":"\/var\/www\/websites\/www.lesrencontreseconomiques.fr\/wordpress\/wp-content\/uploads\/2021\/06\/olivier-lenel.png","size":"full","id":2071,"alt":"","pixels":492000,"type":"image\/png"}],"twitter_card":"summary_large_image","twitter_image":"https:\/\/www.lesrencontreseconomiques.fr\/wp-content\/uploads\/2021\/06\/olivier-lenel.png","twitter_site":"@Cercle_eco","twitter_misc":{"Dur\u00e9e de lecture est.":"10 minutes"},"schema":{"@context":"https:\/\/schema.org","@graph":[{"@type":"WebSite","@id":"https:\/\/www.lesrencontreseconomiques.fr\/#website","url":"https:\/\/www.lesrencontreseconomiques.fr\/","name":"Les Rencontres \u00c9conomiques","description":"","potentialAction":[{"@type":"SearchAction","target":{"@type":"EntryPoint","urlTemplate":"https:\/\/www.lesrencontreseconomiques.fr\/?s={search_term_string}"},"query-input":"required name=search_term_string"}],"inLanguage":"fr-FR"},{"@type":"WebPage","@id":"https:\/\/www.lesrencontreseconomiques.fr\/la-parole-aux-18-28\/conditions-de-participation\/#webpage","url":"https:\/\/www.lesrencontreseconomiques.fr\/la-parole-aux-18-28\/conditions-de-participation\/","name":"Conditions de participation - Les Rencontres \u00c9conomiques","isPartOf":{"@id":"https:\/\/www.lesrencontreseconomiques.fr\/#website"},"datePublished":"2020-12-02T12:04:14+00:00","dateModified":"2021-01-25T16:30:05+00:00","breadcrumb":{"@id":"https:\/\/www.lesrencontreseconomiques.fr\/la-parole-aux-18-28\/conditions-de-participation\/#breadcrumb"},"inLanguage":"fr-FR","potentialAction":[{"@type":"ReadAction","target":["https:\/\/www.lesrencontreseconomiques.fr\/la-parole-aux-18-28\/conditions-de-participation\/"]}]},{"@type":"BreadcrumbList","@id":"https:\/\/www.lesrencontreseconomiques.fr\/la-parole-aux-18-28\/conditions-de-participation\/#breadcrumb","itemListElement":[{"@type":"ListItem","position":1,"name":"Accueil","item":"https:\/\/www.lesrencontreseconomiques.fr\/"},{"@type":"ListItem","position":2,"name":"La Parole aux 18-28","item":"https:\/\/www.lesrencontreseconomiques.fr\/la-parole-aux-18-28\/"},{"@type":"ListItem","position":3,"name":"Conditions de participation"}]}]}},"_links":{"self":[{"href":"https:\/\/www.lesrencontreseconomiques.fr\/wp-json\/wp\/v2\/pages\/139"}],"collection":[{"href":"https:\/\/www.lesrencontreseconomiques.fr\/wp-json\/wp\/v2\/pages"}],"about":[{"href":"https:\/\/www.lesrencontreseconomiques.fr\/wp-json\/wp\/v2\/types\/page"}],"author":[{"embeddable":true,"href":"https:\/\/www.lesrencontreseconomiques.fr\/wp-json\/wp\/v2\/users\/2"}],"replies":[{"embeddable":true,"href":"https:\/\/www.lesrencontreseconomiques.fr\/wp-json\/wp\/v2\/comments?post=139"}],"version-history":[{"count":0,"href":"https:\/\/www.lesrencontreseconomiques.fr\/wp-json\/wp\/v2\/pages\/139\/revisions"}],"up":[{"embeddable":true,"href":"https:\/\/www.lesrencontreseconomiques.fr\/wp-json\/wp\/v2\/pages\/8"}],"wp:attachment":[{"href":"https:\/\/www.lesrencontreseconomiques.fr\/wp-json\/wp\/v2\/media?parent=139"}],"curies":[{"name":"wp","href":"https:\/\/api.w.org\/{rel}","templated":true}]}}