{"id":138,"date":"2020-12-02T13:03:13","date_gmt":"2020-12-02T12:03:13","guid":{"rendered":"https:\/\/www.lesrencontreseconomiques.fr\/?page_id=138"},"modified":"2020-12-09T17:20:24","modified_gmt":"2020-12-09T16:20:24","slug":"calendrier","status":"publish","type":"page","link":"https:\/\/www.lesrencontreseconomiques.fr\/la-parole-aux-18-28\/calendrier\/","title":{"rendered":"Calendrier"},"content":{"rendered":"<div class=\"-wrapper -668 -mt-90 -mb-90\">\n<div class=\"cp-intro -texte\">\n<div class=\"description\">\n<div class=\"cp-texte\">\n<h3>\u00c9tape 1<\/h3>\n<h2>Appel \u00e0 candidatures<\/h2>\n<p><strong>10 d\u00e9cembre 2020<\/strong> &#8211; Ouverture de l&rsquo;appel \u00e0 candidatures<\/p>\n<p><strong>2 f\u00e9vrier 2021 (minuit)<\/strong> &#8211; Cl\u00f4ture de l&rsquo;appel \u00e0 candidatures<\/p>\n<p><strong>1er mars 2021<\/strong> &#8211; Publication de la liste des 120 s\u00e9lectionn\u00e9s par le Cercle des \u00e9conomistes sur le site\u00a0<a href=\"http:\/\/www.laparoleaux18-28.fr\/\">laparoleaux18-28.fr<\/a><\/p>\n<p>&nbsp;<\/p>\n<h3>\u00c9tape 2<\/h3>\n<h2>Appel \u00e0 contributions \u00e9crites<\/h2>\n<p><strong>2 mars 2021<\/strong> &#8211; Lancement aupr\u00e8s des 120 s\u00e9lectionn\u00e9s d\u2019un appel \u00e0 contribution \u00e9crite\u00a0volontaire de 12 000 caract\u00e8res espaces compris \u2026. sur le th\u00e8me des Rencontres \u00c9conomiques d\u2019Aix-en-Provence 2021, \u00ab\u00a0<strong>R\u00e9sister aujourd\u2019hui pour inventer demain \u00bb\u00a0<\/strong>pour gagner un des trois prix La Parole aux 18-28 dot\u00e9 chacun de 1 000\u20ac<\/p>\n<p><strong>1er avril 2021<\/strong> &#8211; Cl\u00f4ture de l\u2019appel \u00e0 contributions sur le th\u00e8me des Rencontres \u00c9conomiques d\u2019Aix-en-Provence 2021<\/p>\n<p><strong>5 mai 2021<\/strong> &#8211; D\u00e9lib\u00e9ration du jury pr\u00e9sid\u00e9 par \u00c9tienne Klein pour \u00e9lire trois laur\u00e9ats du prix La Parole aux 18-28<\/p>\n<p><strong>10 mai 2021<\/strong> &#8211; annonce des trois laur\u00e9ats du prix La Parole aux 18-28, \u00e9dition 2021 sur le site <a href=\"http:\/\/www.laparoleaux18-28.fr\/\">www.laparoleaux18-28.fr<\/a><\/p>\n<p>&nbsp;<\/p>\n<h3>\u00c9tape 3<\/h3>\n<h2>Rencontres \u00c9conomiques d&rsquo;Aix-en-Provence<\/h2>\n<p><strong>2, 3 et 4 juillet 2021 <\/strong>&#8211; Participation des 120 s\u00e9lectionn\u00e9s aux Rencontres \u00c9conomiques d\u2019Aix-en-Provence et remise aux trois laur\u00e9ats du Prix La Parole aux 18-28 (<em>arriv\u00e9e \u00e0 pr\u00e9voir d\u00e8s le 1<sup>e<\/sup> juillet \u00e0 la mi-journ\u00e9e)<\/em><\/p>\n<p>&nbsp;<\/p>\n<\/p><\/div>\n<\/p><\/div>\n<\/p><\/div>\n<\/p><\/div>\n","protected":false},"excerpt":{"rendered":"<p>\u00c9tape 1 Appel \u00e0 candidatures 10 d\u00e9cembre 2020 &#8211; Ouverture de l&rsquo;appel \u00e0 candidatures 2 f\u00e9vrier 2021 (minuit) &#8211; Cl\u00f4ture de l&rsquo;appel \u00e0 candidatures 1er mars 2021 &#8211; Publication de la liste des 120 s\u00e9lectionn\u00e9s par le Cercle des \u00e9conomistes sur le site\u00a0laparoleaux18-28.fr &nbsp; \u00c9tape 2 Appel \u00e0 contributions \u00e9crites 2 mars 2021 &#8211; Lancement [&hellip;]<\/p>\n","protected":false},"author":2,"featured_media":0,"parent":8,"menu_order":0,"comment_status":"closed","ping_status":"closed","template":"","meta":[],"yoast_head":"<!-- This site is optimized with the Yoast SEO plugin v17.2 - https:\/\/yoast.com\/wordpress\/plugins\/seo\/ -->\n<meta name=\"robots\" content=\"index, follow, max-snippet:-1, max-image-preview:large, max-video-preview:-1\" \/>\n<link rel=\"canonical\" href=\"https:\/\/www.lesrencontreseconomiques.fr\/la-parole-aux-18-28\/calendrier\/\" \/>\n<meta property=\"og:locale\" content=\"fr_FR\" \/>\n<meta property=\"og:type\" content=\"article\" \/>\n<meta property=\"og:title\" content=\"Calendrier - Les Rencontres \u00c9conomiques\" \/>\n<meta property=\"og:description\" content=\"\u00c9tape 1 Appel \u00e0 candidatures 10 d\u00e9cembre 2020 &#8211; Ouverture de l&rsquo;appel \u00e0 candidatures 2 f\u00e9vrier 2021 (minuit) &#8211; Cl\u00f4ture de l&rsquo;appel \u00e0 candidatures 1er mars 2021 &#8211; Publication de la liste des 120 s\u00e9lectionn\u00e9s par le Cercle des \u00e9conomistes sur le site\u00a0laparoleaux18-28.fr &nbsp; \u00c9tape 2 Appel \u00e0 contributions \u00e9crites 2 mars 2021 &#8211; Lancement [&hellip;]\" \/>\n<meta property=\"og:url\" content=\"https:\/\/www.lesrencontreseconomiques.fr\/la-parole-aux-18-28\/calendrier\/\" \/>\n<meta property=\"og:site_name\" content=\"Les Rencontres \u00c9conomiques\" \/>\n<meta property=\"article:publisher\" content=\"https:\/\/www.facebook.com\/Le.Cercle.des.Economistes\/\" \/>\n<meta property=\"article:modified_time\" content=\"2020-12-09T16:20:24+00:00\" \/>\n<meta property=\"og:image\" content=\"https:\/\/www.lesrencontreseconomiques.fr\/wp-content\/uploads\/2021\/06\/olivier-lenel.png\" \/>\n\t<meta property=\"og:image:width\" content=\"615\" \/>\n\t<meta property=\"og:image:height\" content=\"800\" \/>\n<meta name=\"twitter:card\" content=\"summary_large_image\" \/>\n<meta name=\"twitter:image\" content=\"https:\/\/www.lesrencontreseconomiques.fr\/wp-content\/uploads\/2021\/06\/olivier-lenel.png\" \/>\n<meta name=\"twitter:site\" content=\"@Cercle_eco\" \/>\n<meta name=\"twitter:label1\" content=\"Dur\u00e9e de lecture est.\" \/>\n\t<meta name=\"twitter:data1\" content=\"1 minute\" \/>\n<script type=\"application\/ld+json\" class=\"yoast-schema-graph\">{\"@context\":\"https:\/\/schema.org\",\"@graph\":[{\"@type\":\"WebSite\",\"@id\":\"https:\/\/www.lesrencontreseconomiques.fr\/#website\",\"url\":\"https:\/\/www.lesrencontreseconomiques.fr\/\",\"name\":\"Les Rencontres \\u00c9conomiques\",\"description\":\"\",\"potentialAction\":[{\"@type\":\"SearchAction\",\"target\":{\"@type\":\"EntryPoint\",\"urlTemplate\":\"https:\/\/www.lesrencontreseconomiques.fr\/?s={search_term_string}\"},\"query-input\":\"required name=search_term_string\"}],\"inLanguage\":\"fr-FR\"},{\"@type\":\"WebPage\",\"@id\":\"https:\/\/www.lesrencontreseconomiques.fr\/la-parole-aux-18-28\/calendrier\/#webpage\",\"url\":\"https:\/\/www.lesrencontreseconomiques.fr\/la-parole-aux-18-28\/calendrier\/\",\"name\":\"Calendrier - Les Rencontres \\u00c9conomiques\",\"isPartOf\":{\"@id\":\"https:\/\/www.lesrencontreseconomiques.fr\/#website\"},\"datePublished\":\"2020-12-02T12:03:13+00:00\",\"dateModified\":\"2020-12-09T16:20:24+00:00\",\"breadcrumb\":{\"@id\":\"https:\/\/www.lesrencontreseconomiques.fr\/la-parole-aux-18-28\/calendrier\/#breadcrumb\"},\"inLanguage\":\"fr-FR\",\"potentialAction\":[{\"@type\":\"ReadAction\",\"target\":[\"https:\/\/www.lesrencontreseconomiques.fr\/la-parole-aux-18-28\/calendrier\/\"]}]},{\"@type\":\"BreadcrumbList\",\"@id\":\"https:\/\/www.lesrencontreseconomiques.fr\/la-parole-aux-18-28\/calendrier\/#breadcrumb\",\"itemListElement\":[{\"@type\":\"ListItem\",\"position\":1,\"name\":\"Accueil\",\"item\":\"https:\/\/www.lesrencontreseconomiques.fr\/\"},{\"@type\":\"ListItem\",\"position\":2,\"name\":\"La Parole aux 18-28\",\"item\":\"https:\/\/www.lesrencontreseconomiques.fr\/la-parole-aux-18-28\/\"},{\"@type\":\"ListItem\",\"position\":3,\"name\":\"Calendrier\"}]}]}<\/script>\n<!-- \/ Yoast SEO plugin. -->","yoast_head_json":{"robots":{"index":"index","follow":"follow","max-snippet":"max-snippet:-1","max-image-preview":"max-image-preview:large","max-video-preview":"max-video-preview:-1"},"canonical":"https:\/\/www.lesrencontreseconomiques.fr\/la-parole-aux-18-28\/calendrier\/","og_locale":"fr_FR","og_type":"article","og_title":"Calendrier - Les Rencontres \u00c9conomiques","og_description":"\u00c9tape 1 Appel \u00e0 candidatures 10 d\u00e9cembre 2020 &#8211; Ouverture de l&rsquo;appel \u00e0 candidatures 2 f\u00e9vrier 2021 (minuit) &#8211; Cl\u00f4ture de l&rsquo;appel \u00e0 candidatures 1er mars 2021 &#8211; Publication de la liste des 120 s\u00e9lectionn\u00e9s par le Cercle des \u00e9conomistes sur le site\u00a0laparoleaux18-28.fr &nbsp; \u00c9tape 2 Appel \u00e0 contributions \u00e9crites 2 mars 2021 &#8211; Lancement [&hellip;]","og_url":"https:\/\/www.lesrencontreseconomiques.fr\/la-parole-aux-18-28\/calendrier\/","og_site_name":"Les Rencontres \u00c9conomiques","article_publisher":"https:\/\/www.facebook.com\/Le.Cercle.des.Economistes\/","article_modified_time":"2020-12-09T16:20:24+00:00","og_image":[{"width":615,"height":800,"url":"https:\/\/www.lesrencontreseconomiques.fr\/wp-content\/uploads\/2021\/06\/olivier-lenel.png","path":"\/var\/www\/websites\/www.lesrencontreseconomiques.fr\/wordpress\/wp-content\/uploads\/2021\/06\/olivier-lenel.png","size":"full","id":2071,"alt":"","pixels":492000,"type":"image\/png"}],"twitter_card":"summary_large_image","twitter_image":"https:\/\/www.lesrencontreseconomiques.fr\/wp-content\/uploads\/2021\/06\/olivier-lenel.png","twitter_site":"@Cercle_eco","twitter_misc":{"Dur\u00e9e de lecture est.":"1 minute"},"schema":{"@context":"https:\/\/schema.org","@graph":[{"@type":"WebSite","@id":"https:\/\/www.lesrencontreseconomiques.fr\/#website","url":"https:\/\/www.lesrencontreseconomiques.fr\/","name":"Les Rencontres \u00c9conomiques","description":"","potentialAction":[{"@type":"SearchAction","target":{"@type":"EntryPoint","urlTemplate":"https:\/\/www.lesrencontreseconomiques.fr\/?s={search_term_string}"},"query-input":"required name=search_term_string"}],"inLanguage":"fr-FR"},{"@type":"WebPage","@id":"https:\/\/www.lesrencontreseconomiques.fr\/la-parole-aux-18-28\/calendrier\/#webpage","url":"https:\/\/www.lesrencontreseconomiques.fr\/la-parole-aux-18-28\/calendrier\/","name":"Calendrier - Les Rencontres \u00c9conomiques","isPartOf":{"@id":"https:\/\/www.lesrencontreseconomiques.fr\/#website"},"datePublished":"2020-12-02T12:03:13+00:00","dateModified":"2020-12-09T16:20:24+00:00","breadcrumb":{"@id":"https:\/\/www.lesrencontreseconomiques.fr\/la-parole-aux-18-28\/calendrier\/#breadcrumb"},"inLanguage":"fr-FR","potentialAction":[{"@type":"ReadAction","target":["https:\/\/www.lesrencontreseconomiques.fr\/la-parole-aux-18-28\/calendrier\/"]}]},{"@type":"BreadcrumbList","@id":"https:\/\/www.lesrencontreseconomiques.fr\/la-parole-aux-18-28\/calendrier\/#breadcrumb","itemListElement":[{"@type":"ListItem","position":1,"name":"Accueil","item":"https:\/\/www.lesrencontreseconomiques.fr\/"},{"@type":"ListItem","position":2,"name":"La Parole aux 18-28","item":"https:\/\/www.lesrencontreseconomiques.fr\/la-parole-aux-18-28\/"},{"@type":"ListItem","position":3,"name":"Calendrier"}]}]}},"_links":{"self":[{"href":"https:\/\/www.lesrencontreseconomiques.fr\/wp-json\/wp\/v2\/pages\/138"}],"collection":[{"href":"https:\/\/www.lesrencontreseconomiques.fr\/wp-json\/wp\/v2\/pages"}],"about":[{"href":"https:\/\/www.lesrencontreseconomiques.fr\/wp-json\/wp\/v2\/types\/page"}],"author":[{"embeddable":true,"href":"https:\/\/www.lesrencontreseconomiques.fr\/wp-json\/wp\/v2\/users\/2"}],"replies":[{"embeddable":true,"href":"https:\/\/www.lesrencontreseconomiques.fr\/wp-json\/wp\/v2\/comments?post=138"}],"version-history":[{"count":0,"href":"https:\/\/www.lesrencontreseconomiques.fr\/wp-json\/wp\/v2\/pages\/138\/revisions"}],"up":[{"embeddable":true,"href":"https:\/\/www.lesrencontreseconomiques.fr\/wp-json\/wp\/v2\/pages\/8"}],"wp:attachment":[{"href":"https:\/\/www.lesrencontreseconomiques.fr\/wp-json\/wp\/v2\/media?parent=138"}],"curies":[{"name":"wp","href":"https:\/\/api.w.org\/{rel}","templated":true}]}}