{"id":477,"date":"2021-05-26T15:32:06","date_gmt":"2021-05-26T13:32:06","guid":{"rendered":"https:\/\/www.lesrencontreseconomiques.fr\/?page_id=477"},"modified":"2021-05-26T15:32:06","modified_gmt":"2021-05-26T13:32:06","slug":"partners","status":"publish","type":"page","link":"https:\/\/www.lesrencontreseconomiques.fr\/en\/la-parole-aux-18-28\/partners\/","title":{"rendered":"Partners of La Parole aux 18-28"},"content":{"rendered":"<div class=\"-wrapper -1024 -mt-90 -mb-90\">\n<div class=\"cp-partenaires-v2 -all\">\n<div class=\"en-tete\">\n<h2 class=\"cp-titre-2\">Partenaires<\/h2>\n<\/p><\/div>\n<div class=\"logos-wrap\">\n<ul class=\"logos\">\n<li>\n\t\t\t\t\t<a href=\"https:\/\/www.univ-amu.fr\/\" target=\"_blank\" rel=\"noopener\"><br \/>\n\t\t\t\t\t\t<img width=\"250\" height=\"125\" src=\"https:\/\/www.lesrencontreseconomiques.fr\/wp-content\/uploads\/2021\/04\/1200px-aix-marseille_universite_logo.svg_-250x125.png\" class=\"attachment-partner-small size-partner-small\" alt=\"Aix-Marseille Universit\u00e9\" loading=\"lazy\" title=\"Aix-Marseille Universit\u00e9\" \/>\t\t\t\t\t<\/a>\n\t\t\t\t<\/li>\n<li>\n\t\t\t\t\t<a href=\"https:\/\/fede-ares.org\/\" target=\"_blank\" rel=\"noopener\"><br \/>\n\t\t\t\t\t\t<img width=\"148\" height=\"93\" src=\"https:\/\/www.lesrencontreseconomiques.fr\/wp-content\/uploads\/2021\/03\/ares-site.png\" class=\"attachment-partner-small size-partner-small\" alt=\"ARES\" loading=\"lazy\" title=\"ARES\" \/>\t\t\t\t\t<\/a>\n\t\t\t\t<\/li>\n<li>\n\t\t\t\t\t<a href=\"https:\/\/www.bpifrance.fr\/\" target=\"_blank\" rel=\"noopener\"><br \/>\n\t\t\t\t\t\t<img width=\"148\" height=\"93\" src=\"https:\/\/www.lesrencontreseconomiques.fr\/wp-content\/uploads\/2021\/04\/logo-bpi.png\" class=\"attachment-partner-small size-partner-small\" alt=\"Bpifrance\" loading=\"lazy\" title=\"Bpifrance\" \/>\t\t\t\t\t<\/a>\n\t\t\t\t<\/li>\n<li>\n\t\t\t\t\t<a href=\"http:\/\/www.cdefi.fr\/\" target=\"_blank\" rel=\"noopener\"><br \/>\n\t\t\t\t\t\t<img width=\"148\" height=\"93\" src=\"https:\/\/www.lesrencontreseconomiques.fr\/wp-content\/uploads\/2021\/03\/3.png\" class=\"attachment-partner-small size-partner-small\" alt=\"Conf\u00e9rence des Directeurs des Ecoles Fran\u00e7aises d&#039;ing\u00e9nieurs\" loading=\"lazy\" title=\"Conf\u00e9rence des Directeurs des Ecoles Fran\u00e7aises d&#039;ing\u00e9nieurs\" \/>\t\t\t\t\t<\/a>\n\t\t\t\t<\/li>\n<li>\n\t\t\t\t\t<a href=\"https:\/\/www.cge.asso.fr\/\" target=\"_blank\" rel=\"noopener\"><br \/>\n\t\t\t\t\t\t<img width=\"148\" height=\"93\" src=\"https:\/\/www.lesrencontreseconomiques.fr\/wp-content\/uploads\/2021\/03\/2.png\" class=\"attachment-partner-small size-partner-small\" alt=\"Conf\u00e9rence des Grandes Ecoles\" loading=\"lazy\" title=\"Conf\u00e9rence des Grandes Ecoles\" \/>\t\t\t\t\t<\/a>\n\t\t\t\t<\/li>\n<li>\n\t\t\t\t\t<a href=\"http:\/\/www.cpu.fr\/\" target=\"_blank\" rel=\"noopener\"><br \/>\n\t\t\t\t\t\t<img width=\"148\" height=\"93\" src=\"https:\/\/www.lesrencontreseconomiques.fr\/wp-content\/uploads\/2021\/03\/1.png\" class=\"attachment-partner-small size-partner-small\" alt=\"Conf\u00e9rence des Pr\u00e9sidents d&#039;Universit\u00e9\" loading=\"lazy\" title=\"Conf\u00e9rence des Pr\u00e9sidents d&#039;Universit\u00e9\" \/>\t\t\t\t\t<\/a>\n\t\t\t\t<\/li>\n<li>\n\t\t\t\t\t<a href=\"https:\/\/festival-aix.com\/fr\" target=\"_blank\" rel=\"noopener\"><br \/>\n\t\t\t\t\t\t<img width=\"148\" height=\"93\" src=\"https:\/\/www.lesrencontreseconomiques.fr\/wp-content\/uploads\/2021\/04\/logo-festival-aix.png\" class=\"attachment-partner-small size-partner-small\" alt=\"Festival d&#039;Aix-en-Provence\" loading=\"lazy\" title=\"Festival d&#039;Aix-en-Provence\" \/>\t\t\t\t\t<\/a>\n\t\t\t\t<\/li>\n<li>\n\t\t\t\t\t<a href=\"https:\/\/www.franceculture.fr\/\" target=\"_blank\" rel=\"noopener\"><br \/>\n\t\t\t\t\t\t<img width=\"148\" height=\"93\" src=\"https:\/\/www.lesrencontreseconomiques.fr\/wp-content\/uploads\/2021\/04\/logo-franceculture.png\" class=\"attachment-partner-small size-partner-small\" alt=\"France Culture\" loading=\"lazy\" title=\"France Culture\" \/>\t\t\t\t\t<\/a>\n\t\t\t\t<\/li>\n<li>\n\t\t\t\t\t<a href=\"https:\/\/www.aixenprovence.fr\/\" target=\"_blank\" rel=\"noopener\"><br \/>\n\t\t\t\t\t\t<img width=\"148\" height=\"93\" src=\"https:\/\/www.lesrencontreseconomiques.fr\/wp-content\/uploads\/2021\/04\/logo-ville-aix.png\" class=\"attachment-partner-small size-partner-small\" alt=\"Mairie d&#039;Aix-en-Provence\" loading=\"lazy\" title=\"Mairie d&#039;Aix-en-Provence\" \/>\t\t\t\t\t<\/a>\n\t\t\t\t<\/li>\n<li>\n\t\t\t\t\t<a href=\"https:\/\/www.enseignementsup-recherche.gouv.fr\/\" target=\"_blank\" rel=\"noopener\"><br \/>\n\t\t\t\t\t\t<img width=\"148\" height=\"93\" src=\"https:\/\/www.lesrencontreseconomiques.fr\/wp-content\/uploads\/2021\/04\/logo-meri.png\" class=\"attachment-partner-small size-partner-small\" alt=\"Minist\u00e8re de l&#039;Enseignement sup\u00e9rieur, de la Recherche et de l&#039;Innovation\" loading=\"lazy\" title=\"Minist\u00e8re de l&#039;Enseignement sup\u00e9rieur, de la Recherche et de l&#039;Innovation\" \/>\t\t\t\t\t<\/a>\n\t\t\t\t<\/li>\n<li>\n\t\t\t\t\t<a href=\"https:\/\/editions.nathan.fr\/\" target=\"_blank\" rel=\"noopener\"><br \/>\n\t\t\t\t\t\t<img width=\"148\" height=\"93\" src=\"https:\/\/www.lesrencontreseconomiques.fr\/wp-content\/uploads\/2021\/03\/4.png\" class=\"attachment-partner-small size-partner-small\" alt=\"Nathan\" loading=\"lazy\" title=\"Nathan\" \/>\t\t\t\t\t<\/a>\n\t\t\t\t<\/li>\n<li>\n\t\t\t\t\t<a href=\"https:\/\/www.etudiant.gouv.fr\/fr\/les-crous-1984\" target=\"_blank\" rel=\"noopener\"><br \/>\n\t\t\t\t\t\t<img width=\"148\" height=\"93\" src=\"https:\/\/www.lesrencontreseconomiques.fr\/wp-content\/uploads\/2021\/04\/logo-crous.png\" class=\"attachment-partner-small size-partner-small\" alt=\"Les Crous\" loading=\"lazy\" title=\"Les Crous\" \/>\t\t\t\t\t<\/a>\n\t\t\t\t<\/li>\n<li>\n\t\t\t\t\t<a href=\"https:\/\/www.spencerstuart.com\/\" target=\"_blank\" rel=\"noopener\"><br \/>\n\t\t\t\t\t\t<img width=\"148\" height=\"93\" src=\"https:\/\/www.lesrencontreseconomiques.fr\/wp-content\/uploads\/2021\/04\/logo-spencerstuart.png\" class=\"attachment-partner-small size-partner-small\" alt=\"SpencerStuart\" loading=\"lazy\" title=\"SpencerStuart\" \/>\t\t\t\t\t<\/a>\n\t\t\t\t<\/li>\n<\/ul><\/div>\n<\/p><\/div>\n<\/div>\n","protected":false},"excerpt":{"rendered":"<p>Partenaires<\/p>\n","protected":false},"author":2,"featured_media":0,"parent":14,"menu_order":0,"comment_status":"closed","ping_status":"closed","template":"","meta":[],"yoast_head":"<!-- This site is optimized with the Yoast SEO plugin v17.2 - https:\/\/yoast.com\/wordpress\/plugins\/seo\/ -->\n<meta name=\"robots\" content=\"index, follow, max-snippet:-1, max-image-preview:large, max-video-preview:-1\" \/>\n<link rel=\"canonical\" href=\"https:\/\/www.lesrencontreseconomiques.fr\/en\/la-parole-aux-18-28\/partners\/\" \/>\n<meta property=\"og:locale\" content=\"en_US\" \/>\n<meta property=\"og:type\" content=\"article\" \/>\n<meta property=\"og:title\" content=\"Partners of La Parole aux 18-28 - Les Rencontres \u00c9conomiques\" \/>\n<meta property=\"og:description\" content=\"Partenaires\" \/>\n<meta property=\"og:url\" content=\"https:\/\/www.lesrencontreseconomiques.fr\/en\/la-parole-aux-18-28\/partners\/\" \/>\n<meta property=\"og:site_name\" content=\"Les Rencontres \u00c9conomiques\" \/>\n<meta property=\"article:publisher\" content=\"https:\/\/www.facebook.com\/Le.Cercle.des.Economistes\/\" \/>\n<meta property=\"og:image\" content=\"https:\/\/www.lesrencontreseconomiques.fr\/wp-content\/uploads\/2021\/06\/olivier-lenel.png\" \/>\n<meta name=\"twitter:card\" content=\"summary_large_image\" \/>\n<meta name=\"twitter:image\" content=\"https:\/\/www.lesrencontreseconomiques.fr\/wp-content\/uploads\/2021\/06\/olivier-lenel.png\" \/>\n<meta name=\"twitter:site\" content=\"@Cercle_eco\" \/>\n<script type=\"application\/ld+json\" class=\"yoast-schema-graph\">{\"@context\":\"https:\/\/schema.org\",\"@graph\":[{\"@type\":\"WebSite\",\"@id\":\"https:\/\/www.lesrencontreseconomiques.fr\/#website\",\"url\":\"https:\/\/www.lesrencontreseconomiques.fr\/\",\"name\":\"Les Rencontres \\u00c9conomiques\",\"description\":\"\",\"potentialAction\":[{\"@type\":\"SearchAction\",\"target\":{\"@type\":\"EntryPoint\",\"urlTemplate\":\"https:\/\/www.lesrencontreseconomiques.fr\/?s={search_term_string}\"},\"query-input\":\"required name=search_term_string\"}],\"inLanguage\":\"en-US\"},{\"@type\":\"ImageObject\",\"@id\":\"https:\/\/www.lesrencontreseconomiques.fr\/en\/la-parole-aux-18-28\/partners\/#primaryimage\",\"inLanguage\":\"en-US\",\"url\":\"https:\/\/www.lesrencontreseconomiques.fr\/wp-content\/uploads\/2021\/04\/1200px-aix-marseille_universite_logo.svg_.png\",\"contentUrl\":\"https:\/\/www.lesrencontreseconomiques.fr\/wp-content\/uploads\/2021\/04\/1200px-aix-marseille_universite_logo.svg_.png\",\"width\":1200,\"height\":600},{\"@type\":\"WebPage\",\"@id\":\"https:\/\/www.lesrencontreseconomiques.fr\/en\/la-parole-aux-18-28\/partners\/#webpage\",\"url\":\"https:\/\/www.lesrencontreseconomiques.fr\/en\/la-parole-aux-18-28\/partners\/\",\"name\":\"Partners of La Parole aux 18-28 - Les Rencontres \\u00c9conomiques\",\"isPartOf\":{\"@id\":\"https:\/\/www.lesrencontreseconomiques.fr\/#website\"},\"primaryImageOfPage\":{\"@id\":\"https:\/\/www.lesrencontreseconomiques.fr\/en\/la-parole-aux-18-28\/partners\/#primaryimage\"},\"datePublished\":\"2021-05-26T13:32:06+00:00\",\"dateModified\":\"2021-05-26T13:32:06+00:00\",\"breadcrumb\":{\"@id\":\"https:\/\/www.lesrencontreseconomiques.fr\/en\/la-parole-aux-18-28\/partners\/#breadcrumb\"},\"inLanguage\":\"en-US\",\"potentialAction\":[{\"@type\":\"ReadAction\",\"target\":[\"https:\/\/www.lesrencontreseconomiques.fr\/en\/la-parole-aux-18-28\/partners\/\"]}]},{\"@type\":\"BreadcrumbList\",\"@id\":\"https:\/\/www.lesrencontreseconomiques.fr\/en\/la-parole-aux-18-28\/partners\/#breadcrumb\",\"itemListElement\":[{\"@type\":\"ListItem\",\"position\":1,\"name\":\"Home\",\"item\":\"https:\/\/www.lesrencontreseconomiques.fr\/en\/\"},{\"@type\":\"ListItem\",\"position\":2,\"name\":\"La Parole aux 18-28\",\"item\":\"https:\/\/www.lesrencontreseconomiques.fr\/en\/la-parole-aux-18-28\/\"},{\"@type\":\"ListItem\",\"position\":3,\"name\":\"Partners of La Parole aux 18-28\"}]}]}<\/script>\n<!-- \/ Yoast SEO plugin. -->","yoast_head_json":{"robots":{"index":"index","follow":"follow","max-snippet":"max-snippet:-1","max-image-preview":"max-image-preview:large","max-video-preview":"max-video-preview:-1"},"canonical":"https:\/\/www.lesrencontreseconomiques.fr\/en\/la-parole-aux-18-28\/partners\/","og_locale":"en_US","og_type":"article","og_title":"Partners of La Parole aux 18-28 - Les Rencontres \u00c9conomiques","og_description":"Partenaires","og_url":"https:\/\/www.lesrencontreseconomiques.fr\/en\/la-parole-aux-18-28\/partners\/","og_site_name":"Les Rencontres \u00c9conomiques","article_publisher":"https:\/\/www.facebook.com\/Le.Cercle.des.Economistes\/","og_image":[{"url":"https:\/\/www.lesrencontreseconomiques.fr\/wp-content\/uploads\/2021\/06\/olivier-lenel.png"}],"twitter_card":"summary_large_image","twitter_image":"https:\/\/www.lesrencontreseconomiques.fr\/wp-content\/uploads\/2021\/06\/olivier-lenel.png","twitter_site":"@Cercle_eco","schema":{"@context":"https:\/\/schema.org","@graph":[{"@type":"WebSite","@id":"https:\/\/www.lesrencontreseconomiques.fr\/#website","url":"https:\/\/www.lesrencontreseconomiques.fr\/","name":"Les Rencontres \u00c9conomiques","description":"","potentialAction":[{"@type":"SearchAction","target":{"@type":"EntryPoint","urlTemplate":"https:\/\/www.lesrencontreseconomiques.fr\/?s={search_term_string}"},"query-input":"required name=search_term_string"}],"inLanguage":"en-US"},{"@type":"ImageObject","@id":"https:\/\/www.lesrencontreseconomiques.fr\/en\/la-parole-aux-18-28\/partners\/#primaryimage","inLanguage":"en-US","url":"https:\/\/www.lesrencontreseconomiques.fr\/wp-content\/uploads\/2021\/04\/1200px-aix-marseille_universite_logo.svg_.png","contentUrl":"https:\/\/www.lesrencontreseconomiques.fr\/wp-content\/uploads\/2021\/04\/1200px-aix-marseille_universite_logo.svg_.png","width":1200,"height":600},{"@type":"WebPage","@id":"https:\/\/www.lesrencontreseconomiques.fr\/en\/la-parole-aux-18-28\/partners\/#webpage","url":"https:\/\/www.lesrencontreseconomiques.fr\/en\/la-parole-aux-18-28\/partners\/","name":"Partners of La Parole aux 18-28 - Les Rencontres \u00c9conomiques","isPartOf":{"@id":"https:\/\/www.lesrencontreseconomiques.fr\/#website"},"primaryImageOfPage":{"@id":"https:\/\/www.lesrencontreseconomiques.fr\/en\/la-parole-aux-18-28\/partners\/#primaryimage"},"datePublished":"2021-05-26T13:32:06+00:00","dateModified":"2021-05-26T13:32:06+00:00","breadcrumb":{"@id":"https:\/\/www.lesrencontreseconomiques.fr\/en\/la-parole-aux-18-28\/partners\/#breadcrumb"},"inLanguage":"en-US","potentialAction":[{"@type":"ReadAction","target":["https:\/\/www.lesrencontreseconomiques.fr\/en\/la-parole-aux-18-28\/partners\/"]}]},{"@type":"BreadcrumbList","@id":"https:\/\/www.lesrencontreseconomiques.fr\/en\/la-parole-aux-18-28\/partners\/#breadcrumb","itemListElement":[{"@type":"ListItem","position":1,"name":"Home","item":"https:\/\/www.lesrencontreseconomiques.fr\/en\/"},{"@type":"ListItem","position":2,"name":"La Parole aux 18-28","item":"https:\/\/www.lesrencontreseconomiques.fr\/en\/la-parole-aux-18-28\/"},{"@type":"ListItem","position":3,"name":"Partners of La Parole aux 18-28"}]}]}},"_links":{"self":[{"href":"https:\/\/www.lesrencontreseconomiques.fr\/en\/wp-json\/wp\/v2\/pages\/477"}],"collection":[{"href":"https:\/\/www.lesrencontreseconomiques.fr\/en\/wp-json\/wp\/v2\/pages"}],"about":[{"href":"https:\/\/www.lesrencontreseconomiques.fr\/en\/wp-json\/wp\/v2\/types\/page"}],"author":[{"embeddable":true,"href":"https:\/\/www.lesrencontreseconomiques.fr\/en\/wp-json\/wp\/v2\/users\/2"}],"replies":[{"embeddable":true,"href":"https:\/\/www.lesrencontreseconomiques.fr\/en\/wp-json\/wp\/v2\/comments?post=477"}],"version-history":[{"count":0,"href":"https:\/\/www.lesrencontreseconomiques.fr\/en\/wp-json\/wp\/v2\/pages\/477\/revisions"}],"up":[{"embeddable":true,"href":"https:\/\/www.lesrencontreseconomiques.fr\/en\/wp-json\/wp\/v2\/pages\/14"}],"wp:attachment":[{"href":"https:\/\/www.lesrencontreseconomiques.fr\/en\/wp-json\/wp\/v2\/media?parent=477"}],"curies":[{"name":"wp","href":"https:\/\/api.w.org\/{rel}","templated":true}]}}