{"id":265,"date":"2021-03-05T17:57:28","date_gmt":"2021-03-05T16:57:28","guid":{"rendered":"https:\/\/www.lesrencontreseconomiques.fr\/?page_id=265"},"modified":"2021-07-06T10:33:22","modified_gmt":"2021-07-06T08:33:22","slug":"results","status":"publish","type":"page","link":"https:\/\/www.lesrencontreseconomiques.fr\/en\/la-parole-aux-18-28\/results\/","title":{"rendered":"Results"},"content":{"rendered":"<div class=\"-wrapper -846 -mt-90 -mb-90\">\n<div class=\"cp-intro -texte\">\n<div class=\"description\">\n<div class=\"cp-texte\">\n<p>Le Cercle des \u00e9conomistes and the jury of La Parole aux 18-28 send their warmest congratulations to the winners.<\/p>\n<p>The Jury, chaired by \u00c9tienne Klein, Director of Research at the CEA, selected three winners after a lively deliberation because of the high quality of the contributions received.<\/p>\n<p>You will find their contributions in the collection published by \u00c9ditions Nathan and available online by the end of June.<\/p>\n<\/p><\/div>\n<\/p><\/div>\n<\/p><\/div>\n<\/p><\/div>\n<div class=\"-wrapper -846 -mt-90 -mb-minus-50\">\n<h2 class=\"cp-titre-rouge\">Meet the winners of La Parole aux 18-28 !<\/h2>\n<\/div>\n<div class=\"-wrapper -846 -mt-90 -mb-90\">\n<div class=\"cp-cta-image-texte\">\n<div class=\"media \" data-aos=\"fade-right\" data-aos-anchor-placement=\"top-bottom\" data-aos-offset=\"200\">\n<div class=\"image -walc \" style=\"padding-top:100%\"><img width=\"224\" height=\"224\" src=\"https:\/\/www.lesrencontreseconomiques.fr\/wp-content\/uploads\/2021\/05\/etienne-de-lestoile-224x224.png\" class=\"attachment-small size-small\" alt=\"\" loading=\"lazy\" \/><\/div>\n<\/p><\/div>\n<div class=\"description cp-texte\" data-aos=\"fade-up\" data-aos-anchor-placement=\"top-bottom\" data-aos-offset=\"200\">\n<div class=\"description cp-texte aos-init aos-animate\" data-aos=\"fade-up\" data-aos-anchor-placement=\"top-bottom\" data-aos-offset=\"200\">\n<h3>\u00c9tienne de l\u2019Estoile<\/h3>\n<p>26 y.o., \u00ab\u00a0Memories for Tomorrow\u00a0\u00bb<\/p>\n<p>A few pages from the life of a man across two centuries. Four crises on the spot, full of uncertainties and torments. From 1943 to 2021, he seeks the words to understand, resist, invent. Four texts that condense his fears, his hopes and his illusions, all that is essential to the existence of human beings, tireless machines to endure and to rebuild.<\/p>\n<p><em>Etienne de l&rsquo;Estoile is a doctoral student in urban and financial economics at the University of Paris I Panth\u00e9on Sorbonne, and is currently working on a Cifre thesis at the Banque de France.<\/em><\/p>\n<\/div><\/div>\n<\/p><\/div>\n<\/div>\n<div class=\"-wrapper -846 -mt-90 -mb-90\">\n<div class=\"cp-cta-image-texte\">\n<div class=\"media \" data-aos=\"fade-right\" data-aos-anchor-placement=\"top-bottom\" data-aos-offset=\"200\">\n<div class=\"image -walc \" style=\"padding-top:100%\"><img width=\"224\" height=\"224\" src=\"https:\/\/www.lesrencontreseconomiques.fr\/wp-content\/uploads\/2021\/05\/benoit-piveteau-224x224.jpg\" class=\"attachment-small size-small\" alt=\"\" loading=\"lazy\" \/><\/div>\n<\/p><\/div>\n<div class=\"description cp-texte\" data-aos=\"fade-up\" data-aos-anchor-placement=\"top-bottom\" data-aos-offset=\"200\">\n<h3>Benoit Piveteau<\/h3>\n<p>25 y.o., \u00ab\u00a0Resisting today to invent tomorrow &#8211; The great disconnection\u00a0\u00bb<\/p>\n<p>In 2050, while automation and the democratisation of digital technologies have increased social inequalities, a new global phenomenon is upsetting the established system.<\/p>\n<p><em>Benoit Piveteau is a graduate engineer from Arts et M\u00e9tiers ParisTech and a data scientist at CNP Assurances.<\/em><\/p>\n<\/p><\/div>\n<\/p><\/div>\n<\/div>\n<div class=\"-wrapper -846 -mt-90 -mb-90\">\n<div class=\"cp-cta-image-texte\">\n<div class=\"media \" data-aos=\"fade-right\" data-aos-anchor-placement=\"top-bottom\" data-aos-offset=\"200\">\n<div class=\"image -walc \" style=\"padding-top:100%\"><img width=\"224\" height=\"224\" src=\"https:\/\/www.lesrencontreseconomiques.fr\/wp-content\/uploads\/2021\/05\/naelle-verniest-224x224.png\" class=\"attachment-small size-small\" alt=\"\" loading=\"lazy\" \/><\/div>\n<\/p><\/div>\n<div class=\"description cp-texte\" data-aos=\"fade-up\" data-aos-anchor-placement=\"top-bottom\" data-aos-offset=\"200\">\n<h3>Naelle Verniest<\/h3>\n<p>23 y.o., \u00ab\u00a0A Tragedy of the Horizon\u00a0\u00bb<\/p>\n<p>This operetta features a scientific demonstration. An epidemiologist illustrates the similarities between the reactions of Homo Oeconomicus to the Covid pandemic and to the climate crisis today. The operetta takes place in three acts: first wave, state of emergency, collective immunity?<\/p>\n<p><em>Naelle Verniest graduated from Sciences Po in Economics and Public Policy and is a monetary policy analyst at the Banque de France.<\/em><\/p>\n<\/p><\/div>\n<\/p><\/div>\n<\/div>\n<div class=\"-wrapper -846 -is-hr -mt-90 -mb-90\">\n<hr>\n<\/div>\n<div class=\"-wrapper -846 -mt-90 -mb-90\">\n<div class=\"cp-intro -texte\">\n<div class=\"description\">\n<div class=\"cp-texte\">\n<h2>The 100 young people selected and invited to the 2021 REAix<\/h2>\n<p><strong>AMILITOS Adriano<\/strong>, IUT de Paris Rives de Seine \/ Siemens Energy<\/p>\n<p><strong>ARNAL-BROYELLE Lucr\u00e8ce<\/strong>, Sciences Po<\/p>\n<p><strong>BABAUDOU L\u00e9o<\/strong>, Dalkia<\/p>\n<p><strong>BACLE Robinson<\/strong>, Universit\u00e9 Paris Nanterre<\/p>\n<p><strong>BARBARIN NICOLIER Paul<\/strong>, London School of Economics \u2013 Sciences Po<\/p>\n<p><strong>BARENNES Nicolas<\/strong>, Universit\u00e9 Paris Panth\u00e9on-Sorbonne<\/p>\n<p><strong>BARET<\/strong> <strong>Matilda<\/strong>, Aix-Marseille Universit\u00e9<\/p>\n<p><strong>BEAUPIED<\/strong> <strong>Fran\u00e7ois<\/strong>, Groupe Avril<\/p>\n<p><strong>BEILLARD Ninon<\/strong>, Commission europ\u00e9enne<\/p>\n<p><strong>B\u00c9JOT Cl\u00e9mence<\/strong>, SNCF<\/p>\n<p><strong>BENNAROUDJ In\u00e8s<\/strong>, Universit\u00e9 Paris-Est Cr\u00e9teil<\/p>\n<p><strong>BERNHARD<\/strong> <strong>Marie<\/strong>, Sciences Po Aix<\/p>\n<p><strong>BONNIVARD Ariadne<\/strong>, Business France<\/p>\n<p><strong>BOUSTEILA-DELAVICTOIRE Soufien<\/strong>, Banque de France<\/p>\n<p><strong>BOZO Pauline<\/strong>, CNRS<\/p>\n<p><strong>BROUCHET El\u00e9onore<\/strong>, Natixis<\/p>\n<p><strong>CAMBOURNAC Thibault<\/strong>, BCG<\/p>\n<p><strong>CARCAILLON Elisa<\/strong>, PwC<\/p>\n<p><strong>CARISSIMO Rodolphe<\/strong>, ESSEC \/ CACEIS<\/p>\n<p><strong>CARON Maxime<\/strong>, Amazon<\/p>\n<p><strong>CARON Thibault<\/strong>, ENA<\/p>\n<p><strong>CAZIN Emma<\/strong>, Lyc\u00e9e Gaston Berger<\/p>\n<p><strong>CHAILAN Alice<\/strong>, Minist\u00e8re des Arm\u00e9es<\/p>\n<p><strong>CHEKHECHOUK Hasni<\/strong>, Universit\u00e9 de Strasbourg<\/p>\n<p><strong>CHOUC Paul-Emmanuel<\/strong>, Polytechnique \u2013 HEC<\/p>\n<p><strong>COLOMBET Marylou<\/strong>, Universit\u00e9 Paris-Dauphine<\/p>\n<p><strong>CUVERVILLE (de) Lucien<\/strong>, Taddeo<\/p>\n<p><strong>DALLE Marie<\/strong>, Projet Zero Ocean Movement<\/p>\n<p><strong>DAOUDI Lila<\/strong>, Universit\u00e9 Paris Panth\u00e9on-Sorbonne \u2013 Sciences Po Grenoble<\/p>\n<p><strong>DECKER Jacques<\/strong>, Universit\u00e9 de Strasbourg<\/p>\n<p><strong>D\u00c9CORET Pierre-Marie<\/strong>, Groupe Avril<\/p>\n<p><strong>DELPY Guillaume<\/strong>, ExxonMobil<\/p>\n<p><strong>DESGRANGES G\u00e9r\u00e9my<\/strong>, Universit\u00e9 d\u2019Artois<\/p>\n<p><strong>DHORNE Milien<\/strong>, Universit\u00e9 Paris-Nanterre \u2013 \u00c9cole des Ponts Paris Tech<\/p>\n<p><strong>DIOP Ahmed<\/strong>, Polytechnique<\/p>\n<p><strong>EPPLING Robin<\/strong>, Orange<\/p>\n<p><strong>FLATH Yaron<\/strong>, Ib Vogt<\/p>\n<p><strong>FORESTIER Romain<\/strong>, Universit\u00e0 Bocconi<\/p>\n<p><strong>GERNAIS Di\u00e9go<\/strong>, Acad\u00e9mie de Lyon<\/p>\n<p><strong>GIORGALLA Auriane<\/strong>, Institut Catholique de Paris<\/p>\n<p><strong>GORLERO Nicolas<\/strong>, ESAIP<\/p>\n<p><strong>GRIVEL Louis<\/strong>, IUT Paris Rives de Seine<\/p>\n<p><strong>GUILBAUD Chlo\u00e9<\/strong>, La Banque Postale<\/p>\n<p><strong>HEMIM In\u00e8s<\/strong>, Universit\u00e9 Paris-Saclay<\/p>\n<p><strong>HUDSON<\/strong> <strong>Charles<\/strong>, ENA<\/p>\n<p><strong>JACQUEY Romain<\/strong>, Skema Business School<\/p>\n<p><strong>JAIN<\/strong> <strong>Erwan<\/strong>, Soci\u00e9t\u00e9 G\u00e9n\u00e9rale<\/p>\n<p><strong>JENDROSSEK Mario<\/strong>, Coalition for Epidemic Preparedness Innovation<\/p>\n<p><strong>JOSHI Viken<\/strong>, ESC Clermont<\/p>\n<p><strong>KHELLAF R\u00e9mi<\/strong>, HEC \/ CapGemini Invent<\/p>\n<p><strong>KUSTER Marie<\/strong>, ENS<\/p>\n<p><strong>LANDELLE<\/strong> <strong>Maryne<\/strong>, IUT de Caen<\/p>\n<p><strong>LANGLET Antoine<\/strong>, CapGemini Invent<\/p>\n<p><strong>LAVERGNE Adrien<\/strong>, Sciences Po Aix<\/p>\n<p><strong>LE DAMANY Hugo<\/strong>, AXA Investment Managers<\/p>\n<p><strong>LEBAUDY Jeanne<\/strong>, IUT de Caen<\/p>\n<p><strong>LEMAIRE Gaspard<\/strong>, Universit\u00e9 Paris Panth\u00e9on-Sorbonne<\/p>\n<p><strong>L\u2019ESTOILE (de) Etienne<\/strong>, Universit\u00e9 Paris Panth\u00e9on-Sorbonne<\/p>\n<p><strong>LH\u00c9RAULT R\u00e9mi<\/strong>, ENSAE \u2013 Polytechnique \u2013 HEC<\/p>\n<p><strong>LOEGEL Olga<\/strong>, Wavestone<\/p>\n<p><strong>LOPEZ<\/strong> <strong>Pedro<\/strong>, Universit\u00e9 de Strasbourg<\/p>\n<p><strong>MADELINE Agathe<\/strong>, Banque de France<\/p>\n<p><strong>MAQUET Cl\u00e9mence<\/strong>, Universit\u00e9 de Rome Tor Vergata<\/p>\n<p><strong>MARTOS<\/strong> <strong>Alexandre<\/strong>, Grenoble \u00c9cole de Management \u2013 Universit\u00e9 Grenoble-Alpes<\/p>\n<p><strong>MASCARO Oc\u00e9ane<\/strong>, ENS Ulm<\/p>\n<p><strong>MUNICH L\u00e9a<\/strong>, Universit\u00e9 de Lorraine \/ Groupe La Poste<\/p>\n<p><strong>OBERDORFF<\/strong> <strong>Antoine<\/strong>, Sciences Po Strasbourg<\/p>\n<p><strong>OLTEANU<\/strong> <strong>Veronica<\/strong>, \u00c9cole de droit de Clermont-Ferrand<\/p>\n<p><strong>ORDU\u00d1A CORRECHER Andr\u00e9s<\/strong>, Polytechnique<\/p>\n<p><strong>OUIN-LAGARDE<\/strong> <strong>Thomas<\/strong>, Direction g\u00e9n\u00e9rale du Tr\u00e9sor<\/p>\n<p><strong>PIVETEAU<\/strong> <strong>Benoit<\/strong>, CNP Assurances<\/p>\n<p><strong>POITOUT<\/strong> <strong>Hugo<\/strong>, \u00c9cole d\u2019\u00e9conomie de Norv\u00e8ge<\/p>\n<p><strong>POYET Melvin<\/strong>, PwC<\/p>\n<p><strong>ROBERT L\u00e9o<\/strong>, Sciences Po<\/p>\n<p><strong>ROUVET<\/strong> <strong>Vincent<\/strong>, Universit\u00e9 Clermont Auvergne<\/p>\n<p><strong>SAGOT Gabrielle<\/strong>, Association des Parents d\u2019\u00c9l\u00e8ves des \u00c9crivains<\/p>\n<p><strong>SALOMON Henri<\/strong>, Programme Alimentaire Mondial<\/p>\n<p><strong>SANCHIS PERIS<\/strong> <strong>Emma<\/strong>, Universit\u00e9 Paris-Dauphine<\/p>\n<p><strong>SANNIER<\/strong> <strong>Rach\u00e8le<\/strong>, Autorit\u00e9 de Contr\u00f4le Prudentiel et de R\u00e9solution<\/p>\n<p><strong>SANTARSIERO<\/strong> <strong>Sophia<\/strong>, Amundi<\/p>\n<p><strong>SCHURICH-REY Am\u00e9lie<\/strong>, OCDE<\/p>\n<p><strong>SIPOS Marie<\/strong>, Accenture<\/p>\n<p><strong>SOARES Eva<\/strong>, Banque de France<\/p>\n<p><strong>SUBTIL Hugo<\/strong>, Polytechnique \u2013 Universit\u00e9 Paris-Dauphine<\/p>\n<p><strong>SUISSE S\u00e9lim<\/strong>, Wavestone<\/p>\n<p><strong>TA Edmond<\/strong>, Mazars<\/p>\n<p><strong>TAIEB<\/strong> <strong>Sacha<\/strong>, IUT Paris Rives de Seine \/ PDL Office<\/p>\n<p><strong>TH\u00c9VENIN C\u00e9cile<\/strong>, Banque de France<\/p>\n<p><strong>THOMAS<\/strong> <strong>Emma<\/strong>, IUT de Caen<\/p>\n<p><strong>TODESCO Guillaume<\/strong>, Nexter<\/p>\n<p><strong>TOUZ\u00c9 Donatien<\/strong>, IUT de Caen<\/p>\n<p><strong>TROCM\u00c9<\/strong> <strong>Math\u00e9o<\/strong>, IAE de Caen \/ Fiteco<\/p>\n<p><strong>TURQUIER R\u00e9mi<\/strong>, ENSAE<\/p>\n<p><strong>VAN RIJ Alexia<\/strong>, Abdul Latif Jameel Poverty Action Lab<\/p>\n<p><strong>VERNIEST<\/strong> <strong>Naelle<\/strong>, Banque de France<\/p>\n<p><strong>VESSEREAU<\/strong> <strong>Lili<\/strong>, HEC \u2013 Sciences Po<\/p>\n<p><strong>VIANEY-LIAUD Julien<\/strong>, Sciences Po Aix<\/p>\n<p><strong>VITTECOQ Lucie<\/strong>, IUT Paris Rives de Seine \/ Cr\u00e9dit Agricole<\/p>\n<p><strong>WARDAK Elham Ahmad<\/strong>, INALCO<\/p>\n<p><strong>WILMANN Sara<\/strong>, Sciences Po Aix<\/p>\n<\/p><\/div>\n<\/p><\/div>\n<\/p><\/div>\n<\/p><\/div>\n<div class=\"-wrapper -846 -is-hr -mt-90 -mb-90\">\n<hr>\n<\/div>\n<div class=\"-wrapper -846 -mt-90 -mb-90\">\n<div class=\"cp-intro -texte\">\n<div class=\"description\">\n<div class=\"cp-texte\">\n<h2>The Ambassadors&rsquo; Club: 20 young people selected and invited to the 2021 REAix<\/h2>\n<p>Each year former participants apply again to La Parole aux 18-28. In order to open up the scheme to as many young people as possible and to create links between the different promotions, the Cercle des \u00e9conomistes has created the Ambassadors&rsquo; Club. This Club enables 20 former participants, selected on the same criteria as the other candidates, to attend the Rencontres Economiques again.<\/p>\n<p><strong>AN\u00c9 C\u00e9dric<\/strong>, Groupe BPCE<\/p>\n<p><strong>BAMBADE Antoine<\/strong>, INRIA Paris<\/p>\n<p><strong>BAUDET Jules<\/strong>, ENS<\/p>\n<p><strong>BILLAUD<\/strong> <strong>Vivien<\/strong>, Groupe FDJ<\/p>\n<p><strong>BROCKMEIER Clara<\/strong>, Wavestone<\/p>\n<p><strong>BURRUS Pierre<\/strong>, Total<\/p>\n<p><strong>CAUCHETEUX<\/strong> <strong>Juliette<\/strong>, London School of Economics<\/p>\n<p><strong>DEVALLET Anne-Sophie<\/strong>, Toulouse School of Economics \u2013 Universit\u00e9 Toulouse Capitole<\/p>\n<p><strong>DOUSSET<\/strong> <strong>L\u00e9a<\/strong>, Universit\u00e9 Paris 1 Panth\u00e9on-Sorbonne<\/p>\n<p><strong>DUBOST Tristan<\/strong>, IAE de Caen<\/p>\n<p><strong>JAPY Thomas<\/strong>, Webhelp<\/p>\n<p><strong>KACEM<\/strong> <strong>Olfa<\/strong>, 1618 Consulting<\/p>\n<p><strong>MOLIN Pierre<\/strong>, Burgundy School of Business \/ Lustucru<\/p>\n<p><strong>ODRY R\u00e9mi<\/strong>, Universit\u00e9 Paris Nanterre<\/p>\n<p><strong>PETIT Adrien<\/strong>, Herbert Smith Freehills<\/p>\n<p><strong>RAOUI<\/strong> <strong>Zineb<\/strong>, INSA Rouen Normandie \/ Bouygues<\/p>\n<p><strong>SACCOMANO Manuela<\/strong>, Assembl\u00e9e Nationale<\/p>\n<p><strong>SCHNEIDER Lucas<\/strong>, ENA<\/p>\n<p><strong>SIMO\u00cbS-GRANGEIA<\/strong> <strong>Carine<\/strong>, Profil Public<\/p>\n<p><strong>STAMPER<\/strong> <strong>Emeric<\/strong>, Polytechnique \/ Safran<\/p>\n<\/p><\/div>\n<\/p><\/div>\n<\/p><\/div>\n<\/p><\/div>\n","protected":false},"excerpt":{"rendered":"<p>Le Cercle des \u00e9conomistes and the jury of La Parole aux 18-28 send their warmest congratulations to the winners. The Jury, chaired by \u00c9tienne Klein, Director of Research at the CEA, selected three winners after a lively deliberation because of the high quality of the contributions received. You will find their contributions in the collection [&hellip;]<\/p>\n","protected":false},"author":2,"featured_media":0,"parent":14,"menu_order":0,"comment_status":"closed","ping_status":"closed","template":"","meta":[],"yoast_head":"<!-- This site is optimized with the Yoast SEO plugin v17.2 - https:\/\/yoast.com\/wordpress\/plugins\/seo\/ -->\n<meta name=\"robots\" content=\"index, follow, max-snippet:-1, max-image-preview:large, max-video-preview:-1\" \/>\n<link rel=\"canonical\" href=\"https:\/\/www.lesrencontreseconomiques.fr\/en\/la-parole-aux-18-28\/results\/\" \/>\n<meta property=\"og:locale\" content=\"en_US\" \/>\n<meta property=\"og:type\" content=\"article\" \/>\n<meta property=\"og:title\" content=\"Results - Les Rencontres \u00c9conomiques\" \/>\n<meta property=\"og:description\" content=\"Le Cercle des \u00e9conomistes and the jury of La Parole aux 18-28 send their warmest congratulations to the winners. The Jury, chaired by \u00c9tienne Klein, Director of Research at the CEA, selected three winners after a lively deliberation because of the high quality of the contributions received. You will find their contributions in the collection [&hellip;]\" \/>\n<meta property=\"og:url\" content=\"https:\/\/www.lesrencontreseconomiques.fr\/en\/la-parole-aux-18-28\/results\/\" \/>\n<meta property=\"og:site_name\" content=\"Les Rencontres \u00c9conomiques\" \/>\n<meta property=\"article:publisher\" content=\"https:\/\/www.facebook.com\/Le.Cercle.des.Economistes\/\" \/>\n<meta property=\"article:modified_time\" content=\"2021-07-06T08:33:22+00:00\" \/>\n<meta property=\"og:image\" content=\"https:\/\/www.lesrencontreseconomiques.fr\/wp-content\/uploads\/2021\/06\/olivier-lenel.png\" \/>\n<meta name=\"twitter:card\" content=\"summary_large_image\" \/>\n<meta name=\"twitter:image\" content=\"https:\/\/www.lesrencontreseconomiques.fr\/wp-content\/uploads\/2021\/06\/olivier-lenel.png\" \/>\n<meta name=\"twitter:site\" content=\"@Cercle_eco\" \/>\n<meta name=\"twitter:label1\" content=\"Est. reading time\" \/>\n\t<meta name=\"twitter:data1\" content=\"5 minutes\" \/>\n<script type=\"application\/ld+json\" class=\"yoast-schema-graph\">{\"@context\":\"https:\/\/schema.org\",\"@graph\":[{\"@type\":\"WebSite\",\"@id\":\"https:\/\/www.lesrencontreseconomiques.fr\/#website\",\"url\":\"https:\/\/www.lesrencontreseconomiques.fr\/\",\"name\":\"Les Rencontres \\u00c9conomiques\",\"description\":\"\",\"potentialAction\":[{\"@type\":\"SearchAction\",\"target\":{\"@type\":\"EntryPoint\",\"urlTemplate\":\"https:\/\/www.lesrencontreseconomiques.fr\/?s={search_term_string}\"},\"query-input\":\"required name=search_term_string\"}],\"inLanguage\":\"en-US\"},{\"@type\":\"ImageObject\",\"@id\":\"https:\/\/www.lesrencontreseconomiques.fr\/en\/la-parole-aux-18-28\/results\/#primaryimage\",\"inLanguage\":\"en-US\",\"url\":\"https:\/\/www.lesrencontreseconomiques.fr\/wp-content\/uploads\/2021\/05\/etienne-de-lestoile.png\",\"contentUrl\":\"https:\/\/www.lesrencontreseconomiques.fr\/wp-content\/uploads\/2021\/05\/etienne-de-lestoile.png\",\"width\":374,\"height\":374},{\"@type\":\"WebPage\",\"@id\":\"https:\/\/www.lesrencontreseconomiques.fr\/en\/la-parole-aux-18-28\/results\/#webpage\",\"url\":\"https:\/\/www.lesrencontreseconomiques.fr\/en\/la-parole-aux-18-28\/results\/\",\"name\":\"Results - Les Rencontres \\u00c9conomiques\",\"isPartOf\":{\"@id\":\"https:\/\/www.lesrencontreseconomiques.fr\/#website\"},\"primaryImageOfPage\":{\"@id\":\"https:\/\/www.lesrencontreseconomiques.fr\/en\/la-parole-aux-18-28\/results\/#primaryimage\"},\"datePublished\":\"2021-03-05T16:57:28+00:00\",\"dateModified\":\"2021-07-06T08:33:22+00:00\",\"breadcrumb\":{\"@id\":\"https:\/\/www.lesrencontreseconomiques.fr\/en\/la-parole-aux-18-28\/results\/#breadcrumb\"},\"inLanguage\":\"en-US\",\"potentialAction\":[{\"@type\":\"ReadAction\",\"target\":[\"https:\/\/www.lesrencontreseconomiques.fr\/en\/la-parole-aux-18-28\/results\/\"]}]},{\"@type\":\"BreadcrumbList\",\"@id\":\"https:\/\/www.lesrencontreseconomiques.fr\/en\/la-parole-aux-18-28\/results\/#breadcrumb\",\"itemListElement\":[{\"@type\":\"ListItem\",\"position\":1,\"name\":\"Home\",\"item\":\"https:\/\/www.lesrencontreseconomiques.fr\/en\/\"},{\"@type\":\"ListItem\",\"position\":2,\"name\":\"La Parole aux 18-28\",\"item\":\"https:\/\/www.lesrencontreseconomiques.fr\/en\/la-parole-aux-18-28\/\"},{\"@type\":\"ListItem\",\"position\":3,\"name\":\"Results\"}]}]}<\/script>\n<!-- \/ Yoast SEO plugin. -->","yoast_head_json":{"robots":{"index":"index","follow":"follow","max-snippet":"max-snippet:-1","max-image-preview":"max-image-preview:large","max-video-preview":"max-video-preview:-1"},"canonical":"https:\/\/www.lesrencontreseconomiques.fr\/en\/la-parole-aux-18-28\/results\/","og_locale":"en_US","og_type":"article","og_title":"Results - Les Rencontres \u00c9conomiques","og_description":"Le Cercle des \u00e9conomistes and the jury of La Parole aux 18-28 send their warmest congratulations to the winners. The Jury, chaired by \u00c9tienne Klein, Director of Research at the CEA, selected three winners after a lively deliberation because of the high quality of the contributions received. You will find their contributions in the collection [&hellip;]","og_url":"https:\/\/www.lesrencontreseconomiques.fr\/en\/la-parole-aux-18-28\/results\/","og_site_name":"Les Rencontres \u00c9conomiques","article_publisher":"https:\/\/www.facebook.com\/Le.Cercle.des.Economistes\/","article_modified_time":"2021-07-06T08:33:22+00:00","og_image":[{"url":"https:\/\/www.lesrencontreseconomiques.fr\/wp-content\/uploads\/2021\/06\/olivier-lenel.png"}],"twitter_card":"summary_large_image","twitter_image":"https:\/\/www.lesrencontreseconomiques.fr\/wp-content\/uploads\/2021\/06\/olivier-lenel.png","twitter_site":"@Cercle_eco","twitter_misc":{"Est. reading time":"5 minutes"},"schema":{"@context":"https:\/\/schema.org","@graph":[{"@type":"WebSite","@id":"https:\/\/www.lesrencontreseconomiques.fr\/#website","url":"https:\/\/www.lesrencontreseconomiques.fr\/","name":"Les Rencontres \u00c9conomiques","description":"","potentialAction":[{"@type":"SearchAction","target":{"@type":"EntryPoint","urlTemplate":"https:\/\/www.lesrencontreseconomiques.fr\/?s={search_term_string}"},"query-input":"required name=search_term_string"}],"inLanguage":"en-US"},{"@type":"ImageObject","@id":"https:\/\/www.lesrencontreseconomiques.fr\/en\/la-parole-aux-18-28\/results\/#primaryimage","inLanguage":"en-US","url":"https:\/\/www.lesrencontreseconomiques.fr\/wp-content\/uploads\/2021\/05\/etienne-de-lestoile.png","contentUrl":"https:\/\/www.lesrencontreseconomiques.fr\/wp-content\/uploads\/2021\/05\/etienne-de-lestoile.png","width":374,"height":374},{"@type":"WebPage","@id":"https:\/\/www.lesrencontreseconomiques.fr\/en\/la-parole-aux-18-28\/results\/#webpage","url":"https:\/\/www.lesrencontreseconomiques.fr\/en\/la-parole-aux-18-28\/results\/","name":"Results - Les Rencontres \u00c9conomiques","isPartOf":{"@id":"https:\/\/www.lesrencontreseconomiques.fr\/#website"},"primaryImageOfPage":{"@id":"https:\/\/www.lesrencontreseconomiques.fr\/en\/la-parole-aux-18-28\/results\/#primaryimage"},"datePublished":"2021-03-05T16:57:28+00:00","dateModified":"2021-07-06T08:33:22+00:00","breadcrumb":{"@id":"https:\/\/www.lesrencontreseconomiques.fr\/en\/la-parole-aux-18-28\/results\/#breadcrumb"},"inLanguage":"en-US","potentialAction":[{"@type":"ReadAction","target":["https:\/\/www.lesrencontreseconomiques.fr\/en\/la-parole-aux-18-28\/results\/"]}]},{"@type":"BreadcrumbList","@id":"https:\/\/www.lesrencontreseconomiques.fr\/en\/la-parole-aux-18-28\/results\/#breadcrumb","itemListElement":[{"@type":"ListItem","position":1,"name":"Home","item":"https:\/\/www.lesrencontreseconomiques.fr\/en\/"},{"@type":"ListItem","position":2,"name":"La Parole aux 18-28","item":"https:\/\/www.lesrencontreseconomiques.fr\/en\/la-parole-aux-18-28\/"},{"@type":"ListItem","position":3,"name":"Results"}]}]}},"_links":{"self":[{"href":"https:\/\/www.lesrencontreseconomiques.fr\/en\/wp-json\/wp\/v2\/pages\/265"}],"collection":[{"href":"https:\/\/www.lesrencontreseconomiques.fr\/en\/wp-json\/wp\/v2\/pages"}],"about":[{"href":"https:\/\/www.lesrencontreseconomiques.fr\/en\/wp-json\/wp\/v2\/types\/page"}],"author":[{"embeddable":true,"href":"https:\/\/www.lesrencontreseconomiques.fr\/en\/wp-json\/wp\/v2\/users\/2"}],"replies":[{"embeddable":true,"href":"https:\/\/www.lesrencontreseconomiques.fr\/en\/wp-json\/wp\/v2\/comments?post=265"}],"version-history":[{"count":0,"href":"https:\/\/www.lesrencontreseconomiques.fr\/en\/wp-json\/wp\/v2\/pages\/265\/revisions"}],"up":[{"embeddable":true,"href":"https:\/\/www.lesrencontreseconomiques.fr\/en\/wp-json\/wp\/v2\/pages\/14"}],"wp:attachment":[{"href":"https:\/\/www.lesrencontreseconomiques.fr\/en\/wp-json\/wp\/v2\/media?parent=265"}],"curies":[{"name":"wp","href":"https:\/\/api.w.org\/{rel}","templated":true}]}}