{"id":1589,"date":"2020-12-02T13:04:58","date_gmt":"2020-12-02T12:04:58","guid":{"rendered":"https:\/\/www.lesrencontreseconomiques.fr\/la-parole-aux-18-28\/edition-2020\/"},"modified":"2020-12-02T13:04:58","modified_gmt":"2020-12-02T12:04:58","slug":"edition-2020","status":"publish","type":"page","link":"https:\/\/www.lesrencontreseconomiques.fr\/en\/la-parole-aux-18-28\/edition-2020\/","title":{"rendered":"Retour sur l&#8217;\u00e9dition 2020"},"content":{"rendered":"<div class=\"-wrapper -846 -mt-90 -mb-90\">\n<div class=\"cp-intro -texte\">\n<div class=\"description\">\n<div class=\"cp-texte\">\n<h2>Quatre laur\u00e9ats et une mention sp\u00e9ciale !<\/h2>\n<p>Le Jury pr\u00e9sid\u00e9 par \u00c9tienne Klein, Directeur de Recherches au CEA, a retenu quatre laur\u00e9ats ex-aequo \u00e0 la suite d\u2019une d\u00e9lib\u00e9ration anim\u00e9e face \u00e0 la grande qualit\u00e9 des contributions re\u00e7ues.<\/p>\n<\/p><\/div>\n<\/p><\/div>\n<\/p><\/div>\n<\/p><\/div>\n<div class=\"-wrapper -846 -mt-90 -mb-90\">\n<div class=\"cp-cta-image-texte\">\n<div class=\"media \" data-aos=\"fade-right\" data-aos-anchor-placement=\"top-bottom\" data-aos-offset=\"200\">\n<div class=\"image -walc \" style=\"padding-top:100%\"><img width=\"224\" height=\"224\" src=\"https:\/\/www.lesrencontreseconomiques.fr\/wp-content\/uploads\/2020\/12\/grandeau_1080x1080-668x668-1-224x224.png\" class=\"attachment-small size-small\" alt=\"\" loading=\"lazy\" \/><\/div>\n<\/p><\/div>\n<div class=\"description cp-texte\" data-aos=\"fade-up\" data-aos-anchor-placement=\"top-bottom\" data-aos-offset=\"200\">\n<div class=\"description cp-texte aos-init aos-animate\" data-aos=\"fade-up\" data-aos-anchor-placement=\"top-bottom\" data-aos-offset=\"200\">\n<h3>Rapha\u00ebl GRANDEAU<\/h3>\n<p>26 ans, Air Liquide, \u00ab Voyage \u00e0 trois escales \u00bb<\/p>\n<p>Pour \u00e9chapper au tumulte ambiant, je vous propose d\u2019embarquer pour un voyage initiatique en trois volets : agriculture, \u00e9nergie, mobilit\u00e9.<\/p>\n<\/div><\/div>\n<\/p><\/div>\n<\/div>\n<div class=\"-wrapper -846 -mt-90 -mb-90\">\n<div class=\"cp-cta-image-texte\">\n<div class=\"media \" data-aos=\"fade-right\" data-aos-anchor-placement=\"top-bottom\" data-aos-offset=\"200\">\n<div class=\"image -walc \" style=\"padding-top:100%\"><img width=\"224\" height=\"224\" src=\"https:\/\/www.lesrencontreseconomiques.fr\/wp-content\/uploads\/2020\/12\/guermi_1080x1080-668x668-1-224x224.png\" class=\"attachment-small size-small\" alt=\"\" loading=\"lazy\" \/><\/div>\n<\/p><\/div>\n<div class=\"description cp-texte\" data-aos=\"fade-up\" data-aos-anchor-placement=\"top-bottom\" data-aos-offset=\"200\">\n<div class=\"description cp-texte aos-init aos-animate\" data-aos=\"fade-up\" data-aos-anchor-placement=\"top-bottom\" data-aos-offset=\"200\">\n<h3>Sophia GUERMI<\/h3>\n<p>23 ans, Veolia \/ IRIS SUP\u2019 \u2013 Grenoble \u00c9cole de Management, \u00ab Chapitre 5 \u2013 L\u2019\u00e9pisode des \u201cd\u00e9r\u00e8glements du monde\u201d \u00bb<\/p>\n<p>Il s\u2019agit d\u2019un travail de prospective, sous la forme de l\u2019\u00e9criture d\u2019un chapitre d\u2019Histoire d\u2019un livre du programme de l\u2019ann\u00e9e scolaire 2061\/2062. Profond\u00e9ment utopiste, il entend dessiner un sc\u00e9nario possible et ses vecteurs de changement.<\/p>\n<\/div><\/div>\n<\/p><\/div>\n<\/div>\n<div class=\"-wrapper -846 -mt-90 -mb-90\">\n<div class=\"cp-cta-image-texte\">\n<div class=\"media \" data-aos=\"fade-right\" data-aos-anchor-placement=\"top-bottom\" data-aos-offset=\"200\">\n<div class=\"image -walc \" style=\"padding-top:100%\"><img width=\"224\" height=\"224\" src=\"https:\/\/www.lesrencontreseconomiques.fr\/wp-content\/uploads\/2020\/12\/honvo_1080x1080-668x668-1-224x224.png\" class=\"attachment-small size-small\" alt=\"\" loading=\"lazy\" \/><\/div>\n<\/p><\/div>\n<div class=\"description cp-texte\" data-aos=\"fade-up\" data-aos-anchor-placement=\"top-bottom\" data-aos-offset=\"200\">\n<h3>William HONVO<\/h3>\n<p>25 ans, Banque de France, \u00ab Pour des lendemains qui chantent \u00bb<\/p>\n<p>\u00c9dition sp\u00e9ciale et fictive de la Gazette Proven\u00e7ale sur le th\u00e8me l\u2019action face aux d\u00e9r\u00e8glements du monde<\/p>\n<\/p><\/div>\n<\/p><\/div>\n<\/div>\n<div class=\"-wrapper -846 -mt-90 -mb-90\">\n<div class=\"cp-cta-image-texte\">\n<div class=\"media \" data-aos=\"fade-right\" data-aos-anchor-placement=\"top-bottom\" data-aos-offset=\"200\">\n<div class=\"image -walc \" style=\"padding-top:101.78571%\"><img width=\"224\" height=\"228\" src=\"https:\/\/www.lesrencontreseconomiques.fr\/wp-content\/uploads\/2020\/12\/photo_sakina-menaa-668x679-1-224x228.jpg\" class=\"attachment-small size-small\" alt=\"\" loading=\"lazy\" \/><\/div>\n<\/p><\/div>\n<div class=\"description cp-texte\" data-aos=\"fade-up\" data-aos-anchor-placement=\"top-bottom\" data-aos-offset=\"200\">\n<div class=\"description cp-texte aos-init aos-animate\" data-aos=\"fade-up\" data-aos-anchor-placement=\"top-bottom\" data-aos-offset=\"200\">\n<h3>Sakina MENAA<\/h3>\n<p>25 ans, Universit\u00e9 Paris I \u2013 Panth\u00e9on Sorbonne, \u00ab Le t\u00e9moignage d\u2019Atlantis : entre dystopie et proph\u00e9tie. \u00bb<\/p>\n<p>Il s\u2019agit d\u2019un message adress\u00e9 \u00e0 l\u2019humanit\u00e9 par une intelligence artificielle, missionn\u00e9e en 2025 pour agir face aux d\u00e9r\u00e8glements du monde et qui s\u2019est retrouv\u00e9e contrainte de quitter la Terre apr\u00e8s avoir failli \u00e0 sa mission<\/p>\n<\/div><\/div>\n<\/p><\/div>\n<\/div>\n<div class=\"-wrapper -846 -mt-90 -mb-90\">\n<div class=\"cp-cta-image-texte\">\n<div class=\"media \" data-aos=\"fade-right\" data-aos-anchor-placement=\"top-bottom\" data-aos-offset=\"200\">\n<div class=\"image -walc \" style=\"padding-top:100%\"><img width=\"224\" height=\"224\" src=\"https:\/\/www.lesrencontreseconomiques.fr\/wp-content\/uploads\/2020\/12\/photo_nathan-klotz-668x668-1-224x224.jpg\" class=\"attachment-small size-small\" alt=\"\" loading=\"lazy\" \/><\/div>\n<\/p><\/div>\n<div class=\"description cp-texte\" data-aos=\"fade-up\" data-aos-anchor-placement=\"top-bottom\" data-aos-offset=\"200\">\n<div class=\"description cp-texte aos-init aos-animate\" data-aos=\"fade-up\" data-aos-anchor-placement=\"top-bottom\" data-aos-offset=\"200\">\n<h3>Nathan KLOTZ &#8211; Mention sp\u00e9ciale du Jury<\/h3>\n<p>19 ans, \u00e9tudiant en Pharmacie, Universit\u00e9 de Strasbourg, \u00ab Serment d\u2019Hypocondriaque \u00bb<\/p>\n<p>\u00ab Le docteur Purgon est un m\u00e9decin d\u00e9sabus\u00e9 de province, us\u00e9 par la pression, la fatigue et le path\u00e9tique de son quotidien. La visite surr\u00e9aliste d\u2019un dernier patient aux urgences de l\u2019h\u00f4pital Saint-Tuberculeux va le r\u00e9v\u00e9ler. La France se plaint de \u00ab\u00a0d\u00e9r\u00e8glement\u00a0\u00bb. Une mutation s\u2019op\u00e8re, il abandonne alors Hypocrate et son serment pour devenir un v\u00e9ritable anti-h\u00e9ros de la m\u00e9decine, r\u00e9\u00e9crivant les codes de la consultation. Pensant moins \u00e0 l\u2019interlocuteur qu\u2019\u00e0 son propre raisonnement, il se lance dans une logorrh\u00e9e th\u00e9\u00e2trale en 6 sc\u00e8nes. 6 sc\u00e8nes de n\u00e9vrose et narcissisme, dans lesquelles les grands axes de notre soci\u00e9t\u00e9 sont mis \u00e0 nu sous son oeil chang\u00e9, l\u2019oeil d\u2019un hypocondriaque. \u00bb<\/p>\n<\/div><\/div>\n<\/p><\/div>\n<\/div>\n<div class=\"-wrapper -846 -is-hr -mt-90 -mb-90\">\n<hr>\n<\/div>\n<div class=\"cp-section-header -wrapper -846 -mt-90\">\n<h2 class=\"cp-titre-2 -section\">L&#8217;\u00e9dition 2020 en images<\/h2>\n<\/div>\n<div class=\"-wrapper -846 -mb-90\">\n<div class=\"cp-photo-grid -photoswipe\">\n<p>\t\t<a href=\"https:\/\/www.lesrencontreseconomiques.fr\/wp-content\/uploads\/2020\/12\/aad_3368.jpg\" target=\"_blank\" data-width=\"1600\" data-height=\"1067\" rel=\"noopener noreferrer\"><br \/>\n\t\t\t<img class=\"lazy\" data-src=\"https:\/\/www.lesrencontreseconomiques.fr\/wp-content\/uploads\/2020\/12\/aad_3368-490x327.jpg\" width=\"490\" height=\"327\" alt=\"\"><br \/>\n\t\t<\/a><\/p>\n<p>\t\t<a href=\"https:\/\/www.lesrencontreseconomiques.fr\/wp-content\/uploads\/2020\/12\/img_0990.jpg\" target=\"_blank\" data-width=\"1600\" data-height=\"1067\" rel=\"noopener noreferrer\"><br \/>\n\t\t\t<img class=\"lazy\" data-src=\"https:\/\/www.lesrencontreseconomiques.fr\/wp-content\/uploads\/2020\/12\/img_0990-490x327.jpg\" width=\"490\" height=\"327\" alt=\"\"><br \/>\n\t\t<\/a><\/p>\n<p>\t\t<a href=\"https:\/\/www.lesrencontreseconomiques.fr\/wp-content\/uploads\/2020\/12\/img_1630.jpg\" target=\"_blank\" data-width=\"1600\" data-height=\"1067\" rel=\"noopener noreferrer\"><br \/>\n\t\t\t<img class=\"lazy\" data-src=\"https:\/\/www.lesrencontreseconomiques.fr\/wp-content\/uploads\/2020\/12\/img_1630-490x327.jpg\" width=\"490\" height=\"327\" alt=\"\"><br \/>\n\t\t<\/a><\/p>\n<p>\t\t<a href=\"https:\/\/www.lesrencontreseconomiques.fr\/wp-content\/uploads\/2020\/12\/img_0708.jpg\" target=\"_blank\" data-width=\"1600\" data-height=\"1067\" rel=\"noopener noreferrer\"><br \/>\n\t\t\t<img class=\"lazy\" data-src=\"https:\/\/www.lesrencontreseconomiques.fr\/wp-content\/uploads\/2020\/12\/img_0708-490x327.jpg\" width=\"490\" height=\"327\" alt=\"\"><br \/>\n\t\t<\/a><\/p>\n<p>\t\t<a href=\"https:\/\/www.lesrencontreseconomiques.fr\/wp-content\/uploads\/2020\/12\/img_0769.jpg\" target=\"_blank\" data-width=\"1600\" data-height=\"1067\" rel=\"noopener noreferrer\"><br \/>\n\t\t\t<img class=\"lazy\" data-src=\"https:\/\/www.lesrencontreseconomiques.fr\/wp-content\/uploads\/2020\/12\/img_0769-490x327.jpg\" width=\"490\" height=\"327\" alt=\"\"><br \/>\n\t\t<\/a><\/p>\n<p>\t\t<a href=\"https:\/\/www.lesrencontreseconomiques.fr\/wp-content\/uploads\/2020\/12\/aad_3425.jpg\" target=\"_blank\" data-width=\"1600\" data-height=\"1067\" rel=\"noopener noreferrer\"><br \/>\n\t\t\t<img class=\"lazy\" data-src=\"https:\/\/www.lesrencontreseconomiques.fr\/wp-content\/uploads\/2020\/12\/aad_3425-490x327.jpg\" width=\"490\" height=\"327\" alt=\"\"><br \/>\n\t\t<\/a><\/p><\/div>\n<\/div>\n<div class=\"-wrapper -846 -mt-90 -mb-90\">\n<div class=\"cp-intro -texte\">\n<div class=\"description\">\n<div class=\"cp-texte\">\n\t\t\t\t<iframe loading=\"lazy\" width=\"560\" height=\"315\" src=\"https:\/\/www.youtube.com\/embed\/2Do7ukzzigA\" frameborder=\"0\" allow=\"accelerometer; autoplay; clipboard-write; encrypted-media; gyroscope; picture-in-picture\" allowfullscreen><\/iframe>\t\t\t<\/div>\n<\/p><\/div>\n<\/p><\/div>\n<\/div>\n<div class=\"-wrapper -668 -mt-90 -mb-90\">\n<div class=\"cp-intro -texte\">\n<div class=\"description\">\n<div class=\"cp-texte\">\n<p style=\"text-align: center;\"><a class=\"cp-cta-bouton\" href=\"https:\/\/www.lesrencontreseconomiques.fr\/2020\/la-parole-aux-18-28\/\" target=\"_blank\" rel=\"noopener noreferrer\">Acc\u00e9der au site de l&rsquo;\u00e9dition 2020<\/a><\/p>\n<\/p><\/div>\n<\/p><\/div>\n<\/p><\/div>\n<\/p><\/div>\n","protected":false},"excerpt":{"rendered":"<p>Quatre laur\u00e9ats et une mention sp\u00e9ciale ! Le Jury pr\u00e9sid\u00e9 par \u00c9tienne Klein, Directeur de Recherches au CEA, a retenu quatre laur\u00e9ats ex-aequo \u00e0 la suite d\u2019une d\u00e9lib\u00e9ration anim\u00e9e face \u00e0 la grande qualit\u00e9 des contributions re\u00e7ues. Rapha\u00ebl GRANDEAU 26 ans, Air Liquide, \u00ab Voyage \u00e0 trois escales \u00bb Pour \u00e9chapper au tumulte ambiant, je [&hellip;]<\/p>\n","protected":false},"author":2,"featured_media":0,"parent":14,"menu_order":0,"comment_status":"closed","ping_status":"closed","template":"","meta":[],"yoast_head":"<!-- This site is optimized with the Yoast SEO plugin v17.2 - https:\/\/yoast.com\/wordpress\/plugins\/seo\/ -->\n<meta name=\"robots\" content=\"index, follow, max-snippet:-1, max-image-preview:large, max-video-preview:-1\" \/>\n<link rel=\"canonical\" href=\"https:\/\/www.lesrencontreseconomiques.fr\/en\/la-parole-aux-18-28\/edition-2020\/\" \/>\n<meta property=\"og:locale\" content=\"en_US\" \/>\n<meta property=\"og:type\" content=\"article\" \/>\n<meta property=\"og:title\" content=\"Retour sur l&#039;\u00e9dition 2020 - Les Rencontres \u00c9conomiques\" \/>\n<meta property=\"og:description\" content=\"Quatre laur\u00e9ats et une mention sp\u00e9ciale ! Le Jury pr\u00e9sid\u00e9 par \u00c9tienne Klein, Directeur de Recherches au CEA, a retenu quatre laur\u00e9ats ex-aequo \u00e0 la suite d\u2019une d\u00e9lib\u00e9ration anim\u00e9e face \u00e0 la grande qualit\u00e9 des contributions re\u00e7ues. Rapha\u00ebl GRANDEAU 26 ans, Air Liquide, \u00ab Voyage \u00e0 trois escales \u00bb Pour \u00e9chapper au tumulte ambiant, je [&hellip;]\" \/>\n<meta property=\"og:url\" content=\"https:\/\/www.lesrencontreseconomiques.fr\/en\/la-parole-aux-18-28\/edition-2020\/\" \/>\n<meta property=\"og:site_name\" content=\"Les Rencontres \u00c9conomiques\" \/>\n<meta property=\"article:publisher\" content=\"https:\/\/www.facebook.com\/Le.Cercle.des.Economistes\/\" \/>\n<meta property=\"og:image\" content=\"https:\/\/www.lesrencontreseconomiques.fr\/wp-content\/uploads\/2021\/06\/olivier-lenel.png\" \/>\n<meta name=\"twitter:card\" content=\"summary_large_image\" \/>\n<meta name=\"twitter:image\" content=\"https:\/\/www.lesrencontreseconomiques.fr\/wp-content\/uploads\/2021\/06\/olivier-lenel.png\" \/>\n<meta name=\"twitter:site\" content=\"@Cercle_eco\" \/>\n<meta name=\"twitter:label1\" content=\"Est. reading time\" \/>\n\t<meta name=\"twitter:data1\" content=\"2 minutes\" \/>\n<script type=\"application\/ld+json\" class=\"yoast-schema-graph\">{\"@context\":\"https:\/\/schema.org\",\"@graph\":[{\"@type\":\"WebSite\",\"@id\":\"https:\/\/www.lesrencontreseconomiques.fr\/#website\",\"url\":\"https:\/\/www.lesrencontreseconomiques.fr\/\",\"name\":\"Les Rencontres \\u00c9conomiques\",\"description\":\"\",\"potentialAction\":[{\"@type\":\"SearchAction\",\"target\":{\"@type\":\"EntryPoint\",\"urlTemplate\":\"https:\/\/www.lesrencontreseconomiques.fr\/?s={search_term_string}\"},\"query-input\":\"required name=search_term_string\"}],\"inLanguage\":\"en-US\"},{\"@type\":\"ImageObject\",\"@id\":\"https:\/\/www.lesrencontreseconomiques.fr\/en\/la-parole-aux-18-28\/edition-2020\/#primaryimage\",\"inLanguage\":\"en-US\",\"url\":\"https:\/\/www.lesrencontreseconomiques.fr\/wp-content\/uploads\/2020\/12\/grandeau_1080x1080-668x668-1.png\",\"contentUrl\":\"https:\/\/www.lesrencontreseconomiques.fr\/wp-content\/uploads\/2020\/12\/grandeau_1080x1080-668x668-1.png\",\"width\":668,\"height\":668},{\"@type\":\"WebPage\",\"@id\":\"https:\/\/www.lesrencontreseconomiques.fr\/en\/la-parole-aux-18-28\/edition-2020\/#webpage\",\"url\":\"https:\/\/www.lesrencontreseconomiques.fr\/en\/la-parole-aux-18-28\/edition-2020\/\",\"name\":\"Retour sur l'\\u00e9dition 2020 - Les Rencontres \\u00c9conomiques\",\"isPartOf\":{\"@id\":\"https:\/\/www.lesrencontreseconomiques.fr\/#website\"},\"primaryImageOfPage\":{\"@id\":\"https:\/\/www.lesrencontreseconomiques.fr\/en\/la-parole-aux-18-28\/edition-2020\/#primaryimage\"},\"datePublished\":\"2020-12-02T12:04:58+00:00\",\"dateModified\":\"2020-12-02T12:04:58+00:00\",\"breadcrumb\":{\"@id\":\"https:\/\/www.lesrencontreseconomiques.fr\/en\/la-parole-aux-18-28\/edition-2020\/#breadcrumb\"},\"inLanguage\":\"en-US\",\"potentialAction\":[{\"@type\":\"ReadAction\",\"target\":[\"https:\/\/www.lesrencontreseconomiques.fr\/en\/la-parole-aux-18-28\/edition-2020\/\"]}]},{\"@type\":\"BreadcrumbList\",\"@id\":\"https:\/\/www.lesrencontreseconomiques.fr\/en\/la-parole-aux-18-28\/edition-2020\/#breadcrumb\",\"itemListElement\":[{\"@type\":\"ListItem\",\"position\":1,\"name\":\"Home\",\"item\":\"https:\/\/www.lesrencontreseconomiques.fr\/en\/\"},{\"@type\":\"ListItem\",\"position\":2,\"name\":\"La Parole aux 18-28\",\"item\":\"https:\/\/www.lesrencontreseconomiques.fr\/en\/la-parole-aux-18-28\/\"},{\"@type\":\"ListItem\",\"position\":3,\"name\":\"Retour sur l&rsquo;\\u00e9dition 2020\"}]}]}<\/script>\n<!-- \/ Yoast SEO plugin. -->","yoast_head_json":{"robots":{"index":"index","follow":"follow","max-snippet":"max-snippet:-1","max-image-preview":"max-image-preview:large","max-video-preview":"max-video-preview:-1"},"canonical":"https:\/\/www.lesrencontreseconomiques.fr\/en\/la-parole-aux-18-28\/edition-2020\/","og_locale":"en_US","og_type":"article","og_title":"Retour sur l'\u00e9dition 2020 - Les Rencontres \u00c9conomiques","og_description":"Quatre laur\u00e9ats et une mention sp\u00e9ciale ! Le Jury pr\u00e9sid\u00e9 par \u00c9tienne Klein, Directeur de Recherches au CEA, a retenu quatre laur\u00e9ats ex-aequo \u00e0 la suite d\u2019une d\u00e9lib\u00e9ration anim\u00e9e face \u00e0 la grande qualit\u00e9 des contributions re\u00e7ues. Rapha\u00ebl GRANDEAU 26 ans, Air Liquide, \u00ab Voyage \u00e0 trois escales \u00bb Pour \u00e9chapper au tumulte ambiant, je [&hellip;]","og_url":"https:\/\/www.lesrencontreseconomiques.fr\/en\/la-parole-aux-18-28\/edition-2020\/","og_site_name":"Les Rencontres \u00c9conomiques","article_publisher":"https:\/\/www.facebook.com\/Le.Cercle.des.Economistes\/","og_image":[{"url":"https:\/\/www.lesrencontreseconomiques.fr\/wp-content\/uploads\/2021\/06\/olivier-lenel.png"}],"twitter_card":"summary_large_image","twitter_image":"https:\/\/www.lesrencontreseconomiques.fr\/wp-content\/uploads\/2021\/06\/olivier-lenel.png","twitter_site":"@Cercle_eco","twitter_misc":{"Est. reading time":"2 minutes"},"schema":{"@context":"https:\/\/schema.org","@graph":[{"@type":"WebSite","@id":"https:\/\/www.lesrencontreseconomiques.fr\/#website","url":"https:\/\/www.lesrencontreseconomiques.fr\/","name":"Les Rencontres \u00c9conomiques","description":"","potentialAction":[{"@type":"SearchAction","target":{"@type":"EntryPoint","urlTemplate":"https:\/\/www.lesrencontreseconomiques.fr\/?s={search_term_string}"},"query-input":"required name=search_term_string"}],"inLanguage":"en-US"},{"@type":"ImageObject","@id":"https:\/\/www.lesrencontreseconomiques.fr\/en\/la-parole-aux-18-28\/edition-2020\/#primaryimage","inLanguage":"en-US","url":"https:\/\/www.lesrencontreseconomiques.fr\/wp-content\/uploads\/2020\/12\/grandeau_1080x1080-668x668-1.png","contentUrl":"https:\/\/www.lesrencontreseconomiques.fr\/wp-content\/uploads\/2020\/12\/grandeau_1080x1080-668x668-1.png","width":668,"height":668},{"@type":"WebPage","@id":"https:\/\/www.lesrencontreseconomiques.fr\/en\/la-parole-aux-18-28\/edition-2020\/#webpage","url":"https:\/\/www.lesrencontreseconomiques.fr\/en\/la-parole-aux-18-28\/edition-2020\/","name":"Retour sur l'\u00e9dition 2020 - Les Rencontres \u00c9conomiques","isPartOf":{"@id":"https:\/\/www.lesrencontreseconomiques.fr\/#website"},"primaryImageOfPage":{"@id":"https:\/\/www.lesrencontreseconomiques.fr\/en\/la-parole-aux-18-28\/edition-2020\/#primaryimage"},"datePublished":"2020-12-02T12:04:58+00:00","dateModified":"2020-12-02T12:04:58+00:00","breadcrumb":{"@id":"https:\/\/www.lesrencontreseconomiques.fr\/en\/la-parole-aux-18-28\/edition-2020\/#breadcrumb"},"inLanguage":"en-US","potentialAction":[{"@type":"ReadAction","target":["https:\/\/www.lesrencontreseconomiques.fr\/en\/la-parole-aux-18-28\/edition-2020\/"]}]},{"@type":"BreadcrumbList","@id":"https:\/\/www.lesrencontreseconomiques.fr\/en\/la-parole-aux-18-28\/edition-2020\/#breadcrumb","itemListElement":[{"@type":"ListItem","position":1,"name":"Home","item":"https:\/\/www.lesrencontreseconomiques.fr\/en\/"},{"@type":"ListItem","position":2,"name":"La Parole aux 18-28","item":"https:\/\/www.lesrencontreseconomiques.fr\/en\/la-parole-aux-18-28\/"},{"@type":"ListItem","position":3,"name":"Retour sur l&rsquo;\u00e9dition 2020"}]}]}},"_links":{"self":[{"href":"https:\/\/www.lesrencontreseconomiques.fr\/en\/wp-json\/wp\/v2\/pages\/1589"}],"collection":[{"href":"https:\/\/www.lesrencontreseconomiques.fr\/en\/wp-json\/wp\/v2\/pages"}],"about":[{"href":"https:\/\/www.lesrencontreseconomiques.fr\/en\/wp-json\/wp\/v2\/types\/page"}],"author":[{"embeddable":true,"href":"https:\/\/www.lesrencontreseconomiques.fr\/en\/wp-json\/wp\/v2\/users\/2"}],"replies":[{"embeddable":true,"href":"https:\/\/www.lesrencontreseconomiques.fr\/en\/wp-json\/wp\/v2\/comments?post=1589"}],"version-history":[{"count":0,"href":"https:\/\/www.lesrencontreseconomiques.fr\/en\/wp-json\/wp\/v2\/pages\/1589\/revisions"}],"up":[{"embeddable":true,"href":"https:\/\/www.lesrencontreseconomiques.fr\/en\/wp-json\/wp\/v2\/pages\/14"}],"wp:attachment":[{"href":"https:\/\/www.lesrencontreseconomiques.fr\/en\/wp-json\/wp\/v2\/media?parent=1589"}],"curies":[{"name":"wp","href":"https:\/\/api.w.org\/{rel}","templated":true}]}}