{"id":14,"date":"2021-03-05T17:51:56","date_gmt":"2021-03-05T16:51:56","guid":{"rendered":"https:\/\/www.lesrencontreseconomiques.fr\/?page_id=14"},"modified":"2021-05-27T16:51:29","modified_gmt":"2021-05-27T14:51:29","slug":"la-parole-aux-18-28","status":"publish","type":"page","link":"https:\/\/www.lesrencontreseconomiques.fr\/en\/la-parole-aux-18-28\/","title":{"rendered":"La Parole aux 18-28"},"content":{"rendered":"<div class=\"-wrapper -668 -mt-90 -mb-90\">\n<div class=\"cp-intro -texte\">\n<div class=\"description\">\n<div class=\"cp-texte\">\n<h2>Three winners of the Prize La Parole aux 18-28!<\/h2>\n<p>To win one of the \u00ab\u00a0La Parole aux 18-28\u00a0\u00bb prizes, each endowed with \u20ac1,000, we asked the young people selected to write a contribution on the theme \u00ab\u00a0Resisting today to invent tomorrow\u00a0\u00bb. Three winners were chosen by the jury.<\/p>\n<p>&nbsp;<\/p>\n<p><a class=\"cp-cta-bouton\" href=\"https:\/\/www.lesrencontreseconomiques.fr\/en\/la-parole-aux-18-28\/results\/\">Meet the winners<\/a><\/p>\n<\/p><\/div>\n<\/p><\/div>\n<\/p><\/div>\n<\/p><\/div>\n<div class=\"-wrapper -668 -is-hr -mt-90 -mb-90\">\n<hr>\n<\/div>\n<div class=\"-wrapper -668 -mt-90 -mb-90\">\n<div class=\"cp-intro -texte\">\n<div class=\"description\">\n<div class=\"cp-texte\">\n<h2>About<\/h2>\n<p>Launched by Le Cercle des \u00e9conomistes as part of the Rencontres \u00c9conomiques d&rsquo;Aix-en-Provence, in partnership with France Culture, the aim of the \u00ab\u00a0La Parole aux 18-28\u00a0\u00bb programme is to give the new generation the opportunity to make their voices heard and to take part in the public economic debate.<\/p>\n<p>For this 2021 edition, Le Cercle des \u00e9conomistes has selected 120 young people aged from 18 to 28, students and young professionals, from all over France and from all walks of life, who will participate in the Rencontres Economiques on July 2, 3, and 4. Among them, 68 candidates participated in the \u00ab\u00a0La Parole aux 18-28&Prime; prize by writing a contribution on the theme \u00a0\u00bb Resisting today to invent tomorrow \u00ab\u00a0. The 68 contributions will be published, on the occasion of the next Rencontres Economiques d&rsquo;Aix-en-Provence, in a book published by Nathan.<\/p>\n<p>Do you have any questions? Feel free to write to paroleaux18-28@cercledeseconomistes.fr<\/p>\n<\/p><\/div>\n<\/p><\/div>\n<\/p><\/div>\n<\/p><\/div>\n<div class=\"-wrapper -1024 -is-hr -mt-90 -mb-90\">\n<hr>\n<\/div>\n<div class=\"cp-section-header -wrapper -846 -mt-90\">\n<h2 class=\"cp-titre-2 -section\" data-aos=\"fade-right\" data-aos-anchor-placement=\"top-bottom\" data-aos-offset=\"200\">The jury<\/h2>\n<\/div>\n<div class=\"-wrapper -846 -mb-90\">\n<div class=\"cp-remontee-intervenants -grille-multi -grille-row -alternate\">\n<div class=\"intervenants\" data-reaix-uid-1>\n<div class=\"contenu\" data-aos=\"fade-up\" data-aos-anchor-placement=\"top-bottom\" data-aos-offset=\"200\" data-aos-anchor=\"[data-reaix-uid-1]\">\n<div class=\"fonction\">President<\/div>\n<div class=\"media\">\n<div class=\"image -walc \" style=\"padding-top:129.46429%\"><img width=\"224\" height=\"290\" src=\"https:\/\/www.lesrencontreseconomiques.fr\/wp-content\/uploads\/2021\/02\/etienneklein-225x300-1-224x290.jpg\" class=\"attachment-small_portrait_crop size-small_portrait_crop\" alt=\"\" loading=\"lazy\" \/><\/div>\n<\/p><\/div>\n<div class=\"description\">\n\t\t\t\t\t\t<span class=\"nom\">Etienne Klein<\/span><\/p>\n<div class=\"titre\">Physicist, CEA Research Director and Doctor of Philosophy of Science<\/div>\n<\/p><\/div>\n<\/p><\/div>\n<div class=\"contenu\" data-aos=\"fade-up\" data-aos-anchor-placement=\"top-bottom\" data-aos-offset=\"200\" data-aos-delay=\"100\" data-aos-anchor=\"[data-reaix-uid-1]\">\n<div class=\"fonction\"><\/div>\n<div class=\"media\">\n<div class=\"image -walc \" style=\"padding-top:129.46429%\"><img width=\"224\" height=\"290\" src=\"https:\/\/www.lesrencontreseconomiques.fr\/wp-content\/uploads\/2021\/02\/agnesaudier-225x300-1-224x290.jpg\" class=\"attachment-small_portrait_crop size-small_portrait_crop\" alt=\"\" loading=\"lazy\" \/><\/div>\n<\/p><\/div>\n<div class=\"description\">\n\t\t\t\t\t\t<span class=\"nom\">Agn\u00e8s Audier<\/span><\/p>\n<div class=\"titre\">Senior Advisor, BCG<\/div>\n<\/p><\/div>\n<\/p><\/div>\n<div class=\"contenu\" data-aos=\"fade-up\" data-aos-anchor-placement=\"top-bottom\" data-aos-offset=\"200\" data-aos-delay=\"200\" data-aos-anchor=\"[data-reaix-uid-1]\">\n<div class=\"fonction\"><\/div>\n<div class=\"media\">\n<div class=\"image -walc \" style=\"padding-top:129.46429%\"><img width=\"224\" height=\"290\" src=\"https:\/\/www.lesrencontreseconomiques.fr\/wp-content\/uploads\/2021\/02\/francoisebenhamou-225x300-1-224x290.jpg\" class=\"attachment-small_portrait_crop size-small_portrait_crop\" alt=\"\" loading=\"lazy\" \/><\/div>\n<\/p><\/div>\n<div class=\"description\">\n\t\t\t\t\t\t<span class=\"nom\">Fran\u00e7oise Benhamou<\/span><\/p>\n<div class=\"titre\">Cercle des \u00e9conomistes<\/div>\n<\/p><\/div>\n<\/p><\/div>\n<div class=\"contenu\" data-aos=\"fade-up\" data-aos-anchor-placement=\"top-bottom\" data-aos-offset=\"200\" data-aos-delay=\"300\" data-aos-anchor=\"[data-reaix-uid-1]\">\n<div class=\"fonction\"><\/div>\n<div class=\"media\">\n<div class=\"image -walc \" style=\"padding-top:129.46429%\"><img width=\"224\" height=\"290\" src=\"https:\/\/www.lesrencontreseconomiques.fr\/wp-content\/uploads\/2021\/02\/jbiotjury-224x290.jpg\" class=\"attachment-small_portrait_crop size-small_portrait_crop\" alt=\"\" loading=\"lazy\" \/><\/div>\n<\/p><\/div>\n<div class=\"description\">\n\t\t\t\t\t\t<span class=\"nom\">Jacques Biot<\/span><\/p>\n<div class=\"titre\">Former President of the \u00c9cole polytechnique<\/div>\n<\/p><\/div>\n<\/p><\/div>\n<div class=\"contenu\" data-aos=\"fade-up\" data-aos-anchor-placement=\"top-bottom\" data-aos-offset=\"200\" data-aos-delay=\"400\" data-aos-anchor=\"[data-reaix-uid-1]\">\n<div class=\"fonction\"><\/div>\n<div class=\"media\">\n<div class=\"image -walc \" style=\"padding-top:129.46429%\"><img width=\"224\" height=\"290\" src=\"https:\/\/www.lesrencontreseconomiques.fr\/wp-content\/uploads\/2021\/02\/patricegeoffron-225x300-1-224x290.jpg\" class=\"attachment-small_portrait_crop size-small_portrait_crop\" alt=\"\" loading=\"lazy\" \/><\/div>\n<\/p><\/div>\n<div class=\"description\">\n\t\t\t\t\t\t<span class=\"nom\">Patrice Geoffron<\/span><\/p>\n<div class=\"titre\">Cercle des \u00e9conomistes<\/div>\n<\/p><\/div>\n<\/p><\/div>\n<div class=\"contenu\" data-aos=\"fade-up\" data-aos-anchor-placement=\"top-bottom\" data-aos-offset=\"200\" data-aos-delay=\"500\" data-aos-anchor=\"[data-reaix-uid-1]\">\n<div class=\"fonction\"><\/div>\n<div class=\"media\">\n<div class=\"image -walc \" style=\"padding-top:129.46429%\"><img width=\"224\" height=\"290\" src=\"https:\/\/www.lesrencontreseconomiques.fr\/wp-content\/uploads\/2021\/02\/sylviekauffmann-225x300-1-224x290.jpg\" class=\"attachment-small_portrait_crop size-small_portrait_crop\" alt=\"\" loading=\"lazy\" \/><\/div>\n<\/p><\/div>\n<div class=\"description\">\n\t\t\t\t\t\t<span class=\"nom\">Sylvie Kauffmann<\/span><\/p>\n<div class=\"titre\">Editorial Director, Le Monde<\/div>\n<\/p><\/div>\n<\/p><\/div>\n<div class=\"contenu\" data-aos=\"fade-up\" data-aos-anchor-placement=\"top-bottom\" data-aos-offset=\"200\" data-aos-delay=\"600\" data-aos-anchor=\"[data-reaix-uid-1]\">\n<div class=\"fonction\"><\/div>\n<div class=\"media\">\n<div class=\"image -walc \" style=\"padding-top:129.46429%\"><img width=\"224\" height=\"290\" src=\"https:\/\/www.lesrencontreseconomiques.fr\/wp-content\/uploads\/2021\/02\/annelaurejumet-224x343-1-224x290.png\" class=\"attachment-small_portrait_crop size-small_portrait_crop\" alt=\"\" loading=\"lazy\" \/><\/div>\n<\/p><\/div>\n<div class=\"description\">\n\t\t\t\t\t\t<span class=\"nom\">Anne-Laure Jumet<\/span><\/p>\n<div class=\"titre\">Head of Economic and Social Department, France Culture<\/div>\n<\/p><\/div>\n<\/p><\/div>\n<div class=\"contenu\" data-aos=\"fade-up\" data-aos-anchor-placement=\"top-bottom\" data-aos-offset=\"200\" data-aos-delay=\"700\" data-aos-anchor=\"[data-reaix-uid-1]\">\n<div class=\"fonction\"><\/div>\n<div class=\"media\">\n<div class=\"image -walc \" style=\"padding-top:129.46429%\"><img width=\"224\" height=\"290\" src=\"https:\/\/www.lesrencontreseconomiques.fr\/wp-content\/uploads\/2021\/02\/ericmolinie-224x336-1-224x290.png\" class=\"attachment-small_portrait_crop size-small_portrait_crop\" alt=\"\" loading=\"lazy\" \/><\/div>\n<\/p><\/div>\n<div class=\"description\">\n\t\t\t\t\t\t<span class=\"nom\">Eric Molini\u00e9<\/span><\/p>\n<div class=\"titre\">General Secretary, Dalkia<\/div>\n<\/p><\/div>\n<\/p><\/div>\n<div class=\"contenu\" data-aos=\"fade-up\" data-aos-anchor-placement=\"top-bottom\" data-aos-offset=\"200\" data-aos-delay=\"800\" data-aos-anchor=\"[data-reaix-uid-1]\">\n<div class=\"fonction\"><\/div>\n<div class=\"media\">\n<div class=\"image -walc \" style=\"padding-top:129.46429%\"><img width=\"224\" height=\"290\" src=\"https:\/\/www.lesrencontreseconomiques.fr\/wp-content\/uploads\/2021\/02\/brunoraffaelli-224x334-1-224x290.png\" class=\"attachment-small_portrait_crop size-small_portrait_crop\" alt=\"\" loading=\"lazy\" \/><\/div>\n<\/p><\/div>\n<div class=\"description\">\n\t\t\t\t\t\t<span class=\"nom\">Bruno Raffaelli<\/span><\/p>\n<div class=\"titre\">from the Com\u00e9die-Fran\u00e7aise<\/div>\n<\/p><\/div>\n<\/p><\/div>\n<\/p><\/div>\n<\/p><\/div>\n<\/div>\n<div class=\"-wrapper -1024 -is-hr -mt-90 -mb-90\">\n<hr>\n<\/div>\n<div class=\"-wrapper -846 -mt-90 -mb-90\">\n<div class=\"cp-cta-focus\" data-reaix-uid-2>\n<div class=\"photo\" data-aos=\"fade-up\" data-aos-anchor-placement=\"top-bottom\" data-aos-offset=\"200\" data-aos-delay=\"2\">\n<div class=\"image -walc \" style=\"padding-top:66.61677%\"><img width=\"668\" height=\"445\" src=\"https:\/\/www.lesrencontreseconomiques.fr\/wp-content\/uploads\/2020\/12\/visuel_lp_laureats-668x445.png\" class=\"attachment-large_landscape_crop size-large_landscape_crop\" alt=\"\" loading=\"lazy\" \/><\/div>\n<\/p><\/div>\n<div class=\"description cp-texte\" data-aos=\"fade-up\" data-aos-anchor-placement=\"top-bottom\" data-aos-offset=\"200\" data-aos-delay=\"300\" data-aos-anchor=\"[data-reaix-uid-2]\">\n<h2>Throwback to the 2020 edition<\/h2>\n<p>Meet the 4 winners rewarded for their contribution on the theme \u00ab\u00a0Dealing with world&rsquo;s disorders\u00a0\u00bb and discover the photos of the event.<\/p>\n<p>&nbsp;<\/p>\n<p><a class=\"cp-cta-bouton\" href=\"https:\/\/www.lesrencontreseconomiques.fr\/2020\/en\/la-parole-aux-18-28\/\" target=\"_blank\" rel=\"noopener\">Find out more<\/a><\/p>\n<\/p><\/div>\n<\/p><\/div>\n<\/div>\n<div class=\"-wrapper -1024 -is-hr -mt-90 -mb-90\">\n<hr>\n<\/div>\n<div class=\"-wrapper -1024 -mt-90 -mb-90\">\n<div class=\"cp-partenaires-v2\" data-reaix-uid-3>\n<div class=\"en-tete\">\n<h2 class=\"cp-titre-2\" data-aos=\"fade-right\" data-aos-anchor-placement=\"top-bottom\" data-aos-offset=\"200\" data-aos-anchor=\"[data-reaix-uid-3]\">Partners<\/h2>\n<p>\t\t\t\t\t\t\t<a href=\"https:\/\/www.lesrencontreseconomiques.fr\/en\/la-parole-aux-18-28\/partners\/\"  class=\"cp-cta-plus -rouge\" data-aos=\"fade-right\" data-aos-anchor-placement=\"top-bottom\" data-aos-offset=\"200\" data-aos-delay=\"200\" data-aos-anchor=\"[data-reaix-uid-3]\"><br \/>\n\t\t\t\t\t<span>All the partners<\/span><br \/>\n\t\t\t\t<\/a>\n\t\t\t\t\t<\/div>\n<div class=\"logos-wrap\" data-aos=\"fade-up\" data-aos-anchor-placement=\"top-bottom\" data-aos-offset=\"200\" data-aos-delay=\"600\" data-aos-anchor=\"[data-reaix-uid-3]\">\n<ul class=\"logos\">\n<li>\n\t\t\t\t\t<a href=\"https:\/\/www.univ-amu.fr\/\" target=\"_blank\" rel=\"noopener\"><br \/>\n\t\t\t\t\t\t<img width=\"250\" height=\"125\" src=\"https:\/\/www.lesrencontreseconomiques.fr\/wp-content\/uploads\/2021\/04\/1200px-aix-marseille_universite_logo.svg_-250x125.png\" class=\"attachment-partner-small size-partner-small\" alt=\"Aix-Marseille Universit\u00e9\" loading=\"lazy\" title=\"Aix-Marseille Universit\u00e9\" \/>\t\t\t\t\t<\/a>\n\t\t\t\t<\/li>\n<li>\n\t\t\t\t\t<a href=\"https:\/\/fede-ares.org\/\" target=\"_blank\" rel=\"noopener\"><br \/>\n\t\t\t\t\t\t<img width=\"148\" height=\"93\" src=\"https:\/\/www.lesrencontreseconomiques.fr\/wp-content\/uploads\/2021\/03\/ares-site.png\" class=\"attachment-partner-small size-partner-small\" alt=\"ARES\" loading=\"lazy\" title=\"ARES\" \/>\t\t\t\t\t<\/a>\n\t\t\t\t<\/li>\n<li>\n\t\t\t\t\t<a href=\"https:\/\/www.bpifrance.fr\/\" target=\"_blank\" rel=\"noopener\"><br \/>\n\t\t\t\t\t\t<img width=\"148\" height=\"93\" src=\"https:\/\/www.lesrencontreseconomiques.fr\/wp-content\/uploads\/2021\/04\/logo-bpi.png\" class=\"attachment-partner-small size-partner-small\" alt=\"Bpifrance\" loading=\"lazy\" title=\"Bpifrance\" \/>\t\t\t\t\t<\/a>\n\t\t\t\t<\/li>\n<li>\n\t\t\t\t\t<a href=\"http:\/\/www.cdefi.fr\/\" target=\"_blank\" rel=\"noopener\"><br \/>\n\t\t\t\t\t\t<img width=\"148\" height=\"93\" src=\"https:\/\/www.lesrencontreseconomiques.fr\/wp-content\/uploads\/2021\/03\/3.png\" class=\"attachment-partner-small size-partner-small\" alt=\"Conf\u00e9rence des Directeurs des Ecoles Fran\u00e7aises d&#039;ing\u00e9nieurs\" loading=\"lazy\" title=\"Conf\u00e9rence des Directeurs des Ecoles Fran\u00e7aises d&#039;ing\u00e9nieurs\" \/>\t\t\t\t\t<\/a>\n\t\t\t\t<\/li>\n<li>\n\t\t\t\t\t<a href=\"https:\/\/www.cge.asso.fr\/\" target=\"_blank\" rel=\"noopener\"><br \/>\n\t\t\t\t\t\t<img width=\"148\" height=\"93\" src=\"https:\/\/www.lesrencontreseconomiques.fr\/wp-content\/uploads\/2021\/03\/2.png\" class=\"attachment-partner-small size-partner-small\" alt=\"Conf\u00e9rence des Grandes Ecoles\" loading=\"lazy\" title=\"Conf\u00e9rence des Grandes Ecoles\" \/>\t\t\t\t\t<\/a>\n\t\t\t\t<\/li>\n<li>\n\t\t\t\t\t<a href=\"http:\/\/www.cpu.fr\/\" target=\"_blank\" rel=\"noopener\"><br \/>\n\t\t\t\t\t\t<img width=\"148\" height=\"93\" src=\"https:\/\/www.lesrencontreseconomiques.fr\/wp-content\/uploads\/2021\/03\/1.png\" class=\"attachment-partner-small size-partner-small\" alt=\"Conf\u00e9rence des Pr\u00e9sidents d&#039;Universit\u00e9\" loading=\"lazy\" title=\"Conf\u00e9rence des Pr\u00e9sidents d&#039;Universit\u00e9\" \/>\t\t\t\t\t<\/a>\n\t\t\t\t<\/li>\n<li>\n\t\t\t\t\t<a href=\"https:\/\/festival-aix.com\/fr\" target=\"_blank\" rel=\"noopener\"><br \/>\n\t\t\t\t\t\t<img width=\"148\" height=\"93\" src=\"https:\/\/www.lesrencontreseconomiques.fr\/wp-content\/uploads\/2021\/04\/logo-festival-aix.png\" class=\"attachment-partner-small size-partner-small\" alt=\"Festival d&#039;Aix-en-Provence\" loading=\"lazy\" title=\"Festival d&#039;Aix-en-Provence\" \/>\t\t\t\t\t<\/a>\n\t\t\t\t<\/li>\n<li>\n\t\t\t\t\t<a href=\"https:\/\/www.franceculture.fr\/\" target=\"_blank\" rel=\"noopener\"><br \/>\n\t\t\t\t\t\t<img width=\"148\" height=\"93\" src=\"https:\/\/www.lesrencontreseconomiques.fr\/wp-content\/uploads\/2021\/04\/logo-franceculture.png\" class=\"attachment-partner-small size-partner-small\" alt=\"France Culture\" loading=\"lazy\" title=\"France Culture\" \/>\t\t\t\t\t<\/a>\n\t\t\t\t<\/li>\n<li>\n\t\t\t\t\t<a href=\"https:\/\/www.aixenprovence.fr\/\" target=\"_blank\" rel=\"noopener\"><br \/>\n\t\t\t\t\t\t<img width=\"148\" height=\"93\" src=\"https:\/\/www.lesrencontreseconomiques.fr\/wp-content\/uploads\/2021\/04\/logo-ville-aix.png\" class=\"attachment-partner-small size-partner-small\" alt=\"Mairie d&#039;Aix-en-Provence\" loading=\"lazy\" title=\"Mairie d&#039;Aix-en-Provence\" \/>\t\t\t\t\t<\/a>\n\t\t\t\t<\/li>\n<li>\n\t\t\t\t\t<a href=\"https:\/\/www.enseignementsup-recherche.gouv.fr\/\" target=\"_blank\" rel=\"noopener\"><br \/>\n\t\t\t\t\t\t<img width=\"148\" height=\"93\" src=\"https:\/\/www.lesrencontreseconomiques.fr\/wp-content\/uploads\/2021\/04\/logo-meri.png\" class=\"attachment-partner-small size-partner-small\" alt=\"Minist\u00e8re de l&#039;Enseignement sup\u00e9rieur, de la Recherche et de l&#039;Innovation\" loading=\"lazy\" title=\"Minist\u00e8re de l&#039;Enseignement sup\u00e9rieur, de la Recherche et de l&#039;Innovation\" \/>\t\t\t\t\t<\/a>\n\t\t\t\t<\/li>\n<li>\n\t\t\t\t\t<a href=\"https:\/\/editions.nathan.fr\/\" target=\"_blank\" rel=\"noopener\"><br \/>\n\t\t\t\t\t\t<img width=\"148\" height=\"93\" src=\"https:\/\/www.lesrencontreseconomiques.fr\/wp-content\/uploads\/2021\/03\/4.png\" class=\"attachment-partner-small size-partner-small\" alt=\"Nathan\" loading=\"lazy\" title=\"Nathan\" \/>\t\t\t\t\t<\/a>\n\t\t\t\t<\/li>\n<li>\n\t\t\t\t\t<a href=\"https:\/\/www.etudiant.gouv.fr\/fr\/les-crous-1984\" target=\"_blank\" rel=\"noopener\"><br \/>\n\t\t\t\t\t\t<img width=\"148\" height=\"93\" src=\"https:\/\/www.lesrencontreseconomiques.fr\/wp-content\/uploads\/2021\/04\/logo-crous.png\" class=\"attachment-partner-small size-partner-small\" alt=\"Les Crous\" loading=\"lazy\" title=\"Les Crous\" \/>\t\t\t\t\t<\/a>\n\t\t\t\t<\/li>\n<li>\n\t\t\t\t\t<a href=\"https:\/\/www.spencerstuart.com\/\" target=\"_blank\" rel=\"noopener\"><br \/>\n\t\t\t\t\t\t<img width=\"148\" height=\"93\" src=\"https:\/\/www.lesrencontreseconomiques.fr\/wp-content\/uploads\/2021\/04\/logo-spencerstuart.png\" class=\"attachment-partner-small size-partner-small\" alt=\"SpencerStuart\" loading=\"lazy\" title=\"SpencerStuart\" \/>\t\t\t\t\t<\/a>\n\t\t\t\t<\/li>\n<\/ul><\/div>\n<\/p><\/div>\n<\/div>\n","protected":false},"excerpt":{"rendered":"<p>Three winners of the Prize La Parole aux 18-28! To win one of the \u00ab\u00a0La Parole aux 18-28\u00a0\u00bb prizes, each endowed with \u20ac1,000, we asked the young people selected to write a contribution on the theme \u00ab\u00a0Resisting today to invent tomorrow\u00a0\u00bb. Three winners were chosen by the jury. &nbsp; Meet the winners About Launched by [&hellip;]<\/p>\n","protected":false},"author":1,"featured_media":0,"parent":0,"menu_order":0,"comment_status":"closed","ping_status":"closed","template":"","meta":[],"yoast_head":"<!-- This site is optimized with the Yoast SEO plugin v17.2 - https:\/\/yoast.com\/wordpress\/plugins\/seo\/ -->\n<meta name=\"robots\" content=\"index, follow, max-snippet:-1, max-image-preview:large, max-video-preview:-1\" \/>\n<link rel=\"canonical\" href=\"https:\/\/www.lesrencontreseconomiques.fr\/en\/la-parole-aux-18-28\/\" \/>\n<meta property=\"og:locale\" content=\"en_US\" \/>\n<meta property=\"og:type\" content=\"article\" \/>\n<meta property=\"og:title\" content=\"La Parole aux 18-28 - Les Rencontres \u00c9conomiques\" \/>\n<meta property=\"og:description\" content=\"Three winners of the Prize La Parole aux 18-28! To win one of the \u00ab\u00a0La Parole aux 18-28\u00a0\u00bb prizes, each endowed with \u20ac1,000, we asked the young people selected to write a contribution on the theme \u00ab\u00a0Resisting today to invent tomorrow\u00a0\u00bb. Three winners were chosen by the jury. &nbsp; Meet the winners About Launched by [&hellip;]\" \/>\n<meta property=\"og:url\" content=\"https:\/\/www.lesrencontreseconomiques.fr\/en\/la-parole-aux-18-28\/\" \/>\n<meta property=\"og:site_name\" content=\"Les Rencontres \u00c9conomiques\" \/>\n<meta property=\"article:publisher\" content=\"https:\/\/www.facebook.com\/Le.Cercle.des.Economistes\/\" \/>\n<meta property=\"article:modified_time\" content=\"2021-05-27T14:51:29+00:00\" \/>\n<meta property=\"og:image\" content=\"https:\/\/www.lesrencontreseconomiques.fr\/wp-content\/uploads\/2021\/06\/olivier-lenel.png\" \/>\n<meta name=\"twitter:card\" content=\"summary_large_image\" \/>\n<meta name=\"twitter:image\" content=\"https:\/\/www.lesrencontreseconomiques.fr\/wp-content\/uploads\/2021\/06\/olivier-lenel.png\" \/>\n<meta name=\"twitter:site\" content=\"@Cercle_eco\" \/>\n<meta name=\"twitter:label1\" content=\"Est. reading time\" \/>\n\t<meta name=\"twitter:data1\" content=\"2 minutes\" \/>\n<script type=\"application\/ld+json\" class=\"yoast-schema-graph\">{\"@context\":\"https:\/\/schema.org\",\"@graph\":[{\"@type\":\"WebSite\",\"@id\":\"https:\/\/www.lesrencontreseconomiques.fr\/#website\",\"url\":\"https:\/\/www.lesrencontreseconomiques.fr\/\",\"name\":\"Les Rencontres \\u00c9conomiques\",\"description\":\"\",\"potentialAction\":[{\"@type\":\"SearchAction\",\"target\":{\"@type\":\"EntryPoint\",\"urlTemplate\":\"https:\/\/www.lesrencontreseconomiques.fr\/?s={search_term_string}\"},\"query-input\":\"required name=search_term_string\"}],\"inLanguage\":\"en-US\"},{\"@type\":\"ImageObject\",\"@id\":\"https:\/\/www.lesrencontreseconomiques.fr\/en\/la-parole-aux-18-28\/#primaryimage\",\"inLanguage\":\"en-US\",\"url\":\"https:\/\/www.lesrencontreseconomiques.fr\/wp-content\/uploads\/2021\/02\/etienneklein-225x300-1.jpg\",\"contentUrl\":\"https:\/\/www.lesrencontreseconomiques.fr\/wp-content\/uploads\/2021\/02\/etienneklein-225x300-1.jpg\",\"width\":225,\"height\":300},{\"@type\":\"WebPage\",\"@id\":\"https:\/\/www.lesrencontreseconomiques.fr\/en\/la-parole-aux-18-28\/#webpage\",\"url\":\"https:\/\/www.lesrencontreseconomiques.fr\/en\/la-parole-aux-18-28\/\",\"name\":\"La Parole aux 18-28 - Les Rencontres \\u00c9conomiques\",\"isPartOf\":{\"@id\":\"https:\/\/www.lesrencontreseconomiques.fr\/#website\"},\"primaryImageOfPage\":{\"@id\":\"https:\/\/www.lesrencontreseconomiques.fr\/en\/la-parole-aux-18-28\/#primaryimage\"},\"datePublished\":\"2021-03-05T16:51:56+00:00\",\"dateModified\":\"2021-05-27T14:51:29+00:00\",\"breadcrumb\":{\"@id\":\"https:\/\/www.lesrencontreseconomiques.fr\/en\/la-parole-aux-18-28\/#breadcrumb\"},\"inLanguage\":\"en-US\",\"potentialAction\":[{\"@type\":\"ReadAction\",\"target\":[\"https:\/\/www.lesrencontreseconomiques.fr\/en\/la-parole-aux-18-28\/\"]}]},{\"@type\":\"BreadcrumbList\",\"@id\":\"https:\/\/www.lesrencontreseconomiques.fr\/en\/la-parole-aux-18-28\/#breadcrumb\",\"itemListElement\":[{\"@type\":\"ListItem\",\"position\":1,\"name\":\"Home\",\"item\":\"https:\/\/www.lesrencontreseconomiques.fr\/en\/\"},{\"@type\":\"ListItem\",\"position\":2,\"name\":\"La Parole aux 18-28\"}]}]}<\/script>\n<!-- \/ Yoast SEO plugin. -->","yoast_head_json":{"robots":{"index":"index","follow":"follow","max-snippet":"max-snippet:-1","max-image-preview":"max-image-preview:large","max-video-preview":"max-video-preview:-1"},"canonical":"https:\/\/www.lesrencontreseconomiques.fr\/en\/la-parole-aux-18-28\/","og_locale":"en_US","og_type":"article","og_title":"La Parole aux 18-28 - Les Rencontres \u00c9conomiques","og_description":"Three winners of the Prize La Parole aux 18-28! To win one of the \u00ab\u00a0La Parole aux 18-28\u00a0\u00bb prizes, each endowed with \u20ac1,000, we asked the young people selected to write a contribution on the theme \u00ab\u00a0Resisting today to invent tomorrow\u00a0\u00bb. Three winners were chosen by the jury. &nbsp; Meet the winners About Launched by [&hellip;]","og_url":"https:\/\/www.lesrencontreseconomiques.fr\/en\/la-parole-aux-18-28\/","og_site_name":"Les Rencontres \u00c9conomiques","article_publisher":"https:\/\/www.facebook.com\/Le.Cercle.des.Economistes\/","article_modified_time":"2021-05-27T14:51:29+00:00","og_image":[{"url":"https:\/\/www.lesrencontreseconomiques.fr\/wp-content\/uploads\/2021\/06\/olivier-lenel.png"}],"twitter_card":"summary_large_image","twitter_image":"https:\/\/www.lesrencontreseconomiques.fr\/wp-content\/uploads\/2021\/06\/olivier-lenel.png","twitter_site":"@Cercle_eco","twitter_misc":{"Est. reading time":"2 minutes"},"schema":{"@context":"https:\/\/schema.org","@graph":[{"@type":"WebSite","@id":"https:\/\/www.lesrencontreseconomiques.fr\/#website","url":"https:\/\/www.lesrencontreseconomiques.fr\/","name":"Les Rencontres \u00c9conomiques","description":"","potentialAction":[{"@type":"SearchAction","target":{"@type":"EntryPoint","urlTemplate":"https:\/\/www.lesrencontreseconomiques.fr\/?s={search_term_string}"},"query-input":"required name=search_term_string"}],"inLanguage":"en-US"},{"@type":"ImageObject","@id":"https:\/\/www.lesrencontreseconomiques.fr\/en\/la-parole-aux-18-28\/#primaryimage","inLanguage":"en-US","url":"https:\/\/www.lesrencontreseconomiques.fr\/wp-content\/uploads\/2021\/02\/etienneklein-225x300-1.jpg","contentUrl":"https:\/\/www.lesrencontreseconomiques.fr\/wp-content\/uploads\/2021\/02\/etienneklein-225x300-1.jpg","width":225,"height":300},{"@type":"WebPage","@id":"https:\/\/www.lesrencontreseconomiques.fr\/en\/la-parole-aux-18-28\/#webpage","url":"https:\/\/www.lesrencontreseconomiques.fr\/en\/la-parole-aux-18-28\/","name":"La Parole aux 18-28 - Les Rencontres \u00c9conomiques","isPartOf":{"@id":"https:\/\/www.lesrencontreseconomiques.fr\/#website"},"primaryImageOfPage":{"@id":"https:\/\/www.lesrencontreseconomiques.fr\/en\/la-parole-aux-18-28\/#primaryimage"},"datePublished":"2021-03-05T16:51:56+00:00","dateModified":"2021-05-27T14:51:29+00:00","breadcrumb":{"@id":"https:\/\/www.lesrencontreseconomiques.fr\/en\/la-parole-aux-18-28\/#breadcrumb"},"inLanguage":"en-US","potentialAction":[{"@type":"ReadAction","target":["https:\/\/www.lesrencontreseconomiques.fr\/en\/la-parole-aux-18-28\/"]}]},{"@type":"BreadcrumbList","@id":"https:\/\/www.lesrencontreseconomiques.fr\/en\/la-parole-aux-18-28\/#breadcrumb","itemListElement":[{"@type":"ListItem","position":1,"name":"Home","item":"https:\/\/www.lesrencontreseconomiques.fr\/en\/"},{"@type":"ListItem","position":2,"name":"La Parole aux 18-28"}]}]}},"_links":{"self":[{"href":"https:\/\/www.lesrencontreseconomiques.fr\/en\/wp-json\/wp\/v2\/pages\/14"}],"collection":[{"href":"https:\/\/www.lesrencontreseconomiques.fr\/en\/wp-json\/wp\/v2\/pages"}],"about":[{"href":"https:\/\/www.lesrencontreseconomiques.fr\/en\/wp-json\/wp\/v2\/types\/page"}],"author":[{"embeddable":true,"href":"https:\/\/www.lesrencontreseconomiques.fr\/en\/wp-json\/wp\/v2\/users\/1"}],"replies":[{"embeddable":true,"href":"https:\/\/www.lesrencontreseconomiques.fr\/en\/wp-json\/wp\/v2\/comments?post=14"}],"version-history":[{"count":0,"href":"https:\/\/www.lesrencontreseconomiques.fr\/en\/wp-json\/wp\/v2\/pages\/14\/revisions"}],"wp:attachment":[{"href":"https:\/\/www.lesrencontreseconomiques.fr\/en\/wp-json\/wp\/v2\/media?parent=14"}],"curies":[{"name":"wp","href":"https:\/\/api.w.org\/{rel}","templated":true}]}}